{"id":9185,"date":"2022-06-18T11:11:10","date_gmt":"2022-06-18T11:11:10","guid":{"rendered":"https:\/\/glacierjourney.is\/?page_id=9185"},"modified":"2022-12-05T09:44:46","modified_gmt":"2022-12-05T09:44:46","slug":"privatjeep","status":"publish","type":"page","link":"https:\/\/glacierjourney.is\/sv\/varaturer\/privatjeep\/","title":{"rendered":""},"content":{"rendered":"<div class=\"wpb-content-wrapper\">[mk_page_section bg_image=&#8221;http:\/\/glacierjourney.is\/wp-content\/uploads\/2015\/07\/header-glacierjourney.jpg&#8221; attachment=&#8221;fixed&#8221; bg_position=&#8221;center top&#8221; bg_repeat=&#8221;no-repeat&#8221; bg_stretch=&#8221;true&#8221; enable_3d=&#8221;true&#8221; bg_gradient=&#8221;vertical&#8221; video_color_mask=&#8221;#1e73be&#8221; gr_end=&#8221;#28b7ff&#8221; video_opacity=&#8221;0.5&#8243; min_height=&#8221;300&#8243; full_width=&#8221;true&#8221; padding_top=&#8221;0&#8243; first_page=&#8221;true&#8221; last_page=&#8221;false&#8221; sidebar=&#8221;sidebar-1&#8243;][vc_column][mk_padding_divider size=&#8221;100&#8243;][mk_fancy_title color=&#8221;#ffffff&#8221; size=&#8221;40&#8243; font_weight=&#8221;900&#8243; letter_spacing=&#8221;4&#8243; margin_bottom=&#8221;18&#8243; font_family=&#8221;none&#8221; align=&#8221;center&#8221; animation=&#8221;fade-in&#8221;]PRIVAT TUR I EN OMBYGGD JEEP[\/mk_fancy_title][mk_padding_divider][\/vc_column][\/mk_page_section][mk_page_section first_page=&#8221;false&#8221; last_page=&#8221;false&#8221; sidebar=&#8221;sidebar-1&#8243;][vc_column width=&#8221;1\/2&#8243;][vc_empty_space height=&#8221;44px&#8221;][mk_ornamental_title text_color=&#8221;#1e73be&#8221; font_family=&#8221;Rubik&#8221; font_type=&#8221;google&#8221; font_size=&#8221;24&#8243; ornament_style=&#8221;lemo-single&#8221; nss_align=&#8221;center&#8221; ornament_color=&#8221;#006794&#8243; ornament_thickness=&#8221;3&#8243;]Endast fantasin s\u00e4tter gr\u00e4nser[\/mk_ornamental_title][vc_empty_space height=&#8221;44px&#8221;][vc_empty_space height=&#8221;44px&#8221;][vc_column_text css=&#8221;.vc_custom_1655550244010{margin-bottom: 0px !important;}&#8221;]<em><span style=\"font-weight: 400;\">Iisland, landet av eld och is, \u00e4r ett av v\u00e4rldens vackraste l\u00e4nder.<br \/>\nMed sin otroliga natur och sina charmiga och historiska platser, kommer ditt st\u00f6rsta problem vara vad du ska bes\u00f6ka h\u00e4rn\u00e4st.<br \/>\nGenom att ta en privat tur med en av v\u00e5ra lokala guider, kommer du att kunna bes\u00f6ka och uppleva platser som du inte vill g\u00e5 miste om i Vatnaj\u00f6kullsregionen.<br \/>\n<\/span><\/em><\/p>\n<p><span style=\"font-weight: 400;\">Skapa ditt egna isl\u00e4ndska \u00e4ventyr, skr\u00e4ddarsytt f\u00f6r dig. V\u00e5ra guider kommer att rekommendera stopp baserat p\u00e5 dina preferenser och kommer att guidea dig igenom landets ber\u00f6mda folksagor och myter<\/span><\/p>\n<p><span style=\"font-weight: 400;\">N\u00e4r du v\u00e4ljer en personlig tur med oss kommer fokuset att vara p\u00e5 en avkopplande upplevelse medan vi bes\u00f6ker v\u00e5ra favoritplatser i regionen och bockar av det du alltid velat se.<br \/>\nVi ser till att din tur med oss blir s\u00e5 minnesv\u00e4rd och stressfri som den kan bli.<\/span><\/p>\n<p><span style=\"font-weight: 400;\">Den h\u00e4r turen \u00e4r perfekt f\u00f6r den som vill uppleva lite av varje. Fakta om Vatnaj\u00f6kullsregionen, vackra landskap, \u00e4ventyr , sightseeing, smaka av den lokala maten, h\u00f6ra historier och bes\u00f6ka sp\u00e4nnande platser.<\/span><\/p>\n<p><span style=\"font-weight: 400;\">Att p\u00e5st\u00e5 att vi \u00e4lskar det vi g\u00f6r vore en underskattning. Om det finns en speciell plats du vill bes\u00f6ka eller en upplevelse som du vill uppleva, \u00e4r vi flexibla och redo att ge dig en tur som du alltid kommer att b\u00e4ra med dig.<\/span>[\/vc_column_text][vc_empty_space height=&#8221;20px&#8221;][vc_empty_space height=&#8221;20px&#8221;][vc_empty_space height=&#8221;44px&#8221;][\/vc_column][vc_column width=&#8221;1\/2&#8243;][vc_empty_space height=&#8221;44px&#8221;][mk_ornamental_title text_color=&#8221;#1e73be&#8221; font_family=&#8221;Rubik&#8221; font_type=&#8221;google&#8221; font_size=&#8221;24&#8243; ornament_style=&#8221;lemo-single&#8221; nss_align=&#8221;center&#8221; ornament_color=&#8221;#006794&#8243; ornament_thickness=&#8221;3&#8243;]Mer information[\/mk_ornamental_title][vc_empty_space height=&#8221;44px&#8221;][mk_fancy_title color=&#8221;#1e73be&#8221; size=&#8221;24&#8243; margin_top=&#8221;20&#8243; margin_bottom=&#8221;0&#8243; font_family=&#8221;Rubik&#8221; font_type=&#8221;google&#8221;]<img loading=\"lazy\" decoding=\"async\" class=\"\" src=\"https:\/\/glacierjourney.is\/wp-content\/uploads\/2022\/02\/logi-1.png\" width=\"43\" height=\"21\" \/>N\u00e4r[\/mk_fancy_title][vc_column_text css=&#8221;.vc_custom_1655550341191{margin-bottom: 0px !important;}&#8221;]\n<p style=\"color: #1e73be;\">Den h\u00e4r turen \u00e4r tillg\u00e4nglig mellan maj och september.<\/p>\n[\/vc_column_text][mk_fancy_title color=&#8221;#1e73be&#8221; size=&#8221;24&#8243; margin_top=&#8221;20&#8243; margin_bottom=&#8221;0&#8243; font_family=&#8221;Rubik&#8221; font_type=&#8221;google&#8221;]<img loading=\"lazy\" decoding=\"async\" class=\"\" src=\"https:\/\/glacierjourney.is\/wp-content\/uploads\/2022\/02\/logi-1.png\" width=\"43\" height=\"21\" \/>Varaktighet[\/mk_fancy_title][vc_column_text css=&#8221;.vc_custom_1655550378600{margin-bottom: 0px !important;}&#8221;]\n<p style=\"color: #1e73be;\">En tur tar cirka 3 timmar<\/p>\n[\/vc_column_text][mk_fancy_title color=&#8221;#1e73be&#8221; size=&#8221;24&#8243; margin_top=&#8221;20&#8243; margin_bottom=&#8221;0&#8243; font_family=&#8221;Rubik&#8221; font_type=&#8221;google&#8221;]<img loading=\"lazy\" decoding=\"async\" class=\"\" src=\"https:\/\/glacierjourney.is\/wp-content\/uploads\/2022\/02\/logi-1.png\" width=\"43\" height=\"21\" \/>Inkluderat i f\u00e4rden[\/mk_fancy_title][vc_column_text css=&#8221;.vc_custom_1655550445526{margin-bottom: 0px !important;}&#8221;]\n<p style=\"color: #1e73be;\">Guidad tur<br \/>\nLokala snacks<br \/>\nAlkoholfria drycker och vatten<br \/>\nFullt av sp\u00e4nning<\/p>\n[\/vc_column_text][mk_fancy_title color=&#8221;#1e73be&#8221; size=&#8221;24&#8243; margin_top=&#8221;20&#8243; margin_bottom=&#8221;0&#8243; font_family=&#8221;Rubik&#8221; font_type=&#8221;google&#8221;]<img loading=\"lazy\" decoding=\"async\" class=\"\" src=\"https:\/\/glacierjourney.is\/wp-content\/uploads\/2022\/02\/logi-1.png\" width=\"43\" height=\"21\" \/>M\u00f6tesplats[\/mk_fancy_title][vc_column_text css=&#8221;.vc_custom_1670233484169{margin-bottom: 0px !important;}&#8221;]\n<p style=\"color: #1e73be;\">Vi tr\u00e4ffas vid base camp som ligger vid Hotell Smyrlabj\u00f6rg.<br \/>\nSmyrlabj\u00f6rg ligger 46 km v\u00e4ster om H\u00f6fn och 34km \u00f6ster om J\u00f6kuls\u00e1rl\u00f3n \u2013 Glacier Lagoon.<br \/>\nGPS koordinater 64.2173538,-15.7195644<\/p>\n[\/vc_column_text][mk_fancy_title color=&#8221;#1e73be&#8221; size=&#8221;24&#8243; margin_top=&#8221;20&#8243; margin_bottom=&#8221;0&#8243; font_family=&#8221;Rubik&#8221; font_type=&#8221;google&#8221;]<img loading=\"lazy\" decoding=\"async\" class=\"\" src=\"https:\/\/glacierjourney.is\/wp-content\/uploads\/2022\/02\/logi-1.png\" width=\"43\" height=\"21\" \/>Pris[\/mk_fancy_title][vc_column_text css=&#8221;.vc_custom_1655550574551{margin-bottom: 0px !important;}&#8221;]\n<p style=\"color: #1e73be;\">Priset f\u00f6r den h\u00e4r turen \u00e4r fr\u00e5n ISK 290 000<\/p>\n[\/vc_column_text][mk_fancy_title color=&#8221;#1e73be&#8221; size=&#8221;24&#8243; margin_top=&#8221;20&#8243; margin_bottom=&#8221;0&#8243; font_family=&#8221;Rubik&#8221; font_type=&#8221;google&#8221;]<img loading=\"lazy\" decoding=\"async\" class=\"\" src=\"https:\/\/glacierjourney.is\/wp-content\/uploads\/2022\/02\/logi-1.png\" width=\"43\" height=\"21\" \/>Hur bokar jag?[\/mk_fancy_title][vc_column_text css=&#8221;.vc_custom_1655550612649{margin-bottom: 0px !important;}&#8221;]\n<p style=\"color: #1e73be;\">F\u00f6r mer information eller f\u00f6r att boka, skicka ett mail till <a href=\"mailto:info@glacierjourney.is\">info@glacierjourney.is<\/a><\/p>\n[\/vc_column_text][vc_empty_space height=&#8221;44px&#8221;][vc_empty_space height=&#8221;44px&#8221;][\/vc_column][\/mk_page_section][vc_row][vc_column][mk_ornamental_title text_color=&#8221;#1e73be&#8221; font_family=&#8221;Permanent+Marker&#8221; font_type=&#8221;google&#8221; font_size=&#8221;30&#8243; ornament_style=&#8221;norman-single&#8221; ornament_color=&#8221;#006794&#8243; ornament_thickness=&#8221;3&#8243;]SUMMER LOCATION | BASE CAMP[\/mk_ornamental_title][mk_fancy_title size=&#8221;20&#8243; font_family=&#8221;Rubik&#8221; font_type=&#8221;google&#8221; align=&#8221;center&#8221;]Hotel Smyrlabj\u00f6rg | Gps: 64.2173538, -15.7195644[\/mk_fancy_title][mk_advanced_gmaps custom_markers=&#8221;true&#8221; latitude=&#8221;64.2173538&#8243; longitude=&#8221;-15.7195644&#8243; address=&#8221;Hotel Smyrlabj\u00f6rg&#8221; custom_marker_1=&#8221;https:\/\/glacierjourney.is\/wp-content\/uploads\/2021\/11\/logo-map.png&#8221; content_font_color=&#8221;#ffffff&#8221; height=&#8221;450&#8243; map_zoom=&#8221;10&#8243; modify_coloring=&#8221;true&#8221; hue=&#8221;#25beed&#8221;][vc_empty_space][\/vc_column][\/vc_row][mk_page_section bg_color=&#8221;#f9f9f9&#8243; sidebar=&#8221;sidebar-1&#8243;][vc_column][vc_empty_space height=&#8221;20px&#8221;][mk_ornamental_title text_color=&#8221;#1e73be&#8221; font_family=&#8221;Permanent+Marker&#8221; font_type=&#8221;google&#8221; font_size=&#8221;30&#8243; ornament_style=&#8221;norman-single&#8221; ornament_color=&#8221;#006794&#8243; ornament_thickness=&#8221;3&#8243;]DISCLAIMER[\/mk_ornamental_title][vc_empty_space height=&#8221;20px&#8221;][vc_column_text css=&#8221;.vc_custom_1655550646168{margin-bottom: 0px !important;}&#8221;]\n<ul>\n<li>I v\u00e5ra turer m\u00e5ste du ha bra friluftskl\u00e4der och vandringsk\u00e4ngor.<\/li>\n<li>Det \u00e4r n\u00f6dv\u00e4ndigt att ha en bra kondition f\u00f6r att kunna vara med i v\u00e5ra turer.<\/li>\n<li>Det \u00e4r kundens ansvar att informera v\u00e5ra guider om eventuella h\u00e4lsoproblem.<\/li>\n<li>Vi har en 48 timmars avbokningsplan. Om en avbokning g\u00f6rs 48 timmar eller tidigare innan avf\u00e4rd \u00e5terbetalas 90%. Ingen \u00e5terbetalning g\u00f6rs om avbokningen sker med mindre \u00e4n 48 timmar till avf\u00e4rd.<\/li>\n<li>Om turen \u00e4r inst\u00e4lld av Glacier Journey av n\u00e5gon anledning, s\u00e5 som p\u00e5 grund av v\u00e4der, f\u00e5r kunden full \u00e5terbetalning.<\/li>\n<li>Glacier Journey tar inte ansvar f\u00f6r olyckor som sker p\u00e5 grund av oaktsamhet fr\u00e5n kunden eller fr\u00e5n olyckor som kan sp\u00e5ras tillbaka till kundens egna handlingar.<\/li>\n<li>Alla v\u00e5ra turer sker p\u00e5 kundens eget ansvar.<\/li>\n<li>Glacier Journey kan inte garantera att det inte \u00e4r fler personer och\/eller grupper i samma omr\u00e5de samtidigt som vi.<\/li>\n<li>Minst tv\u00e5 deltagare \u00e4r n\u00f6dv\u00e4ndigt f\u00f6r att genomf\u00f6ra varje tur.<\/li>\n<\/ul>\n[\/vc_column_text][vc_empty_space height=&#8221;20px&#8221;][\/vc_column][\/mk_page_section][vc_row css=&#8221;.vc_custom_1453845821894{padding-top: 0px !important;padding-right: 0px !important;padding-bottom: 0px !important;padding-left: 0px !important;}&#8221;][vc_column][vc_empty_space height=&#8221;44px&#8221;][mk_gallery images=&#8221;7664,9180,8351,8233&#8243; column=&#8221;4&#8243; height=&#8221;300&#8243; hover_scenarios=&#8221;slow_zoom&#8221; item_id=&#8221;1436396936-559dad880c8f5&#8243;][\/vc_column][\/vc_row][mk_page_section bg_color=&#8221;#1e73be&#8221; first_page=&#8221;false&#8221; last_page=&#8221;false&#8221; sidebar=&#8221;sidebar-1&#8243;][vc_column][vc_empty_space height=&#8221;44px&#8221;][\/vc_column][\/mk_page_section]\n<\/div>","protected":false},"excerpt":{"rendered":"<p>[mk_page_section bg_image=&#8221;http:\/\/glacierjourney.is\/wp-content\/uploads\/2015\/07\/header-glacierjourney.jpg&#8221; attachment=&#8221;fixed&#8221; bg_position=&#8221;center top&#8221; bg_repeat=&#8221;no-repeat&#8221; bg_stretch=&#8221;true&#8221; enable_3d=&#8221;true&#8221; bg_gradient=&#8221;vertical&#8221; video_color_mask=&#8221;#1e73be&#8221; gr_end=&#8221;#28b7ff&#8221; video_opacity=&#8221;0.5&#8243; min_height=&#8221;300&#8243; full_width=&#8221;true&#8221; padding_top=&#8221;0&#8243; first_page=&#8221;true&#8221; last_page=&#8221;false&#8221; sidebar=&#8221;sidebar-1&#8243;][vc_column][mk_padding_divider size=&#8221;100&#8243;][mk_fancy_title color=&#8221;#ffffff&#8221; size=&#8221;40&#8243; font_weight=&#8221;900&#8243; letter_spacing=&#8221;4&#8243; margin_bottom=&#8221;18&#8243; font_family=&#8221;none&#8221; align=&#8221;center&#8221; animation=&#8221;fade-in&#8221;]PRIVAT TUR I EN OMBYGGD JEEP[\/mk_fancy_title][mk_padding_divider][\/vc_column][\/mk_page_section][mk_page_section first_page=&#8221;false&#8221; last_page=&#8221;false&#8221; sidebar=&#8221;sidebar-1&#8243;][vc_column width=&#8221;1\/2&#8243;][vc_empty_space height=&#8221;44px&#8221;][mk_ornamental_title text_color=&#8221;#1e73be&#8221; font_family=&#8221;Rubik&#8221; font_type=&#8221;google&#8221; font_size=&#8221;24&#8243; ornament_style=&#8221;lemo-single&#8221; nss_align=&#8221;center&#8221; ornament_color=&#8221;#006794&#8243; ornament_thickness=&#8221;3&#8243;]Endast fantasin s\u00e4tter gr\u00e4nser[\/mk_ornamental_title][vc_empty_space height=&#8221;44px&#8221;][vc_empty_space height=&#8221;44px&#8221;][vc_column_text css=&#8221;.vc_custom_1655550244010{margin-bottom: 0px !important;}&#8221;]Iisland, landet av [&hellip;]<\/p>\n","protected":false},"author":3,"featured_media":0,"parent":8273,"menu_order":0,"comment_status":"closed","ping_status":"closed","template":"","meta":{"_exactmetrics_skip_tracking":false,"_exactmetrics_sitenote_active":false,"_exactmetrics_sitenote_note":"","_exactmetrics_sitenote_category":0,"footnotes":""},"class_list":["post-9185","page","type-page","status-publish","hentry"],"yoast_head":"<!-- This site is optimized with the Yoast SEO plugin v26.8 - https:\/\/yoast.com\/product\/yoast-seo-wordpress\/ -->\n<title>- Glacier Journey<\/title>\n<meta name=\"robots\" content=\"index, follow, max-snippet:-1, max-image-preview:large, max-video-preview:-1\" \/>\n<link rel=\"canonical\" href=\"https:\/\/glacierjourney.is\/sv\/varaturer\/privatjeep\/\" \/>\n<meta property=\"og:locale\" content=\"sv_SE\" \/>\n<meta property=\"og:type\" content=\"article\" \/>\n<meta property=\"og:title\" content=\"- Glacier Journey\" \/>\n<meta property=\"og:description\" content=\"[mk_page_section bg_image=&#8221;http:\/\/glacierjourney.is\/wp-content\/uploads\/2015\/07\/header-glacierjourney.jpg&#8221; attachment=&#8221;fixed&#8221; bg_position=&#8221;center top&#8221; bg_repeat=&#8221;no-repeat&#8221; bg_stretch=&#8221;true&#8221; enable_3d=&#8221;true&#8221; bg_gradient=&#8221;vertical&#8221; video_color_mask=&#8221;#1e73be&#8221; gr_end=&#8221;#28b7ff&#8221; video_opacity=&#8221;0.5&#8243; min_height=&#8221;300&#8243; full_width=&#8221;true&#8221; padding_top=&#8221;0&#8243; first_page=&#8221;true&#8221; last_page=&#8221;false&#8221; sidebar=&#8221;sidebar-1&#8243;][vc_column][mk_padding_divider size=&#8221;100&#8243;][mk_fancy_title color=&#8221;#ffffff&#8221; size=&#8221;40&#8243; font_weight=&#8221;900&#8243; letter_spacing=&#8221;4&#8243; margin_bottom=&#8221;18&#8243; font_family=&#8221;none&#8221; align=&#8221;center&#8221; animation=&#8221;fade-in&#8221;]PRIVAT TUR I EN OMBYGGD JEEP[\/mk_fancy_title][mk_padding_divider][\/vc_column][\/mk_page_section][mk_page_section first_page=&#8221;false&#8221; last_page=&#8221;false&#8221; sidebar=&#8221;sidebar-1&#8243;][vc_column width=&#8221;1\/2&#8243;][vc_empty_space height=&#8221;44px&#8221;][mk_ornamental_title text_color=&#8221;#1e73be&#8221; font_family=&#8221;Rubik&#8221; font_type=&#8221;google&#8221; font_size=&#8221;24&#8243; ornament_style=&#8221;lemo-single&#8221; nss_align=&#8221;center&#8221; ornament_color=&#8221;#006794&#8243; ornament_thickness=&#8221;3&#8243;]Endast fantasin s\u00e4tter gr\u00e4nser[\/mk_ornamental_title][vc_empty_space height=&#8221;44px&#8221;][vc_empty_space height=&#8221;44px&#8221;][vc_column_text css=&#8221;.vc_custom_1655550244010{margin-bottom: 0px !important;}&#8221;]Iisland, landet av [&hellip;]\" \/>\n<meta property=\"og:url\" content=\"https:\/\/glacierjourney.is\/sv\/varaturer\/privatjeep\/\" \/>\n<meta property=\"og:site_name\" content=\"Glacier Journey\" \/>\n<meta property=\"article:modified_time\" content=\"2022-12-05T09:44:46+00:00\" \/>\n<meta property=\"og:image\" content=\"https:\/\/glacierjourney.is\/wp-content\/uploads\/2022\/02\/logi-1.png\" \/>\n<meta name=\"twitter:card\" content=\"summary_large_image\" \/>\n<meta name=\"twitter:label1\" content=\"Ber\u00e4knad l\u00e4stid\" \/>\n\t<meta name=\"twitter:data1\" content=\"5 minuter\" \/>\n<script type=\"application\/ld+json\" class=\"yoast-schema-graph\">{\"@context\":\"https:\/\/schema.org\",\"@graph\":[{\"@type\":\"WebPage\",\"@id\":\"https:\/\/glacierjourney.is\/sv\/varaturer\/privatjeep\/\",\"url\":\"https:\/\/glacierjourney.is\/sv\/varaturer\/privatjeep\/\",\"name\":\"- Glacier Journey\",\"isPartOf\":{\"@id\":\"https:\/\/glacierjourney.is\/#website\"},\"primaryImageOfPage\":{\"@id\":\"https:\/\/glacierjourney.is\/sv\/varaturer\/privatjeep\/#primaryimage\"},\"image\":{\"@id\":\"https:\/\/glacierjourney.is\/sv\/varaturer\/privatjeep\/#primaryimage\"},\"thumbnailUrl\":\"https:\/\/glacierjourney.is\/wp-content\/uploads\/2022\/02\/logi-1.png\",\"datePublished\":\"2022-06-18T11:11:10+00:00\",\"dateModified\":\"2022-12-05T09:44:46+00:00\",\"inLanguage\":\"sv-SE\",\"potentialAction\":[{\"@type\":\"ReadAction\",\"target\":[\"https:\/\/glacierjourney.is\/sv\/varaturer\/privatjeep\/\"]}]},{\"@type\":\"ImageObject\",\"inLanguage\":\"sv-SE\",\"@id\":\"https:\/\/glacierjourney.is\/sv\/varaturer\/privatjeep\/#primaryimage\",\"url\":\"https:\/\/glacierjourney.is\/wp-content\/uploads\/2022\/02\/logi-1.png\",\"contentUrl\":\"https:\/\/glacierjourney.is\/wp-content\/uploads\/2022\/02\/logi-1.png\"},{\"@type\":\"WebSite\",\"@id\":\"https:\/\/glacierjourney.is\/#website\",\"url\":\"https:\/\/glacierjourney.is\/\",\"name\":\"Glacier Journey\",\"description\":\"Take a journey with us into the vastness of Vatnaj\u00f6kull\",\"potentialAction\":[{\"@type\":\"SearchAction\",\"target\":{\"@type\":\"EntryPoint\",\"urlTemplate\":\"https:\/\/glacierjourney.is\/?s={search_term_string}\"},\"query-input\":{\"@type\":\"PropertyValueSpecification\",\"valueRequired\":true,\"valueName\":\"search_term_string\"}}],\"inLanguage\":\"sv-SE\"}]}<\/script>\n<!-- \/ Yoast SEO plugin. -->","yoast_head_json":{"title":"- Glacier Journey","robots":{"index":"index","follow":"follow","max-snippet":"max-snippet:-1","max-image-preview":"max-image-preview:large","max-video-preview":"max-video-preview:-1"},"canonical":"https:\/\/glacierjourney.is\/sv\/varaturer\/privatjeep\/","og_locale":"sv_SE","og_type":"article","og_title":"- Glacier Journey","og_description":"[mk_page_section bg_image=&#8221;http:\/\/glacierjourney.is\/wp-content\/uploads\/2015\/07\/header-glacierjourney.jpg&#8221; attachment=&#8221;fixed&#8221; bg_position=&#8221;center top&#8221; bg_repeat=&#8221;no-repeat&#8221; bg_stretch=&#8221;true&#8221; enable_3d=&#8221;true&#8221; bg_gradient=&#8221;vertical&#8221; video_color_mask=&#8221;#1e73be&#8221; gr_end=&#8221;#28b7ff&#8221; video_opacity=&#8221;0.5&#8243; min_height=&#8221;300&#8243; full_width=&#8221;true&#8221; padding_top=&#8221;0&#8243; first_page=&#8221;true&#8221; last_page=&#8221;false&#8221; sidebar=&#8221;sidebar-1&#8243;][vc_column][mk_padding_divider size=&#8221;100&#8243;][mk_fancy_title color=&#8221;#ffffff&#8221; size=&#8221;40&#8243; font_weight=&#8221;900&#8243; letter_spacing=&#8221;4&#8243; margin_bottom=&#8221;18&#8243; font_family=&#8221;none&#8221; align=&#8221;center&#8221; animation=&#8221;fade-in&#8221;]PRIVAT TUR I EN OMBYGGD JEEP[\/mk_fancy_title][mk_padding_divider][\/vc_column][\/mk_page_section][mk_page_section first_page=&#8221;false&#8221; last_page=&#8221;false&#8221; sidebar=&#8221;sidebar-1&#8243;][vc_column width=&#8221;1\/2&#8243;][vc_empty_space height=&#8221;44px&#8221;][mk_ornamental_title text_color=&#8221;#1e73be&#8221; font_family=&#8221;Rubik&#8221; font_type=&#8221;google&#8221; font_size=&#8221;24&#8243; ornament_style=&#8221;lemo-single&#8221; nss_align=&#8221;center&#8221; ornament_color=&#8221;#006794&#8243; ornament_thickness=&#8221;3&#8243;]Endast fantasin s\u00e4tter gr\u00e4nser[\/mk_ornamental_title][vc_empty_space height=&#8221;44px&#8221;][vc_empty_space height=&#8221;44px&#8221;][vc_column_text css=&#8221;.vc_custom_1655550244010{margin-bottom: 0px !important;}&#8221;]Iisland, landet av [&hellip;]","og_url":"https:\/\/glacierjourney.is\/sv\/varaturer\/privatjeep\/","og_site_name":"Glacier Journey","article_modified_time":"2022-12-05T09:44:46+00:00","og_image":[{"url":"https:\/\/glacierjourney.is\/wp-content\/uploads\/2022\/02\/logi-1.png","type":"","width":"","height":""}],"twitter_card":"summary_large_image","twitter_misc":{"Ber\u00e4knad l\u00e4stid":"5 minuter"},"schema":{"@context":"https:\/\/schema.org","@graph":[{"@type":"WebPage","@id":"https:\/\/glacierjourney.is\/sv\/varaturer\/privatjeep\/","url":"https:\/\/glacierjourney.is\/sv\/varaturer\/privatjeep\/","name":"- Glacier Journey","isPartOf":{"@id":"https:\/\/glacierjourney.is\/#website"},"primaryImageOfPage":{"@id":"https:\/\/glacierjourney.is\/sv\/varaturer\/privatjeep\/#primaryimage"},"image":{"@id":"https:\/\/glacierjourney.is\/sv\/varaturer\/privatjeep\/#primaryimage"},"thumbnailUrl":"https:\/\/glacierjourney.is\/wp-content\/uploads\/2022\/02\/logi-1.png","datePublished":"2022-06-18T11:11:10+00:00","dateModified":"2022-12-05T09:44:46+00:00","inLanguage":"sv-SE","potentialAction":[{"@type":"ReadAction","target":["https:\/\/glacierjourney.is\/sv\/varaturer\/privatjeep\/"]}]},{"@type":"ImageObject","inLanguage":"sv-SE","@id":"https:\/\/glacierjourney.is\/sv\/varaturer\/privatjeep\/#primaryimage","url":"https:\/\/glacierjourney.is\/wp-content\/uploads\/2022\/02\/logi-1.png","contentUrl":"https:\/\/glacierjourney.is\/wp-content\/uploads\/2022\/02\/logi-1.png"},{"@type":"WebSite","@id":"https:\/\/glacierjourney.is\/#website","url":"https:\/\/glacierjourney.is\/","name":"Glacier Journey","description":"Take a journey with us into the vastness of Vatnaj\u00f6kull","potentialAction":[{"@type":"SearchAction","target":{"@type":"EntryPoint","urlTemplate":"https:\/\/glacierjourney.is\/?s={search_term_string}"},"query-input":{"@type":"PropertyValueSpecification","valueRequired":true,"valueName":"search_term_string"}}],"inLanguage":"sv-SE"}]}},"_links":{"self":[{"href":"https:\/\/glacierjourney.is\/sv\/wp-json\/wp\/v2\/pages\/9185","targetHints":{"allow":["GET"]}}],"collection":[{"href":"https:\/\/glacierjourney.is\/sv\/wp-json\/wp\/v2\/pages"}],"about":[{"href":"https:\/\/glacierjourney.is\/sv\/wp-json\/wp\/v2\/types\/page"}],"author":[{"embeddable":true,"href":"https:\/\/glacierjourney.is\/sv\/wp-json\/wp\/v2\/users\/3"}],"replies":[{"embeddable":true,"href":"https:\/\/glacierjourney.is\/sv\/wp-json\/wp\/v2\/comments?post=9185"}],"version-history":[{"count":10,"href":"https:\/\/glacierjourney.is\/sv\/wp-json\/wp\/v2\/pages\/9185\/revisions"}],"predecessor-version":[{"id":9325,"href":"https:\/\/glacierjourney.is\/sv\/wp-json\/wp\/v2\/pages\/9185\/revisions\/9325"}],"up":[{"embeddable":true,"href":"https:\/\/glacierjourney.is\/sv\/wp-json\/wp\/v2\/pages\/8273"}],"wp:attachment":[{"href":"https:\/\/glacierjourney.is\/sv\/wp-json\/wp\/v2\/media?parent=9185"}],"curies":[{"name":"wp","href":"https:\/\/api.w.org\/{rel}","templated":true}]}}