{"id":9162,"date":"2022-06-08T16:43:01","date_gmt":"2022-06-08T16:43:01","guid":{"rendered":"https:\/\/glacierjourney.is\/?page_id=9162"},"modified":"2025-11-17T09:23:43","modified_gmt":"2025-11-17T09:23:43","slug":"superjeep","status":"publish","type":"page","link":"https:\/\/glacierjourney.is\/sv\/varaturer\/superjeep\/","title":{"rendered":""},"content":{"rendered":"<div class=\"wpb-content-wrapper\">[mk_page_section bg_image=&#8221;http:\/\/glacierjourney.is\/wp-content\/uploads\/2015\/07\/header-glacierjourney.jpg&#8221; attachment=&#8221;fixed&#8221; bg_position=&#8221;center top&#8221; bg_repeat=&#8221;no-repeat&#8221; bg_stretch=&#8221;true&#8221; enable_3d=&#8221;true&#8221; bg_gradient=&#8221;vertical&#8221; video_color_mask=&#8221;#1e73be&#8221; gr_end=&#8221;#28b7ff&#8221; video_opacity=&#8221;0.5&#8243; min_height=&#8221;300&#8243; full_width=&#8221;true&#8221; padding_top=&#8221;0&#8243; first_page=&#8221;true&#8221; last_page=&#8221;false&#8221; sidebar=&#8221;sidebar-1&#8243;][vc_column][mk_padding_divider size=&#8221;100&#8243;][mk_fancy_title color=&#8221;#ffffff&#8221; size=&#8221;40&#8243; font_weight=&#8221;900&#8243; letter_spacing=&#8221;4&#8243; margin_bottom=&#8221;18&#8243; font_family=&#8221;none&#8221; align=&#8221;center&#8221; animation=&#8221;fade-in&#8221;]SUPERJEEP P\u00c5 GLACI\u00c4REN[\/mk_fancy_title][mk_padding_divider][\/vc_column][\/mk_page_section][mk_page_section first_page=&#8221;false&#8221; last_page=&#8221;false&#8221; sidebar=&#8221;sidebar-1&#8243;][vc_column width=&#8221;1\/2&#8243;][vc_empty_space height=&#8221;44px&#8221;][mk_ornamental_title text_color=&#8221;#1e73be&#8221; font_family=&#8221;Rubik&#8221; font_type=&#8221;google&#8221; font_size=&#8221;24&#8243; ornament_style=&#8221;lemo-single&#8221; nss_align=&#8221;center&#8221; ornament_color=&#8221;#006794&#8243; ornament_thickness=&#8221;3&#8243;]En unik upplevelse[\/mk_ornamental_title][vc_empty_space height=&#8221;44px&#8221;][vc_column_text css=&#8221;.vc_custom_1694424806557{margin-bottom: 0px !important;}&#8221;]<em><strong>Upplev Island som du aldrig gjort f\u00f6rut<\/strong><\/em><\/p>\n<p>Kom med oss i v\u00e5r ombyggda jeep och l\u00e5t oss k\u00f6ra dig 1000 meter upp i bergen d\u00e4r utsikten kommer att g\u00f6ra dig ordl\u00f6s. Som om det vore inte nog, kommer \u00e4ven Europas st\u00f6rsta glaci\u00e4r, Vatnaj\u00f6kull, att vara under dina f\u00f6tter.<br \/>\nEn erfaren guide kommer att delge sig av fascinerande fakta om glaci\u00e4rerna, isf\u00e4lten och deras p\u00e5verkan p\u00e5 v\u00e5r omgivning.<\/p>\n<p><strong>OBS<br \/>\n<\/strong>Den h\u00e4r turen \u00e4r inte alltid \u00f6ppen f\u00f6r avg\u00e5ng men kan \u00f6ppnas p\u00e5 beg\u00e4ran. Om er valda tur inte \u00e4r \u00f6ppen, kontakta oss p\u00e5 <a href=\"mailto:info@glacierjourney.is\">info@glacierjourney.is<\/a> och vi \u00f6ppnar avg\u00e5ngen f\u00f6r er.[\/vc_column_text][vc_empty_space height=&#8221;20px&#8221;][vc_empty_space height=&#8221;20px&#8221;][\/vc_column][vc_column width=&#8221;1\/2&#8243;][vc_empty_space height=&#8221;44px&#8221;][mk_ornamental_title text_color=&#8221;#1e73be&#8221; font_family=&#8221;Rubik&#8221; font_type=&#8221;google&#8221; font_size=&#8221;24&#8243; ornament_style=&#8221;lemo-single&#8221; nss_align=&#8221;center&#8221; ornament_color=&#8221;#006794&#8243; ornament_thickness=&#8221;3&#8243;]Mer information[\/mk_ornamental_title][vc_empty_space height=&#8221;44px&#8221;][mk_fancy_title color=&#8221;#1e73be&#8221; size=&#8221;24&#8243; margin_top=&#8221;20&#8243; margin_bottom=&#8221;0&#8243; font_family=&#8221;Rubik&#8221; font_type=&#8221;google&#8221;]<img loading=\"lazy\" decoding=\"async\" class=\"\" src=\"https:\/\/glacierjourney.is\/wp-content\/uploads\/2022\/02\/logi-1.png\" width=\"43\" height=\"21\" \/>N\u00e4r[\/mk_fancy_title][vc_column_text css=&#8221;.vc_custom_1654706402995{margin-bottom: 0px !important;}&#8221;]\n<p style=\"color: #1e73be;\">Turer med Super Jeep \u00e4r tillg\u00e4ngliga mellan maj och september.<\/p>\n[\/vc_column_text][mk_fancy_title color=&#8221;#1e73be&#8221; size=&#8221;24&#8243; margin_top=&#8221;20&#8243; margin_bottom=&#8221;0&#8243; font_family=&#8221;Rubik&#8221; font_type=&#8221;google&#8221;]<img loading=\"lazy\" decoding=\"async\" class=\"\" src=\"https:\/\/glacierjourney.is\/wp-content\/uploads\/2022\/02\/logi-1.png\" width=\"43\" height=\"21\" \/>Varaktighet[\/mk_fancy_title][vc_column_text css=&#8221;.vc_custom_1654706436505{margin-bottom: 0px !important;}&#8221;]\n<p style=\"color: #1e73be;\">En tur tar cirka 3 timmar.<\/p>\n[\/vc_column_text][mk_fancy_title color=&#8221;#1e73be&#8221; size=&#8221;24&#8243; margin_top=&#8221;20&#8243; margin_bottom=&#8221;0&#8243; font_family=&#8221;Rubik&#8221; font_type=&#8221;google&#8221;]<img loading=\"lazy\" decoding=\"async\" class=\"\" src=\"https:\/\/glacierjourney.is\/wp-content\/uploads\/2022\/02\/logi-1.png\" width=\"43\" height=\"21\" \/>Inkluderat i f\u00e4rden[\/mk_fancy_title][vc_column_text css=&#8221;.vc_custom_1654706467302{margin-bottom: 0px !important;}&#8221;]\n<p style=\"color: #1e73be;\">Guidad tur<br \/>\nTransport fr\u00e5n och till v\u00e5r m\u00f6tesplats<br \/>\nOverall och hj\u00e4lm[\/vc_column_text][mk_fancy_title color=&#8221;#1e73be&#8221; size=&#8221;24&#8243; margin_top=&#8221;20&#8243; margin_bottom=&#8221;0&#8243; font_family=&#8221;Rubik&#8221; font_type=&#8221;google&#8221;]<img loading=\"lazy\" decoding=\"async\" class=\"\" src=\"https:\/\/glacierjourney.is\/wp-content\/uploads\/2022\/02\/logi-1.png\" width=\"43\" height=\"21\" \/>M\u00f6tesplats[\/mk_fancy_title][vc_column_text css=&#8221;.vc_custom_1670234583865{margin-bottom: 0px !important;}&#8221;]\n<p style=\"color: #1e73be;\">Vi tr\u00e4ffas vid base camp som ligger vid Hotel Smyrlabj\u00f6rg.<br \/>\nSmyrlabj\u00f6rg ligger 46km v\u00e4ster om H\u00f6fn och 34km \u00f6ster om J\u00f6kuls\u00e1rl\u00f3n \u2013 Glacier Lagoon.<br \/>\nGPS koordinater 64.2173538,-15.7195644<\/p>\n<p style=\"color: #1e73be;\">Observera att det \u00e4r \u00f6nskv\u00e4rt att ni \u00e4r p\u00e5 plats en halvtimma innan er schemalagda tur.<br \/>\nVi kan tyv\u00e4rr inte v\u00e4nta in g\u00e4ster som \u00e4r sena och missar ni er avg\u00e5ng avbokas biljetten automatiskt utan m\u00f6jlighet till \u00e5terbetalning.<\/p>\n[\/vc_column_text][vc_empty_space height=&#8221;44px&#8221;][\/vc_column][\/mk_page_section][vc_row][vc_column][vc_empty_space][mk_ornamental_title text_color=&#8221;#1e73be&#8221; font_family=&#8221;Rubik&#8221; font_type=&#8221;google&#8221; font_size=&#8221;24&#8243; ornament_color=&#8221;#006794&#8243; ornament_thickness=&#8221;3&#8243;]\n<p style=\"text-align: center;\">BOKA H\u00c4R<\/p>\n[\/mk_ornamental_title][vc_raw_html]JTNDZGl2JTIwaWQlM0QlMjJib2t1bi13MzQxNV84MWJjYjFjZl8yMTE0XzRiZjdfOTEzMF80OTI3NGEwMzUxNmQlMjIlM0VMb2FkaW5nLi4uJTNDJTJGZGl2JTNFJTNDc2NyaXB0JTIwdHlwZSUzRCUyMnRleHQlMkZqYXZhc2NyaXB0JTIyJTNFJTBBdmFyJTIwdzM0MTVfODFiY2IxY2ZfMjExNF80YmY3XzkxMzBfNDkyNzRhMDM1MTZkJTNCJTBBJTI4ZnVuY3Rpb24lMjhkJTJDJTIwdCUyOSUyMCU3QiUwQSUyMCUyMHZhciUyMGhvc3QlMjAlM0QlMjAlMjd3aWRnZXRzLmJva3VuLmlvJTI3JTNCJTBBJTIwJTIwdmFyJTIwZnJhbWVVcmwlMjAlM0QlMjAlMjdodHRwcyUzQSUyRiUyRiUyNyUyMCUyQiUyMGhvc3QlMjAlMkIlMjAlMjclMkZ3aWRnZXRzJTJGMzQxNSUzRmJvb2tpbmdDaGFubmVsVVVJRCUzRDU4NDlmMDE3LWNhYzYtNDA0MC04MjY5LTBiYjkzYmJmZjY0YyUyNmFtcCUzQmFjdGl2aXR5SWQlM0Q3MDEyJTI2YW1wJTNCbGFuZyUzREVOJTI2YW1wJTNCY2N5JTNESVNLJTI2YW1wJTNCaGFzaCUzRHczNDE1XzgxYmNiMWNmXzIxMTRfNGJmN185MTMwXzQ5Mjc0YTAzNTE2ZCUyNyUzQiUwQSUyMCUyMHZhciUyMHMlMjAlM0QlMjBkLmNyZWF0ZUVsZW1lbnQlMjh0JTI5JTJDJTIwb3B0aW9ucyUyMCUzRCUyMCU3QiUyN2hvc3QlMjclM0ElMjBob3N0JTJDJTIwJTI3ZnJhbWVVcmwlMjclM0ElMjBmcmFtZVVybCUyQyUyMCUyN3dpZGdldEhhc2glMjclM0ElMjd3MzQxNV84MWJjYjFjZl8yMTE0XzRiZjdfOTEzMF80OTI3NGEwMzUxNmQlMjclMkMlMjAlMjdhdXRvUmVzaXplJTI3JTNBdHJ1ZSUyQyUyN2hlaWdodCUyNyUzQSUyNyUyNyUyQyUyN3dpZHRoJTI3JTNBJTI3MTAwJTI1JTI3JTJDJTIwJTI3bWluSGVpZ2h0JTI3JTNBJTIwMCUyQyUyN2FzeW5jJTI3JTNBdHJ1ZSUyQyUyMCUyN3NzbCUyNyUzQXRydWUlMkMlMjAlMjdhZmZpbGlhdGVUcmFja2luZ0NvZGUlMjclM0ElMjAlMjclMjclMjAlN0QlM0IlMEElMjAlMjBzLnNyYyUyMCUzRCUyMCUyN2h0dHBzJTNBJTJGJTJGJTI3JTIwJTJCJTIwaG9zdCUyMCUyQiUyMCUyNyUyRmFzc2V0cyUyRmphdmFzY3JpcHRzJTJGd2lkZ2V0cyUyRmVtYmVkZGVyLmpzJTI3JTNCJTBBJTIwJTIwcy5vbmxvYWQlMjAlM0QlMjBzLm9ucmVhZHlzdGF0ZWNoYW5nZSUyMCUzRCUyMGZ1bmN0aW9uJTI4JTI5JTIwJTdCJTBBJTIwJTIwJTIwJTIwdmFyJTIwcnMlMjAlM0QlMjB0aGlzLnJlYWR5U3RhdGUlM0IlMjBpZiUyMCUyOHJzJTI5JTIwaWYlMjAlMjhycyUyMCUyMSUzRCUyMCUyN2NvbXBsZXRlJTI3JTI5JTIwaWYlMjAlMjhycyUyMCUyMSUzRCUyMCUyN2xvYWRlZCUyNyUyOSUyMHJldHVybiUzQiUwQSUyMCUyMCUyMCUyMHRyeSUyMCU3QiUyMCUwQSUyMCUyMCUyMCUyMCUyMCUyMHczNDE1XzgxYmNiMWNmXzIxMTRfNGJmN185MTMwXzQ5Mjc0YTAzNTE2ZCUyMCUzRCUyMG5ldyUyMEJva3VuV2lkZ2V0RW1iZWRkZXIlMjglMjklM0IlMjB3MzQxNV84MWJjYjFjZl8yMTE0XzRiZjdfOTEzMF80OTI3NGEwMzUxNmQuaW5pdGlhbGl6ZSUyOG9wdGlvbnMlMjklM0IlMjB3MzQxNV84MWJjYjFjZl8yMTE0XzRiZjdfOTEzMF80OTI3NGEwMzUxNmQuZGlzcGxheSUyOCUyOSUzQiUwQSUyMCUyMCUyMCUyMCU3RCUyMGNhdGNoJTIwJTI4ZSUyOSUyMCU3QiU3RCUwQSUyMCUyMCU3RCUzQiUwQSUyMCUyMHZhciUyMHNjciUyMCUzRCUyMGQuZ2V0RWxlbWVudHNCeVRhZ05hbWUlMjh0JTI5JTVCMCU1RCUyQyUyMHBhciUyMCUzRCUyMHNjci5wYXJlbnROb2RlJTNCJTIwcGFyLmluc2VydEJlZm9yZSUyOHMlMkMlMjBzY3IlMjklM0IlMEElN0QlMjklMjhkb2N1bWVudCUyQyUyMCUyN3NjcmlwdCUyNyUyOSUzQiUwQSUzQyUyRnNjcmlwdCUzRQ==[\/vc_raw_html][vc_column_text css=&#8221;.vc_custom_1763371375654{margin-bottom: 0px !important;}&#8221;]\n<p style=\"text-align: center;\"><strong><span style=\"color: #1e73be;\"><span class=\"s1\">Anv\u00e4nd koden JEEP26 vid bokning f\u00f6r att f\u00e5 en rabatt p\u00e5 10%.<\/span><\/span><\/strong><\/p>\n[\/vc_column_text][vc_empty_space][\/vc_column][\/vc_row][vc_row][vc_column][mk_ornamental_title text_color=&#8221;#1e73be&#8221; font_family=&#8221;Permanent+Marker&#8221; font_type=&#8221;google&#8221; font_size=&#8221;30&#8243; ornament_style=&#8221;norman-single&#8221; ornament_color=&#8221;#006794&#8243; ornament_thickness=&#8221;3&#8243;]SUMMER LOCATION | BASE CAMP[\/mk_ornamental_title][mk_fancy_title size=&#8221;20&#8243; font_family=&#8221;Rubik&#8221; font_type=&#8221;google&#8221; align=&#8221;center&#8221;]Hotel Smyrlabj\u00f6rg | Gps: 64.2173538, -15.7195644[\/mk_fancy_title][mk_advanced_gmaps custom_markers=&#8221;true&#8221; latitude=&#8221;64.2173538&#8243; longitude=&#8221;-15.7195644&#8243; address=&#8221;Hotel Smyrlabj\u00f6rg&#8221; custom_marker_1=&#8221;https:\/\/glacierjourney.is\/wp-content\/uploads\/2021\/11\/logo-map.png&#8221; content_font_color=&#8221;#ffffff&#8221; height=&#8221;450&#8243; map_zoom=&#8221;10&#8243; modify_coloring=&#8221;true&#8221; hue=&#8221;#25beed&#8221;][vc_empty_space][\/vc_column][\/vc_row][mk_page_section bg_color=&#8221;#f9f9f9&#8243; sidebar=&#8221;sidebar-1&#8243;][vc_column][vc_empty_space height=&#8221;20px&#8221;][mk_ornamental_title text_color=&#8221;#1e73be&#8221; font_family=&#8221;Permanent+Marker&#8221; font_type=&#8221;google&#8221; font_size=&#8221;30&#8243; ornament_style=&#8221;norman-single&#8221; ornament_color=&#8221;#006794&#8243; ornament_thickness=&#8221;3&#8243;]VILLKOR[\/mk_ornamental_title][vc_empty_space height=&#8221;20px&#8221;][vc_column_text css=&#8221;.vc_custom_1655550890957{margin-bottom: 0px !important;}&#8221;]\n<ul>\n<li>I v\u00e5ra turer m\u00e5ste du ha bra friluftskl\u00e4der och vandringsk\u00e4ngor.<\/li>\n<li>Det \u00e4r n\u00f6dv\u00e4ndigt att ha en bra kondition f\u00f6r att kunna vara med i v\u00e5ra turer.<\/li>\n<li>Det \u00e4r kundens ansvar att informera v\u00e5ra guider om eventuella h\u00e4lsoproblem.<\/li>\n<li>Vi har en 48 timmars avbokningsplan. Om en avbokning g\u00f6rs 48 timmar eller tidigare innan avf\u00e4rd \u00e5terbetalas 90%. Ingen \u00e5terbetalning g\u00f6rs om avbokningen sker med mindre \u00e4n 48 timmar till avf\u00e4rd.<\/li>\n<li>Om turen \u00e4r inst\u00e4lld av Glacier Journey av n\u00e5gon anledning, s\u00e5 som p\u00e5 grund av v\u00e4der, f\u00e5r kunden full \u00e5terbetalning.<\/li>\n<li>Glacier Journey tar inte ansvar f\u00f6r olyckor som sker p\u00e5 grund av oaktsamhet fr\u00e5n kunden eller fr\u00e5n olyckor som kan sp\u00e5ras tillbaka till kundens egna handlingar.<\/li>\n<li>Alla v\u00e5ra turer sker p\u00e5 kundens eget ansvar.<\/li>\n<li>Glacier Journey kan inte garantera att det inte \u00e4r fler personer och\/eller grupper i samma omr\u00e5de samtidigt som vi.<\/li>\n<li>Minst tv\u00e5 deltagare \u00e4r n\u00f6dv\u00e4ndigt f\u00f6r att genomf\u00f6ra varje tur.<\/li>\n<\/ul>\n[\/vc_column_text][vc_empty_space height=&#8221;20px&#8221;][\/vc_column][\/mk_page_section][vc_row css=&#8221;.vc_custom_1453845821894{padding-top: 0px !important;padding-right: 0px !important;padding-bottom: 0px !important;padding-left: 0px !important;}&#8221;][vc_column][vc_empty_space height=&#8221;44px&#8221;][mk_gallery images=&#8221;7664,9180,8351&#8243; column=&#8221;4&#8243; height=&#8221;300&#8243; hover_scenarios=&#8221;slow_zoom&#8221; item_id=&#8221;1436396936-559dad880c8f5&#8243;][\/vc_column][\/vc_row][mk_page_section bg_color=&#8221;#1e73be&#8221; first_page=&#8221;false&#8221; last_page=&#8221;false&#8221; sidebar=&#8221;sidebar-1&#8243;][vc_column][vc_empty_space height=&#8221;44px&#8221;][\/vc_column][\/mk_page_section]\n<\/div>","protected":false},"excerpt":{"rendered":"<p>[mk_page_section bg_image=&#8221;http:\/\/glacierjourney.is\/wp-content\/uploads\/2015\/07\/header-glacierjourney.jpg&#8221; attachment=&#8221;fixed&#8221; bg_position=&#8221;center top&#8221; bg_repeat=&#8221;no-repeat&#8221; bg_stretch=&#8221;true&#8221; enable_3d=&#8221;true&#8221; bg_gradient=&#8221;vertical&#8221; video_color_mask=&#8221;#1e73be&#8221; gr_end=&#8221;#28b7ff&#8221; video_opacity=&#8221;0.5&#8243; min_height=&#8221;300&#8243; full_width=&#8221;true&#8221; padding_top=&#8221;0&#8243; first_page=&#8221;true&#8221; last_page=&#8221;false&#8221; sidebar=&#8221;sidebar-1&#8243;][vc_column][mk_padding_divider size=&#8221;100&#8243;][mk_fancy_title color=&#8221;#ffffff&#8221; size=&#8221;40&#8243; font_weight=&#8221;900&#8243; letter_spacing=&#8221;4&#8243; margin_bottom=&#8221;18&#8243; font_family=&#8221;none&#8221; align=&#8221;center&#8221; animation=&#8221;fade-in&#8221;]SUPERJEEP P\u00c5 GLACI\u00c4REN[\/mk_fancy_title][mk_padding_divider][\/vc_column][\/mk_page_section][mk_page_section first_page=&#8221;false&#8221; last_page=&#8221;false&#8221; sidebar=&#8221;sidebar-1&#8243;][vc_column width=&#8221;1\/2&#8243;][vc_empty_space height=&#8221;44px&#8221;][mk_ornamental_title text_color=&#8221;#1e73be&#8221; font_family=&#8221;Rubik&#8221; font_type=&#8221;google&#8221; font_size=&#8221;24&#8243; ornament_style=&#8221;lemo-single&#8221; nss_align=&#8221;center&#8221; ornament_color=&#8221;#006794&#8243; ornament_thickness=&#8221;3&#8243;]En unik upplevelse[\/mk_ornamental_title][vc_empty_space height=&#8221;44px&#8221;][vc_column_text css=&#8221;.vc_custom_1694424806557{margin-bottom: 0px !important;}&#8221;]Upplev Island som du aldrig gjort f\u00f6rut Kom [&hellip;]<\/p>\n","protected":false},"author":3,"featured_media":0,"parent":8273,"menu_order":0,"comment_status":"closed","ping_status":"closed","template":"","meta":{"_exactmetrics_skip_tracking":false,"_exactmetrics_sitenote_active":false,"_exactmetrics_sitenote_note":"","_exactmetrics_sitenote_category":0,"footnotes":""},"class_list":["post-9162","page","type-page","status-publish","hentry"],"yoast_head":"<!-- This site is optimized with the Yoast SEO plugin v27.4 - https:\/\/yoast.com\/product\/yoast-seo-wordpress\/ -->\n<title>- Glacier Journey<\/title>\n<meta name=\"robots\" content=\"index, follow, max-snippet:-1, max-image-preview:large, max-video-preview:-1\" \/>\n<link rel=\"canonical\" href=\"https:\/\/glacierjourney.is\/sv\/varaturer\/superjeep\/\" \/>\n<meta property=\"og:locale\" content=\"sv_SE\" \/>\n<meta property=\"og:type\" content=\"article\" \/>\n<meta property=\"og:title\" content=\"- Glacier Journey\" \/>\n<meta property=\"og:description\" content=\"[mk_page_section bg_image=&#8221;http:\/\/glacierjourney.is\/wp-content\/uploads\/2015\/07\/header-glacierjourney.jpg&#8221; attachment=&#8221;fixed&#8221; bg_position=&#8221;center top&#8221; bg_repeat=&#8221;no-repeat&#8221; bg_stretch=&#8221;true&#8221; enable_3d=&#8221;true&#8221; bg_gradient=&#8221;vertical&#8221; video_color_mask=&#8221;#1e73be&#8221; gr_end=&#8221;#28b7ff&#8221; video_opacity=&#8221;0.5&#8243; min_height=&#8221;300&#8243; full_width=&#8221;true&#8221; padding_top=&#8221;0&#8243; first_page=&#8221;true&#8221; last_page=&#8221;false&#8221; sidebar=&#8221;sidebar-1&#8243;][vc_column][mk_padding_divider size=&#8221;100&#8243;][mk_fancy_title color=&#8221;#ffffff&#8221; size=&#8221;40&#8243; font_weight=&#8221;900&#8243; letter_spacing=&#8221;4&#8243; margin_bottom=&#8221;18&#8243; font_family=&#8221;none&#8221; align=&#8221;center&#8221; animation=&#8221;fade-in&#8221;]SUPERJEEP P\u00c5 GLACI\u00c4REN[\/mk_fancy_title][mk_padding_divider][\/vc_column][\/mk_page_section][mk_page_section first_page=&#8221;false&#8221; last_page=&#8221;false&#8221; sidebar=&#8221;sidebar-1&#8243;][vc_column width=&#8221;1\/2&#8243;][vc_empty_space height=&#8221;44px&#8221;][mk_ornamental_title text_color=&#8221;#1e73be&#8221; font_family=&#8221;Rubik&#8221; font_type=&#8221;google&#8221; font_size=&#8221;24&#8243; ornament_style=&#8221;lemo-single&#8221; nss_align=&#8221;center&#8221; ornament_color=&#8221;#006794&#8243; ornament_thickness=&#8221;3&#8243;]En unik upplevelse[\/mk_ornamental_title][vc_empty_space height=&#8221;44px&#8221;][vc_column_text css=&#8221;.vc_custom_1694424806557{margin-bottom: 0px !important;}&#8221;]Upplev Island som du aldrig gjort f\u00f6rut Kom [&hellip;]\" \/>\n<meta property=\"og:url\" content=\"https:\/\/glacierjourney.is\/sv\/varaturer\/superjeep\/\" \/>\n<meta property=\"og:site_name\" content=\"Glacier Journey\" \/>\n<meta property=\"article:modified_time\" content=\"2025-11-17T09:23:43+00:00\" \/>\n<meta property=\"og:image\" content=\"https:\/\/glacierjourney.is\/wp-content\/uploads\/2022\/02\/logi-1.png\" \/>\n<meta name=\"twitter:card\" content=\"summary_large_image\" \/>\n<meta name=\"twitter:label1\" content=\"Ber\u00e4knad l\u00e4stid\" \/>\n\t<meta name=\"twitter:data1\" content=\"4 minuter\" \/>\n<script type=\"application\/ld+json\" class=\"yoast-schema-graph\">{\"@context\":\"https:\\\/\\\/schema.org\",\"@graph\":[{\"@type\":\"WebPage\",\"@id\":\"https:\\\/\\\/glacierjourney.is\\\/sv\\\/varaturer\\\/superjeep\\\/\",\"url\":\"https:\\\/\\\/glacierjourney.is\\\/sv\\\/varaturer\\\/superjeep\\\/\",\"name\":\"- Glacier Journey\",\"isPartOf\":{\"@id\":\"https:\\\/\\\/glacierjourney.is\\\/#website\"},\"primaryImageOfPage\":{\"@id\":\"https:\\\/\\\/glacierjourney.is\\\/sv\\\/varaturer\\\/superjeep\\\/#primaryimage\"},\"image\":{\"@id\":\"https:\\\/\\\/glacierjourney.is\\\/sv\\\/varaturer\\\/superjeep\\\/#primaryimage\"},\"thumbnailUrl\":\"https:\\\/\\\/glacierjourney.is\\\/wp-content\\\/uploads\\\/2022\\\/02\\\/logi-1.png\",\"datePublished\":\"2022-06-08T16:43:01+00:00\",\"dateModified\":\"2025-11-17T09:23:43+00:00\",\"inLanguage\":\"sv-SE\",\"potentialAction\":[{\"@type\":\"ReadAction\",\"target\":[\"https:\\\/\\\/glacierjourney.is\\\/sv\\\/varaturer\\\/superjeep\\\/\"]}]},{\"@type\":\"ImageObject\",\"inLanguage\":\"sv-SE\",\"@id\":\"https:\\\/\\\/glacierjourney.is\\\/sv\\\/varaturer\\\/superjeep\\\/#primaryimage\",\"url\":\"https:\\\/\\\/glacierjourney.is\\\/wp-content\\\/uploads\\\/2022\\\/02\\\/logi-1.png\",\"contentUrl\":\"https:\\\/\\\/glacierjourney.is\\\/wp-content\\\/uploads\\\/2022\\\/02\\\/logi-1.png\"},{\"@type\":\"WebSite\",\"@id\":\"https:\\\/\\\/glacierjourney.is\\\/#website\",\"url\":\"https:\\\/\\\/glacierjourney.is\\\/\",\"name\":\"Glacier Journey\",\"description\":\"Take a journey with us into the vastness of Vatnaj\u00f6kull\",\"potentialAction\":[{\"@type\":\"SearchAction\",\"target\":{\"@type\":\"EntryPoint\",\"urlTemplate\":\"https:\\\/\\\/glacierjourney.is\\\/?s={search_term_string}\"},\"query-input\":{\"@type\":\"PropertyValueSpecification\",\"valueRequired\":true,\"valueName\":\"search_term_string\"}}],\"inLanguage\":\"sv-SE\"}]}<\/script>\n<!-- \/ Yoast SEO plugin. -->","yoast_head_json":{"title":"- Glacier Journey","robots":{"index":"index","follow":"follow","max-snippet":"max-snippet:-1","max-image-preview":"max-image-preview:large","max-video-preview":"max-video-preview:-1"},"canonical":"https:\/\/glacierjourney.is\/sv\/varaturer\/superjeep\/","og_locale":"sv_SE","og_type":"article","og_title":"- Glacier Journey","og_description":"[mk_page_section bg_image=&#8221;http:\/\/glacierjourney.is\/wp-content\/uploads\/2015\/07\/header-glacierjourney.jpg&#8221; attachment=&#8221;fixed&#8221; bg_position=&#8221;center top&#8221; bg_repeat=&#8221;no-repeat&#8221; bg_stretch=&#8221;true&#8221; enable_3d=&#8221;true&#8221; bg_gradient=&#8221;vertical&#8221; video_color_mask=&#8221;#1e73be&#8221; gr_end=&#8221;#28b7ff&#8221; video_opacity=&#8221;0.5&#8243; min_height=&#8221;300&#8243; full_width=&#8221;true&#8221; padding_top=&#8221;0&#8243; first_page=&#8221;true&#8221; last_page=&#8221;false&#8221; sidebar=&#8221;sidebar-1&#8243;][vc_column][mk_padding_divider size=&#8221;100&#8243;][mk_fancy_title color=&#8221;#ffffff&#8221; size=&#8221;40&#8243; font_weight=&#8221;900&#8243; letter_spacing=&#8221;4&#8243; margin_bottom=&#8221;18&#8243; font_family=&#8221;none&#8221; align=&#8221;center&#8221; animation=&#8221;fade-in&#8221;]SUPERJEEP P\u00c5 GLACI\u00c4REN[\/mk_fancy_title][mk_padding_divider][\/vc_column][\/mk_page_section][mk_page_section first_page=&#8221;false&#8221; last_page=&#8221;false&#8221; sidebar=&#8221;sidebar-1&#8243;][vc_column width=&#8221;1\/2&#8243;][vc_empty_space height=&#8221;44px&#8221;][mk_ornamental_title text_color=&#8221;#1e73be&#8221; font_family=&#8221;Rubik&#8221; font_type=&#8221;google&#8221; font_size=&#8221;24&#8243; ornament_style=&#8221;lemo-single&#8221; nss_align=&#8221;center&#8221; ornament_color=&#8221;#006794&#8243; ornament_thickness=&#8221;3&#8243;]En unik upplevelse[\/mk_ornamental_title][vc_empty_space height=&#8221;44px&#8221;][vc_column_text css=&#8221;.vc_custom_1694424806557{margin-bottom: 0px !important;}&#8221;]Upplev Island som du aldrig gjort f\u00f6rut Kom [&hellip;]","og_url":"https:\/\/glacierjourney.is\/sv\/varaturer\/superjeep\/","og_site_name":"Glacier Journey","article_modified_time":"2025-11-17T09:23:43+00:00","og_image":[{"url":"https:\/\/glacierjourney.is\/wp-content\/uploads\/2022\/02\/logi-1.png","type":"","width":"","height":""}],"twitter_card":"summary_large_image","twitter_misc":{"Ber\u00e4knad l\u00e4stid":"4 minuter"},"schema":{"@context":"https:\/\/schema.org","@graph":[{"@type":"WebPage","@id":"https:\/\/glacierjourney.is\/sv\/varaturer\/superjeep\/","url":"https:\/\/glacierjourney.is\/sv\/varaturer\/superjeep\/","name":"- Glacier Journey","isPartOf":{"@id":"https:\/\/glacierjourney.is\/#website"},"primaryImageOfPage":{"@id":"https:\/\/glacierjourney.is\/sv\/varaturer\/superjeep\/#primaryimage"},"image":{"@id":"https:\/\/glacierjourney.is\/sv\/varaturer\/superjeep\/#primaryimage"},"thumbnailUrl":"https:\/\/glacierjourney.is\/wp-content\/uploads\/2022\/02\/logi-1.png","datePublished":"2022-06-08T16:43:01+00:00","dateModified":"2025-11-17T09:23:43+00:00","inLanguage":"sv-SE","potentialAction":[{"@type":"ReadAction","target":["https:\/\/glacierjourney.is\/sv\/varaturer\/superjeep\/"]}]},{"@type":"ImageObject","inLanguage":"sv-SE","@id":"https:\/\/glacierjourney.is\/sv\/varaturer\/superjeep\/#primaryimage","url":"https:\/\/glacierjourney.is\/wp-content\/uploads\/2022\/02\/logi-1.png","contentUrl":"https:\/\/glacierjourney.is\/wp-content\/uploads\/2022\/02\/logi-1.png"},{"@type":"WebSite","@id":"https:\/\/glacierjourney.is\/#website","url":"https:\/\/glacierjourney.is\/","name":"Glacier Journey","description":"Take a journey with us into the vastness of Vatnaj\u00f6kull","potentialAction":[{"@type":"SearchAction","target":{"@type":"EntryPoint","urlTemplate":"https:\/\/glacierjourney.is\/?s={search_term_string}"},"query-input":{"@type":"PropertyValueSpecification","valueRequired":true,"valueName":"search_term_string"}}],"inLanguage":"sv-SE"}]}},"_links":{"self":[{"href":"https:\/\/glacierjourney.is\/sv\/wp-json\/wp\/v2\/pages\/9162","targetHints":{"allow":["GET"]}}],"collection":[{"href":"https:\/\/glacierjourney.is\/sv\/wp-json\/wp\/v2\/pages"}],"about":[{"href":"https:\/\/glacierjourney.is\/sv\/wp-json\/wp\/v2\/types\/page"}],"author":[{"embeddable":true,"href":"https:\/\/glacierjourney.is\/sv\/wp-json\/wp\/v2\/users\/3"}],"replies":[{"embeddable":true,"href":"https:\/\/glacierjourney.is\/sv\/wp-json\/wp\/v2\/comments?post=9162"}],"version-history":[{"count":15,"href":"https:\/\/glacierjourney.is\/sv\/wp-json\/wp\/v2\/pages\/9162\/revisions"}],"predecessor-version":[{"id":10570,"href":"https:\/\/glacierjourney.is\/sv\/wp-json\/wp\/v2\/pages\/9162\/revisions\/10570"}],"up":[{"embeddable":true,"href":"https:\/\/glacierjourney.is\/sv\/wp-json\/wp\/v2\/pages\/8273"}],"wp:attachment":[{"href":"https:\/\/glacierjourney.is\/sv\/wp-json\/wp\/v2\/media?parent=9162"}],"curies":[{"name":"wp","href":"https:\/\/api.w.org\/{rel}","templated":true}]}}