{"id":9026,"date":"2022-05-04T13:51:14","date_gmt":"2022-05-04T13:51:14","guid":{"rendered":"https:\/\/glacierjourney.is\/?page_id=9026"},"modified":"2026-02-04T21:46:43","modified_gmt":"2026-02-04T21:46:43","slug":"omoss","status":"publish","type":"page","link":"https:\/\/glacierjourney.is\/sv\/omoss\/","title":{"rendered":""},"content":{"rendered":"<div class=\"wpb-content-wrapper\">[mk_page_section bg_image=&#8221;http:\/\/glacierjourney.is\/wp-content\/uploads\/2015\/07\/header-glacierjourney.jpg&#8221; attachment=&#8221;fixed&#8221; bg_position=&#8221;center top&#8221; bg_repeat=&#8221;no-repeat&#8221; bg_stretch=&#8221;true&#8221; enable_3d=&#8221;true&#8221; bg_gradient=&#8221;vertical&#8221; video_color_mask=&#8221;#1e73be&#8221; gr_end=&#8221;#28b7ff&#8221; video_opacity=&#8221;0.5&#8243; min_height=&#8221;300&#8243; full_width=&#8221;true&#8221; padding_top=&#8221;0&#8243; first_page=&#8221;true&#8221; last_page=&#8221;false&#8221; sidebar=&#8221;sidebar-1&#8243;][vc_column][mk_padding_divider size=&#8221;100&#8243;][mk_fancy_title color=&#8221;#ffffff&#8221; size=&#8221;40&#8243; font_weight=&#8221;900&#8243; letter_spacing=&#8221;4&#8243; margin_bottom=&#8221;18&#8243; font_family=&#8221;none&#8221; align=&#8221;center&#8221; animation=&#8221;fade-in&#8221;]OM OSS[\/mk_fancy_title][mk_padding_divider][\/vc_column][\/mk_page_section][vc_row padding=&#8221;0&#8243;][vc_column][vc_empty_space height=&#8221;50px&#8221;][\/vc_column][\/vc_row][vc_row padding=&#8221;0&#8243;][vc_column width=&#8221;1\/2&#8243;][vc_empty_space height=&#8221;44px&#8221;][vc_single_image image=&#8221;8943&#8243; img_size=&#8221;full&#8221;][vc_empty_space height=&#8221;44px&#8221;][\/vc_column][vc_column width=&#8221;1\/2&#8243;][vc_empty_space height=&#8221;44px&#8221;][vc_column_text css=&#8221;.vc_custom_1651759078668{margin-bottom: 0px !important;}&#8221;]\n<h3><strong>Glacier Journey\u00a0<\/strong><\/h3>\n<p>Glacier Journey \u00e4r ett familjef\u00f6retag som ligger i H\u00f6fn \u00ed Hornafir\u00f0i och \u00e4gs av paret Laufey Gu\u00f0mundsd\u00f3ttir og Gu\u00f0laugur J. \u00deorsteinsson.<br \/>\nLaufey och Gulli, som han kallas, har flera decenniers erfarenhet av turer p\u00e5 glaci\u00e4ren och har varit med guidade turer p\u00e5 Vatnatj\u00f6kulls glaci\u00e4r sedan 1999.[\/vc_column_text][vc_empty_space height=&#8221;25px&#8221;][vc_column_text css=&#8221;.vc_custom_1670233228861{margin-bottom: 0px !important;}&#8221;]Glacier Journey \u00e4r verksamma \u00e5ret runt. Turerna som erbjuds \u00e4r turer p\u00e5 glaci\u00e4ren, antingen i en ombyggd jeep eller p\u00e5 sn\u00f6skoter, vandringsturer p\u00e5 glaci\u00e4ren och turer till isgrottor. Glacier Journey erbjuder ocks\u00e5 sightseeing med buss i Vatnaj\u00f6kullsregionen f\u00f6r mindre grupper.<\/p>\n<p>Under vinterm\u00e5naderna tar Laufey och Gulli emot sina g\u00e4ster vid J\u00f6kuls\u00e1rl\u00f3n och k\u00f6r d\u00e4rifr\u00e5n med dem antingen till isgrottorna eller till glaci\u00e4ren.<br \/>\nUnder sommarm\u00e5naderna tar Laufey och Gulli emot sina g\u00e4ster vid H\u00f3tel Smyrlabj\u00f6rg, som er 34km \u00f6ster om J\u00f6kuls\u00e1rl\u00f3n.<br \/>\nD\u00e4rifr\u00e5n k\u00f6rs g\u00e4sterna i ombyggda jeepar upp p\u00e5 Sk\u00e1lafellsj\u00f6kull, d\u00e4r de antingen forts\u00e4tter f\u00e4rden eller byter till sn\u00f6skoter.<\/p>\n<p>Alla turer leds av certifierade guidar som informerar, ber\u00e4ttar, underh\u00e5ller och framf\u00f6r allt ser till att alla turer sker tryggt och s\u00e4kert.[\/vc_column_text][vc_empty_space height=&#8221;25px&#8221;][vc_row_inner][vc_column_inner width=&#8221;1\/3&#8243;][vc_single_image image=&#8221;10485&#8243; img_size=&#8221;full&#8221; alignment=&#8221;center&#8221; css=&#8221;&#8221;][\/vc_column_inner][vc_column_inner width=&#8221;1\/3&#8243;][vc_raw_html]JTNDZGl2JTIwaWQlM0QlMjJUQV9leGNlbGxlbnQxNTUlMjIlMjBjbGFzcyUzRCUyMlRBX2V4Y2VsbGVudCUyMiUzRSUzQ3VsJTIwaWQlM0QlMjJDQWhCWlFpJTIyJTIwY2xhc3MlM0QlMjJUQV9saW5rcyUyMHBBVUdSdkM2JTIyJTNFJTNDbGklMjBpZCUzRCUyMkZ6bUJLcnczJTIyJTIwY2xhc3MlM0QlMjJFS1JWVTZHdlAlMjIlM0UlM0NhJTIwdGFyZ2V0JTNEJTIyX2JsYW5rJTIyJTIwaHJlZiUzRCUyMmh0dHBzJTNBJTJGJTJGd3d3LnRyaXBhZHZpc29yLmNvbSUyRkF0dHJhY3Rpb25fUmV2aWV3LWcxODk5NjAtZDc2MTA2NDQtUmV2aWV3cy1HbGFjaWVyX0pvdXJuZXktSG9mbl9FYXN0X1JlZ2lvbi5odG1sJTIyJTNFJTNDaW1nJTIwc3JjJTNEJTIyaHR0cHMlM0ElMkYlMkZzdGF0aWMudGFjZG4uY29tJTJGaW1nMiUyRmJyYW5kX3JlZnJlc2glMkZUcmlwYWR2aXNvcl9sb2NrdXBfaG9yaXpvbnRhbF9zZWNvbmRhcnlfcmVnaXN0ZXJlZC5zdmclMjIlMjBhbHQlM0QlMjJUcmlwQWR2aXNvciUyMiUyMGNsYXNzJTNEJTIyd2lkRVhDSU1HJTIyJTIwaWQlM0QlMjJDRFNXSURFWENMT0dPJTIyJTJGJTNFJTNDJTJGYSUzRSUzQyUyRmxpJTNFJTNDJTJGdWwlM0UlM0MlMkZkaXYlM0UlM0NzY3JpcHQlMjBhc3luYyUyMHNyYyUzRCUyMmh0dHBzJTNBJTJGJTJGd3d3LmpzY2FjaGUuY29tJTJGd2VqcyUzRnd0eXBlJTNEZXhjZWxsZW50JTI2YW1wJTNCdW5pcSUzRDE1NSUyNmFtcCUzQmxvY2F0aW9uSWQlM0Q3NjEwNjQ0JTI2YW1wJTNCbGFuZyUzRGVuX1VTJTI2YW1wJTNCZGlzcGxheV92ZXJzaW9uJTNEMiUyMiUyMGRhdGEtbG9hZHRyayUyMG9ubG9hZCUzRCUyMnRoaXMubG9hZHRyayUzRHRydWUlMjIlM0UlM0MlMkZzY3JpcHQlM0U=[\/vc_raw_html][\/vc_column_inner][vc_column_inner width=&#8221;1\/3&#8243;][vc_single_image image=&#8221;10489&#8243; img_size=&#8221;full&#8221; alignment=&#8221;center&#8221; css=&#8221;&#8221;][\/vc_column_inner][\/vc_row_inner][vc_row_inner][vc_column_inner width=&#8221;1\/2&#8243;][\/vc_column_inner][vc_column_inner width=&#8221;1\/2&#8243;][\/vc_column_inner][\/vc_row_inner][\/vc_column][\/vc_row][mk_page_section sidebar=&#8221;sidebar-1&#8243;][vc_column][mk_divider style=&#8221;thin_solid&#8221; thin_single_color=&#8221;#27a9e1&#8243;][vc_empty_space height=&#8221;20px&#8221;][vc_row_inner][vc_column_inner width=&#8221;1\/2&#8243;][vc_single_image image=&#8221;6944&#8243; img_size=&#8221;full&#8221; alignment=&#8221;center&#8221;][vc_column_text css=&#8221;.vc_custom_1651658293880{margin-bottom: 0px !important;}&#8221;]\n<h3 style=\"text-align: center;\"><strong>Gulli<br \/>\nGuide\/\u00e4gare<\/strong><\/h3>\n<p class=\"p1\" style=\"text-align: justify;\"><span class=\"s1\">Gulli har \u00f6ver 30 \u00e5rs erfarenhet av sn\u00f6skoter och turer p\u00e5 glaci\u00e4ren. Han \u00e4r utbildad bilmekaniker och jobbade inom det d\u00e5 glaci\u00e4rturer bara var en hobby. Han jobbar fortfarande som bilmekaniker hos Glacier Journey d\u00e5 han inte guidar.<br \/>\nGulli \u00e4r f\u00f6dd och uppvuxen p\u00e5 landet vid M\u00fdrdalsj\u00f6kull men bor idag tillsammans med Laufey i H\u00f6fn.<\/span><\/p>\n[\/vc_column_text][\/vc_column_inner][vc_column_inner width=&#8221;1\/2&#8243;][vc_single_image image=&#8221;6945&#8243; img_size=&#8221;full&#8221; alignment=&#8221;center&#8221;][vc_column_text css=&#8221;.vc_custom_1651658801137{margin-bottom: 0px !important;}&#8221;]\n<h3 style=\"text-align: center;\"><strong>Laufey<br \/>\nGuide\/\u00e4gare<\/strong><\/h3>\n<p class=\"p1\" style=\"text-align: justify;\"><span class=\"s1\">Laufey \u00e4r guide och har \u00f6ver 20 \u00e5rs erfarenhet av turer p\u00e5 glaci\u00e4ren. Hon \u00e4r f\u00f6dd och uppvuxen p\u00e5 landet vid Vatnaj\u00f6kull, med utsikt \u00f6ver glaci\u00e4ren och hon bor d\u00e4r \u00e4n idag tillsammans med Gulli.<br \/>\n<\/span><span class=\"s1\">Du kommer aldrig att bli besviken n\u00e4r Laufey \u00e4r i n\u00e4rheten och du kan vara s\u00e4ker p\u00e5 att hon s\u00e4ger precis vad hon t\u00e4nker.<br \/>\n<\/span>Att guida och vara p\u00e5 glaci\u00e4ren \u00e4r det hon g\u00f6r b\u00e4st, ut\u00f6ver att vara den b\u00e4sta mamman och mormorn.[\/vc_column_text][vc_icon icon_fontawesome=&#8221;fa fa-envelope-o&#8221; color=&#8221;custom&#8221; align=&#8221;center&#8221; custom_color=&#8221;#27a9e1&#8243; link=&#8221;url:mailto%3Alaufey%40glacierjourney.is|||&#8221;][\/vc_column_inner][\/vc_row_inner][vc_row_inner][vc_column_inner width=&#8221;1\/2&#8243;][vc_single_image image=&#8221;10422&#8243; img_size=&#8221;medium&#8221; alignment=&#8221;center&#8221; style=&#8221;vc_box_circle_2&#8243;][vc_column_text css=&#8221;.vc_custom_1712575010980{margin-bottom: 0px !important;}&#8221;]\n<h3 style=\"text-align: center;\"><strong>Mikhail<br \/>\nGuide<\/strong><\/h3>\n<p>Mikhail kom till Island 2023 fr\u00e5n Ryssland. Han \u00e4r fr\u00e5n Yakutia, s\u00e5 han \u00e4r van vid det extremt kalla klimatet.<br \/>\nHan \u00e4lskar att bo i Vatnaj\u00f6kulls rike och vi har turen att han \u00e4r h\u00e4r f\u00f6r att stanna.<br \/>\nHan \u00e4r en jokester och det \u00e4r alltid roligt att vara runt honom.<br \/>\nMikhail \u00e4r certifierad ingenj\u00f6r och har precis b\u00f6rjat sitt guidande liv 2023.<\/p>\n<p>Han \u00e4lskar att vara guide och har uppenbarligen hittat sin passion i livet.[\/vc_column_text][\/vc_column_inner][vc_column_inner width=&#8221;1\/2&#8243;][vc_single_image image=&#8221;10416&#8243; img_size=&#8221;medium&#8221; alignment=&#8221;center&#8221; style=&#8221;vc_box_circle_2&#8243;][vc_column_text css=&#8221;.vc_custom_1770241346490{margin-bottom: 0px !important;}&#8221;]\n<h3 style=\"text-align: center;\"><strong>Tinna Rut<br \/>\nKontor \/ Guide<\/strong><\/h3>\n<p>Tinna Rut \u00e4r yngsta dotter till Gulli &amp; Laufey.<\/p>\n<p>Hon \u00e4r en mamma, hon v\u00e4xte upp p\u00e5 en mj\u00f6lk- och f\u00e5rfarm. Hon \u00e4lskar den frihet som landsbygden har att erbjuda.<\/p>\n<p>Hon arbetade i 10 \u00e5r med funktionshindrade i H\u00f6fn innan hon gick med i Glacier Journey-teamet.<\/p>\n<p>Tinna Rut jobbar p\u00e5 kontoret p\u00e5 Glacier Journey \u2013 svarar p\u00e5 mejl, tar hand om bokningar och sk\u00f6ter hemsidan.[\/vc_column_text][vc_icon icon_fontawesome=&#8221;far fa-envelope&#8221; color=&#8221;custom&#8221; align=&#8221;center&#8221; custom_color=&#8221;#27a9e1&#8243; link=&#8221;url:%20mailto%3Ainfo%40glacierjourney.is&#8221;][\/vc_column_inner][\/vc_row_inner][vc_empty_space height=&#8221;44px&#8221;][vc_row_inner][vc_column_inner width=&#8221;1\/2&#8243;][vc_single_image image=&#8221;8983&#8243; img_size=&#8221;medium&#8221; alignment=&#8221;center&#8221; style=&#8221;vc_box_circle_2&#8243;][vc_column_text css=&#8221;.vc_custom_1651671321709{margin-bottom: 0px !important;}&#8221;]\n<h3 style=\"text-align: center;\"><strong>K\u00e1ri<br \/>\nGuide<\/strong><\/h3>\n<p>K\u00e1ri \u00e4r f\u00f6dd och uppvuxen p\u00e5 Island men flyttade till sterrike n\u00e4r han var 23 \u00e5r gammal. Han jobbade d\u00e4r som guide, bland annat i rafting, kajak p\u00e5 floden Mur i Steiermark och som SUP guide.<br \/>\nK\u00e1ri bor nu i H\u00f6fn och jobbar som guide men \u00e4ven bilmekaniker hos Glacier Journey.<br \/>\nK\u00e1ri har jobbat inom branschen n\u00e4stan hela sitt liv och har d\u00e4rf\u00f6r stor erfarenhet av b\u00e5de fj\u00e4llen och glaci\u00e4rer. Ut\u00f6ver det har han studerat kurser inom turism, Wilderness First Responder (WFR) och r\u00e4ddning ur glaci\u00e4rsprickor.<br \/>\nF\u00f6rutom att vara p\u00e5 glaci\u00e4ren tycker K\u00e1ri om att vara ute i naturen, fj\u00e4llvandring, kl\u00e4ttra och motorsport.[\/vc_column_text][\/vc_column_inner][vc_column_inner width=&#8221;1\/2&#8243;][vc_single_image image=&#8221;9295&#8243; img_size=&#8221;medium&#8221; alignment=&#8221;center&#8221;][vc_column_text css=&#8221;.vc_custom_1670232329799{margin-bottom: 0px !important;}&#8221;]\n<h3 style=\"text-align: center;\"><strong>Andrei<br \/>\nGuide<\/strong><\/h3>\n<p>Andrei \u00e4r guide med mer \u00e4n 10 \u00e5rs erfarenhet av fj\u00e4llen och glaci\u00e4ren. Han \u00e4r en \u00e4ventyrare och det finns f\u00e5 saker han tycker b\u00e4ttre om \u00e4n att vara ute i naturen.<br \/>\nAndrei \u00e4r \u00e4ven snowboard- och skidinstrukt\u00f6r och har m\u00e5nga \u00e5rs erfarenhet av att l\u00e4ra folk att \u00e5ka, framf\u00f6r allt barn.<br \/>\nAndrei \u00e4r f\u00f6dd och uppvuxen i Rum\u00e4nien, omringad av Europas n\u00e4stl\u00e4ngsta bergskedja, Karpaterna. Han bor idag tillsammans med sin familj i H\u00f6fn.<br \/>\nAndrei har l\u00e4st m\u00e5nga kurser, bland annat Wilderness First Responder (WFR) och r\u00e4ddning ur glaci\u00e4rsprickor.[\/vc_column_text][\/vc_column_inner][\/vc_row_inner][vc_empty_space height=&#8221;44px&#8221;][vc_row_inner][vc_column_inner width=&#8221;1\/2&#8243;][vc_single_image image=&#8221;7372&#8243; img_size=&#8221;medium&#8221; alignment=&#8221;center&#8221;][vc_column_text css=&#8221;.vc_custom_1651671768238{margin-bottom: 0px !important;}&#8221;]\n<h3 style=\"text-align: center;\"><strong>Stephan<br \/>\nGuide<\/strong><\/h3>\n<p>Stephan \u00e4r ursprungligen fr\u00e5n \u00d6sterrike och l\u00e4rde sig \u00e5ka skidor samtidigt som han b\u00f6rjade att g\u00e5. Sedan dess har han aldrig missat en chans att vara i fj\u00e4llen, och fortsatte att g\u00f6ra det efter att han kom till Island 2013.<br \/>\nUt\u00f6ver att ha \u00e5rtioenden av erfarenhet av fj\u00e4llen, skidor och sn\u00f6skoter \u00e4r Stephan ocks\u00e5 aktiv i r\u00e4ddningstj\u00e4nsten och har l\u00e4st m\u00e5nga kurser, s\u00e5 som Wilderness First Responder (WFR), r\u00e4ddning ur glaci\u00e4rsprickor och r\u00e4ddning p\u00e5 fj\u00e4llen.[\/vc_column_text][\/vc_column_inner][vc_column_inner width=&#8221;1\/2&#8243;][vc_single_image image=&#8221;8980&#8243; img_size=&#8221;medium&#8221; alignment=&#8221;center&#8221; style=&#8221;vc_box_circle_2&#8243;][vc_column_text css=&#8221;.vc_custom_1682328735032{margin-bottom: 0px !important;}&#8221;]\n<h3 style=\"text-align: center;\"><strong>Paul<br \/>\nGuide<\/strong><\/h3>\n<p>Paul kom till Island 2016 fr\u00e5n Rum\u00e4nien, d\u00e4r han v\u00e4xte upp omgiven av Karpaterna. Han \u00e4lskar att vara i naturen och att bo i Vatnaj\u00f6kulls rike.<\/p>\n<p>Han \u00e4r alltid redo f\u00f6r \u00e4ventyr och ett gott skratt.<\/p>\n<p>Paul \u00e4r certifierad guide och har dessutom g\u00e5tt flera ytterligare kurser, som Wilderness First Responder och Crevasse Rescue Training, som han forts\u00e4tter att h\u00e5lla uppdaterade.[\/vc_column_text][\/vc_column_inner][\/vc_row_inner][vc_row_inner][vc_column_inner width=&#8221;1\/2&#8243;][\/vc_column_inner][vc_column_inner width=&#8221;1\/2&#8243;][\/vc_column_inner][\/vc_row_inner][vc_empty_space height=&#8221;44px&#8221;][vc_empty_space height=&#8221;44px&#8221;][\/vc_column][\/mk_page_section][mk_page_section bg_image=&#8221;http:\/\/glacierjourney.is\/wp-content\/uploads\/2015\/07\/footerbg.jpg&#8221; attachment=&#8221;fixed&#8221; bg_position=&#8221;center top&#8221; bg_repeat=&#8221;no-repeat&#8221; bg_stretch=&#8221;true&#8221; min_height=&#8221;500&#8243; full_width=&#8221;true&#8221; full_height=&#8221;true&#8221; padding_top=&#8221;0&#8243; padding_bottom=&#8221;0&#8243; sidebar=&#8221;sidebar-1&#8243;][vc_column width=&#8221;1\/4&#8243;][vc_empty_space height=&#8221;222px&#8221;][\/vc_column][vc_column width=&#8221;1\/2&#8243;][vc_empty_space height=&#8221;222px&#8221;][vc_column_text css=&#8221;.vc_custom_1651765303491{margin-bottom: 0px !important;}&#8221;]\n<h1 style=\"text-align: center;\"><strong>Det \u00e4r v\u00e5r passion att visa v\u00e5ra g\u00e4ster det h\u00e4pnadsv\u00e4ckande landskapet som finns runt Vatnaj\u00f6kull.<\/strong><\/h1>\n[\/vc_column_text][vc_empty_space height=&#8221;222px&#8221;][\/vc_column][vc_column width=&#8221;1\/4&#8243;][\/vc_column][\/mk_page_section]\n<\/div>","protected":false},"excerpt":{"rendered":"<p>[mk_page_section bg_image=&#8221;http:\/\/glacierjourney.is\/wp-content\/uploads\/2015\/07\/header-glacierjourney.jpg&#8221; attachment=&#8221;fixed&#8221; bg_position=&#8221;center top&#8221; bg_repeat=&#8221;no-repeat&#8221; bg_stretch=&#8221;true&#8221; enable_3d=&#8221;true&#8221; bg_gradient=&#8221;vertical&#8221; video_color_mask=&#8221;#1e73be&#8221; gr_end=&#8221;#28b7ff&#8221; video_opacity=&#8221;0.5&#8243; min_height=&#8221;300&#8243; full_width=&#8221;true&#8221; padding_top=&#8221;0&#8243; first_page=&#8221;true&#8221; last_page=&#8221;false&#8221; sidebar=&#8221;sidebar-1&#8243;][vc_column][mk_padding_divider size=&#8221;100&#8243;][mk_fancy_title color=&#8221;#ffffff&#8221; size=&#8221;40&#8243; font_weight=&#8221;900&#8243; letter_spacing=&#8221;4&#8243; margin_bottom=&#8221;18&#8243; font_family=&#8221;none&#8221; align=&#8221;center&#8221; animation=&#8221;fade-in&#8221;]OM OSS[\/mk_fancy_title][mk_padding_divider][\/vc_column][\/mk_page_section][vc_row padding=&#8221;0&#8243;][vc_column][vc_empty_space height=&#8221;50px&#8221;][\/vc_column][\/vc_row][vc_row padding=&#8221;0&#8243;][vc_column width=&#8221;1\/2&#8243;][vc_empty_space height=&#8221;44px&#8221;][vc_single_image image=&#8221;8943&#8243; img_size=&#8221;full&#8221;][vc_empty_space height=&#8221;44px&#8221;][\/vc_column][vc_column width=&#8221;1\/2&#8243;][vc_empty_space height=&#8221;44px&#8221;][vc_column_text css=&#8221;.vc_custom_1651759078668{margin-bottom: 0px !important;}&#8221;] Glacier Journey\u00a0 Glacier Journey \u00e4r ett familjef\u00f6retag som ligger i H\u00f6fn \u00ed Hornafir\u00f0i och [&hellip;]<\/p>\n","protected":false},"author":3,"featured_media":0,"parent":0,"menu_order":0,"comment_status":"closed","ping_status":"closed","template":"","meta":{"_exactmetrics_skip_tracking":false,"_exactmetrics_sitenote_active":false,"_exactmetrics_sitenote_note":"","_exactmetrics_sitenote_category":0,"footnotes":""},"class_list":["post-9026","page","type-page","status-publish","hentry"],"yoast_head":"<!-- This site is optimized with the Yoast SEO plugin v27.4 - https:\/\/yoast.com\/product\/yoast-seo-wordpress\/ -->\n<title>- Glacier Journey<\/title>\n<meta name=\"robots\" content=\"index, follow, max-snippet:-1, max-image-preview:large, max-video-preview:-1\" \/>\n<link rel=\"canonical\" href=\"https:\/\/glacierjourney.is\/sv\/omoss\/\" \/>\n<meta property=\"og:locale\" content=\"sv_SE\" \/>\n<meta property=\"og:type\" content=\"article\" \/>\n<meta property=\"og:title\" content=\"- Glacier Journey\" \/>\n<meta property=\"og:description\" content=\"[mk_page_section bg_image=&#8221;http:\/\/glacierjourney.is\/wp-content\/uploads\/2015\/07\/header-glacierjourney.jpg&#8221; attachment=&#8221;fixed&#8221; bg_position=&#8221;center top&#8221; bg_repeat=&#8221;no-repeat&#8221; bg_stretch=&#8221;true&#8221; enable_3d=&#8221;true&#8221; bg_gradient=&#8221;vertical&#8221; video_color_mask=&#8221;#1e73be&#8221; gr_end=&#8221;#28b7ff&#8221; video_opacity=&#8221;0.5&#8243; min_height=&#8221;300&#8243; full_width=&#8221;true&#8221; padding_top=&#8221;0&#8243; first_page=&#8221;true&#8221; last_page=&#8221;false&#8221; sidebar=&#8221;sidebar-1&#8243;][vc_column][mk_padding_divider size=&#8221;100&#8243;][mk_fancy_title color=&#8221;#ffffff&#8221; size=&#8221;40&#8243; font_weight=&#8221;900&#8243; letter_spacing=&#8221;4&#8243; margin_bottom=&#8221;18&#8243; font_family=&#8221;none&#8221; align=&#8221;center&#8221; animation=&#8221;fade-in&#8221;]OM OSS[\/mk_fancy_title][mk_padding_divider][\/vc_column][\/mk_page_section][vc_row padding=&#8221;0&#8243;][vc_column][vc_empty_space height=&#8221;50px&#8221;][\/vc_column][\/vc_row][vc_row padding=&#8221;0&#8243;][vc_column width=&#8221;1\/2&#8243;][vc_empty_space height=&#8221;44px&#8221;][vc_single_image image=&#8221;8943&#8243; img_size=&#8221;full&#8221;][vc_empty_space height=&#8221;44px&#8221;][\/vc_column][vc_column width=&#8221;1\/2&#8243;][vc_empty_space height=&#8221;44px&#8221;][vc_column_text css=&#8221;.vc_custom_1651759078668{margin-bottom: 0px !important;}&#8221;] Glacier Journey\u00a0 Glacier Journey \u00e4r ett familjef\u00f6retag som ligger i H\u00f6fn \u00ed Hornafir\u00f0i och [&hellip;]\" \/>\n<meta property=\"og:url\" content=\"https:\/\/glacierjourney.is\/sv\/omoss\/\" \/>\n<meta property=\"og:site_name\" content=\"Glacier Journey\" \/>\n<meta property=\"article:modified_time\" content=\"2026-02-04T21:46:43+00:00\" \/>\n<meta property=\"og:image\" content=\"http:\/\/glacierjourney.is\/wp-content\/uploads\/2014\/08\/glacier-journey-web.jpg\" \/>\n<meta name=\"twitter:card\" content=\"summary_large_image\" \/>\n<meta name=\"twitter:label1\" content=\"Ber\u00e4knad l\u00e4stid\" \/>\n\t<meta name=\"twitter:data1\" content=\"6 minuter\" \/>\n<script type=\"application\/ld+json\" class=\"yoast-schema-graph\">{\"@context\":\"https:\\\/\\\/schema.org\",\"@graph\":[{\"@type\":\"WebPage\",\"@id\":\"https:\\\/\\\/glacierjourney.is\\\/sv\\\/omoss\\\/\",\"url\":\"https:\\\/\\\/glacierjourney.is\\\/sv\\\/omoss\\\/\",\"name\":\"- Glacier Journey\",\"isPartOf\":{\"@id\":\"https:\\\/\\\/glacierjourney.is\\\/#website\"},\"datePublished\":\"2022-05-04T13:51:14+00:00\",\"dateModified\":\"2026-02-04T21:46:43+00:00\",\"inLanguage\":\"sv-SE\",\"potentialAction\":[{\"@type\":\"ReadAction\",\"target\":[\"https:\\\/\\\/glacierjourney.is\\\/sv\\\/omoss\\\/\"]}]},{\"@type\":\"WebSite\",\"@id\":\"https:\\\/\\\/glacierjourney.is\\\/#website\",\"url\":\"https:\\\/\\\/glacierjourney.is\\\/\",\"name\":\"Glacier Journey\",\"description\":\"Take a journey with us into the vastness of Vatnaj\u00f6kull\",\"potentialAction\":[{\"@type\":\"SearchAction\",\"target\":{\"@type\":\"EntryPoint\",\"urlTemplate\":\"https:\\\/\\\/glacierjourney.is\\\/?s={search_term_string}\"},\"query-input\":{\"@type\":\"PropertyValueSpecification\",\"valueRequired\":true,\"valueName\":\"search_term_string\"}}],\"inLanguage\":\"sv-SE\"}]}<\/script>\n<!-- \/ Yoast SEO plugin. -->","yoast_head_json":{"title":"- Glacier Journey","robots":{"index":"index","follow":"follow","max-snippet":"max-snippet:-1","max-image-preview":"max-image-preview:large","max-video-preview":"max-video-preview:-1"},"canonical":"https:\/\/glacierjourney.is\/sv\/omoss\/","og_locale":"sv_SE","og_type":"article","og_title":"- Glacier Journey","og_description":"[mk_page_section bg_image=&#8221;http:\/\/glacierjourney.is\/wp-content\/uploads\/2015\/07\/header-glacierjourney.jpg&#8221; attachment=&#8221;fixed&#8221; bg_position=&#8221;center top&#8221; bg_repeat=&#8221;no-repeat&#8221; bg_stretch=&#8221;true&#8221; enable_3d=&#8221;true&#8221; bg_gradient=&#8221;vertical&#8221; video_color_mask=&#8221;#1e73be&#8221; gr_end=&#8221;#28b7ff&#8221; video_opacity=&#8221;0.5&#8243; min_height=&#8221;300&#8243; full_width=&#8221;true&#8221; padding_top=&#8221;0&#8243; first_page=&#8221;true&#8221; last_page=&#8221;false&#8221; sidebar=&#8221;sidebar-1&#8243;][vc_column][mk_padding_divider size=&#8221;100&#8243;][mk_fancy_title color=&#8221;#ffffff&#8221; size=&#8221;40&#8243; font_weight=&#8221;900&#8243; letter_spacing=&#8221;4&#8243; margin_bottom=&#8221;18&#8243; font_family=&#8221;none&#8221; align=&#8221;center&#8221; animation=&#8221;fade-in&#8221;]OM OSS[\/mk_fancy_title][mk_padding_divider][\/vc_column][\/mk_page_section][vc_row padding=&#8221;0&#8243;][vc_column][vc_empty_space height=&#8221;50px&#8221;][\/vc_column][\/vc_row][vc_row padding=&#8221;0&#8243;][vc_column width=&#8221;1\/2&#8243;][vc_empty_space height=&#8221;44px&#8221;][vc_single_image image=&#8221;8943&#8243; img_size=&#8221;full&#8221;][vc_empty_space height=&#8221;44px&#8221;][\/vc_column][vc_column width=&#8221;1\/2&#8243;][vc_empty_space height=&#8221;44px&#8221;][vc_column_text css=&#8221;.vc_custom_1651759078668{margin-bottom: 0px !important;}&#8221;] Glacier Journey\u00a0 Glacier Journey \u00e4r ett familjef\u00f6retag som ligger i H\u00f6fn \u00ed Hornafir\u00f0i och [&hellip;]","og_url":"https:\/\/glacierjourney.is\/sv\/omoss\/","og_site_name":"Glacier Journey","article_modified_time":"2026-02-04T21:46:43+00:00","og_image":[{"url":"http:\/\/glacierjourney.is\/wp-content\/uploads\/2014\/08\/glacier-journey-web.jpg","type":"","width":"","height":""}],"twitter_card":"summary_large_image","twitter_misc":{"Ber\u00e4knad l\u00e4stid":"6 minuter"},"schema":{"@context":"https:\/\/schema.org","@graph":[{"@type":"WebPage","@id":"https:\/\/glacierjourney.is\/sv\/omoss\/","url":"https:\/\/glacierjourney.is\/sv\/omoss\/","name":"- Glacier Journey","isPartOf":{"@id":"https:\/\/glacierjourney.is\/#website"},"datePublished":"2022-05-04T13:51:14+00:00","dateModified":"2026-02-04T21:46:43+00:00","inLanguage":"sv-SE","potentialAction":[{"@type":"ReadAction","target":["https:\/\/glacierjourney.is\/sv\/omoss\/"]}]},{"@type":"WebSite","@id":"https:\/\/glacierjourney.is\/#website","url":"https:\/\/glacierjourney.is\/","name":"Glacier Journey","description":"Take a journey with us into the vastness of Vatnaj\u00f6kull","potentialAction":[{"@type":"SearchAction","target":{"@type":"EntryPoint","urlTemplate":"https:\/\/glacierjourney.is\/?s={search_term_string}"},"query-input":{"@type":"PropertyValueSpecification","valueRequired":true,"valueName":"search_term_string"}}],"inLanguage":"sv-SE"}]}},"_links":{"self":[{"href":"https:\/\/glacierjourney.is\/sv\/wp-json\/wp\/v2\/pages\/9026","targetHints":{"allow":["GET"]}}],"collection":[{"href":"https:\/\/glacierjourney.is\/sv\/wp-json\/wp\/v2\/pages"}],"about":[{"href":"https:\/\/glacierjourney.is\/sv\/wp-json\/wp\/v2\/types\/page"}],"author":[{"embeddable":true,"href":"https:\/\/glacierjourney.is\/sv\/wp-json\/wp\/v2\/users\/3"}],"replies":[{"embeddable":true,"href":"https:\/\/glacierjourney.is\/sv\/wp-json\/wp\/v2\/comments?post=9026"}],"version-history":[{"count":31,"href":"https:\/\/glacierjourney.is\/sv\/wp-json\/wp\/v2\/pages\/9026\/revisions"}],"predecessor-version":[{"id":10579,"href":"https:\/\/glacierjourney.is\/sv\/wp-json\/wp\/v2\/pages\/9026\/revisions\/10579"}],"wp:attachment":[{"href":"https:\/\/glacierjourney.is\/sv\/wp-json\/wp\/v2\/media?parent=9026"}],"curies":[{"name":"wp","href":"https:\/\/api.w.org\/{rel}","templated":true}]}}