{"id":8638,"date":"2022-01-14T16:45:00","date_gmt":"2022-01-14T16:45:00","guid":{"rendered":"https:\/\/glacierjourney.is\/?page_id=8638"},"modified":"2023-12-19T09:55:30","modified_gmt":"2023-12-19T09:55:30","slug":"lediga-jobb","status":"publish","type":"page","link":"https:\/\/glacierjourney.is\/sv\/lediga-jobb\/","title":{"rendered":""},"content":{"rendered":"<div class=\"wpb-content-wrapper\">[vc_row][vc_column][vc_tta_pageable no_fill_content_area=&#8221;true&#8221; autoplay=&#8221;10&#8243; active_section=&#8221;1&#8243; pagination_style=&#8221;flat-rounded&#8221; pagination_color=&#8221;sky&#8221; css_animation=&#8221;appear&#8221;][vc_tta_section title=&#8221;HUR L\u00c4NG TID TAR DET ATT K\u00d6RE TIL DIN BASE CAMP&#8221; tab_id=&#8221;1642173174054-e533950f-dbb8&#8243;][vc_column_text css=&#8221;.vc_custom_1702979536222{margin-bottom: 0px !important;}&#8221;]\n<p class=\"vc_custom_heading wpb_animate_when_almost_visible wpb_appear appear wpb_start_animation animated\" style=\"text-align: center;\"><strong>HUR L\u00c4NG TID TAR DET ATT K\u00d6RE TIL DIN BASE CAMP<\/strong><\/p>\n<p style=\"text-align: center;\"><strong>N\u00e4r du g\u00f6r en rundtur med oss \u00e4r det bra att vara bel\u00e4gen n\u00e5gonstans n\u00e4ra omr\u00e5det.<\/strong><\/p>\n<p style=\"text-align: center;\">Om du har en morgontur med oss \u2013 det \u00e4r b\u00e4st att bo n\u00e5gonstans i omr\u00e5det kv\u00e4llen innan.<\/p>\n<p style=\"text-align: center;\">Om du har en eftermiddagstur med oss \u2013 det \u00e4r b\u00e4st att stanna n\u00e5gonstans i omr\u00e5det natten efter.<\/p>\n<p style=\"text-align: center;\"><strong>Til vort sommer base camp \u2013 H\u00f3tel Smyrlabj\u00f6rg<\/strong><\/p>\n<p style=\"text-align: center;\">Fr\u00e5n Reykjav\u00edk tar det dig ca. 5 timmar.<\/p>\n<p style=\"text-align: center;\">Fr\u00e5n V\u00edk tar det dig ca. 3 timmar.<\/p>\n<p style=\"text-align: center;\">Fr\u00e5n Skaftafell tar det dig ca. 1 timme &amp; 15 minuter.<\/p>\n<p style=\"text-align: center;\">Fr\u00e5n H\u00f6fn tar det dig ca. 35 minuter.<\/p>\n<p style=\"text-align: center;\">Notera \u2013 desse tider \u00e4r givet att v\u00e4garna \u00e4r i gott skick och v\u00e4dret \u00e4r bra.<\/p>\n<p style=\"text-align: center;\">F\u00f6r v\u00e4gskick se\u00a0<a href=\"http:\/\/www.vegagerdin.is\/english\">vegagerdin.is<\/a>\u00a0och v\u00e4der\u00a0<a href=\"http:\/\/en.vedur.is\/\">vedur.is<\/a><\/p>\n<p style=\"text-align: center;\"><strong>Til vort vinter base camp \u2013 J\u00f6kuls\u00e1rl\u00f3n<\/strong><\/p>\n<p style=\"text-align: center;\">Fr\u00e5n Reykjav\u00edk tar det dig ca. 4 timmar.<\/p>\n<p style=\"text-align: center;\">Fr\u00e5n V\u00edk tar det dig ca. 2 timmar.<\/p>\n<p style=\"text-align: center;\">Fr\u00e5n Skaftafell tar det dig ca. 50 minuter.<\/p>\n<p style=\"text-align: center;\">Fr\u00e5n H\u00f6fn tar det dig ca. 1 timme &amp; 10 minuter.<\/p>\n<p style=\"text-align: center;\">Notera \u2013 desse tider \u00e4r givet att v\u00e4garna \u00e4r i gott skick och v\u00e4dret \u00e4r bra.<\/p>\n<p style=\"text-align: center;\">F\u00f6r v\u00e4gskick se\u00a0<a href=\"http:\/\/www.vegagerdin.is\/english\">vegagerdin.is<\/a>\u00a0och v\u00e4der\u00a0<a href=\"http:\/\/en.vedur.is\/\">vedur.is<\/a><\/p>\n[\/vc_column_text][\/vc_tta_section][vc_tta_section title=&#8221;LOCATION&#8221; tab_id=&#8221;1642173174045-06847cad-bb00&#8243;][vc_single_image image=&#8221;9524&#8243; img_size=&#8221;full&#8221; alignment=&#8221;center&#8221;][\/vc_tta_section][vc_tta_section title=&#8221;V\u00c4DER &#8211; OCH V\u00c4GINFORMATION&#8221; tab_id=&#8221;1680254217605-54aa880c-40e3&#8243;][vc_column_text css=&#8221;.vc_custom_1702979547729{margin-bottom: 0px !important;}&#8221;]\n<p class=\"vc_custom_heading wpb_animate_when_almost_visible wpb_appear appear wpb_start_animation animated\" style=\"text-align: center;\"><strong>V\u00c4DER &#8211; OCH V\u00c4GINFORMATION<\/strong><\/p>\n<p style=\"text-align: center;\"><a href=\"https:\/\/www.road.is\/\">https:\/\/www.road.is\/<\/a><\/p>\n<p style=\"text-align: center;\">Road.is \u00e4r en webbplats som informerar om v\u00e4glaget och det \u00e4r n\u00f6dv\u00e4ndigt att h\u00e5lla ett \u00f6ga p\u00e5 v\u00e4glaget \u2013 speciellt under vintertid p\u00e5 Island.<\/p>\n<p style=\"text-align: center;\"><a href=\"https:\/\/en.vedur.is\/\">https:\/\/en.vedur.is\/<\/a><\/p>\n<p style=\"text-align: center;\">Vedur.is en webbsida som informerar om v\u00e4derf\u00f6rh\u00e5llandena och det \u00e4r n\u00f6dv\u00e4ndigt att h\u00e5lla ett \u00f6ga p\u00e5 v\u00e4dret, den f\u00f6r\u00e4ndras snabbt \u2013 speciellt under vintertid p\u00e5 Island.<\/p>\n<p style=\"text-align: center;\"><a href=\"https:\/\/safetravel.is\/\">https:\/\/safetravel.is\/<\/a><\/p>\n<p style=\"text-align: center;\">Safetravel \u00e4r en webbplats som har samlat all information om s\u00e4ker resor p\u00e5 Island och det finns \u00e4ven en App som g\u00e5r att ladda ner \u2013 b\u00e5de Android och IOS. Kontrollera det innan du reser till Island.<\/p>\n[\/vc_column_text][\/vc_tta_section][vc_tta_section title=&#8221;HUR SKA JAG KL\u00c4 MIG INF\u00d6R TUREN&#8221; tab_id=&#8221;1680254480742-4fea15c9-de40&#8243;][vc_column_text css=&#8221;.vc_custom_1680254153450{margin-bottom: 0px !important;}&#8221;]\n<p class=\"vc_custom_heading wpb_animate_when_almost_visible wpb_appear appear wpb_start_animation animated\" style=\"text-align: center;\"><strong>HUR SKA JAG KL\u00c4 MIG INF\u00d6R TUREN<\/strong><\/p>\n<p>Om du kommer med oss p\u00e5 sn\u00f6skoter rekommenderar vi att du har p\u00e5 dig n\u00e5got som \u00e4r bekv\u00e4mt och varmt. Det \u00e4r n\u00f6dv\u00e4ndigt att ha bra och vattent\u00e4ta skor eller k\u00e4ngor. Vi rekommenderar ocks\u00e5 att du har med dig bra handskar \u00e4ven om du kan l\u00e5na hos oss skulle det beh\u00f6vas.<\/p>\n<p>P\u00e5 turerna i isgrottorna eller p\u00e5 glaci\u00e4ren ska du kl\u00e4 dig i ett varmt och bekv\u00e4mt inre lager och varma och vattent\u00e4ta mellan- och yttre lager. Vi rekommenderar inte att du har p\u00e5 dig jeans d\u00e5 de blir tunga, kalla och obekv\u00e4ma n\u00e4r de blir bl\u00f6ta.<\/p>\n<p>P\u00e5 Island m\u00e5ste du vara beredd p\u00e5 att v\u00e4dret kan \u00e4ndras snabbt och intensivt, fr\u00e5n sol till sn\u00f6 p\u00e5 n\u00e5gra minuter. D\u00e4rf\u00f6r \u00e4r det viktigt att du hellre har f\u00f6r mycket \u00e4n f\u00f6r lite p\u00e5 dig. Ha alltid som m\u00e5l att vara varm, torr och bekv\u00e4m.<br \/>\nVi rekommenderar ocks\u00e5 att du har med dig solglas\u00f6gon p\u00e5 varje tur.<\/p>\n[\/vc_column_text][\/vc_tta_section][\/vc_tta_pageable][\/vc_column][\/vc_row]\n<\/div>","protected":false},"excerpt":{"rendered":"<p>[vc_row][vc_column][vc_tta_pageable no_fill_content_area=&#8221;true&#8221; autoplay=&#8221;10&#8243; active_section=&#8221;1&#8243; pagination_style=&#8221;flat-rounded&#8221; pagination_color=&#8221;sky&#8221; css_animation=&#8221;appear&#8221;][vc_tta_section title=&#8221;HUR L\u00c4NG TID TAR DET ATT K\u00d6RE TIL DIN BASE CAMP&#8221; tab_id=&#8221;1642173174054-e533950f-dbb8&#8243;][vc_column_text css=&#8221;.vc_custom_1702979536222{margin-bottom: 0px !important;}&#8221;] HUR L\u00c4NG TID TAR DET ATT K\u00d6RE TIL DIN BASE CAMP N\u00e4r du g\u00f6r en rundtur med oss \u00e4r det bra att vara bel\u00e4gen n\u00e5gonstans n\u00e4ra omr\u00e5det. Om du har en morgontur med [&hellip;]<\/p>\n","protected":false},"author":3,"featured_media":0,"parent":0,"menu_order":0,"comment_status":"closed","ping_status":"closed","template":"","meta":{"_exactmetrics_skip_tracking":false,"_exactmetrics_sitenote_active":false,"_exactmetrics_sitenote_note":"","_exactmetrics_sitenote_category":0,"footnotes":""},"class_list":["post-8638","page","type-page","status-publish","hentry"],"yoast_head":"<!-- This site is optimized with the Yoast SEO plugin v27.4 - https:\/\/yoast.com\/product\/yoast-seo-wordpress\/ -->\n<title>- Glacier Journey<\/title>\n<meta name=\"robots\" content=\"index, follow, max-snippet:-1, max-image-preview:large, max-video-preview:-1\" \/>\n<link rel=\"canonical\" href=\"https:\/\/glacierjourney.is\/sv\/lediga-jobb\/\" \/>\n<meta property=\"og:locale\" content=\"sv_SE\" \/>\n<meta property=\"og:type\" content=\"article\" \/>\n<meta property=\"og:title\" content=\"- Glacier Journey\" \/>\n<meta property=\"og:description\" content=\"[vc_row][vc_column][vc_tta_pageable no_fill_content_area=&#8221;true&#8221; autoplay=&#8221;10&#8243; active_section=&#8221;1&#8243; pagination_style=&#8221;flat-rounded&#8221; pagination_color=&#8221;sky&#8221; css_animation=&#8221;appear&#8221;][vc_tta_section title=&#8221;HUR L\u00c4NG TID TAR DET ATT K\u00d6RE TIL DIN BASE CAMP&#8221; tab_id=&#8221;1642173174054-e533950f-dbb8&#8243;][vc_column_text css=&#8221;.vc_custom_1702979536222{margin-bottom: 0px !important;}&#8221;] HUR L\u00c4NG TID TAR DET ATT K\u00d6RE TIL DIN BASE CAMP N\u00e4r du g\u00f6r en rundtur med oss \u00e4r det bra att vara bel\u00e4gen n\u00e5gonstans n\u00e4ra omr\u00e5det. Om du har en morgontur med [&hellip;]\" \/>\n<meta property=\"og:url\" content=\"https:\/\/glacierjourney.is\/sv\/lediga-jobb\/\" \/>\n<meta property=\"og:site_name\" content=\"Glacier Journey\" \/>\n<meta property=\"article:modified_time\" content=\"2023-12-19T09:55:30+00:00\" \/>\n<meta name=\"twitter:card\" content=\"summary_large_image\" \/>\n<meta name=\"twitter:label1\" content=\"Ber\u00e4knad l\u00e4stid\" \/>\n\t<meta name=\"twitter:data1\" content=\"3 minuter\" \/>\n<script type=\"application\/ld+json\" class=\"yoast-schema-graph\">{\"@context\":\"https:\\\/\\\/schema.org\",\"@graph\":[{\"@type\":\"WebPage\",\"@id\":\"https:\\\/\\\/glacierjourney.is\\\/sv\\\/lediga-jobb\\\/\",\"url\":\"https:\\\/\\\/glacierjourney.is\\\/sv\\\/lediga-jobb\\\/\",\"name\":\"- Glacier Journey\",\"isPartOf\":{\"@id\":\"https:\\\/\\\/glacierjourney.is\\\/#website\"},\"datePublished\":\"2022-01-14T16:45:00+00:00\",\"dateModified\":\"2023-12-19T09:55:30+00:00\",\"inLanguage\":\"sv-SE\",\"potentialAction\":[{\"@type\":\"ReadAction\",\"target\":[\"https:\\\/\\\/glacierjourney.is\\\/sv\\\/lediga-jobb\\\/\"]}]},{\"@type\":\"WebSite\",\"@id\":\"https:\\\/\\\/glacierjourney.is\\\/#website\",\"url\":\"https:\\\/\\\/glacierjourney.is\\\/\",\"name\":\"Glacier Journey\",\"description\":\"Take a journey with us into the vastness of Vatnaj\u00f6kull\",\"potentialAction\":[{\"@type\":\"SearchAction\",\"target\":{\"@type\":\"EntryPoint\",\"urlTemplate\":\"https:\\\/\\\/glacierjourney.is\\\/?s={search_term_string}\"},\"query-input\":{\"@type\":\"PropertyValueSpecification\",\"valueRequired\":true,\"valueName\":\"search_term_string\"}}],\"inLanguage\":\"sv-SE\"}]}<\/script>\n<!-- \/ Yoast SEO plugin. -->","yoast_head_json":{"title":"- Glacier Journey","robots":{"index":"index","follow":"follow","max-snippet":"max-snippet:-1","max-image-preview":"max-image-preview:large","max-video-preview":"max-video-preview:-1"},"canonical":"https:\/\/glacierjourney.is\/sv\/lediga-jobb\/","og_locale":"sv_SE","og_type":"article","og_title":"- Glacier Journey","og_description":"[vc_row][vc_column][vc_tta_pageable no_fill_content_area=&#8221;true&#8221; autoplay=&#8221;10&#8243; active_section=&#8221;1&#8243; pagination_style=&#8221;flat-rounded&#8221; pagination_color=&#8221;sky&#8221; css_animation=&#8221;appear&#8221;][vc_tta_section title=&#8221;HUR L\u00c4NG TID TAR DET ATT K\u00d6RE TIL DIN BASE CAMP&#8221; tab_id=&#8221;1642173174054-e533950f-dbb8&#8243;][vc_column_text css=&#8221;.vc_custom_1702979536222{margin-bottom: 0px !important;}&#8221;] HUR L\u00c4NG TID TAR DET ATT K\u00d6RE TIL DIN BASE CAMP N\u00e4r du g\u00f6r en rundtur med oss \u00e4r det bra att vara bel\u00e4gen n\u00e5gonstans n\u00e4ra omr\u00e5det. Om du har en morgontur med [&hellip;]","og_url":"https:\/\/glacierjourney.is\/sv\/lediga-jobb\/","og_site_name":"Glacier Journey","article_modified_time":"2023-12-19T09:55:30+00:00","twitter_card":"summary_large_image","twitter_misc":{"Ber\u00e4knad l\u00e4stid":"3 minuter"},"schema":{"@context":"https:\/\/schema.org","@graph":[{"@type":"WebPage","@id":"https:\/\/glacierjourney.is\/sv\/lediga-jobb\/","url":"https:\/\/glacierjourney.is\/sv\/lediga-jobb\/","name":"- Glacier Journey","isPartOf":{"@id":"https:\/\/glacierjourney.is\/#website"},"datePublished":"2022-01-14T16:45:00+00:00","dateModified":"2023-12-19T09:55:30+00:00","inLanguage":"sv-SE","potentialAction":[{"@type":"ReadAction","target":["https:\/\/glacierjourney.is\/sv\/lediga-jobb\/"]}]},{"@type":"WebSite","@id":"https:\/\/glacierjourney.is\/#website","url":"https:\/\/glacierjourney.is\/","name":"Glacier Journey","description":"Take a journey with us into the vastness of Vatnaj\u00f6kull","potentialAction":[{"@type":"SearchAction","target":{"@type":"EntryPoint","urlTemplate":"https:\/\/glacierjourney.is\/?s={search_term_string}"},"query-input":{"@type":"PropertyValueSpecification","valueRequired":true,"valueName":"search_term_string"}}],"inLanguage":"sv-SE"}]}},"_links":{"self":[{"href":"https:\/\/glacierjourney.is\/sv\/wp-json\/wp\/v2\/pages\/8638","targetHints":{"allow":["GET"]}}],"collection":[{"href":"https:\/\/glacierjourney.is\/sv\/wp-json\/wp\/v2\/pages"}],"about":[{"href":"https:\/\/glacierjourney.is\/sv\/wp-json\/wp\/v2\/types\/page"}],"author":[{"embeddable":true,"href":"https:\/\/glacierjourney.is\/sv\/wp-json\/wp\/v2\/users\/3"}],"replies":[{"embeddable":true,"href":"https:\/\/glacierjourney.is\/sv\/wp-json\/wp\/v2\/comments?post=8638"}],"version-history":[{"count":8,"href":"https:\/\/glacierjourney.is\/sv\/wp-json\/wp\/v2\/pages\/8638\/revisions"}],"predecessor-version":[{"id":10376,"href":"https:\/\/glacierjourney.is\/sv\/wp-json\/wp\/v2\/pages\/8638\/revisions\/10376"}],"wp:attachment":[{"href":"https:\/\/glacierjourney.is\/sv\/wp-json\/wp\/v2\/media?parent=8638"}],"curies":[{"name":"wp","href":"https:\/\/api.w.org\/{rel}","templated":true}]}}