{"id":8389,"date":"2021-12-17T15:33:18","date_gmt":"2021-12-17T15:33:18","guid":{"rendered":"https:\/\/glacierjourney.is\/?page_id=8389"},"modified":"2022-12-07T10:57:52","modified_gmt":"2022-12-07T10:57:52","slug":"miljopolicy-och-fokus","status":"publish","type":"page","link":"https:\/\/glacierjourney.is\/sv\/miljopolicy-och-fokus\/","title":{"rendered":""},"content":{"rendered":"<div class=\"wpb-content-wrapper\">[vc_row][vc_column][mk_fancy_title color=&#8221;#1e73be&#8221; size=&#8221;34&#8243; font_weight=&#8221;bold&#8221; margin_bottom=&#8221;18&#8243; font_family=&#8221;Oswald&#8221; font_type=&#8221;google&#8221; align=&#8221;center&#8221;]MILJ\u00d6POLICY OCH FOKUS<\/p>\n<p>S\u00c4KERHETSPOLICY OCH FOKUS[\/mk_fancy_title][\/vc_column][\/vc_row][vc_row][vc_column][vc_empty_space][mk_divider style=&#8221;thick_solid&#8221; animation=&#8221;fade-in&#8221;][vc_empty_space][\/vc_column][\/vc_row][vc_row][vc_column][vc_column_text css=&#8221;.vc_custom_1652102209131{margin-bottom: 0px !important;}&#8221;]<strong>Milj\u00f6policy<\/strong><\/p>\n<p>Vi hos Glacier Journey har \u00e5tagit oss att dela v\u00e5ran k\u00e4rlek och respekt f\u00f6r den isl\u00e4ndska naturen och dela den med varje kund f\u00f6r en unik erfarenhet som aldrig kommer att gl\u00f6mmas. Islands natur \u00e4r till stor del intakt och ost\u00f6rd, vilket g\u00f6r den v\u00e4ldigt unik men ocks\u00e5 \u00f6mt\u00e5lig. Vi vill f\u00f6reg\u00e5 med ett gott exempel och vill s\u00e4tta ribban h\u00f6gt f\u00f6r standarden f\u00f6r Islands unga \u00e4ventyrliga turismindustri. Vi vill fr\u00e4mja en attityd\u00a0 gentemot naturen d\u00e4r fokuset \u00e4r p\u00e5 att vildmarken f\u00f6rblir s\u00e5 intakt som m\u00f6jligt s\u00e5 att \u00e4ven n\u00e4sta generationer f\u00e5r uppleva det.<br \/>\nVi har jobbat h\u00e5rt f\u00f6r att bli certifierade av Vakinn, Islands officiella system f\u00f6r att evaluera kvalitet och milj\u00f6problem inom den isl\u00e4ndska turismen, och vi jobbar h\u00e5rt f\u00f6r att beh\u00e5lla den certifikationen. Glacier Journey \u00e4r stolta \u00f6ver att vara officiellt erk\u00e4nda som h\u00e5llbara researrang\u00f6rer.<\/p>\n<p><strong>H\u00e5llbarhetsdeklaration och milj\u00f6ansvar<\/strong><\/p>\n<p>\u00c4ven om vi p\u00e5 Glacier Journey har erh\u00e5llit en st\u00e4mpel som en officiellt erk\u00e4nd h\u00e5llbar researrang\u00f6r jobbar vi \u00e4nd\u00e5 mot att hitta fler saker att f\u00f6rb\u00e4ttra. Vi tror p\u00e5 att om ett f\u00f6retag s\u00e5 som v\u00e5rat vill forts\u00e4tta att blomstra finns det bara ett s\u00e4tt att g\u00f6ra det p\u00e5; i harmoni med naturen, n\u00e4rsamh\u00e4llet och de som bor h\u00e4r. Vi prioriterar ink\u00f6p lokalt d\u00e4r det \u00e4r m\u00f6jligt, f\u00f6r att f\u00f6rhindra att varor fraktas l\u00e5ngt och f\u00f6r att f\u00f6rs\u00e4kra oss om att v\u00e5ra \u00e5terf\u00f6rs\u00e4ljare ocks\u00e5 jobbar mot en b\u00e4ttre milj\u00f6 och f\u00f6r arbetarnas r\u00e4ttigheter. Glacier Journey jobbar volunt\u00e4rt lokalt och donerar \u00e4ven till olika hj\u00e4lp- och v\u00e4lg\u00f6renhetsorganisationer.<\/p>\n[\/vc_column_text][\/vc_column][\/vc_row][vc_row][vc_column][vc_empty_space][mk_divider style=&#8221;thick_solid&#8221; animation=&#8221;fade-in&#8221;][vc_empty_space][\/vc_column][\/vc_row][vc_row][vc_column][mk_fancy_title color=&#8221;#1e73be&#8221; size=&#8221;20&#8243; font_weight=&#8221;bold&#8221; letter_spacing=&#8221;2&#8243; font_family=&#8221;Rubik&#8221; font_type=&#8221;google&#8221; align=&#8221;center&#8221;]GLACIER JOURNEYS FOKUS[\/mk_fancy_title][\/vc_column][\/vc_row][vc_row][vc_column width=&#8221;1\/2&#8243;][vc_empty_space height=&#8221;15px&#8221;][vc_empty_space height=&#8221;15px&#8221;][vc_empty_space height=&#8221;15px&#8221;][vc_empty_space height=&#8221;15px&#8221;][vc_empty_space height=&#8221;15px&#8221;][vc_empty_space height=&#8221;15px&#8221;][vc_empty_space height=&#8221;15px&#8221;][vc_column_text margin_bottom=&#8221;15&#8243; css=&#8221;.vc_custom_1639741817214{margin-bottom: 0px !important;}&#8221;]\n<ul>\n<li>Vi sl\u00e4cker ljusen och annan apparatur n\u00e4r de inte anv\u00e4nds.<\/li>\n<li>Vi anv\u00e4nder energisn\u00e5la gl\u00f6dlampor eller LED-ljus d\u00e4r det \u00e4r m\u00f6jligt.<\/li>\n<li>Vi anv\u00e4nder energismart apparatur d\u00e4r det \u00e4r m\u00f6jligt.<\/li>\n<li>Vid byte av utrustning, material och tillbeh\u00f6r k\u00f6per vi alltid den varan som har b\u00e4st energim\u00e4rkning.<\/li>\n<li>Vi anv\u00e4nder oss av r\u00f6relsesensorer f\u00f6r v\u00e5ra ljus, d\u00e4r det \u00e4r m\u00f6jligt.<\/li>\n<li>Vi st\u00e4nger av vattenkranen medan vi inte anv\u00e4nder vattnet.<\/li>\n<li>Vi anv\u00e4nder oss av vattensn\u00e5la disk- och tv\u00e4ttmaskiner.<\/li>\n<li>Vi anv\u00e4nder oss av vattensn\u00e5la toaletter.<\/li>\n<li>Vi sorterar v\u00e5ra sopor och avfall och sl\u00e4nger s\u00e5 lite mat som m\u00f6jligt.<\/li>\n<li>Vi erbjuder v\u00e5ra g\u00e4ster att sopsortera sitt skr\u00e4p.<\/li>\n<li>Vi g\u00f6r bara aff\u00e4rer med tryckerier och liknande som \u00e4r milj\u00f6certifierade.<\/li>\n<li>Vi anv\u00e4nder oss bara av \u00e5teranv\u00e4ndbart papper och\/eller papper som \u00e4r milj\u00f6certifierat.<\/li>\n<li>Vi k\u00f6per lokala produkter och lokalt framst\u00e4llda varor, d\u00e5 det \u00e4r m\u00f6jligt.<\/li>\n<\/ul>\n[\/vc_column_text][\/vc_column][vc_column width=&#8221;1\/2&#8243;][vc_single_image image=&#8221;7509&#8243; img_size=&#8221;LARGE&#8221;][\/vc_column][\/vc_row][vc_row][vc_column][vc_empty_space][mk_divider style=&#8221;thick_solid&#8221; animation=&#8221;fade-in&#8221;][vc_empty_space][\/vc_column][\/vc_row][vc_row][vc_column width=&#8221;1\/2&#8243;][vc_single_image image=&#8221;8367&#8243; img_size=&#8221;LARGE&#8221;][\/vc_column][vc_column width=&#8221;1\/2&#8243;][vc_empty_space height=&#8221;40px&#8221;][vc_column_text css=&#8221;.vc_custom_1639752852949{margin-bottom: 0px !important;}&#8221;]\n<ul>\n<li>Vi anv\u00e4nder oss av automatiska tv\u00e5lpumpar.<\/li>\n<li>D\u00e4r det \u00e4r m\u00f6jligt anv\u00e4nder vi oss av <span class=\"VIiyi\" lang=\"sv\"><span class=\"JLqJ4b ChMk0b\" data-language-for-alternatives=\"sv\" data-language-to-translate-into=\"en\" data-phrase-index=\"0\" data-number-of-phrases=\"1\">f\u00f6rnybara och \u00e5teranv\u00e4ndbara<\/span><\/span> produkter.<\/li>\n<li>Vi har som m\u00e5l att k\u00f6pa produkter fr\u00e5n tillverkare och f\u00f6retag som erbjuder milj\u00f6v\u00e4nliga och\/eller \u00e5teranv\u00e4ndbara f\u00f6rpackningar.<\/li>\n<li>Vi ger en del av v\u00e5r vinst\/tid till naturv\u00e5rd och lokala projekt.<\/li>\n<li>Vi st\u00f6djer lokala organisationer och projekt.<\/li>\n<li>Vi k\u00f6per konst och hantverk som \u00e4r producerade lokalt, d\u00e4r det \u00e4r m\u00f6jligt.<\/li>\n<li>Vi hanterar farligt och f\u00f6rorenat avfall med stor f\u00f6rsiktighet och g\u00f6r av med det enbart p\u00e5 angivna platser.<\/li>\n<li>Vi s\u00e4kerst\u00e4ller att farligt och f\u00f6rorenat avfall aldrig spolas ner eller h\u00e4lls i avloppen.<\/li>\n<\/ul>\n[\/vc_column_text][\/vc_column][\/vc_row][vc_row][vc_column][vc_empty_space][mk_divider style=&#8221;thick_solid&#8221; animation=&#8221;fade-in&#8221;][vc_empty_space][\/vc_column][\/vc_row][vc_row][vc_column width=&#8221;1\/2&#8243;][vc_empty_space height=&#8221;50px&#8221;][vc_empty_space height=&#8221;50px&#8221;][vc_column_text css=&#8221;.vc_custom_1639755183156{margin-bottom: 0px !important;}&#8221;]\n<ul>\n<li>Vi tv\u00e4ttar v\u00e5ra bilar enbart d\u00e4r tv\u00e4tt- och reng\u00f6ringsmedlen inte f\u00f6rorenar naturen.<\/li>\n<li>Vi g\u00f6r v\u00e5rt b\u00e4sta i att anv\u00e4nda fordon som \u00e4r milj\u00f6v\u00e4nliga och drar lite br\u00e4nsle.<\/li>\n<li>Vi justerar och besiktigar v\u00e5ra fordon regelbundet f\u00f6r att minska utsl\u00e4ppen fr\u00e5n dem.<\/li>\n<li>Vi l\u00e5ter inte v\u00e5ra fordon k\u00f6ra p\u00e5 tomg\u00e5ng.<\/li>\n<li>Vi st\u00f6djer v\u00e5r personal om de vill vidareutbilda sig.<\/li>\n<li>Vi st\u00f6djer barn och ungdomar i hela v\u00e4rlden ekonomiskt f\u00f6r en chans till utbildning.<\/li>\n<li>Vi st\u00f6djer flertalet lokala projekt.<\/li>\n<li>Vi kompenserar f\u00f6r alla utsl\u00e4pp som v\u00e5ra fordon skapar.<\/li>\n<li>Vi letar konstant efter fler s\u00e4tt att f\u00f6rb\u00e4ttra v\u00e5r verksamhet.<\/li>\n<\/ul>\n[\/vc_column_text][\/vc_column][vc_column width=&#8221;1\/2&#8243;][vc_single_image image=&#8221;8363&#8243; img_size=&#8221;large&#8221;][\/vc_column][\/vc_row][vc_row][vc_column][vc_empty_space][mk_divider style=&#8221;thick_solid&#8221; animation=&#8221;fade-in&#8221;][vc_empty_space][\/vc_column][\/vc_row][vc_row][vc_column width=&#8221;1\/2&#8243;][vc_single_image image=&#8221;9180&#8243; img_size=&#8221;large&#8221;][\/vc_column][vc_column width=&#8221;1\/2&#8243;][vc_column_text css=&#8221;.vc_custom_1670410155735{margin-bottom: 0px !important;}&#8221;]<strong>S\u00c4KERHETSPOLICY<\/strong><\/p>\n<p>Fallastakkur\/Glacier Journey ehf har formulerat en s\u00e4kerhetspolicy och satt upp m\u00e5l f\u00f6r att s\u00e4kerst\u00e4lla att s\u00e4kerheten och komforten f\u00f6r passagerarna alltid \u00e4r en prioritet. All utrustning som anv\u00e4nds p\u00e5 resor som anordnas av f\u00f6retaget \u00e4r i perfekt skick och inspekteras regelbundet.[\/vc_column_text][\/vc_column][\/vc_row][vc_row][vc_column][vc_empty_space][mk_divider style=&#8221;thick_solid&#8221; animation=&#8221;fade-in&#8221;][vc_empty_space][\/vc_column][\/vc_row][vc_row][vc_column width=&#8221;1\/2&#8243;][vc_column_text css=&#8221;.vc_custom_1670410294704{margin-bottom: 0px !important;}&#8221;]<strong>F\u00d6RAREN:<\/strong><\/p>\n<p>F\u00f6raren listas f\u00f6rst n\u00e4r man t\u00e4nker p\u00e5 s\u00e4kerheten. Det viktigaste \u00e4r att ha bra och p\u00e5litliga m\u00e4nniskor som kan hantera alla situationer.<\/p>\n<p>Glacier Journey tycker att det \u00e4r mycket viktigt att alla deras f\u00f6rare f\u00e5r bra utbildning i att k\u00f6ra under utmanande f\u00f6rh\u00e5llanden.<\/p>\n<p><strong>F\u00d6REBYGGANDE UNDERH\u00c5LL:<\/strong><\/p>\n<p>I v\u00e5r verkstad arbetar duktiga m\u00e4n som sk\u00f6ter allt underh\u00e5ll. Anstr\u00e4ngningar g\u00f6rs f\u00f6r att underh\u00e5llet ska vara f\u00f6rebyggande och ett register \u00f6ver sn\u00f6skotrar och bilar f\u00f6rs med b\u00e4sta \u00f6verblick. Tonvikten l\u00e4ggs p\u00e5 att bilar alltid \u00e4r r\u00e4tt utrustade f\u00f6r f\u00f6rh\u00e5llandena, till exempel att d\u00e4cken \u00e4r i \u00f6verensst\u00e4mmelse med v\u00e4glaget.<\/p>\n<p>Se till att all annan utrustning som beh\u00f6vs f\u00f6r resan \u00e4r i perfekt skick.<\/p>\n<p>Fallastakkur\/Glacier Journey ehf har formulerat en s\u00e4kerhetspolicy och satt upp m\u00e5l f\u00f6r att s\u00e4kerst\u00e4lla att s\u00e4kerheten och komforten f\u00f6r passagerarna alltid \u00e4r en prioritet. All utrustning som anv\u00e4nds p\u00e5 resor som anordnas av f\u00f6retaget \u00e4r i perfekt skick och inspekteras regelbundet.[\/vc_column_text][\/vc_column][vc_column width=&#8221;1\/2&#8243;][vc_single_image image=&#8221;9356&#8243; img_size=&#8221;large&#8221;][\/vc_column][\/vc_row][vc_row][vc_column][vc_empty_space][mk_divider style=&#8221;thick_solid&#8221; animation=&#8221;fade-in&#8221;][vc_empty_space][\/vc_column][\/vc_row][vc_row][vc_column width=&#8221;1\/2&#8243;][vc_single_image image=&#8221;8351&#8243; img_size=&#8221;large&#8221;][\/vc_column][vc_column width=&#8221;1\/2&#8243;][vc_column_text css=&#8221;.vc_custom_1670410402371{margin-bottom: 0px !important;}&#8221;]<strong>S\u00c4KERHETSB\u00c4LTE:<\/strong><\/p>\n<p>I alla v\u00e5ra fordon \u00e4r s\u00e4kerhetsb\u00e4lten i alla s\u00e4ten antingen tv\u00e5punkts- eller trepunktsb\u00e4lten.<\/p>\n<p>Dessutom finns b\u00e4ltesstolar f\u00f6r de yngsta passagerarna och bilbarnstolar n\u00e4r det \u00e4r l\u00e4mpligt.<\/p>\n<p><strong>S\u00c4KERHETSPROBLEM:<\/strong><\/p>\n<p>V\u00e5rt m\u00e5l med denna policy \u00e4r att arbeta systematiskt f\u00f6r att s\u00e4kerheten ska vara av yttersta vikt och att olyckorna ska vara s\u00e5 f\u00e5 och begr\u00e4nsade som m\u00f6jligt.<\/p>\n<p>Vartannat \u00e5r h\u00e5lls en s\u00e4kerhets- och milj\u00f6kurs f\u00f6r f\u00f6rare d\u00e4r dessa fr\u00e5gor behandlas i detalj.<\/p>\n<p>Alla anst\u00e4llda och entrepren\u00f6rer har certifierad f\u00f6rsta hj\u00e4lpen kurs och eller WFR kurs och Hard Ice 1-3.<\/p>\n<p>Alla anst\u00e4llda och entrepren\u00f6rer har med sig, p\u00e5 alla resor som anordnas av f\u00f6retaget, vhf- och tetrastationer som \u00f6vervakas av SAR 112 och Glacier Journey-kontoret.[\/vc_column_text][\/vc_column][\/vc_row][vc_row][vc_column][vc_empty_space][mk_divider style=&#8221;thick_solid&#8221; animation=&#8221;fade-in&#8221;][vc_empty_space][\/vc_column][\/vc_row][vc_row][vc_column width=&#8221;1\/2&#8243;][vc_column_text css=&#8221;.vc_custom_1670410494869{margin-bottom: 0px !important;}&#8221;]<strong>FALLASTAKKUR\/GLACIER JOURNEY FOKUSERAR P\u00c5:\u00a0<\/strong><\/p>\n<p>Utbildning och utbildning av anst\u00e4llda och entrepren\u00f6rer g\u00e4llande utrustning och s\u00e4kerhet.<\/p>\n<p>Att f\u00f6retagets alla fordon alltid \u00e4r i perfekt skick.<\/p>\n<p>Utbildning och utbildning av anst\u00e4llda och entrepren\u00f6rer g\u00e4llande k\u00f6rning p\u00e5 glaci\u00e4rer och i sn\u00f6.<\/p>\n<p>Utbildning och utbildning av anst\u00e4llda och entrepren\u00f6rer i relation till naturen.<\/p>\n<p>Utbildning f\u00f6r f\u00f6retagets g\u00e4ster om natur och socialt umg\u00e4nge, speciellt i k\u00e4nsliga omr\u00e5den.<\/p>\n<p>Samr\u00e5d med alla f\u00f6retagets anst\u00e4llda och deras aktiva deltagande f\u00f6r att uppr\u00e4tth\u00e5lla en levande s\u00e4kerhetskultur med syfte att eliminera faror och minska risken f\u00f6r olyckor och miss\u00f6den.<\/p>\n<p>Att f\u00f6ra register \u00f6ver alla olyckor, miss\u00f6den och tillbud.[\/vc_column_text][\/vc_column][vc_column width=&#8221;1\/2&#8243;][vc_single_image image=&#8221;9362&#8243; img_size=&#8221;large&#8221;][\/vc_column][\/vc_row][vc_row][vc_column][vc_empty_space][mk_divider style=&#8221;thick_solid&#8221; animation=&#8221;fade-in&#8221;][vc_empty_space][\/vc_column][\/vc_row]\n<\/div>","protected":false},"excerpt":{"rendered":"<p>[vc_row][vc_column][mk_fancy_title color=&#8221;#1e73be&#8221; size=&#8221;34&#8243; font_weight=&#8221;bold&#8221; margin_bottom=&#8221;18&#8243; font_family=&#8221;Oswald&#8221; font_type=&#8221;google&#8221; align=&#8221;center&#8221;]MILJ\u00d6POLICY OCH FOKUS S\u00c4KERHETSPOLICY OCH FOKUS[\/mk_fancy_title][\/vc_column][\/vc_row][vc_row][vc_column][vc_empty_space][mk_divider style=&#8221;thick_solid&#8221; animation=&#8221;fade-in&#8221;][vc_empty_space][\/vc_column][\/vc_row][vc_row][vc_column][vc_column_text css=&#8221;.vc_custom_1652102209131{margin-bottom: 0px !important;}&#8221;]Milj\u00f6policy Vi hos Glacier Journey har \u00e5tagit oss att dela v\u00e5ran k\u00e4rlek och respekt f\u00f6r den isl\u00e4ndska naturen och dela den med varje kund f\u00f6r en unik erfarenhet som aldrig kommer att gl\u00f6mmas. Islands natur \u00e4r till stor [&hellip;]<\/p>\n","protected":false},"author":3,"featured_media":0,"parent":0,"menu_order":0,"comment_status":"closed","ping_status":"closed","template":"","meta":{"_exactmetrics_skip_tracking":false,"_exactmetrics_sitenote_active":false,"_exactmetrics_sitenote_note":"","_exactmetrics_sitenote_category":0,"footnotes":""},"class_list":["post-8389","page","type-page","status-publish","hentry"],"yoast_head":"<!-- This site is optimized with the Yoast SEO plugin v27.4 - https:\/\/yoast.com\/product\/yoast-seo-wordpress\/ -->\n<title>- Glacier Journey<\/title>\n<meta name=\"robots\" content=\"index, follow, max-snippet:-1, max-image-preview:large, max-video-preview:-1\" \/>\n<link rel=\"canonical\" href=\"https:\/\/glacierjourney.is\/sv\/miljopolicy-och-fokus\/\" \/>\n<meta property=\"og:locale\" content=\"sv_SE\" \/>\n<meta property=\"og:type\" content=\"article\" \/>\n<meta property=\"og:title\" content=\"- Glacier Journey\" \/>\n<meta property=\"og:description\" content=\"[vc_row][vc_column][mk_fancy_title color=&#8221;#1e73be&#8221; size=&#8221;34&#8243; font_weight=&#8221;bold&#8221; margin_bottom=&#8221;18&#8243; font_family=&#8221;Oswald&#8221; font_type=&#8221;google&#8221; align=&#8221;center&#8221;]MILJ\u00d6POLICY OCH FOKUS S\u00c4KERHETSPOLICY OCH FOKUS[\/mk_fancy_title][\/vc_column][\/vc_row][vc_row][vc_column][vc_empty_space][mk_divider style=&#8221;thick_solid&#8221; animation=&#8221;fade-in&#8221;][vc_empty_space][\/vc_column][\/vc_row][vc_row][vc_column][vc_column_text css=&#8221;.vc_custom_1652102209131{margin-bottom: 0px !important;}&#8221;]Milj\u00f6policy Vi hos Glacier Journey har \u00e5tagit oss att dela v\u00e5ran k\u00e4rlek och respekt f\u00f6r den isl\u00e4ndska naturen och dela den med varje kund f\u00f6r en unik erfarenhet som aldrig kommer att gl\u00f6mmas. Islands natur \u00e4r till stor [&hellip;]\" \/>\n<meta property=\"og:url\" content=\"https:\/\/glacierjourney.is\/sv\/miljopolicy-och-fokus\/\" \/>\n<meta property=\"og:site_name\" content=\"Glacier Journey\" \/>\n<meta property=\"article:modified_time\" content=\"2022-12-07T10:57:52+00:00\" \/>\n<meta name=\"twitter:card\" content=\"summary_large_image\" \/>\n<meta name=\"twitter:label1\" content=\"Ber\u00e4knad l\u00e4stid\" \/>\n\t<meta name=\"twitter:data1\" content=\"5 minuter\" \/>\n<script type=\"application\/ld+json\" class=\"yoast-schema-graph\">{\"@context\":\"https:\\\/\\\/schema.org\",\"@graph\":[{\"@type\":\"WebPage\",\"@id\":\"https:\\\/\\\/glacierjourney.is\\\/sv\\\/miljopolicy-och-fokus\\\/\",\"url\":\"https:\\\/\\\/glacierjourney.is\\\/sv\\\/miljopolicy-och-fokus\\\/\",\"name\":\"- Glacier Journey\",\"isPartOf\":{\"@id\":\"https:\\\/\\\/glacierjourney.is\\\/#website\"},\"datePublished\":\"2021-12-17T15:33:18+00:00\",\"dateModified\":\"2022-12-07T10:57:52+00:00\",\"inLanguage\":\"sv-SE\",\"potentialAction\":[{\"@type\":\"ReadAction\",\"target\":[\"https:\\\/\\\/glacierjourney.is\\\/sv\\\/miljopolicy-och-fokus\\\/\"]}]},{\"@type\":\"WebSite\",\"@id\":\"https:\\\/\\\/glacierjourney.is\\\/#website\",\"url\":\"https:\\\/\\\/glacierjourney.is\\\/\",\"name\":\"Glacier Journey\",\"description\":\"Take a journey with us into the vastness of Vatnaj\u00f6kull\",\"potentialAction\":[{\"@type\":\"SearchAction\",\"target\":{\"@type\":\"EntryPoint\",\"urlTemplate\":\"https:\\\/\\\/glacierjourney.is\\\/?s={search_term_string}\"},\"query-input\":{\"@type\":\"PropertyValueSpecification\",\"valueRequired\":true,\"valueName\":\"search_term_string\"}}],\"inLanguage\":\"sv-SE\"}]}<\/script>\n<!-- \/ Yoast SEO plugin. -->","yoast_head_json":{"title":"- Glacier Journey","robots":{"index":"index","follow":"follow","max-snippet":"max-snippet:-1","max-image-preview":"max-image-preview:large","max-video-preview":"max-video-preview:-1"},"canonical":"https:\/\/glacierjourney.is\/sv\/miljopolicy-och-fokus\/","og_locale":"sv_SE","og_type":"article","og_title":"- Glacier Journey","og_description":"[vc_row][vc_column][mk_fancy_title color=&#8221;#1e73be&#8221; size=&#8221;34&#8243; font_weight=&#8221;bold&#8221; margin_bottom=&#8221;18&#8243; font_family=&#8221;Oswald&#8221; font_type=&#8221;google&#8221; align=&#8221;center&#8221;]MILJ\u00d6POLICY OCH FOKUS S\u00c4KERHETSPOLICY OCH FOKUS[\/mk_fancy_title][\/vc_column][\/vc_row][vc_row][vc_column][vc_empty_space][mk_divider style=&#8221;thick_solid&#8221; animation=&#8221;fade-in&#8221;][vc_empty_space][\/vc_column][\/vc_row][vc_row][vc_column][vc_column_text css=&#8221;.vc_custom_1652102209131{margin-bottom: 0px !important;}&#8221;]Milj\u00f6policy Vi hos Glacier Journey har \u00e5tagit oss att dela v\u00e5ran k\u00e4rlek och respekt f\u00f6r den isl\u00e4ndska naturen och dela den med varje kund f\u00f6r en unik erfarenhet som aldrig kommer att gl\u00f6mmas. Islands natur \u00e4r till stor [&hellip;]","og_url":"https:\/\/glacierjourney.is\/sv\/miljopolicy-och-fokus\/","og_site_name":"Glacier Journey","article_modified_time":"2022-12-07T10:57:52+00:00","twitter_card":"summary_large_image","twitter_misc":{"Ber\u00e4knad l\u00e4stid":"5 minuter"},"schema":{"@context":"https:\/\/schema.org","@graph":[{"@type":"WebPage","@id":"https:\/\/glacierjourney.is\/sv\/miljopolicy-och-fokus\/","url":"https:\/\/glacierjourney.is\/sv\/miljopolicy-och-fokus\/","name":"- Glacier Journey","isPartOf":{"@id":"https:\/\/glacierjourney.is\/#website"},"datePublished":"2021-12-17T15:33:18+00:00","dateModified":"2022-12-07T10:57:52+00:00","inLanguage":"sv-SE","potentialAction":[{"@type":"ReadAction","target":["https:\/\/glacierjourney.is\/sv\/miljopolicy-och-fokus\/"]}]},{"@type":"WebSite","@id":"https:\/\/glacierjourney.is\/#website","url":"https:\/\/glacierjourney.is\/","name":"Glacier Journey","description":"Take a journey with us into the vastness of Vatnaj\u00f6kull","potentialAction":[{"@type":"SearchAction","target":{"@type":"EntryPoint","urlTemplate":"https:\/\/glacierjourney.is\/?s={search_term_string}"},"query-input":{"@type":"PropertyValueSpecification","valueRequired":true,"valueName":"search_term_string"}}],"inLanguage":"sv-SE"}]}},"_links":{"self":[{"href":"https:\/\/glacierjourney.is\/sv\/wp-json\/wp\/v2\/pages\/8389","targetHints":{"allow":["GET"]}}],"collection":[{"href":"https:\/\/glacierjourney.is\/sv\/wp-json\/wp\/v2\/pages"}],"about":[{"href":"https:\/\/glacierjourney.is\/sv\/wp-json\/wp\/v2\/types\/page"}],"author":[{"embeddable":true,"href":"https:\/\/glacierjourney.is\/sv\/wp-json\/wp\/v2\/users\/3"}],"replies":[{"embeddable":true,"href":"https:\/\/glacierjourney.is\/sv\/wp-json\/wp\/v2\/comments?post=8389"}],"version-history":[{"count":9,"href":"https:\/\/glacierjourney.is\/sv\/wp-json\/wp\/v2\/pages\/8389\/revisions"}],"predecessor-version":[{"id":9378,"href":"https:\/\/glacierjourney.is\/sv\/wp-json\/wp\/v2\/pages\/8389\/revisions\/9378"}],"wp:attachment":[{"href":"https:\/\/glacierjourney.is\/sv\/wp-json\/wp\/v2\/media?parent=8389"}],"curies":[{"name":"wp","href":"https:\/\/api.w.org\/{rel}","templated":true}]}}