{"id":8311,"date":"2021-12-08T09:28:51","date_gmt":"2021-12-08T09:28:51","guid":{"rendered":"https:\/\/glacierjourney.is\/?page_id=8311"},"modified":"2022-01-18T10:42:36","modified_gmt":"2022-01-18T10:42:36","slug":"villkor","status":"publish","type":"page","link":"https:\/\/glacierjourney.is\/sv\/villkor\/","title":{"rendered":"Bokningsvillkor"},"content":{"rendered":"<div class=\"wpb-content-wrapper\">[vc_row][vc_column][vc_column_text css=&#8221;.vc_custom_1642497996352{margin-bottom: 0px !important;}&#8221;]<strong>Bokningsvillkor<\/strong><\/p>\n<p>Dessa villkor kan komma att \u00e4ndras men har det gemensamt att de g\u00e4ller f\u00f6r alla v\u00e5ra tj\u00e4nster.<\/p>\n<p>Genom att surfa p\u00e5 hemsidan, anv\u00e4nda och\/eller slutf\u00f6ra en bokning genom v\u00e5ran hemsida medger du att du har l\u00e4st, f\u00f6rst\u00e5tt och samtycker bokningsvillkoren som anges i f\u00f6ljande text.<\/p>\n<p>Glacier Journey \u00e4r en researrang\u00f6r som erbjuder turer i och omkring Vatnaj\u00f6kull.<br \/>\nBokningar kan g\u00f6ras antingen direkt genom Glacier Journey och\/eller andra hemsidor som Glacier Journey har som sammarbetspartner.<br \/>\nOm du av n\u00e5gon anlending inte kan boka via Glacier Journeys officiella hemsida, v\u00e4nligen kontakta oss p\u00e5 <a href=\"mailto:info@glacierjourney.is\">info@glacierjourney.is<\/a><br \/>\nOm du har gjort en bokning genom en annan hemsida eller genom v\u00e5ra sammarbetspartners och beh\u00f6ver \u00e4ndra, avboka eller f\u00e5 information om din bokning, ska du kontakta aktuell hemsida\/sammarbetspartner f\u00f6r hj\u00e4lpledning.<\/p>\n<p>Glacier Journey reserverar sig r\u00e4tten att \u00e4ndra avg\u00e5ngar och\/eller turlistor om det skulle beh\u00f6vas p\u00e5 grund av yttre faktorer, s\u00e5 som v\u00e4der.<br \/>\nGlacier Journey tar inte ansvar f\u00f6r utgifter och\/eller andra kostnader som tillkommer p\u00e5 grund av faktorer som vi inte kan p\u00e5verka, s\u00e5 som flygf\u00f6rseningar, \u00e4ndringar eller avbokningar i flyg, v\u00e4der, krig, naturkatastrofer och andra of\u00f6rutsedda h\u00e4ndelser.<\/p>\n<p>Det \u00e4r kundens ansvar att f\u00f6rse Glacier Journey med r\u00e4tt kontaktinformation, s\u00e5 som mailadress och telefonnummer, som vi beh\u00f6ver f\u00f6r att komma i kontakt med dig vid eventuella \u00e4ndringar i din bokning.<\/p>\n<ol>\n<li><strong> Priser<\/strong><br \/>\nV\u00e4nligen notera att alla priser som tillhandah\u00e5lls av Glacier Journey \u00e4r i f\u00f6retagets lokala valuta, isl\u00e4ndsk krona (ISK). D\u00e5 vi \u00e4r ett nationellt (isl\u00e4ndskt) f\u00f6retag kan Glacier Journey inte ta ansvar f\u00f6r valutafluktuationer och\/eller extra kostnader, s\u00e5 som bankers utgifter eller kreditkortsavgifter.<\/li>\n<li><strong>Erbjudanden och kampanjkoder<\/strong><br \/>\nV\u00e4nligen notera att det inte \u00e4r m\u00f6jligt att anv\u00e4nda erbjudanden och kampanjkoder efter att k\u00f6p har gjorts. N\u00e4r ett k\u00f6p har g\u00e5tt igenom \u00e4r det inte m\u00f6jligt att f\u00e5 \u00e5terbetalt v\u00e4rdet av kampanjen eller erbjudandet, om det inte har anv\u00e4nts korrekt vid bokning. N\u00e4r erbjudanden eller kampanjkoder erbjuds ska de anges i relevant f\u00e4lt vid bokning.<\/li>\n<li><strong> B\u00e4sta pris-garanti<\/strong><br \/>\nVi garanterar att du alltid f\u00e5r l\u00e4gst pris d\u00e5 du bokar genom Glacier Journeys officiella hemsida.<\/li>\n<li><strong>H\u00e4mtning och avl\u00e4mning<br \/>\n<\/strong>Glacier Journey erbjuder ingen h\u00e4mtning eller avl\u00e4mning vid till exempel hotell eller hostel, utan vi tr\u00e4ffas vid angiven plats inf\u00f6r varje tur.<\/li>\n<li><strong>M\u00f6tesplats f\u00f6r v\u00e5ra turer\u00a0<\/strong><br \/>\nF\u00f6r alla Glacier Journeys turer tr\u00e4ffas vi p\u00e5 angiven m\u00f6tesplats. V\u00e4nligen l\u00e4s noggrant igenom informationen om just din tur f\u00f6r att se var din m\u00f6tesplats \u00e4r. Om du \u00e4r os\u00e4ker p\u00e5 vart m\u00f6tesplatsen \u00e4r, v\u00e4nligen kontakta oss p\u00e5\u00a0 <a href=\"mailto:info@glacierjourney.is\">info@glacierjourney.is<\/a><br \/>\nDu som kund \u00e4r ansvarig f\u00f6r att komma i tid till den angivna m\u00f6tesplatsen f\u00f6r din tur. P\u00e5 din biljett fr\u00e5n Glacier Journey, som du f\u00e5r i samband med din bokning, st\u00e5r vart den platsen \u00e4r och vilken tid du ska vara d\u00e4r. Om du har n\u00e5gra fr\u00e5gor ang\u00e5ende detta, v\u00e4nligen kontakta oss p\u00e5\u00a0 <a href=\"mailto:info@glacierjourney.is\">info@glacierjourney.is<\/a><br \/>\nOm du eventuellt \u00e4r sen till m\u00f6tesplatsen eller \u00e4r p\u00e5 fel plats, ska du kontakta Glacier Joruney s\u00e5 tidigt som m\u00f6jligt.<br \/>\nVid eventuella \u00e4ndringar i tid eller m\u00f6tesplats, kommer Glacier Journey att kontakta dig i god tid f\u00f6re turen.<\/li>\n<\/ol>\n<p>V\u00e4nligen notera att du inte har r\u00e4tt till \u00e5terk\u00f6p och\/eller \u00e5terbetalning om du inte ankommer i tid f\u00f6r din tur eller \u00e4r p\u00e5 fel m\u00f6tesplats f\u00f6r din tur.<\/p>\n<ol start=\"6\">\n<li><strong> Extra &amp; hyrutrustning<\/strong><br \/>\nExtra tillbeh\u00f6r och liknande kan l\u00e4ggas till i din bokning vid bokning och fram tills kv\u00e4llen innan avresa. Om du har bokat med oss men skulle vilja l\u00e4gga till n\u00e5got till din bokning, v\u00e4nligen kontakta oss p\u00e5\u00a0 info@glacierjourney.is<br \/>\nV\u00e4nligen notera att alla extra till\u00e4gg \u00e4r definitiva och ingen \u00e5terbetalning ges f\u00f6r extra till\u00e4gg.<\/li>\n<\/ol>\n<p>Glacier Journey f\u00f6rser er med all s\u00e4kerhetsutrustning som beh\u00f6vs f\u00f6r turen. F\u00f6r alla turer i isgrottor f\u00f6rses kunden med broddar och hj\u00e4lmar och f\u00f6r turer p\u00e5 glaci\u00e4ren f\u00f6rses kunden ut\u00f6ver det med isyxa och sele.<br \/>\nF\u00f6r turer p\u00e5 sn\u00f6skoter f\u00f6rser vi kunden med varma overaller, buff, hj\u00e4lmar och handskar. Glacier Journey hyr inte ut n\u00e5gon utrustning.<\/p>\n<ol start=\"7\">\n<li><b>Resef\u00f6rs\u00e4kring<\/b><br \/>\nVi rekommenderar alltid att varje resen\u00e4r har en giltlig resef\u00f6rs\u00e4kring som t\u00e4cker kostnader om n\u00e5got skulle ske under resan och avbokning m\u00e5ste ske med kort varsel. Dessa f\u00f6rs\u00e4kringar kostar inte mycket och t\u00e4cker \u00e4ven annat som kan ske under en resa.<\/li>\n<li><strong>V\u00e4der och v\u00e4derf\u00f6rh\u00e5llanden p\u00e5 Island<\/strong><br \/>\nAlla v\u00e5ra turer och aktiviteter utomhus \u00e4r beroende av v\u00e4der och v\u00e4derf\u00f6rh\u00e5llanden. Glacier Journey f\u00f6rbeh\u00e5ller sig r\u00e4tt att \u00e4ndra rutter, resv\u00e4gar och avg\u00e5ngstider och likas\u00e5 att avboka din resa med kort varsel. Detta sker enbart d\u00e5 v\u00e4dret och v\u00e4derf\u00f6rh\u00e5llanden \u00e4r f\u00f6r d\u00e5liga och det finns en fara f\u00f6r din och v\u00e5r s\u00e4kerhet.<\/li>\n<\/ol>\n<p>V\u00e4nligen notera att Island kommer alltid att vara Island. D\u00e5 landet \u00e4r en \u00f6 l\u00e5ngt norrut kan v\u00e4dret h\u00e4r \u00e4ndras v\u00e4ldigt snabbt och med det kan vi beh\u00f6va justera v\u00e5ra avg\u00e5ngar. V\u00e5ra guider har utbildning f\u00f6r hur de ska hantera snabba f\u00f6r\u00e4ndringar i v\u00e4der och deras och v\u00e5r f\u00f6rsta prioritet \u00e4r s\u00e4kerhet. V\u00e4nligen ha detta i \u00e5tanke och respektera v\u00e5ra guiders beslut om \u00e4ndringar, skulle detta ske. Detta g\u00e4ller framf\u00f6r allt f\u00f6r resor under vintern.<\/p>\n<p>Glacier Journey kan inte h\u00e5llas ansvarig f\u00f6r f\u00f6rlust av f\u00f6rem\u00e5l, skada av f\u00f6rem\u00e5l, olyckor, skador, sjukdom, schema\u00e4ndringar, naturkatastrofer eller andra orsaker som Glacier Journey inte har kontroll \u00f6ver. Glacier Journey agerar i god tro och kan inte h\u00e5llas ansvariga f\u00f6r brister eller f\u00f6rseningar hos organisationer som inte tillh\u00f6r Glacier Journey, s\u00e5 som enskilda myndigheter eller f\u00f6retag, hotell, researrang\u00f6rer, flygbolag, guider, restauranger eller andra personers eller f\u00f6retags agerande.<\/p>\n<p>Vid schema\u00e4ndringar hos flyg (nationella och internationella) \u00e4r det kunden som st\u00e5r f\u00f6r alla till\u00e4ggskostnader som tillkommer p\u00e5 grund av dessa \u00e4ndringar, s\u00e5 som extra hotelln\u00e4tter, m\u00e5ltider och transfer. D\u00e4rf\u00f6r rekommenderar vi alla att ha en giltlig resef\u00f6rs\u00e4kringar som t\u00e4cker alla dessa kostnader.<\/p>\n<ol start=\"9\">\n<li><b>Kl\u00e4der<\/b><br \/>\nKunden m\u00e5ste vara l\u00e4mpligt kl\u00e4dd och i l\u00e4mpliga skor i alla turer hos Glacier Journey. Detta inneb\u00e4r skor och kl\u00e4der som \u00e4r bekv\u00e4ma och h\u00e5ller dig varm och torr. Vi f\u00f6rbeh\u00e5ller oss r\u00e4tten att neka deltagande om kunden inte har l\u00e4mpliga kl\u00e4der och\/eller skor d\u00e5 detta \u00e4r en s\u00e4kerhetsrisk.<\/li>\n<li><strong>Bagage<br \/>\n<\/strong>V\u00e4nligen notera att Glacier Journey inte kan h\u00e5llas ansvariga om eventuellt medtaget bagage skadas eller tappas bort under turen.<\/li>\n<li><strong> Risker och eget ansvar<\/strong><br \/>\nV\u00e4nligen notera att alla kunder genomf\u00f6r v\u00e5ra turer under eget ansvar och att alla kunder ansvarar f\u00f6r sin egen s\u00e4kerhet. Det d\u00e4rf\u00f6r \u00e4r viktigt att lyssna p\u00e5 v\u00e5ra guider och f\u00f6lja Glacier Journeys riktlinjer. Alla v\u00e5ra turer inneb\u00e4r vissa risker och Glacier Journey tar inget ansvar f\u00f6r olyckor och skador som sker p\u00e5 grund av kundens egen oaktsamhet eller p\u00e5 grund av yttre p\u00e5verkan (Force majeure). N\u00e4r du k\u00f6per en tur med oss accepterar du dessa villkor, f\u00f6rst\u00e5r konsekvenserna av detta och tar ansvar f\u00f6r dig och din medverkan i turen. Beroende av tur kan du beh\u00f6va skriva under ytterligare dokument om Glacier Journeys ansvarsfrihet.<\/li>\n<li><strong> Alkohol och droger<\/strong><br \/>\nGlacier Journey reserverar sig r\u00e4tt att neka medverkan hos kunden om vi misst\u00e4nker att kunden \u00e4r p\u00e5verkad av alkohol och\/eller droger. Om detta sker har kunden inte r\u00e4tt till \u00e5terbetalning.<br \/>\nV\u00e5ra guider har r\u00e4tt att avvisa en person vars upptr\u00e4dande eller uppf\u00f6rande orsakar eller kommer att orsaka att andra g\u00e4ster blir kr\u00e4nkta, uppr\u00f6rda eller utsatta f\u00f6r fara. Om detta sker har kunden inte r\u00e4tt till \u00e5terbetalning.<\/li>\n<li><strong> Recensioner &amp; Feedback<\/strong><br \/>\nGlacier Journey v\u00e4lkomnar all feedback, b\u00e5de positiv och negativ, s\u00e5 att vi kan f\u00f6rb\u00e4ttra oss. Vi uppskattar verkligen om du kan vill din upplevelse av oss.<br \/>\nV\u00e4nligen notera att f\u00f6r eventuell kompensation m\u00e5ste alla klagom\u00e5l inkomma till Glacier Journey inte senare \u00e4n 5 dagar efter att din tur har avslutats.<\/li>\n<\/ol>\n<p><strong>Glacier Journeys avbokningsvillkor<\/strong><\/p>\n<p>Alla fr\u00e5gor och all kommunikation g\u00e4llande dessa villkor, framf\u00f6r allt det som r\u00f6r avbokning, m\u00e5ste ske fr\u00e5n den som st\u00e5r p\u00e5 bokningen och skickas p\u00e5 mail till\u00a0 <a href=\"mailto:info@glacierjourney.is\">info@glacierjourney.is<\/a> . N\u00e4r vi mottagit mailet m\u00e5ste vi p\u00e5 Glacier Journey bekr\u00e4fta det innan vi kan g\u00e5 vidare med f\u00f6rfr\u00e5gan, s\u00e5 som att avboka din tur. Om du har r\u00e4tt till \u00e5terbetalning kommer vi att s\u00e4tta den processen ig\u00e5ng s\u00e5 snabbt som m\u00f6jligt och summan kommer att \u00e5terf\u00f6ras p\u00e5 samma kort som anv\u00e4ndes vid bokning. V\u00e4nligen notera att Glacier Journey kan inte h\u00e5llas ansvaraiga f\u00f6r eventuella f\u00f6rseningar som sker efter att vi har bearbetat din \u00e5terbetalning.<br \/>\nF\u00f6r turer som har k\u00f6pts genom andra kanaler m\u00e5ste avbokningen ske genom dem.<\/p>\n<p><strong>Avbokning<br \/>\n<\/strong>Om avbokningen sker med mer \u00e4n 48 timmar innan avg\u00e5ng \u00e5terbetalas 90% av summan.<br \/>\nOm avbokningen sker med mindre \u00e4n 48 timmar innan avg\u00e5ng har du ingen r\u00e4tt till \u00e5terbetalning.<br \/>\nOm Glacier Journey beh\u00f6ver avboka din tur p\u00e5 grund av orsaker s\u00e5 som v\u00e4der, erbjuder vi alltid m\u00f6jlighet att boka om till en senare\/tidigare avg\u00e5ng. Om det inte \u00e4r m\u00f6jligt erbjuder vi \u00e5erbetalning av hela v\u00e4rdet f\u00f6r turen.\u00a0 En tur \u00e4r bara avbokad av Glacier Journey om det inte \u00e4r s\u00e4kert att genomf\u00f6ra den, d\u00e5 din s\u00e4kerhet \u00e4r v\u00e5r fr\u00e4msta prioritet.<\/p>\n<p>En m\u00f6jlig \u00e5terbetalning (av 90%) f\u00f6r en avbokning<strong> sker enbart om turen har avbokats d\u00e5 det \u00e4r mer \u00e4n 48 timmar innan avg\u00e5ng<\/strong>. Om avbokningen sker med mindre \u00e4n 48 timmar innan avg\u00e5ng ges ingen \u00e5terbetalning. F\u00f6r att att 48-timmars regeln ska g\u00e4lla m\u00e5ste avbokningen ske via mail p\u00e5 info@glacierjourney.is och vara mottagen av oss p\u00e5 Glacier Journey minst 48 timmar inann avg\u00e5ng. 48-timmars regeln g\u00e4ller inte om avbokningen sker via andra hemsidor.<\/p>\n<p>V\u00e4nligen fyll i alla f\u00e4lt vid bokning. N\u00e4r du har slutf\u00f6rt din bokning kommer du att f\u00e5 en bokningsbekr\u00e4ftelse som inneh\u00e5ller ditt bokningsnummer och din biljett. Biljetten \u00e4r ditt bealningsbevis och du m\u00e5ste ta med den p\u00e5 din tur. V\u00e4nligen notera att det \u00e4r ditt ansvar att uppgifterna f\u00f6r din bokning, och p\u00e5 din biljett \u00e4r korrekta. Om det har skett ett misstag, s\u00e5 som att du har bokat fel datum eller fel antal passagerare, v\u00e4nligen kontakta Glacier Journey s\u00e5 snabbt som m\u00f6jligt d\u00e5 vi inte kan garantera \u00e4ndringar i din bokning p\u00e5 grund av detta om det \u00e4r f\u00f6r kort tid innan avg\u00e5ng. Glacier Journey tar inte ansvar f\u00f6r misstag som sker under bokning.<\/p>\n<p>&nbsp;<\/p>\n<p>&nbsp;<\/p>\n<p>&nbsp;<\/p>\n[\/vc_column_text][\/vc_column][\/vc_row]\n<\/div>","protected":false},"excerpt":{"rendered":"<p>[vc_row][vc_column][vc_column_text css=&#8221;.vc_custom_1642497996352{margin-bottom: 0px !important;}&#8221;]Bokningsvillkor Dessa villkor kan komma att \u00e4ndras men har det gemensamt att de g\u00e4ller f\u00f6r alla v\u00e5ra tj\u00e4nster. Genom att surfa p\u00e5 hemsidan, anv\u00e4nda och\/eller slutf\u00f6ra en bokning genom v\u00e5ran hemsida medger du att du har l\u00e4st, f\u00f6rst\u00e5tt och samtycker bokningsvillkoren som anges i f\u00f6ljande text. Glacier Journey \u00e4r en researrang\u00f6r som [&hellip;]<\/p>\n","protected":false},"author":3,"featured_media":0,"parent":0,"menu_order":0,"comment_status":"closed","ping_status":"closed","template":"","meta":{"_exactmetrics_skip_tracking":false,"_exactmetrics_sitenote_active":false,"_exactmetrics_sitenote_note":"","_exactmetrics_sitenote_category":0,"footnotes":""},"class_list":["post-8311","page","type-page","status-publish","hentry"],"yoast_head":"<!-- This site is optimized with the Yoast SEO plugin v27.4 - https:\/\/yoast.com\/product\/yoast-seo-wordpress\/ -->\n<title>Bokningsvillkor - Glacier Journey<\/title>\n<meta name=\"robots\" content=\"index, follow, max-snippet:-1, max-image-preview:large, max-video-preview:-1\" \/>\n<link rel=\"canonical\" href=\"https:\/\/glacierjourney.is\/sv\/villkor\/\" \/>\n<meta property=\"og:locale\" content=\"sv_SE\" \/>\n<meta property=\"og:type\" content=\"article\" \/>\n<meta property=\"og:title\" content=\"Bokningsvillkor - Glacier Journey\" \/>\n<meta property=\"og:description\" content=\"[vc_row][vc_column][vc_column_text css=&#8221;.vc_custom_1642497996352{margin-bottom: 0px !important;}&#8221;]Bokningsvillkor Dessa villkor kan komma att \u00e4ndras men har det gemensamt att de g\u00e4ller f\u00f6r alla v\u00e5ra tj\u00e4nster. Genom att surfa p\u00e5 hemsidan, anv\u00e4nda och\/eller slutf\u00f6ra en bokning genom v\u00e5ran hemsida medger du att du har l\u00e4st, f\u00f6rst\u00e5tt och samtycker bokningsvillkoren som anges i f\u00f6ljande text. Glacier Journey \u00e4r en researrang\u00f6r som [&hellip;]\" \/>\n<meta property=\"og:url\" content=\"https:\/\/glacierjourney.is\/sv\/villkor\/\" \/>\n<meta property=\"og:site_name\" content=\"Glacier Journey\" \/>\n<meta property=\"article:modified_time\" content=\"2022-01-18T10:42:36+00:00\" \/>\n<meta name=\"twitter:card\" content=\"summary_large_image\" \/>\n<meta name=\"twitter:label1\" content=\"Ber\u00e4knad l\u00e4stid\" \/>\n\t<meta name=\"twitter:data1\" content=\"7 minuter\" \/>\n<script type=\"application\/ld+json\" class=\"yoast-schema-graph\">{\"@context\":\"https:\\\/\\\/schema.org\",\"@graph\":[{\"@type\":\"WebPage\",\"@id\":\"https:\\\/\\\/glacierjourney.is\\\/sv\\\/villkor\\\/\",\"url\":\"https:\\\/\\\/glacierjourney.is\\\/sv\\\/villkor\\\/\",\"name\":\"Bokningsvillkor - Glacier Journey\",\"isPartOf\":{\"@id\":\"https:\\\/\\\/glacierjourney.is\\\/#website\"},\"datePublished\":\"2021-12-08T09:28:51+00:00\",\"dateModified\":\"2022-01-18T10:42:36+00:00\",\"breadcrumb\":{\"@id\":\"https:\\\/\\\/glacierjourney.is\\\/sv\\\/villkor\\\/#breadcrumb\"},\"inLanguage\":\"sv-SE\",\"potentialAction\":[{\"@type\":\"ReadAction\",\"target\":[\"https:\\\/\\\/glacierjourney.is\\\/sv\\\/villkor\\\/\"]}]},{\"@type\":\"BreadcrumbList\",\"@id\":\"https:\\\/\\\/glacierjourney.is\\\/sv\\\/villkor\\\/#breadcrumb\",\"itemListElement\":[{\"@type\":\"ListItem\",\"position\":1,\"name\":\"Home\",\"item\":\"https:\\\/\\\/glacierjourney.is\\\/sv\\\/\"},{\"@type\":\"ListItem\",\"position\":2,\"name\":\"Bokningsvillkor\"}]},{\"@type\":\"WebSite\",\"@id\":\"https:\\\/\\\/glacierjourney.is\\\/#website\",\"url\":\"https:\\\/\\\/glacierjourney.is\\\/\",\"name\":\"Glacier Journey\",\"description\":\"Take a journey with us into the vastness of Vatnaj\u00f6kull\",\"potentialAction\":[{\"@type\":\"SearchAction\",\"target\":{\"@type\":\"EntryPoint\",\"urlTemplate\":\"https:\\\/\\\/glacierjourney.is\\\/?s={search_term_string}\"},\"query-input\":{\"@type\":\"PropertyValueSpecification\",\"valueRequired\":true,\"valueName\":\"search_term_string\"}}],\"inLanguage\":\"sv-SE\"}]}<\/script>\n<!-- \/ Yoast SEO plugin. -->","yoast_head_json":{"title":"Bokningsvillkor - Glacier Journey","robots":{"index":"index","follow":"follow","max-snippet":"max-snippet:-1","max-image-preview":"max-image-preview:large","max-video-preview":"max-video-preview:-1"},"canonical":"https:\/\/glacierjourney.is\/sv\/villkor\/","og_locale":"sv_SE","og_type":"article","og_title":"Bokningsvillkor - Glacier Journey","og_description":"[vc_row][vc_column][vc_column_text css=&#8221;.vc_custom_1642497996352{margin-bottom: 0px !important;}&#8221;]Bokningsvillkor Dessa villkor kan komma att \u00e4ndras men har det gemensamt att de g\u00e4ller f\u00f6r alla v\u00e5ra tj\u00e4nster. Genom att surfa p\u00e5 hemsidan, anv\u00e4nda och\/eller slutf\u00f6ra en bokning genom v\u00e5ran hemsida medger du att du har l\u00e4st, f\u00f6rst\u00e5tt och samtycker bokningsvillkoren som anges i f\u00f6ljande text. Glacier Journey \u00e4r en researrang\u00f6r som [&hellip;]","og_url":"https:\/\/glacierjourney.is\/sv\/villkor\/","og_site_name":"Glacier Journey","article_modified_time":"2022-01-18T10:42:36+00:00","twitter_card":"summary_large_image","twitter_misc":{"Ber\u00e4knad l\u00e4stid":"7 minuter"},"schema":{"@context":"https:\/\/schema.org","@graph":[{"@type":"WebPage","@id":"https:\/\/glacierjourney.is\/sv\/villkor\/","url":"https:\/\/glacierjourney.is\/sv\/villkor\/","name":"Bokningsvillkor - Glacier Journey","isPartOf":{"@id":"https:\/\/glacierjourney.is\/#website"},"datePublished":"2021-12-08T09:28:51+00:00","dateModified":"2022-01-18T10:42:36+00:00","breadcrumb":{"@id":"https:\/\/glacierjourney.is\/sv\/villkor\/#breadcrumb"},"inLanguage":"sv-SE","potentialAction":[{"@type":"ReadAction","target":["https:\/\/glacierjourney.is\/sv\/villkor\/"]}]},{"@type":"BreadcrumbList","@id":"https:\/\/glacierjourney.is\/sv\/villkor\/#breadcrumb","itemListElement":[{"@type":"ListItem","position":1,"name":"Home","item":"https:\/\/glacierjourney.is\/sv\/"},{"@type":"ListItem","position":2,"name":"Bokningsvillkor"}]},{"@type":"WebSite","@id":"https:\/\/glacierjourney.is\/#website","url":"https:\/\/glacierjourney.is\/","name":"Glacier Journey","description":"Take a journey with us into the vastness of Vatnaj\u00f6kull","potentialAction":[{"@type":"SearchAction","target":{"@type":"EntryPoint","urlTemplate":"https:\/\/glacierjourney.is\/?s={search_term_string}"},"query-input":{"@type":"PropertyValueSpecification","valueRequired":true,"valueName":"search_term_string"}}],"inLanguage":"sv-SE"}]}},"_links":{"self":[{"href":"https:\/\/glacierjourney.is\/sv\/wp-json\/wp\/v2\/pages\/8311","targetHints":{"allow":["GET"]}}],"collection":[{"href":"https:\/\/glacierjourney.is\/sv\/wp-json\/wp\/v2\/pages"}],"about":[{"href":"https:\/\/glacierjourney.is\/sv\/wp-json\/wp\/v2\/types\/page"}],"author":[{"embeddable":true,"href":"https:\/\/glacierjourney.is\/sv\/wp-json\/wp\/v2\/users\/3"}],"replies":[{"embeddable":true,"href":"https:\/\/glacierjourney.is\/sv\/wp-json\/wp\/v2\/comments?post=8311"}],"version-history":[{"count":6,"href":"https:\/\/glacierjourney.is\/sv\/wp-json\/wp\/v2\/pages\/8311\/revisions"}],"predecessor-version":[{"id":8661,"href":"https:\/\/glacierjourney.is\/sv\/wp-json\/wp\/v2\/pages\/8311\/revisions\/8661"}],"wp:attachment":[{"href":"https:\/\/glacierjourney.is\/sv\/wp-json\/wp\/v2\/media?parent=8311"}],"curies":[{"name":"wp","href":"https:\/\/api.w.org\/{rel}","templated":true}]}}