{"id":8300,"date":"2021-12-07T11:12:19","date_gmt":"2021-12-07T11:12:19","guid":{"rendered":"https:\/\/glacierjourney.is\/?page_id=8300"},"modified":"2025-06-12T12:01:53","modified_gmt":"2025-06-12T12:01:53","slug":"glacierjourneyunesco","status":"publish","type":"page","link":"https:\/\/glacierjourney.is\/sv\/glacierjourneyunesco\/","title":{"rendered":""},"content":{"rendered":"<div class=\"wpb-content-wrapper\">[mk_page_section bg_image=&#8221;http:\/\/glacierjourney.is\/wp-content\/uploads\/2015\/07\/header-glacierjourney.jpg&#8221; attachment=&#8221;fixed&#8221; bg_position=&#8221;center top&#8221; bg_repeat=&#8221;no-repeat&#8221; bg_stretch=&#8221;true&#8221; enable_3d=&#8221;true&#8221; bg_gradient=&#8221;vertical&#8221; video_color_mask=&#8221;#1e73be&#8221; gr_end=&#8221;#28b7ff&#8221; video_opacity=&#8221;0.5&#8243; min_height=&#8221;300&#8243; full_width=&#8221;true&#8221; padding_top=&#8221;0&#8243; first_page=&#8221;true&#8221; last_page=&#8221;false&#8221; sidebar=&#8221;sidebar-1&#8243;][vc_column][mk_padding_divider size=&#8221;100&#8243;][mk_fancy_title color=&#8221;#ffffff&#8221; size=&#8221;40&#8243; font_weight=&#8221;900&#8243; letter_spacing=&#8221;4&#8243; margin_bottom=&#8221;18&#8243; font_family=&#8221;none&#8221; align=&#8221;center&#8221; animation=&#8221;fade-in&#8221;]Glacier Journey och UNESCOs globala m\u00e5l f\u00f6r h\u00e5llbar utveckling<\/p>\n<h1><\/h1>\n[\/mk_fancy_title][mk_padding_divider][\/vc_column][\/mk_page_section][vc_row padding=&#8221;0&#8243;][vc_column][vc_empty_space height=&#8221;50px&#8221;][vc_column_text css=&#8221;.vc_custom_1749729704599{margin-bottom: 0px !important;}&#8221;]Glacier Journey har \u00e5tagit sig att jobba f\u00f6r en b\u00e4ttre milj\u00f6 och en v\u00e4rld som h\u00e5ller f\u00f6r m\u00e5nga generationer fram\u00e5t.<br \/>\nVi jobbar p\u00e5 alla m\u00f6jliga s\u00e4tt f\u00f6r en b\u00e4ttre v\u00e4rld.<\/p>\n<p><a href=\"https:\/\/glacierjourney.is\/sv\/miljopolicy-och-fokus\/\">Tryck h\u00e4r f\u00f6r att l\u00e4sa mer om Glacier Journeys milj\u00f6policy och s\u00e4kerhetspolicy.<\/a><\/p>\n<p><a href=\"https:\/\/glacierjourney.is\/sv\/sustainability-social-responsibility-report-2024-2025\/\">Tryck h\u00e4r f\u00f6r att l\u00e4sa om Glacier Journeys Sustainability &amp; Social responsibility report 2024-2025.<\/a><\/p>\n<p>Med hj\u00e4lp av UNESCOs globala m\u00e5l f\u00f6r h\u00e5llbar utveckling vill Glacier Journey f\u00f6rb\u00e4ttra de globala utmaningar som r\u00f6r bland annat fattigdom, j\u00e4mst\u00e4lldhet, klimatf\u00f6r\u00e4ndring och h\u00e5llbar konsumption.<\/p>\n<p>L\u00e4s nedan f\u00f6r en kort genomg\u00e5ng av v\u00e5rat arbete och vad vi planerar att f\u00f6rb\u00e4ttra under n\u00e4stkommande \u00e5r.[\/vc_column_text][mk_divider style=&#8221;thick_solid&#8221; margin_top=&#8221;1&#8243;][\/vc_column][\/vc_row][mk_page_section sidebar=&#8221;sidebar-1&#8243; first_page=&#8221;false&#8221; last_page=&#8221;false&#8221;][vc_column width=&#8221;1\/2&#8243;][vc_empty_space height=&#8221;44px&#8221;][vc_single_image image=&#8221;8924&#8243; img_size=&#8221;full&#8221; style=&#8221;vc_box_shadow_border_circle&#8221; css_animation=&#8221;appear&#8221;][\/vc_column][vc_column width=&#8221;1\/2&#8243;][vc_empty_space height=&#8221;44px&#8221;][mk_fancy_title color=&#8221;#578fa6&#8243; size=&#8221;34&#8243; font_weight=&#8221;bold&#8221; margin_bottom=&#8221;18&#8243; font_family=&#8221;none&#8221;]INGEN FATTIGDOM[\/mk_fancy_title][vc_column_text css=&#8221;.vc_custom_1640865772908{margin-bottom: 0px !important;}&#8221;]\u00c4ven om Island \u00e4r ett av Europas rikaste l\u00e4nder finns det fortfarande m\u00e4nniskor p\u00e5 Island som lever i fattigdom och ett av UNESCOs m\u00e5l \u00e4r att eliminera fattigdom, inte bara p\u00e5 Island utan i hela v\u00e4rlden.<br \/>\nDe st\u00f6rsta utmaningarna p\u00e5 Island n\u00e4r det kommer till fattigdom \u00e4r;<\/p>\n<ul>\n<li>Ge st\u00f6d till dem som lever i fattigdom, framf\u00f6r allt barn.<\/li>\n<li>S\u00e4kerst\u00e4lla att det inte finns n\u00e5gra l\u00f6neskillnader som beror p\u00e5 bland annat kulturella- eller religi\u00f6sa grunder.<\/li>\n<\/ul>\n<p><span data-contrast=\"auto\">N\u00e4stkommande 5 \u00e5r vill Glacier Journey arbeta med dessa utmaningar genom att;\u00a0\u00a0<\/span><\/p>\n<ul>\n<li><span data-ccp-props=\"{&quot;201341983&quot;:0,&quot;335559739&quot;:160,&quot;335559740&quot;:259}\">Bidra med ekonomiskt st\u00f6d f\u00f6r utbildning, b\u00e5de nationellt och internationellt, f\u00f6r barn och ungdomar.\u00a0<\/span><\/li>\n<li>Forts\u00e4tta att vara med j\u00e4mst\u00e4lld l\u00f6n f\u00f6r de som jobbar hos oss, oavsett nationalitet, k\u00f6n och kulturella skillnader.<\/li>\n<\/ul>\n[\/vc_column_text][vc_empty_space height=&#8221;44px&#8221;][\/vc_column][\/mk_page_section][vc_row][vc_column][mk_divider style=&#8221;thin_solid&#8221;][\/vc_column][\/vc_row][mk_page_section sidebar=&#8221;sidebar-1&#8243; first_page=&#8221;false&#8221; last_page=&#8221;false&#8221;][vc_column width=&#8221;1\/2&#8243;][vc_empty_space height=&#8221;44px&#8221;][vc_single_image image=&#8221;8924&#8243; img_size=&#8221;full&#8221; style=&#8221;vc_box_shadow_border_circle&#8221; css_animation=&#8221;appear&#8221;][\/vc_column][vc_column width=&#8221;1\/2&#8243;][vc_empty_space height=&#8221;44px&#8221;][mk_fancy_title color=&#8221;#578fa6&#8243; size=&#8221;34&#8243; font_weight=&#8221;bold&#8221; margin_bottom=&#8221;18&#8243; font_family=&#8221;none&#8221;]ANST\u00c4NDIGA ARBETSVILLKOR OCH EKONOMISK TILLV\u00c4XT[\/mk_fancy_title][vc_column_text css=&#8221;.vc_custom_1640865516503{margin-bottom: 0px !important;}&#8221;]N\u00e5got som \u00e4r centralt i kampen mot att eliminera fattigdom \u00e4r arbetsm\u00f6jligheter och att jobben som erbjuds \u00e4r anst\u00e4ndiga. Det \u00e4r avg\u00f6rande att varje anst\u00e4lld kan leva p\u00e5 sin l\u00f6n och det \u00e4r lika avg\u00f6rande att jobben inte har en negativ p\u00e5verkan p\u00e5 v\u00e5ran milj\u00f6.<br \/>\nDe st\u00f6rsta utmaningarna p\u00e5 Island n\u00e4r det kommer till anst\u00e4ndiga arbetsvillkor och ekonomisk tillv\u00e4xt \u00e4r;<\/p>\n<ul>\n<li>Minimera l\u00e5ngtidsarbetsl\u00f6shet.<\/li>\n<li>Tillhandah\u00e5lla st\u00f6d f\u00f6r de med nedsatt arbetsf\u00f6rm\u00e5ga.<\/li>\n<li>S\u00e4kerst\u00e4lla att produktionen m\u00f6ter efterfr\u00e5gan med enbart lite eller ingen effekt p\u00e5 milj\u00f6n eller samh\u00e4llet.<\/li>\n<li>Samma jobbm\u00f6jligheter f\u00f6r alla.<\/li>\n<\/ul>\n<p><span data-contrast=\"auto\">N\u00e4stkommande 5 \u00e5r vill Glacier Journey arbeta med dessa utmaningar genom att;\u00a0\u00a0<\/span><\/p>\n<ul>\n<li>\u00d6ka produktiviteten inom f\u00f6retaget f\u00f6r att m\u00f6ta efterfr\u00e5gan fr\u00e5n allm\u00e4nheten, samtidigt som vi f\u00f6rs\u00e4krar oss om att varken milj\u00f6n eller samh\u00e4llet lider utav den \u00f6kade efterfr\u00e5gan.<\/li>\n<li>Erbjuda samma m\u00f6jligheter f\u00f6r alla, oavsett k\u00f6n eller bakgrund.<\/li>\n<\/ul>\n[\/vc_column_text][vc_empty_space height=&#8221;44px&#8221;][\/vc_column][\/mk_page_section][vc_row][vc_column][mk_divider style=&#8221;thin_solid&#8221;][\/vc_column][\/vc_row][mk_page_section sidebar=&#8221;sidebar-1&#8243; first_page=&#8221;false&#8221; last_page=&#8221;false&#8221;][vc_column width=&#8221;1\/2&#8243;][vc_empty_space height=&#8221;44px&#8221;][vc_single_image image=&#8221;8924&#8243; img_size=&#8221;full&#8221; style=&#8221;vc_box_shadow_border_circle&#8221; css_animation=&#8221;appear&#8221;][\/vc_column][vc_column width=&#8221;1\/2&#8243;][vc_empty_space height=&#8221;44px&#8221;][mk_fancy_title color=&#8221;#578fa6&#8243; size=&#8221;34&#8243; font_weight=&#8221;bold&#8221; margin_bottom=&#8221;18&#8243; font_family=&#8221;none&#8221;]H\u00c5LLBAR INDUSTRI, INNOVATIONER OCH INFRASTRUKTUR[\/mk_fancy_title][vc_column_text css=&#8221;.vc_custom_1640865524404{margin-bottom: 0px !important;}&#8221;]Att investera i transportation, energi och informations- och mjukvaruutveckling \u00e4r en prioritet f\u00f6r att uppn\u00e5 en h\u00e5llbar utveckling inom industrierna. Forskning inom dessa omr\u00e5den \u00e4r d\u00e4rf\u00f6r essentiella.<br \/>\nDe st\u00f6rsta utmaningarna p\u00e5 Island n\u00e4r det kommer till h\u00e5llbar industri, innovationer och infrastruktur \u00e4r;<\/p>\n<ul>\n<li>Modernisering inom varje arbetsomr\u00e5de.<\/li>\n<li>St\u00e4rka vetenskaplig forskning inom varje arbetsomr\u00e5de.<\/li>\n<li>F\u00f6rb\u00e4ttra infrastrukturen.<\/li>\n<\/ul>\n<p><span data-contrast=\"auto\">N\u00e4stkommande 5 \u00e5r vill Glacier Journey arbeta med dessa utmaningar genom att;\u00a0\u00a0<\/span><\/p>\n<ul>\n<li>Intensifiera och representera innovationer inom f\u00f6retaget.<\/li>\n<li>Bist\u00e5 med ekonomiskt st\u00f6d f\u00f6r forskning.<\/li>\n<\/ul>\n[\/vc_column_text][vc_empty_space height=&#8221;44px&#8221;][\/vc_column][\/mk_page_section][vc_row][vc_column][mk_divider style=&#8221;thin_solid&#8221;][\/vc_column][\/vc_row][mk_page_section sidebar=&#8221;sidebar-1&#8243; first_page=&#8221;false&#8221; last_page=&#8221;false&#8221;][vc_column width=&#8221;1\/2&#8243;][vc_empty_space height=&#8221;44px&#8221;][vc_single_image image=&#8221;8924&#8243; img_size=&#8221;full&#8221; style=&#8221;vc_box_shadow_border_circle&#8221; css_animation=&#8221;appear&#8221;][\/vc_column][vc_column width=&#8221;1\/2&#8243;][vc_empty_space height=&#8221;44px&#8221;][mk_fancy_title color=&#8221;#578fa6&#8243; size=&#8221;34&#8243; font_weight=&#8221;bold&#8221; margin_bottom=&#8221;18&#8243; font_family=&#8221;none&#8221;]H\u00c5LLBAR KONSUMPTION OCH PRODUKTION[\/mk_fancy_title][vc_column_text css=&#8221;.vc_custom_1640865532751{margin-bottom: 0px !important;}&#8221;]V\u00e5r konsumption och produktion har globalt haft en destruktiv effekt p\u00e5 planeten. Att anv\u00e4nda oss av naturlig energi liksom nationella resurser \u00e4r en grundsten f\u00f6r ansvarsfull konsumption, likas\u00e5 att minimisera matavfall och att f\u00f6retag tar sitt ansvar f\u00f6r sitt lokalsamh\u00e4lle.<br \/>\nDe st\u00f6rsta utmaningarna p\u00e5 Island n\u00e4r det kommer till h\u00e5llbar konsumption och produktion \u00e4r;<\/p>\n<ul>\n<li>Att reducera konsumption och minska matavfall f\u00f6r att minska koldioxidavtrycket.<\/li>\n<li>Etablera en tankecykel bakom all konsumption och produktion f\u00f6r att f\u00f6rs\u00e4kra oss om att de naturliga resurserna inte \u00f6verkonsumeras.<\/li>\n<li><span data-contrast=\"auto\">F\u00f6rs\u00e4kra att turismindustrin jobbar i samverkan med naturen och det lokala samh\u00e4llet.<br \/>\n<\/span><\/li>\n<\/ul>\n<p><span data-contrast=\"auto\">N\u00e4stkommande 5 \u00e5r vill Glacier Journey arbeta med dessa utmaningar genom att;\u00a0\u00a0<\/span><\/p>\n<ul>\n<li>Medvetet minska all on\u00f6dig konsumption.<\/li>\n<li>\u00c4n mer implementera en tankecykel och beteende gentemot konsumption.<\/li>\n<li>Vara i total harmoni med naturen och vara s\u00e5 h\u00e5llbara i v\u00e5r konsumption och produktion som m\u00f6jligt.<\/li>\n<\/ul>\n<p><span data-ccp-props=\"{&quot;201341983&quot;:0,&quot;335559739&quot;:160,&quot;335559740&quot;:259}\">\u00a0<\/span>[\/vc_column_text][vc_empty_space height=&#8221;44px&#8221;][\/vc_column][\/mk_page_section][vc_row][vc_column][mk_divider style=&#8221;thin_solid&#8221;][\/vc_column][\/vc_row][mk_page_section sidebar=&#8221;sidebar-1&#8243; first_page=&#8221;false&#8221; last_page=&#8221;false&#8221;][vc_column width=&#8221;1\/2&#8243;][vc_empty_space height=&#8221;44px&#8221;][vc_single_image image=&#8221;8924&#8243; img_size=&#8221;full&#8221; style=&#8221;vc_box_shadow_border_circle&#8221; css_animation=&#8221;appear&#8221;][\/vc_column][vc_column width=&#8221;1\/2&#8243;][vc_empty_space height=&#8221;44px&#8221;][mk_fancy_title color=&#8221;#578fa6&#8243; size=&#8221;34&#8243; font_weight=&#8221;bold&#8221; margin_bottom=&#8221;18&#8243; font_family=&#8221;none&#8221;]GENOMF\u00d6RANDE OCH GLOBALT PARTNERSKAP[\/mk_fancy_title][vc_column_text css=&#8221;.vc_custom_1640865542011{margin-bottom: 0px !important;}&#8221;]F\u00f6r att kunna n\u00e5 de globala m\u00e5len f\u00f6r h\u00e5llbar utveckling \u00e4r det viktigt att alla, fr\u00e5n den enskilda individen till samh\u00e4llet, nationellt som internationellt, att jobba tillsammans.<br \/>\nAtt f\u00e5 ett slut p\u00e5 fattigdom, nationellt som internationellt, \u00e4r ett av huvudm\u00e5len f\u00f6r att n\u00e5 de globala m\u00e5len f\u00f6r h\u00e5llbar utveckling.<br \/>\nEtt annat huvudm\u00e5l \u00e4r att utveckla milj\u00f6v\u00e4nlig teknologi och f\u00f6rs\u00e4kra att alla aff\u00e4rer g\u00f6rs med ansvar f\u00f6r samh\u00e4llet och med respekt f\u00f6r de naturliga resurserna.<br \/>\nDe st\u00f6rsta utmaningarna p\u00e5 Island n\u00e4r det kommer till genomf\u00f6rande och globalt partnerskap \u00e4r;<\/p>\n<ul>\n<li>Att bidra med 0,7% av landets BNP mot utvecklingssammarbeten.<\/li>\n<li>Att \u00f6ka det ekonomiska st\u00f6det f\u00f6r alla privata invest\u00f6rer som jobbar f\u00f6r h\u00e5llbarhet.<\/li>\n<\/ul>\n<p><span data-contrast=\"auto\">N\u00e4stkommande 5 \u00e5r vill Glacier Journey arbeta med dessa utmaningar genom att;\u00a0\u00a0<\/span><\/p>\n<ul>\n<li>Arbeta tillsammans med regeringen, Vatnaj\u00f6kuls\u00fej\u00f3\u00f0gar\u00f0ur nationalpark och andra f\u00f6retag inom kommunen f\u00f6r att n\u00e5 gemensamma m\u00e5l.<\/li>\n<\/ul>\n[\/vc_column_text][vc_empty_space height=&#8221;44px&#8221;][\/vc_column][\/mk_page_section][vc_row][vc_column][mk_divider style=&#8221;thick_solid&#8221;][\/vc_column][\/vc_row][vc_row][vc_column][\/vc_column][\/vc_row]\n<\/div>","protected":false},"excerpt":{"rendered":"<p>[mk_page_section bg_image=&#8221;http:\/\/glacierjourney.is\/wp-content\/uploads\/2015\/07\/header-glacierjourney.jpg&#8221; attachment=&#8221;fixed&#8221; bg_position=&#8221;center top&#8221; bg_repeat=&#8221;no-repeat&#8221; bg_stretch=&#8221;true&#8221; enable_3d=&#8221;true&#8221; bg_gradient=&#8221;vertical&#8221; video_color_mask=&#8221;#1e73be&#8221; gr_end=&#8221;#28b7ff&#8221; video_opacity=&#8221;0.5&#8243; min_height=&#8221;300&#8243; full_width=&#8221;true&#8221; padding_top=&#8221;0&#8243; first_page=&#8221;true&#8221; last_page=&#8221;false&#8221; sidebar=&#8221;sidebar-1&#8243;][vc_column][mk_padding_divider size=&#8221;100&#8243;][mk_fancy_title color=&#8221;#ffffff&#8221; size=&#8221;40&#8243; font_weight=&#8221;900&#8243; letter_spacing=&#8221;4&#8243; margin_bottom=&#8221;18&#8243; font_family=&#8221;none&#8221; align=&#8221;center&#8221; animation=&#8221;fade-in&#8221;]Glacier Journey och UNESCOs globala m\u00e5l f\u00f6r h\u00e5llbar utveckling [\/mk_fancy_title][mk_padding_divider][\/vc_column][\/mk_page_section][vc_row padding=&#8221;0&#8243;][vc_column][vc_empty_space height=&#8221;50px&#8221;][vc_column_text css=&#8221;.vc_custom_1749729704599{margin-bottom: 0px !important;}&#8221;]Glacier Journey har \u00e5tagit sig att jobba f\u00f6r en b\u00e4ttre milj\u00f6 och en v\u00e4rld som [&hellip;]<\/p>\n","protected":false},"author":3,"featured_media":0,"parent":0,"menu_order":0,"comment_status":"closed","ping_status":"closed","template":"","meta":{"_exactmetrics_skip_tracking":false,"_exactmetrics_sitenote_active":false,"_exactmetrics_sitenote_note":"","_exactmetrics_sitenote_category":0,"footnotes":""},"class_list":["post-8300","page","type-page","status-publish","hentry"],"yoast_head":"<!-- This site is optimized with the Yoast SEO plugin v27.4 - https:\/\/yoast.com\/product\/yoast-seo-wordpress\/ -->\n<title>- Glacier Journey<\/title>\n<meta name=\"robots\" content=\"index, follow, max-snippet:-1, max-image-preview:large, max-video-preview:-1\" \/>\n<link rel=\"canonical\" href=\"https:\/\/glacierjourney.is\/sv\/glacierjourneyunesco\/\" \/>\n<meta property=\"og:locale\" content=\"sv_SE\" \/>\n<meta property=\"og:type\" content=\"article\" \/>\n<meta property=\"og:title\" content=\"- Glacier Journey\" \/>\n<meta property=\"og:description\" content=\"[mk_page_section bg_image=&#8221;http:\/\/glacierjourney.is\/wp-content\/uploads\/2015\/07\/header-glacierjourney.jpg&#8221; attachment=&#8221;fixed&#8221; bg_position=&#8221;center top&#8221; bg_repeat=&#8221;no-repeat&#8221; bg_stretch=&#8221;true&#8221; enable_3d=&#8221;true&#8221; bg_gradient=&#8221;vertical&#8221; video_color_mask=&#8221;#1e73be&#8221; gr_end=&#8221;#28b7ff&#8221; video_opacity=&#8221;0.5&#8243; min_height=&#8221;300&#8243; full_width=&#8221;true&#8221; padding_top=&#8221;0&#8243; first_page=&#8221;true&#8221; last_page=&#8221;false&#8221; sidebar=&#8221;sidebar-1&#8243;][vc_column][mk_padding_divider size=&#8221;100&#8243;][mk_fancy_title color=&#8221;#ffffff&#8221; size=&#8221;40&#8243; font_weight=&#8221;900&#8243; letter_spacing=&#8221;4&#8243; margin_bottom=&#8221;18&#8243; font_family=&#8221;none&#8221; align=&#8221;center&#8221; animation=&#8221;fade-in&#8221;]Glacier Journey och UNESCOs globala m\u00e5l f\u00f6r h\u00e5llbar utveckling [\/mk_fancy_title][mk_padding_divider][\/vc_column][\/mk_page_section][vc_row padding=&#8221;0&#8243;][vc_column][vc_empty_space height=&#8221;50px&#8221;][vc_column_text css=&#8221;.vc_custom_1749729704599{margin-bottom: 0px !important;}&#8221;]Glacier Journey har \u00e5tagit sig att jobba f\u00f6r en b\u00e4ttre milj\u00f6 och en v\u00e4rld som [&hellip;]\" \/>\n<meta property=\"og:url\" content=\"https:\/\/glacierjourney.is\/sv\/glacierjourneyunesco\/\" \/>\n<meta property=\"og:site_name\" content=\"Glacier Journey\" \/>\n<meta property=\"article:modified_time\" content=\"2025-06-12T12:01:53+00:00\" \/>\n<meta name=\"twitter:card\" content=\"summary_large_image\" \/>\n<meta name=\"twitter:label1\" content=\"Ber\u00e4knad l\u00e4stid\" \/>\n\t<meta name=\"twitter:data1\" content=\"5 minuter\" \/>\n<script type=\"application\/ld+json\" class=\"yoast-schema-graph\">{\"@context\":\"https:\\\/\\\/schema.org\",\"@graph\":[{\"@type\":\"WebPage\",\"@id\":\"https:\\\/\\\/glacierjourney.is\\\/sv\\\/glacierjourneyunesco\\\/\",\"url\":\"https:\\\/\\\/glacierjourney.is\\\/sv\\\/glacierjourneyunesco\\\/\",\"name\":\"- Glacier Journey\",\"isPartOf\":{\"@id\":\"https:\\\/\\\/glacierjourney.is\\\/#website\"},\"datePublished\":\"2021-12-07T11:12:19+00:00\",\"dateModified\":\"2025-06-12T12:01:53+00:00\",\"inLanguage\":\"sv-SE\",\"potentialAction\":[{\"@type\":\"ReadAction\",\"target\":[\"https:\\\/\\\/glacierjourney.is\\\/sv\\\/glacierjourneyunesco\\\/\"]}]},{\"@type\":\"WebSite\",\"@id\":\"https:\\\/\\\/glacierjourney.is\\\/#website\",\"url\":\"https:\\\/\\\/glacierjourney.is\\\/\",\"name\":\"Glacier Journey\",\"description\":\"Take a journey with us into the vastness of Vatnaj\u00f6kull\",\"potentialAction\":[{\"@type\":\"SearchAction\",\"target\":{\"@type\":\"EntryPoint\",\"urlTemplate\":\"https:\\\/\\\/glacierjourney.is\\\/?s={search_term_string}\"},\"query-input\":{\"@type\":\"PropertyValueSpecification\",\"valueRequired\":true,\"valueName\":\"search_term_string\"}}],\"inLanguage\":\"sv-SE\"}]}<\/script>\n<!-- \/ Yoast SEO plugin. -->","yoast_head_json":{"title":"- Glacier Journey","robots":{"index":"index","follow":"follow","max-snippet":"max-snippet:-1","max-image-preview":"max-image-preview:large","max-video-preview":"max-video-preview:-1"},"canonical":"https:\/\/glacierjourney.is\/sv\/glacierjourneyunesco\/","og_locale":"sv_SE","og_type":"article","og_title":"- Glacier Journey","og_description":"[mk_page_section bg_image=&#8221;http:\/\/glacierjourney.is\/wp-content\/uploads\/2015\/07\/header-glacierjourney.jpg&#8221; attachment=&#8221;fixed&#8221; bg_position=&#8221;center top&#8221; bg_repeat=&#8221;no-repeat&#8221; bg_stretch=&#8221;true&#8221; enable_3d=&#8221;true&#8221; bg_gradient=&#8221;vertical&#8221; video_color_mask=&#8221;#1e73be&#8221; gr_end=&#8221;#28b7ff&#8221; video_opacity=&#8221;0.5&#8243; min_height=&#8221;300&#8243; full_width=&#8221;true&#8221; padding_top=&#8221;0&#8243; first_page=&#8221;true&#8221; last_page=&#8221;false&#8221; sidebar=&#8221;sidebar-1&#8243;][vc_column][mk_padding_divider size=&#8221;100&#8243;][mk_fancy_title color=&#8221;#ffffff&#8221; size=&#8221;40&#8243; font_weight=&#8221;900&#8243; letter_spacing=&#8221;4&#8243; margin_bottom=&#8221;18&#8243; font_family=&#8221;none&#8221; align=&#8221;center&#8221; animation=&#8221;fade-in&#8221;]Glacier Journey och UNESCOs globala m\u00e5l f\u00f6r h\u00e5llbar utveckling [\/mk_fancy_title][mk_padding_divider][\/vc_column][\/mk_page_section][vc_row padding=&#8221;0&#8243;][vc_column][vc_empty_space height=&#8221;50px&#8221;][vc_column_text css=&#8221;.vc_custom_1749729704599{margin-bottom: 0px !important;}&#8221;]Glacier Journey har \u00e5tagit sig att jobba f\u00f6r en b\u00e4ttre milj\u00f6 och en v\u00e4rld som [&hellip;]","og_url":"https:\/\/glacierjourney.is\/sv\/glacierjourneyunesco\/","og_site_name":"Glacier Journey","article_modified_time":"2025-06-12T12:01:53+00:00","twitter_card":"summary_large_image","twitter_misc":{"Ber\u00e4knad l\u00e4stid":"5 minuter"},"schema":{"@context":"https:\/\/schema.org","@graph":[{"@type":"WebPage","@id":"https:\/\/glacierjourney.is\/sv\/glacierjourneyunesco\/","url":"https:\/\/glacierjourney.is\/sv\/glacierjourneyunesco\/","name":"- Glacier Journey","isPartOf":{"@id":"https:\/\/glacierjourney.is\/#website"},"datePublished":"2021-12-07T11:12:19+00:00","dateModified":"2025-06-12T12:01:53+00:00","inLanguage":"sv-SE","potentialAction":[{"@type":"ReadAction","target":["https:\/\/glacierjourney.is\/sv\/glacierjourneyunesco\/"]}]},{"@type":"WebSite","@id":"https:\/\/glacierjourney.is\/#website","url":"https:\/\/glacierjourney.is\/","name":"Glacier Journey","description":"Take a journey with us into the vastness of Vatnaj\u00f6kull","potentialAction":[{"@type":"SearchAction","target":{"@type":"EntryPoint","urlTemplate":"https:\/\/glacierjourney.is\/?s={search_term_string}"},"query-input":{"@type":"PropertyValueSpecification","valueRequired":true,"valueName":"search_term_string"}}],"inLanguage":"sv-SE"}]}},"_links":{"self":[{"href":"https:\/\/glacierjourney.is\/sv\/wp-json\/wp\/v2\/pages\/8300","targetHints":{"allow":["GET"]}}],"collection":[{"href":"https:\/\/glacierjourney.is\/sv\/wp-json\/wp\/v2\/pages"}],"about":[{"href":"https:\/\/glacierjourney.is\/sv\/wp-json\/wp\/v2\/types\/page"}],"author":[{"embeddable":true,"href":"https:\/\/glacierjourney.is\/sv\/wp-json\/wp\/v2\/users\/3"}],"replies":[{"embeddable":true,"href":"https:\/\/glacierjourney.is\/sv\/wp-json\/wp\/v2\/comments?post=8300"}],"version-history":[{"count":12,"href":"https:\/\/glacierjourney.is\/sv\/wp-json\/wp\/v2\/pages\/8300\/revisions"}],"predecessor-version":[{"id":10522,"href":"https:\/\/glacierjourney.is\/sv\/wp-json\/wp\/v2\/pages\/8300\/revisions\/10522"}],"wp:attachment":[{"href":"https:\/\/glacierjourney.is\/sv\/wp-json\/wp\/v2\/media?parent=8300"}],"curies":[{"name":"wp","href":"https:\/\/api.w.org\/{rel}","templated":true}]}}