{"id":8278,"date":"2021-12-06T13:39:01","date_gmt":"2021-12-06T13:39:01","guid":{"rendered":"https:\/\/glacierjourney.is\/?page_id=8278"},"modified":"2023-12-19T09:57:14","modified_gmt":"2023-12-19T09:57:14","slug":"motesplats","status":"publish","type":"page","link":"https:\/\/glacierjourney.is\/sv\/motesplats\/","title":{"rendered":"LOCATION"},"content":{"rendered":"<div class=\"wpb-content-wrapper\">[mk_page_section bg_image=&#8221;http:\/\/glacierjourney.is\/wp-content\/uploads\/2015\/07\/header-glacierjourney.jpg&#8221; attachment=&#8221;fixed&#8221; bg_position=&#8221;center top&#8221; bg_repeat=&#8221;no-repeat&#8221; bg_stretch=&#8221;true&#8221; enable_3d=&#8221;true&#8221; bg_gradient=&#8221;vertical&#8221; video_color_mask=&#8221;#1e73be&#8221; gr_end=&#8221;#28b7ff&#8221; video_opacity=&#8221;0.5&#8243; min_height=&#8221;300&#8243; full_width=&#8221;true&#8221; padding_top=&#8221;0&#8243; first_page=&#8221;true&#8221; last_page=&#8221;false&#8221; sidebar=&#8221;sidebar-1&#8243;][vc_column][mk_padding_divider size=&#8221;100&#8243;][mk_fancy_title color=&#8221;#ffffff&#8221; size=&#8221;40&#8243; font_weight=&#8221;900&#8243; letter_spacing=&#8221;4&#8243; margin_bottom=&#8221;18&#8243; font_family=&#8221;none&#8221; align=&#8221;center&#8221; animation=&#8221;fade-in&#8221;]H\u00c4R HITTAR NI OSS[\/mk_fancy_title][mk_padding_divider][\/vc_column][\/mk_page_section][mk_page_section sidebar=&#8221;sidebar-1&#8243;][vc_column][vc_empty_space][vc_single_image image=&#8221;9429&#8243; img_size=&#8221;full&#8221; alignment=&#8221;center&#8221;][vc_empty_space][vc_column_text css=&#8221;.vc_custom_1702979408396{margin-bottom: 0px !important;}&#8221;]\n<p class=\"vc_custom_heading wpb_animate_when_almost_visible wpb_appear appear wpb_start_animation animated\" style=\"text-align: center;\"><strong>HUR L\u00c4NG TID TAR DET ATT K\u00d6RE TIL DIN BASE CAMP<\/strong><\/p>\n<p style=\"text-align: center;\"><strong>N\u00e4r du g\u00f6r en rundtur med oss \u00e4r det bra att vara bel\u00e4gen n\u00e5gonstans n\u00e4ra omr\u00e5det.<\/strong><\/p>\n<p style=\"text-align: center;\">Om du har en morgontur med oss \u2013 det \u00e4r b\u00e4st att bo n\u00e5gonstans i omr\u00e5det kv\u00e4llen innan.<\/p>\n<p style=\"text-align: center;\">Om du har en eftermiddagstur med oss \u2013 det \u00e4r b\u00e4st att stanna n\u00e5gonstans i omr\u00e5det natten efter.<\/p>\n<p style=\"text-align: center;\"><strong>Til vort sommer base camp \u2013 H\u00f3tel Smyrlabj\u00f6rg<\/strong><\/p>\n<p style=\"text-align: center;\">Fr\u00e5n Reykjav\u00edk tar det dig ca. 5 timmar.<\/p>\n<p style=\"text-align: center;\">Fr\u00e5n V\u00edk tar det dig ca. 3 timmar.<\/p>\n<p style=\"text-align: center;\">Fr\u00e5n Skaftafell tar det dig ca. 1 timme &amp; 15 minuter.<\/p>\n<p style=\"text-align: center;\">Fr\u00e5n H\u00f6fn tar det dig ca. 35 minuter.<\/p>\n<p style=\"text-align: center;\">Notera \u2013 desse tider \u00e4r givet att v\u00e4garna \u00e4r i gott skick och v\u00e4dret \u00e4r bra.<\/p>\n<p style=\"text-align: center;\">F\u00f6r v\u00e4gskick se\u00a0<a href=\"http:\/\/www.vegagerdin.is\/english\">vegagerdin.is<\/a>\u00a0och v\u00e4der\u00a0<a href=\"http:\/\/en.vedur.is\/\">vedur.is<\/a><\/p>\n<p style=\"text-align: center;\"><strong>Til vort vinter base camp \u2013 J\u00f6kuls\u00e1rl\u00f3n<\/strong><\/p>\n<p style=\"text-align: center;\">Fr\u00e5n Reykjav\u00edk tar det dig ca. 4 timmar.<\/p>\n<p style=\"text-align: center;\">Fr\u00e5n V\u00edk tar det dig ca. 2 timmar.<\/p>\n<p style=\"text-align: center;\">Fr\u00e5n Skaftafell tar det dig ca. 50 minuter.<\/p>\n<p style=\"text-align: center;\">Fr\u00e5n H\u00f6fn tar det dig ca. 1 timme &amp; 10 minuter.<\/p>\n<p style=\"text-align: center;\">Notera \u2013 desse tider \u00e4r givet att v\u00e4garna \u00e4r i gott skick och v\u00e4dret \u00e4r bra.<\/p>\n<p style=\"text-align: center;\">F\u00f6r v\u00e4gskick se\u00a0<a href=\"http:\/\/www.vegagerdin.is\/english\">vegagerdin.is<\/a>\u00a0och v\u00e4der\u00a0<a href=\"http:\/\/en.vedur.is\/\">vedur.is<\/a><\/p>\n[\/vc_column_text][vc_empty_space][\/vc_column][\/mk_page_section][mk_page_section sidebar=&#8221;sidebar-1&#8243;][vc_column][vc_empty_space][mk_ornamental_title text_color=&#8221;#1e73be&#8221; font_family=&#8221;Permanent+Marker&#8221; font_type=&#8221;google&#8221; font_size=&#8221;30&#8243; ornament_style=&#8221;norman-single&#8221; ornament_color=&#8221;#006794&#8243; ornament_thickness=&#8221;3&#8243;]M\u00d6TESPLATS P\u00c5 VINTERN | BASE CAMP[\/mk_ornamental_title][mk_fancy_title size=&#8221;20&#8243; font_family=&#8221;Rubik&#8221; font_type=&#8221;google&#8221; align=&#8221;center&#8221;]The Glacier Lagoon | Gps: 64.048096, -16.178778[\/mk_fancy_title][mk_advanced_gmaps custom_markers=&#8221;true&#8221; latitude=&#8221;64.048096&#8243; longitude=&#8221;-16.178778&#8243; address=&#8221;J\u00f6kuls\u00e1rl\u00f3n&#8221; custom_marker_1=&#8221;http:\/\/glacierjourney.is\/wp-content\/uploads\/2018\/07\/logo-map.png&#8221; content_bg_color=&#8221;#ffffff&#8221; content_font_color=&#8221;#ffffff&#8221; height=&#8221;450&#8243; map_zoom=&#8221;10&#8243; modify_coloring=&#8221;true&#8221; hue=&#8221;#25beed&#8221;][vc_empty_space][\/vc_column][\/mk_page_section][mk_page_section sidebar=&#8221;sidebar-1&#8243;][vc_column][vc_empty_space][mk_ornamental_title text_color=&#8221;#1e73be&#8221; font_family=&#8221;Permanent+Marker&#8221; font_type=&#8221;google&#8221; font_size=&#8221;30&#8243; ornament_style=&#8221;norman-single&#8221; ornament_color=&#8221;#006794&#8243; ornament_thickness=&#8221;3&#8243;]M\u00d6TESPLATS P\u00c5 SOMMAREN | BASE CAMP[\/mk_ornamental_title][mk_fancy_title size=&#8221;20&#8243; font_family=&#8221;Rubik&#8221; font_type=&#8221;google&#8221; align=&#8221;center&#8221;]Hotel Smyrlabj\u00f6rg | Gps: 64.2173538, -15.7195644<\/p>\n<p>Hotel Smyrlabj\u00f6rg website:<\/p>\n<p>https:\/\/smyrlabjorg.is\/is\/[\/mk_fancy_title][mk_advanced_gmaps custom_markers=&#8221;true&#8221; latitude=&#8221;64.2173538&#8243; longitude=&#8221;-15.7195644&#8243; address=&#8221;Hotel Smyrlabj\u00f6rg&#8221; custom_marker_1=&#8221;http:\/\/glacierjourney.is\/wp-content\/uploads\/2018\/07\/logo-map.png&#8221; content_bg_color=&#8221;#ffffff&#8221; content_font_color=&#8221;#ffffff&#8221; height=&#8221;450&#8243; map_zoom=&#8221;10&#8243; modify_coloring=&#8221;true&#8221; hue=&#8221;#25beed&#8221;][vc_empty_space][\/vc_column][\/mk_page_section][vc_row][vc_column][vc_empty_space][mk_ornamental_title text_color=&#8221;#1e73be&#8221; font_family=&#8221;Permanent+Marker&#8221; font_type=&#8221;google&#8221; font_size=&#8221;30&#8243; ornament_style=&#8221;norman-single&#8221; ornament_color=&#8221;#006794&#8243; ornament_thickness=&#8221;3&#8243;]KONTOR[\/mk_ornamental_title][mk_fancy_title size=&#8221;20&#8243; font_family=&#8221;Rubik&#8221; font_type=&#8221;google&#8221; align=&#8221;center&#8221;]Vikurbraut 4 | Gps: 64.25242,-15.203496[\/mk_fancy_title][mk_advanced_gmaps custom_markers=&#8221;true&#8221; latitude=&#8221;64.25242&#8243; longitude=&#8221;-15.203496&#8243; address=&#8221;V\u00edkurbraut 4&#8243; custom_marker_1=&#8221;https:\/\/glacierjourney.is\/wp-content\/uploads\/2021\/11\/logo-map.png&#8221; pin_icon=&#8221;https:\/\/glacierjourney.is\/wp-content\/uploads\/2018\/07\/logo-map.png&#8221;][vc_column_text css=&#8221;.vc_custom_1702979212398{margin-bottom: 0px !important;}&#8221;]\n<p class=\"address\" style=\"text-align: center;\">Vikurbraut 4<br \/>\n780, H\u00f6fn \u00ed Hornafir\u00f0i<br \/>\n\u00d6PPETTIDER<br \/>\nM\u00e5ndag-Fredag: 8:30 \u2013 16:30<br \/>\nHelger: St\u00e4ngt<br \/>\nTelefon: +354 478 1517<br \/>\nMobil: <b><i>+<\/i><\/b>354 867 0493<\/p>\n<p class=\"email\" style=\"text-align: center;\">Email:\u00a0<a href=\"mailto:info@glacierjourney.is\">info@glacierjourney.is<\/a><\/p>\n[\/vc_column_text][vc_empty_space][\/vc_column][\/vc_row]\n<\/div>","protected":false},"excerpt":{"rendered":"<p>[mk_page_section bg_image=&#8221;http:\/\/glacierjourney.is\/wp-content\/uploads\/2015\/07\/header-glacierjourney.jpg&#8221; attachment=&#8221;fixed&#8221; bg_position=&#8221;center top&#8221; bg_repeat=&#8221;no-repeat&#8221; bg_stretch=&#8221;true&#8221; enable_3d=&#8221;true&#8221; bg_gradient=&#8221;vertical&#8221; video_color_mask=&#8221;#1e73be&#8221; gr_end=&#8221;#28b7ff&#8221; video_opacity=&#8221;0.5&#8243; min_height=&#8221;300&#8243; full_width=&#8221;true&#8221; padding_top=&#8221;0&#8243; first_page=&#8221;true&#8221; last_page=&#8221;false&#8221; sidebar=&#8221;sidebar-1&#8243;][vc_column][mk_padding_divider size=&#8221;100&#8243;][mk_fancy_title color=&#8221;#ffffff&#8221; size=&#8221;40&#8243; font_weight=&#8221;900&#8243; letter_spacing=&#8221;4&#8243; margin_bottom=&#8221;18&#8243; font_family=&#8221;none&#8221; align=&#8221;center&#8221; animation=&#8221;fade-in&#8221;]H\u00c4R HITTAR NI OSS[\/mk_fancy_title][mk_padding_divider][\/vc_column][\/mk_page_section][mk_page_section sidebar=&#8221;sidebar-1&#8243;][vc_column][vc_empty_space][vc_single_image image=&#8221;9429&#8243; img_size=&#8221;full&#8221; alignment=&#8221;center&#8221;][vc_empty_space][vc_column_text css=&#8221;.vc_custom_1702979408396{margin-bottom: 0px !important;}&#8221;] HUR L\u00c4NG TID TAR DET ATT K\u00d6RE TIL DIN BASE CAMP N\u00e4r du g\u00f6r en rundtur med oss [&hellip;]<\/p>\n","protected":false},"author":3,"featured_media":0,"parent":0,"menu_order":0,"comment_status":"closed","ping_status":"closed","template":"","meta":{"_exactmetrics_skip_tracking":false,"_exactmetrics_sitenote_active":false,"_exactmetrics_sitenote_note":"","_exactmetrics_sitenote_category":0,"footnotes":""},"class_list":["post-8278","page","type-page","status-publish","hentry"],"yoast_head":"<!-- This site is optimized with the Yoast SEO plugin v27.4 - https:\/\/yoast.com\/product\/yoast-seo-wordpress\/ -->\n<title>LOCATION - Glacier Journey<\/title>\n<meta name=\"robots\" content=\"index, follow, max-snippet:-1, max-image-preview:large, max-video-preview:-1\" \/>\n<link rel=\"canonical\" href=\"https:\/\/glacierjourney.is\/sv\/motesplats\/\" \/>\n<meta property=\"og:locale\" content=\"sv_SE\" \/>\n<meta property=\"og:type\" content=\"article\" \/>\n<meta property=\"og:title\" content=\"LOCATION - Glacier Journey\" \/>\n<meta property=\"og:description\" content=\"[mk_page_section bg_image=&#8221;http:\/\/glacierjourney.is\/wp-content\/uploads\/2015\/07\/header-glacierjourney.jpg&#8221; attachment=&#8221;fixed&#8221; bg_position=&#8221;center top&#8221; bg_repeat=&#8221;no-repeat&#8221; bg_stretch=&#8221;true&#8221; enable_3d=&#8221;true&#8221; bg_gradient=&#8221;vertical&#8221; video_color_mask=&#8221;#1e73be&#8221; gr_end=&#8221;#28b7ff&#8221; video_opacity=&#8221;0.5&#8243; min_height=&#8221;300&#8243; full_width=&#8221;true&#8221; padding_top=&#8221;0&#8243; first_page=&#8221;true&#8221; last_page=&#8221;false&#8221; sidebar=&#8221;sidebar-1&#8243;][vc_column][mk_padding_divider size=&#8221;100&#8243;][mk_fancy_title color=&#8221;#ffffff&#8221; size=&#8221;40&#8243; font_weight=&#8221;900&#8243; letter_spacing=&#8221;4&#8243; margin_bottom=&#8221;18&#8243; font_family=&#8221;none&#8221; align=&#8221;center&#8221; animation=&#8221;fade-in&#8221;]H\u00c4R HITTAR NI OSS[\/mk_fancy_title][mk_padding_divider][\/vc_column][\/mk_page_section][mk_page_section sidebar=&#8221;sidebar-1&#8243;][vc_column][vc_empty_space][vc_single_image image=&#8221;9429&#8243; img_size=&#8221;full&#8221; alignment=&#8221;center&#8221;][vc_empty_space][vc_column_text css=&#8221;.vc_custom_1702979408396{margin-bottom: 0px !important;}&#8221;] HUR L\u00c4NG TID TAR DET ATT K\u00d6RE TIL DIN BASE CAMP N\u00e4r du g\u00f6r en rundtur med oss [&hellip;]\" \/>\n<meta property=\"og:url\" content=\"https:\/\/glacierjourney.is\/sv\/motesplats\/\" \/>\n<meta property=\"og:site_name\" content=\"Glacier Journey\" \/>\n<meta property=\"article:modified_time\" content=\"2023-12-19T09:57:14+00:00\" \/>\n<meta name=\"twitter:card\" content=\"summary_large_image\" \/>\n<meta name=\"twitter:label1\" content=\"Ber\u00e4knad l\u00e4stid\" \/>\n\t<meta name=\"twitter:data1\" content=\"2 minuter\" \/>\n<script type=\"application\/ld+json\" class=\"yoast-schema-graph\">{\"@context\":\"https:\\\/\\\/schema.org\",\"@graph\":[{\"@type\":\"WebPage\",\"@id\":\"https:\\\/\\\/glacierjourney.is\\\/sv\\\/motesplats\\\/\",\"url\":\"https:\\\/\\\/glacierjourney.is\\\/sv\\\/motesplats\\\/\",\"name\":\"LOCATION - Glacier Journey\",\"isPartOf\":{\"@id\":\"https:\\\/\\\/glacierjourney.is\\\/#website\"},\"datePublished\":\"2021-12-06T13:39:01+00:00\",\"dateModified\":\"2023-12-19T09:57:14+00:00\",\"breadcrumb\":{\"@id\":\"https:\\\/\\\/glacierjourney.is\\\/sv\\\/motesplats\\\/#breadcrumb\"},\"inLanguage\":\"sv-SE\",\"potentialAction\":[{\"@type\":\"ReadAction\",\"target\":[\"https:\\\/\\\/glacierjourney.is\\\/sv\\\/motesplats\\\/\"]}]},{\"@type\":\"BreadcrumbList\",\"@id\":\"https:\\\/\\\/glacierjourney.is\\\/sv\\\/motesplats\\\/#breadcrumb\",\"itemListElement\":[{\"@type\":\"ListItem\",\"position\":1,\"name\":\"Home\",\"item\":\"https:\\\/\\\/glacierjourney.is\\\/sv\\\/\"},{\"@type\":\"ListItem\",\"position\":2,\"name\":\"LOCATION\"}]},{\"@type\":\"WebSite\",\"@id\":\"https:\\\/\\\/glacierjourney.is\\\/#website\",\"url\":\"https:\\\/\\\/glacierjourney.is\\\/\",\"name\":\"Glacier Journey\",\"description\":\"Take a journey with us into the vastness of Vatnaj\u00f6kull\",\"potentialAction\":[{\"@type\":\"SearchAction\",\"target\":{\"@type\":\"EntryPoint\",\"urlTemplate\":\"https:\\\/\\\/glacierjourney.is\\\/?s={search_term_string}\"},\"query-input\":{\"@type\":\"PropertyValueSpecification\",\"valueRequired\":true,\"valueName\":\"search_term_string\"}}],\"inLanguage\":\"sv-SE\"}]}<\/script>\n<!-- \/ Yoast SEO plugin. -->","yoast_head_json":{"title":"LOCATION - Glacier Journey","robots":{"index":"index","follow":"follow","max-snippet":"max-snippet:-1","max-image-preview":"max-image-preview:large","max-video-preview":"max-video-preview:-1"},"canonical":"https:\/\/glacierjourney.is\/sv\/motesplats\/","og_locale":"sv_SE","og_type":"article","og_title":"LOCATION - Glacier Journey","og_description":"[mk_page_section bg_image=&#8221;http:\/\/glacierjourney.is\/wp-content\/uploads\/2015\/07\/header-glacierjourney.jpg&#8221; attachment=&#8221;fixed&#8221; bg_position=&#8221;center top&#8221; bg_repeat=&#8221;no-repeat&#8221; bg_stretch=&#8221;true&#8221; enable_3d=&#8221;true&#8221; bg_gradient=&#8221;vertical&#8221; video_color_mask=&#8221;#1e73be&#8221; gr_end=&#8221;#28b7ff&#8221; video_opacity=&#8221;0.5&#8243; min_height=&#8221;300&#8243; full_width=&#8221;true&#8221; padding_top=&#8221;0&#8243; first_page=&#8221;true&#8221; last_page=&#8221;false&#8221; sidebar=&#8221;sidebar-1&#8243;][vc_column][mk_padding_divider size=&#8221;100&#8243;][mk_fancy_title color=&#8221;#ffffff&#8221; size=&#8221;40&#8243; font_weight=&#8221;900&#8243; letter_spacing=&#8221;4&#8243; margin_bottom=&#8221;18&#8243; font_family=&#8221;none&#8221; align=&#8221;center&#8221; animation=&#8221;fade-in&#8221;]H\u00c4R HITTAR NI OSS[\/mk_fancy_title][mk_padding_divider][\/vc_column][\/mk_page_section][mk_page_section sidebar=&#8221;sidebar-1&#8243;][vc_column][vc_empty_space][vc_single_image image=&#8221;9429&#8243; img_size=&#8221;full&#8221; alignment=&#8221;center&#8221;][vc_empty_space][vc_column_text css=&#8221;.vc_custom_1702979408396{margin-bottom: 0px !important;}&#8221;] HUR L\u00c4NG TID TAR DET ATT K\u00d6RE TIL DIN BASE CAMP N\u00e4r du g\u00f6r en rundtur med oss [&hellip;]","og_url":"https:\/\/glacierjourney.is\/sv\/motesplats\/","og_site_name":"Glacier Journey","article_modified_time":"2023-12-19T09:57:14+00:00","twitter_card":"summary_large_image","twitter_misc":{"Ber\u00e4knad l\u00e4stid":"2 minuter"},"schema":{"@context":"https:\/\/schema.org","@graph":[{"@type":"WebPage","@id":"https:\/\/glacierjourney.is\/sv\/motesplats\/","url":"https:\/\/glacierjourney.is\/sv\/motesplats\/","name":"LOCATION - Glacier Journey","isPartOf":{"@id":"https:\/\/glacierjourney.is\/#website"},"datePublished":"2021-12-06T13:39:01+00:00","dateModified":"2023-12-19T09:57:14+00:00","breadcrumb":{"@id":"https:\/\/glacierjourney.is\/sv\/motesplats\/#breadcrumb"},"inLanguage":"sv-SE","potentialAction":[{"@type":"ReadAction","target":["https:\/\/glacierjourney.is\/sv\/motesplats\/"]}]},{"@type":"BreadcrumbList","@id":"https:\/\/glacierjourney.is\/sv\/motesplats\/#breadcrumb","itemListElement":[{"@type":"ListItem","position":1,"name":"Home","item":"https:\/\/glacierjourney.is\/sv\/"},{"@type":"ListItem","position":2,"name":"LOCATION"}]},{"@type":"WebSite","@id":"https:\/\/glacierjourney.is\/#website","url":"https:\/\/glacierjourney.is\/","name":"Glacier Journey","description":"Take a journey with us into the vastness of Vatnaj\u00f6kull","potentialAction":[{"@type":"SearchAction","target":{"@type":"EntryPoint","urlTemplate":"https:\/\/glacierjourney.is\/?s={search_term_string}"},"query-input":{"@type":"PropertyValueSpecification","valueRequired":true,"valueName":"search_term_string"}}],"inLanguage":"sv-SE"}]}},"_links":{"self":[{"href":"https:\/\/glacierjourney.is\/sv\/wp-json\/wp\/v2\/pages\/8278","targetHints":{"allow":["GET"]}}],"collection":[{"href":"https:\/\/glacierjourney.is\/sv\/wp-json\/wp\/v2\/pages"}],"about":[{"href":"https:\/\/glacierjourney.is\/sv\/wp-json\/wp\/v2\/types\/page"}],"author":[{"embeddable":true,"href":"https:\/\/glacierjourney.is\/sv\/wp-json\/wp\/v2\/users\/3"}],"replies":[{"embeddable":true,"href":"https:\/\/glacierjourney.is\/sv\/wp-json\/wp\/v2\/comments?post=8278"}],"version-history":[{"count":10,"href":"https:\/\/glacierjourney.is\/sv\/wp-json\/wp\/v2\/pages\/8278\/revisions"}],"predecessor-version":[{"id":10377,"href":"https:\/\/glacierjourney.is\/sv\/wp-json\/wp\/v2\/pages\/8278\/revisions\/10377"}],"wp:attachment":[{"href":"https:\/\/glacierjourney.is\/sv\/wp-json\/wp\/v2\/media?parent=8278"}],"curies":[{"name":"wp","href":"https:\/\/api.w.org\/{rel}","templated":true}]}}