{"id":8273,"date":"2021-12-06T13:31:36","date_gmt":"2021-12-06T13:31:36","guid":{"rendered":"https:\/\/glacierjourney.is\/?page_id=8273"},"modified":"2023-09-11T09:30:43","modified_gmt":"2023-09-11T09:30:43","slug":"varaturer","status":"publish","type":"page","link":"https:\/\/glacierjourney.is\/sv\/varaturer\/","title":{"rendered":""},"content":{"rendered":"<div class=\"wpb-content-wrapper\">[mk_page_section bg_image=&#8221;http:\/\/glacierjourney.is\/wp-content\/uploads\/2015\/07\/header-glacierjourney.jpg&#8221; attachment=&#8221;fixed&#8221; bg_position=&#8221;center top&#8221; bg_repeat=&#8221;no-repeat&#8221; bg_stretch=&#8221;true&#8221; enable_3d=&#8221;true&#8221; bg_gradient=&#8221;vertical&#8221; video_color_mask=&#8221;#1e73be&#8221; gr_end=&#8221;#28b7ff&#8221; video_opacity=&#8221;0.5&#8243; min_height=&#8221;300&#8243; full_width=&#8221;true&#8221; padding_top=&#8221;0&#8243; first_page=&#8221;true&#8221; last_page=&#8221;false&#8221; sidebar=&#8221;sidebar-1&#8243;][vc_column][mk_padding_divider size=&#8221;100&#8243;][mk_fancy_title color=&#8221;#ffffff&#8221; size=&#8221;40&#8243; font_weight=&#8221;900&#8243; letter_spacing=&#8221;4&#8243; margin_bottom=&#8221;18&#8243; font_family=&#8221;none&#8221; align=&#8221;center&#8221; animation=&#8221;fade-in&#8221;]V\u00c5RA TURER[\/mk_fancy_title][mk_padding_divider][\/vc_column][\/mk_page_section][vc_row padding=&#8221;0&#8243;][vc_column][vc_empty_space height=&#8221;50px&#8221;][\/vc_column][\/vc_row][mk_page_section sidebar=&#8221;sidebar-1&#8243; first_page=&#8221;false&#8221; last_page=&#8221;false&#8221;][vc_column width=&#8221;1\/2&#8243;][vc_empty_space height=&#8221;44px&#8221;][vc_single_image image=&#8221;7159&#8243; img_size=&#8221;full&#8221; onclick=&#8221;custom_link&#8221; link=&#8221;https:\/\/glacierjourney.is\/sv\/snoskoter\/&#8221;][\/vc_column][vc_column width=&#8221;1\/2&#8243;][vc_empty_space height=&#8221;44px&#8221;][mk_fancy_title color=&#8221;#578fa6&#8243; size=&#8221;34&#8243; font_weight=&#8221;bold&#8221; margin_bottom=&#8221;18&#8243; font_family=&#8221;none&#8221;]<a href=\"https:\/\/glacierjourney.is\/sv\/snoskoter\/\">SN\u00d6SKOTER<\/a>[\/mk_fancy_title][vc_column_text css=&#8221;.vc_custom_1638790524932{margin-bottom: 0px !important;}&#8221;]En tur p\u00e5 sn\u00f6skoter \u00e4r ett av de mest sp\u00e4nnande som du kan g\u00f6ra p\u00e5 Island. Att k\u00e4nna de friska vindarna rusa mot dig samtidigt som du flyger \u00f6ver glaci\u00e4ren f\u00e5r verkligen adrenalinet att pumpa av sp\u00e4nning.<\/p>\n<p>Kom med oss p\u00e5 de otroliga sn\u00f6k\u00e5porna p\u00e5 Vatnaj\u00f6kull, den st\u00f6rsta glaci\u00e4ren i Europa, och njut av de sn\u00f6iga bergen och bli ett med Islands spektakul\u00e4ra natur.[\/vc_column_text][mk_button dimension=&#8221;outline&#8221; size=&#8221;x-large&#8221; url=&#8221;https:\/\/glacierjourney.is\/sv\/snoskoter\/&#8221; outline_skin=&#8221;custom&#8221; outline_active_color=&#8221;#1e73be&#8221; outline_hover_color=&#8221;#ffffff&#8221;]MER INFORMATION[\/mk_button][vc_empty_space height=&#8221;44px&#8221;][\/vc_column][\/mk_page_section][mk_page_section sidebar=&#8221;sidebar-1&#8243; first_page=&#8221;false&#8221; last_page=&#8221;false&#8221;][vc_column width=&#8221;1\/2&#8243;][vc_empty_space height=&#8221;44px&#8221;][vc_single_image image=&#8221;7073&#8243; img_size=&#8221;full&#8221; onclick=&#8221;custom_link&#8221; link=&#8221;https:\/\/glacierjourney.is\/sv\/kverkfjoll\/&#8221;][\/vc_column][vc_column width=&#8221;1\/2&#8243;][vc_empty_space height=&#8221;44px&#8221;][mk_fancy_title color=&#8221;#578fa6&#8243; size=&#8221;34&#8243; font_weight=&#8221;bold&#8221; margin_bottom=&#8221;18&#8243; font_family=&#8221;none&#8221;]<a href=\"https:\/\/glacierjourney.is\/sv\/kverkfjoll\/\">SN\u00d6SKOTER P\u00c5 KVERKFJ\u00d6LL <\/a>[\/mk_fancy_title][vc_column_text css=&#8221;.vc_custom_1638791018237{margin-bottom: 0px !important;}&#8221;]Att \u00e5ka p\u00e5 sn\u00f6skoter p\u00e5 Kverkfj\u00f6lls vulkan \u00e4r ett \u00e4ventyr som du aldrig kommer att gl\u00f6mma.<br \/>\nVulkanen \u00e4r \u00e4n idag m\u00e5ttligt aktiv och det senaste utbrottet skapade en enorm m\u00e4ngd lava som idag \u00e4r helt t\u00e4ckt av is och sn\u00f6.<\/p>\n<p>Den h\u00e4r turen bokas p\u00e5 beg\u00e4ren och \u00e4r perfekt f\u00f6r en mindre grupp.[\/vc_column_text][mk_button dimension=&#8221;outline&#8221; size=&#8221;x-large&#8221; url=&#8221;https:\/\/glacierjourney.is\/sv\/kverkfjoll\/&#8221; outline_skin=&#8221;custom&#8221; outline_active_color=&#8221;#1e73be&#8221; outline_hover_color=&#8221;#ffffff&#8221;]MER INFORMATION[\/mk_button][vc_empty_space height=&#8221;44px&#8221;][\/vc_column][\/mk_page_section][mk_page_section sidebar=&#8221;sidebar-1&#8243; first_page=&#8221;false&#8221; last_page=&#8221;false&#8221;][vc_column width=&#8221;1\/2&#8243;][vc_empty_space height=&#8221;44px&#8221;][vc_single_image image=&#8221;7658&#8243; img_size=&#8221;full&#8221; onclick=&#8221;custom_link&#8221; link=&#8221;https:\/\/glacierjourney.is\/sv\/varaturer\/superjeep\/&#8221;][\/vc_column][vc_column width=&#8221;1\/2&#8243;][vc_empty_space height=&#8221;44px&#8221;][mk_fancy_title color=&#8221;#578fa6&#8243; size=&#8221;34&#8243; font_weight=&#8221;bold&#8221; margin_bottom=&#8221;18&#8243; font_family=&#8221;none&#8221;]<a href=\"https:\/\/glacierjourney.is\/sv\/varaturer\/superjeep\/\">UPPLEV VATNAJ\u00d6KULL I EN OMBYGGD JEEP<\/a>[\/mk_fancy_title][vc_column_text css=&#8221;.vc_custom_1694424640907{margin-bottom: 0px !important;}&#8221;]Upplev Island som du aldrig har gjort f\u00f6rut! Kom med oss \u200b\u200bp\u00e5 v\u00e5ran jeeptur d\u00e4r vi k\u00f6r 1000 meter upp p\u00e5 glaci\u00e4ren d\u00e4r utsikten kommer att ta andan ur dig samtidigt som du har Europas st\u00f6rsta glaci\u00e4r under dina f\u00f6tter.<\/p>\n<p>&nbsp;<\/p>\n[\/vc_column_text][mk_button dimension=&#8221;outline&#8221; size=&#8221;x-large&#8221; url=&#8221;https:\/\/glacierjourney.is\/sv\/varaturer\/superjeep\/&#8221; outline_skin=&#8221;custom&#8221; outline_active_color=&#8221;#1e73be&#8221; outline_hover_color=&#8221;#ffffff&#8221;]MER INFORMATION[\/mk_button][vc_empty_space height=&#8221;44px&#8221;][\/vc_column][\/mk_page_section][vc_row][vc_column][mk_divider style=&#8221;thin_solid&#8221;][\/vc_column][\/vc_row][mk_page_section predefined_bg=&#8221;&#8221; first_page=&#8221;false&#8221; last_page=&#8221;false&#8221; sidebar=&#8221;sidebar-1&#8243;][vc_column width=&#8221;1\/2&#8243;][vc_empty_space height=&#8221;44px&#8221;][vc_single_image image=&#8221;7833&#8243; img_size=&#8221;full&#8221; onclick=&#8221;custom_link&#8221; link=&#8221;https:\/\/glacierjourney.is\/sv\/varaturer\/privatjeep\/&#8221;][\/vc_column][vc_column width=&#8221;1\/2&#8243;][vc_empty_space height=&#8221;44px&#8221;][mk_fancy_title color=&#8221;#578fa6&#8243; size=&#8221;34&#8243; font_weight=&#8221;bold&#8221; margin_bottom=&#8221;18&#8243; font_family=&#8221;none&#8221;]<a href=\"https:\/\/glacierjourney.is\/sv\/varaturer\/privatjeep\/\">PERSONLIG TUR I EN OMBYGGD JEEP<\/a>[\/mk_fancy_title][vc_column_text css=&#8221;.vc_custom_1638791532125{margin-bottom: 0px !important;}&#8221;]Island kallas ofta f\u00f6r landet av eld och is och \u00e4r ett av v\u00e4rldens vackraste land.\u00a0Med ett otroligt landskap, charmiga och historiska platser, kommer ditt enda problem vara vad du ska g\u00f6ra h\u00e4r n\u00e4st.<br \/>\nV\u00e4lj en personlig tur i en ombyggd jeep med en lokal guide som kan visa dig allt du inte vill missa p\u00e5 syd\u00f6stra Island.<\/p>\n<p>Skapa ditt egna isl\u00e4ndska \u00e4ventyr skr\u00e4ddarsytt f\u00f6r dig.[\/vc_column_text][mk_button dimension=&#8221;outline&#8221; size=&#8221;x-large&#8221; url=&#8221;https:\/\/glacierjourney.is\/sv\/varaturer\/privatjeep\/&#8221; outline_skin=&#8221;custom&#8221; outline_active_color=&#8221;#1e73be&#8221; outline_hover_color=&#8221;#ffffff&#8221;]MER INFORMATION[\/mk_button][vc_empty_space height=&#8221;44px&#8221;][\/vc_column][\/mk_page_section][vc_row][vc_column][mk_divider style=&#8221;thin_solid&#8221;][\/vc_column][\/vc_row][mk_page_section sidebar=&#8221;sidebar-1&#8243; first_page=&#8221;false&#8221; last_page=&#8221;false&#8221;][vc_column width=&#8221;1\/2&#8243;][vc_empty_space height=&#8221;44px&#8221;][vc_single_image image=&#8221;6914&#8243; img_size=&#8221;full&#8221; onclick=&#8221;custom_link&#8221; link=&#8221;https:\/\/glacierjourney.is\/sv\/isgrottor\/&#8221;][\/vc_column][vc_column width=&#8221;1\/2&#8243;][vc_empty_space height=&#8221;44px&#8221;][mk_fancy_title color=&#8221;#578fa6&#8243; size=&#8221;34&#8243; font_weight=&#8221;bold&#8221; margin_bottom=&#8221;18&#8243; font_family=&#8221;none&#8221;]<a href=\"https:\/\/glacierjourney.is\/sv\/isgrottor\/\">ISGROTTOR<\/a>[\/mk_fancy_title][vc_column_text css=&#8221;.vc_custom_1638796801548{margin-bottom: 0px !important;}&#8221;]Bli ett med Islands spektakul\u00e4ra natur och sn\u00f6iga berg i den h\u00e4r turen in i en sn\u00f6grotta i Europas st\u00f6rsta glaci\u00e4r, Vatnaj\u00f6kull.[\/vc_column_text][mk_button dimension=&#8221;outline&#8221; size=&#8221;x-large&#8221; url=&#8221;https:\/\/glacierjourney.is\/sv\/isgrottor\/&#8221; outline_skin=&#8221;custom&#8221; outline_active_color=&#8221;#1e73be&#8221; outline_hover_color=&#8221;#ffffff&#8221;]MER INFORMATION[\/mk_button][vc_empty_space height=&#8221;44px&#8221;][\/vc_column][\/mk_page_section][vc_row][vc_column][mk_divider style=&#8221;thin_solid&#8221;][\/vc_column][\/vc_row][vc_row][vc_column][\/vc_column][\/vc_row][mk_page_section sidebar=&#8221;sidebar-1&#8243; first_page=&#8221;false&#8221; last_page=&#8221;false&#8221;][vc_column width=&#8221;1\/2&#8243;][vc_empty_space height=&#8221;44px&#8221;][\/vc_column][\/mk_page_section][vc_row padding=&#8221;0&#8243;][vc_column][\/vc_column][\/vc_row]\n<\/div>","protected":false},"excerpt":{"rendered":"<p>[mk_page_section bg_image=&#8221;http:\/\/glacierjourney.is\/wp-content\/uploads\/2015\/07\/header-glacierjourney.jpg&#8221; attachment=&#8221;fixed&#8221; bg_position=&#8221;center top&#8221; bg_repeat=&#8221;no-repeat&#8221; bg_stretch=&#8221;true&#8221; enable_3d=&#8221;true&#8221; bg_gradient=&#8221;vertical&#8221; video_color_mask=&#8221;#1e73be&#8221; gr_end=&#8221;#28b7ff&#8221; video_opacity=&#8221;0.5&#8243; min_height=&#8221;300&#8243; full_width=&#8221;true&#8221; padding_top=&#8221;0&#8243; first_page=&#8221;true&#8221; last_page=&#8221;false&#8221; sidebar=&#8221;sidebar-1&#8243;][vc_column][mk_padding_divider size=&#8221;100&#8243;][mk_fancy_title color=&#8221;#ffffff&#8221; size=&#8221;40&#8243; font_weight=&#8221;900&#8243; letter_spacing=&#8221;4&#8243; margin_bottom=&#8221;18&#8243; font_family=&#8221;none&#8221; align=&#8221;center&#8221; animation=&#8221;fade-in&#8221;]V\u00c5RA TURER[\/mk_fancy_title][mk_padding_divider][\/vc_column][\/mk_page_section][vc_row padding=&#8221;0&#8243;][vc_column][vc_empty_space height=&#8221;50px&#8221;][\/vc_column][\/vc_row][mk_page_section sidebar=&#8221;sidebar-1&#8243; first_page=&#8221;false&#8221; last_page=&#8221;false&#8221;][vc_column width=&#8221;1\/2&#8243;][vc_empty_space height=&#8221;44px&#8221;][vc_single_image image=&#8221;7159&#8243; img_size=&#8221;full&#8221; onclick=&#8221;custom_link&#8221; link=&#8221;https:\/\/glacierjourney.is\/sv\/snoskoter\/&#8221;][\/vc_column][vc_column width=&#8221;1\/2&#8243;][vc_empty_space height=&#8221;44px&#8221;][mk_fancy_title color=&#8221;#578fa6&#8243; size=&#8221;34&#8243; font_weight=&#8221;bold&#8221; margin_bottom=&#8221;18&#8243; font_family=&#8221;none&#8221;]SN\u00d6SKOTER[\/mk_fancy_title][vc_column_text css=&#8221;.vc_custom_1638790524932{margin-bottom: 0px !important;}&#8221;]En tur p\u00e5 sn\u00f6skoter \u00e4r ett av [&hellip;]<\/p>\n","protected":false},"author":3,"featured_media":0,"parent":0,"menu_order":0,"comment_status":"closed","ping_status":"closed","template":"","meta":{"_exactmetrics_skip_tracking":false,"_exactmetrics_sitenote_active":false,"_exactmetrics_sitenote_note":"","_exactmetrics_sitenote_category":0,"footnotes":""},"class_list":["post-8273","page","type-page","status-publish","hentry"],"yoast_head":"<!-- This site is optimized with the Yoast SEO plugin v27.4 - https:\/\/yoast.com\/product\/yoast-seo-wordpress\/ -->\n<title>- Glacier Journey<\/title>\n<meta name=\"robots\" content=\"index, follow, max-snippet:-1, max-image-preview:large, max-video-preview:-1\" \/>\n<link rel=\"canonical\" href=\"https:\/\/glacierjourney.is\/sv\/varaturer\/\" \/>\n<meta property=\"og:locale\" content=\"sv_SE\" \/>\n<meta property=\"og:type\" content=\"article\" \/>\n<meta property=\"og:title\" content=\"- Glacier Journey\" \/>\n<meta property=\"og:description\" content=\"[mk_page_section bg_image=&#8221;http:\/\/glacierjourney.is\/wp-content\/uploads\/2015\/07\/header-glacierjourney.jpg&#8221; attachment=&#8221;fixed&#8221; bg_position=&#8221;center top&#8221; bg_repeat=&#8221;no-repeat&#8221; bg_stretch=&#8221;true&#8221; enable_3d=&#8221;true&#8221; bg_gradient=&#8221;vertical&#8221; video_color_mask=&#8221;#1e73be&#8221; gr_end=&#8221;#28b7ff&#8221; video_opacity=&#8221;0.5&#8243; min_height=&#8221;300&#8243; full_width=&#8221;true&#8221; padding_top=&#8221;0&#8243; first_page=&#8221;true&#8221; last_page=&#8221;false&#8221; sidebar=&#8221;sidebar-1&#8243;][vc_column][mk_padding_divider size=&#8221;100&#8243;][mk_fancy_title color=&#8221;#ffffff&#8221; size=&#8221;40&#8243; font_weight=&#8221;900&#8243; letter_spacing=&#8221;4&#8243; margin_bottom=&#8221;18&#8243; font_family=&#8221;none&#8221; align=&#8221;center&#8221; animation=&#8221;fade-in&#8221;]V\u00c5RA TURER[\/mk_fancy_title][mk_padding_divider][\/vc_column][\/mk_page_section][vc_row padding=&#8221;0&#8243;][vc_column][vc_empty_space height=&#8221;50px&#8221;][\/vc_column][\/vc_row][mk_page_section sidebar=&#8221;sidebar-1&#8243; first_page=&#8221;false&#8221; last_page=&#8221;false&#8221;][vc_column width=&#8221;1\/2&#8243;][vc_empty_space height=&#8221;44px&#8221;][vc_single_image image=&#8221;7159&#8243; img_size=&#8221;full&#8221; onclick=&#8221;custom_link&#8221; link=&#8221;https:\/\/glacierjourney.is\/sv\/snoskoter\/&#8221;][\/vc_column][vc_column width=&#8221;1\/2&#8243;][vc_empty_space height=&#8221;44px&#8221;][mk_fancy_title color=&#8221;#578fa6&#8243; size=&#8221;34&#8243; font_weight=&#8221;bold&#8221; margin_bottom=&#8221;18&#8243; font_family=&#8221;none&#8221;]SN\u00d6SKOTER[\/mk_fancy_title][vc_column_text css=&#8221;.vc_custom_1638790524932{margin-bottom: 0px !important;}&#8221;]En tur p\u00e5 sn\u00f6skoter \u00e4r ett av [&hellip;]\" \/>\n<meta property=\"og:url\" content=\"https:\/\/glacierjourney.is\/sv\/varaturer\/\" \/>\n<meta property=\"og:site_name\" content=\"Glacier Journey\" \/>\n<meta property=\"article:modified_time\" content=\"2023-09-11T09:30:43+00:00\" \/>\n<meta name=\"twitter:card\" content=\"summary_large_image\" \/>\n<meta name=\"twitter:label1\" content=\"Ber\u00e4knad l\u00e4stid\" \/>\n\t<meta name=\"twitter:data1\" content=\"2 minuter\" \/>\n<script type=\"application\/ld+json\" class=\"yoast-schema-graph\">{\"@context\":\"https:\\\/\\\/schema.org\",\"@graph\":[{\"@type\":\"WebPage\",\"@id\":\"https:\\\/\\\/glacierjourney.is\\\/sv\\\/varaturer\\\/\",\"url\":\"https:\\\/\\\/glacierjourney.is\\\/sv\\\/varaturer\\\/\",\"name\":\"- Glacier Journey\",\"isPartOf\":{\"@id\":\"https:\\\/\\\/glacierjourney.is\\\/#website\"},\"datePublished\":\"2021-12-06T13:31:36+00:00\",\"dateModified\":\"2023-09-11T09:30:43+00:00\",\"inLanguage\":\"sv-SE\",\"potentialAction\":[{\"@type\":\"ReadAction\",\"target\":[\"https:\\\/\\\/glacierjourney.is\\\/sv\\\/varaturer\\\/\"]}]},{\"@type\":\"WebSite\",\"@id\":\"https:\\\/\\\/glacierjourney.is\\\/#website\",\"url\":\"https:\\\/\\\/glacierjourney.is\\\/\",\"name\":\"Glacier Journey\",\"description\":\"Take a journey with us into the vastness of Vatnaj\u00f6kull\",\"potentialAction\":[{\"@type\":\"SearchAction\",\"target\":{\"@type\":\"EntryPoint\",\"urlTemplate\":\"https:\\\/\\\/glacierjourney.is\\\/?s={search_term_string}\"},\"query-input\":{\"@type\":\"PropertyValueSpecification\",\"valueRequired\":true,\"valueName\":\"search_term_string\"}}],\"inLanguage\":\"sv-SE\"}]}<\/script>\n<!-- \/ Yoast SEO plugin. -->","yoast_head_json":{"title":"- Glacier Journey","robots":{"index":"index","follow":"follow","max-snippet":"max-snippet:-1","max-image-preview":"max-image-preview:large","max-video-preview":"max-video-preview:-1"},"canonical":"https:\/\/glacierjourney.is\/sv\/varaturer\/","og_locale":"sv_SE","og_type":"article","og_title":"- Glacier Journey","og_description":"[mk_page_section bg_image=&#8221;http:\/\/glacierjourney.is\/wp-content\/uploads\/2015\/07\/header-glacierjourney.jpg&#8221; attachment=&#8221;fixed&#8221; bg_position=&#8221;center top&#8221; bg_repeat=&#8221;no-repeat&#8221; bg_stretch=&#8221;true&#8221; enable_3d=&#8221;true&#8221; bg_gradient=&#8221;vertical&#8221; video_color_mask=&#8221;#1e73be&#8221; gr_end=&#8221;#28b7ff&#8221; video_opacity=&#8221;0.5&#8243; min_height=&#8221;300&#8243; full_width=&#8221;true&#8221; padding_top=&#8221;0&#8243; first_page=&#8221;true&#8221; last_page=&#8221;false&#8221; sidebar=&#8221;sidebar-1&#8243;][vc_column][mk_padding_divider size=&#8221;100&#8243;][mk_fancy_title color=&#8221;#ffffff&#8221; size=&#8221;40&#8243; font_weight=&#8221;900&#8243; letter_spacing=&#8221;4&#8243; margin_bottom=&#8221;18&#8243; font_family=&#8221;none&#8221; align=&#8221;center&#8221; animation=&#8221;fade-in&#8221;]V\u00c5RA TURER[\/mk_fancy_title][mk_padding_divider][\/vc_column][\/mk_page_section][vc_row padding=&#8221;0&#8243;][vc_column][vc_empty_space height=&#8221;50px&#8221;][\/vc_column][\/vc_row][mk_page_section sidebar=&#8221;sidebar-1&#8243; first_page=&#8221;false&#8221; last_page=&#8221;false&#8221;][vc_column width=&#8221;1\/2&#8243;][vc_empty_space height=&#8221;44px&#8221;][vc_single_image image=&#8221;7159&#8243; img_size=&#8221;full&#8221; onclick=&#8221;custom_link&#8221; link=&#8221;https:\/\/glacierjourney.is\/sv\/snoskoter\/&#8221;][\/vc_column][vc_column width=&#8221;1\/2&#8243;][vc_empty_space height=&#8221;44px&#8221;][mk_fancy_title color=&#8221;#578fa6&#8243; size=&#8221;34&#8243; font_weight=&#8221;bold&#8221; margin_bottom=&#8221;18&#8243; font_family=&#8221;none&#8221;]SN\u00d6SKOTER[\/mk_fancy_title][vc_column_text css=&#8221;.vc_custom_1638790524932{margin-bottom: 0px !important;}&#8221;]En tur p\u00e5 sn\u00f6skoter \u00e4r ett av [&hellip;]","og_url":"https:\/\/glacierjourney.is\/sv\/varaturer\/","og_site_name":"Glacier Journey","article_modified_time":"2023-09-11T09:30:43+00:00","twitter_card":"summary_large_image","twitter_misc":{"Ber\u00e4knad l\u00e4stid":"2 minuter"},"schema":{"@context":"https:\/\/schema.org","@graph":[{"@type":"WebPage","@id":"https:\/\/glacierjourney.is\/sv\/varaturer\/","url":"https:\/\/glacierjourney.is\/sv\/varaturer\/","name":"- Glacier Journey","isPartOf":{"@id":"https:\/\/glacierjourney.is\/#website"},"datePublished":"2021-12-06T13:31:36+00:00","dateModified":"2023-09-11T09:30:43+00:00","inLanguage":"sv-SE","potentialAction":[{"@type":"ReadAction","target":["https:\/\/glacierjourney.is\/sv\/varaturer\/"]}]},{"@type":"WebSite","@id":"https:\/\/glacierjourney.is\/#website","url":"https:\/\/glacierjourney.is\/","name":"Glacier Journey","description":"Take a journey with us into the vastness of Vatnaj\u00f6kull","potentialAction":[{"@type":"SearchAction","target":{"@type":"EntryPoint","urlTemplate":"https:\/\/glacierjourney.is\/?s={search_term_string}"},"query-input":{"@type":"PropertyValueSpecification","valueRequired":true,"valueName":"search_term_string"}}],"inLanguage":"sv-SE"}]}},"_links":{"self":[{"href":"https:\/\/glacierjourney.is\/sv\/wp-json\/wp\/v2\/pages\/8273","targetHints":{"allow":["GET"]}}],"collection":[{"href":"https:\/\/glacierjourney.is\/sv\/wp-json\/wp\/v2\/pages"}],"about":[{"href":"https:\/\/glacierjourney.is\/sv\/wp-json\/wp\/v2\/types\/page"}],"author":[{"embeddable":true,"href":"https:\/\/glacierjourney.is\/sv\/wp-json\/wp\/v2\/users\/3"}],"replies":[{"embeddable":true,"href":"https:\/\/glacierjourney.is\/sv\/wp-json\/wp\/v2\/comments?post=8273"}],"version-history":[{"count":8,"href":"https:\/\/glacierjourney.is\/sv\/wp-json\/wp\/v2\/pages\/8273\/revisions"}],"predecessor-version":[{"id":9637,"href":"https:\/\/glacierjourney.is\/sv\/wp-json\/wp\/v2\/pages\/8273\/revisions\/9637"}],"wp:attachment":[{"href":"https:\/\/glacierjourney.is\/sv\/wp-json\/wp\/v2\/media?parent=8273"}],"curies":[{"name":"wp","href":"https:\/\/api.w.org\/{rel}","templated":true}]}}