{"id":8205,"date":"2021-12-06T09:25:48","date_gmt":"2021-12-06T09:25:48","guid":{"rendered":"https:\/\/glacierjourney.is\/?page_id=8205"},"modified":"2025-01-10T10:11:02","modified_gmt":"2025-01-10T10:11:02","slug":"sv","status":"publish","type":"page","link":"https:\/\/glacierjourney.is\/sv\/","title":{"rendered":""},"content":{"rendered":"<div class=\"wpb-content-wrapper\">[mk_page_section bg_repeat=&#8221;no-repeat&#8221; bg_stretch=&#8221;true&#8221; enable_3d=&#8221;true&#8221; bg_video=&#8221;yes&#8221; mp4=&#8221;http:\/\/glacierjourney.is\/wp-content\/uploads\/2017\/10\/glacierjourney-converted-with-clipchamp.mp4&#8243; bg_gradient=&#8221;vertical&#8221; video_color_mask=&#8221;#27e0f4&#8243; gr_end=&#8221;#174d9e&#8221; full_width=&#8221;true&#8221; full_height=&#8221;true&#8221; padding_top=&#8221;0&#8243; skip_arrow=&#8221;true&#8221; sidebar=&#8221;sidebar-1&#8243;][vc_column][vc_single_image image=&#8221;7130&#8243; img_size=&#8221;full&#8221; alignment=&#8221;center&#8221; css_animation=&#8221;fadeIn&#8221;][mk_button dimension=&#8221;outline&#8221; size=&#8221;large&#8221; letter_spacing=&#8221;3&#8243; url=&#8221;http:\/\/glacierjourney.is\/tours\/&#8221; align=&#8221;center&#8221; animation=&#8221;fade-in&#8221; outline_skin=&#8221;light&#8221;]TRYCK H\u00c4R F\u00d6R V\u00c5RA TURER[\/mk_button][\/vc_column][\/mk_page_section][mk_page_section full_width=&#8221;true&#8221; sidebar=&#8221;sidebar-1&#8243;][vc_column][vc_empty_space height=&#8221;40px&#8221;][mk_fancy_title color_style=&#8221;gradient_color&#8221; grandient_color_from=&#8221;#1e73be&#8221; grandient_color_to=&#8221;#28beff&#8221; grandient_color_fallback=&#8221;#1e73be&#8221; size=&#8221;45&#8243; force_font_size=&#8221;true&#8221; size_smallscreen=&#8221;24&#8243; size_tablet=&#8221;18&#8243; size_phone=&#8221;20&#8243; font_weight=&#8221;400&#8243; letter_spacing=&#8221;2&#8243; margin_bottom=&#8221;0&#8243; font_family=&#8221;Oswald&#8221; font_type=&#8221;google&#8221; align=&#8221;center&#8221;]V\u00c5RA TURER[\/mk_fancy_title][mk_fancy_title color=&#8221;#1e73be&#8221; size=&#8221;30&#8243; force_font_size=&#8221;true&#8221; size_smallscreen=&#8221;24&#8243; size_tablet=&#8221;18&#8243; size_phone=&#8221;20&#8243; font_weight=&#8221;400&#8243; letter_spacing=&#8221;2&#8243; margin_bottom=&#8221;0&#8243; font_family=&#8221;Oswald&#8221; font_type=&#8221;google&#8221; align=&#8221;center&#8221;]L\u00c5T OSS VISA DIG SYD\u00d6STRA ISLANDS P\u00c4RLOR[\/mk_fancy_title][vc_empty_space height=&#8221;40px&#8221;][vc_row_inner is_fullwidth_content=&#8221;false&#8221;][vc_column_inner width=&#8221;1\/3&#8243;][vc_single_image image=&#8221;7159&#8243; img_size=&#8221;full&#8221; alignment=&#8221;center&#8221; onclick=&#8221;custom_link&#8221; link=&#8221;https:\/\/glacierjourney.is\/sv\/snoskoter\/&#8221;][mk_fancy_title color=&#8221;#1e73be&#8221; size=&#8221;32&#8243; force_font_size=&#8221;true&#8221; size_smallscreen=&#8221;24&#8243; size_tablet=&#8221;18&#8243; size_phone=&#8221;20&#8243; font_weight=&#8221;400&#8243; letter_spacing=&#8221;2&#8243; margin_bottom=&#8221;0&#8243; font_family=&#8221;Oswald&#8221; font_type=&#8221;google&#8221; align=&#8221;center&#8221;]<a href=\"https:\/\/glacierjourney.is\/sv\/snoskoter\/\">SN\u00d6SKOTER<\/a>[\/mk_fancy_title][vc_empty_space height=&#8221;22px&#8221;][\/vc_column_inner][vc_column_inner width=&#8221;1\/3&#8243;][vc_single_image image=&#8221;7658&#8243; img_size=&#8221;full&#8221; alignment=&#8221;center&#8221; onclick=&#8221;custom_link&#8221; link=&#8221;https:\/\/glacierjourney.is\/sv\/varaturer\/superjeep\/&#8221;][mk_fancy_title color=&#8221;#1e73be&#8221; size=&#8221;32&#8243; force_font_size=&#8221;true&#8221; size_smallscreen=&#8221;24&#8243; size_tablet=&#8221;18&#8243; size_phone=&#8221;20&#8243; font_weight=&#8221;400&#8243; letter_spacing=&#8221;2&#8243; margin_bottom=&#8221;0&#8243; font_family=&#8221;Oswald&#8221; font_type=&#8221;google&#8221; align=&#8221;center&#8221;]<a href=\"https:\/\/glacierjourney.is\/sv\/varaturer\/superjeep\/\">P\u00c5 GLACI\u00c4REN I EN OMBYGGD JEEP<\/a>[\/mk_fancy_title][vc_empty_space height=&#8221;22px&#8221;][\/vc_column_inner][vc_column_inner width=&#8221;1\/3&#8243;][vc_single_image image=&#8221;7833&#8243; img_size=&#8221;full&#8221; onclick=&#8221;custom_link&#8221; link=&#8221;https:\/\/glacierjourney.is\/sv\/varaturer\/privatjeep\/&#8221;][mk_fancy_title color=&#8221;#000000&#8243; size=&#8221;32&#8243; force_font_size=&#8221;true&#8221; size_smallscreen=&#8221;24&#8243; size_tablet=&#8221;18&#8243; size_phone=&#8221;20&#8243; font_weight=&#8221;400&#8243; txt_transform=&#8221;uppercase&#8221; letter_spacing=&#8221;2&#8243; margin_bottom=&#8221;0&#8243; font_family=&#8221;Oswald&#8221; font_type=&#8221;google&#8221; align=&#8221;center&#8221;]<a href=\"https:\/\/glacierjourney.is\/sv\/varaturer\/privatjeep\/\">PRIVAT F\u00c4RD I EN OMBYGGD JEEP<\/a>[\/mk_fancy_title][vc_empty_space height=&#8221;22px&#8221;][\/vc_column_inner][\/vc_row_inner][vc_empty_space height=&#8221;40px&#8221;][vc_row_inner is_fullwidth_content=&#8221;false&#8221;][vc_column_inner width=&#8221;1\/3&#8243;][vc_single_image image=&#8221;7073&#8243; img_size=&#8221;full&#8221; alignment=&#8221;center&#8221; onclick=&#8221;custom_link&#8221; link=&#8221;https:\/\/glacierjourney.is\/sv\/kverkfjoll\/&#8221;][mk_fancy_title color=&#8221;#1e73be&#8221; size=&#8221;32&#8243; force_font_size=&#8221;true&#8221; size_smallscreen=&#8221;24&#8243; size_tablet=&#8221;18&#8243; size_phone=&#8221;20&#8243; font_weight=&#8221;400&#8243; letter_spacing=&#8221;2&#8243; margin_bottom=&#8221;0&#8243; font_family=&#8221;Oswald&#8221; font_type=&#8221;google&#8221; align=&#8221;center&#8221;]<a href=\"https:\/\/glacierjourney.is\/sv\/kverkfjoll\/\">KVERKFJ\u00d6LL<\/a>[\/mk_fancy_title][vc_empty_space height=&#8221;22px&#8221;][vc_empty_space height=&#8221;22px&#8221;][\/vc_column_inner][vc_column_inner width=&#8221;1\/3&#8243;][vc_empty_space][\/vc_column_inner][vc_column_inner width=&#8221;1\/3&#8243;][vc_single_image image=&#8221;6914&#8243; img_size=&#8221;full&#8221; alignment=&#8221;center&#8221; onclick=&#8221;custom_link&#8221; link=&#8221;https:\/\/glacierjourney.is\/sv\/isgrottor\/&#8221;][mk_fancy_title color=&#8221;#1e73be&#8221; size=&#8221;32&#8243; force_font_size=&#8221;true&#8221; size_smallscreen=&#8221;24&#8243; size_tablet=&#8221;18&#8243; size_phone=&#8221;20&#8243; font_weight=&#8221;400&#8243; letter_spacing=&#8221;2&#8243; margin_bottom=&#8221;0&#8243; font_family=&#8221;Oswald&#8221; font_type=&#8221;google&#8221; align=&#8221;center&#8221;]<a href=\"https:\/\/glacierjourney.is\/sv\/isgrottor\/\">ISGROTTOR<\/a>[\/mk_fancy_title][vc_empty_space height=&#8221;22px&#8221;][vc_empty_space height=&#8221;22px&#8221;][\/vc_column_inner][\/vc_row_inner][vc_single_image image=&#8221;8943&#8243; img_size=&#8221;medium&#8221; add_caption=&#8221;yes&#8221; alignment=&#8221;center&#8221; onclick=&#8221;custom_link&#8221; css_animation=&#8221;zoomIn&#8221; link=&#8221;https:\/\/glacierjourney.is\/sv\/presentkort\/&#8221;][mk_fancy_title color=&#8221;#1e73be&#8221; size=&#8221;32&#8243; force_font_size=&#8221;true&#8221; size_smallscreen=&#8221;24&#8243; size_tablet=&#8221;18&#8243; size_phone=&#8221;20&#8243; font_weight=&#8221;400&#8243; letter_spacing=&#8221;2&#8243; margin_bottom=&#8221;0&#8243; font_family=&#8221;Oswald&#8221; font_type=&#8221;google&#8221; align=&#8221;center&#8221;]<a href=\"https:\/\/glacierjourney.is\/sv\/presentkort\/\">PRESENTKORT<\/a>[\/mk_fancy_title][vc_empty_space][\/vc_column][\/mk_page_section][vc_row][vc_column width=&#8221;1\/4&#8243;][vc_column_text css=&#8221;.vc_custom_1736503788683{margin-bottom: 0px !important;}&#8221;]<a href=\"https:\/\/glacierjourney.is\/wp-content\/uploads\/2025\/01\/wallmans-tripadvisor-2024.jpg\"><img loading=\"lazy\" decoding=\"async\" class=\"size-medium wp-image-10485 aligncenter\" src=\"https:\/\/glacierjourney.is\/wp-content\/uploads\/2025\/01\/wallmans-tripadvisor-2024-300x300.jpg\" alt=\"\" width=\"300\" height=\"300\" srcset=\"https:\/\/glacierjourney.is\/wp-content\/uploads\/2025\/01\/wallmans-tripadvisor-2024-300x300.jpg 300w, https:\/\/glacierjourney.is\/wp-content\/uploads\/2025\/01\/wallmans-tripadvisor-2024-1024x1024.jpg 1024w, https:\/\/glacierjourney.is\/wp-content\/uploads\/2025\/01\/wallmans-tripadvisor-2024-150x150.jpg 150w, https:\/\/glacierjourney.is\/wp-content\/uploads\/2025\/01\/wallmans-tripadvisor-2024-768x768.jpg 768w, https:\/\/glacierjourney.is\/wp-content\/uploads\/2025\/01\/wallmans-tripadvisor-2024.jpg 1080w\" sizes=\"auto, (max-width: 300px) 100vw, 300px\" \/><\/a>[\/vc_column_text][\/vc_column][vc_column width=&#8221;1\/4&#8243;][vc_column_text css=&#8221;.vc_custom_1701773163148{margin-bottom: 0px !important;}&#8221;]<a href=\"https:\/\/glacierjourney.is\/wp-content\/uploads\/2023\/09\/4rfx4xx8v3wb4hbk5sh5jtw.png\"><img loading=\"lazy\" decoding=\"async\" class=\"size-medium wp-image-9642 aligncenter\" src=\"https:\/\/glacierjourney.is\/wp-content\/uploads\/2023\/09\/4rfx4xx8v3wb4hbk5sh5jtw-300x300.png\" alt=\"\" width=\"300\" height=\"300\" srcset=\"https:\/\/glacierjourney.is\/wp-content\/uploads\/2023\/09\/4rfx4xx8v3wb4hbk5sh5jtw-300x300.png 300w, https:\/\/glacierjourney.is\/wp-content\/uploads\/2023\/09\/4rfx4xx8v3wb4hbk5sh5jtw-150x150.png 150w, https:\/\/glacierjourney.is\/wp-content\/uploads\/2023\/09\/4rfx4xx8v3wb4hbk5sh5jtw-768x768.png 768w, https:\/\/glacierjourney.is\/wp-content\/uploads\/2023\/09\/4rfx4xx8v3wb4hbk5sh5jtw-1024x1024.png 1024w, https:\/\/glacierjourney.is\/wp-content\/uploads\/2023\/09\/4rfx4xx8v3wb4hbk5sh5jtw.png 800w\" sizes=\"auto, (max-width: 300px) 100vw, 300px\" \/><\/a>[\/vc_column_text][\/vc_column][vc_column width=&#8221;1\/4&#8243;][vc_column_text css=&#8221;.vc_custom_1701773154202{margin-bottom: 0px !important;}&#8221;]<a href=\"https:\/\/glacierjourney.is\/wp-content\/uploads\/2022\/12\/download.png\"><img loading=\"lazy\" decoding=\"async\" class=\"wp-image-9312 aligncenter\" src=\"https:\/\/glacierjourney.is\/wp-content\/uploads\/2022\/12\/download.png\" alt=\"\" width=\"209\" height=\"246\" \/><\/a>[\/vc_column_text][\/vc_column][vc_column width=&#8221;1\/4&#8243;][vc_column_text css=&#8221;.vc_custom_1701773130080{margin-bottom: 0px !important;}&#8221;]<a href=\"https:\/\/glacierjourney.is\/wp-content\/uploads\/2023\/12\/travelers_choice-1.jpg\"><img loading=\"lazy\" decoding=\"async\" class=\"size-medium wp-image-10314 aligncenter\" src=\"https:\/\/glacierjourney.is\/wp-content\/uploads\/2023\/12\/travelers_choice-1-220x300.jpg\" alt=\"\" width=\"220\" height=\"300\" \/><\/a>[\/vc_column_text][\/vc_column][\/vc_row][vc_row][vc_column width=&#8221;1\/3&#8243;][vc_single_image image=&#8221;7456&#8243; img_size=&#8221;full&#8221; alignment=&#8221;center&#8221; onclick=&#8221;custom_link&#8221; img_link_target=&#8221;_blank&#8221; link=&#8221;https:\/\/www.tripadvisor.com\/Attraction_Review-g189960-d7610644-Reviews-Glacier_Journey-Hofn_East_Region.html&#8221;][\/vc_column][vc_column width=&#8221;1\/3&#8243;][vc_single_image image=&#8221;7460&#8243; img_size=&#8221;full&#8221; alignment=&#8221;center&#8221; onclick=&#8221;custom_link&#8221; img_link_target=&#8221;_blank&#8221; link=&#8221;https:\/\/www.tripadvisor.com\/Attraction_Review-g189960-d7610644-Reviews-Glacier_Journey-Hofn_East_Region.html&#8221;][\/vc_column][vc_column width=&#8221;1\/3&#8243;][vc_single_image image=&#8221;7462&#8243; img_size=&#8221;full&#8221; alignment=&#8221;center&#8221; onclick=&#8221;custom_link&#8221; img_link_target=&#8221;_blank&#8221; link=&#8221;https:\/\/www.tripadvisor.com\/Attraction_Review-g189960-d7610644-Reviews-Glacier_Journey-Hofn_East_Region.html&#8221;][\/vc_column][\/vc_row][vc_row][vc_column width=&#8221;1\/2&#8243;][vc_single_image image=&#8221;10489&#8243; img_size=&#8221;full&#8221; alignment=&#8221;center&#8221; onclick=&#8221;custom_link&#8221; img_link_target=&#8221;_blank&#8221; css=&#8221;&#8221; link=&#8221;https:\/\/www.tripadvisor.com\/Attraction_Review-g189960-d7610644-Reviews-Glacier_Journey-Hofn_East_Region.html&#8221;][\/vc_column][vc_column width=&#8221;1\/2&#8243;][vc_single_image image=&#8221;9651&#8243; img_size=&#8221;full&#8221; alignment=&#8221;center&#8221; onclick=&#8221;custom_link&#8221; img_link_target=&#8221;_blank&#8221; css=&#8221;&#8221; link=&#8221;https:\/\/www.tripadvisor.com\/Attraction_Review-g189960-d7610644-Reviews-Glacier_Journey-Hofn_East_Region.html&#8221;][\/vc_column][\/vc_row][vc_row][vc_column][vc_video max_width=&#8221;100%&#8221; host=&#8221;self_hosted&#8221; mp4=&#8221;https:\/\/glacierjourney.is\/wp-content\/uploads\/2022\/04\/my-movie.mp4&#8243; autoplay=&#8221;true&#8221; loop=&#8221;true&#8221; muted=&#8221;true&#8221;][vc_empty_space height=&#8221;80px&#8221;][\/vc_column][\/vc_row][mk_page_section bg_image=&#8221;http:\/\/glacierjourney.is\/wp-content\/uploads\/2014\/08\/bg-parallax.jpg&#8221; attachment=&#8221;fixed&#8221; bg_repeat=&#8221;no-repeat&#8221; bg_stretch=&#8221;true&#8221; enable_3d=&#8221;true&#8221; min_height=&#8221;450&#8243; full_width=&#8221;true&#8221; visibility=&#8221;visible-dt&#8221; sidebar=&#8221;sidebar-1&#8243;][vc_column][vc_empty_space height=&#8221;80px&#8221;][vc_single_image image=&#8221;4&#8243; img_size=&#8221;full&#8221; alignment=&#8221;center&#8221;][\/vc_column][\/mk_page_section][mk_page_section bg_color=&#8221;#589641&#8243; sidebar=&#8221;sidebar-1&#8243;][vc_column][vc_empty_space height=&#8221;40px&#8221;][mk_testimonials skin=&#8221;light&#8221;][vc_empty_space height=&#8221;40px&#8221;][\/vc_column][\/mk_page_section]\n<\/div>","protected":false},"excerpt":{"rendered":"<p>[mk_page_section bg_repeat=&#8221;no-repeat&#8221; bg_stretch=&#8221;true&#8221; enable_3d=&#8221;true&#8221; bg_video=&#8221;yes&#8221; mp4=&#8221;http:\/\/glacierjourney.is\/wp-content\/uploads\/2017\/10\/glacierjourney-converted-with-clipchamp.mp4&#8243; bg_gradient=&#8221;vertical&#8221; video_color_mask=&#8221;#27e0f4&#8243; gr_end=&#8221;#174d9e&#8221; full_width=&#8221;true&#8221; full_height=&#8221;true&#8221; padding_top=&#8221;0&#8243; skip_arrow=&#8221;true&#8221; sidebar=&#8221;sidebar-1&#8243;][vc_column][vc_single_image image=&#8221;7130&#8243; img_size=&#8221;full&#8221; alignment=&#8221;center&#8221; css_animation=&#8221;fadeIn&#8221;][mk_button dimension=&#8221;outline&#8221; size=&#8221;large&#8221; letter_spacing=&#8221;3&#8243; url=&#8221;http:\/\/glacierjourney.is\/tours\/&#8221; align=&#8221;center&#8221; animation=&#8221;fade-in&#8221; outline_skin=&#8221;light&#8221;]TRYCK H\u00c4R F\u00d6R V\u00c5RA TURER[\/mk_button][\/vc_column][\/mk_page_section][mk_page_section full_width=&#8221;true&#8221; sidebar=&#8221;sidebar-1&#8243;][vc_column][vc_empty_space height=&#8221;40px&#8221;][mk_fancy_title color_style=&#8221;gradient_color&#8221; grandient_color_from=&#8221;#1e73be&#8221; grandient_color_to=&#8221;#28beff&#8221; grandient_color_fallback=&#8221;#1e73be&#8221; size=&#8221;45&#8243; force_font_size=&#8221;true&#8221; size_smallscreen=&#8221;24&#8243; size_tablet=&#8221;18&#8243; size_phone=&#8221;20&#8243; font_weight=&#8221;400&#8243; letter_spacing=&#8221;2&#8243; margin_bottom=&#8221;0&#8243; font_family=&#8221;Oswald&#8221; font_type=&#8221;google&#8221; align=&#8221;center&#8221;]V\u00c5RA TURER[\/mk_fancy_title][mk_fancy_title color=&#8221;#1e73be&#8221; size=&#8221;30&#8243; force_font_size=&#8221;true&#8221; size_smallscreen=&#8221;24&#8243; size_tablet=&#8221;18&#8243; size_phone=&#8221;20&#8243; font_weight=&#8221;400&#8243; [&hellip;]<\/p>\n","protected":false},"author":3,"featured_media":0,"parent":0,"menu_order":0,"comment_status":"closed","ping_status":"closed","template":"","meta":{"_exactmetrics_skip_tracking":false,"_exactmetrics_sitenote_active":false,"_exactmetrics_sitenote_note":"","_exactmetrics_sitenote_category":0,"footnotes":""},"class_list":["post-8205","page","type-page","status-publish","hentry"],"yoast_head":"<!-- This site is optimized with the Yoast SEO plugin v27.4 - https:\/\/yoast.com\/product\/yoast-seo-wordpress\/ -->\n<title>- Glacier Journey<\/title>\n<meta name=\"robots\" content=\"index, follow, max-snippet:-1, max-image-preview:large, max-video-preview:-1\" \/>\n<link rel=\"canonical\" href=\"https:\/\/glacierjourney.is\/sv\/\" \/>\n<meta property=\"og:locale\" content=\"sv_SE\" \/>\n<meta property=\"og:type\" content=\"article\" \/>\n<meta property=\"og:title\" content=\"- Glacier Journey\" \/>\n<meta property=\"og:description\" content=\"[mk_page_section bg_repeat=&#8221;no-repeat&#8221; bg_stretch=&#8221;true&#8221; enable_3d=&#8221;true&#8221; bg_video=&#8221;yes&#8221; mp4=&#8221;http:\/\/glacierjourney.is\/wp-content\/uploads\/2017\/10\/glacierjourney-converted-with-clipchamp.mp4&#8243; bg_gradient=&#8221;vertical&#8221; video_color_mask=&#8221;#27e0f4&#8243; gr_end=&#8221;#174d9e&#8221; full_width=&#8221;true&#8221; full_height=&#8221;true&#8221; padding_top=&#8221;0&#8243; skip_arrow=&#8221;true&#8221; sidebar=&#8221;sidebar-1&#8243;][vc_column][vc_single_image image=&#8221;7130&#8243; img_size=&#8221;full&#8221; alignment=&#8221;center&#8221; css_animation=&#8221;fadeIn&#8221;][mk_button dimension=&#8221;outline&#8221; size=&#8221;large&#8221; letter_spacing=&#8221;3&#8243; url=&#8221;http:\/\/glacierjourney.is\/tours\/&#8221; align=&#8221;center&#8221; animation=&#8221;fade-in&#8221; outline_skin=&#8221;light&#8221;]TRYCK H\u00c4R F\u00d6R V\u00c5RA TURER[\/mk_button][\/vc_column][\/mk_page_section][mk_page_section full_width=&#8221;true&#8221; sidebar=&#8221;sidebar-1&#8243;][vc_column][vc_empty_space height=&#8221;40px&#8221;][mk_fancy_title color_style=&#8221;gradient_color&#8221; grandient_color_from=&#8221;#1e73be&#8221; grandient_color_to=&#8221;#28beff&#8221; grandient_color_fallback=&#8221;#1e73be&#8221; size=&#8221;45&#8243; force_font_size=&#8221;true&#8221; size_smallscreen=&#8221;24&#8243; size_tablet=&#8221;18&#8243; size_phone=&#8221;20&#8243; font_weight=&#8221;400&#8243; letter_spacing=&#8221;2&#8243; margin_bottom=&#8221;0&#8243; font_family=&#8221;Oswald&#8221; font_type=&#8221;google&#8221; align=&#8221;center&#8221;]V\u00c5RA TURER[\/mk_fancy_title][mk_fancy_title color=&#8221;#1e73be&#8221; size=&#8221;30&#8243; force_font_size=&#8221;true&#8221; size_smallscreen=&#8221;24&#8243; size_tablet=&#8221;18&#8243; size_phone=&#8221;20&#8243; font_weight=&#8221;400&#8243; [&hellip;]\" \/>\n<meta property=\"og:url\" content=\"https:\/\/glacierjourney.is\/sv\/\" \/>\n<meta property=\"og:site_name\" content=\"Glacier Journey\" \/>\n<meta property=\"article:modified_time\" content=\"2025-01-10T10:11:02+00:00\" \/>\n<meta property=\"og:image\" content=\"http:\/\/glacierjourney.is\/wp-content\/uploads\/2014\/08\/glacier-journey-web.jpg\" \/>\n<meta name=\"twitter:card\" content=\"summary_large_image\" \/>\n<meta name=\"twitter:label1\" content=\"Ber\u00e4knad l\u00e4stid\" \/>\n\t<meta name=\"twitter:data1\" content=\"5 minuter\" \/>\n<script type=\"application\/ld+json\" class=\"yoast-schema-graph\">{\"@context\":\"https:\\\/\\\/schema.org\",\"@graph\":[{\"@type\":\"WebPage\",\"@id\":\"https:\\\/\\\/glacierjourney.is\\\/sv\\\/\",\"url\":\"https:\\\/\\\/glacierjourney.is\\\/sv\\\/\",\"name\":\"- Glacier Journey\",\"isPartOf\":{\"@id\":\"https:\\\/\\\/glacierjourney.is\\\/#website\"},\"primaryImageOfPage\":{\"@id\":\"https:\\\/\\\/glacierjourney.is\\\/sv\\\/#primaryimage\"},\"image\":{\"@id\":\"https:\\\/\\\/glacierjourney.is\\\/sv\\\/#primaryimage\"},\"thumbnailUrl\":\"https:\\\/\\\/glacierjourney.is\\\/wp-content\\\/uploads\\\/2025\\\/01\\\/wallmans-tripadvisor-2024-300x300.jpg\",\"datePublished\":\"2021-12-06T09:25:48+00:00\",\"dateModified\":\"2025-01-10T10:11:02+00:00\",\"inLanguage\":\"sv-SE\",\"potentialAction\":[{\"@type\":\"ReadAction\",\"target\":[\"https:\\\/\\\/glacierjourney.is\\\/sv\\\/\"]}]},{\"@type\":\"ImageObject\",\"inLanguage\":\"sv-SE\",\"@id\":\"https:\\\/\\\/glacierjourney.is\\\/sv\\\/#primaryimage\",\"url\":\"https:\\\/\\\/glacierjourney.is\\\/wp-content\\\/uploads\\\/2025\\\/01\\\/wallmans-tripadvisor-2024-300x300.jpg\",\"contentUrl\":\"https:\\\/\\\/glacierjourney.is\\\/wp-content\\\/uploads\\\/2025\\\/01\\\/wallmans-tripadvisor-2024-300x300.jpg\"},{\"@type\":\"WebSite\",\"@id\":\"https:\\\/\\\/glacierjourney.is\\\/#website\",\"url\":\"https:\\\/\\\/glacierjourney.is\\\/\",\"name\":\"Glacier Journey\",\"description\":\"Take a journey with us into the vastness of Vatnaj\u00f6kull\",\"potentialAction\":[{\"@type\":\"SearchAction\",\"target\":{\"@type\":\"EntryPoint\",\"urlTemplate\":\"https:\\\/\\\/glacierjourney.is\\\/?s={search_term_string}\"},\"query-input\":{\"@type\":\"PropertyValueSpecification\",\"valueRequired\":true,\"valueName\":\"search_term_string\"}}],\"inLanguage\":\"sv-SE\"}]}<\/script>\n<!-- \/ Yoast SEO plugin. -->","yoast_head_json":{"title":"- Glacier Journey","robots":{"index":"index","follow":"follow","max-snippet":"max-snippet:-1","max-image-preview":"max-image-preview:large","max-video-preview":"max-video-preview:-1"},"canonical":"https:\/\/glacierjourney.is\/sv\/","og_locale":"sv_SE","og_type":"article","og_title":"- Glacier Journey","og_description":"[mk_page_section bg_repeat=&#8221;no-repeat&#8221; bg_stretch=&#8221;true&#8221; enable_3d=&#8221;true&#8221; bg_video=&#8221;yes&#8221; mp4=&#8221;http:\/\/glacierjourney.is\/wp-content\/uploads\/2017\/10\/glacierjourney-converted-with-clipchamp.mp4&#8243; bg_gradient=&#8221;vertical&#8221; video_color_mask=&#8221;#27e0f4&#8243; gr_end=&#8221;#174d9e&#8221; full_width=&#8221;true&#8221; full_height=&#8221;true&#8221; padding_top=&#8221;0&#8243; skip_arrow=&#8221;true&#8221; sidebar=&#8221;sidebar-1&#8243;][vc_column][vc_single_image image=&#8221;7130&#8243; img_size=&#8221;full&#8221; alignment=&#8221;center&#8221; css_animation=&#8221;fadeIn&#8221;][mk_button dimension=&#8221;outline&#8221; size=&#8221;large&#8221; letter_spacing=&#8221;3&#8243; url=&#8221;http:\/\/glacierjourney.is\/tours\/&#8221; align=&#8221;center&#8221; animation=&#8221;fade-in&#8221; outline_skin=&#8221;light&#8221;]TRYCK H\u00c4R F\u00d6R V\u00c5RA TURER[\/mk_button][\/vc_column][\/mk_page_section][mk_page_section full_width=&#8221;true&#8221; sidebar=&#8221;sidebar-1&#8243;][vc_column][vc_empty_space height=&#8221;40px&#8221;][mk_fancy_title color_style=&#8221;gradient_color&#8221; grandient_color_from=&#8221;#1e73be&#8221; grandient_color_to=&#8221;#28beff&#8221; grandient_color_fallback=&#8221;#1e73be&#8221; size=&#8221;45&#8243; force_font_size=&#8221;true&#8221; size_smallscreen=&#8221;24&#8243; size_tablet=&#8221;18&#8243; size_phone=&#8221;20&#8243; font_weight=&#8221;400&#8243; letter_spacing=&#8221;2&#8243; margin_bottom=&#8221;0&#8243; font_family=&#8221;Oswald&#8221; font_type=&#8221;google&#8221; align=&#8221;center&#8221;]V\u00c5RA TURER[\/mk_fancy_title][mk_fancy_title color=&#8221;#1e73be&#8221; size=&#8221;30&#8243; force_font_size=&#8221;true&#8221; size_smallscreen=&#8221;24&#8243; size_tablet=&#8221;18&#8243; size_phone=&#8221;20&#8243; font_weight=&#8221;400&#8243; [&hellip;]","og_url":"https:\/\/glacierjourney.is\/sv\/","og_site_name":"Glacier Journey","article_modified_time":"2025-01-10T10:11:02+00:00","og_image":[{"url":"http:\/\/glacierjourney.is\/wp-content\/uploads\/2014\/08\/glacier-journey-web.jpg","type":"","width":"","height":""}],"twitter_card":"summary_large_image","twitter_misc":{"Ber\u00e4knad l\u00e4stid":"5 minuter"},"schema":{"@context":"https:\/\/schema.org","@graph":[{"@type":"WebPage","@id":"https:\/\/glacierjourney.is\/sv\/","url":"https:\/\/glacierjourney.is\/sv\/","name":"- Glacier Journey","isPartOf":{"@id":"https:\/\/glacierjourney.is\/#website"},"primaryImageOfPage":{"@id":"https:\/\/glacierjourney.is\/sv\/#primaryimage"},"image":{"@id":"https:\/\/glacierjourney.is\/sv\/#primaryimage"},"thumbnailUrl":"https:\/\/glacierjourney.is\/wp-content\/uploads\/2025\/01\/wallmans-tripadvisor-2024-300x300.jpg","datePublished":"2021-12-06T09:25:48+00:00","dateModified":"2025-01-10T10:11:02+00:00","inLanguage":"sv-SE","potentialAction":[{"@type":"ReadAction","target":["https:\/\/glacierjourney.is\/sv\/"]}]},{"@type":"ImageObject","inLanguage":"sv-SE","@id":"https:\/\/glacierjourney.is\/sv\/#primaryimage","url":"https:\/\/glacierjourney.is\/wp-content\/uploads\/2025\/01\/wallmans-tripadvisor-2024-300x300.jpg","contentUrl":"https:\/\/glacierjourney.is\/wp-content\/uploads\/2025\/01\/wallmans-tripadvisor-2024-300x300.jpg"},{"@type":"WebSite","@id":"https:\/\/glacierjourney.is\/#website","url":"https:\/\/glacierjourney.is\/","name":"Glacier Journey","description":"Take a journey with us into the vastness of Vatnaj\u00f6kull","potentialAction":[{"@type":"SearchAction","target":{"@type":"EntryPoint","urlTemplate":"https:\/\/glacierjourney.is\/?s={search_term_string}"},"query-input":{"@type":"PropertyValueSpecification","valueRequired":true,"valueName":"search_term_string"}}],"inLanguage":"sv-SE"}]}},"_links":{"self":[{"href":"https:\/\/glacierjourney.is\/sv\/wp-json\/wp\/v2\/pages\/8205","targetHints":{"allow":["GET"]}}],"collection":[{"href":"https:\/\/glacierjourney.is\/sv\/wp-json\/wp\/v2\/pages"}],"about":[{"href":"https:\/\/glacierjourney.is\/sv\/wp-json\/wp\/v2\/types\/page"}],"author":[{"embeddable":true,"href":"https:\/\/glacierjourney.is\/sv\/wp-json\/wp\/v2\/users\/3"}],"replies":[{"embeddable":true,"href":"https:\/\/glacierjourney.is\/sv\/wp-json\/wp\/v2\/comments?post=8205"}],"version-history":[{"count":15,"href":"https:\/\/glacierjourney.is\/sv\/wp-json\/wp\/v2\/pages\/8205\/revisions"}],"predecessor-version":[{"id":10499,"href":"https:\/\/glacierjourney.is\/sv\/wp-json\/wp\/v2\/pages\/8205\/revisions\/10499"}],"wp:attachment":[{"href":"https:\/\/glacierjourney.is\/sv\/wp-json\/wp\/v2\/media?parent=8205"}],"curies":[{"name":"wp","href":"https:\/\/api.w.org\/{rel}","templated":true}]}}