{"id":8183,"date":"2021-12-02T11:24:59","date_gmt":"2021-12-02T11:24:59","guid":{"rendered":"https:\/\/glacierjourney.is\/?page_id=8183"},"modified":"2024-12-04T10:37:03","modified_gmt":"2024-12-04T10:37:03","slug":"isgrottor","status":"publish","type":"page","link":"https:\/\/glacierjourney.is\/sv\/isgrottor\/","title":{"rendered":""},"content":{"rendered":"<div class=\"wpb-content-wrapper\">[mk_page_section bg_image=&#8221;http:\/\/glacierjourney.is\/wp-content\/uploads\/2015\/07\/header-glacierjourney.jpg&#8221; attachment=&#8221;fixed&#8221; bg_position=&#8221;center top&#8221; bg_repeat=&#8221;no-repeat&#8221; bg_stretch=&#8221;true&#8221; enable_3d=&#8221;true&#8221; bg_gradient=&#8221;vertical&#8221; video_color_mask=&#8221;#1e73be&#8221; gr_end=&#8221;#28b7ff&#8221; video_opacity=&#8221;0.5&#8243; min_height=&#8221;300&#8243; full_width=&#8221;true&#8221; padding_top=&#8221;0&#8243; first_page=&#8221;true&#8221; last_page=&#8221;false&#8221; sidebar=&#8221;sidebar-1&#8243;][vc_column][mk_padding_divider size=&#8221;100&#8243;][mk_fancy_title color=&#8221;#ffffff&#8221; size=&#8221;40&#8243; font_weight=&#8221;900&#8243; letter_spacing=&#8221;4&#8243; margin_bottom=&#8221;18&#8243; font_family=&#8221;none&#8221; align=&#8221;center&#8221; animation=&#8221;fade-in&#8221;]ISGROTTOR[\/mk_fancy_title][mk_padding_divider][\/vc_column][\/mk_page_section][mk_page_section first_page=&#8221;false&#8221; last_page=&#8221;false&#8221; sidebar=&#8221;sidebar-1&#8243;][vc_column width=&#8221;1\/2&#8243;][vc_empty_space height=&#8221;44px&#8221;][mk_ornamental_title text_color=&#8221;#1e73be&#8221; font_family=&#8221;Rubik&#8221; font_type=&#8221;google&#8221; font_size=&#8221;24&#8243; ornament_style=&#8221;lemo-single&#8221; nss_align=&#8221;center&#8221; ornament_color=&#8221;#006794&#8243; ornament_thickness=&#8221;3&#8243;]\n<p style=\"text-align: center;\">Njut av en promenad inuti en glaci\u00e4r<\/p>\n[\/mk_ornamental_title][vc_empty_space height=&#8221;44px&#8221;][vc_column_text css=&#8221;.vc_custom_1669030441829{margin-bottom: 0px !important;}&#8221;]<strong>Uppt\u00e4ck en iskapsel p\u00e5 en helt annan niv\u00e5 \u00e4n n\u00e5gonsin f\u00f6rr<\/strong><\/p>\n<p>Nu har du chansen att uppleva en enast\u00e5ende upplevelse p\u00e5 en av v\u00e4rldens mest unika platser, Islands, och Europas, st\u00f6rsta glaci\u00e4r.<br \/>\nDu kommer att bli k\u00f6rd i en ombyggd jeep upp p\u00e5 glaci\u00e4ren. D\u00e4r f\u00e5r du m\u00f6jligheten att utforska omgivningen och njuta av en utsikt som \u00e4r ur denna v\u00e4rld. Du kommer d\u00e4r efter att g\u00e5 in i och under glaci\u00e4ren, i en isgrotta och uppleva glaci\u00e4rens under fr\u00e5n insidan.<\/p>\n<p>En rutinerad lokal guide b\u00f6rjar turen med att f\u00f6rse er med s\u00e4kerhetsutrustning (hj\u00e4lmar och broddar) och leder d\u00e4r efter v\u00e4gen upp p\u00e5 glaci\u00e4ren, f\u00f6rs\u00e4krar att ni har det som allra b\u00e4st och delar under tiden med sig av en uppsj\u00f6 av information om glaci\u00e4rer, isf\u00e4lt och deras p\u00e5verkan p\u00e5 v\u00e5ran omgivning.<\/p>\n<p class=\"has-vivid-cyan-blue-color has-text-color\"><strong>\u00c5ldersgr\u00e4ns f\u00f6r denna resa \u00e4r 8 \u00e5r.<br \/>\nResans l\u00e4ngd \u00e4r 2,5 timme<\/strong><\/p>\n[\/vc_column_text][vc_empty_space height=&#8221;44px&#8221;][\/vc_column][vc_column width=&#8221;1\/2&#8243;][vc_empty_space height=&#8221;44px&#8221;][mk_ornamental_title text_color=&#8221;#1e73be&#8221; font_family=&#8221;Rubik&#8221; font_type=&#8221;google&#8221; font_size=&#8221;24&#8243; ornament_style=&#8221;lemo-single&#8221; nss_align=&#8221;center&#8221; ornament_color=&#8221;#006794&#8243; ornament_thickness=&#8221;3&#8243;]Mer information[\/mk_ornamental_title][vc_empty_space height=&#8221;44px&#8221;][mk_fancy_title color=&#8221;#1e73be&#8221; size=&#8221;24&#8243; margin_top=&#8221;20&#8243; margin_bottom=&#8221;0&#8243; font_family=&#8221;Rubik&#8221; font_type=&#8221;google&#8221;]<img loading=\"lazy\" decoding=\"async\" class=\"\" src=\"https:\/\/glacierjourney.is\/wp-content\/uploads\/2022\/02\/logi-1.png\" width=\"43\" height=\"21\" \/>N\u00e4r[\/mk_fancy_title][vc_column_text css=&#8221;.vc_custom_1646907821104{margin-bottom: 0px !important;}&#8221;]\n<p style=\"color: #1e73be;\">Det \u00e4r m\u00f6jligt att bes\u00f6ka isgrottorna mellan november och mars.<\/p>\n[\/vc_column_text][mk_fancy_title color=&#8221;#1e73be&#8221; size=&#8221;24&#8243; margin_top=&#8221;20&#8243; margin_bottom=&#8221;0&#8243; font_family=&#8221;Rubik&#8221; font_type=&#8221;google&#8221;]<img loading=\"lazy\" decoding=\"async\" class=\"\" src=\"https:\/\/glacierjourney.is\/wp-content\/uploads\/2022\/02\/logi-1.png\" width=\"43\" height=\"21\" \/>Varaktighet[\/mk_fancy_title][vc_column_text css=&#8221;.vc_custom_1646907872885{margin-bottom: 0px !important;}&#8221;]\n<p style=\"color: #1e73be;\">En tur tar cirka 2,5 timme.<\/p>\n[\/vc_column_text][mk_fancy_title color=&#8221;#1e73be&#8221; size=&#8221;24&#8243; margin_top=&#8221;20&#8243; margin_bottom=&#8221;0&#8243; font_family=&#8221;Rubik&#8221; font_type=&#8221;google&#8221;]<img loading=\"lazy\" decoding=\"async\" class=\"\" src=\"https:\/\/glacierjourney.is\/wp-content\/uploads\/2022\/02\/logi-1.png\" width=\"43\" height=\"21\" \/>Inkluderat i f\u00e4rden[\/mk_fancy_title][vc_column_text css=&#8221;.vc_custom_1646907966033{margin-bottom: 0px !important;}&#8221;]\n<p style=\"color: #1e73be;\">Guidad tur<br \/>\nTransport fr\u00e5n och till v\u00e5r m\u00f6tesplats<br \/>\nBroddar och hj\u00e4lm<\/p>\n[\/vc_column_text][mk_fancy_title color=&#8221;#1e73be&#8221; size=&#8221;24&#8243; margin_top=&#8221;20&#8243; margin_bottom=&#8221;0&#8243; font_family=&#8221;Rubik&#8221; font_type=&#8221;google&#8221;]<img loading=\"lazy\" decoding=\"async\" class=\"\" src=\"https:\/\/glacierjourney.is\/wp-content\/uploads\/2022\/02\/logi-1.png\" width=\"43\" height=\"21\" \/>M\u00f6tesplats[\/mk_fancy_title][vc_column_text css=&#8221;.vc_custom_1646908059839{margin-bottom: 0px !important;}&#8221;]\n<p style=\"color: #1e73be;\">Vi tr\u00e4ffas vid J\u00f6kuls\u00e1rl\u00f3n &#8211; Glacier Lagoon, 15 minuter innan avg\u00e5ng.<br \/>\nGPS koordinater:\u00a064.0478597,-16.1789879.<\/p>\n[\/vc_column_text][vc_empty_space height=&#8221;44px&#8221;][mk_ornamental_title text_color=&#8221;#1e73be&#8221; font_family=&#8221;Permanent+Marker&#8221; font_type=&#8221;google&#8221; font_size=&#8221;30&#8243; ornament_style=&#8221;norman-single&#8221; ornament_color=&#8221;#006794&#8243; ornament_thickness=&#8221;3&#8243;]Plan\u00a0B[\/mk_ornamental_title][vc_column_text css=&#8221;.vc_custom_1646908292088{margin-bottom: 0px !important;}&#8221;]<em>P\u00e5 grund av det varierande v\u00e4dret p\u00e5 Island kommer det tillf\u00e4llen d\u00e5 det inte \u00e4r m\u00f6jligt att ta sig in i isgrottorna. Det \u00e4r genom isgrottorna som glaci\u00e4ren g\u00f6r sig av med allt extra vatten vilket inneb\u00e4r att de \u00f6versv\u00e4mmas vid mycket regn.<\/em><br \/>\n<em>Om det sker g\u00f6r vi allt f\u00f6r att ni ska f\u00e5 en s\u00e5 bra upplevelse som m\u00f6jligt \u00e4nd\u00e5 och \u00e5ker upp p\u00e5 glaci\u00e4ren, g\u00e5r s\u00e5 n\u00e4ra isgrottorna som \u00e4r m\u00f6jligt ur en s\u00e4kerhetssynpunkt och kollar in andra grottliknande formationer som finns p\u00e5 glaci\u00e4ren, s\u00e5 som glaci\u00e4rb\u00e5gar.<\/em>[\/vc_column_text][\/vc_column][\/mk_page_section][mk_page_section bg_color=&#8221;#ffffff&#8221; first_page=&#8221;false&#8221; last_page=&#8221;false&#8221; sidebar=&#8221;sidebar-1&#8243;][vc_column][vc_empty_space][mk_ornamental_title text_color=&#8221;#1e73be&#8221; font_family=&#8221;Rubik&#8221; font_type=&#8221;google&#8221; font_size=&#8221;24&#8243; ornament_style=&#8221;norman-double&#8221; ornament_color=&#8221;#006794&#8243; ornament_thickness=&#8221;3&#8243;]\n<p style=\"text-align: center;\">BOKA H\u00c4R<\/p>\n[\/mk_ornamental_title][vc_raw_html css=&#8221;.vc_custom_1646908372827{background-color: #ffffff !important;}&#8221;]JTNDZGl2JTIwaWQlM0QlMjJib2t1bi13MzQxNV8wNDZhY2RiOF8xYTY3XzQyYjVfOGQ1M182YWM5ZDZmYWExY2UlMjIlM0VMb2FkaW5nLi4uJTNDJTJGZGl2JTNFJTNDc2NyaXB0JTIwdHlwZSUzRCUyMnRleHQlMkZqYXZhc2NyaXB0JTIyJTNFJTBBdmFyJTIwdzM0MTVfMDQ2YWNkYjhfMWE2N180MmI1XzhkNTNfNmFjOWQ2ZmFhMWNlJTNCJTBBJTI4ZnVuY3Rpb24lMjhkJTJDJTIwdCUyOSUyMCU3QiUwQSUyMCUyMHZhciUyMGhvc3QlMjAlM0QlMjAlMjd3aWRnZXRzLmJva3VuLmlvJTI3JTNCJTBBJTIwJTIwdmFyJTIwZnJhbWVVcmwlMjAlM0QlMjAlMjdodHRwcyUzQSUyRiUyRiUyNyUyMCUyQiUyMGhvc3QlMjAlMkIlMjAlMjclMkZ3aWRnZXRzJTJGMzQxNSUzRmJvb2tpbmdDaGFubmVsVVVJRCUzRDU4NDlmMDE3LWNhYzYtNDA0MC04MjY5LTBiYjkzYmJmZjY0YyUyNmFtcCUzQmFjdGl2aXR5SWQlM0QxMTM1NiUyNmFtcCUzQnRyYWNraW5nQ29kZSUzRG51bGwlMjZhbXAlM0JsYW5nJTNERU4lMjZhbXAlM0JjY3klM0RJU0slMjZhbXAlM0JoYXNoJTNEdzM0MTVfMDQ2YWNkYjhfMWE2N180MmI1XzhkNTNfNmFjOWQ2ZmFhMWNlJTI3JTNCJTBBJTIwJTIwdmFyJTIwcyUyMCUzRCUyMGQuY3JlYXRlRWxlbWVudCUyOHQlMjklMkMlMjBvcHRpb25zJTIwJTNEJTIwJTdCJTI3aG9zdCUyNyUzQSUyMGhvc3QlMkMlMjAlMjdmcmFtZVVybCUyNyUzQSUyMGZyYW1lVXJsJTJDJTIwJTI3d2lkZ2V0SGFzaCUyNyUzQSUyN3czNDE1XzA0NmFjZGI4XzFhNjdfNDJiNV84ZDUzXzZhYzlkNmZhYTFjZSUyNyUyQyUyMCUyN2F1dG9SZXNpemUlMjclM0F0cnVlJTJDJTI3aGVpZ2h0JTI3JTNBJTI3JTI3JTJDJTI3d2lkdGglMjclM0ElMjcxMDAlMjUlMjclMkMlMjAlMjdtaW5IZWlnaHQlMjclM0ElMjAwJTJDJTI3YXN5bmMlMjclM0F0cnVlJTJDJTIwJTI3c3NsJTI3JTNBdHJ1ZSUyQyUyMCUyN2FmZmlsaWF0ZVRyYWNraW5nQ29kZSUyNyUzQSUyMCUyNyUyNyUyQyUyMCUyN3RyYW5zaWVudFNlc3Npb24lMjclM0ElMjB0cnVlJTJDJTIwJTI3Y29va2llTGlmZXRpbWUlMjclM0ElMjA0MzIwMCUyMCU3RCUzQiUwQSUyMCUyMHMuc3JjJTIwJTNEJTIwJTI3aHR0cHMlM0ElMkYlMkYlMjclMjAlMkIlMjBob3N0JTIwJTJCJTIwJTI3JTJGYXNzZXRzJTJGamF2YXNjcmlwdHMlMkZ3aWRnZXRzJTJGZW1iZWRkZXIuanMlMjclM0IlMEElMjAlMjBzLm9ubG9hZCUyMCUzRCUyMHMub25yZWFkeXN0YXRlY2hhbmdlJTIwJTNEJTIwZnVuY3Rpb24lMjglMjklMjAlN0IlMEElMjAlMjAlMjAlMjB2YXIlMjBycyUyMCUzRCUyMHRoaXMucmVhZHlTdGF0ZSUzQiUyMGlmJTIwJTI4cnMlMjklMjBpZiUyMCUyOHJzJTIwJTIxJTNEJTIwJTI3Y29tcGxldGUlMjclMjklMjBpZiUyMCUyOHJzJTIwJTIxJTNEJTIwJTI3bG9hZGVkJTI3JTI5JTIwcmV0dXJuJTNCJTBBJTIwJTIwJTIwJTIwdHJ5JTIwJTdCJTBBJTIwJTIwJTIwJTIwJTIwJTIwdzM0MTVfMDQ2YWNkYjhfMWE2N180MmI1XzhkNTNfNmFjOWQ2ZmFhMWNlJTIwJTNEJTIwbmV3JTIwQm9rdW5XaWRnZXRFbWJlZGRlciUyOCUyOSUzQiUyMHczNDE1XzA0NmFjZGI4XzFhNjdfNDJiNV84ZDUzXzZhYzlkNmZhYTFjZS5pbml0aWFsaXplJTI4b3B0aW9ucyUyOSUzQiUyMHczNDE1XzA0NmFjZGI4XzFhNjdfNDJiNV84ZDUzXzZhYzlkNmZhYTFjZS5kaXNwbGF5JTI4JTI5JTNCJTBBJTIwJTIwJTIwJTIwJTdEJTIwY2F0Y2glMjAlMjhlJTI5JTIwJTdCJTdEJTBBJTIwJTIwJTdEJTNCJTBBJTIwJTIwdmFyJTIwc2NyJTIwJTNEJTIwZC5nZXRFbGVtZW50c0J5VGFnTmFtZSUyOHQlMjklNUIwJTVEJTJDJTIwcGFyJTIwJTNEJTIwc2NyLnBhcmVudE5vZGUlM0IlMjBwYXIuaW5zZXJ0QmVmb3JlJTI4cyUyQyUyMHNjciUyOSUzQiUwQSU3RCUyOSUyOGRvY3VtZW50JTJDJTIwJTI3c2NyaXB0JTI3JTI5JTNCJTBBJTNDJTJGc2NyaXB0JTNF[\/vc_raw_html][vc_column_text css=&#8221;.vc_custom_1733308619912{margin-bottom: 0px !important;}&#8221;]\n<p style=\"text-align: center;\"><strong><span style=\"color: #1e73be;\"><span class=\"s1\">Anv\u00e4nd koden CAVES25 vid bokning f\u00f6r at f\u00e5 en rabatt p\u00e5 10%.<\/span><\/span><\/strong><\/p>\n[\/vc_column_text][\/vc_column][\/mk_page_section][mk_page_section sidebar=&#8221;sidebar-1&#8243;][vc_column][vc_empty_space][mk_ornamental_title text_color=&#8221;#1e73be&#8221; font_family=&#8221;Permanent+Marker&#8221; font_type=&#8221;google&#8221; font_size=&#8221;30&#8243; ornament_style=&#8221;norman-single&#8221; ornament_color=&#8221;#006794&#8243; ornament_thickness=&#8221;3&#8243;]M\u00d6TESPLATS UNDER VINTERN | BASE CAMP[\/mk_ornamental_title][mk_fancy_title size=&#8221;20&#8243; font_family=&#8221;Rubik&#8221; font_type=&#8221;google&#8221; align=&#8221;center&#8221;]J\u00f6kuls\u00e1rl\u00f3n &#8211; Glacier Lagoon | Gps: 64.048381, -16.179508[\/mk_fancy_title][mk_advanced_gmaps custom_markers=&#8221;true&#8221; latitude=&#8221;64.048381&#8243; longitude=&#8221;-16.179508&#8243; address=&#8221;J\u00f6kuls\u00e1rl\u00f3n-Glacier Lagoon&#8221; custom_marker_1=&#8221;http:\/\/glacierjourney.is\/wp-content\/uploads\/2018\/07\/logo-map.png&#8221; content_bg_color=&#8221;#ffffff&#8221; content_font_color=&#8221;#ffffff&#8221; height=&#8221;450&#8243; map_zoom=&#8221;10&#8243; modify_coloring=&#8221;true&#8221; hue=&#8221;#25beed&#8221;][vc_empty_space][\/vc_column][\/mk_page_section][mk_page_section bg_color=&#8221;#f9f9f9&#8243; sidebar=&#8221;sidebar-1&#8243;][vc_column][vc_empty_space height=&#8221;20px&#8221;][mk_ornamental_title text_color=&#8221;#1e73be&#8221; font_family=&#8221;Permanent+Marker&#8221; font_type=&#8221;google&#8221; font_size=&#8221;30&#8243; ornament_style=&#8221;norman-single&#8221; ornament_color=&#8221;#006794&#8243; ornament_thickness=&#8221;3&#8243;]VILLKOR[\/mk_ornamental_title][vc_empty_space height=&#8221;20px&#8221;][vc_column_text css=&#8221;.vc_custom_1638444137843{margin-bottom: 0px !important;}&#8221;]\n<ul>\n<li>I v\u00e5ra turer m\u00e5ste du ha bra friluftskl\u00e4der och vandringsk\u00e4ngor.<\/li>\n<li>Det \u00e4r n\u00f6dv\u00e4ndigt att ha en bra kondition f\u00f6r att kunna vara med i v\u00e5ra turer.<\/li>\n<li>Det \u00e4r kundens ansvar att informera v\u00e5ra guider om eventuella h\u00e4lsoproblem.<\/li>\n<li>Vi har en 48 timmars avbokningsplan. Om en avbokning g\u00f6rs 48 timmar eller tidigare innan avf\u00e4rd \u00e5terbetalas 90%. Ingen \u00e5terbetalning g\u00f6rs om avbokningen sker med mindre \u00e4n 48 timmar till avf\u00e4rd.<\/li>\n<li>Om turen \u00e4r inst\u00e4lld av Glacier Journey av n\u00e5gon anledning, s\u00e5 som p\u00e5 grund av v\u00e4der, f\u00e5r kunden full \u00e5terbetalning.<\/li>\n<li>Glacier Journey tar inte ansvar f\u00f6r olyckor som sker p\u00e5 grund av oaktsamhet fr\u00e5n kunden eller fr\u00e5n olyckor som kan sp\u00e5ras tillbaka till kundens egna handlingar.<\/li>\n<li>Alla v\u00e5ra turer sker p\u00e5 kundens eget ansvar.<\/li>\n<li>Glacier Journey kan inte garantera att det inte \u00e4r fler personer och\/eller grupper i samma omr\u00e5de samtidigt som vi.<\/li>\n<li>Minst tv\u00e5 deltagare \u00e4r n\u00f6dv\u00e4ndigt f\u00f6r att genomf\u00f6ra varje tur.<\/li>\n<\/ul>\n[\/vc_column_text][vc_empty_space height=&#8221;20px&#8221;][\/vc_column][\/mk_page_section][vc_row][vc_column][vc_empty_space height=&#8221;44px&#8221;][mk_gallery images=&#8221;6867,6868,6869,6870,6871,6872,6873,6874,6875,6876,6877,6878,6953,6954,6955,6956,6957,6958,6959,6960&#8243; height=&#8221;300&#8243; hover_scenarios=&#8221;slow_zoom&#8221; orderby=&#8221;rand&#8221;][vc_empty_space height=&#8221;44px&#8221;][\/vc_column][\/vc_row]\n<\/div>","protected":false},"excerpt":{"rendered":"<p>[mk_page_section bg_image=&#8221;http:\/\/glacierjourney.is\/wp-content\/uploads\/2015\/07\/header-glacierjourney.jpg&#8221; attachment=&#8221;fixed&#8221; bg_position=&#8221;center top&#8221; bg_repeat=&#8221;no-repeat&#8221; bg_stretch=&#8221;true&#8221; enable_3d=&#8221;true&#8221; bg_gradient=&#8221;vertical&#8221; video_color_mask=&#8221;#1e73be&#8221; gr_end=&#8221;#28b7ff&#8221; video_opacity=&#8221;0.5&#8243; min_height=&#8221;300&#8243; full_width=&#8221;true&#8221; padding_top=&#8221;0&#8243; first_page=&#8221;true&#8221; last_page=&#8221;false&#8221; sidebar=&#8221;sidebar-1&#8243;][vc_column][mk_padding_divider size=&#8221;100&#8243;][mk_fancy_title color=&#8221;#ffffff&#8221; size=&#8221;40&#8243; font_weight=&#8221;900&#8243; letter_spacing=&#8221;4&#8243; margin_bottom=&#8221;18&#8243; font_family=&#8221;none&#8221; align=&#8221;center&#8221; animation=&#8221;fade-in&#8221;]ISGROTTOR[\/mk_fancy_title][mk_padding_divider][\/vc_column][\/mk_page_section][mk_page_section first_page=&#8221;false&#8221; last_page=&#8221;false&#8221; sidebar=&#8221;sidebar-1&#8243;][vc_column width=&#8221;1\/2&#8243;][vc_empty_space height=&#8221;44px&#8221;][mk_ornamental_title text_color=&#8221;#1e73be&#8221; font_family=&#8221;Rubik&#8221; font_type=&#8221;google&#8221; font_size=&#8221;24&#8243; ornament_style=&#8221;lemo-single&#8221; nss_align=&#8221;center&#8221; ornament_color=&#8221;#006794&#8243; ornament_thickness=&#8221;3&#8243;] Njut av en promenad inuti en glaci\u00e4r [\/mk_ornamental_title][vc_empty_space height=&#8221;44px&#8221;][vc_column_text css=&#8221;.vc_custom_1669030441829{margin-bottom: 0px !important;}&#8221;]Uppt\u00e4ck en iskapsel p\u00e5 [&hellip;]<\/p>\n","protected":false},"author":3,"featured_media":0,"parent":0,"menu_order":0,"comment_status":"closed","ping_status":"closed","template":"","meta":{"_exactmetrics_skip_tracking":false,"_exactmetrics_sitenote_active":false,"_exactmetrics_sitenote_note":"","_exactmetrics_sitenote_category":0,"footnotes":""},"class_list":["post-8183","page","type-page","status-publish","hentry"],"yoast_head":"<!-- This site is optimized with the Yoast SEO plugin v27.4 - https:\/\/yoast.com\/product\/yoast-seo-wordpress\/ -->\n<title>- Glacier Journey<\/title>\n<meta name=\"robots\" content=\"index, follow, max-snippet:-1, max-image-preview:large, max-video-preview:-1\" \/>\n<link rel=\"canonical\" href=\"https:\/\/glacierjourney.is\/sv\/isgrottor\/\" \/>\n<meta property=\"og:locale\" content=\"sv_SE\" \/>\n<meta property=\"og:type\" content=\"article\" \/>\n<meta property=\"og:title\" content=\"- Glacier Journey\" \/>\n<meta property=\"og:description\" content=\"[mk_page_section bg_image=&#8221;http:\/\/glacierjourney.is\/wp-content\/uploads\/2015\/07\/header-glacierjourney.jpg&#8221; attachment=&#8221;fixed&#8221; bg_position=&#8221;center top&#8221; bg_repeat=&#8221;no-repeat&#8221; bg_stretch=&#8221;true&#8221; enable_3d=&#8221;true&#8221; bg_gradient=&#8221;vertical&#8221; video_color_mask=&#8221;#1e73be&#8221; gr_end=&#8221;#28b7ff&#8221; video_opacity=&#8221;0.5&#8243; min_height=&#8221;300&#8243; full_width=&#8221;true&#8221; padding_top=&#8221;0&#8243; first_page=&#8221;true&#8221; last_page=&#8221;false&#8221; sidebar=&#8221;sidebar-1&#8243;][vc_column][mk_padding_divider size=&#8221;100&#8243;][mk_fancy_title color=&#8221;#ffffff&#8221; size=&#8221;40&#8243; font_weight=&#8221;900&#8243; letter_spacing=&#8221;4&#8243; margin_bottom=&#8221;18&#8243; font_family=&#8221;none&#8221; align=&#8221;center&#8221; animation=&#8221;fade-in&#8221;]ISGROTTOR[\/mk_fancy_title][mk_padding_divider][\/vc_column][\/mk_page_section][mk_page_section first_page=&#8221;false&#8221; last_page=&#8221;false&#8221; sidebar=&#8221;sidebar-1&#8243;][vc_column width=&#8221;1\/2&#8243;][vc_empty_space height=&#8221;44px&#8221;][mk_ornamental_title text_color=&#8221;#1e73be&#8221; font_family=&#8221;Rubik&#8221; font_type=&#8221;google&#8221; font_size=&#8221;24&#8243; ornament_style=&#8221;lemo-single&#8221; nss_align=&#8221;center&#8221; ornament_color=&#8221;#006794&#8243; ornament_thickness=&#8221;3&#8243;] Njut av en promenad inuti en glaci\u00e4r [\/mk_ornamental_title][vc_empty_space height=&#8221;44px&#8221;][vc_column_text css=&#8221;.vc_custom_1669030441829{margin-bottom: 0px !important;}&#8221;]Uppt\u00e4ck en iskapsel p\u00e5 [&hellip;]\" \/>\n<meta property=\"og:url\" content=\"https:\/\/glacierjourney.is\/sv\/isgrottor\/\" \/>\n<meta property=\"og:site_name\" content=\"Glacier Journey\" \/>\n<meta property=\"article:modified_time\" content=\"2024-12-04T10:37:03+00:00\" \/>\n<meta property=\"og:image\" content=\"https:\/\/glacierjourney.is\/wp-content\/uploads\/2022\/02\/logi-1.png\" \/>\n<meta name=\"twitter:card\" content=\"summary_large_image\" \/>\n<meta name=\"twitter:label1\" content=\"Ber\u00e4knad l\u00e4stid\" \/>\n\t<meta name=\"twitter:data1\" content=\"4 minuter\" \/>\n<script type=\"application\/ld+json\" class=\"yoast-schema-graph\">{\"@context\":\"https:\\\/\\\/schema.org\",\"@graph\":[{\"@type\":\"WebPage\",\"@id\":\"https:\\\/\\\/glacierjourney.is\\\/sv\\\/isgrottor\\\/\",\"url\":\"https:\\\/\\\/glacierjourney.is\\\/sv\\\/isgrottor\\\/\",\"name\":\"- Glacier Journey\",\"isPartOf\":{\"@id\":\"https:\\\/\\\/glacierjourney.is\\\/#website\"},\"primaryImageOfPage\":{\"@id\":\"https:\\\/\\\/glacierjourney.is\\\/sv\\\/isgrottor\\\/#primaryimage\"},\"image\":{\"@id\":\"https:\\\/\\\/glacierjourney.is\\\/sv\\\/isgrottor\\\/#primaryimage\"},\"thumbnailUrl\":\"https:\\\/\\\/glacierjourney.is\\\/wp-content\\\/uploads\\\/2022\\\/02\\\/logi-1.png\",\"datePublished\":\"2021-12-02T11:24:59+00:00\",\"dateModified\":\"2024-12-04T10:37:03+00:00\",\"inLanguage\":\"sv-SE\",\"potentialAction\":[{\"@type\":\"ReadAction\",\"target\":[\"https:\\\/\\\/glacierjourney.is\\\/sv\\\/isgrottor\\\/\"]}]},{\"@type\":\"ImageObject\",\"inLanguage\":\"sv-SE\",\"@id\":\"https:\\\/\\\/glacierjourney.is\\\/sv\\\/isgrottor\\\/#primaryimage\",\"url\":\"https:\\\/\\\/glacierjourney.is\\\/wp-content\\\/uploads\\\/2022\\\/02\\\/logi-1.png\",\"contentUrl\":\"https:\\\/\\\/glacierjourney.is\\\/wp-content\\\/uploads\\\/2022\\\/02\\\/logi-1.png\"},{\"@type\":\"WebSite\",\"@id\":\"https:\\\/\\\/glacierjourney.is\\\/#website\",\"url\":\"https:\\\/\\\/glacierjourney.is\\\/\",\"name\":\"Glacier Journey\",\"description\":\"Take a journey with us into the vastness of Vatnaj\u00f6kull\",\"potentialAction\":[{\"@type\":\"SearchAction\",\"target\":{\"@type\":\"EntryPoint\",\"urlTemplate\":\"https:\\\/\\\/glacierjourney.is\\\/?s={search_term_string}\"},\"query-input\":{\"@type\":\"PropertyValueSpecification\",\"valueRequired\":true,\"valueName\":\"search_term_string\"}}],\"inLanguage\":\"sv-SE\"}]}<\/script>\n<!-- \/ Yoast SEO plugin. -->","yoast_head_json":{"title":"- Glacier Journey","robots":{"index":"index","follow":"follow","max-snippet":"max-snippet:-1","max-image-preview":"max-image-preview:large","max-video-preview":"max-video-preview:-1"},"canonical":"https:\/\/glacierjourney.is\/sv\/isgrottor\/","og_locale":"sv_SE","og_type":"article","og_title":"- Glacier Journey","og_description":"[mk_page_section bg_image=&#8221;http:\/\/glacierjourney.is\/wp-content\/uploads\/2015\/07\/header-glacierjourney.jpg&#8221; attachment=&#8221;fixed&#8221; bg_position=&#8221;center top&#8221; bg_repeat=&#8221;no-repeat&#8221; bg_stretch=&#8221;true&#8221; enable_3d=&#8221;true&#8221; bg_gradient=&#8221;vertical&#8221; video_color_mask=&#8221;#1e73be&#8221; gr_end=&#8221;#28b7ff&#8221; video_opacity=&#8221;0.5&#8243; min_height=&#8221;300&#8243; full_width=&#8221;true&#8221; padding_top=&#8221;0&#8243; first_page=&#8221;true&#8221; last_page=&#8221;false&#8221; sidebar=&#8221;sidebar-1&#8243;][vc_column][mk_padding_divider size=&#8221;100&#8243;][mk_fancy_title color=&#8221;#ffffff&#8221; size=&#8221;40&#8243; font_weight=&#8221;900&#8243; letter_spacing=&#8221;4&#8243; margin_bottom=&#8221;18&#8243; font_family=&#8221;none&#8221; align=&#8221;center&#8221; animation=&#8221;fade-in&#8221;]ISGROTTOR[\/mk_fancy_title][mk_padding_divider][\/vc_column][\/mk_page_section][mk_page_section first_page=&#8221;false&#8221; last_page=&#8221;false&#8221; sidebar=&#8221;sidebar-1&#8243;][vc_column width=&#8221;1\/2&#8243;][vc_empty_space height=&#8221;44px&#8221;][mk_ornamental_title text_color=&#8221;#1e73be&#8221; font_family=&#8221;Rubik&#8221; font_type=&#8221;google&#8221; font_size=&#8221;24&#8243; ornament_style=&#8221;lemo-single&#8221; nss_align=&#8221;center&#8221; ornament_color=&#8221;#006794&#8243; ornament_thickness=&#8221;3&#8243;] Njut av en promenad inuti en glaci\u00e4r [\/mk_ornamental_title][vc_empty_space height=&#8221;44px&#8221;][vc_column_text css=&#8221;.vc_custom_1669030441829{margin-bottom: 0px !important;}&#8221;]Uppt\u00e4ck en iskapsel p\u00e5 [&hellip;]","og_url":"https:\/\/glacierjourney.is\/sv\/isgrottor\/","og_site_name":"Glacier Journey","article_modified_time":"2024-12-04T10:37:03+00:00","og_image":[{"url":"https:\/\/glacierjourney.is\/wp-content\/uploads\/2022\/02\/logi-1.png","type":"","width":"","height":""}],"twitter_card":"summary_large_image","twitter_misc":{"Ber\u00e4knad l\u00e4stid":"4 minuter"},"schema":{"@context":"https:\/\/schema.org","@graph":[{"@type":"WebPage","@id":"https:\/\/glacierjourney.is\/sv\/isgrottor\/","url":"https:\/\/glacierjourney.is\/sv\/isgrottor\/","name":"- Glacier Journey","isPartOf":{"@id":"https:\/\/glacierjourney.is\/#website"},"primaryImageOfPage":{"@id":"https:\/\/glacierjourney.is\/sv\/isgrottor\/#primaryimage"},"image":{"@id":"https:\/\/glacierjourney.is\/sv\/isgrottor\/#primaryimage"},"thumbnailUrl":"https:\/\/glacierjourney.is\/wp-content\/uploads\/2022\/02\/logi-1.png","datePublished":"2021-12-02T11:24:59+00:00","dateModified":"2024-12-04T10:37:03+00:00","inLanguage":"sv-SE","potentialAction":[{"@type":"ReadAction","target":["https:\/\/glacierjourney.is\/sv\/isgrottor\/"]}]},{"@type":"ImageObject","inLanguage":"sv-SE","@id":"https:\/\/glacierjourney.is\/sv\/isgrottor\/#primaryimage","url":"https:\/\/glacierjourney.is\/wp-content\/uploads\/2022\/02\/logi-1.png","contentUrl":"https:\/\/glacierjourney.is\/wp-content\/uploads\/2022\/02\/logi-1.png"},{"@type":"WebSite","@id":"https:\/\/glacierjourney.is\/#website","url":"https:\/\/glacierjourney.is\/","name":"Glacier Journey","description":"Take a journey with us into the vastness of Vatnaj\u00f6kull","potentialAction":[{"@type":"SearchAction","target":{"@type":"EntryPoint","urlTemplate":"https:\/\/glacierjourney.is\/?s={search_term_string}"},"query-input":{"@type":"PropertyValueSpecification","valueRequired":true,"valueName":"search_term_string"}}],"inLanguage":"sv-SE"}]}},"_links":{"self":[{"href":"https:\/\/glacierjourney.is\/sv\/wp-json\/wp\/v2\/pages\/8183","targetHints":{"allow":["GET"]}}],"collection":[{"href":"https:\/\/glacierjourney.is\/sv\/wp-json\/wp\/v2\/pages"}],"about":[{"href":"https:\/\/glacierjourney.is\/sv\/wp-json\/wp\/v2\/types\/page"}],"author":[{"embeddable":true,"href":"https:\/\/glacierjourney.is\/sv\/wp-json\/wp\/v2\/users\/3"}],"replies":[{"embeddable":true,"href":"https:\/\/glacierjourney.is\/sv\/wp-json\/wp\/v2\/comments?post=8183"}],"version-history":[{"count":12,"href":"https:\/\/glacierjourney.is\/sv\/wp-json\/wp\/v2\/pages\/8183\/revisions"}],"predecessor-version":[{"id":10478,"href":"https:\/\/glacierjourney.is\/sv\/wp-json\/wp\/v2\/pages\/8183\/revisions\/10478"}],"wp:attachment":[{"href":"https:\/\/glacierjourney.is\/sv\/wp-json\/wp\/v2\/media?parent=8183"}],"curies":[{"name":"wp","href":"https:\/\/api.w.org\/{rel}","templated":true}]}}