{"id":8178,"date":"2021-12-01T11:56:37","date_gmt":"2021-12-01T11:56:37","guid":{"rendered":"https:\/\/glacierjourney.is\/?page_id=8178"},"modified":"2021-12-06T09:46:18","modified_gmt":"2021-12-06T09:46:18","slug":"skid-och-snowboardskola","status":"publish","type":"page","link":"https:\/\/glacierjourney.is\/sv\/varaturer\/skid-och-snowboardskola\/","title":{"rendered":"Skid- och snowboardskola"},"content":{"rendered":"<div class=\"wpb-content-wrapper\">[mk_page_section bg_image=&#8221;https:\/\/glacierjourney.is\/wp-content\/uploads\/2020\/04\/header.jpg&#8221; attachment=&#8221;fixed&#8221; bg_position=&#8221;left center&#8221; bg_repeat=&#8221;no-repeat&#8221; bg_stretch=&#8221;true&#8221; enable_3d=&#8221;true&#8221; bg_gradient=&#8221;vertical&#8221; video_color_mask=&#8221;#1e73be&#8221; gr_end=&#8221;#28b7ff&#8221; video_opacity=&#8221;0.5&#8243; min_height=&#8221;300&#8243; full_height=&#8221;true&#8221; padding_top=&#8221;0&#8243; skip_arrow=&#8221;true&#8221; first_page=&#8221;true&#8221; last_page=&#8221;false&#8221; sidebar=&#8221;sidebar-1&#8243;][vc_column][vc_row_inner][vc_column_inner width=&#8221;1\/2&#8243;][mk_fancy_title color=&#8221;#ffffff&#8221; size=&#8221;54&#8243; force_font_size=&#8221;true&#8221; size_smallscreen=&#8221;35&#8243; size_tablet=&#8221;33&#8243; size_phone=&#8221;22&#8243; font_weight=&#8221;900&#8243; txt_transform=&#8221;uppercase&#8221; letter_spacing=&#8221;4&#8243; margin_bottom=&#8221;18&#8243; font_family=&#8221;none&#8221; animation=&#8221;fade-in&#8221;]Snowboard &amp; Skidor[\/mk_fancy_title][mk_divider style=&#8221;thin_solid&#8221; divider_width=&#8221;one_third&#8221; align=&#8221;left&#8221; thin_single_color=&#8221;#ffffff&#8221; thickness=&#8221;6&#8243;][mk_fancy_title color=&#8221;#ffffff&#8221; size=&#8221;20&#8243; force_font_size=&#8221;true&#8221; size_smallscreen=&#8221;35&#8243; size_tablet=&#8221;33&#8243; size_phone=&#8221;22&#8243; font_weight=&#8221;bold&#8221; margin_bottom=&#8221;18&#8243; font_family=&#8221;none&#8221;]F\u00f6r barn, 6-10 \u00e5r och 11-14 \u00e5r. Nyb\u00f6rjare eller ingen erfarenhet.[\/mk_fancy_title][mk_divider style=&#8221;thin_solid&#8221; divider_width=&#8221;one_third&#8221; align=&#8221;left&#8221; thin_single_color=&#8221;#ffffff&#8221; thickness=&#8221;6&#8243;][mk_fancy_title color=&#8221;#ffffff&#8221; size=&#8221;30&#8243; force_font_size=&#8221;true&#8221; size_smallscreen=&#8221;35&#8243; size_tablet=&#8221;30&#8243; size_phone=&#8221;22&#8243; font_weight=&#8221;300&#8243; margin_bottom=&#8221;18&#8243; font_family=&#8221;none&#8221;][\/mk_fancy_title][mk_button dimension=&#8221;outline&#8221; corner_style=&#8221;full_rounded&#8221; size=&#8221;x-large&#8221; url=&#8221;mailto:info@glacierjourney.is&#8221; outline_skin=&#8221;light&#8221;]REGISTRERA DIG NU[\/mk_button][\/vc_column_inner][vc_column_inner width=&#8221;1\/2&#8243;][\/vc_column_inner][\/vc_row_inner][\/vc_column][\/mk_page_section][mk_page_section layout_structure=&#8221;half_right&#8221; bg_image=&#8221;https:\/\/glacierjourney.is\/wp-content\/uploads\/2020\/04\/bg1.jpg&#8221; first_page=&#8221;false&#8221; last_page=&#8221;false&#8221;][vc_column][vc_empty_space height=&#8221;44px&#8221;][vc_column_text css=&#8221;.vc_custom_1638365279675{margin-bottom: 0px !important;}&#8221;]<strong>Med ett max antal av 12 barn\/kurs. 4 dagars tr\u00e4ning mellan klockan 10 &#8211; 15.\u00a0<\/strong><\/p>\n<p><strong>Schema:<\/strong><br \/>\nP\u00e5 kv\u00e4llen innan kursen startar har vi en introduktion d\u00e4r vi tr\u00e4ffas, l\u00e4r k\u00e4nna varandra, g\u00e5r igenom hur kursen \u00e4r utformad och vad vi vill f\u00e5 ut av kursen.<br \/>\nDet \u00e4r \u00e4ven ett utm\u00e4rkt tillf\u00e4lle f\u00f6r fr\u00e5gor och f\u00f6r oss att veta om eleven har n\u00e5gra allergier eller h\u00e4lsoproblem.<\/p>\n<p>Om eleven beh\u00f6ver l\u00e5na utrustning hj\u00e4lper vi till att hitta det som passar b\u00e4st, b\u00e5de tekniskt och storleksm\u00e4ssigt. Utrustningen som v\u00e4ljs kommer att anv\u00e4ndas under kursens alla dagar. Ut\u00f6ver det ser vi till att allt ser bra ut och \u00e4r helt hos dem som har sin egen utrustning.<\/p>\n<p><strong>Dag 1:<\/strong> Heldag med undervisning.<br \/>\n<strong>Dag 2:<\/strong> Heldag med undervisning.<br \/>\n<strong>Dag 3:<\/strong> Heldag med undervisning.<br \/>\n<strong>Dag 4:<\/strong> Halvdag med undervisning och d\u00e4refter uppvisning f\u00f6r f\u00f6r\u00e4ldrar och m\u00e5lsm\u00e4n. Feedback f\u00f6r kursen och \u00e4ven personliga r\u00e5d inf\u00f6r fortsatt \u00e5kning.[\/vc_column_text][vc_empty_space height=&#8221;44px&#8221;][mk_button dimension=&#8221;outline&#8221; corner_style=&#8221;full_rounded&#8221; size=&#8221;x-large&#8221; url=&#8221;mailto:info@glacierjourney.is&#8221;]REGISTRERA DIG NU[\/mk_button][vc_empty_space height=&#8221;44px&#8221;][\/vc_column][\/mk_page_section][mk_page_section layout_structure=&#8221;half_left&#8221; bg_image=&#8221;https:\/\/glacierjourney.is\/wp-content\/uploads\/2020\/04\/bg2.jpg&#8221; first_page=&#8221;false&#8221; last_page=&#8221;false&#8221;][vc_column][vc_empty_space height=&#8221;44px&#8221;][mk_fancy_title color=&#8221;#1e73be&#8221; size=&#8221;30&#8243; font_weight=&#8221;300&#8243; margin_bottom=&#8221;18&#8243; font_family=&#8221;none&#8221;]INKLUDERAT[\/mk_fancy_title][vc_column_text css=&#8221;.vc_custom_1638365373164{margin-bottom: 0px !important;}&#8221;]K\u00f6rning fr\u00e5n Flatey till skidbacken och tillbaka till Flatey, varm dryck (te och varm choklad).<\/p>\n<p>Eleven m\u00e5ste ta med sin egen mat och mellanm\u00e5l. Godis och l\u00e4sk \u00e4r inte till\u00e5tet.[\/vc_column_text][mk_fancy_title color=&#8221;#1e73be&#8221; size=&#8221;30&#8243; font_weight=&#8221;300&#8243; margin_bottom=&#8221;18&#8243; font_family=&#8221;none&#8221;]PRIS: <strong>ISK<\/strong> <strong>40 000 :-<\/strong>[\/mk_fancy_title][vc_column_text css=&#8221;.vc_custom_1638365840503{margin-bottom: 0px !important;}&#8221;]Det \u00e4r m\u00f6jligt att bli k\u00f6rd fr\u00e5n simhallen i H\u00f6fn till Flatey och tillbaka. Pris fram och tillbaka \u00e4r ISK <strong>500 :-.<\/strong><br \/>\nDe elever som beh\u00f6ver l\u00e5na utrustning kan g\u00f6ra det f\u00f6r ett pris av ISK <strong>1000 :-<\/strong>. Vi hyr inte ut kl\u00e4der (overaller, handskar, skidglas\u00f6gon etc).<\/p>\n<p>Instrukt\u00f6rerna har en stor erfarenhet av att jobba med och undervisa barn. Vi ser b\u00e4ttre resultat om f\u00f6r\u00e4ldrarna inte \u00e4r n\u00e4rvarande vid undervisningen och ber d\u00e4rf\u00f6r om att barnen l\u00e4mnas hos instrukt\u00f6rerna \u00f6ver dagen och h\u00e4mtas av f\u00f6r\u00e4ldrarna vid dagens slut.<\/p>\n<p><strong>Vi \u00e4r alla olika och om ni har n\u00e5gra fr\u00e5gor eller \u00f6nskem\u00e5l, kontakta oss g\u00e4rna p\u00e5 mail och vi svarar s\u00e5 fort som m\u00f6jligt.<\/strong>[\/vc_column_text][vc_empty_space height=&#8221;22px&#8221;][mk_button dimension=&#8221;outline&#8221; corner_style=&#8221;full_rounded&#8221; size=&#8221;x-large&#8221; url=&#8221;mailto:info@glacierjourney.is&#8221;]REGISTRERA DIG NU[\/mk_button][vc_empty_space height=&#8221;65px&#8221;][\/vc_column][\/mk_page_section][vc_row fullwidth=&#8221;true&#8221;][vc_column][mk_gallery images=&#8221;7541,7543,7545,7547,7549,7551,7553,7555&#8243; column=&#8221;4&#8243; height=&#8221;250&#8243; hover_scenarios=&#8221;slow_zoom&#8221; item_spacing=&#8221;4&#8243; orderby=&#8221;rand&#8221;][\/vc_column][\/vc_row]\n<\/div>","protected":false},"excerpt":{"rendered":"<p>[mk_page_section bg_image=&#8221;https:\/\/glacierjourney.is\/wp-content\/uploads\/2020\/04\/header.jpg&#8221; attachment=&#8221;fixed&#8221; bg_position=&#8221;left center&#8221; bg_repeat=&#8221;no-repeat&#8221; bg_stretch=&#8221;true&#8221; enable_3d=&#8221;true&#8221; bg_gradient=&#8221;vertical&#8221; video_color_mask=&#8221;#1e73be&#8221; gr_end=&#8221;#28b7ff&#8221; video_opacity=&#8221;0.5&#8243; min_height=&#8221;300&#8243; full_height=&#8221;true&#8221; padding_top=&#8221;0&#8243; skip_arrow=&#8221;true&#8221; first_page=&#8221;true&#8221; last_page=&#8221;false&#8221; sidebar=&#8221;sidebar-1&#8243;][vc_column][vc_row_inner][vc_column_inner width=&#8221;1\/2&#8243;][mk_fancy_title color=&#8221;#ffffff&#8221; size=&#8221;54&#8243; force_font_size=&#8221;true&#8221; size_smallscreen=&#8221;35&#8243; size_tablet=&#8221;33&#8243; size_phone=&#8221;22&#8243; font_weight=&#8221;900&#8243; txt_transform=&#8221;uppercase&#8221; letter_spacing=&#8221;4&#8243; margin_bottom=&#8221;18&#8243; font_family=&#8221;none&#8221; animation=&#8221;fade-in&#8221;]Snowboard &amp; Skidor[\/mk_fancy_title][mk_divider style=&#8221;thin_solid&#8221; divider_width=&#8221;one_third&#8221; align=&#8221;left&#8221; thin_single_color=&#8221;#ffffff&#8221; thickness=&#8221;6&#8243;][mk_fancy_title color=&#8221;#ffffff&#8221; size=&#8221;20&#8243; force_font_size=&#8221;true&#8221; size_smallscreen=&#8221;35&#8243; size_tablet=&#8221;33&#8243; size_phone=&#8221;22&#8243; font_weight=&#8221;bold&#8221; margin_bottom=&#8221;18&#8243; font_family=&#8221;none&#8221;]F\u00f6r barn, 6-10 \u00e5r och 11-14 \u00e5r. Nyb\u00f6rjare [&hellip;]<\/p>\n","protected":false},"author":3,"featured_media":0,"parent":8273,"menu_order":0,"comment_status":"closed","ping_status":"closed","template":"","meta":{"_exactmetrics_skip_tracking":false,"_exactmetrics_sitenote_active":false,"_exactmetrics_sitenote_note":"","_exactmetrics_sitenote_category":0,"footnotes":""},"class_list":["post-8178","page","type-page","status-publish","hentry"],"yoast_head":"<!-- This site is optimized with the Yoast SEO plugin v27.4 - https:\/\/yoast.com\/product\/yoast-seo-wordpress\/ -->\n<title>Skid- och snowboardskola - Glacier Journey<\/title>\n<meta name=\"robots\" content=\"index, follow, max-snippet:-1, max-image-preview:large, max-video-preview:-1\" \/>\n<link rel=\"canonical\" href=\"https:\/\/glacierjourney.is\/sv\/skid-och-snowboardskola\/\" \/>\n<meta property=\"og:locale\" content=\"sv_SE\" \/>\n<meta property=\"og:type\" content=\"article\" \/>\n<meta property=\"og:title\" content=\"Skid- och snowboardskola - Glacier Journey\" \/>\n<meta property=\"og:description\" content=\"[mk_page_section bg_image=&#8221;https:\/\/glacierjourney.is\/wp-content\/uploads\/2020\/04\/header.jpg&#8221; attachment=&#8221;fixed&#8221; bg_position=&#8221;left center&#8221; bg_repeat=&#8221;no-repeat&#8221; bg_stretch=&#8221;true&#8221; enable_3d=&#8221;true&#8221; bg_gradient=&#8221;vertical&#8221; video_color_mask=&#8221;#1e73be&#8221; gr_end=&#8221;#28b7ff&#8221; video_opacity=&#8221;0.5&#8243; min_height=&#8221;300&#8243; full_height=&#8221;true&#8221; padding_top=&#8221;0&#8243; skip_arrow=&#8221;true&#8221; first_page=&#8221;true&#8221; last_page=&#8221;false&#8221; sidebar=&#8221;sidebar-1&#8243;][vc_column][vc_row_inner][vc_column_inner width=&#8221;1\/2&#8243;][mk_fancy_title color=&#8221;#ffffff&#8221; size=&#8221;54&#8243; force_font_size=&#8221;true&#8221; size_smallscreen=&#8221;35&#8243; size_tablet=&#8221;33&#8243; size_phone=&#8221;22&#8243; font_weight=&#8221;900&#8243; txt_transform=&#8221;uppercase&#8221; letter_spacing=&#8221;4&#8243; margin_bottom=&#8221;18&#8243; font_family=&#8221;none&#8221; animation=&#8221;fade-in&#8221;]Snowboard &amp; Skidor[\/mk_fancy_title][mk_divider style=&#8221;thin_solid&#8221; divider_width=&#8221;one_third&#8221; align=&#8221;left&#8221; thin_single_color=&#8221;#ffffff&#8221; thickness=&#8221;6&#8243;][mk_fancy_title color=&#8221;#ffffff&#8221; size=&#8221;20&#8243; force_font_size=&#8221;true&#8221; size_smallscreen=&#8221;35&#8243; size_tablet=&#8221;33&#8243; size_phone=&#8221;22&#8243; font_weight=&#8221;bold&#8221; margin_bottom=&#8221;18&#8243; font_family=&#8221;none&#8221;]F\u00f6r barn, 6-10 \u00e5r och 11-14 \u00e5r. Nyb\u00f6rjare [&hellip;]\" \/>\n<meta property=\"og:url\" content=\"https:\/\/glacierjourney.is\/sv\/skid-och-snowboardskola\/\" \/>\n<meta property=\"og:site_name\" content=\"Glacier Journey\" \/>\n<meta property=\"article:modified_time\" content=\"2021-12-06T09:46:18+00:00\" \/>\n<meta name=\"twitter:card\" content=\"summary_large_image\" \/>\n<meta name=\"twitter:label1\" content=\"Ber\u00e4knad l\u00e4stid\" \/>\n\t<meta name=\"twitter:data1\" content=\"2 minuter\" \/>\n<script type=\"application\/ld+json\" class=\"yoast-schema-graph\">{\"@context\":\"https:\\\/\\\/schema.org\",\"@graph\":[{\"@type\":\"WebPage\",\"@id\":\"https:\\\/\\\/glacierjourney.is\\\/sv\\\/skid-och-snowboardskola\\\/\",\"url\":\"https:\\\/\\\/glacierjourney.is\\\/sv\\\/skid-och-snowboardskola\\\/\",\"name\":\"Skid- och snowboardskola - Glacier Journey\",\"isPartOf\":{\"@id\":\"https:\\\/\\\/glacierjourney.is\\\/#website\"},\"datePublished\":\"2021-12-01T11:56:37+00:00\",\"dateModified\":\"2021-12-06T09:46:18+00:00\",\"breadcrumb\":{\"@id\":\"https:\\\/\\\/glacierjourney.is\\\/sv\\\/skid-och-snowboardskola\\\/#breadcrumb\"},\"inLanguage\":\"sv-SE\",\"potentialAction\":[{\"@type\":\"ReadAction\",\"target\":[\"https:\\\/\\\/glacierjourney.is\\\/sv\\\/skid-och-snowboardskola\\\/\"]}]},{\"@type\":\"BreadcrumbList\",\"@id\":\"https:\\\/\\\/glacierjourney.is\\\/sv\\\/skid-och-snowboardskola\\\/#breadcrumb\",\"itemListElement\":[{\"@type\":\"ListItem\",\"position\":1,\"name\":\"Home\",\"item\":\"https:\\\/\\\/glacierjourney.is\\\/sv\\\/\"},{\"@type\":\"ListItem\",\"position\":2,\"name\":\"Skid- och snowboardskola\"}]},{\"@type\":\"WebSite\",\"@id\":\"https:\\\/\\\/glacierjourney.is\\\/#website\",\"url\":\"https:\\\/\\\/glacierjourney.is\\\/\",\"name\":\"Glacier Journey\",\"description\":\"Take a journey with us into the vastness of Vatnaj\u00f6kull\",\"potentialAction\":[{\"@type\":\"SearchAction\",\"target\":{\"@type\":\"EntryPoint\",\"urlTemplate\":\"https:\\\/\\\/glacierjourney.is\\\/?s={search_term_string}\"},\"query-input\":{\"@type\":\"PropertyValueSpecification\",\"valueRequired\":true,\"valueName\":\"search_term_string\"}}],\"inLanguage\":\"sv-SE\"}]}<\/script>\n<!-- \/ Yoast SEO plugin. -->","yoast_head_json":{"title":"Skid- och snowboardskola - Glacier Journey","robots":{"index":"index","follow":"follow","max-snippet":"max-snippet:-1","max-image-preview":"max-image-preview:large","max-video-preview":"max-video-preview:-1"},"canonical":"https:\/\/glacierjourney.is\/sv\/skid-och-snowboardskola\/","og_locale":"sv_SE","og_type":"article","og_title":"Skid- och snowboardskola - Glacier Journey","og_description":"[mk_page_section bg_image=&#8221;https:\/\/glacierjourney.is\/wp-content\/uploads\/2020\/04\/header.jpg&#8221; attachment=&#8221;fixed&#8221; bg_position=&#8221;left center&#8221; bg_repeat=&#8221;no-repeat&#8221; bg_stretch=&#8221;true&#8221; enable_3d=&#8221;true&#8221; bg_gradient=&#8221;vertical&#8221; video_color_mask=&#8221;#1e73be&#8221; gr_end=&#8221;#28b7ff&#8221; video_opacity=&#8221;0.5&#8243; min_height=&#8221;300&#8243; full_height=&#8221;true&#8221; padding_top=&#8221;0&#8243; skip_arrow=&#8221;true&#8221; first_page=&#8221;true&#8221; last_page=&#8221;false&#8221; sidebar=&#8221;sidebar-1&#8243;][vc_column][vc_row_inner][vc_column_inner width=&#8221;1\/2&#8243;][mk_fancy_title color=&#8221;#ffffff&#8221; size=&#8221;54&#8243; force_font_size=&#8221;true&#8221; size_smallscreen=&#8221;35&#8243; size_tablet=&#8221;33&#8243; size_phone=&#8221;22&#8243; font_weight=&#8221;900&#8243; txt_transform=&#8221;uppercase&#8221; letter_spacing=&#8221;4&#8243; margin_bottom=&#8221;18&#8243; font_family=&#8221;none&#8221; animation=&#8221;fade-in&#8221;]Snowboard &amp; Skidor[\/mk_fancy_title][mk_divider style=&#8221;thin_solid&#8221; divider_width=&#8221;one_third&#8221; align=&#8221;left&#8221; thin_single_color=&#8221;#ffffff&#8221; thickness=&#8221;6&#8243;][mk_fancy_title color=&#8221;#ffffff&#8221; size=&#8221;20&#8243; force_font_size=&#8221;true&#8221; size_smallscreen=&#8221;35&#8243; size_tablet=&#8221;33&#8243; size_phone=&#8221;22&#8243; font_weight=&#8221;bold&#8221; margin_bottom=&#8221;18&#8243; font_family=&#8221;none&#8221;]F\u00f6r barn, 6-10 \u00e5r och 11-14 \u00e5r. Nyb\u00f6rjare [&hellip;]","og_url":"https:\/\/glacierjourney.is\/sv\/skid-och-snowboardskola\/","og_site_name":"Glacier Journey","article_modified_time":"2021-12-06T09:46:18+00:00","twitter_card":"summary_large_image","twitter_misc":{"Ber\u00e4knad l\u00e4stid":"2 minuter"},"schema":{"@context":"https:\/\/schema.org","@graph":[{"@type":"WebPage","@id":"https:\/\/glacierjourney.is\/sv\/skid-och-snowboardskola\/","url":"https:\/\/glacierjourney.is\/sv\/skid-och-snowboardskola\/","name":"Skid- och snowboardskola - Glacier Journey","isPartOf":{"@id":"https:\/\/glacierjourney.is\/#website"},"datePublished":"2021-12-01T11:56:37+00:00","dateModified":"2021-12-06T09:46:18+00:00","breadcrumb":{"@id":"https:\/\/glacierjourney.is\/sv\/skid-och-snowboardskola\/#breadcrumb"},"inLanguage":"sv-SE","potentialAction":[{"@type":"ReadAction","target":["https:\/\/glacierjourney.is\/sv\/skid-och-snowboardskola\/"]}]},{"@type":"BreadcrumbList","@id":"https:\/\/glacierjourney.is\/sv\/skid-och-snowboardskola\/#breadcrumb","itemListElement":[{"@type":"ListItem","position":1,"name":"Home","item":"https:\/\/glacierjourney.is\/sv\/"},{"@type":"ListItem","position":2,"name":"Skid- och snowboardskola"}]},{"@type":"WebSite","@id":"https:\/\/glacierjourney.is\/#website","url":"https:\/\/glacierjourney.is\/","name":"Glacier Journey","description":"Take a journey with us into the vastness of Vatnaj\u00f6kull","potentialAction":[{"@type":"SearchAction","target":{"@type":"EntryPoint","urlTemplate":"https:\/\/glacierjourney.is\/?s={search_term_string}"},"query-input":{"@type":"PropertyValueSpecification","valueRequired":true,"valueName":"search_term_string"}}],"inLanguage":"sv-SE"}]}},"_links":{"self":[{"href":"https:\/\/glacierjourney.is\/sv\/wp-json\/wp\/v2\/pages\/8178","targetHints":{"allow":["GET"]}}],"collection":[{"href":"https:\/\/glacierjourney.is\/sv\/wp-json\/wp\/v2\/pages"}],"about":[{"href":"https:\/\/glacierjourney.is\/sv\/wp-json\/wp\/v2\/types\/page"}],"author":[{"embeddable":true,"href":"https:\/\/glacierjourney.is\/sv\/wp-json\/wp\/v2\/users\/3"}],"replies":[{"embeddable":true,"href":"https:\/\/glacierjourney.is\/sv\/wp-json\/wp\/v2\/comments?post=8178"}],"version-history":[{"count":4,"href":"https:\/\/glacierjourney.is\/sv\/wp-json\/wp\/v2\/pages\/8178\/revisions"}],"predecessor-version":[{"id":8182,"href":"https:\/\/glacierjourney.is\/sv\/wp-json\/wp\/v2\/pages\/8178\/revisions\/8182"}],"up":[{"embeddable":true,"href":"https:\/\/glacierjourney.is\/sv\/wp-json\/wp\/v2\/pages\/8273"}],"wp:attachment":[{"href":"https:\/\/glacierjourney.is\/sv\/wp-json\/wp\/v2\/media?parent=8178"}],"curies":[{"name":"wp","href":"https:\/\/api.w.org\/{rel}","templated":true}]}}