{"id":8152,"date":"2021-11-30T15:17:02","date_gmt":"2021-11-30T15:17:02","guid":{"rendered":"https:\/\/glacierjourney.is\/?page_id=8152"},"modified":"2024-08-14T08:52:38","modified_gmt":"2024-08-14T08:52:38","slug":"kverkfjoll","status":"publish","type":"page","link":"https:\/\/glacierjourney.is\/sv\/varaturer\/kverkfjoll\/","title":{"rendered":"kverkfj\u00f6ll"},"content":{"rendered":"<div class=\"wpb-content-wrapper\">[mk_page_section bg_image=&#8221;http:\/\/glacierjourney.is\/wp-content\/uploads\/2015\/07\/header-glacierjourney.jpg&#8221; attachment=&#8221;fixed&#8221; bg_position=&#8221;center top&#8221; bg_repeat=&#8221;no-repeat&#8221; bg_stretch=&#8221;true&#8221; enable_3d=&#8221;true&#8221; bg_gradient=&#8221;vertical&#8221; video_color_mask=&#8221;#1e73be&#8221; gr_end=&#8221;#28b7ff&#8221; video_opacity=&#8221;0.5&#8243; min_height=&#8221;300&#8243; full_width=&#8221;true&#8221; padding_top=&#8221;0&#8243; first_page=&#8221;true&#8221; last_page=&#8221;false&#8221; sidebar=&#8221;sidebar-1&#8243;][vc_column][mk_padding_divider size=&#8221;100&#8243;][mk_fancy_title color=&#8221;#ffffff&#8221; size=&#8221;40&#8243; font_weight=&#8221;900&#8243; letter_spacing=&#8221;4&#8243; margin_bottom=&#8221;18&#8243; font_family=&#8221;none&#8221; align=&#8221;center&#8221; animation=&#8221;fade-in&#8221;]Sn\u00f6skoter p\u00e5 Kverkfj\u00f6ll[\/mk_fancy_title][mk_padding_divider][\/vc_column][\/mk_page_section][mk_page_section first_page=&#8221;false&#8221; last_page=&#8221;false&#8221; sidebar=&#8221;sidebar-1&#8243;][vc_column width=&#8221;1\/2&#8243;][vc_empty_space height=&#8221;44px&#8221;][mk_ornamental_title text_color=&#8221;#1e73be&#8221; font_family=&#8221;Rubik&#8221; font_type=&#8221;google&#8221; font_size=&#8221;24&#8243; ornament_style=&#8221;lemo-single&#8221; nss_align=&#8221;center&#8221; ornament_color=&#8221;#006794&#8243; ornament_thickness=&#8221;3&#8243;]\n<p style=\"text-align: center;\">Kverkfj\u00f6ll &#8211; ett aktivt vulkansystem.<\/p>\n[\/mk_ornamental_title][vc_empty_space height=&#8221;44px&#8221;][vc_column_text css=&#8221;.vc_custom_1681214013005{margin-bottom: 0px !important;}&#8221;]\n<div class=\"page\" title=\"Page 1\">\n<div class=\"layoutArea\">\n<div class=\"column\">\n<p><em>Att k\u00f6ra en sn\u00f6skoter p\u00e5 Kverkfj\u00f6ll \u00e4r verkligen en unik upplevelse och en otrolig m\u00f6jlighet f\u00f6r den som vill uppleva ett riktigt \u00e4ventyr.\u00a0<\/em><\/p>\n<p>Kverkfj\u00f6lls senaste utbrott skedde f\u00f6r ungef\u00e4r 1300 \u00e5r sedan p\u00e5 en d\u00e5 isfri fissur. Det utbrottet skapade ungef\u00e4r 20 km<sup><em>2<\/em><\/sup>\u00a0lava. Intervallen mellan utbrotten har varierat, allt mellan \u00e5rtionden till tusentals \u00e5r. Varje utbrott f\u00f6ljs av glaci\u00e4rl\u00f6p p\u00e5 de delarna av fj\u00e4llet som \u00e4r t\u00e4ckta av is, vilket skapar en magisk syn.<br \/>\nDen centrala delen av Kverkfj\u00f6ll \u00e4r t\u00e4ck med is som \u00e4r 400 m tjock. Vid den centrala delen av Kverkj\u00f6ll kan man ocks\u00e5 hitta 2 ist\u00e4ckta kalderaner, b\u00e5da med ett maxdjup av 9 km.<\/p>\n<p>En tur p\u00e5 Kverkfj\u00f6ll \u00e4r s\u00e5 mycket mer \u00e4n en tur p\u00e5 sn\u00f6skoter. Du kommer att uppleva magiska vyer; sn\u00f6, is, kala berg, floder och \u00e5nga fr\u00e5n v\u00e4rmen under jorden, som f\u00e5 har f\u00e5tt uppleva tidigare. Ut\u00f6ver det kommer ni att k\u00f6ras i v\u00e5r ombyggda jeep upp p\u00e5 glaci\u00e4ren.<\/p>\n<p><strong>VIKTGR\u00c4NS<\/strong><\/p>\n<p><strong>Deltagarnas sammanlagda vikt p\u00e5 en sn\u00f6skoter M\u00c5STE vara 180 kg \/ 390 lbs eller mindre. Om din sammanlagda vikt \u00f6verstiger 180 kg \/ 390 lbs m\u00e5ste du boka enstaka sn\u00f6skotrar.<\/strong><\/p>\n<p><strong>Detta \u00e4r MYCKET viktigt f\u00f6r din s\u00e4kerhet n\u00e4r du k\u00f6r sn\u00f6skoter.<\/strong><\/p>\n<\/div>\n<\/div>\n<\/div>\n[\/vc_column_text][vc_empty_space][vc_empty_space height=&#8221;44px&#8221;][\/vc_column][vc_column width=&#8221;1\/2&#8243;][vc_empty_space height=&#8221;44px&#8221;][mk_ornamental_title text_color=&#8221;#1e73be&#8221; font_family=&#8221;Rubik&#8221; font_type=&#8221;google&#8221; font_size=&#8221;24&#8243; ornament_style=&#8221;lemo-single&#8221; nss_align=&#8221;center&#8221; ornament_color=&#8221;#006794&#8243; ornament_thickness=&#8221;3&#8243;]Mer information[\/mk_ornamental_title][vc_empty_space height=&#8221;44px&#8221;][mk_fancy_title color=&#8221;#1e73be&#8221; size=&#8221;24&#8243; margin_top=&#8221;20&#8243; margin_bottom=&#8221;0&#8243; font_family=&#8221;Rubik&#8221; font_type=&#8221;google&#8221;]<img loading=\"lazy\" decoding=\"async\" class=\"\" src=\"https:\/\/glacierjourney.is\/wp-content\/uploads\/2022\/02\/logi-1.png\" width=\"43\" height=\"21\" \/>N\u00e4r[\/mk_fancy_title][vc_column_text css=&#8221;.vc_custom_1647255414461{margin-bottom: 0px !important;}&#8221;]\n<p style=\"color: #1e73be;\">Turer p\u00e5 Kverkfj\u00f6ll \u00e4r tillg\u00e4ngliga mellan maj och juli.<\/p>\n[\/vc_column_text][mk_fancy_title color=&#8221;#1e73be&#8221; size=&#8221;24&#8243; margin_top=&#8221;20&#8243; margin_bottom=&#8221;0&#8243; font_family=&#8221;Rubik&#8221; font_type=&#8221;google&#8221;]<img loading=\"lazy\" decoding=\"async\" class=\"\" src=\"https:\/\/glacierjourney.is\/wp-content\/uploads\/2022\/02\/logi-1.png\" width=\"43\" height=\"21\" \/>Varaktighet[\/mk_fancy_title][vc_column_text css=&#8221;.vc_custom_1651506989574{margin-bottom: 0px !important;}&#8221;]\n<p style=\"color: #1e73be;\">En tur tar runt 8 timmar.<\/p>\n[\/vc_column_text][mk_fancy_title color=&#8221;#1e73be&#8221; size=&#8221;24&#8243; margin_top=&#8221;20&#8243; margin_bottom=&#8221;0&#8243; font_family=&#8221;Rubik&#8221; font_type=&#8221;google&#8221;]<img loading=\"lazy\" decoding=\"async\" class=\"\" src=\"https:\/\/glacierjourney.is\/wp-content\/uploads\/2022\/02\/logi-1.png\" width=\"43\" height=\"21\" \/>Inkluderat i turen.[\/mk_fancy_title][vc_column_text css=&#8221;.vc_custom_1647256446080{margin-bottom: 0px !important;}&#8221;]\n<p style=\"color: #1e73be;\">Guidad tur<br \/>\nTransport fr\u00e5n och till v\u00e5r m\u00f6tesplats<br \/>\nOverall, hj\u00e4lm, vantar och buff<\/p>\n<p style=\"color: #1e73be;\">Mat \u00e4r <strong>inte<\/strong> inkluderat och vi rekommenderar starkt att ta med egen mat och dryck f\u00f6r den h\u00e4r turen.<\/p>\n[\/vc_column_text][mk_fancy_title color=&#8221;#1e73be&#8221; size=&#8221;24&#8243; margin_top=&#8221;20&#8243; margin_bottom=&#8221;0&#8243; font_family=&#8221;Rubik&#8221; font_type=&#8221;google&#8221;]<img loading=\"lazy\" decoding=\"async\" class=\"\" src=\"https:\/\/glacierjourney.is\/wp-content\/uploads\/2022\/02\/logi-1.png\" width=\"43\" height=\"21\" \/>M\u00f6tesplats[\/mk_fancy_title][vc_column_text css=&#8221;.vc_custom_1670233392788{margin-bottom: 0px !important;}&#8221;]\n<p style=\"color: #1e73be;\">Vi tr\u00e4ffas vid base camp som ligger vid Hotell Smyrlabj\u00f6rg.<br \/>\nSmyrlabj\u00f6rg ligger 46 km v\u00e4ster om H\u00f6fn och 34km \u00f6ster om J\u00f6kuls\u00e1rl\u00f3n &#8211; Glacier Lagoon.<br \/>\nGPS koordinater 64.2173538,-15.7195644<\/p>\n<p style=\"color: #1e73be;\">Observera att det \u00e4r \u00f6nskv\u00e4rt att ni \u00e4r p\u00e5 plats en halvtimma innan er schemalagda tur.<br \/>\nVi kan tyv\u00e4rr inte v\u00e4nta in g\u00e4ster som \u00e4r sena och missar ni er avg\u00e5ng avbokas biljetten automatiskt utan m\u00f6jlighet till \u00e5terbetalning.<\/p>\n[\/vc_column_text][mk_fancy_title color=&#8221;#1e73be&#8221; size=&#8221;24&#8243; margin_top=&#8221;20&#8243; margin_bottom=&#8221;0&#8243; font_family=&#8221;Rubik&#8221; font_type=&#8221;google&#8221;]<img loading=\"lazy\" decoding=\"async\" class=\"\" src=\"https:\/\/glacierjourney.is\/wp-content\/uploads\/2022\/02\/logi-1.png\" width=\"43\" height=\"21\" \/>Pris[\/mk_fancy_title][vc_column_text css=&#8221;.vc_custom_1723625553602{margin-bottom: 0px !important;}&#8221;]\n<p style=\"color: #1e73be;\">8 timmars tur \u00e4r ISK 165.000.<br \/>\nTill skillnad fr\u00e5n v\u00e5ra andra turer p\u00e5 sn\u00f6skoter \u00e4r regeln p\u00e5 den h\u00e4r turen att det \u00e4r en person\/sn\u00f6skoter.<\/p>\n[\/vc_column_text][mk_fancy_title color=&#8221;#1e73be&#8221; size=&#8221;24&#8243; margin_top=&#8221;20&#8243; margin_bottom=&#8221;0&#8243; font_family=&#8221;Rubik&#8221; font_type=&#8221;google&#8221;]<img loading=\"lazy\" decoding=\"async\" class=\"\" src=\"https:\/\/glacierjourney.is\/wp-content\/uploads\/2022\/02\/logi-1.png\" width=\"43\" height=\"21\" \/>Boka?[\/mk_fancy_title][vc_column_text css=&#8221;.vc_custom_1680512812454{margin-bottom: 0px !important;}&#8221;]\n<p style=\"color: #1e73be;\">V\u00e4nligen boka via email, p\u00e5 info@glacierjourney.is<\/p>\n<p style=\"color: #1e73be;\">Turer p\u00e5 kverkfj\u00f6ll genomf\u00f6rs med minst 4 deltagare och som mest 10.<br \/>\n<strong>Viktigt! Den h\u00e4r turen \u00e4r inte f\u00f6r nyb\u00f6rjare.<\/strong><\/p>\n<p style=\"color: #1e73be;\"><strong>F\u00f6r att k\u00f6re sn\u00f6skoter m\u00e5ste du ha ett giltligt k\u00f6rkort.<\/strong><\/p>\n[\/vc_column_text][\/vc_column][\/mk_page_section][mk_page_section sidebar=&#8221;sidebar-1&#8243;][vc_column][vc_empty_space][mk_ornamental_title text_color=&#8221;#1e73be&#8221; font_family=&#8221;Permanent+Marker&#8221; font_type=&#8221;google&#8221; font_size=&#8221;30&#8243; ornament_style=&#8221;norman-single&#8221; ornament_color=&#8221;#006794&#8243; ornament_thickness=&#8221;3&#8243;]M\u00d6TESPLATS UNDER SOMMAREN | BASE CAMP[\/mk_ornamental_title][mk_fancy_title size=&#8221;20&#8243; font_family=&#8221;Rubik&#8221; font_type=&#8221;google&#8221; align=&#8221;center&#8221;]Hotel Smyrlabj\u00f6rg | Gps: 64.2173538, -15.7195644[\/mk_fancy_title][mk_advanced_gmaps custom_markers=&#8221;true&#8221; latitude=&#8221;64.2173538&#8243; longitude=&#8221;-15.7195644&#8243; address=&#8221;Hotel Smyrlabj\u00f6rg&#8221; custom_marker_1=&#8221;http:\/\/glacierjourney.is\/wp-content\/uploads\/2018\/07\/logo-map.png&#8221; content_bg_color=&#8221;#ffffff&#8221; content_font_color=&#8221;#ffffff&#8221; height=&#8221;450&#8243; map_zoom=&#8221;10&#8243; modify_coloring=&#8221;true&#8221; hue=&#8221;#25beed&#8221;][vc_empty_space][\/vc_column][\/mk_page_section][mk_page_section bg_color=&#8221;#f9f9f9&#8243; sidebar=&#8221;sidebar-1&#8243;][vc_column][vc_empty_space height=&#8221;20px&#8221;][mk_ornamental_title text_color=&#8221;#1e73be&#8221; font_family=&#8221;Permanent+Marker&#8221; font_type=&#8221;google&#8221; font_size=&#8221;30&#8243; ornament_style=&#8221;norman-single&#8221; ornament_color=&#8221;#006794&#8243; ornament_thickness=&#8221;3&#8243;]VILLKOR[\/mk_ornamental_title][vc_empty_space height=&#8221;20px&#8221;][vc_column_text css=&#8221;.vc_custom_1638285407293{margin-bottom: 0px !important;}&#8221;]\n<ul>\n<li>F\u00f6r att k\u00f6ra sn\u00f6skoter m\u00e5ste du ha ett giltligt k\u00f6rkort.<\/li>\n<li>I v\u00e5ra turer m\u00e5ste du ha bra friluftskl\u00e4der och vandringsk\u00e4ngor.<\/li>\n<li>Det \u00e4r n\u00f6dv\u00e4ndigt att ha en bra kondition f\u00f6r att kunna vara med i v\u00e5ra turer.<\/li>\n<li>Det \u00e4r kundens ansvar att informera v\u00e5ra guider om eventuella h\u00e4lsoproblem.<\/li>\n<li>Vi har en 48 timmars avbokningsplan. Om en avbokning g\u00f6rs 48 timmar eller tidigare innan avf\u00e4rd \u00e5terbetalas 90%. Ingen \u00e5terbetalning g\u00f6rs om avbokningen sker med mindre \u00e4n 48 timmar till avf\u00e4rd.<\/li>\n<li>Om turen \u00e4r inst\u00e4lld av Glacier Journey av n\u00e5gon anledning, s\u00e5 som p\u00e5 grund av v\u00e4der, f\u00e5r kunden full \u00e5terbetalning.<\/li>\n<li>Glacier Journey tar inte ansvar f\u00f6r olyckor som sker p\u00e5 grund av oaktsamhet fr\u00e5n kunden eller fr\u00e5n olyckor som kan sp\u00e5ras tillbaka till kundens egna handlingar.<\/li>\n<li>Alla v\u00e5ra turer sker p\u00e5 kundens eget ansvar.<\/li>\n<li>Glacier Journey kan inte garantera att det inte \u00e4r fler personer och\/eller grupper i samma omr\u00e5de samtidigt som vi.<\/li>\n<li>Minst tv\u00e5 deltagare \u00e4r n\u00f6dv\u00e4ndigt f\u00f6r att genomf\u00f6ra varje tur.<\/li>\n<\/ul>\n[\/vc_column_text][vc_empty_space height=&#8221;20px&#8221;][\/vc_column][\/mk_page_section][vc_row][vc_column][vc_empty_space height=&#8221;44px&#8221;][mk_gallery images=&#8221;6632,7757,7759,7761,7763,7765,7767,7769,7771,6882,6881,6786&#8243; height=&#8221;300&#8243; hover_scenarios=&#8221;slow_zoom&#8221; orderby=&#8221;rand&#8221;][vc_empty_space height=&#8221;44px&#8221;][\/vc_column][\/vc_row][mk_page_section bg_color=&#8221;#1e73be&#8221; first_page=&#8221;false&#8221; last_page=&#8221;false&#8221; sidebar=&#8221;sidebar-1&#8243;][vc_column][vc_empty_space height=&#8221;44px&#8221;][vc_empty_space height=&#8221;44px&#8221;][\/vc_column][\/mk_page_section]\n<\/div>","protected":false},"excerpt":{"rendered":"<p>[mk_page_section bg_image=&#8221;http:\/\/glacierjourney.is\/wp-content\/uploads\/2015\/07\/header-glacierjourney.jpg&#8221; attachment=&#8221;fixed&#8221; bg_position=&#8221;center top&#8221; bg_repeat=&#8221;no-repeat&#8221; bg_stretch=&#8221;true&#8221; enable_3d=&#8221;true&#8221; bg_gradient=&#8221;vertical&#8221; video_color_mask=&#8221;#1e73be&#8221; gr_end=&#8221;#28b7ff&#8221; video_opacity=&#8221;0.5&#8243; min_height=&#8221;300&#8243; full_width=&#8221;true&#8221; padding_top=&#8221;0&#8243; first_page=&#8221;true&#8221; last_page=&#8221;false&#8221; sidebar=&#8221;sidebar-1&#8243;][vc_column][mk_padding_divider size=&#8221;100&#8243;][mk_fancy_title color=&#8221;#ffffff&#8221; size=&#8221;40&#8243; font_weight=&#8221;900&#8243; letter_spacing=&#8221;4&#8243; margin_bottom=&#8221;18&#8243; font_family=&#8221;none&#8221; align=&#8221;center&#8221; animation=&#8221;fade-in&#8221;]Sn\u00f6skoter p\u00e5 Kverkfj\u00f6ll[\/mk_fancy_title][mk_padding_divider][\/vc_column][\/mk_page_section][mk_page_section first_page=&#8221;false&#8221; last_page=&#8221;false&#8221; sidebar=&#8221;sidebar-1&#8243;][vc_column width=&#8221;1\/2&#8243;][vc_empty_space height=&#8221;44px&#8221;][mk_ornamental_title text_color=&#8221;#1e73be&#8221; font_family=&#8221;Rubik&#8221; font_type=&#8221;google&#8221; font_size=&#8221;24&#8243; ornament_style=&#8221;lemo-single&#8221; nss_align=&#8221;center&#8221; ornament_color=&#8221;#006794&#8243; ornament_thickness=&#8221;3&#8243;] Kverkfj\u00f6ll &#8211; ett aktivt vulkansystem. [\/mk_ornamental_title][vc_empty_space height=&#8221;44px&#8221;][vc_column_text css=&#8221;.vc_custom_1681214013005{margin-bottom: 0px !important;}&#8221;] Att k\u00f6ra en [&hellip;]<\/p>\n","protected":false},"author":3,"featured_media":0,"parent":8273,"menu_order":0,"comment_status":"closed","ping_status":"closed","template":"","meta":{"_exactmetrics_skip_tracking":false,"_exactmetrics_sitenote_active":false,"_exactmetrics_sitenote_note":"","_exactmetrics_sitenote_category":0,"footnotes":""},"class_list":["post-8152","page","type-page","status-publish","hentry"],"yoast_head":"<!-- This site is optimized with the Yoast SEO plugin v27.4 - https:\/\/yoast.com\/product\/yoast-seo-wordpress\/ -->\n<title>kverkfj\u00f6ll - Glacier Journey<\/title>\n<meta name=\"robots\" content=\"index, follow, max-snippet:-1, max-image-preview:large, max-video-preview:-1\" \/>\n<link rel=\"canonical\" href=\"https:\/\/glacierjourney.is\/sv\/varaturer\/kverkfjoll\/\" \/>\n<meta property=\"og:locale\" content=\"sv_SE\" \/>\n<meta property=\"og:type\" content=\"article\" \/>\n<meta property=\"og:title\" content=\"kverkfj\u00f6ll - Glacier Journey\" \/>\n<meta property=\"og:description\" content=\"[mk_page_section bg_image=&#8221;http:\/\/glacierjourney.is\/wp-content\/uploads\/2015\/07\/header-glacierjourney.jpg&#8221; attachment=&#8221;fixed&#8221; bg_position=&#8221;center top&#8221; bg_repeat=&#8221;no-repeat&#8221; bg_stretch=&#8221;true&#8221; enable_3d=&#8221;true&#8221; bg_gradient=&#8221;vertical&#8221; video_color_mask=&#8221;#1e73be&#8221; gr_end=&#8221;#28b7ff&#8221; video_opacity=&#8221;0.5&#8243; min_height=&#8221;300&#8243; full_width=&#8221;true&#8221; padding_top=&#8221;0&#8243; first_page=&#8221;true&#8221; last_page=&#8221;false&#8221; sidebar=&#8221;sidebar-1&#8243;][vc_column][mk_padding_divider size=&#8221;100&#8243;][mk_fancy_title color=&#8221;#ffffff&#8221; size=&#8221;40&#8243; font_weight=&#8221;900&#8243; letter_spacing=&#8221;4&#8243; margin_bottom=&#8221;18&#8243; font_family=&#8221;none&#8221; align=&#8221;center&#8221; animation=&#8221;fade-in&#8221;]Sn\u00f6skoter p\u00e5 Kverkfj\u00f6ll[\/mk_fancy_title][mk_padding_divider][\/vc_column][\/mk_page_section][mk_page_section first_page=&#8221;false&#8221; last_page=&#8221;false&#8221; sidebar=&#8221;sidebar-1&#8243;][vc_column width=&#8221;1\/2&#8243;][vc_empty_space height=&#8221;44px&#8221;][mk_ornamental_title text_color=&#8221;#1e73be&#8221; font_family=&#8221;Rubik&#8221; font_type=&#8221;google&#8221; font_size=&#8221;24&#8243; ornament_style=&#8221;lemo-single&#8221; nss_align=&#8221;center&#8221; ornament_color=&#8221;#006794&#8243; ornament_thickness=&#8221;3&#8243;] Kverkfj\u00f6ll &#8211; ett aktivt vulkansystem. [\/mk_ornamental_title][vc_empty_space height=&#8221;44px&#8221;][vc_column_text css=&#8221;.vc_custom_1681214013005{margin-bottom: 0px !important;}&#8221;] Att k\u00f6ra en [&hellip;]\" \/>\n<meta property=\"og:url\" content=\"https:\/\/glacierjourney.is\/sv\/varaturer\/kverkfjoll\/\" \/>\n<meta property=\"og:site_name\" content=\"Glacier Journey\" \/>\n<meta property=\"article:modified_time\" content=\"2024-08-14T08:52:38+00:00\" \/>\n<meta property=\"og:image\" content=\"https:\/\/glacierjourney.is\/wp-content\/uploads\/2022\/02\/logi-1.png\" \/>\n<meta name=\"twitter:card\" content=\"summary_large_image\" \/>\n<meta name=\"twitter:label1\" content=\"Ber\u00e4knad l\u00e4stid\" \/>\n\t<meta name=\"twitter:data1\" content=\"5 minuter\" \/>\n<script type=\"application\/ld+json\" class=\"yoast-schema-graph\">{\"@context\":\"https:\\\/\\\/schema.org\",\"@graph\":[{\"@type\":\"WebPage\",\"@id\":\"https:\\\/\\\/glacierjourney.is\\\/sv\\\/varaturer\\\/kverkfjoll\\\/\",\"url\":\"https:\\\/\\\/glacierjourney.is\\\/sv\\\/varaturer\\\/kverkfjoll\\\/\",\"name\":\"kverkfj\u00f6ll - Glacier Journey\",\"isPartOf\":{\"@id\":\"https:\\\/\\\/glacierjourney.is\\\/#website\"},\"primaryImageOfPage\":{\"@id\":\"https:\\\/\\\/glacierjourney.is\\\/sv\\\/varaturer\\\/kverkfjoll\\\/#primaryimage\"},\"image\":{\"@id\":\"https:\\\/\\\/glacierjourney.is\\\/sv\\\/varaturer\\\/kverkfjoll\\\/#primaryimage\"},\"thumbnailUrl\":\"https:\\\/\\\/glacierjourney.is\\\/wp-content\\\/uploads\\\/2022\\\/02\\\/logi-1.png\",\"datePublished\":\"2021-11-30T15:17:02+00:00\",\"dateModified\":\"2024-08-14T08:52:38+00:00\",\"breadcrumb\":{\"@id\":\"https:\\\/\\\/glacierjourney.is\\\/sv\\\/varaturer\\\/kverkfjoll\\\/#breadcrumb\"},\"inLanguage\":\"sv-SE\",\"potentialAction\":[{\"@type\":\"ReadAction\",\"target\":[\"https:\\\/\\\/glacierjourney.is\\\/sv\\\/varaturer\\\/kverkfjoll\\\/\"]}]},{\"@type\":\"ImageObject\",\"inLanguage\":\"sv-SE\",\"@id\":\"https:\\\/\\\/glacierjourney.is\\\/sv\\\/varaturer\\\/kverkfjoll\\\/#primaryimage\",\"url\":\"https:\\\/\\\/glacierjourney.is\\\/wp-content\\\/uploads\\\/2022\\\/02\\\/logi-1.png\",\"contentUrl\":\"https:\\\/\\\/glacierjourney.is\\\/wp-content\\\/uploads\\\/2022\\\/02\\\/logi-1.png\"},{\"@type\":\"BreadcrumbList\",\"@id\":\"https:\\\/\\\/glacierjourney.is\\\/sv\\\/varaturer\\\/kverkfjoll\\\/#breadcrumb\",\"itemListElement\":[{\"@type\":\"ListItem\",\"position\":1,\"name\":\"Home\",\"item\":\"https:\\\/\\\/glacierjourney.is\\\/sv\\\/\"},{\"@type\":\"ListItem\",\"position\":2,\"name\":\"kverkfj\u00f6ll\"}]},{\"@type\":\"WebSite\",\"@id\":\"https:\\\/\\\/glacierjourney.is\\\/#website\",\"url\":\"https:\\\/\\\/glacierjourney.is\\\/\",\"name\":\"Glacier Journey\",\"description\":\"Take a journey with us into the vastness of Vatnaj\u00f6kull\",\"potentialAction\":[{\"@type\":\"SearchAction\",\"target\":{\"@type\":\"EntryPoint\",\"urlTemplate\":\"https:\\\/\\\/glacierjourney.is\\\/?s={search_term_string}\"},\"query-input\":{\"@type\":\"PropertyValueSpecification\",\"valueRequired\":true,\"valueName\":\"search_term_string\"}}],\"inLanguage\":\"sv-SE\"}]}<\/script>\n<!-- \/ Yoast SEO plugin. -->","yoast_head_json":{"title":"kverkfj\u00f6ll - Glacier Journey","robots":{"index":"index","follow":"follow","max-snippet":"max-snippet:-1","max-image-preview":"max-image-preview:large","max-video-preview":"max-video-preview:-1"},"canonical":"https:\/\/glacierjourney.is\/sv\/varaturer\/kverkfjoll\/","og_locale":"sv_SE","og_type":"article","og_title":"kverkfj\u00f6ll - Glacier Journey","og_description":"[mk_page_section bg_image=&#8221;http:\/\/glacierjourney.is\/wp-content\/uploads\/2015\/07\/header-glacierjourney.jpg&#8221; attachment=&#8221;fixed&#8221; bg_position=&#8221;center top&#8221; bg_repeat=&#8221;no-repeat&#8221; bg_stretch=&#8221;true&#8221; enable_3d=&#8221;true&#8221; bg_gradient=&#8221;vertical&#8221; video_color_mask=&#8221;#1e73be&#8221; gr_end=&#8221;#28b7ff&#8221; video_opacity=&#8221;0.5&#8243; min_height=&#8221;300&#8243; full_width=&#8221;true&#8221; padding_top=&#8221;0&#8243; first_page=&#8221;true&#8221; last_page=&#8221;false&#8221; sidebar=&#8221;sidebar-1&#8243;][vc_column][mk_padding_divider size=&#8221;100&#8243;][mk_fancy_title color=&#8221;#ffffff&#8221; size=&#8221;40&#8243; font_weight=&#8221;900&#8243; letter_spacing=&#8221;4&#8243; margin_bottom=&#8221;18&#8243; font_family=&#8221;none&#8221; align=&#8221;center&#8221; animation=&#8221;fade-in&#8221;]Sn\u00f6skoter p\u00e5 Kverkfj\u00f6ll[\/mk_fancy_title][mk_padding_divider][\/vc_column][\/mk_page_section][mk_page_section first_page=&#8221;false&#8221; last_page=&#8221;false&#8221; sidebar=&#8221;sidebar-1&#8243;][vc_column width=&#8221;1\/2&#8243;][vc_empty_space height=&#8221;44px&#8221;][mk_ornamental_title text_color=&#8221;#1e73be&#8221; font_family=&#8221;Rubik&#8221; font_type=&#8221;google&#8221; font_size=&#8221;24&#8243; ornament_style=&#8221;lemo-single&#8221; nss_align=&#8221;center&#8221; ornament_color=&#8221;#006794&#8243; ornament_thickness=&#8221;3&#8243;] Kverkfj\u00f6ll &#8211; ett aktivt vulkansystem. [\/mk_ornamental_title][vc_empty_space height=&#8221;44px&#8221;][vc_column_text css=&#8221;.vc_custom_1681214013005{margin-bottom: 0px !important;}&#8221;] Att k\u00f6ra en [&hellip;]","og_url":"https:\/\/glacierjourney.is\/sv\/varaturer\/kverkfjoll\/","og_site_name":"Glacier Journey","article_modified_time":"2024-08-14T08:52:38+00:00","og_image":[{"url":"https:\/\/glacierjourney.is\/wp-content\/uploads\/2022\/02\/logi-1.png","type":"","width":"","height":""}],"twitter_card":"summary_large_image","twitter_misc":{"Ber\u00e4knad l\u00e4stid":"5 minuter"},"schema":{"@context":"https:\/\/schema.org","@graph":[{"@type":"WebPage","@id":"https:\/\/glacierjourney.is\/sv\/varaturer\/kverkfjoll\/","url":"https:\/\/glacierjourney.is\/sv\/varaturer\/kverkfjoll\/","name":"kverkfj\u00f6ll - Glacier Journey","isPartOf":{"@id":"https:\/\/glacierjourney.is\/#website"},"primaryImageOfPage":{"@id":"https:\/\/glacierjourney.is\/sv\/varaturer\/kverkfjoll\/#primaryimage"},"image":{"@id":"https:\/\/glacierjourney.is\/sv\/varaturer\/kverkfjoll\/#primaryimage"},"thumbnailUrl":"https:\/\/glacierjourney.is\/wp-content\/uploads\/2022\/02\/logi-1.png","datePublished":"2021-11-30T15:17:02+00:00","dateModified":"2024-08-14T08:52:38+00:00","breadcrumb":{"@id":"https:\/\/glacierjourney.is\/sv\/varaturer\/kverkfjoll\/#breadcrumb"},"inLanguage":"sv-SE","potentialAction":[{"@type":"ReadAction","target":["https:\/\/glacierjourney.is\/sv\/varaturer\/kverkfjoll\/"]}]},{"@type":"ImageObject","inLanguage":"sv-SE","@id":"https:\/\/glacierjourney.is\/sv\/varaturer\/kverkfjoll\/#primaryimage","url":"https:\/\/glacierjourney.is\/wp-content\/uploads\/2022\/02\/logi-1.png","contentUrl":"https:\/\/glacierjourney.is\/wp-content\/uploads\/2022\/02\/logi-1.png"},{"@type":"BreadcrumbList","@id":"https:\/\/glacierjourney.is\/sv\/varaturer\/kverkfjoll\/#breadcrumb","itemListElement":[{"@type":"ListItem","position":1,"name":"Home","item":"https:\/\/glacierjourney.is\/sv\/"},{"@type":"ListItem","position":2,"name":"kverkfj\u00f6ll"}]},{"@type":"WebSite","@id":"https:\/\/glacierjourney.is\/#website","url":"https:\/\/glacierjourney.is\/","name":"Glacier Journey","description":"Take a journey with us into the vastness of Vatnaj\u00f6kull","potentialAction":[{"@type":"SearchAction","target":{"@type":"EntryPoint","urlTemplate":"https:\/\/glacierjourney.is\/?s={search_term_string}"},"query-input":{"@type":"PropertyValueSpecification","valueRequired":true,"valueName":"search_term_string"}}],"inLanguage":"sv-SE"}]}},"_links":{"self":[{"href":"https:\/\/glacierjourney.is\/sv\/wp-json\/wp\/v2\/pages\/8152","targetHints":{"allow":["GET"]}}],"collection":[{"href":"https:\/\/glacierjourney.is\/sv\/wp-json\/wp\/v2\/pages"}],"about":[{"href":"https:\/\/glacierjourney.is\/sv\/wp-json\/wp\/v2\/types\/page"}],"author":[{"embeddable":true,"href":"https:\/\/glacierjourney.is\/sv\/wp-json\/wp\/v2\/users\/3"}],"replies":[{"embeddable":true,"href":"https:\/\/glacierjourney.is\/sv\/wp-json\/wp\/v2\/comments?post=8152"}],"version-history":[{"count":15,"href":"https:\/\/glacierjourney.is\/sv\/wp-json\/wp\/v2\/pages\/8152\/revisions"}],"predecessor-version":[{"id":10464,"href":"https:\/\/glacierjourney.is\/sv\/wp-json\/wp\/v2\/pages\/8152\/revisions\/10464"}],"up":[{"embeddable":true,"href":"https:\/\/glacierjourney.is\/sv\/wp-json\/wp\/v2\/pages\/8273"}],"wp:attachment":[{"href":"https:\/\/glacierjourney.is\/sv\/wp-json\/wp\/v2\/media?parent=8152"}],"curies":[{"name":"wp","href":"https:\/\/api.w.org\/{rel}","templated":true}]}}