{"id":9114,"date":"2022-05-13T09:28:35","date_gmt":"2022-05-13T09:28:35","guid":{"rendered":"https:\/\/glacierjourney.is\/?page_id=9114"},"modified":"2024-12-04T10:34:16","modified_gmt":"2024-12-04T10:34:16","slug":"ishellaferd","status":"publish","type":"page","link":"https:\/\/glacierjourney.is\/is\/ishellaferd\/","title":{"rendered":""},"content":{"rendered":"<div class=\"wpb-content-wrapper\">[mk_page_section bg_image=&#8220;http:\/\/glacierjourney.is\/wp-content\/uploads\/2015\/07\/header-glacierjourney.jpg&#8220; attachment=&#8220;fixed&#8220; bg_position=&#8220;center top&#8220; bg_repeat=&#8220;no-repeat&#8220; bg_stretch=&#8220;true&#8220; enable_3d=&#8220;true&#8220; bg_gradient=&#8220;vertical&#8220; video_color_mask=&#8220;#1e73be&#8220; gr_end=&#8220;#28b7ff&#8220; video_opacity=&#8220;0.5&#8243; min_height=&#8220;300&#8243; full_width=&#8220;true&#8220; padding_top=&#8220;0&#8243; first_page=&#8220;true&#8220; last_page=&#8220;false&#8220; sidebar=&#8220;sidebar-1&#8243;][vc_column][mk_padding_divider size=&#8220;100&#8243;][mk_fancy_title color=&#8220;#ffffff&#8220; size=&#8220;40&#8243; font_weight=&#8220;900&#8243; letter_spacing=&#8220;4&#8243; margin_bottom=&#8220;18&#8243; font_family=&#8220;none&#8220; align=&#8220;center&#8220; animation=&#8220;fade-in&#8220;]\u00cdSHELLAFER\u00d0[\/mk_fancy_title][mk_padding_divider][\/vc_column][\/mk_page_section][mk_page_section first_page=&#8220;false&#8220; last_page=&#8220;false&#8220; sidebar=&#8220;sidebar-1&#8243;][vc_column width=&#8220;1\/2&#8243;][vc_empty_space height=&#8220;44px&#8220;][mk_ornamental_title text_color=&#8220;#1e73be&#8220; font_family=&#8220;Rubik&#8220; font_type=&#8220;google&#8220; font_size=&#8220;24&#8243; ornament_style=&#8220;lemo-single&#8220; nss_align=&#8220;center&#8220; ornament_color=&#8220;#006794&#8243; ornament_thickness=&#8220;3&#8243;]\n<p style=\"text-align: center;\">Komdu me\u00f0 a\u00f0 kanna leyndard\u00f3mana undir j\u00f6kli<\/p>\n[\/mk_ornamental_title][vc_empty_space height=&#8220;44px&#8220;][vc_empty_space height=&#8220;44px&#8220;][vc_column_text css=&#8220;.vc_custom_1670321573712{margin-bottom: 0px !important;}&#8220;]<em>Gr\u00edptu t\u00e6kif\u00e6ri \u00e6vinnar til a\u00f0 kanna \u00edshella \u00ed st\u00e6rsta j\u00f6kli \u00cdslands og Evr\u00f3pu. Vatnaj\u00f6kli.<\/em><\/p>\n<p>\u00cdshellafer\u00f0in byrjar \u00e1 J\u00f6kuls\u00e1rl\u00f3ni \u00fear sem er fari\u00f0 \u00e1 breyttum b\u00edlum a\u00f0 \u00edshellinum. \u00c1 lei\u00f0inni a\u00f0 j\u00f6kli fr\u00e6\u00f0umst vi\u00f0 um j\u00f6kulinn, f\u00e1um t\u00e6kif\u00e6ri til a\u00f0 taka myndir og nj\u00f3ta \u00fats\u00fdnisins.<br \/>\nLei\u00f0s\u00f6guma\u00f0urinn \u00fatvegar\u00a0 \u00f6ryggisb\u00fana\u00f0 (hj\u00e1lma og brodda) \u00e1\u00f0ur en fer\u00f0in hefst og fj\u00f6ri\u00f0 getur hafist.<\/p>\n<p class=\"has-vivid-cyan-blue-color has-text-color\"><strong>Aldurstakmark \u00ed \u00feessa fer\u00f0 er 8 \u00e1ra<\/strong><\/p>\n<p class=\"has-vivid-cyan-blue-color has-text-color\"><strong>Lengd fer\u00f0ar er um \u00fea\u00f0 bil 2,5 klst<\/strong><\/p>\n[\/vc_column_text][vc_empty_space][vc_empty_space height=&#8220;44px&#8220;][\/vc_column][vc_column width=&#8220;1\/2&#8243;][vc_empty_space height=&#8220;50px&#8220;][mk_ornamental_title text_color=&#8220;#1e73be&#8220; font_family=&#8220;Rubik&#8220; font_type=&#8220;google&#8220; font_size=&#8220;24&#8243; ornament_style=&#8220;lemo-single&#8220; nss_align=&#8220;center&#8220; ornament_color=&#8220;#006794&#8243; ornament_thickness=&#8220;3&#8243;]\n<p style=\"text-align: left;\">Fleiri uppl\u00fdsingar<\/p>\n[\/mk_ornamental_title][vc_empty_space height=&#8220;44px&#8220;][mk_fancy_title color=&#8220;#1e73be&#8220; size=&#8220;24&#8243; margin_top=&#8220;20&#8243; margin_bottom=&#8220;0&#8243; font_family=&#8220;Rubik&#8220; font_type=&#8220;google&#8220;]<img loading=\"lazy\" decoding=\"async\" class=\"\" src=\"https:\/\/glacierjourney.is\/wp-content\/uploads\/2022\/02\/logi-1.png\" width=\"43\" height=\"21\" \/>Hven\u00e6r[\/mk_fancy_title][vc_column_text css=&#8220;.vc_custom_1671102454334{margin-bottom: 0px !important;}&#8220;]\n<p style=\"color: #1e73be;\">\u00deessi fer\u00f0 er opin fr\u00e1 n\u00f3vember til mars.<\/p>\n[\/vc_column_text][mk_fancy_title color=&#8220;#1e73be&#8220; size=&#8220;24&#8243; margin_top=&#8220;20&#8243; margin_bottom=&#8220;0&#8243; font_family=&#8220;Rubik&#8220; font_type=&#8220;google&#8220;]<img loading=\"lazy\" decoding=\"async\" class=\"\" src=\"https:\/\/glacierjourney.is\/wp-content\/uploads\/2022\/02\/logi-1.png\" width=\"43\" height=\"21\" \/>Lengd fer\u00f0ar[\/mk_fancy_title][vc_column_text css=&#8220;.vc_custom_1652433736877{margin-bottom: 0px !important;}&#8220;]\n<p style=\"color: #1e73be;\">Um \u00fea\u00f0 bil 2,5 klukkustundir.<\/p>\n[\/vc_column_text][mk_fancy_title color=&#8220;#1e73be&#8220; size=&#8220;24&#8243; margin_top=&#8220;20&#8243; margin_bottom=&#8220;0&#8243; font_family=&#8220;Rubik&#8220; font_type=&#8220;google&#8220;]<img loading=\"lazy\" decoding=\"async\" class=\"\" src=\"https:\/\/glacierjourney.is\/wp-content\/uploads\/2022\/02\/logi-1.png\" width=\"43\" height=\"21\" \/>Hva\u00f0 er innifali\u00f0?[\/mk_fancy_title][vc_column_text css=&#8220;.vc_custom_1670321563227{margin-bottom: 0px !important;}&#8220;]\n<p style=\"color: #1e73be;\">Lei\u00f0s\u00f6gn<br \/>\nAkstur fr\u00e1 og til J\u00f6kuls\u00e1rl\u00f3ns<br \/>\nMannbroddar og hj\u00e1lmur.<\/p>\n[\/vc_column_text][mk_fancy_title color=&#8220;#1e73be&#8220; size=&#8220;24&#8243; margin_top=&#8220;20&#8243; margin_bottom=&#8220;0&#8243; font_family=&#8220;Rubik&#8220; font_type=&#8220;google&#8220;]<img loading=\"lazy\" decoding=\"async\" class=\"\" src=\"https:\/\/glacierjourney.is\/wp-content\/uploads\/2022\/02\/logi-1.png\" width=\"43\" height=\"21\" \/>Upphafssta\u00f0ur[\/mk_fancy_title][vc_column_text css=&#8220;.vc_custom_1668802731988{margin-bottom: 0px !important;}&#8220;]\n<p style=\"color: #1e73be;\">Vi\u00f0 hittumst \u00e1 J\u00f6kuls\u00e1rl\u00f3ni &#8211; Glacier Lagoon, 15 m\u00edn\u00fatum fyrir brottf\u00f6r.<br \/>\nGPS hnit; 64.048096,-16.17877<\/p>\n[\/vc_column_text][vc_empty_space height=&#8220;44px&#8220;][mk_ornamental_title text_color=&#8220;#1e73be&#8220; font_family=&#8220;Permanent+Marker&#8220; font_type=&#8220;google&#8220; font_size=&#8220;30&#8243; ornament_style=&#8220;norman-single&#8220; ornament_color=&#8220;#006794&#8243; ornament_thickness=&#8220;3&#8243;]Plan B[\/mk_ornamental_title][vc_column_text css=&#8220;.vc_custom_1704214163682{margin-bottom: 0px !important;}&#8220;]<em>\u00dea\u00f0 \u00fearf stundum a\u00f0 afl\u00fdsa \u00edshellafer\u00f0um, a\u00f0allega vegna sl\u00e6mrar ve\u00f0ursp\u00e1r e\u00f0a a\u00f0st\u00e6\u00f0na \u00e1 j\u00f6kli e\u00f0a \u00ed \u00edshelli. \u00deetta er gert til a\u00f0 tryggja \u00f6ryggi gesta og lei\u00f0s\u00f6gumanna. Plan B er \u00fe\u00e1 til sta\u00f0ar og vi\u00f0 gerum eithva\u00f0 skemmtileg<\/em><em> til a\u00f0 skapa g\u00f3\u00f0ar minningar, vi\u00f0 bj\u00f3\u00f0um upp\u00e1 Jeppafer\u00f0ina okkar <a href=\"https:\/\/glacierjourney.is\/is\/ferdir\/jeppaferd-svartar-strendur\/\">Svartar strendur<\/a>. <\/em><em>\u00dear sem vi\u00f0 munum sj\u00e1 r\u00fastir fyrsta flugvallar sv\u00e6\u00f0isins og Hvanneyjarvita. <\/em><em>\u00de\u00fa f\u00e6r\u00f0 a\u00f0 sj\u00e1 eina erfi\u00f0ustu innsiglingu \u00cdslands. \u00dear eru forvitnir selir sem fylgjast grannt me\u00f0 okkur \u00e1 me\u00f0an vi\u00f0 nj\u00f3tum \u00fats\u00fdnisins og fjallahringsins. <\/em><em>A\u00f0 lokum keyrum vi\u00f0 svo upp a\u00f0 m\u00f6gnu\u00f0u j\u00f6kull\u00f3ni vi\u00f0 Heinabergsj\u00f6kul e\u00f0a Fl\u00e1aj\u00f6kul. \u00dear eru oft st\u00f3rar hreind\u00fdrahjar\u00f0ir sem vi\u00f0 g\u00e6tum s\u00e9\u00f0 \u00e1 lei\u00f0 okkar upp a\u00f0 l\u00f3ninu.<\/em>[\/vc_column_text][\/vc_column][\/mk_page_section][vc_row][vc_column][vc_empty_space][mk_ornamental_title text_color=&#8220;#1e73be&#8220; font_family=&#8220;Rubik&#8220; font_type=&#8220;google&#8220; font_size=&#8220;24&#8243; ornament_style=&#8220;norman-double&#8220; ornament_color=&#8220;#006794&#8243; ornament_thickness=&#8220;3&#8243;]\n<p style=\"text-align: center;\">B\u00d3KA FER\u00d0<\/p>\n[\/mk_ornamental_title][vc_raw_html]JTNDZGl2JTIwaWQlM0QlMjJib2t1bi13MzQxNV8wNDZhY2RiOF8xYTY3XzQyYjVfOGQ1M182YWM5ZDZmYWExY2UlMjIlM0VMb2FkaW5nLi4uJTNDJTJGZGl2JTNFJTNDc2NyaXB0JTIwdHlwZSUzRCUyMnRleHQlMkZqYXZhc2NyaXB0JTIyJTNFJTBBdmFyJTIwdzM0MTVfMDQ2YWNkYjhfMWE2N180MmI1XzhkNTNfNmFjOWQ2ZmFhMWNlJTNCJTBBJTI4ZnVuY3Rpb24lMjhkJTJDJTIwdCUyOSUyMCU3QiUwQSUyMCUyMHZhciUyMGhvc3QlMjAlM0QlMjAlMjd3aWRnZXRzLmJva3VuLmlvJTI3JTNCJTBBJTIwJTIwdmFyJTIwZnJhbWVVcmwlMjAlM0QlMjAlMjdodHRwcyUzQSUyRiUyRiUyNyUyMCUyQiUyMGhvc3QlMjAlMkIlMjAlMjclMkZ3aWRnZXRzJTJGMzQxNSUzRmJvb2tpbmdDaGFubmVsVVVJRCUzRDU4NDlmMDE3LWNhYzYtNDA0MC04MjY5LTBiYjkzYmJmZjY0YyUyNmFtcCUzQmFjdGl2aXR5SWQlM0QxMTM1NiUyNmFtcCUzQnRyYWNraW5nQ29kZSUzRG51bGwlMjZhbXAlM0JsYW5nJTNERU4lMjZhbXAlM0JjY3klM0RJU0slMjZhbXAlM0JoYXNoJTNEdzM0MTVfMDQ2YWNkYjhfMWE2N180MmI1XzhkNTNfNmFjOWQ2ZmFhMWNlJTI3JTNCJTBBJTIwJTIwdmFyJTIwcyUyMCUzRCUyMGQuY3JlYXRlRWxlbWVudCUyOHQlMjklMkMlMjBvcHRpb25zJTIwJTNEJTIwJTdCJTI3aG9zdCUyNyUzQSUyMGhvc3QlMkMlMjAlMjdmcmFtZVVybCUyNyUzQSUyMGZyYW1lVXJsJTJDJTIwJTI3d2lkZ2V0SGFzaCUyNyUzQSUyN3czNDE1XzA0NmFjZGI4XzFhNjdfNDJiNV84ZDUzXzZhYzlkNmZhYTFjZSUyNyUyQyUyMCUyN2F1dG9SZXNpemUlMjclM0F0cnVlJTJDJTI3aGVpZ2h0JTI3JTNBJTI3JTI3JTJDJTI3d2lkdGglMjclM0ElMjcxMDAlMjUlMjclMkMlMjAlMjdtaW5IZWlnaHQlMjclM0ElMjAwJTJDJTI3YXN5bmMlMjclM0F0cnVlJTJDJTIwJTI3c3NsJTI3JTNBdHJ1ZSUyQyUyMCUyN2FmZmlsaWF0ZVRyYWNraW5nQ29kZSUyNyUzQSUyMCUyNyUyNyUyQyUyMCUyN3RyYW5zaWVudFNlc3Npb24lMjclM0ElMjB0cnVlJTJDJTIwJTI3Y29va2llTGlmZXRpbWUlMjclM0ElMjA0MzIwMCUyMCU3RCUzQiUwQSUyMCUyMHMuc3JjJTIwJTNEJTIwJTI3aHR0cHMlM0ElMkYlMkYlMjclMjAlMkIlMjBob3N0JTIwJTJCJTIwJTI3JTJGYXNzZXRzJTJGamF2YXNjcmlwdHMlMkZ3aWRnZXRzJTJGZW1iZWRkZXIuanMlMjclM0IlMEElMjAlMjBzLm9ubG9hZCUyMCUzRCUyMHMub25yZWFkeXN0YXRlY2hhbmdlJTIwJTNEJTIwZnVuY3Rpb24lMjglMjklMjAlN0IlMEElMjAlMjAlMjAlMjB2YXIlMjBycyUyMCUzRCUyMHRoaXMucmVhZHlTdGF0ZSUzQiUyMGlmJTIwJTI4cnMlMjklMjBpZiUyMCUyOHJzJTIwJTIxJTNEJTIwJTI3Y29tcGxldGUlMjclMjklMjBpZiUyMCUyOHJzJTIwJTIxJTNEJTIwJTI3bG9hZGVkJTI3JTI5JTIwcmV0dXJuJTNCJTBBJTIwJTIwJTIwJTIwdHJ5JTIwJTdCJTBBJTIwJTIwJTIwJTIwJTIwJTIwdzM0MTVfMDQ2YWNkYjhfMWE2N180MmI1XzhkNTNfNmFjOWQ2ZmFhMWNlJTIwJTNEJTIwbmV3JTIwQm9rdW5XaWRnZXRFbWJlZGRlciUyOCUyOSUzQiUyMHczNDE1XzA0NmFjZGI4XzFhNjdfNDJiNV84ZDUzXzZhYzlkNmZhYTFjZS5pbml0aWFsaXplJTI4b3B0aW9ucyUyOSUzQiUyMHczNDE1XzA0NmFjZGI4XzFhNjdfNDJiNV84ZDUzXzZhYzlkNmZhYTFjZS5kaXNwbGF5JTI4JTI5JTNCJTBBJTIwJTIwJTIwJTIwJTdEJTIwY2F0Y2glMjAlMjhlJTI5JTIwJTdCJTdEJTBBJTIwJTIwJTdEJTNCJTBBJTIwJTIwdmFyJTIwc2NyJTIwJTNEJTIwZC5nZXRFbGVtZW50c0J5VGFnTmFtZSUyOHQlMjklNUIwJTVEJTJDJTIwcGFyJTIwJTNEJTIwc2NyLnBhcmVudE5vZGUlM0IlMjBwYXIuaW5zZXJ0QmVmb3JlJTI4cyUyQyUyMHNjciUyOSUzQiUwQSU3RCUyOSUyOGRvY3VtZW50JTJDJTIwJTI3c2NyaXB0JTI3JTI5JTNCJTBBJTNDJTJGc2NyaXB0JTNF[\/vc_raw_html][vc_column_text css=&#8220;.vc_custom_1733308453391{margin-bottom: 0px !important;}&#8220;]\n<p style=\"text-align: center;\"><strong><span style=\"color: #1e73be;\"><span class=\"s1\"><em>N\u00fana \u00ed bo\u00f0i me\u00f0 10% afsl\u00e6tti.<\/em><em><br \/>\n<\/em><em>Afsl\u00e1ttark\u00f3\u00f0inn er \u201cCAVES25\u201d\u00a0<\/em><\/span><\/span><\/strong><\/p>\n[\/vc_column_text][\/vc_column][\/vc_row][mk_page_section sidebar=&#8220;sidebar-1&#8243;][vc_column][vc_empty_space][mk_ornamental_title text_color=&#8220;#1e73be&#8220; font_family=&#8220;Permanent+Marker&#8220; font_type=&#8220;google&#8220; font_size=&#8220;30&#8243; ornament_style=&#8220;norman-single&#8220; ornament_color=&#8220;#006794&#8243; ornament_thickness=&#8220;3&#8243;]VETRAR STA\u00d0SETNING | BASE CAMP[\/mk_ornamental_title][mk_fancy_title size=&#8220;20&#8243; font_family=&#8220;Rubik&#8220; font_type=&#8220;google&#8220; align=&#8220;center&#8220;]J\u00f6kuls\u00e1rl\u00f3n | Gps: 64.048096, -16.178778[\/mk_fancy_title][mk_advanced_gmaps custom_markers=&#8220;true&#8220; latitude=&#8220;64.048096&#8243; longitude=&#8220;-16.178778&#8243; address=&#8220;J\u00f6kuls\u00e1rl\u00f3n-Glacier Lagoon&#8220; custom_marker_1=&#8220;http:\/\/glacierjourney.is\/wp-content\/uploads\/2018\/07\/logo-map.png&#8220; content_bg_color=&#8220;#ffffff&#8220; content_font_color=&#8220;#ffffff&#8220; height=&#8220;450&#8243; map_zoom=&#8220;10&#8243; modify_coloring=&#8220;true&#8220; hue=&#8220;#25beed&#8220;][vc_empty_space][\/vc_column][\/mk_page_section][mk_page_section bg_color=&#8220;#f9f9f9&#8243; sidebar=&#8220;sidebar-1&#8243;][vc_column][vc_empty_space height=&#8220;20px&#8220;][mk_ornamental_title text_color=&#8220;#1e73be&#8220; font_family=&#8220;Permanent+Marker&#8220; font_type=&#8220;google&#8220; font_size=&#8220;30&#8243; ornament_style=&#8220;norman-single&#8220; ornament_color=&#8220;#006794&#8243; ornament_thickness=&#8220;3&#8243;]SKILM\u00c1LAR[\/mk_ornamental_title][vc_empty_space height=&#8220;20px&#8220;][vc_column_text css=&#8220;.vc_custom_1671102495200{margin-bottom: 0px !important;}&#8220;]\n<ul>\n<li>G\u00f3\u00f0ur \u00fativistarfatna\u00f0ur og g\u00f6ngusk\u00f3r er nau\u00f0synlegur.<\/li>\n<li>Nokku\u00f0 g\u00f3\u00f0s l\u00edkamlegs \u00feols krafist fyrir flestar okkar fer\u00f0ir.<\/li>\n<li>\u00dea\u00f0 er \u00e1 \u00e1byrg\u00f0 vi\u00f0skiptavinar a\u00f0 l\u00e1ta lei\u00f0s\u00f6gumann okkar vita ef vi\u00f0komandi gl\u00edmir vi\u00f0 einhvern heilsubrest.<\/li>\n<li>\u00dea\u00f0 er 48 klst. afb\u00f3kunarregla; vi\u00f0skiptavinir f\u00e1 90% endurgrei\u00f0slu ef \u00feeir h\u00e6tta vi\u00f0 fer\u00f0 48+ klst fyrir brottf\u00f6r. Ef h\u00e6tt er vi\u00f0 me\u00f0 minna en 48klst fyrirvara \u00fe\u00e1 er engin endurgrei\u00f0sla \u00ed bo\u00f0i.<\/li>\n<li>Ef a\u00f0 fer\u00f0inni er afl\u00fdst af Glacier Journey af einhverri \u00e1st\u00e6\u00f0u, t.d. vegna ve\u00f0urs \u00fe\u00e1 f\u00e1 vi\u00f0skiptavinir fulla endurgrei\u00f0slu.<\/li>\n<li>Glacier Journey tekur ekki \u00e1byrg\u00f0 \u00e1 slysum\/eignaspj\u00f6llum sem vi\u00f0skiptavinir valda e\u00f0a er h\u00e6gt a\u00f0 rekja til \u00f3\u00e1byrgrar heg\u00f0unar.<\/li>\n<li>Vi\u00f0skiptavinir eru \u00e1 eigin \u00e1byrg\u00f0 \u00ed \u00f6llum fer\u00f0um Glacier Journey.<\/li>\n<li>Glacier Journey getur ekki \u00e1byrgst \u00fea\u00f0 a\u00f0 \u00fea\u00f0 s\u00e9 ekki anna\u00f0 f\u00f3lk \u00e1 sama t\u00edma og sama sv\u00e6\u00f0i fr\u00e1 \u00f6\u00f0rum fer\u00f0a\u00fej\u00f3nustufyrirt\u00e6kjum.<\/li>\n<li>L\u00e1gmarksfj\u00f6ldi \u00ed fer\u00f0 eru 2 fullor\u00f0nar manneskjur.<\/li>\n<\/ul>\n[\/vc_column_text][vc_empty_space height=&#8220;20px&#8220;][\/vc_column][\/mk_page_section][vc_row][vc_column][vc_empty_space height=&#8220;44px&#8220;][mk_gallery images=&#8220;9510,7901,9465,9444,9495,9447,9507,9492,6869,9453,6867,6868,9504,6870,6871,6872,6873,6874,6875,6876,6877,9480,6878,6953,6954,6955,6956,6957,6958,6959,6960,9468&#8243; height=&#8220;300&#8243; hover_scenarios=&#8220;slow_zoom&#8220; orderby=&#8220;rand&#8220;][vc_empty_space height=&#8220;44px&#8220;][\/vc_column][\/vc_row][mk_page_section bg_color=&#8220;#1e73be&#8220; first_page=&#8220;false&#8220; last_page=&#8220;false&#8220; sidebar=&#8220;sidebar-1&#8243;][vc_column][vc_empty_space height=&#8220;44px&#8220;][vc_empty_space height=&#8220;44px&#8220;][\/vc_column][\/mk_page_section]\n<\/div>","protected":false},"excerpt":{"rendered":"<p>[mk_page_section bg_image=&#8220;http:\/\/glacierjourney.is\/wp-content\/uploads\/2015\/07\/header-glacierjourney.jpg&#8220; attachment=&#8220;fixed&#8220; bg_position=&#8220;center top&#8220; bg_repeat=&#8220;no-repeat&#8220; bg_stretch=&#8220;true&#8220; enable_3d=&#8220;true&#8220; bg_gradient=&#8220;vertical&#8220; video_color_mask=&#8220;#1e73be&#8220; gr_end=&#8220;#28b7ff&#8220; video_opacity=&#8220;0.5&#8243; min_height=&#8220;300&#8243; full_width=&#8220;true&#8220; padding_top=&#8220;0&#8243; first_page=&#8220;true&#8220; last_page=&#8220;false&#8220; sidebar=&#8220;sidebar-1&#8243;][vc_column][mk_padding_divider size=&#8220;100&#8243;][mk_fancy_title color=&#8220;#ffffff&#8220; size=&#8220;40&#8243; font_weight=&#8220;900&#8243; letter_spacing=&#8220;4&#8243; margin_bottom=&#8220;18&#8243; font_family=&#8220;none&#8220; align=&#8220;center&#8220; animation=&#8220;fade-in&#8220;]\u00cdSHELLAFER\u00d0[\/mk_fancy_title][mk_padding_divider][\/vc_column][\/mk_page_section][mk_page_section first_page=&#8220;false&#8220; last_page=&#8220;false&#8220; sidebar=&#8220;sidebar-1&#8243;][vc_column width=&#8220;1\/2&#8243;][vc_empty_space height=&#8220;44px&#8220;][mk_ornamental_title text_color=&#8220;#1e73be&#8220; font_family=&#8220;Rubik&#8220; font_type=&#8220;google&#8220; font_size=&#8220;24&#8243; ornament_style=&#8220;lemo-single&#8220; nss_align=&#8220;center&#8220; ornament_color=&#8220;#006794&#8243; ornament_thickness=&#8220;3&#8243;] Komdu me\u00f0 a\u00f0 kanna leyndard\u00f3mana undir j\u00f6kli [\/mk_ornamental_title][vc_empty_space height=&#8220;44px&#8220;][vc_empty_space height=&#8220;44px&#8220;][vc_column_text css=&#8220;.vc_custom_1670321573712{margin-bottom: 0px !important;}&#8220;]Gr\u00edptu t\u00e6kif\u00e6ri \u00e6vinnar [&hellip;]<\/p>\n","protected":false},"author":3,"featured_media":0,"parent":0,"menu_order":0,"comment_status":"closed","ping_status":"closed","template":"","meta":{"_exactmetrics_skip_tracking":false,"_exactmetrics_sitenote_active":false,"_exactmetrics_sitenote_note":"","_exactmetrics_sitenote_category":0,"footnotes":""},"class_list":["post-9114","page","type-page","status-publish","hentry"],"yoast_head":"<!-- This site is optimized with the Yoast SEO plugin v27.4 - https:\/\/yoast.com\/product\/yoast-seo-wordpress\/ -->\n<title>- Glacier Journey<\/title>\n<meta name=\"robots\" content=\"index, follow, max-snippet:-1, max-image-preview:large, max-video-preview:-1\" \/>\n<link rel=\"canonical\" href=\"https:\/\/glacierjourney.is\/is\/ishellaferd\/\" \/>\n<meta property=\"og:locale\" content=\"is_IS\" \/>\n<meta property=\"og:type\" content=\"article\" \/>\n<meta property=\"og:title\" content=\"- Glacier Journey\" \/>\n<meta property=\"og:description\" content=\"[mk_page_section bg_image=&#8220;http:\/\/glacierjourney.is\/wp-content\/uploads\/2015\/07\/header-glacierjourney.jpg&#8220; attachment=&#8220;fixed&#8220; bg_position=&#8220;center top&#8220; bg_repeat=&#8220;no-repeat&#8220; bg_stretch=&#8220;true&#8220; enable_3d=&#8220;true&#8220; bg_gradient=&#8220;vertical&#8220; video_color_mask=&#8220;#1e73be&#8220; gr_end=&#8220;#28b7ff&#8220; video_opacity=&#8220;0.5&#8243; min_height=&#8220;300&#8243; full_width=&#8220;true&#8220; padding_top=&#8220;0&#8243; first_page=&#8220;true&#8220; last_page=&#8220;false&#8220; sidebar=&#8220;sidebar-1&#8243;][vc_column][mk_padding_divider size=&#8220;100&#8243;][mk_fancy_title color=&#8220;#ffffff&#8220; size=&#8220;40&#8243; font_weight=&#8220;900&#8243; letter_spacing=&#8220;4&#8243; margin_bottom=&#8220;18&#8243; font_family=&#8220;none&#8220; align=&#8220;center&#8220; animation=&#8220;fade-in&#8220;]\u00cdSHELLAFER\u00d0[\/mk_fancy_title][mk_padding_divider][\/vc_column][\/mk_page_section][mk_page_section first_page=&#8220;false&#8220; last_page=&#8220;false&#8220; sidebar=&#8220;sidebar-1&#8243;][vc_column width=&#8220;1\/2&#8243;][vc_empty_space height=&#8220;44px&#8220;][mk_ornamental_title text_color=&#8220;#1e73be&#8220; font_family=&#8220;Rubik&#8220; font_type=&#8220;google&#8220; font_size=&#8220;24&#8243; ornament_style=&#8220;lemo-single&#8220; nss_align=&#8220;center&#8220; ornament_color=&#8220;#006794&#8243; ornament_thickness=&#8220;3&#8243;] Komdu me\u00f0 a\u00f0 kanna leyndard\u00f3mana undir j\u00f6kli [\/mk_ornamental_title][vc_empty_space height=&#8220;44px&#8220;][vc_empty_space height=&#8220;44px&#8220;][vc_column_text css=&#8220;.vc_custom_1670321573712{margin-bottom: 0px !important;}&#8220;]Gr\u00edptu t\u00e6kif\u00e6ri \u00e6vinnar [&hellip;]\" \/>\n<meta property=\"og:url\" content=\"https:\/\/glacierjourney.is\/is\/ishellaferd\/\" \/>\n<meta property=\"og:site_name\" content=\"Glacier Journey\" \/>\n<meta property=\"article:modified_time\" content=\"2024-12-04T10:34:16+00:00\" \/>\n<meta property=\"og:image\" content=\"https:\/\/glacierjourney.is\/wp-content\/uploads\/2022\/02\/logi-1.png\" \/>\n<meta name=\"twitter:card\" content=\"summary_large_image\" \/>\n<meta name=\"twitter:label1\" content=\"Est. reading time\" \/>\n\t<meta name=\"twitter:data1\" content=\"4 minutes\" \/>\n<script type=\"application\/ld+json\" class=\"yoast-schema-graph\">{\"@context\":\"https:\\\/\\\/schema.org\",\"@graph\":[{\"@type\":\"WebPage\",\"@id\":\"https:\\\/\\\/glacierjourney.is\\\/is\\\/ishellaferd\\\/\",\"url\":\"https:\\\/\\\/glacierjourney.is\\\/is\\\/ishellaferd\\\/\",\"name\":\"- Glacier Journey\",\"isPartOf\":{\"@id\":\"https:\\\/\\\/glacierjourney.is\\\/#website\"},\"primaryImageOfPage\":{\"@id\":\"https:\\\/\\\/glacierjourney.is\\\/is\\\/ishellaferd\\\/#primaryimage\"},\"image\":{\"@id\":\"https:\\\/\\\/glacierjourney.is\\\/is\\\/ishellaferd\\\/#primaryimage\"},\"thumbnailUrl\":\"https:\\\/\\\/glacierjourney.is\\\/wp-content\\\/uploads\\\/2022\\\/02\\\/logi-1.png\",\"datePublished\":\"2022-05-13T09:28:35+00:00\",\"dateModified\":\"2024-12-04T10:34:16+00:00\",\"inLanguage\":\"is\",\"potentialAction\":[{\"@type\":\"ReadAction\",\"target\":[\"https:\\\/\\\/glacierjourney.is\\\/is\\\/ishellaferd\\\/\"]}]},{\"@type\":\"ImageObject\",\"inLanguage\":\"is\",\"@id\":\"https:\\\/\\\/glacierjourney.is\\\/is\\\/ishellaferd\\\/#primaryimage\",\"url\":\"https:\\\/\\\/glacierjourney.is\\\/wp-content\\\/uploads\\\/2022\\\/02\\\/logi-1.png\",\"contentUrl\":\"https:\\\/\\\/glacierjourney.is\\\/wp-content\\\/uploads\\\/2022\\\/02\\\/logi-1.png\"},{\"@type\":\"WebSite\",\"@id\":\"https:\\\/\\\/glacierjourney.is\\\/#website\",\"url\":\"https:\\\/\\\/glacierjourney.is\\\/\",\"name\":\"Glacier Journey\",\"description\":\"Take a journey with us into the vastness of Vatnaj\u00f6kull\",\"potentialAction\":[{\"@type\":\"SearchAction\",\"target\":{\"@type\":\"EntryPoint\",\"urlTemplate\":\"https:\\\/\\\/glacierjourney.is\\\/?s={search_term_string}\"},\"query-input\":{\"@type\":\"PropertyValueSpecification\",\"valueRequired\":true,\"valueName\":\"search_term_string\"}}],\"inLanguage\":\"is\"}]}<\/script>\n<!-- \/ Yoast SEO plugin. -->","yoast_head_json":{"title":"- Glacier Journey","robots":{"index":"index","follow":"follow","max-snippet":"max-snippet:-1","max-image-preview":"max-image-preview:large","max-video-preview":"max-video-preview:-1"},"canonical":"https:\/\/glacierjourney.is\/is\/ishellaferd\/","og_locale":"is_IS","og_type":"article","og_title":"- Glacier Journey","og_description":"[mk_page_section bg_image=&#8220;http:\/\/glacierjourney.is\/wp-content\/uploads\/2015\/07\/header-glacierjourney.jpg&#8220; attachment=&#8220;fixed&#8220; bg_position=&#8220;center top&#8220; bg_repeat=&#8220;no-repeat&#8220; bg_stretch=&#8220;true&#8220; enable_3d=&#8220;true&#8220; bg_gradient=&#8220;vertical&#8220; video_color_mask=&#8220;#1e73be&#8220; gr_end=&#8220;#28b7ff&#8220; video_opacity=&#8220;0.5&#8243; min_height=&#8220;300&#8243; full_width=&#8220;true&#8220; padding_top=&#8220;0&#8243; first_page=&#8220;true&#8220; last_page=&#8220;false&#8220; sidebar=&#8220;sidebar-1&#8243;][vc_column][mk_padding_divider size=&#8220;100&#8243;][mk_fancy_title color=&#8220;#ffffff&#8220; size=&#8220;40&#8243; font_weight=&#8220;900&#8243; letter_spacing=&#8220;4&#8243; margin_bottom=&#8220;18&#8243; font_family=&#8220;none&#8220; align=&#8220;center&#8220; animation=&#8220;fade-in&#8220;]\u00cdSHELLAFER\u00d0[\/mk_fancy_title][mk_padding_divider][\/vc_column][\/mk_page_section][mk_page_section first_page=&#8220;false&#8220; last_page=&#8220;false&#8220; sidebar=&#8220;sidebar-1&#8243;][vc_column width=&#8220;1\/2&#8243;][vc_empty_space height=&#8220;44px&#8220;][mk_ornamental_title text_color=&#8220;#1e73be&#8220; font_family=&#8220;Rubik&#8220; font_type=&#8220;google&#8220; font_size=&#8220;24&#8243; ornament_style=&#8220;lemo-single&#8220; nss_align=&#8220;center&#8220; ornament_color=&#8220;#006794&#8243; ornament_thickness=&#8220;3&#8243;] Komdu me\u00f0 a\u00f0 kanna leyndard\u00f3mana undir j\u00f6kli [\/mk_ornamental_title][vc_empty_space height=&#8220;44px&#8220;][vc_empty_space height=&#8220;44px&#8220;][vc_column_text css=&#8220;.vc_custom_1670321573712{margin-bottom: 0px !important;}&#8220;]Gr\u00edptu t\u00e6kif\u00e6ri \u00e6vinnar [&hellip;]","og_url":"https:\/\/glacierjourney.is\/is\/ishellaferd\/","og_site_name":"Glacier Journey","article_modified_time":"2024-12-04T10:34:16+00:00","og_image":[{"url":"https:\/\/glacierjourney.is\/wp-content\/uploads\/2022\/02\/logi-1.png","type":"","width":"","height":""}],"twitter_card":"summary_large_image","twitter_misc":{"Est. reading time":"4 minutes"},"schema":{"@context":"https:\/\/schema.org","@graph":[{"@type":"WebPage","@id":"https:\/\/glacierjourney.is\/is\/ishellaferd\/","url":"https:\/\/glacierjourney.is\/is\/ishellaferd\/","name":"- Glacier Journey","isPartOf":{"@id":"https:\/\/glacierjourney.is\/#website"},"primaryImageOfPage":{"@id":"https:\/\/glacierjourney.is\/is\/ishellaferd\/#primaryimage"},"image":{"@id":"https:\/\/glacierjourney.is\/is\/ishellaferd\/#primaryimage"},"thumbnailUrl":"https:\/\/glacierjourney.is\/wp-content\/uploads\/2022\/02\/logi-1.png","datePublished":"2022-05-13T09:28:35+00:00","dateModified":"2024-12-04T10:34:16+00:00","inLanguage":"is","potentialAction":[{"@type":"ReadAction","target":["https:\/\/glacierjourney.is\/is\/ishellaferd\/"]}]},{"@type":"ImageObject","inLanguage":"is","@id":"https:\/\/glacierjourney.is\/is\/ishellaferd\/#primaryimage","url":"https:\/\/glacierjourney.is\/wp-content\/uploads\/2022\/02\/logi-1.png","contentUrl":"https:\/\/glacierjourney.is\/wp-content\/uploads\/2022\/02\/logi-1.png"},{"@type":"WebSite","@id":"https:\/\/glacierjourney.is\/#website","url":"https:\/\/glacierjourney.is\/","name":"Glacier Journey","description":"Take a journey with us into the vastness of Vatnaj\u00f6kull","potentialAction":[{"@type":"SearchAction","target":{"@type":"EntryPoint","urlTemplate":"https:\/\/glacierjourney.is\/?s={search_term_string}"},"query-input":{"@type":"PropertyValueSpecification","valueRequired":true,"valueName":"search_term_string"}}],"inLanguage":"is"}]}},"_links":{"self":[{"href":"https:\/\/glacierjourney.is\/is\/wp-json\/wp\/v2\/pages\/9114","targetHints":{"allow":["GET"]}}],"collection":[{"href":"https:\/\/glacierjourney.is\/is\/wp-json\/wp\/v2\/pages"}],"about":[{"href":"https:\/\/glacierjourney.is\/is\/wp-json\/wp\/v2\/types\/page"}],"author":[{"embeddable":true,"href":"https:\/\/glacierjourney.is\/is\/wp-json\/wp\/v2\/users\/3"}],"replies":[{"embeddable":true,"href":"https:\/\/glacierjourney.is\/is\/wp-json\/wp\/v2\/comments?post=9114"}],"version-history":[{"count":20,"href":"https:\/\/glacierjourney.is\/is\/wp-json\/wp\/v2\/pages\/9114\/revisions"}],"predecessor-version":[{"id":10474,"href":"https:\/\/glacierjourney.is\/is\/wp-json\/wp\/v2\/pages\/9114\/revisions\/10474"}],"wp:attachment":[{"href":"https:\/\/glacierjourney.is\/is\/wp-json\/wp\/v2\/media?parent=9114"}],"curies":[{"name":"wp","href":"https:\/\/api.w.org\/{rel}","templated":true}]}}