{"id":9089,"date":"2022-05-11T10:29:59","date_gmt":"2022-05-11T10:29:59","guid":{"rendered":"https:\/\/glacierjourney.is\/?page_id=9089"},"modified":"2022-12-15T11:27:06","modified_gmt":"2022-12-15T11:27:06","slug":"luxusjeppaferd","status":"publish","type":"page","link":"https:\/\/glacierjourney.is\/is\/ferdir\/luxusjeppaferd\/","title":{"rendered":""},"content":{"rendered":"<div class=\"wpb-content-wrapper\">[mk_page_section bg_image=&#8220;http:\/\/glacierjourney.is\/wp-content\/uploads\/2015\/07\/header-glacierjourney.jpg&#8220; attachment=&#8220;fixed&#8220; bg_position=&#8220;center top&#8220; bg_repeat=&#8220;no-repeat&#8220; bg_stretch=&#8220;true&#8220; enable_3d=&#8220;true&#8220; bg_gradient=&#8220;vertical&#8220; video_color_mask=&#8220;#1e73be&#8220; gr_end=&#8220;#28b7ff&#8220; video_opacity=&#8220;0.5&#8243; min_height=&#8220;300&#8243; full_width=&#8220;true&#8220; padding_top=&#8220;0&#8243; first_page=&#8220;true&#8220; last_page=&#8220;false&#8220; sidebar=&#8220;sidebar-1&#8243;][vc_column][mk_padding_divider size=&#8220;100&#8243;][mk_fancy_title color=&#8220;#ffffff&#8220; size=&#8220;40&#8243; font_weight=&#8220;900&#8243; letter_spacing=&#8220;4&#8243; margin_bottom=&#8220;18&#8243; font_family=&#8220;none&#8220; align=&#8220;center&#8220; animation=&#8220;fade-in&#8220;]L\u00daXUS EINKAFER\u00d0 \u00c1 BREYTTUM JEPPA[\/mk_fancy_title][mk_padding_divider][\/vc_column][\/mk_page_section][mk_page_section first_page=&#8220;false&#8220; last_page=&#8220;false&#8220; sidebar=&#8220;sidebar-1&#8243;][vc_column width=&#8220;1\/2&#8243;][vc_empty_space height=&#8220;44px&#8220;][mk_ornamental_title text_color=&#8220;#1e73be&#8220; font_family=&#8220;Rubik&#8220; font_type=&#8220;google&#8220; font_size=&#8220;24&#8243; ornament_style=&#8220;lemo-single&#8220; nss_align=&#8220;center&#8220; ornament_color=&#8220;#006794&#8243; ornament_thickness=&#8220;3&#8243;]B\u00fa\u00f0u til \u00feitt eigi\u00f0 \u00e6vint\u00fdri[\/mk_ornamental_title][vc_empty_space height=&#8220;44px&#8220;][vc_empty_space height=&#8220;44px&#8220;][vc_column_text css=&#8220;.vc_custom_1652264347158{margin-bottom: 0px !important;}&#8220;]<em>B\u00fa\u00f0u til \u00feitt eigi\u00f0 \u00e6vint\u00fdri \u00ed samr\u00e1\u00f0i vi\u00f0 lei\u00f0s\u00f6gumennina okkar. Vi\u00f0 finnum bestu sta\u00f0ina eftir ykkar \u00f3skum og hugmyndum.<\/em><\/p>\n<p>Fer\u00f0in ver\u00f0ur s\u00e9rsni\u00f0in fyrir ykkur og og ykkar \u00e1hugam\u00e1l og ver\u00f0ur tekin \u00e1 ykkar hra\u00f0a. Ekkert stress, bara gaman.<\/p>\n<p>\u00deessi fer\u00f0 er fullkomin fyrir \u00feeim sem vilja sj\u00e1 og gera svol\u00edti\u00f0 af \u00f6llu. Fr\u00e6\u00f0sla ver\u00f0ur um Vatnaj\u00f6kul og sta\u00f0ina \u00ed kring, noti\u00f0 ver\u00f0ur \u00fats\u00fdnisins og smakka\u00f0ur \u00a0g\u00f3\u00f0ur og sta\u00f0bundinn matur.<\/p>\n<p>Ef \u00fea\u00f0 er eitthva\u00f0 s\u00e9rstakt sem \u00fei\u00f0 vilji\u00f0 sj\u00e1 e\u00f0a gera, erum vi\u00f0 sveigjanleg og gerum allt til a\u00f0 koma til m\u00f3ts vi\u00f0 ykkar \u00f3skir til a\u00f0 geta b\u00fai\u00f0 til draumafer\u00f0ina ykkar.[\/vc_column_text][vc_empty_space height=&#8220;20px&#8220;][vc_empty_space height=&#8220;20px&#8220;][vc_empty_space height=&#8220;44px&#8220;][\/vc_column][vc_column width=&#8220;1\/2&#8243;][vc_empty_space height=&#8220;44px&#8220;][mk_ornamental_title text_color=&#8220;#1e73be&#8220; font_family=&#8220;Rubik&#8220; font_type=&#8220;google&#8220; font_size=&#8220;24&#8243; ornament_style=&#8220;lemo-single&#8220; nss_align=&#8220;center&#8220; ornament_color=&#8220;#006794&#8243; ornament_thickness=&#8220;3&#8243;]Fleiri uppl\u00fdsingar[\/mk_ornamental_title][vc_empty_space height=&#8220;44px&#8220;][mk_fancy_title color=&#8220;#1e73be&#8220; size=&#8220;24&#8243; margin_top=&#8220;20&#8243; margin_bottom=&#8220;0&#8243; font_family=&#8220;Rubik&#8220; font_type=&#8220;google&#8220;]<img loading=\"lazy\" decoding=\"async\" class=\"\" src=\"https:\/\/glacierjourney.is\/wp-content\/uploads\/2022\/02\/logi-1.png\" width=\"43\" height=\"21\" \/>Hven\u00e6r[\/mk_fancy_title][vc_column_text css=&#8220;.vc_custom_1671103472739{margin-bottom: 0px !important;}&#8220;]\n<p style=\"color: #1e73be;\">\u00deessi fer\u00f0 er opin fr\u00e1 ma\u00ed &#8211; september.<\/p>\n[\/vc_column_text][mk_fancy_title color=&#8220;#1e73be&#8220; size=&#8220;24&#8243; margin_top=&#8220;20&#8243; margin_bottom=&#8220;0&#8243; font_family=&#8220;Rubik&#8220; font_type=&#8220;google&#8220;]<img loading=\"lazy\" decoding=\"async\" class=\"\" src=\"https:\/\/glacierjourney.is\/wp-content\/uploads\/2022\/02\/logi-1.png\" width=\"43\" height=\"21\" \/>Lengd fer\u00f0ar[\/mk_fancy_title][vc_column_text css=&#8220;.vc_custom_1652264737455{margin-bottom: 0px !important;}&#8220;]\n<p style=\"color: #1e73be;\">Um \u00fea\u00f0 bil 3 klukkustundir<\/p>\n[\/vc_column_text][mk_fancy_title color=&#8220;#1e73be&#8220; size=&#8220;24&#8243; margin_top=&#8220;20&#8243; margin_bottom=&#8220;0&#8243; font_family=&#8220;Rubik&#8220; font_type=&#8220;google&#8220;]<img loading=\"lazy\" decoding=\"async\" class=\"\" src=\"https:\/\/glacierjourney.is\/wp-content\/uploads\/2022\/02\/logi-1.png\" width=\"43\" height=\"21\" \/>Hva\u00f0 er innifali\u00f0?[\/mk_fancy_title][vc_column_text css=&#8220;.vc_custom_1652264828176{margin-bottom: 0px !important;}&#8220;]\n<p style=\"color: #1e73be;\">Lei\u00f0s\u00f6gn<br \/>\nSnarl \u00far heimabygg\u00f0<br \/>\n\u00d3\u00e1fengir drykkir og vatn[\/vc_column_text][mk_fancy_title color=&#8220;#1e73be&#8220; size=&#8220;24&#8243; margin_top=&#8220;20&#8243; margin_bottom=&#8220;0&#8243; font_family=&#8220;Rubik&#8220; font_type=&#8220;google&#8220;]<img loading=\"lazy\" decoding=\"async\" class=\"\" src=\"https:\/\/glacierjourney.is\/wp-content\/uploads\/2022\/02\/logi-1.png\" width=\"43\" height=\"21\" \/>Upphafssta\u00f0ur[\/mk_fancy_title][vc_column_text css=&#8220;.vc_custom_1654466405847{margin-bottom: 0px !important;}&#8220;]\n<p style=\"color: #1e73be;\">Vi\u00f0 hittumst \u00ed m\u00f3tt\u00f6ku okkar sem er vi\u00f0 H\u00f3tel Smyrlabj\u00f6rg, 46 km vestan vi\u00f0 H\u00f6fn og 34 km austan vi\u00f0 J\u00f6kuls\u00e1rl\u00f3n.<br \/>\nGPS hnit 64.2173538,-15.7195644<\/p>\n<p style=\"color: #1e73be;\">M\u00e6ting \u00ed fer\u00f0ir eru 30 m\u00edn fyrir brottf\u00f6r.<\/p>\n[\/vc_column_text][mk_fancy_title color=&#8220;#1e73be&#8220; size=&#8220;24&#8243; margin_top=&#8220;20&#8243; margin_bottom=&#8220;0&#8243; font_family=&#8220;Rubik&#8220; font_type=&#8220;google&#8220;]<img loading=\"lazy\" decoding=\"async\" class=\"\" src=\"https:\/\/glacierjourney.is\/wp-content\/uploads\/2022\/02\/logi-1.png\" width=\"43\" height=\"21\" \/>Ver\u00f0[\/mk_fancy_title][vc_column_text css=&#8220;.vc_custom_1671103492309{margin-bottom: 0px !important;}&#8220;]\n<p style=\"color: #1e73be;\">Ver\u00f0 fr\u00e1 320 000 kr<\/p>\n[\/vc_column_text][mk_fancy_title color=&#8220;#1e73be&#8220; size=&#8220;24&#8243; margin_top=&#8220;20&#8243; margin_bottom=&#8220;0&#8243; font_family=&#8220;Rubik&#8220; font_type=&#8220;google&#8220;]<img loading=\"lazy\" decoding=\"async\" class=\"\" src=\"https:\/\/glacierjourney.is\/wp-content\/uploads\/2022\/02\/logi-1.png\" width=\"43\" height=\"21\" \/>Hvernig \u00e1 a\u00f0 b\u00f3ka?[\/mk_fancy_title][vc_column_text css=&#8220;.vc_custom_1652264922813{margin-bottom: 0px !important;}&#8220;]\n<p style=\"color: #1e73be;\">Teki\u00f0 er vi\u00f0 \u00f6llum b\u00f3kunum og svara\u00f0 spurningum \u00ed t\u00f6lvup\u00f3sti \u00e1 netfangi\u00f0\u00a0<a href=\"mailto:info@glacierjourney.is\">info@glacierjourney.is<\/a><\/p>\n[\/vc_column_text][vc_empty_space height=&#8220;44px&#8220;][vc_empty_space height=&#8220;44px&#8220;][\/vc_column][\/mk_page_section][vc_row][vc_column][mk_ornamental_title text_color=&#8220;#1e73be&#8220; font_family=&#8220;Permanent+Marker&#8220; font_type=&#8220;google&#8220; font_size=&#8220;30&#8243; ornament_style=&#8220;norman-single&#8220; ornament_color=&#8220;#006794&#8243; ornament_thickness=&#8220;3&#8243;]SUMAR STA\u00d0SETNING | BASE CAMP[\/mk_ornamental_title][mk_fancy_title size=&#8220;20&#8243; font_family=&#8220;Rubik&#8220; font_type=&#8220;google&#8220; align=&#8220;center&#8220;]H\u00f3tel Smyrlabj\u00f6rg | Gps: 64.2173538, -15.7195644[\/mk_fancy_title][mk_advanced_gmaps custom_markers=&#8220;true&#8220; latitude=&#8220;64.2173538&#8243; longitude=&#8220;-15.7195644&#8243; address=&#8220;H\u00f3tel Smyrlabj\u00f6rg&#8220; custom_marker_1=&#8220;https:\/\/glacierjourney.is\/wp-content\/uploads\/2021\/11\/logo-map.png&#8220; content_font_color=&#8220;#ffffff&#8220; height=&#8220;450&#8243; map_zoom=&#8220;10&#8243; modify_coloring=&#8220;true&#8220; hue=&#8220;#25beed&#8220;][vc_empty_space][\/vc_column][\/vc_row][mk_page_section bg_color=&#8220;#f9f9f9&#8243; sidebar=&#8220;sidebar-1&#8243;][vc_column][vc_empty_space height=&#8220;20px&#8220;][mk_ornamental_title text_color=&#8220;#1e73be&#8220; font_family=&#8220;Permanent+Marker&#8220; font_type=&#8220;google&#8220; font_size=&#8220;30&#8243; ornament_style=&#8220;norman-single&#8220; ornament_color=&#8220;#006794&#8243; ornament_thickness=&#8220;3&#8243;]SKILM\u00c1LAR[\/mk_ornamental_title][vc_column_text css=&#8220;.vc_custom_1671103622151{margin-bottom: 0px !important;}&#8220;]\n<ul>\n<li>G\u00f3\u00f0ur \u00fativistarfatna\u00f0ur og g\u00f6ngusk\u00f3r er nau\u00f0synlegur.<\/li>\n<li>Nokku\u00f0 g\u00f3\u00f0s l\u00edkamlegs \u00feols er krafist fyrir flestar okkar fer\u00f0ir..<\/li>\n<li>\u00dea\u00f0 er \u00e1 \u00e1byrg\u00f0 vi\u00f0skiptavinar a\u00f0 l\u00e1ta lei\u00f0s\u00f6gumann okkar vita ef vi\u00f0komandi gl\u00edmir vi\u00f0 einhvern heilsubrest.<\/li>\n<li>\u00dea\u00f0 er 48 klst. afb\u00f3kunarreglur; vi\u00f0skiptavinir f\u00e1 90% endurgrei\u00f0slu ef \u00feeir h\u00e6tta vi\u00f0 fer\u00f0 48+ klst fyrir brottf\u00f6r. Ef h\u00e6tt er vi\u00f0 me\u00f0 minna en 48klst fyrirvara \u00fe\u00e1 er engin endurgrei\u00f0sla \u00ed bo\u00f0i.<\/li>\n<li>Ef a\u00f0 fer\u00f0inni er afl\u00fdst af Glacier Journey af einhverri \u00e1st\u00e6\u00f0u, t.d. vegna ve\u00f0urs \u00fe\u00e1 f\u00e1 vi\u00f0skiptavinir fulla endurgrei\u00f0slu.<\/li>\n<li>Glacier Journey tekur ekki \u00e1byrg\u00f0 \u00e1 slysum\/eignaspj\u00f6llum sem vi\u00f0skiptavinir valda e\u00f0a er h\u00e6gt a\u00f0 rekja til \u00f3\u00e1byrgrar heg\u00f0unar.<\/li>\n<li>Vi\u00f0skiptavinir eru \u00e1 eigin \u00e1byrg\u00f0 \u00ed \u00f6llum fer\u00f0um Glacier Journey.<\/li>\n<li>Glacier Journey getur ekki \u00e1byrgst \u00fea\u00f0 a\u00f0 \u00fea\u00f0 s\u00e9 ekki anna\u00f0 f\u00f3lk \u00e1 sama t\u00edma og sama sv\u00e6\u00f0i fr\u00e1 \u00f6\u00f0rum fer\u00f0a\u00fej\u00f3nustufyrirt\u00e6kjum.<\/li>\n<li>L\u00e1gmarksfj\u00f6ldi \u00ed fer\u00f0 eru 2 fullor\u00f0nar manneskjur.<\/li>\n<\/ul>\n[\/vc_column_text][vc_empty_space height=&#8220;20px&#8220;][\/vc_column][\/mk_page_section][vc_row css=&#8220;.vc_custom_1453845821894{padding-top: 0px !important;padding-right: 0px !important;padding-bottom: 0px !important;padding-left: 0px !important;}&#8220;][vc_column][vc_empty_space height=&#8220;44px&#8220;][mk_gallery images=&#8220;7664,9178,7828,8363&#8243; column=&#8220;4&#8243; height=&#8220;300&#8243; hover_scenarios=&#8220;slow_zoom&#8220; item_id=&#8220;1436396936-559dad880c8f5&#8243;][\/vc_column][\/vc_row][mk_page_section bg_color=&#8220;#1e73be&#8220; first_page=&#8220;false&#8220; last_page=&#8220;false&#8220; sidebar=&#8220;sidebar-1&#8243;][vc_column][vc_empty_space height=&#8220;44px&#8220;][\/vc_column][\/mk_page_section]\n<\/div>","protected":false},"excerpt":{"rendered":"<p>[mk_page_section bg_image=&#8220;http:\/\/glacierjourney.is\/wp-content\/uploads\/2015\/07\/header-glacierjourney.jpg&#8220; attachment=&#8220;fixed&#8220; bg_position=&#8220;center top&#8220; bg_repeat=&#8220;no-repeat&#8220; bg_stretch=&#8220;true&#8220; enable_3d=&#8220;true&#8220; bg_gradient=&#8220;vertical&#8220; video_color_mask=&#8220;#1e73be&#8220; gr_end=&#8220;#28b7ff&#8220; video_opacity=&#8220;0.5&#8243; min_height=&#8220;300&#8243; full_width=&#8220;true&#8220; padding_top=&#8220;0&#8243; first_page=&#8220;true&#8220; last_page=&#8220;false&#8220; sidebar=&#8220;sidebar-1&#8243;][vc_column][mk_padding_divider size=&#8220;100&#8243;][mk_fancy_title color=&#8220;#ffffff&#8220; size=&#8220;40&#8243; font_weight=&#8220;900&#8243; letter_spacing=&#8220;4&#8243; margin_bottom=&#8220;18&#8243; font_family=&#8220;none&#8220; align=&#8220;center&#8220; animation=&#8220;fade-in&#8220;]L\u00daXUS EINKAFER\u00d0 \u00c1 BREYTTUM JEPPA[\/mk_fancy_title][mk_padding_divider][\/vc_column][\/mk_page_section][mk_page_section first_page=&#8220;false&#8220; last_page=&#8220;false&#8220; sidebar=&#8220;sidebar-1&#8243;][vc_column width=&#8220;1\/2&#8243;][vc_empty_space height=&#8220;44px&#8220;][mk_ornamental_title text_color=&#8220;#1e73be&#8220; font_family=&#8220;Rubik&#8220; font_type=&#8220;google&#8220; font_size=&#8220;24&#8243; ornament_style=&#8220;lemo-single&#8220; nss_align=&#8220;center&#8220; ornament_color=&#8220;#006794&#8243; ornament_thickness=&#8220;3&#8243;]B\u00fa\u00f0u til \u00feitt eigi\u00f0 \u00e6vint\u00fdri[\/mk_ornamental_title][vc_empty_space height=&#8220;44px&#8220;][vc_empty_space height=&#8220;44px&#8220;][vc_column_text css=&#8220;.vc_custom_1652264347158{margin-bottom: 0px !important;}&#8220;]B\u00fa\u00f0u til \u00feitt [&hellip;]<\/p>\n","protected":false},"author":3,"featured_media":0,"parent":7496,"menu_order":0,"comment_status":"closed","ping_status":"closed","template":"","meta":{"_exactmetrics_skip_tracking":false,"_exactmetrics_sitenote_active":false,"_exactmetrics_sitenote_note":"","_exactmetrics_sitenote_category":0,"footnotes":""},"class_list":["post-9089","page","type-page","status-publish","hentry"],"yoast_head":"<!-- This site is optimized with the Yoast SEO plugin v27.4 - https:\/\/yoast.com\/product\/yoast-seo-wordpress\/ -->\n<title>- Glacier Journey<\/title>\n<meta name=\"robots\" content=\"index, follow, max-snippet:-1, max-image-preview:large, max-video-preview:-1\" \/>\n<link rel=\"canonical\" href=\"https:\/\/glacierjourney.is\/is\/ferdir\/luxusjeppaferd\/\" \/>\n<meta property=\"og:locale\" content=\"is_IS\" \/>\n<meta property=\"og:type\" content=\"article\" \/>\n<meta property=\"og:title\" content=\"- Glacier Journey\" \/>\n<meta property=\"og:description\" content=\"[mk_page_section bg_image=&#8220;http:\/\/glacierjourney.is\/wp-content\/uploads\/2015\/07\/header-glacierjourney.jpg&#8220; attachment=&#8220;fixed&#8220; bg_position=&#8220;center top&#8220; bg_repeat=&#8220;no-repeat&#8220; bg_stretch=&#8220;true&#8220; enable_3d=&#8220;true&#8220; bg_gradient=&#8220;vertical&#8220; video_color_mask=&#8220;#1e73be&#8220; gr_end=&#8220;#28b7ff&#8220; video_opacity=&#8220;0.5&#8243; min_height=&#8220;300&#8243; full_width=&#8220;true&#8220; padding_top=&#8220;0&#8243; first_page=&#8220;true&#8220; last_page=&#8220;false&#8220; sidebar=&#8220;sidebar-1&#8243;][vc_column][mk_padding_divider size=&#8220;100&#8243;][mk_fancy_title color=&#8220;#ffffff&#8220; size=&#8220;40&#8243; font_weight=&#8220;900&#8243; letter_spacing=&#8220;4&#8243; margin_bottom=&#8220;18&#8243; font_family=&#8220;none&#8220; align=&#8220;center&#8220; animation=&#8220;fade-in&#8220;]L\u00daXUS EINKAFER\u00d0 \u00c1 BREYTTUM JEPPA[\/mk_fancy_title][mk_padding_divider][\/vc_column][\/mk_page_section][mk_page_section first_page=&#8220;false&#8220; last_page=&#8220;false&#8220; sidebar=&#8220;sidebar-1&#8243;][vc_column width=&#8220;1\/2&#8243;][vc_empty_space height=&#8220;44px&#8220;][mk_ornamental_title text_color=&#8220;#1e73be&#8220; font_family=&#8220;Rubik&#8220; font_type=&#8220;google&#8220; font_size=&#8220;24&#8243; ornament_style=&#8220;lemo-single&#8220; nss_align=&#8220;center&#8220; ornament_color=&#8220;#006794&#8243; ornament_thickness=&#8220;3&#8243;]B\u00fa\u00f0u til \u00feitt eigi\u00f0 \u00e6vint\u00fdri[\/mk_ornamental_title][vc_empty_space height=&#8220;44px&#8220;][vc_empty_space height=&#8220;44px&#8220;][vc_column_text css=&#8220;.vc_custom_1652264347158{margin-bottom: 0px !important;}&#8220;]B\u00fa\u00f0u til \u00feitt [&hellip;]\" \/>\n<meta property=\"og:url\" content=\"https:\/\/glacierjourney.is\/is\/ferdir\/luxusjeppaferd\/\" \/>\n<meta property=\"og:site_name\" content=\"Glacier Journey\" \/>\n<meta property=\"article:modified_time\" content=\"2022-12-15T11:27:06+00:00\" \/>\n<meta property=\"og:image\" content=\"https:\/\/glacierjourney.is\/wp-content\/uploads\/2022\/02\/logi-1.png\" \/>\n<meta name=\"twitter:card\" content=\"summary_large_image\" \/>\n<meta name=\"twitter:label1\" content=\"Est. reading time\" \/>\n\t<meta name=\"twitter:data1\" content=\"4 minutes\" \/>\n<script type=\"application\/ld+json\" class=\"yoast-schema-graph\">{\"@context\":\"https:\\\/\\\/schema.org\",\"@graph\":[{\"@type\":\"WebPage\",\"@id\":\"https:\\\/\\\/glacierjourney.is\\\/is\\\/ferdir\\\/luxusjeppaferd\\\/\",\"url\":\"https:\\\/\\\/glacierjourney.is\\\/is\\\/ferdir\\\/luxusjeppaferd\\\/\",\"name\":\"- Glacier Journey\",\"isPartOf\":{\"@id\":\"https:\\\/\\\/glacierjourney.is\\\/#website\"},\"primaryImageOfPage\":{\"@id\":\"https:\\\/\\\/glacierjourney.is\\\/is\\\/ferdir\\\/luxusjeppaferd\\\/#primaryimage\"},\"image\":{\"@id\":\"https:\\\/\\\/glacierjourney.is\\\/is\\\/ferdir\\\/luxusjeppaferd\\\/#primaryimage\"},\"thumbnailUrl\":\"https:\\\/\\\/glacierjourney.is\\\/wp-content\\\/uploads\\\/2022\\\/02\\\/logi-1.png\",\"datePublished\":\"2022-05-11T10:29:59+00:00\",\"dateModified\":\"2022-12-15T11:27:06+00:00\",\"breadcrumb\":{\"@id\":\"https:\\\/\\\/glacierjourney.is\\\/is\\\/ferdir\\\/luxusjeppaferd\\\/#breadcrumb\"},\"inLanguage\":\"is\",\"potentialAction\":[{\"@type\":\"ReadAction\",\"target\":[\"https:\\\/\\\/glacierjourney.is\\\/is\\\/ferdir\\\/luxusjeppaferd\\\/\"]}]},{\"@type\":\"ImageObject\",\"inLanguage\":\"is\",\"@id\":\"https:\\\/\\\/glacierjourney.is\\\/is\\\/ferdir\\\/luxusjeppaferd\\\/#primaryimage\",\"url\":\"https:\\\/\\\/glacierjourney.is\\\/wp-content\\\/uploads\\\/2022\\\/02\\\/logi-1.png\",\"contentUrl\":\"https:\\\/\\\/glacierjourney.is\\\/wp-content\\\/uploads\\\/2022\\\/02\\\/logi-1.png\"},{\"@type\":\"BreadcrumbList\",\"@id\":\"https:\\\/\\\/glacierjourney.is\\\/is\\\/ferdir\\\/luxusjeppaferd\\\/#breadcrumb\",\"itemListElement\":[{\"@type\":\"ListItem\",\"position\":1,\"name\":\"Home\",\"item\":\"https:\\\/\\\/glacierjourney.is\\\/is\\\/\"},{\"@type\":\"ListItem\",\"position\":2,\"name\":\"FER\u00d0IR\",\"item\":\"https:\\\/\\\/glacierjourney.is\\\/is\\\/ferdir\\\/\"}]},{\"@type\":\"WebSite\",\"@id\":\"https:\\\/\\\/glacierjourney.is\\\/#website\",\"url\":\"https:\\\/\\\/glacierjourney.is\\\/\",\"name\":\"Glacier Journey\",\"description\":\"Take a journey with us into the vastness of Vatnaj\u00f6kull\",\"potentialAction\":[{\"@type\":\"SearchAction\",\"target\":{\"@type\":\"EntryPoint\",\"urlTemplate\":\"https:\\\/\\\/glacierjourney.is\\\/?s={search_term_string}\"},\"query-input\":{\"@type\":\"PropertyValueSpecification\",\"valueRequired\":true,\"valueName\":\"search_term_string\"}}],\"inLanguage\":\"is\"}]}<\/script>\n<!-- \/ Yoast SEO plugin. -->","yoast_head_json":{"title":"- Glacier Journey","robots":{"index":"index","follow":"follow","max-snippet":"max-snippet:-1","max-image-preview":"max-image-preview:large","max-video-preview":"max-video-preview:-1"},"canonical":"https:\/\/glacierjourney.is\/is\/ferdir\/luxusjeppaferd\/","og_locale":"is_IS","og_type":"article","og_title":"- Glacier Journey","og_description":"[mk_page_section bg_image=&#8220;http:\/\/glacierjourney.is\/wp-content\/uploads\/2015\/07\/header-glacierjourney.jpg&#8220; attachment=&#8220;fixed&#8220; bg_position=&#8220;center top&#8220; bg_repeat=&#8220;no-repeat&#8220; bg_stretch=&#8220;true&#8220; enable_3d=&#8220;true&#8220; bg_gradient=&#8220;vertical&#8220; video_color_mask=&#8220;#1e73be&#8220; gr_end=&#8220;#28b7ff&#8220; video_opacity=&#8220;0.5&#8243; min_height=&#8220;300&#8243; full_width=&#8220;true&#8220; padding_top=&#8220;0&#8243; first_page=&#8220;true&#8220; last_page=&#8220;false&#8220; sidebar=&#8220;sidebar-1&#8243;][vc_column][mk_padding_divider size=&#8220;100&#8243;][mk_fancy_title color=&#8220;#ffffff&#8220; size=&#8220;40&#8243; font_weight=&#8220;900&#8243; letter_spacing=&#8220;4&#8243; margin_bottom=&#8220;18&#8243; font_family=&#8220;none&#8220; align=&#8220;center&#8220; animation=&#8220;fade-in&#8220;]L\u00daXUS EINKAFER\u00d0 \u00c1 BREYTTUM JEPPA[\/mk_fancy_title][mk_padding_divider][\/vc_column][\/mk_page_section][mk_page_section first_page=&#8220;false&#8220; last_page=&#8220;false&#8220; sidebar=&#8220;sidebar-1&#8243;][vc_column width=&#8220;1\/2&#8243;][vc_empty_space height=&#8220;44px&#8220;][mk_ornamental_title text_color=&#8220;#1e73be&#8220; font_family=&#8220;Rubik&#8220; font_type=&#8220;google&#8220; font_size=&#8220;24&#8243; ornament_style=&#8220;lemo-single&#8220; nss_align=&#8220;center&#8220; ornament_color=&#8220;#006794&#8243; ornament_thickness=&#8220;3&#8243;]B\u00fa\u00f0u til \u00feitt eigi\u00f0 \u00e6vint\u00fdri[\/mk_ornamental_title][vc_empty_space height=&#8220;44px&#8220;][vc_empty_space height=&#8220;44px&#8220;][vc_column_text css=&#8220;.vc_custom_1652264347158{margin-bottom: 0px !important;}&#8220;]B\u00fa\u00f0u til \u00feitt [&hellip;]","og_url":"https:\/\/glacierjourney.is\/is\/ferdir\/luxusjeppaferd\/","og_site_name":"Glacier Journey","article_modified_time":"2022-12-15T11:27:06+00:00","og_image":[{"url":"https:\/\/glacierjourney.is\/wp-content\/uploads\/2022\/02\/logi-1.png","type":"","width":"","height":""}],"twitter_card":"summary_large_image","twitter_misc":{"Est. reading time":"4 minutes"},"schema":{"@context":"https:\/\/schema.org","@graph":[{"@type":"WebPage","@id":"https:\/\/glacierjourney.is\/is\/ferdir\/luxusjeppaferd\/","url":"https:\/\/glacierjourney.is\/is\/ferdir\/luxusjeppaferd\/","name":"- Glacier Journey","isPartOf":{"@id":"https:\/\/glacierjourney.is\/#website"},"primaryImageOfPage":{"@id":"https:\/\/glacierjourney.is\/is\/ferdir\/luxusjeppaferd\/#primaryimage"},"image":{"@id":"https:\/\/glacierjourney.is\/is\/ferdir\/luxusjeppaferd\/#primaryimage"},"thumbnailUrl":"https:\/\/glacierjourney.is\/wp-content\/uploads\/2022\/02\/logi-1.png","datePublished":"2022-05-11T10:29:59+00:00","dateModified":"2022-12-15T11:27:06+00:00","breadcrumb":{"@id":"https:\/\/glacierjourney.is\/is\/ferdir\/luxusjeppaferd\/#breadcrumb"},"inLanguage":"is","potentialAction":[{"@type":"ReadAction","target":["https:\/\/glacierjourney.is\/is\/ferdir\/luxusjeppaferd\/"]}]},{"@type":"ImageObject","inLanguage":"is","@id":"https:\/\/glacierjourney.is\/is\/ferdir\/luxusjeppaferd\/#primaryimage","url":"https:\/\/glacierjourney.is\/wp-content\/uploads\/2022\/02\/logi-1.png","contentUrl":"https:\/\/glacierjourney.is\/wp-content\/uploads\/2022\/02\/logi-1.png"},{"@type":"BreadcrumbList","@id":"https:\/\/glacierjourney.is\/is\/ferdir\/luxusjeppaferd\/#breadcrumb","itemListElement":[{"@type":"ListItem","position":1,"name":"Home","item":"https:\/\/glacierjourney.is\/is\/"},{"@type":"ListItem","position":2,"name":"FER\u00d0IR","item":"https:\/\/glacierjourney.is\/is\/ferdir\/"}]},{"@type":"WebSite","@id":"https:\/\/glacierjourney.is\/#website","url":"https:\/\/glacierjourney.is\/","name":"Glacier Journey","description":"Take a journey with us into the vastness of Vatnaj\u00f6kull","potentialAction":[{"@type":"SearchAction","target":{"@type":"EntryPoint","urlTemplate":"https:\/\/glacierjourney.is\/?s={search_term_string}"},"query-input":{"@type":"PropertyValueSpecification","valueRequired":true,"valueName":"search_term_string"}}],"inLanguage":"is"}]}},"_links":{"self":[{"href":"https:\/\/glacierjourney.is\/is\/wp-json\/wp\/v2\/pages\/9089","targetHints":{"allow":["GET"]}}],"collection":[{"href":"https:\/\/glacierjourney.is\/is\/wp-json\/wp\/v2\/pages"}],"about":[{"href":"https:\/\/glacierjourney.is\/is\/wp-json\/wp\/v2\/types\/page"}],"author":[{"embeddable":true,"href":"https:\/\/glacierjourney.is\/is\/wp-json\/wp\/v2\/users\/3"}],"replies":[{"embeddable":true,"href":"https:\/\/glacierjourney.is\/is\/wp-json\/wp\/v2\/comments?post=9089"}],"version-history":[{"count":7,"href":"https:\/\/glacierjourney.is\/is\/wp-json\/wp\/v2\/pages\/9089\/revisions"}],"predecessor-version":[{"id":9395,"href":"https:\/\/glacierjourney.is\/is\/wp-json\/wp\/v2\/pages\/9089\/revisions\/9395"}],"up":[{"embeddable":true,"href":"https:\/\/glacierjourney.is\/is\/wp-json\/wp\/v2\/pages\/7496"}],"wp:attachment":[{"href":"https:\/\/glacierjourney.is\/is\/wp-json\/wp\/v2\/media?parent=9089"}],"curies":[{"name":"wp","href":"https:\/\/api.w.org\/{rel}","templated":true}]}}