{"id":9070,"date":"2022-05-10T11:09:33","date_gmt":"2022-05-10T11:09:33","guid":{"rendered":"https:\/\/glacierjourney.is\/?page_id=9070"},"modified":"2024-08-14T08:51:57","modified_gmt":"2024-08-14T08:51:57","slug":"kverkfjoll-snjosledaferd","status":"publish","type":"page","link":"https:\/\/glacierjourney.is\/is\/ferdir\/kverkfjoll-snjosledaferd\/","title":{"rendered":""},"content":{"rendered":"<div class=\"wpb-content-wrapper\">[mk_page_section bg_image=&#8220;http:\/\/glacierjourney.is\/wp-content\/uploads\/2015\/07\/header-glacierjourney.jpg&#8220; attachment=&#8220;fixed&#8220; bg_position=&#8220;center top&#8220; bg_repeat=&#8220;no-repeat&#8220; bg_stretch=&#8220;true&#8220; enable_3d=&#8220;true&#8220; bg_gradient=&#8220;vertical&#8220; video_color_mask=&#8220;#1e73be&#8220; gr_end=&#8220;#28b7ff&#8220; video_opacity=&#8220;0.5&#8243; min_height=&#8220;300&#8243; full_width=&#8220;true&#8220; padding_top=&#8220;0&#8243; first_page=&#8220;true&#8220; last_page=&#8220;false&#8220; sidebar=&#8220;sidebar-1&#8243;][vc_column][mk_padding_divider size=&#8220;100&#8243;][mk_fancy_title color=&#8220;#ffffff&#8220; size=&#8220;40&#8243; font_weight=&#8220;900&#8243; letter_spacing=&#8220;4&#8243; margin_bottom=&#8220;18&#8243; font_family=&#8220;none&#8220; align=&#8220;center&#8220; animation=&#8220;fade-in&#8220;]Snj\u00f3sle\u00f0afer\u00f0 \u00e1 Kverkfj\u00f6ll[\/mk_fancy_title][mk_padding_divider][\/vc_column][\/mk_page_section][mk_page_section first_page=&#8220;false&#8220; last_page=&#8220;false&#8220; sidebar=&#8220;sidebar-1&#8243;][vc_column width=&#8220;1\/2&#8243;][vc_empty_space height=&#8220;44px&#8220;][mk_ornamental_title text_color=&#8220;#1e73be&#8220; font_family=&#8220;Rubik&#8220; font_type=&#8220;google&#8220; font_size=&#8220;24&#8243; ornament_style=&#8220;lemo-single&#8220; nss_align=&#8220;center&#8220; ornament_color=&#8220;#006794&#8243; ornament_thickness=&#8220;3&#8243;]Kverkfj\u00f6ll &#8211; eitthvert st\u00e6rsta h\u00e1hitasv\u00e6\u00f0i landsins.[\/mk_ornamental_title][vc_empty_space height=&#8220;44px&#8220;][vc_column_text css=&#8220;.vc_custom_1652179303671{margin-bottom: 0px !important;}&#8220;]\n<div class=\"page\" title=\"Page 1\">\n<div class=\"layoutArea\">\n<div class=\"column\">\n<p><em>Snj\u00f3sle\u00f0afer\u00f0 \u00e1 Kverkfj\u00f6ll er fr\u00e1b\u00e6rt t\u00e6kif\u00e6ri sem til d\u00e6mis vinnusta\u00f0afer\u00f0 e\u00f0a fer\u00f0 fyrir vinah\u00f3pa.\u00a0<\/em><\/p>\n<\/div>\n<p>Kverkfj\u00f6ll er st\u00f3rt fjalllendi \u00ed nor\u00f0anver\u00f0um Vatnaj\u00f6kli. \u00dearna eru tv\u00f6 af h\u00e6stu fj\u00f6llum (1920m og 1860m) og eitthvert st\u00e6rsta h\u00e1hitasv\u00e6\u00f0i landsins (10 km\u00b2) sem er sta\u00f0sett \u00ed\u00a0Hveradal, h\u00e1tt uppi \u00ed hl\u00ed\u00f0um Vesturfjallanna (1800m).<\/p>\n<p>Kverkin skilur h\u00e6stu fj\u00f6llin a\u00f0 og vestan vi\u00f0 \u00feau er Dyngjuj\u00f6kull, en Br\u00faarj\u00f6kull a\u00f0 austanver\u00f0u. Undan skri\u00f0j\u00f6klinum, sem mjakast ni\u00f0ur Kverkina, streymir heit \u00e1 um allt a\u00f0 30 km l\u00f6ng \u00edsg\u00f6ng.<\/p>\n<p>Kverkfj\u00f6llin eru hluti st\u00f3rs eldvirks sv\u00e6\u00f0is, sem hefur gosi\u00f0 nokkrum sinnum \u00e1 s\u00f6gulegum t\u00edmum \u00e1n \u00feess a\u00f0 vita\u00f0 s\u00e9 um hraunmyndanir tengdar gosunum. L\u00edklega gaus \u00fear \u00ed kringum 1930<\/p>\n<div class=\"column\">\n<p>&nbsp;<\/p>\n<\/div>\n<\/div>\n<\/div>\n[\/vc_column_text][vc_empty_space][vc_column_text css=&#8220;.vc_custom_1681214506723{margin-bottom: 0px !important;}&#8220;]\n<div class=\"page\" title=\"Page 1\">\n<div class=\"layoutArea\">\n<div class=\"column\">\n<p><strong>ATH: \u00deessi fer\u00f0 er ekki fyrir byrjendur e\u00f0a \u00feeir sem eru ekki vanir a\u00f0 keyra v\u00e9lsle\u00f0a<\/strong><strong>.<\/strong><\/p>\n<p><strong>\u00d6kur\u00e9ttindi eru nau\u00f0synleg fyrir \u00fe\u00e1 sem keyra snj\u00f3sle\u00f0ann.<\/strong><\/p>\n<p><strong>\u00deYNGDARTAKM\u00d6RK<\/strong><\/p>\n<p><strong>Sameinu\u00f0 \u00feyngd tveggja fer\u00f0amanna \u00e1 einum snj\u00f3sle\u00f0a m\u00e1 ekki fara yfir 180kg. Ef fer\u00f0amennirnir eru yfir 180 kg samtals \u00fe\u00e1 \u00fearf a\u00f0 b\u00f3ka sitthvorn sle\u00f0ann.\u00a0<\/strong><\/p>\n<p><strong>\u00deetta er MJ\u00d6G mikilv\u00e6gt fyrir \u00f6ryggi vi\u00f0 akstur snj\u00f3sle\u00f0anna.\u00a0<\/strong><\/p>\n<\/div>\n<\/div>\n<\/div>\n[\/vc_column_text][vc_empty_space height=&#8220;44px&#8220;][\/vc_column][vc_column width=&#8220;1\/2&#8243;][vc_empty_space height=&#8220;44px&#8220;][mk_ornamental_title text_color=&#8220;#1e73be&#8220; font_family=&#8220;Rubik&#8220; font_type=&#8220;google&#8220; font_size=&#8220;24&#8243; ornament_style=&#8220;lemo-single&#8220; nss_align=&#8220;center&#8220; ornament_color=&#8220;#006794&#8243; ornament_thickness=&#8220;3&#8243;]Fleiri uppl\u00fdsingar[\/mk_ornamental_title][vc_empty_space][mk_fancy_title color=&#8220;#1e73be&#8220; size=&#8220;24&#8243; margin_top=&#8220;20&#8243; margin_bottom=&#8220;0&#8243; font_family=&#8220;Rubik&#8220; font_type=&#8220;google&#8220;]<img loading=\"lazy\" decoding=\"async\" class=\"\" src=\"https:\/\/glacierjourney.is\/wp-content\/uploads\/2022\/02\/logi-1.png\" width=\"43\" height=\"21\" \/>Hven\u00e6r[\/mk_fancy_title][vc_column_text css=&#8220;.vc_custom_1671103179631{margin-bottom: 0px !important;}&#8220;]\n<p style=\"color: #1e73be;\">\u00deessi fer\u00f0 er opin fr\u00e1 ma\u00ed til september.<\/p>\n[\/vc_column_text][mk_fancy_title color=&#8220;#1e73be&#8220; size=&#8220;24&#8243; margin_top=&#8220;20&#8243; margin_bottom=&#8220;0&#8243; font_family=&#8220;Rubik&#8220; font_type=&#8220;google&#8220;]<img loading=\"lazy\" decoding=\"async\" class=\"\" src=\"https:\/\/glacierjourney.is\/wp-content\/uploads\/2022\/02\/logi-1.png\" width=\"43\" height=\"21\" \/>Lengd fer\u00f0ar[\/mk_fancy_title][vc_column_text css=&#8220;.vc_custom_1652180121976{margin-bottom: 0px !important;}&#8220;]\n<p style=\"color: #1e73be;\">Fer\u00f0in er um \u00fea\u00f0 bil 8 klukkustundir.<\/p>\n[\/vc_column_text][mk_fancy_title color=&#8220;#1e73be&#8220; size=&#8220;24&#8243; margin_top=&#8220;20&#8243; margin_bottom=&#8220;0&#8243; font_family=&#8220;Rubik&#8220; font_type=&#8220;google&#8220;]<img loading=\"lazy\" decoding=\"async\" class=\"\" src=\"https:\/\/glacierjourney.is\/wp-content\/uploads\/2022\/02\/logi-1.png\" width=\"43\" height=\"21\" \/>Hva\u00f0 er innifali\u00f0?[\/mk_fancy_title][vc_column_text css=&#8220;.vc_custom_1670320722722{margin-bottom: 0px !important;}&#8220;]\n<p style=\"color: #1e73be;\">Lei\u00f0s\u00f6gn<br \/>\nFar fr\u00e1 og til m\u00f3tt\u00f6ku okkar vi\u00f0 H\u00f3tel Smyrlabj\u00f6rg<br \/>\nHj\u00e1lm<br \/>\nHl\u00fdr heilgalli<br \/>\nVettlingar og andlitsskj\u00f3l\/buff<\/p>\n<p style=\"color: #1e73be;\">Athugi\u00f0 a\u00f0 nesti er <strong>ekki <\/strong>innifali\u00f0 og vi\u00f0 m\u00e6lum eindregi\u00f0 me\u00f0 a\u00f0 f\u00f3lk kemur me\u00f0 eigi\u00f0 nesti.<\/p>\n[\/vc_column_text][mk_fancy_title color=&#8220;#1e73be&#8220; size=&#8220;24&#8243; margin_top=&#8220;20&#8243; margin_bottom=&#8220;0&#8243; font_family=&#8220;Rubik&#8220; font_type=&#8220;google&#8220;]<img loading=\"lazy\" decoding=\"async\" class=\"\" src=\"https:\/\/glacierjourney.is\/wp-content\/uploads\/2022\/02\/logi-1.png\" width=\"43\" height=\"21\" \/>Upphafssta\u00f0ur[\/mk_fancy_title][vc_column_text css=&#8220;.vc_custom_1654466358833{margin-bottom: 0px !important;}&#8220;]\n<p style=\"color: #1e73be;\">Vi\u00f0 hittumst \u00ed m\u00f3tt\u00f6ku okkar sem er vi\u00f0 H\u00f3tel Smyrlabj\u00f6rg, 46 km vestan vi\u00f0 H\u00f6fn og 34 km austan vi\u00f0 J\u00f6kuls\u00e1rl\u00f3n.<br \/>\nGPS hnit 64.2173538,-15.7195644<\/p>\n<p style=\"color: #1e73be;\">M\u00e6ting \u00ed fer\u00f0ir eru 30 m\u00edn fyrir brottf\u00f6r.<\/p>\n[\/vc_column_text][mk_fancy_title color=&#8220;#1e73be&#8220; size=&#8220;24&#8243; margin_top=&#8220;20&#8243; margin_bottom=&#8220;0&#8243; font_family=&#8220;Rubik&#8220; font_type=&#8220;google&#8220;]<img loading=\"lazy\" decoding=\"async\" class=\"\" src=\"https:\/\/glacierjourney.is\/wp-content\/uploads\/2022\/02\/logi-1.png\" width=\"43\" height=\"21\" \/>Ver\u00f0[\/mk_fancy_title][vc_column_text css=&#8220;.vc_custom_1723625513698{margin-bottom: 0px !important;}&#8220;]\n<p style=\"color: #1e73be;\">8 klukkustunda fer\u00f0, 165.000 kr \u00e1 mann. \u00cd \u00feessari fer\u00f0 er 1 \u00e1 sle\u00f0a.<\/p>\n[\/vc_column_text][mk_fancy_title color=&#8220;#1e73be&#8220; size=&#8220;24&#8243; margin_top=&#8220;20&#8243; margin_bottom=&#8220;0&#8243; font_family=&#8220;Rubik&#8220; font_type=&#8220;google&#8220;]<img loading=\"lazy\" decoding=\"async\" class=\"\" src=\"https:\/\/glacierjourney.is\/wp-content\/uploads\/2022\/02\/logi-1.png\" width=\"43\" height=\"21\" \/>Hvernig \u00e1 a\u00f0 b\u00f3ka?[\/mk_fancy_title][vc_column_text css=&#8220;.vc_custom_1652180890688{margin-bottom: 0px !important;}&#8220;]\n<p style=\"color: #1e73be;\">Teki\u00f0 er vi\u00f0 \u00f6llum b\u00f3kunum og svara\u00f0 spurningum \u00ed t\u00f6lvup\u00f3sti \u00e1 netfangi\u00f0 <a href=\"mailto:info@glacierjourney.is\">info@glacierjourney.is<\/a><\/p>\n[\/vc_column_text][vc_empty_space height=&#8220;44px&#8220;][\/vc_column][\/mk_page_section][mk_page_section sidebar=&#8220;sidebar-1&#8243;][vc_column][vc_empty_space][mk_ornamental_title text_color=&#8220;#1e73be&#8220; font_family=&#8220;Permanent+Marker&#8220; font_type=&#8220;google&#8220; font_size=&#8220;30&#8243; ornament_style=&#8220;norman-single&#8220; ornament_color=&#8220;#006794&#8243; ornament_thickness=&#8220;3&#8243;]SUMMER STA\u00d0SETNING | BASE CAMP[\/mk_ornamental_title][mk_fancy_title size=&#8220;20&#8243; font_family=&#8220;Rubik&#8220; font_type=&#8220;google&#8220; align=&#8220;center&#8220;]H\u00f3tel Smyrlabj\u00f6rg | Gps: 64.2173538, -15.7195644[\/mk_fancy_title][mk_advanced_gmaps custom_markers=&#8220;true&#8220; latitude=&#8220;64.2173538&#8243; longitude=&#8220;-15.7195644&#8243; address=&#8220;H\u00f3tel Smyrlabj\u00f6rg&#8220; custom_marker_1=&#8220;http:\/\/glacierjourney.is\/wp-content\/uploads\/2018\/07\/logo-map.png&#8220; content_bg_color=&#8220;#ffffff&#8220; content_font_color=&#8220;#ffffff&#8220; height=&#8220;450&#8243; map_zoom=&#8220;10&#8243; modify_coloring=&#8220;true&#8220; hue=&#8220;#25beed&#8220;][vc_empty_space][\/vc_column][\/mk_page_section][mk_page_section bg_color=&#8220;#f9f9f9&#8243; sidebar=&#8220;sidebar-1&#8243;][vc_column][vc_empty_space height=&#8220;20px&#8220;][mk_ornamental_title text_color=&#8220;#1e73be&#8220; font_family=&#8220;Permanent+Marker&#8220; font_type=&#8220;google&#8220; font_size=&#8220;30&#8243; ornament_style=&#8220;norman-single&#8220; ornament_color=&#8220;#006794&#8243; ornament_thickness=&#8220;3&#8243;]SKILM\u00c1LAR[\/mk_ornamental_title][vc_empty_space height=&#8220;20px&#8220;][vc_column_text css=&#8220;.vc_custom_1671103226265{margin-bottom: 0px !important;}&#8220;]\n<ul>\n<li>\u00d6kur\u00e9ttindi eru nau\u00f0synleg fyrir \u00fe\u00e1 sem keyra snj\u00f3sle\u00f0ann.<\/li>\n<li>G\u00f3\u00f0ur \u00fativistarfatna\u00f0ur og g\u00f6ngusk\u00f3r er nau\u00f0synlegur.<\/li>\n<li>Nokku\u00f0 g\u00f3\u00f0s l\u00edkamlegs \u00feols er krafist fyrir flestar okkar fer\u00f0ir..<\/li>\n<li>\u00dea\u00f0 er \u00e1 \u00e1byrg\u00f0 vi\u00f0skiptavinar a\u00f0 l\u00e1ta lei\u00f0s\u00f6gumann okkar vita ef vi\u00f0komandi gl\u00edmir vi\u00f0 einhvern heilsubrest.<\/li>\n<li>\u00dea\u00f0 er 48 klst. afb\u00f3kunarreglur; vi\u00f0skiptavinir f\u00e1 90% endurgrei\u00f0slu ef \u00feeir h\u00e6tta vi\u00f0 fer\u00f0 48+ klst fyrir brottf\u00f6r. Ef h\u00e6tt er vi\u00f0 me\u00f0 minna en 48klst fyrirvara \u00fe\u00e1 er engin endurgrei\u00f0sla \u00ed bo\u00f0i.<\/li>\n<li>Ef a\u00f0 fer\u00f0inni er afl\u00fdst af Glacier Journey af einhverri \u00e1st\u00e6\u00f0u, t.d. vegna ve\u00f0urs \u00fe\u00e1 f\u00e1 vi\u00f0skiptavinir fulla endurgrei\u00f0slu.<\/li>\n<li>Glacier Journey tekur ekki \u00e1byrg\u00f0 \u00e1 slysum\/eignaspj\u00f6llum sem vi\u00f0skiptavinir valda e\u00f0a er h\u00e6gt a\u00f0 rekja til \u00f3\u00e1byrgrar heg\u00f0unar.<\/li>\n<li>Vi\u00f0skiptavinir eru \u00e1 eigin \u00e1byrg\u00f0 \u00ed \u00f6llum fer\u00f0um Glacier Journey.<\/li>\n<li>Glacier Journey getur ekki \u00e1byrgst \u00fea\u00f0 a\u00f0 \u00fea\u00f0 s\u00e9 ekki anna\u00f0 f\u00f3lk \u00e1 sama t\u00edma og sama sv\u00e6\u00f0i fr\u00e1 \u00f6\u00f0rum fer\u00f0a\u00fej\u00f3nustufyrirt\u00e6kjum.<\/li>\n<li>L\u00e1gmarksfj\u00f6ldi \u00ed fer\u00f0 eru 2 fullor\u00f0nar manneskjur.<\/li>\n<li>Ef a\u00f0 \u00f6kuma\u00f0ur e\u00f0a far\u00feegi snj\u00f3sle\u00f0a valda eignatj\u00f3ni \u00e1 sle\u00f0anum, \u00fe\u00e1 er \u00f6kuma\u00f0ur sle\u00f0ans \u00e1byrgur og \u00fearf \u00fev\u00ed a\u00f0 grei\u00f0a fyrir vi\u00f0ger\u00f0 \u00e1 sle\u00f0anum.<\/li>\n<\/ul>\n[\/vc_column_text][vc_empty_space height=&#8220;20px&#8220;][\/vc_column][\/mk_page_section][vc_row][vc_column][vc_empty_space height=&#8220;44px&#8220;][mk_gallery images=&#8220;6632,7757,7759,7761,7763,7765,7767,7769,7771,6882,6881,6786&#8243; height=&#8220;300&#8243; hover_scenarios=&#8220;slow_zoom&#8220; orderby=&#8220;rand&#8220;][vc_empty_space height=&#8220;44px&#8220;][\/vc_column][\/vc_row][mk_page_section bg_color=&#8220;#1e73be&#8220; first_page=&#8220;false&#8220; last_page=&#8220;false&#8220; sidebar=&#8220;sidebar-1&#8243;][vc_column][vc_empty_space height=&#8220;44px&#8220;][vc_empty_space height=&#8220;44px&#8220;][\/vc_column][\/mk_page_section]\n<\/div>","protected":false},"excerpt":{"rendered":"<p>[mk_page_section bg_image=&#8220;http:\/\/glacierjourney.is\/wp-content\/uploads\/2015\/07\/header-glacierjourney.jpg&#8220; attachment=&#8220;fixed&#8220; bg_position=&#8220;center top&#8220; bg_repeat=&#8220;no-repeat&#8220; bg_stretch=&#8220;true&#8220; enable_3d=&#8220;true&#8220; bg_gradient=&#8220;vertical&#8220; video_color_mask=&#8220;#1e73be&#8220; gr_end=&#8220;#28b7ff&#8220; video_opacity=&#8220;0.5&#8243; min_height=&#8220;300&#8243; full_width=&#8220;true&#8220; padding_top=&#8220;0&#8243; first_page=&#8220;true&#8220; last_page=&#8220;false&#8220; sidebar=&#8220;sidebar-1&#8243;][vc_column][mk_padding_divider size=&#8220;100&#8243;][mk_fancy_title color=&#8220;#ffffff&#8220; size=&#8220;40&#8243; font_weight=&#8220;900&#8243; letter_spacing=&#8220;4&#8243; margin_bottom=&#8220;18&#8243; font_family=&#8220;none&#8220; align=&#8220;center&#8220; animation=&#8220;fade-in&#8220;]Snj\u00f3sle\u00f0afer\u00f0 \u00e1 Kverkfj\u00f6ll[\/mk_fancy_title][mk_padding_divider][\/vc_column][\/mk_page_section][mk_page_section first_page=&#8220;false&#8220; last_page=&#8220;false&#8220; sidebar=&#8220;sidebar-1&#8243;][vc_column width=&#8220;1\/2&#8243;][vc_empty_space height=&#8220;44px&#8220;][mk_ornamental_title text_color=&#8220;#1e73be&#8220; font_family=&#8220;Rubik&#8220; font_type=&#8220;google&#8220; font_size=&#8220;24&#8243; ornament_style=&#8220;lemo-single&#8220; nss_align=&#8220;center&#8220; ornament_color=&#8220;#006794&#8243; ornament_thickness=&#8220;3&#8243;]Kverkfj\u00f6ll &#8211; eitthvert st\u00e6rsta h\u00e1hitasv\u00e6\u00f0i landsins.[\/mk_ornamental_title][vc_empty_space height=&#8220;44px&#8220;][vc_column_text css=&#8220;.vc_custom_1652179303671{margin-bottom: 0px !important;}&#8220;] Snj\u00f3sle\u00f0afer\u00f0 \u00e1 Kverkfj\u00f6ll er [&hellip;]<\/p>\n","protected":false},"author":3,"featured_media":0,"parent":7496,"menu_order":0,"comment_status":"closed","ping_status":"closed","template":"","meta":{"_exactmetrics_skip_tracking":false,"_exactmetrics_sitenote_active":false,"_exactmetrics_sitenote_note":"","_exactmetrics_sitenote_category":0,"footnotes":""},"class_list":["post-9070","page","type-page","status-publish","hentry"],"yoast_head":"<!-- This site is optimized with the Yoast SEO plugin v27.4 - https:\/\/yoast.com\/product\/yoast-seo-wordpress\/ -->\n<title>- Glacier Journey<\/title>\n<meta name=\"robots\" content=\"index, follow, max-snippet:-1, max-image-preview:large, max-video-preview:-1\" \/>\n<link rel=\"canonical\" href=\"https:\/\/glacierjourney.is\/is\/ferdir\/kverkfjoll-snjosledaferd\/\" \/>\n<meta property=\"og:locale\" content=\"is_IS\" \/>\n<meta property=\"og:type\" content=\"article\" \/>\n<meta property=\"og:title\" content=\"- Glacier Journey\" \/>\n<meta property=\"og:description\" content=\"[mk_page_section bg_image=&#8220;http:\/\/glacierjourney.is\/wp-content\/uploads\/2015\/07\/header-glacierjourney.jpg&#8220; attachment=&#8220;fixed&#8220; bg_position=&#8220;center top&#8220; bg_repeat=&#8220;no-repeat&#8220; bg_stretch=&#8220;true&#8220; enable_3d=&#8220;true&#8220; bg_gradient=&#8220;vertical&#8220; video_color_mask=&#8220;#1e73be&#8220; gr_end=&#8220;#28b7ff&#8220; video_opacity=&#8220;0.5&#8243; min_height=&#8220;300&#8243; full_width=&#8220;true&#8220; padding_top=&#8220;0&#8243; first_page=&#8220;true&#8220; last_page=&#8220;false&#8220; sidebar=&#8220;sidebar-1&#8243;][vc_column][mk_padding_divider size=&#8220;100&#8243;][mk_fancy_title color=&#8220;#ffffff&#8220; size=&#8220;40&#8243; font_weight=&#8220;900&#8243; letter_spacing=&#8220;4&#8243; margin_bottom=&#8220;18&#8243; font_family=&#8220;none&#8220; align=&#8220;center&#8220; animation=&#8220;fade-in&#8220;]Snj\u00f3sle\u00f0afer\u00f0 \u00e1 Kverkfj\u00f6ll[\/mk_fancy_title][mk_padding_divider][\/vc_column][\/mk_page_section][mk_page_section first_page=&#8220;false&#8220; last_page=&#8220;false&#8220; sidebar=&#8220;sidebar-1&#8243;][vc_column width=&#8220;1\/2&#8243;][vc_empty_space height=&#8220;44px&#8220;][mk_ornamental_title text_color=&#8220;#1e73be&#8220; font_family=&#8220;Rubik&#8220; font_type=&#8220;google&#8220; font_size=&#8220;24&#8243; ornament_style=&#8220;lemo-single&#8220; nss_align=&#8220;center&#8220; ornament_color=&#8220;#006794&#8243; ornament_thickness=&#8220;3&#8243;]Kverkfj\u00f6ll &#8211; eitthvert st\u00e6rsta h\u00e1hitasv\u00e6\u00f0i landsins.[\/mk_ornamental_title][vc_empty_space height=&#8220;44px&#8220;][vc_column_text css=&#8220;.vc_custom_1652179303671{margin-bottom: 0px !important;}&#8220;] Snj\u00f3sle\u00f0afer\u00f0 \u00e1 Kverkfj\u00f6ll er [&hellip;]\" \/>\n<meta property=\"og:url\" content=\"https:\/\/glacierjourney.is\/is\/ferdir\/kverkfjoll-snjosledaferd\/\" \/>\n<meta property=\"og:site_name\" content=\"Glacier Journey\" \/>\n<meta property=\"article:modified_time\" content=\"2024-08-14T08:51:57+00:00\" \/>\n<meta property=\"og:image\" content=\"https:\/\/glacierjourney.is\/wp-content\/uploads\/2022\/02\/logi-1.png\" \/>\n<meta name=\"twitter:card\" content=\"summary_large_image\" \/>\n<meta name=\"twitter:label1\" content=\"Est. reading time\" \/>\n\t<meta name=\"twitter:data1\" content=\"5 minutes\" \/>\n<script type=\"application\/ld+json\" class=\"yoast-schema-graph\">{\"@context\":\"https:\\\/\\\/schema.org\",\"@graph\":[{\"@type\":\"WebPage\",\"@id\":\"https:\\\/\\\/glacierjourney.is\\\/is\\\/ferdir\\\/kverkfjoll-snjosledaferd\\\/\",\"url\":\"https:\\\/\\\/glacierjourney.is\\\/is\\\/ferdir\\\/kverkfjoll-snjosledaferd\\\/\",\"name\":\"- Glacier Journey\",\"isPartOf\":{\"@id\":\"https:\\\/\\\/glacierjourney.is\\\/#website\"},\"primaryImageOfPage\":{\"@id\":\"https:\\\/\\\/glacierjourney.is\\\/is\\\/ferdir\\\/kverkfjoll-snjosledaferd\\\/#primaryimage\"},\"image\":{\"@id\":\"https:\\\/\\\/glacierjourney.is\\\/is\\\/ferdir\\\/kverkfjoll-snjosledaferd\\\/#primaryimage\"},\"thumbnailUrl\":\"https:\\\/\\\/glacierjourney.is\\\/wp-content\\\/uploads\\\/2022\\\/02\\\/logi-1.png\",\"datePublished\":\"2022-05-10T11:09:33+00:00\",\"dateModified\":\"2024-08-14T08:51:57+00:00\",\"breadcrumb\":{\"@id\":\"https:\\\/\\\/glacierjourney.is\\\/is\\\/ferdir\\\/kverkfjoll-snjosledaferd\\\/#breadcrumb\"},\"inLanguage\":\"is\",\"potentialAction\":[{\"@type\":\"ReadAction\",\"target\":[\"https:\\\/\\\/glacierjourney.is\\\/is\\\/ferdir\\\/kverkfjoll-snjosledaferd\\\/\"]}]},{\"@type\":\"ImageObject\",\"inLanguage\":\"is\",\"@id\":\"https:\\\/\\\/glacierjourney.is\\\/is\\\/ferdir\\\/kverkfjoll-snjosledaferd\\\/#primaryimage\",\"url\":\"https:\\\/\\\/glacierjourney.is\\\/wp-content\\\/uploads\\\/2022\\\/02\\\/logi-1.png\",\"contentUrl\":\"https:\\\/\\\/glacierjourney.is\\\/wp-content\\\/uploads\\\/2022\\\/02\\\/logi-1.png\"},{\"@type\":\"BreadcrumbList\",\"@id\":\"https:\\\/\\\/glacierjourney.is\\\/is\\\/ferdir\\\/kverkfjoll-snjosledaferd\\\/#breadcrumb\",\"itemListElement\":[{\"@type\":\"ListItem\",\"position\":1,\"name\":\"Home\",\"item\":\"https:\\\/\\\/glacierjourney.is\\\/is\\\/\"},{\"@type\":\"ListItem\",\"position\":2,\"name\":\"FER\u00d0IR\",\"item\":\"https:\\\/\\\/glacierjourney.is\\\/is\\\/ferdir\\\/\"}]},{\"@type\":\"WebSite\",\"@id\":\"https:\\\/\\\/glacierjourney.is\\\/#website\",\"url\":\"https:\\\/\\\/glacierjourney.is\\\/\",\"name\":\"Glacier Journey\",\"description\":\"Take a journey with us into the vastness of Vatnaj\u00f6kull\",\"potentialAction\":[{\"@type\":\"SearchAction\",\"target\":{\"@type\":\"EntryPoint\",\"urlTemplate\":\"https:\\\/\\\/glacierjourney.is\\\/?s={search_term_string}\"},\"query-input\":{\"@type\":\"PropertyValueSpecification\",\"valueRequired\":true,\"valueName\":\"search_term_string\"}}],\"inLanguage\":\"is\"}]}<\/script>\n<!-- \/ Yoast SEO plugin. -->","yoast_head_json":{"title":"- Glacier Journey","robots":{"index":"index","follow":"follow","max-snippet":"max-snippet:-1","max-image-preview":"max-image-preview:large","max-video-preview":"max-video-preview:-1"},"canonical":"https:\/\/glacierjourney.is\/is\/ferdir\/kverkfjoll-snjosledaferd\/","og_locale":"is_IS","og_type":"article","og_title":"- Glacier Journey","og_description":"[mk_page_section bg_image=&#8220;http:\/\/glacierjourney.is\/wp-content\/uploads\/2015\/07\/header-glacierjourney.jpg&#8220; attachment=&#8220;fixed&#8220; bg_position=&#8220;center top&#8220; bg_repeat=&#8220;no-repeat&#8220; bg_stretch=&#8220;true&#8220; enable_3d=&#8220;true&#8220; bg_gradient=&#8220;vertical&#8220; video_color_mask=&#8220;#1e73be&#8220; gr_end=&#8220;#28b7ff&#8220; video_opacity=&#8220;0.5&#8243; min_height=&#8220;300&#8243; full_width=&#8220;true&#8220; padding_top=&#8220;0&#8243; first_page=&#8220;true&#8220; last_page=&#8220;false&#8220; sidebar=&#8220;sidebar-1&#8243;][vc_column][mk_padding_divider size=&#8220;100&#8243;][mk_fancy_title color=&#8220;#ffffff&#8220; size=&#8220;40&#8243; font_weight=&#8220;900&#8243; letter_spacing=&#8220;4&#8243; margin_bottom=&#8220;18&#8243; font_family=&#8220;none&#8220; align=&#8220;center&#8220; animation=&#8220;fade-in&#8220;]Snj\u00f3sle\u00f0afer\u00f0 \u00e1 Kverkfj\u00f6ll[\/mk_fancy_title][mk_padding_divider][\/vc_column][\/mk_page_section][mk_page_section first_page=&#8220;false&#8220; last_page=&#8220;false&#8220; sidebar=&#8220;sidebar-1&#8243;][vc_column width=&#8220;1\/2&#8243;][vc_empty_space height=&#8220;44px&#8220;][mk_ornamental_title text_color=&#8220;#1e73be&#8220; font_family=&#8220;Rubik&#8220; font_type=&#8220;google&#8220; font_size=&#8220;24&#8243; ornament_style=&#8220;lemo-single&#8220; nss_align=&#8220;center&#8220; ornament_color=&#8220;#006794&#8243; ornament_thickness=&#8220;3&#8243;]Kverkfj\u00f6ll &#8211; eitthvert st\u00e6rsta h\u00e1hitasv\u00e6\u00f0i landsins.[\/mk_ornamental_title][vc_empty_space height=&#8220;44px&#8220;][vc_column_text css=&#8220;.vc_custom_1652179303671{margin-bottom: 0px !important;}&#8220;] Snj\u00f3sle\u00f0afer\u00f0 \u00e1 Kverkfj\u00f6ll er [&hellip;]","og_url":"https:\/\/glacierjourney.is\/is\/ferdir\/kverkfjoll-snjosledaferd\/","og_site_name":"Glacier Journey","article_modified_time":"2024-08-14T08:51:57+00:00","og_image":[{"url":"https:\/\/glacierjourney.is\/wp-content\/uploads\/2022\/02\/logi-1.png","type":"","width":"","height":""}],"twitter_card":"summary_large_image","twitter_misc":{"Est. reading time":"5 minutes"},"schema":{"@context":"https:\/\/schema.org","@graph":[{"@type":"WebPage","@id":"https:\/\/glacierjourney.is\/is\/ferdir\/kverkfjoll-snjosledaferd\/","url":"https:\/\/glacierjourney.is\/is\/ferdir\/kverkfjoll-snjosledaferd\/","name":"- Glacier Journey","isPartOf":{"@id":"https:\/\/glacierjourney.is\/#website"},"primaryImageOfPage":{"@id":"https:\/\/glacierjourney.is\/is\/ferdir\/kverkfjoll-snjosledaferd\/#primaryimage"},"image":{"@id":"https:\/\/glacierjourney.is\/is\/ferdir\/kverkfjoll-snjosledaferd\/#primaryimage"},"thumbnailUrl":"https:\/\/glacierjourney.is\/wp-content\/uploads\/2022\/02\/logi-1.png","datePublished":"2022-05-10T11:09:33+00:00","dateModified":"2024-08-14T08:51:57+00:00","breadcrumb":{"@id":"https:\/\/glacierjourney.is\/is\/ferdir\/kverkfjoll-snjosledaferd\/#breadcrumb"},"inLanguage":"is","potentialAction":[{"@type":"ReadAction","target":["https:\/\/glacierjourney.is\/is\/ferdir\/kverkfjoll-snjosledaferd\/"]}]},{"@type":"ImageObject","inLanguage":"is","@id":"https:\/\/glacierjourney.is\/is\/ferdir\/kverkfjoll-snjosledaferd\/#primaryimage","url":"https:\/\/glacierjourney.is\/wp-content\/uploads\/2022\/02\/logi-1.png","contentUrl":"https:\/\/glacierjourney.is\/wp-content\/uploads\/2022\/02\/logi-1.png"},{"@type":"BreadcrumbList","@id":"https:\/\/glacierjourney.is\/is\/ferdir\/kverkfjoll-snjosledaferd\/#breadcrumb","itemListElement":[{"@type":"ListItem","position":1,"name":"Home","item":"https:\/\/glacierjourney.is\/is\/"},{"@type":"ListItem","position":2,"name":"FER\u00d0IR","item":"https:\/\/glacierjourney.is\/is\/ferdir\/"}]},{"@type":"WebSite","@id":"https:\/\/glacierjourney.is\/#website","url":"https:\/\/glacierjourney.is\/","name":"Glacier Journey","description":"Take a journey with us into the vastness of Vatnaj\u00f6kull","potentialAction":[{"@type":"SearchAction","target":{"@type":"EntryPoint","urlTemplate":"https:\/\/glacierjourney.is\/?s={search_term_string}"},"query-input":{"@type":"PropertyValueSpecification","valueRequired":true,"valueName":"search_term_string"}}],"inLanguage":"is"}]}},"_links":{"self":[{"href":"https:\/\/glacierjourney.is\/is\/wp-json\/wp\/v2\/pages\/9070","targetHints":{"allow":["GET"]}}],"collection":[{"href":"https:\/\/glacierjourney.is\/is\/wp-json\/wp\/v2\/pages"}],"about":[{"href":"https:\/\/glacierjourney.is\/is\/wp-json\/wp\/v2\/types\/page"}],"author":[{"embeddable":true,"href":"https:\/\/glacierjourney.is\/is\/wp-json\/wp\/v2\/users\/3"}],"replies":[{"embeddable":true,"href":"https:\/\/glacierjourney.is\/is\/wp-json\/wp\/v2\/comments?post=9070"}],"version-history":[{"count":13,"href":"https:\/\/glacierjourney.is\/is\/wp-json\/wp\/v2\/pages\/9070\/revisions"}],"predecessor-version":[{"id":10463,"href":"https:\/\/glacierjourney.is\/is\/wp-json\/wp\/v2\/pages\/9070\/revisions\/10463"}],"up":[{"embeddable":true,"href":"https:\/\/glacierjourney.is\/is\/wp-json\/wp\/v2\/pages\/7496"}],"wp:attachment":[{"href":"https:\/\/glacierjourney.is\/is\/wp-json\/wp\/v2\/media?parent=9070"}],"curies":[{"name":"wp","href":"https:\/\/api.w.org\/{rel}","templated":true}]}}