{"id":8634,"date":"2022-01-14T16:41:31","date_gmt":"2022-01-14T16:41:31","guid":{"rendered":"https:\/\/glacierjourney.is\/?page_id=8634"},"modified":"2025-06-12T12:58:53","modified_gmt":"2025-06-12T12:58:53","slug":"adgengi","status":"publish","type":"page","link":"https:\/\/glacierjourney.is\/is\/adgengi\/","title":{"rendered":""},"content":{"rendered":"<div class=\"wpb-content-wrapper\">[vc_row][vc_column][vc_tta_pageable no_fill_content_area=&#8220;true&#8220; autoplay=&#8220;10&#8243; active_section=&#8220;1&#8243; pagination_style=&#8220;flat-rounded&#8220; pagination_color=&#8220;sky&#8220; css_animation=&#8220;appear&#8220;][vc_tta_section title=&#8220;A\u00d0GENGI&#8220; tab_id=&#8220;1702980358849-52943f9e-b30d&#8220;][vc_column_text css=&#8220;.vc_custom_1702980477711{margin-bottom: 0px !important;}&#8220;]\n<h2 style=\"text-align: center;\"><strong>A\u00f0gengi<\/strong><\/h2>\n<p style=\"text-align: center;\"><strong>Vi\u00f0 leggjum mikla \u00e1herslu \u00e1 a\u00f0 veita a\u00f0gengi fyrir \u00f6ll. <\/strong><\/p>\n<p style=\"text-align: center;\">Vi\u00f0 hj\u00e1 Glacier Journey h\u00f6fum sett okkur \u00fea\u00f0 markmi\u00f0 a\u00f0 veita \u00f6llum okkar gestum g\u00f3\u00f0a \u00fej\u00f3nustu og hl\u00fdlegt vi\u00f0horf. \u00dea\u00f0 var og er okkur \u00fev\u00ed mikilv\u00e6gt a\u00f0 laga a\u00f0gengi a\u00f0 m\u00f3tt\u00f6kunni okkar.<\/p>\n<p style=\"text-align: center;\">Vi\u00f0 viljum geta teki\u00f0 \u00e1 m\u00f3ti \u00feeim sem vilja koma og taka \u00fe\u00e1tt \u00ed \u00e6vint\u00fdrum me\u00f0 okkur \u00fer\u00e1tt fyrir hreyfihamlanir.<\/p>\n<p style=\"text-align: center;\"><strong>A\u00f0sta\u00f0an okkar<\/strong><\/p>\n<p style=\"text-align: center;\">Vi\u00f0 erum me\u00f0 m\u00f3tt\u00f6ku fyrir snj\u00f3sle\u00f0a og jeppafer\u00f0irnar okkar vi\u00f0 hli\u00f0ina \u00e1 H\u00f3tel Smyrlabj\u00f6rgum. \u00dear er st\u00f3rt malarb\u00edlast\u00e6\u00f0i og h\u00e6gt er a\u00f0 aka bifrei\u00f0 n\u00e1nast alveg upp a\u00f0 pallinum vi\u00f0 m\u00f3tt\u00f6kuna okkar. \u00dea\u00f0 er \u00fev\u00ed stutt a\u00f0 fara \u00e1 t.d. hj\u00f3last\u00f3l fr\u00e1 bifrei\u00f0 a\u00f0 h\u00fasi. Vi\u00f0 erum me\u00f0 st\u00f3ran vi\u00f0arpall fyrir utan m\u00f3tt\u00f6kuna og \u00fear er hj\u00f3last\u00f3larampur til \u00feess a\u00f0 komast fr\u00e1 malarplani og a\u00f0 h\u00fasi. Gott r\u00fdmi er svo inni \u00ed m\u00f3tt\u00f6kunni okkar.<\/p>\n<p style=\"text-align: center;\">Glacier Journey teymi\u00f0 er alltaf tilb\u00fai\u00f0 til a\u00f0 a\u00f0sto\u00f0a ef \u00feess \u00fearf.<\/p>\n<p style=\"text-align: center;\"><strong>Vi\u00f0 viljum gera betur<\/strong><\/p>\n<p style=\"text-align: center;\">Vi\u00f0 vitum a\u00f0 \u00fea\u00f0 \u00fearf a\u00f0 huga a\u00f0 m\u00f6rgu \u00feegar kemur a\u00f0 \u00fev\u00ed a\u00f0 veita gott a\u00f0gengi og er markmi\u00f0 okkar a\u00f0 b\u00e6ta a\u00f0st\u00f6\u00f0una okkar st\u00f6\u00f0ugt.<\/p>\n<p style=\"text-align: center;\">Vi\u00f0 vitum a\u00f0 \u00fea\u00f0 er mikilv\u00e6gt a\u00f0 fyrirt\u00e6ki veiti g\u00f3\u00f0a a\u00f0st\u00f6\u00f0u fyrir \u00f6ll og vi\u00f0 vonumst til a\u00f0 geta or\u00f0i\u00f0 hvatning fyrir \u00f6nnur fyrirt\u00e6ki.<\/p>\n<p style=\"text-align: center;\"><strong>\u00dea\u00f0 m\u00e1 alltaf gera betur<\/strong><\/p>\n<p style=\"text-align: center;\">Vi\u00f0 h\u00f6fum sett okkur \u00feau markmi\u00f0 a\u00f0 gera alltaf a\u00f0eins betur og vi\u00f0 t\u00f6kum vel \u00e1 m\u00f3ti athugasemdum og endurgj\u00f6f.<\/p>\n<p style=\"text-align: center;\">Vi\u00f0 erum stolt af \u00fev\u00ed a\u00f0 deila \u00e6vint\u00fdrunum okkar me\u00f0 \u00f6llum okkar gestum \u00fer\u00e1tt fyrir hreyfihamlanir og hvetjum vi\u00f0 a\u00f0ra \u00ed bransanum til \u00feess a\u00f0 gera sl\u00edkt hi\u00f0 sama.<\/p>\n[\/vc_column_text][vc_single_image image=&#8220;10392&#8243; img_size=&#8220;full&#8220; alignment=&#8220;center&#8220;][vc_single_image image=&#8220;10395&#8243; img_size=&#8220;full&#8220; alignment=&#8220;center&#8220;][\/vc_tta_section][vc_tta_section title=&#8220;\u00deEGAR KOMI\u00d0 ER \u00cd FER\u00d0 ME\u00d0 OKKUR&#8220; tab_id=&#8220;1642173174054-e533950f-dbb8&#8243;][vc_column_text css=&#8220;.vc_custom_1702980197170{margin-bottom: 0px !important;}&#8220;]\n<p style=\"text-align: center;\"><strong>\u00deEGAR KOMI\u00d0 ER \u00cd FER\u00d0 ME\u00d0 OKKUR ER GOTT A\u00d0 GISTA \u00cd N\u00c1GRENNINU<\/strong><\/p>\n<p style=\"text-align: center;\">\u00deegar komi\u00f0 er \u00ed morgunfer\u00f0 me\u00f0 okkur \u00fe\u00e1 er gott a\u00f0 gista n\u00f3ttina fyrir einhverssta\u00f0ar n\u00e1l\u00e6gt.<\/p>\n<p style=\"text-align: center;\">\u00deegar komi\u00f0 er \u00ed seinnipartsfer\u00f0 me\u00f0 okkur \u00fe\u00e1 er gott a\u00f0 gista n\u00f3ttina \u00e1 eftir einhverssta\u00f0ar n\u00e1l\u00e6gt.<\/p>\n<p style=\"text-align: center;\"><strong>Fer\u00f0at\u00edminn a\u00f0 m\u00f3tt\u00f6kunni okkar \u00e1 sumrin \u2013 H\u00f3tel Smyrlabj\u00f6rg<\/strong><\/p>\n<p style=\"text-align: center;\">Fr\u00e1 Reykjav\u00edk tekur \u00fea\u00f0 um \u00fea\u00f0 bil 5 klst.<\/p>\n<p style=\"text-align: center;\">Fr\u00e1 V\u00edk tekur \u00fea\u00f0 um \u00fea\u00f0 bil 3 klst.<\/p>\n<p style=\"text-align: center;\">Fr\u00e1 Skaftafelli tekur \u00fea\u00f0 um \u00fea\u00f0 bil 1 klst &amp; 15 m\u00edn\u00fatur.<\/p>\n<p style=\"text-align: center;\">Fr\u00e1 H\u00f6fn tekur \u00fea\u00f0 um \u00fea\u00f0 bil 35 m\u00edn\u00fatur.<\/p>\n<p style=\"text-align: center;\">Taki\u00f0 eftir \u2013 \u00feessir t\u00edmar eru gefnir upp mi\u00f0a\u00f0 vi\u00f0 g\u00f3\u00f0a f\u00e6r\u00f0 og gott ve\u00f0ur.<\/p>\n<p style=\"text-align: center;\">Fyrir f\u00e6r\u00f0 \u00e1 vegum\u00a0<a href=\"http:\/\/www.vegagerdin.is\/\">vegagerdin.is<\/a>\u00a0og ve\u00f0ri\u00f0\u00a0<a href=\"http:\/\/vedur.is\/\">vedur.is<\/a><\/p>\n<p style=\"text-align: center;\"><strong>Fer\u00f0at\u00edminn a\u00f0 m\u00f3tt\u00f6kunni okkar \u00e1 veturnar \u2013 J\u00f6kuls\u00e1rl\u00f3n<\/strong><\/p>\n<p style=\"text-align: center;\">Fr\u00e1 Reykjav\u00edk tekur \u00fea\u00f0 um \u00fea\u00f0 bil 4 klst.<\/p>\n<p style=\"text-align: center;\">Fr\u00e1 V\u00edk tekur \u00fea\u00f0 um \u00fea\u00f0 bil 2 klst.<\/p>\n<p style=\"text-align: center;\">Fr\u00e1 Skaftafelli tekur \u00fea\u00f0 um \u00fea\u00f0 bil 50 m\u00edn\u00fatur.<\/p>\n<p style=\"text-align: center;\">Fr\u00e1 H\u00f6fn tekur \u00fea\u00f0 um \u00fea\u00f0 bil 1 klst &amp; 10 m\u00edn\u00fatur.<\/p>\n<p style=\"text-align: center;\">Taki\u00f0 eftir \u2013 \u00feessir t\u00edmar eru gefnir upp mi\u00f0a\u00f0 vi\u00f0 g\u00f3\u00f0a f\u00e6r\u00f0 og gott ve\u00f0ur.<\/p>\n<p style=\"text-align: center;\">Fyrir f\u00e6r\u00f0 \u00e1 vegum\u00a0<a href=\"http:\/\/www.vegagerdin.is\/\">vegagerdin.is<\/a>\u00a0og ve\u00f0ri\u00f0\u00a0<a href=\"http:\/\/vedur.is\/\">vedur.is\u00a0<\/a><\/p>\n[\/vc_column_text][\/vc_tta_section][vc_tta_section title=&#8220;STA\u00d0SETNING&#8220; tab_id=&#8220;1642173174045-06847cad-bb00&#8243;][vc_single_image image=&#8220;9523&#8243; img_size=&#8220;full&#8220; alignment=&#8220;center&#8220;][\/vc_tta_section][vc_tta_section title=&#8220;\u00cd HVERJU \u00c1 \u00c9G A\u00d0 KL\u00c6\u00d0AST&#8220; tab_id=&#8220;1680253225516-bfc12d99-abb6&#8243;][vc_column_text css=&#8220;.vc_custom_1702980309201{margin-bottom: 0px !important;}&#8220;]\n<p style=\"text-align: center;\"><strong>\u00cd HVERJU ER GOTT A\u00d0 KL\u00c6\u00d0AST \u00cd FER\u00d0UM ME\u00d0 OKKUR<\/strong><\/p>\n<p style=\"text-align: center;\">\u00cd snj\u00f3sle\u00f0afer\u00f0um m\u00e6lum vi\u00f0 a\u00f0 \u00fe\u00fa kl\u00e6\u00f0ist \u00ed f\u00f6tum sem eru \u00fe\u00e6gileg og hl\u00fd. Gott er a\u00f0 vera \u00ed g\u00f3\u00f0um sk\u00f3m sem eru nokkurn veginn vatnsheldir. Vi\u00f0 m\u00e6lum me\u00f0 a\u00f0 koma me\u00f0 g\u00f3\u00f0a hanska og s\u00f3lgleraugu.<\/p>\n<p style=\"text-align: center;\">\u00cd \u00edshella- og j\u00f6klafer\u00f0um m\u00e6lum vi\u00f0 eindregi\u00f0 me\u00f0 a\u00f0 \u00fe\u00fa kl\u00e6\u00f0ist \u00ed hl\u00fdtt og \u00fe\u00e6gilegt innsta lag og hl\u00fdtt, \u00fe\u00e6gilegt og vatnshelt milli- og ysta lag. Vi\u00f0 m\u00e6lum alls ekki me\u00f0 a\u00f0 kl\u00e6\u00f0ast \u00ed gallabuxum \u00fear sem \u00fe\u00e6r ver\u00f0a \u00feungar, kaldar og \u00f3\u00fe\u00e6gilegar \u00feegar \u00fea\u00f0 er blautt.<\/p>\n<p style=\"text-align: center;\">Gott er a\u00f0 muna hva\u00f0 eyjan okkar er me\u00f0 s\u00edbreytilegt ve\u00f0ur og a\u00f0 mikilv\u00e6gt er a\u00f0 vera vel undirb\u00fain \u00fear sem \u00fea\u00f0 munar stundum ekki mikils \u00e1 milli s\u00f3lskins og snj\u00f3s.<br \/>\nMinna er \u00ed \u00feessu tilefni ekki betra heldur \u00e1ttu a\u00f0 stefna \u00e1 \u00fea\u00f0 a\u00f0 \u00ed \u00f6llum a\u00f0st\u00e6\u00f0um vera hl\u00fdtt, \u00fe\u00e6gilegt og a\u00f0 vera \u00feurr.<br \/>\nVi\u00f0 m\u00e6lum auk \u00feess alltaf me\u00f0 a\u00f0 vera me\u00f0 s\u00f3lgleraugu, b\u00e6\u00f0i sumar sem vetur til.<\/p>\n[\/vc_column_text][\/vc_tta_section][\/vc_tta_pageable][\/vc_column][\/vc_row]\n<\/div>","protected":false},"excerpt":{"rendered":"<p>[vc_row][vc_column][vc_tta_pageable no_fill_content_area=&#8220;true&#8220; autoplay=&#8220;10&#8243; active_section=&#8220;1&#8243; pagination_style=&#8220;flat-rounded&#8220; pagination_color=&#8220;sky&#8220; css_animation=&#8220;appear&#8220;][vc_tta_section title=&#8220;A\u00d0GENGI&#8220; tab_id=&#8220;1702980358849-52943f9e-b30d&#8220;][vc_column_text css=&#8220;.vc_custom_1702980477711{margin-bottom: 0px !important;}&#8220;] A\u00f0gengi Vi\u00f0 leggjum mikla \u00e1herslu \u00e1 a\u00f0 veita a\u00f0gengi fyrir \u00f6ll. Vi\u00f0 hj\u00e1 Glacier Journey h\u00f6fum sett okkur \u00fea\u00f0 markmi\u00f0 a\u00f0 veita \u00f6llum okkar gestum g\u00f3\u00f0a \u00fej\u00f3nustu og hl\u00fdlegt vi\u00f0horf. \u00dea\u00f0 var og er okkur \u00fev\u00ed mikilv\u00e6gt a\u00f0 laga a\u00f0gengi a\u00f0 m\u00f3tt\u00f6kunni okkar. [&hellip;]<\/p>\n","protected":false},"author":3,"featured_media":0,"parent":0,"menu_order":0,"comment_status":"closed","ping_status":"closed","template":"","meta":{"_exactmetrics_skip_tracking":false,"_exactmetrics_sitenote_active":false,"_exactmetrics_sitenote_note":"","_exactmetrics_sitenote_category":0,"footnotes":""},"class_list":["post-8634","page","type-page","status-publish","hentry"],"yoast_head":"<!-- This site is optimized with the Yoast SEO plugin v27.4 - https:\/\/yoast.com\/product\/yoast-seo-wordpress\/ -->\n<title>- Glacier Journey<\/title>\n<meta name=\"robots\" content=\"index, follow, max-snippet:-1, max-image-preview:large, max-video-preview:-1\" \/>\n<link rel=\"canonical\" href=\"https:\/\/glacierjourney.is\/is\/adgengi\/\" \/>\n<meta property=\"og:locale\" content=\"is_IS\" \/>\n<meta property=\"og:type\" content=\"article\" \/>\n<meta property=\"og:title\" content=\"- Glacier Journey\" \/>\n<meta property=\"og:description\" content=\"[vc_row][vc_column][vc_tta_pageable no_fill_content_area=&#8220;true&#8220; autoplay=&#8220;10&#8243; active_section=&#8220;1&#8243; pagination_style=&#8220;flat-rounded&#8220; pagination_color=&#8220;sky&#8220; css_animation=&#8220;appear&#8220;][vc_tta_section title=&#8220;A\u00d0GENGI&#8220; tab_id=&#8220;1702980358849-52943f9e-b30d&#8220;][vc_column_text css=&#8220;.vc_custom_1702980477711{margin-bottom: 0px !important;}&#8220;] A\u00f0gengi Vi\u00f0 leggjum mikla \u00e1herslu \u00e1 a\u00f0 veita a\u00f0gengi fyrir \u00f6ll. Vi\u00f0 hj\u00e1 Glacier Journey h\u00f6fum sett okkur \u00fea\u00f0 markmi\u00f0 a\u00f0 veita \u00f6llum okkar gestum g\u00f3\u00f0a \u00fej\u00f3nustu og hl\u00fdlegt vi\u00f0horf. \u00dea\u00f0 var og er okkur \u00fev\u00ed mikilv\u00e6gt a\u00f0 laga a\u00f0gengi a\u00f0 m\u00f3tt\u00f6kunni okkar. [&hellip;]\" \/>\n<meta property=\"og:url\" content=\"https:\/\/glacierjourney.is\/is\/adgengi\/\" \/>\n<meta property=\"og:site_name\" content=\"Glacier Journey\" \/>\n<meta property=\"article:modified_time\" content=\"2025-06-12T12:58:53+00:00\" \/>\n<meta name=\"twitter:card\" content=\"summary_large_image\" \/>\n<meta name=\"twitter:label1\" content=\"Est. reading time\" \/>\n\t<meta name=\"twitter:data1\" content=\"3 minutes\" \/>\n<script type=\"application\/ld+json\" class=\"yoast-schema-graph\">{\"@context\":\"https:\\\/\\\/schema.org\",\"@graph\":[{\"@type\":\"WebPage\",\"@id\":\"https:\\\/\\\/glacierjourney.is\\\/is\\\/adgengi\\\/\",\"url\":\"https:\\\/\\\/glacierjourney.is\\\/is\\\/adgengi\\\/\",\"name\":\"- Glacier Journey\",\"isPartOf\":{\"@id\":\"https:\\\/\\\/glacierjourney.is\\\/#website\"},\"datePublished\":\"2022-01-14T16:41:31+00:00\",\"dateModified\":\"2025-06-12T12:58:53+00:00\",\"inLanguage\":\"is\",\"potentialAction\":[{\"@type\":\"ReadAction\",\"target\":[\"https:\\\/\\\/glacierjourney.is\\\/is\\\/adgengi\\\/\"]}]},{\"@type\":\"WebSite\",\"@id\":\"https:\\\/\\\/glacierjourney.is\\\/#website\",\"url\":\"https:\\\/\\\/glacierjourney.is\\\/\",\"name\":\"Glacier Journey\",\"description\":\"Take a journey with us into the vastness of Vatnaj\u00f6kull\",\"potentialAction\":[{\"@type\":\"SearchAction\",\"target\":{\"@type\":\"EntryPoint\",\"urlTemplate\":\"https:\\\/\\\/glacierjourney.is\\\/?s={search_term_string}\"},\"query-input\":{\"@type\":\"PropertyValueSpecification\",\"valueRequired\":true,\"valueName\":\"search_term_string\"}}],\"inLanguage\":\"is\"}]}<\/script>\n<!-- \/ Yoast SEO plugin. -->","yoast_head_json":{"title":"- Glacier Journey","robots":{"index":"index","follow":"follow","max-snippet":"max-snippet:-1","max-image-preview":"max-image-preview:large","max-video-preview":"max-video-preview:-1"},"canonical":"https:\/\/glacierjourney.is\/is\/adgengi\/","og_locale":"is_IS","og_type":"article","og_title":"- Glacier Journey","og_description":"[vc_row][vc_column][vc_tta_pageable no_fill_content_area=&#8220;true&#8220; autoplay=&#8220;10&#8243; active_section=&#8220;1&#8243; pagination_style=&#8220;flat-rounded&#8220; pagination_color=&#8220;sky&#8220; css_animation=&#8220;appear&#8220;][vc_tta_section title=&#8220;A\u00d0GENGI&#8220; tab_id=&#8220;1702980358849-52943f9e-b30d&#8220;][vc_column_text css=&#8220;.vc_custom_1702980477711{margin-bottom: 0px !important;}&#8220;] A\u00f0gengi Vi\u00f0 leggjum mikla \u00e1herslu \u00e1 a\u00f0 veita a\u00f0gengi fyrir \u00f6ll. Vi\u00f0 hj\u00e1 Glacier Journey h\u00f6fum sett okkur \u00fea\u00f0 markmi\u00f0 a\u00f0 veita \u00f6llum okkar gestum g\u00f3\u00f0a \u00fej\u00f3nustu og hl\u00fdlegt vi\u00f0horf. \u00dea\u00f0 var og er okkur \u00fev\u00ed mikilv\u00e6gt a\u00f0 laga a\u00f0gengi a\u00f0 m\u00f3tt\u00f6kunni okkar. [&hellip;]","og_url":"https:\/\/glacierjourney.is\/is\/adgengi\/","og_site_name":"Glacier Journey","article_modified_time":"2025-06-12T12:58:53+00:00","twitter_card":"summary_large_image","twitter_misc":{"Est. reading time":"3 minutes"},"schema":{"@context":"https:\/\/schema.org","@graph":[{"@type":"WebPage","@id":"https:\/\/glacierjourney.is\/is\/adgengi\/","url":"https:\/\/glacierjourney.is\/is\/adgengi\/","name":"- Glacier Journey","isPartOf":{"@id":"https:\/\/glacierjourney.is\/#website"},"datePublished":"2022-01-14T16:41:31+00:00","dateModified":"2025-06-12T12:58:53+00:00","inLanguage":"is","potentialAction":[{"@type":"ReadAction","target":["https:\/\/glacierjourney.is\/is\/adgengi\/"]}]},{"@type":"WebSite","@id":"https:\/\/glacierjourney.is\/#website","url":"https:\/\/glacierjourney.is\/","name":"Glacier Journey","description":"Take a journey with us into the vastness of Vatnaj\u00f6kull","potentialAction":[{"@type":"SearchAction","target":{"@type":"EntryPoint","urlTemplate":"https:\/\/glacierjourney.is\/?s={search_term_string}"},"query-input":{"@type":"PropertyValueSpecification","valueRequired":true,"valueName":"search_term_string"}}],"inLanguage":"is"}]}},"_links":{"self":[{"href":"https:\/\/glacierjourney.is\/is\/wp-json\/wp\/v2\/pages\/8634","targetHints":{"allow":["GET"]}}],"collection":[{"href":"https:\/\/glacierjourney.is\/is\/wp-json\/wp\/v2\/pages"}],"about":[{"href":"https:\/\/glacierjourney.is\/is\/wp-json\/wp\/v2\/types\/page"}],"author":[{"embeddable":true,"href":"https:\/\/glacierjourney.is\/is\/wp-json\/wp\/v2\/users\/3"}],"replies":[{"embeddable":true,"href":"https:\/\/glacierjourney.is\/is\/wp-json\/wp\/v2\/comments?post=8634"}],"version-history":[{"count":8,"href":"https:\/\/glacierjourney.is\/is\/wp-json\/wp\/v2\/pages\/8634\/revisions"}],"predecessor-version":[{"id":10398,"href":"https:\/\/glacierjourney.is\/is\/wp-json\/wp\/v2\/pages\/8634\/revisions\/10398"}],"wp:attachment":[{"href":"https:\/\/glacierjourney.is\/is\/wp-json\/wp\/v2\/media?parent=8634"}],"curies":[{"name":"wp","href":"https:\/\/api.w.org\/{rel}","templated":true}]}}