{"id":8332,"date":"2021-12-08T13:59:42","date_gmt":"2021-12-08T13:59:42","guid":{"rendered":"https:\/\/glacierjourney.is\/?page_id=8332"},"modified":"2023-10-05T10:41:38","modified_gmt":"2023-10-05T10:41:38","slug":"stefna-og-aherslur","status":"publish","type":"page","link":"https:\/\/glacierjourney.is\/is\/stefna-og-aherslur\/","title":{"rendered":""},"content":{"rendered":"<div class=\"wpb-content-wrapper\">[vc_row][vc_column][mk_fancy_title color=&#8220;#1e73be&#8220; size=&#8220;34&#8243; font_weight=&#8220;bold&#8220; margin_bottom=&#8220;18&#8243; font_family=&#8220;Oswald&#8220; font_type=&#8220;google&#8220; align=&#8220;center&#8220;]STEFNA OG \u00c1HERSLUR[\/mk_fancy_title][\/vc_column][\/vc_row][vc_row][vc_column][vc_column_text css=&#8220;.vc_custom_1696502493189{margin-bottom: 0px !important;}&#8220;]\n<h2><strong>UMHVERFISSTEFNA<\/strong><\/h2>\n<p>Vi\u00f0 hj\u00e1 Glacier Journey viljum deila \u00e1str\u00ed\u00f0u okkar og vir\u00f0ingu fyrir n\u00e1tt\u00faru \u00cdslands og \u00e1 sama t\u00edma b\u00faa til \u00f3gleymanlega fer\u00f0ir fyrir okkar gesti. N\u00e1tt\u00fara \u00cdslands er einst\u00f6k en vi\u00f0kv\u00e6m. Vi\u00f0 viljum stu\u00f0la a\u00f0 \u00fev\u00ed a\u00f0 vi\u00f0horf til n\u00e1tt\u00farunnar s\u00e9 fyrst og fremst vir\u00f0ing og leggja \u00e1herslu \u00e1 a\u00f0 h\u00e1lendi\u00f0 haldist sem mest \u00f3snorti\u00f0 svo a\u00f0 kynsl\u00f3\u00f0ir framt\u00ed\u00f0arinnar geti einnig noti\u00f0 \u00feess.<\/p>\n<p>\u00de\u00f3 a\u00f0 Glacier Journey s\u00e9 \u00feegar votta\u00f0 samf\u00e9lagslega \u00e1byrgt fer\u00f0a\u00fej\u00f3nustufyrirt\u00e6ki reynum vi\u00f0 alltaf a\u00f0 b\u00e6ta okkur og gera betur. Vi\u00f0 tr\u00faum \u00fev\u00ed a\u00f0 ef fyrirt\u00e6ki eins og okkar vill \u00fer\u00edfast, \u00fearf \u00fea\u00f0 a\u00f0 gerast \u00ed s\u00e1tt vi\u00f0 n\u00e1tt\u00faruna og vi\u00f0 samf\u00e9lagi\u00f0. Vi\u00f0 reynum alltaf a\u00f0 versla vi\u00f0 heimamenn og fyrirt\u00e6ki \u00ed heimabygg\u00f0 til a\u00f0 tryggja \u00f6rugga framlei\u00f0slu og r\u00e9ttindi starfsmanna. Glacier Journey a\u00f0sto\u00f0ar einnig me\u00f0 sj\u00e1lfbo\u00f0ali\u00f0ast\u00f6rf \u00ed heimabygg\u00f0 og gefur til \u00fdmissa hj\u00e1lpar- og g\u00f3\u00f0ger\u00f0arsamtaka.[\/vc_column_text][\/vc_column][\/vc_row][vc_row][vc_column][vc_empty_space][mk_divider style=&#8220;thick_solid&#8220; animation=&#8220;fade-in&#8220;][vc_empty_space][\/vc_column][\/vc_row][vc_row][vc_column width=&#8220;1\/2&#8243;][vc_empty_space height=&#8220;15px&#8220;][vc_empty_space height=&#8220;15px&#8220;][vc_empty_space height=&#8220;15px&#8220;][vc_empty_space height=&#8220;15px&#8220;][vc_empty_space height=&#8220;15px&#8220;][vc_empty_space height=&#8220;15px&#8220;][vc_empty_space height=&#8220;15px&#8220;][vc_column_text margin_bottom=&#8220;15&#8243; css=&#8220;.vc_custom_1671099766364{margin-bottom: 0px !important;}&#8220;]\n<ul>\n<li>Vi\u00f0 sl\u00f6kkvum \u00e1 lj\u00f3sum og \u00e1 b\u00fana\u00f0i sem ekki er \u00ed notkun.<\/li>\n<li>Vi\u00f0 notum sparperur \u00ed h\u00fasn\u00e6\u00f0i okkar eins og kostur er.<\/li>\n<li>Vi\u00f0 notum orkusparandi b\u00fana\u00f0 eftir \u00fev\u00ed sem unnt er og kaupum orkusparandi t\u00e6ki \u00feegar komi\u00f0 er a\u00f0 \u00fev\u00ed a\u00f0 skipta \u00fat.<\/li>\n<li>Vi\u00f0 notum hreyfinema fyrir l\u00fdsingu \u00fear sem vi\u00f0 \u00e1.<\/li>\n<li>Vi\u00f0 l\u00e1tum ekki vatn renna \u00feegar vi\u00f0 erum ekki a\u00f0 nota \u00fea\u00f0.<\/li>\n<li>Vi\u00f0 notum vatnssparandi upp\u00fevottav\u00e9lar\/\u00fevottav\u00e9lar.<\/li>\n<li>Vi\u00f0 notum vatnssparandi salerni.<\/li>\n<li>Vi\u00f0 flokkum sorp og dr\u00f6gum \u00far \u00fargangi.<\/li>\n<li>Vi\u00f0 bj\u00f3\u00f0um vi\u00f0skiptavinum okkar a\u00f0 flokka \u00fargang.<\/li>\n<li>Vi\u00f0 kaupum skiptum vi\u00f0 prentsmi\u00f0jur me\u00f0 vi\u00f0urkennda umhverfisvottun.<\/li>\n<li>Vi\u00f0 prentum \u00e1 umhverfisvotta\u00f0an\/endurn\u00fdtanlegan papp\u00edr.<\/li>\n<li>Vi\u00f0 kaupum v\u00f6rur \u00far heimabygg\u00f0, eftir \u00fev\u00ed sem ver\u00f0ur vi\u00f0 komi\u00f0.<\/li>\n<\/ul>\n[\/vc_column_text][\/vc_column][vc_column width=&#8220;1\/2&#8243;][vc_single_image image=&#8220;7509&#8243; img_size=&#8220;LARGE&#8220;][\/vc_column][\/vc_row][vc_row][vc_column][vc_empty_space][mk_divider style=&#8220;thick_solid&#8220; animation=&#8220;fade-in&#8220;][vc_empty_space][\/vc_column][\/vc_row][vc_row][vc_column width=&#8220;1\/2&#8243;][vc_single_image image=&#8220;8367&#8243; img_size=&#8220;LARGE&#8220;][\/vc_column][vc_column width=&#8220;1\/2&#8243;][vc_empty_space height=&#8220;40px&#8220;][vc_column_text css=&#8220;.vc_custom_1638971791020{margin-bottom: 0px !important;}&#8220;]\n<ul>\n<li>Vi\u00f0 notum skammtara fyrir snyrtiv\u00f6rur \u00e1 snyrtingum fyrirt\u00e6kisins.<\/li>\n<li>Vi\u00f0 notum endurn\u00fdtanlegt \u00ed sta\u00f0 einnota \u00fear sem m\u00f6gulegt er.<\/li>\n<li>Vi\u00f0 kaupum v\u00f6rur fr\u00e1 framlei\u00f0endum sem bj\u00f3\u00f0a upp \u00e1 umhverfisv\u00e6nar og endurvinnanlegar umb\u00fa\u00f0ir, \u00fear sem \u00fev\u00ed ver\u00f0ur vi\u00f0 komi\u00f0.<\/li>\n<li>Vi\u00f0 gefum hlutfall af hagna\u00f0i fyrirt\u00e6kisins\/t\u00edma okkar\/t\u00edma starfsf\u00f3lks til n\u00e1tt\u00faruverndar og\/e\u00f0a samf\u00e9lagsverkefna.<\/li>\n<li>Vi\u00f0 sty\u00f0jum vi\u00f0 sv\u00e6\u00f0isbundin samt\u00f6k og verkefni.<\/li>\n<li>Vi\u00f0 kaupum handverk\/listaverk sem framleidd eru \u00ed heimabygg\u00f0 eins og kostur.<\/li>\n<li>Vi\u00f0 umg\u00f6ngumst spilliefni og \u00f6nnur mengandi efni varlega og g\u00e6tum \u00feess a\u00f0 \u00feeim s\u00e9 \u00e1vallt skila\u00f0 \u00e1 r\u00e9ttan sta\u00f0.<\/li>\n<li>Vi\u00f0 setjum ekki mengandi \u00fargang \u00ed ni\u00f0urf\u00f6ll e\u00f0a afrennsli.<\/li>\n<\/ul>\n[\/vc_column_text][\/vc_column][\/vc_row][vc_row][vc_column][vc_empty_space][mk_divider style=&#8220;thick_solid&#8220; animation=&#8220;fade-in&#8220;][vc_empty_space][\/vc_column][\/vc_row][vc_row][vc_column width=&#8220;1\/2&#8243;][vc_empty_space height=&#8220;50px&#8220;][vc_empty_space height=&#8220;50px&#8220;][vc_column_text css=&#8220;.vc_custom_1652105515581{margin-bottom: 0px !important;}&#8220;]\n<ul>\n<li>Vi\u00f0 \u00fer\u00edfum \u00f6kut\u00e6ki fyrirt\u00e6kisins \u00e1 s\u00e9rst\u00f6kum \u00fevottapl\u00f6num \u00fear sem hreinsiefni fara ekki \u00fat \u00ed n\u00e1tt\u00faruna.<\/li>\n<li>Vi\u00f0 leitumst vi\u00f0 a\u00f0 nota visth\u00e6f og sparneytin \u00f6kut\u00e6ki.<\/li>\n<li>Vi\u00f0 l\u00e1tum stilla og yfirfara \u00f6kut\u00e6ki fyrirt\u00e6kisins reglulega til a\u00f0 draga \u00far losun gr\u00f3\u00f0urh\u00fasalofttegunda og mengandi efna.<\/li>\n<li>Vi\u00f0 vir\u00f0um reglur fyrirt\u00e6kisins um lausagang \u00f6kut\u00e6kja.<\/li>\n<li>Vi\u00f0 sty\u00f0jum vi\u00f0 menntun starfsmanna.<\/li>\n<li>Vi\u00f0 styrkjum b\u00f6rn og ungmenni v\u00ed\u00f0a um ver\u00f6ld til n\u00e1ms<\/li>\n<li>Vi\u00f0 sty\u00f0jum vi\u00f0 fj\u00f6lm\u00f6rg samf\u00e9lagsverkefni<\/li>\n<li>Vi\u00f0 kolefnisj\u00f6fnum alla okkar eldsneytisnotkun<\/li>\n<li>Vi\u00f0 erum s\u00edfellt a\u00f0 leita a\u00f0 lei\u00f0um til b\u00e6ta fyrirt\u00e6ki\u00f0<\/li>\n<\/ul>\n[\/vc_column_text][\/vc_column][vc_column width=&#8220;1\/2&#8243;][vc_single_image image=&#8220;8363&#8243; img_size=&#8220;large&#8220;][\/vc_column][\/vc_row][vc_row][vc_column][vc_empty_space][mk_divider style=&#8220;thick_solid&#8220; animation=&#8220;fade-in&#8220;][vc_empty_space][\/vc_column][\/vc_row][vc_row][vc_column width=&#8220;1\/2&#8243;][vc_single_image image=&#8220;9178&#8243; img_size=&#8220;full&#8220; alignment=&#8220;center&#8220;][\/vc_column][vc_column width=&#8220;1\/2&#8243;][vc_column_text css=&#8220;.vc_custom_1670343415729{margin-bottom: 0px !important;}&#8220;]\n<div class=\"wpb_row vc_row vc_row-fluid jupiter-donut- mk-fullwidth-false attched-false js-master-row mk-grid mk-in-viewport\" data-mk-stretch-content=\"true\">\n<div class=\"vc_col-sm-12 wpb_column column_container jupiter-donut- _ jupiter-donut-height-full\">\n<h2><strong>\u00d6RYGGISSTEFNA<\/strong><\/h2>\n<\/div>\n<\/div>\n<div class=\"wpb_row vc_row vc_row-fluid jupiter-donut- mk-fullwidth-false attched-false js-master-row mk-grid mk-in-viewport\" data-mk-stretch-content=\"true\">\n<div class=\"vc_col-sm-12 wpb_column column_container jupiter-donut- _ jupiter-donut-height-full\">\n<div class=\" vc_custom_1652105304452\">\n<div id=\"text-block-5\" class=\"mk-text-block jupiter-donut- \">\n<p>Fallastakkur\/Glacier Journey ehf hefur m\u00f3ta\u00f0 \u00f6ryggisstefnu og sett s\u00e9r markmi\u00f0 til a\u00f0 tryggja a\u00f0 \u00f6ryggi og \u00fe\u00e6gindi far\u00feeganna s\u00e9 \u00e1vallt \u00ed fyrirr\u00fami. \u00a0Allur b\u00fana\u00f0ur sem nota\u00f0ur er \u00ed fer\u00f0um \u00e1 vegum fyrirt\u00e6kisins s\u00e9 \u00ed fullkomnu lagi og er yfirfarinn reglulega.<\/p>\n<\/div>\n<\/div>\n<\/div>\n<\/div>\n[\/vc_column_text][\/vc_column][\/vc_row][vc_row][vc_column][vc_empty_space][mk_divider style=&#8220;thick_solid&#8220; animation=&#8220;fade-in&#8220;][vc_empty_space][\/vc_column][\/vc_row][vc_row][vc_column width=&#8220;1\/2&#8243;][vc_column_text css=&#8220;.vc_custom_1670342761307{margin-bottom: 0px !important;}&#8220;]\n<div class=\"wpb_row vc_row vc_row-fluid jupiter-donut- mk-fullwidth-false attched-false js-master-row mk-grid mk-in-viewport\" data-mk-stretch-content=\"true\">\n<div class=\"vc_col-sm-12 wpb_column column_container jupiter-donut- _ jupiter-donut-height-full\">\n<div class=\" vc_custom_1652105304452\">\n<div id=\"text-block-5\" class=\"mk-text-block jupiter-donut- \">\n<p><strong>B\u00cdLSTJ\u00d3RINN:<\/strong><\/p>\n<\/div>\n<\/div>\n<\/div>\n<\/div>\n<p>B\u00edlstj\u00f3rinn er fyrst talinn upp \u00feegar \u00f6ryggi er annars vegar. \u00d6llu m\u00e1li skiptir a\u00f0 hafa gott og traust\u00a0 f\u00f3lk, sem geta teki\u00f0 \u00e1 hva\u00f0a a\u00f0st\u00e6\u00f0um sem er.<br \/>\nGlacier Journey leggur mikla \u00e1herslu \u00e1 a\u00f0 allir b\u00edlstj\u00f3rar f\u00e1 g\u00f3\u00f0a \u00fej\u00e1lfum \u00ed akstri vi\u00f0 krefjandi a\u00f0st\u00e6\u00f0ur.<\/p>\n<p><strong>FYRIRBYGGJANDI VI\u00d0HALD:<\/strong><\/p>\n<p>\u00c1 verkst\u00e6\u00f0i okkar starfa \u00feaulvanir menn sem sj\u00e1 um allt vi\u00f0hald. Lagt er kapp \u00e1 a\u00f0 vi\u00f0hald s\u00e9 fyrirbyggjandi og er haldin skr\u00e1 yfir snj\u00f3sle\u00f0a og b\u00edla til a\u00f0 hafa sem besta yfirs\u00fdn. \u00a0\u00c1hersla er l\u00f6g\u00f0 \u00e1 a\u00f0 b\u00edlar s\u00e9u \u00e1vallt r\u00e9tt \u00fatb\u00fanir mi\u00f0a\u00f0 vi\u00f0 a\u00f0st\u00e6\u00f0ur til d\u00e6mis a\u00f0 hj\u00f3lbar\u00f0ar s\u00e9u \u00ed samr\u00e6mi vi\u00f0 f\u00e6r\u00f0.<\/p>\n<p>\u00c1hersla er l\u00f6g\u00f0 \u00e1 a\u00f0 allur annar b\u00fana\u00f0ur sem nau\u00f0synlegur er \u00ed fer\u00f0um s\u00e9 \u00ed fullkomnu lagi.[\/vc_column_text][\/vc_column][vc_column width=&#8220;1\/2&#8243;][vc_empty_space height=&#8220;128px&#8220;][vc_single_image image=&#8220;9354&#8243; img_size=&#8220;large&#8220;][\/vc_column][\/vc_row][vc_row][vc_column][vc_empty_space][mk_divider style=&#8220;thick_solid&#8220; animation=&#8220;fade-in&#8220;][vc_empty_space][\/vc_column][\/vc_row][vc_row][vc_column width=&#8220;1\/2&#8243;][vc_single_image image=&#8220;8349&#8243; img_size=&#8220;large&#8220;][\/vc_column][vc_column width=&#8220;1\/2&#8243;][vc_column_text css=&#8220;.vc_custom_1670342753315{margin-bottom: 0px !important;}&#8220;]<strong>\u00d6RYGGISBELTI:<\/strong><\/p>\n<p>\u00cd \u00f6llum okkar bifrei\u00f0um eru \u00f6ryggisbelti \u00ed \u00f6llum s\u00e6tum anna\u00f0 hvort tveggja e\u00f0a \u00feriggja punkta belti.<\/p>\n<p>A\u00f0 auki eru s\u00e6tispullur fyrir yngstu far\u00feegana og barnab\u00edlst\u00f3lar \u00feegar \u00fea\u00f0 \u00e1 vi\u00f0.<\/p>\n<p><strong>\u00d6RYGGISM\u00c1L:<\/strong><\/p>\n<p>Okkar markmi\u00f0 me\u00f0 \u00feessari stefnu er a\u00f0 vinna markvisst a\u00f0 \u00fev\u00ed a\u00f0 \u00f6ryggi ver\u00f0i \u00ed h\u00e1vegum haft og \u00f3h\u00f6pp eins f\u00e1 og takm\u00f6rku\u00f0 sem frekast er unnt.<\/p>\n<p>Anna\u00f0 hvert \u00e1r er haldi\u00f0 \u00f6ryggis- og umhverfisn\u00e1mskei\u00f0 fyrir b\u00edlstj\u00f3ra \u00fear sem fari\u00f0 er \u00edtarlega \u00ed \u00feessa m\u00e1laflokka.<\/p>\n<p>Allir starfsmenn og verktakar eru me\u00f0 fullgilt skyndihj\u00e1lparn\u00e1mskei\u00f0 og e\u00f0a WFR n\u00e1mskei\u00f0 og J\u00f6kla 1-3.<\/p>\n<p>Allir starfsmenn og verktakar hafa me\u00f0fer\u00f0is, \u00ed \u00f6llum fer\u00f0um \u00e1 vegum fyrirt\u00e6kisins, vhf og tetra st\u00f6\u00f0var sem eru vakta\u00f0ar af Ney\u00f0arl\u00ednunni og skrifstofu Glacier Journey.[\/vc_column_text][\/vc_column][\/vc_row][vc_row][vc_column][vc_empty_space][mk_divider style=&#8220;thick_solid&#8220; animation=&#8220;fade-in&#8220;][vc_empty_space][\/vc_column][\/vc_row][vc_row][vc_column width=&#8220;1\/2&#8243;][vc_column_text css=&#8220;.vc_custom_1670342541732{margin-bottom: 0px !important;}&#8220;]<strong>FALLASTAKKUR\/GLACIER JOURNEY LEGGUR \u00c1HERSLU \u00c1:<\/strong><\/p>\n<p>Fr\u00e6\u00f0slu og \u00fej\u00e1lfun starfsmanna og verktaka er var\u00f0ar a\u00f0b\u00fana\u00f0 og \u00f6ryggi.<br \/>\nA\u00f0 allar bifrei\u00f0ar fyrirt\u00e6kisins s\u00e9u alltaf \u00ed fullkomnu lagi.<\/p>\n<p>Fr\u00e6\u00f0slu og \u00fej\u00e1lfun starfsmanna og verktaka er var\u00f0ar akstur \u00e1 j\u00f6klum og \u00ed snj\u00f3.<\/p>\n<p>Fr\u00e6\u00f0slu og \u00fej\u00e1lfun starfsmanna og verktaka er var\u00f0ar umgengni vi\u00f0 n\u00e1tt\u00faruna.<\/p>\n<p>Fr\u00e6\u00f0slu til gesta fyrirt\u00e6kisins um n\u00e1tt\u00faruna og umgengni, s\u00e9rstaklega \u00e1 vi\u00f0kv\u00e6mum sv\u00e6\u00f0um.<br \/>\nSamr\u00e1\u00f0 vi\u00f0 alla starfsmenn fyrirt\u00e6kisins og virkri \u00fe\u00e1ttt\u00f6ku \u00feeirra til a\u00f0 vi\u00f0halda lifandi \u00f6ryggismenningu me\u00f0 \u00fea\u00f0 a\u00f0 markmi\u00f0i a\u00f0 ey\u00f0a h\u00e6ttum og draga \u00far h\u00e6ttu \u00e1 slysum og \u00f3h\u00f6ppum.<\/p>\n<p>A\u00f0 skr\u00e1 \u00f6ll slys, \u00f3h\u00f6pp og n\u00e6stum \u00fev\u00ed slys.[\/vc_column_text][\/vc_column][vc_column width=&#8220;1\/2&#8243;][vc_empty_space height=&#8220;128px&#8220;][vc_single_image image=&#8220;9360&#8243; img_size=&#8220;large&#8220;][\/vc_column][\/vc_row][vc_row][vc_column][vc_empty_space][mk_divider style=&#8220;thick_solid&#8220; animation=&#8220;fade-in&#8220;][vc_empty_space][\/vc_column][\/vc_row]\n<\/div>","protected":false},"excerpt":{"rendered":"<p>[vc_row][vc_column][mk_fancy_title color=&#8220;#1e73be&#8220; size=&#8220;34&#8243; font_weight=&#8220;bold&#8220; margin_bottom=&#8220;18&#8243; font_family=&#8220;Oswald&#8220; font_type=&#8220;google&#8220; align=&#8220;center&#8220;]STEFNA OG \u00c1HERSLUR[\/mk_fancy_title][\/vc_column][\/vc_row][vc_row][vc_column][vc_column_text css=&#8220;.vc_custom_1696502493189{margin-bottom: 0px !important;}&#8220;] UMHVERFISSTEFNA Vi\u00f0 hj\u00e1 Glacier Journey viljum deila \u00e1str\u00ed\u00f0u okkar og vir\u00f0ingu fyrir n\u00e1tt\u00faru \u00cdslands og \u00e1 sama t\u00edma b\u00faa til \u00f3gleymanlega fer\u00f0ir fyrir okkar gesti. N\u00e1tt\u00fara \u00cdslands er einst\u00f6k en vi\u00f0kv\u00e6m. Vi\u00f0 viljum stu\u00f0la a\u00f0 \u00fev\u00ed a\u00f0 vi\u00f0horf til n\u00e1tt\u00farunnar s\u00e9 fyrst [&hellip;]<\/p>\n","protected":false},"author":3,"featured_media":0,"parent":0,"menu_order":0,"comment_status":"closed","ping_status":"closed","template":"","meta":{"_exactmetrics_skip_tracking":false,"_exactmetrics_sitenote_active":false,"_exactmetrics_sitenote_note":"","_exactmetrics_sitenote_category":0,"footnotes":""},"class_list":["post-8332","page","type-page","status-publish","hentry"],"yoast_head":"<!-- This site is optimized with the Yoast SEO plugin v27.4 - https:\/\/yoast.com\/product\/yoast-seo-wordpress\/ -->\n<title>- Glacier Journey<\/title>\n<meta name=\"robots\" content=\"index, follow, max-snippet:-1, max-image-preview:large, max-video-preview:-1\" \/>\n<link rel=\"canonical\" href=\"https:\/\/glacierjourney.is\/is\/stefna-og-aherslur\/\" \/>\n<meta property=\"og:locale\" content=\"is_IS\" \/>\n<meta property=\"og:type\" content=\"article\" \/>\n<meta property=\"og:title\" content=\"- Glacier Journey\" \/>\n<meta property=\"og:description\" content=\"[vc_row][vc_column][mk_fancy_title color=&#8220;#1e73be&#8220; size=&#8220;34&#8243; font_weight=&#8220;bold&#8220; margin_bottom=&#8220;18&#8243; font_family=&#8220;Oswald&#8220; font_type=&#8220;google&#8220; align=&#8220;center&#8220;]STEFNA OG \u00c1HERSLUR[\/mk_fancy_title][\/vc_column][\/vc_row][vc_row][vc_column][vc_column_text css=&#8220;.vc_custom_1696502493189{margin-bottom: 0px !important;}&#8220;] UMHVERFISSTEFNA Vi\u00f0 hj\u00e1 Glacier Journey viljum deila \u00e1str\u00ed\u00f0u okkar og vir\u00f0ingu fyrir n\u00e1tt\u00faru \u00cdslands og \u00e1 sama t\u00edma b\u00faa til \u00f3gleymanlega fer\u00f0ir fyrir okkar gesti. N\u00e1tt\u00fara \u00cdslands er einst\u00f6k en vi\u00f0kv\u00e6m. Vi\u00f0 viljum stu\u00f0la a\u00f0 \u00fev\u00ed a\u00f0 vi\u00f0horf til n\u00e1tt\u00farunnar s\u00e9 fyrst [&hellip;]\" \/>\n<meta property=\"og:url\" content=\"https:\/\/glacierjourney.is\/is\/stefna-og-aherslur\/\" \/>\n<meta property=\"og:site_name\" content=\"Glacier Journey\" \/>\n<meta property=\"article:modified_time\" content=\"2023-10-05T10:41:38+00:00\" \/>\n<meta name=\"twitter:card\" content=\"summary_large_image\" \/>\n<meta name=\"twitter:label1\" content=\"Est. reading time\" \/>\n\t<meta name=\"twitter:data1\" content=\"4 minutes\" \/>\n<script type=\"application\/ld+json\" class=\"yoast-schema-graph\">{\"@context\":\"https:\\\/\\\/schema.org\",\"@graph\":[{\"@type\":\"WebPage\",\"@id\":\"https:\\\/\\\/glacierjourney.is\\\/is\\\/stefna-og-aherslur\\\/\",\"url\":\"https:\\\/\\\/glacierjourney.is\\\/is\\\/stefna-og-aherslur\\\/\",\"name\":\"- Glacier Journey\",\"isPartOf\":{\"@id\":\"https:\\\/\\\/glacierjourney.is\\\/#website\"},\"datePublished\":\"2021-12-08T13:59:42+00:00\",\"dateModified\":\"2023-10-05T10:41:38+00:00\",\"inLanguage\":\"is\",\"potentialAction\":[{\"@type\":\"ReadAction\",\"target\":[\"https:\\\/\\\/glacierjourney.is\\\/is\\\/stefna-og-aherslur\\\/\"]}]},{\"@type\":\"WebSite\",\"@id\":\"https:\\\/\\\/glacierjourney.is\\\/#website\",\"url\":\"https:\\\/\\\/glacierjourney.is\\\/\",\"name\":\"Glacier Journey\",\"description\":\"Take a journey with us into the vastness of Vatnaj\u00f6kull\",\"potentialAction\":[{\"@type\":\"SearchAction\",\"target\":{\"@type\":\"EntryPoint\",\"urlTemplate\":\"https:\\\/\\\/glacierjourney.is\\\/?s={search_term_string}\"},\"query-input\":{\"@type\":\"PropertyValueSpecification\",\"valueRequired\":true,\"valueName\":\"search_term_string\"}}],\"inLanguage\":\"is\"}]}<\/script>\n<!-- \/ Yoast SEO plugin. -->","yoast_head_json":{"title":"- Glacier Journey","robots":{"index":"index","follow":"follow","max-snippet":"max-snippet:-1","max-image-preview":"max-image-preview:large","max-video-preview":"max-video-preview:-1"},"canonical":"https:\/\/glacierjourney.is\/is\/stefna-og-aherslur\/","og_locale":"is_IS","og_type":"article","og_title":"- Glacier Journey","og_description":"[vc_row][vc_column][mk_fancy_title color=&#8220;#1e73be&#8220; size=&#8220;34&#8243; font_weight=&#8220;bold&#8220; margin_bottom=&#8220;18&#8243; font_family=&#8220;Oswald&#8220; font_type=&#8220;google&#8220; align=&#8220;center&#8220;]STEFNA OG \u00c1HERSLUR[\/mk_fancy_title][\/vc_column][\/vc_row][vc_row][vc_column][vc_column_text css=&#8220;.vc_custom_1696502493189{margin-bottom: 0px !important;}&#8220;] UMHVERFISSTEFNA Vi\u00f0 hj\u00e1 Glacier Journey viljum deila \u00e1str\u00ed\u00f0u okkar og vir\u00f0ingu fyrir n\u00e1tt\u00faru \u00cdslands og \u00e1 sama t\u00edma b\u00faa til \u00f3gleymanlega fer\u00f0ir fyrir okkar gesti. N\u00e1tt\u00fara \u00cdslands er einst\u00f6k en vi\u00f0kv\u00e6m. Vi\u00f0 viljum stu\u00f0la a\u00f0 \u00fev\u00ed a\u00f0 vi\u00f0horf til n\u00e1tt\u00farunnar s\u00e9 fyrst [&hellip;]","og_url":"https:\/\/glacierjourney.is\/is\/stefna-og-aherslur\/","og_site_name":"Glacier Journey","article_modified_time":"2023-10-05T10:41:38+00:00","twitter_card":"summary_large_image","twitter_misc":{"Est. reading time":"4 minutes"},"schema":{"@context":"https:\/\/schema.org","@graph":[{"@type":"WebPage","@id":"https:\/\/glacierjourney.is\/is\/stefna-og-aherslur\/","url":"https:\/\/glacierjourney.is\/is\/stefna-og-aherslur\/","name":"- Glacier Journey","isPartOf":{"@id":"https:\/\/glacierjourney.is\/#website"},"datePublished":"2021-12-08T13:59:42+00:00","dateModified":"2023-10-05T10:41:38+00:00","inLanguage":"is","potentialAction":[{"@type":"ReadAction","target":["https:\/\/glacierjourney.is\/is\/stefna-og-aherslur\/"]}]},{"@type":"WebSite","@id":"https:\/\/glacierjourney.is\/#website","url":"https:\/\/glacierjourney.is\/","name":"Glacier Journey","description":"Take a journey with us into the vastness of Vatnaj\u00f6kull","potentialAction":[{"@type":"SearchAction","target":{"@type":"EntryPoint","urlTemplate":"https:\/\/glacierjourney.is\/?s={search_term_string}"},"query-input":{"@type":"PropertyValueSpecification","valueRequired":true,"valueName":"search_term_string"}}],"inLanguage":"is"}]}},"_links":{"self":[{"href":"https:\/\/glacierjourney.is\/is\/wp-json\/wp\/v2\/pages\/8332","targetHints":{"allow":["GET"]}}],"collection":[{"href":"https:\/\/glacierjourney.is\/is\/wp-json\/wp\/v2\/pages"}],"about":[{"href":"https:\/\/glacierjourney.is\/is\/wp-json\/wp\/v2\/types\/page"}],"author":[{"embeddable":true,"href":"https:\/\/glacierjourney.is\/is\/wp-json\/wp\/v2\/users\/3"}],"replies":[{"embeddable":true,"href":"https:\/\/glacierjourney.is\/is\/wp-json\/wp\/v2\/comments?post=8332"}],"version-history":[{"count":20,"href":"https:\/\/glacierjourney.is\/is\/wp-json\/wp\/v2\/pages\/8332\/revisions"}],"predecessor-version":[{"id":9656,"href":"https:\/\/glacierjourney.is\/is\/wp-json\/wp\/v2\/pages\/8332\/revisions\/9656"}],"wp:attachment":[{"href":"https:\/\/glacierjourney.is\/is\/wp-json\/wp\/v2\/media?parent=8332"}],"curies":[{"name":"wp","href":"https:\/\/api.w.org\/{rel}","templated":true}]}}