{"id":8057,"date":"2021-11-24T09:19:37","date_gmt":"2021-11-24T09:19:37","guid":{"rendered":"https:\/\/glacierjourney.is\/?page_id=8057"},"modified":"2022-12-15T11:09:48","modified_gmt":"2022-12-15T11:09:48","slug":"undraverold","status":"publish","type":"page","link":"https:\/\/glacierjourney.is\/is\/undraverold\/","title":{"rendered":""},"content":{"rendered":"<div class=\"wpb-content-wrapper\">[mk_page_section bg_image=&#8220;http:\/\/glacierjourney.is\/wp-content\/uploads\/2018\/10\/header-glacier.jpg&#8220; attachment=&#8220;fixed&#8220; bg_position=&#8220;center top&#8220; bg_repeat=&#8220;no-repeat&#8220; bg_stretch=&#8220;true&#8220; enable_3d=&#8220;true&#8220; bg_gradient=&#8220;vertical&#8220; video_color_mask=&#8220;#1e73be&#8220; gr_end=&#8220;#28b7ff&#8220; video_opacity=&#8220;0.5&#8243; min_height=&#8220;300&#8243; full_width=&#8220;true&#8220; padding_top=&#8220;0&#8243; first_page=&#8220;true&#8220; last_page=&#8220;false&#8220; sidebar=&#8220;sidebar-1&#8243;][vc_column][mk_padding_divider size=&#8220;100&#8243;][mk_fancy_title color=&#8220;#ffffff&#8220; size=&#8220;40&#8243; font_weight=&#8220;900&#8243; letter_spacing=&#8220;4&#8243; margin_bottom=&#8220;0&#8243; font_family=&#8220;none&#8220; align=&#8220;center&#8220; animation=&#8220;fade-in&#8220;]UNDRAVER\u00d6LD[\/mk_fancy_title][mk_fancy_title color=&#8220;#ffffff&#8220; size=&#8220;33&#8243; font_weight=&#8220;900&#8243; letter_spacing=&#8220;4&#8243; margin_bottom=&#8220;0&#8243; font_family=&#8220;none&#8220; align=&#8220;center&#8220; animation=&#8220;fade-in&#8220;]\u00cdSLENSKRA J\u00d6KLA[\/mk_fancy_title][mk_padding_divider][\/vc_column][\/mk_page_section][mk_page_section first_page=&#8220;false&#8220; last_page=&#8220;false&#8220; sidebar=&#8220;sidebar-1&#8243;][vc_column width=&#8220;1\/2&#8243;][vc_empty_space height=&#8220;44px&#8220;][mk_fancy_title color=&#8220;#1e73be&#8220; size=&#8220;34&#8243; font_weight=&#8220;bold&#8220; margin_bottom=&#8220;18&#8243; font_family=&#8220;none&#8220;]<strong>Langar \u00feig a\u00f0 taka skref \u00e1 st\u00e6rsta j\u00f6kul Evr\u00f3pu?<\/strong>[\/mk_fancy_title][vc_column_text css=&#8220;.vc_custom_1647337529504{margin-bottom: 0px !important;}&#8220;]Komdu me\u00f0 okkur hj\u00e1 Glacier Journey a\u00f0 sko\u00f0a undur Brei\u00f0amerkurj\u00f6kuls, einn st\u00e6rsti skri\u00f0j\u00f6kull Vatnaj\u00f6kuls.<\/p>\n<p>Fer\u00f0in byrjar hj\u00e1 J\u00f6kuls\u00e1rl\u00f3ni, \u00fear sem er fari\u00f0 \u00e1 breyttum b\u00edlum a\u00f0 j\u00f6klinum.<br \/>\nVi\u00f0 sko\u00f0um umhverfi j\u00f6kulsins, nj\u00f3tum \u00fats\u00fdnisins og f\u00f6rum \u00fea\u00f0an inn \u00e1 j\u00f6kulinn og sko\u00f0um \u00edshella og sprungur.<br \/>\nReyndir lei\u00f0s\u00f6gumenn sj\u00e1 til \u00feess a\u00f0 allir skemmti s\u00e9r en mun um lei\u00f0 lei\u00f0a fer\u00f0ina og uppl\u00fdsa um heg\u00f0un og n\u00e1tt\u00faru j\u00f6klanna og hva\u00f0a \u00e1hrif j\u00f6klarnir hafa \u00e1 umhverfi\u00f0 okkar.<\/p>\n<p>Lei\u00f0s\u00f6guma\u00f0urinn \u00fatvegar allan \u00f6ryggisb\u00fana\u00f0 (hj\u00e1lmur og broddar) \u00e1\u00f0ur en fer\u00f0in hefst og fj\u00f6ri\u00f0 getur hafist.<\/p>\n<p><strong>Athugi\u00f0 a\u00f0 \u00feessi fer\u00f0 er frekar krefjandi og f\u00f3lk \u00fearf a\u00f0 vera \u00ed g\u00f3\u00f0u formi \u00fear sem \u00fea\u00f0 reynir vel \u00e1 \u00fathaldi\u00f0.<\/strong><\/p>\n<p><strong>Vi\u00f0 m\u00e6lum eindregi\u00f0 me\u00f0 \u00fev\u00ed a\u00f0 \u00fe\u00e1tttakendur fari vel yfir b\u00fana\u00f0arlistann.\u00a0<\/strong>Ef \u00fe\u00e1tttakendur eru ekki n\u00f3gu vel undirb\u00fanir n\u00e9 kl\u00e6dd eftir ve\u00f0ri \u00e1skilur Glacier Journey s\u00e9r r\u00e9tt til a\u00f0 neita \u00fe\u00e1ttt\u00f6ku \u00ed fer\u00f0inni, til a\u00f0 tryggja \u00f6ryggi gesta og lei\u00f0s\u00f6gumanna.[\/vc_column_text][vc_empty_space][vc_column_text css=&#8220;.vc_custom_1647338715469{margin-bottom: 0px !important;}&#8220;]<strong>STA\u00d0SETNING<\/strong><br \/>\nHj\u00e1 J\u00f6kuls\u00e1rl\u00f3ni \u2013 Glacier Lagoon 30 m\u00edn\u00fatur fyrir brottf\u00f6r<br \/>\n<strong>GPS Hnit<\/strong>\u00a064.048096,-16.178778<\/p>\n<p><strong>Lengd: U.\u00fe.b<\/strong>. 5,5 klukkustundir[\/vc_column_text][vc_empty_space height=&#8220;44px&#8220;][\/vc_column][vc_column width=&#8220;1\/2&#8243;][mk_padding_divider size=&#8220;120&#8243;][vc_raw_html]JTNDZGl2JTIwaWQlM0QlMjJib2t1bi13MzQxNV8zNjFkOWNhN19hNWZhXzQ1ZWVfODMyZl9hZmQyNTVlZDc3MWMlMjIlM0VMb2FkaW5nLi4uJTNDJTJGZGl2JTNFJTNDc2NyaXB0JTIwdHlwZSUzRCUyMnRleHQlMkZqYXZhc2NyaXB0JTIyJTNFJTBBdmFyJTIwdzM0MTVfMzYxZDljYTdfYTVmYV80NWVlXzgzMmZfYWZkMjU1ZWQ3NzFjJTNCJTBBJTI4ZnVuY3Rpb24lMjhkJTJDJTIwdCUyOSUyMCU3QiUwQSUyMCUyMHZhciUyMGhvc3QlMjAlM0QlMjAlMjd3aWRnZXRzLmJva3VuLmlvJTI3JTNCJTBBJTIwJTIwdmFyJTIwZnJhbWVVcmwlMjAlM0QlMjAlMjdodHRwcyUzQSUyRiUyRiUyNyUyMCUyQiUyMGhvc3QlMjAlMkIlMjAlMjclMkZ3aWRnZXRzJTJGMzQxNSUzRmJvb2tpbmdDaGFubmVsVVVJRCUzRDU4NDlmMDE3LWNhYzYtNDA0MC04MjY5LTBiYjkzYmJmZjY0YyUyNmFtcCUzQmFjdGl2aXR5SWQlM0Q3MDM5MiUyNmFtcCUzQmxhbmclM0RlbiUyNmFtcCUzQmNjeSUzRElTSyUyNmFtcCUzQmhhc2glM0R3MzQxNV8zNjFkOWNhN19hNWZhXzQ1ZWVfODMyZl9hZmQyNTVlZDc3MWMlMjclM0IlMEElMjAlMjB2YXIlMjBzJTIwJTNEJTIwZC5jcmVhdGVFbGVtZW50JTI4dCUyOSUyQyUyMG9wdGlvbnMlMjAlM0QlMjAlN0IlMjdob3N0JTI3JTNBJTIwaG9zdCUyQyUyMCUyN2ZyYW1lVXJsJTI3JTNBJTIwZnJhbWVVcmwlMkMlMjAlMjd3aWRnZXRIYXNoJTI3JTNBJTI3dzM0MTVfMzYxZDljYTdfYTVmYV80NWVlXzgzMmZfYWZkMjU1ZWQ3NzFjJTI3JTJDJTIwJTI3YXV0b1Jlc2l6ZSUyNyUzQXRydWUlMkMlMjdoZWlnaHQlMjclM0ElMjclMjclMkMlMjd3aWR0aCUyNyUzQSUyNzEwMCUyNSUyNyUyQyUyMCUyN21pbkhlaWdodCUyNyUzQSUyMDAlMkMlMjdhc3luYyUyNyUzQXRydWUlMkMlMjAlMjdzc2wlMjclM0F0cnVlJTJDJTIwJTI3YWZmaWxpYXRlVHJhY2tpbmdDb2RlJTI3JTNBJTIwJTI3JTI3JTJDJTIwJTI3dHJhbnNpZW50U2Vzc2lvbiUyNyUzQSUyMHRydWUlMkMlMjAlMjdjb29raWVMaWZldGltZSUyNyUzQSUyMDQzMjAwJTIwJTdEJTNCJTBBJTIwJTIwcy5zcmMlMjAlM0QlMjAlMjdodHRwcyUzQSUyRiUyRiUyNyUyMCUyQiUyMGhvc3QlMjAlMkIlMjAlMjclMkZhc3NldHMlMkZqYXZhc2NyaXB0cyUyRndpZGdldHMlMkZlbWJlZGRlci5qcyUyNyUzQiUwQSUyMCUyMHMub25sb2FkJTIwJTNEJTIwcy5vbnJlYWR5c3RhdGVjaGFuZ2UlMjAlM0QlMjBmdW5jdGlvbiUyOCUyOSUyMCU3QiUwQSUyMCUyMCUyMCUyMHZhciUyMHJzJTIwJTNEJTIwdGhpcy5yZWFkeVN0YXRlJTNCJTIwaWYlMjAlMjhycyUyOSUyMGlmJTIwJTI4cnMlMjAlMjElM0QlMjAlMjdjb21wbGV0ZSUyNyUyOSUyMGlmJTIwJTI4cnMlMjAlMjElM0QlMjAlMjdsb2FkZWQlMjclMjklMjByZXR1cm4lM0IlMEElMjAlMjAlMjAlMjB0cnklMjAlN0IlMjAlMEElMjAlMjAlMjAlMjAlMjAlMjB3MzQxNV8zNjFkOWNhN19hNWZhXzQ1ZWVfODMyZl9hZmQyNTVlZDc3MWMlMjAlM0QlMjBuZXclMjBCb2t1bldpZGdldEVtYmVkZGVyJTI4JTI5JTNCJTIwdzM0MTVfMzYxZDljYTdfYTVmYV80NWVlXzgzMmZfYWZkMjU1ZWQ3NzFjLmluaXRpYWxpemUlMjhvcHRpb25zJTI5JTNCJTIwdzM0MTVfMzYxZDljYTdfYTVmYV80NWVlXzgzMmZfYWZkMjU1ZWQ3NzFjLmRpc3BsYXklMjglMjklM0IlMEElMjAlMjAlMjAlMjAlN0QlMjBjYXRjaCUyMCUyOGUlMjklMjAlN0IlN0QlMEElMjAlMjAlN0QlM0IlMEElMjAlMjB2YXIlMjBzY3IlMjAlM0QlMjBkLmdldEVsZW1lbnRzQnlUYWdOYW1lJTI4dCUyOSU1QjAlNUQlMkMlMjBwYXIlMjAlM0QlMjBzY3IucGFyZW50Tm9kZSUzQiUyMHBhci5pbnNlcnRCZWZvcmUlMjhzJTJDJTIwc2NyJTI5JTNCJTBBJTdEJTI5JTI4ZG9jdW1lbnQlMkMlMjAlMjdzY3JpcHQlMjclMjklM0IlMEElM0MlMkZzY3JpcHQlM0U=[\/vc_raw_html][vc_column_text css=&#8220;.vc_custom_1671102559272{margin-bottom: 0px !important;}&#8220;]<span style=\"color: #ff0000;\"><em><span class=\"s1\">\u00a0 \u00a0 \u00a0 \u00a0 \u00a0 \u00a0 \u00a0 Opi\u00f0 er fyrir undraver\u00f6ld \u00cdslenskra j\u00f6kla \u00e1 milli n\u00f3vembers og mars<\/span><\/em><\/span>[\/vc_column_text][mk_padding_divider size=&#8220;89&#8243;][mk_custom_list title=&#8220;NAU\u00d0SYNLEGUR B\u00daNA\u00d0UR&#8220;]\n<ul>\n<li style=\"list-style-type: none;\">\n<ul>\n<li>Innsta lag; S\u00ed\u00f0erma peysa og buxur, anna\u00f0 hvort \u00far ull e\u00f0a gerfiefni. Gott er a\u00f0 vera me\u00f0 anna\u00f0 innra lag yfir, einnig \u00far ull e\u00f0a gerfiefni, t.d fleece.<\/li>\n<li>Fleece jakki, lopapeysa e\u00f0a primaloft\/d\u00fan jakki. G\u00f6ngubuxur e\u00f0a softshell buxur.<\/li>\n<li>Ysta lag; \u00falpa og buxur sem anda og eru vatnsheldar.<\/li>\n<li>Hl\u00fdja vettlinga og hl\u00fd h\u00fafa.<\/li>\n<li>G\u00f6ngusokkar \u00far ull e\u00f0a gerfiefni.<\/li>\n<li>G\u00f6ngusk\u00f3r sem eru har\u00f0ir og vatnsheldir me\u00f0 g\u00f3\u00f0um \u00f6kklastu\u00f0ning.<\/li>\n<li>L\u00edtill bakpoki.<\/li>\n<li>Nesti \u2013 eitthva\u00f0 l\u00e9tt a\u00f0 bor\u00f0a eins og samloka og s\u00fakkula\u00f0i og eitthva\u00f0 a\u00f0 drekka (\u00e1fengislaust).<\/li>\n<li><strong>\u00dea\u00f0 er ekki \u00ed bo\u00f0i a\u00f0 vera \u00ed strigask\u00f3m \u00ed \u00feessari fer\u00f0.<\/strong><\/li>\n<li><strong>\u00dea\u00f0 er ekki \u00ed bo\u00f0i a\u00f0 vera \u00ed gallabuxum \u00ed \u00feessari fer\u00f0.<\/strong><\/li>\n<\/ul>\n<\/li>\n<\/ul>\n[\/mk_custom_list][mk_custom_list title=&#8220;HVA\u00d0 ER INNIFALI\u00d0&#8220;]\n<ul>\n<li>Hj\u00e1lm<\/li>\n<li>J\u00f6klabrodda<\/li>\n<li>Klifurbelti<\/li>\n<li>\u00cds\u00f6xi (ef \u00fe\u00f6rf er fyrir)<\/li>\n<\/ul>\n[\/mk_custom_list][vc_empty_space height=&#8220;44px&#8220;][vc_empty_space height=&#8220;44px&#8220;][\/vc_column][\/mk_page_section][mk_page_section sidebar=&#8220;sidebar-1&#8243;][vc_column][vc_empty_space][mk_ornamental_title text_color=&#8220;#1e73be&#8220; font_family=&#8220;Permanent+Marker&#8220; font_type=&#8220;google&#8220; font_size=&#8220;30&#8243; ornament_style=&#8220;norman-single&#8220; ornament_color=&#8220;#006794&#8243; ornament_thickness=&#8220;3&#8243;]VETRAR STA\u00d0SETNING | BASE CAMP[\/mk_ornamental_title][mk_fancy_title size=&#8220;20&#8243; font_family=&#8220;Rubik&#8220; font_type=&#8220;google&#8220; align=&#8220;center&#8220;]J\u00f6kuls\u00e1rl\u00f3n | Gps: 64.048096, -16.178778[\/mk_fancy_title][mk_advanced_gmaps custom_markers=&#8220;true&#8220; latitude=&#8220;64.048096&#8243; longitude=&#8220;-16.178778&#8243; address=&#8220;J\u00f6kuls\u00e1rl\u00f3n&#8220; custom_marker_1=&#8220;http:\/\/glacierjourney.is\/wp-content\/uploads\/2018\/07\/logo-map.png&#8220; content_bg_color=&#8220;#ffffff&#8220; content_font_color=&#8220;#ffffff&#8220; height=&#8220;450&#8243; map_zoom=&#8220;10&#8243; modify_coloring=&#8220;true&#8220; hue=&#8220;#25beed&#8220;][vc_empty_space][\/vc_column][\/mk_page_section][mk_page_section bg_color=&#8220;#f9f9f9&#8243; sidebar=&#8220;sidebar-1&#8243;][vc_column][vc_empty_space height=&#8220;20px&#8220;][mk_ornamental_title text_color=&#8220;#1e73be&#8220; font_family=&#8220;Permanent+Marker&#8220; font_type=&#8220;google&#8220; font_size=&#8220;30&#8243; ornament_style=&#8220;norman-single&#8220; ornament_color=&#8220;#006794&#8243; ornament_thickness=&#8220;3&#8243;]SKILM\u00c1LAR[\/mk_ornamental_title][vc_empty_space height=&#8220;20px&#8220;][vc_column_text css=&#8220;.vc_custom_1671102581693{margin-bottom: 0px !important;}&#8220;]\n<ul>\n<li>G\u00f3\u00f0ur \u00fativistarfatna\u00f0ur og g\u00f6ngusk\u00f3r er nau\u00f0synlegur.<\/li>\n<li>Nokku\u00f0 g\u00f3\u00f0s l\u00edkamlegs \u00feols krafist fyrir flestar okkar fer\u00f0ir.<\/li>\n<li>\u00dea\u00f0 er \u00e1 \u00e1byrg\u00f0 vi\u00f0skiptavinar a\u00f0 l\u00e1ta lei\u00f0s\u00f6gumann okkar vita ef vi\u00f0komandi gl\u00edmir vi\u00f0 einhvern heilsubrest.<\/li>\n<li>\u00dea\u00f0 er 48 klst. afb\u00f3kunarregla; vi\u00f0skiptavinir f\u00e1 90% endurgrei\u00f0slu ef \u00feeir h\u00e6tta vi\u00f0 fer\u00f0 48+ klst fyrir brottf\u00f6r. Ef h\u00e6tt er vi\u00f0 me\u00f0 minna en 48klst fyrirvara \u00fe\u00e1 er engin endurgrei\u00f0sla \u00ed bo\u00f0i.<\/li>\n<li>Ef a\u00f0 fer\u00f0inni er afl\u00fdst af Glacier Journey af einhverri \u00e1st\u00e6\u00f0u, t.d. vegna ve\u00f0urs \u00fe\u00e1 f\u00e1 vi\u00f0skiptavinir fulla endurgrei\u00f0slu.<\/li>\n<li>Glacier Journey tekur ekki \u00e1byrg\u00f0 \u00e1 slysum\/eignaspj\u00f6llum sem vi\u00f0skiptavinir valda e\u00f0a er h\u00e6gt a\u00f0 rekja til \u00f3\u00e1byrgrar heg\u00f0unar.<\/li>\n<li>Vi\u00f0skiptavinir eru \u00e1 eigin \u00e1byrg\u00f0 \u00ed \u00f6llum fer\u00f0um Glacier Journey.<\/li>\n<li>Glacier Journey getur ekki \u00e1byrgst \u00fea\u00f0 a\u00f0 \u00fea\u00f0 s\u00e9 ekki anna\u00f0 f\u00f3lk \u00e1 sama t\u00edma og sama sv\u00e6\u00f0i fr\u00e1 \u00f6\u00f0rum fer\u00f0a\u00fej\u00f3nustufyrirt\u00e6kjum.<\/li>\n<li>L\u00e1gmarksfj\u00f6ldi \u00ed fer\u00f0 eru 2 fullor\u00f0nar manneskjur.<\/li>\n<\/ul>\n[\/vc_column_text][vc_empty_space height=&#8220;20px&#8220;][\/vc_column][\/mk_page_section][vc_row][vc_column][vc_empty_space height=&#8220;44px&#8220;][mk_gallery images=&#8220;7309,7310,7311,7312&#8243; column=&#8220;4&#8243; height=&#8220;300&#8243; hover_scenarios=&#8220;slow_zoom&#8220; orderby=&#8220;rand&#8220;][vc_empty_space height=&#8220;44px&#8220;][\/vc_column][\/vc_row][mk_page_section bg_color=&#8220;#1e73be&#8220; first_page=&#8220;false&#8220; last_page=&#8220;false&#8220; sidebar=&#8220;sidebar-1&#8243;][vc_column][vc_empty_space height=&#8220;44px&#8220;][\/vc_column][\/mk_page_section]\n<\/div>","protected":false},"excerpt":{"rendered":"<p>[mk_page_section bg_image=&#8220;http:\/\/glacierjourney.is\/wp-content\/uploads\/2018\/10\/header-glacier.jpg&#8220; attachment=&#8220;fixed&#8220; bg_position=&#8220;center top&#8220; bg_repeat=&#8220;no-repeat&#8220; bg_stretch=&#8220;true&#8220; enable_3d=&#8220;true&#8220; bg_gradient=&#8220;vertical&#8220; video_color_mask=&#8220;#1e73be&#8220; gr_end=&#8220;#28b7ff&#8220; video_opacity=&#8220;0.5&#8243; min_height=&#8220;300&#8243; full_width=&#8220;true&#8220; padding_top=&#8220;0&#8243; first_page=&#8220;true&#8220; last_page=&#8220;false&#8220; sidebar=&#8220;sidebar-1&#8243;][vc_column][mk_padding_divider size=&#8220;100&#8243;][mk_fancy_title color=&#8220;#ffffff&#8220; size=&#8220;40&#8243; font_weight=&#8220;900&#8243; letter_spacing=&#8220;4&#8243; margin_bottom=&#8220;0&#8243; font_family=&#8220;none&#8220; align=&#8220;center&#8220; animation=&#8220;fade-in&#8220;]UNDRAVER\u00d6LD[\/mk_fancy_title][mk_fancy_title color=&#8220;#ffffff&#8220; size=&#8220;33&#8243; font_weight=&#8220;900&#8243; letter_spacing=&#8220;4&#8243; margin_bottom=&#8220;0&#8243; font_family=&#8220;none&#8220; align=&#8220;center&#8220; animation=&#8220;fade-in&#8220;]\u00cdSLENSKRA J\u00d6KLA[\/mk_fancy_title][mk_padding_divider][\/vc_column][\/mk_page_section][mk_page_section first_page=&#8220;false&#8220; last_page=&#8220;false&#8220; sidebar=&#8220;sidebar-1&#8243;][vc_column width=&#8220;1\/2&#8243;][vc_empty_space height=&#8220;44px&#8220;][mk_fancy_title color=&#8220;#1e73be&#8220; size=&#8220;34&#8243; font_weight=&#8220;bold&#8220; margin_bottom=&#8220;18&#8243; font_family=&#8220;none&#8220;]Langar \u00feig a\u00f0 taka skref \u00e1 st\u00e6rsta j\u00f6kul Evr\u00f3pu?[\/mk_fancy_title][vc_column_text css=&#8220;.vc_custom_1647337529504{margin-bottom: [&hellip;]<\/p>\n","protected":false},"author":3,"featured_media":0,"parent":0,"menu_order":0,"comment_status":"closed","ping_status":"closed","template":"","meta":{"_exactmetrics_skip_tracking":false,"_exactmetrics_sitenote_active":false,"_exactmetrics_sitenote_note":"","_exactmetrics_sitenote_category":0,"footnotes":""},"class_list":["post-8057","page","type-page","status-publish","hentry"],"yoast_head":"<!-- This site is optimized with the Yoast SEO plugin v27.4 - https:\/\/yoast.com\/product\/yoast-seo-wordpress\/ -->\n<title>- Glacier Journey<\/title>\n<meta name=\"robots\" content=\"index, follow, max-snippet:-1, max-image-preview:large, max-video-preview:-1\" \/>\n<link rel=\"canonical\" href=\"https:\/\/glacierjourney.is\/is\/undraverold\/\" \/>\n<meta property=\"og:locale\" content=\"is_IS\" \/>\n<meta property=\"og:type\" content=\"article\" \/>\n<meta property=\"og:title\" content=\"- Glacier Journey\" \/>\n<meta property=\"og:description\" content=\"[mk_page_section bg_image=&#8220;http:\/\/glacierjourney.is\/wp-content\/uploads\/2018\/10\/header-glacier.jpg&#8220; attachment=&#8220;fixed&#8220; bg_position=&#8220;center top&#8220; bg_repeat=&#8220;no-repeat&#8220; bg_stretch=&#8220;true&#8220; enable_3d=&#8220;true&#8220; bg_gradient=&#8220;vertical&#8220; video_color_mask=&#8220;#1e73be&#8220; gr_end=&#8220;#28b7ff&#8220; video_opacity=&#8220;0.5&#8243; min_height=&#8220;300&#8243; full_width=&#8220;true&#8220; padding_top=&#8220;0&#8243; first_page=&#8220;true&#8220; last_page=&#8220;false&#8220; sidebar=&#8220;sidebar-1&#8243;][vc_column][mk_padding_divider size=&#8220;100&#8243;][mk_fancy_title color=&#8220;#ffffff&#8220; size=&#8220;40&#8243; font_weight=&#8220;900&#8243; letter_spacing=&#8220;4&#8243; margin_bottom=&#8220;0&#8243; font_family=&#8220;none&#8220; align=&#8220;center&#8220; animation=&#8220;fade-in&#8220;]UNDRAVER\u00d6LD[\/mk_fancy_title][mk_fancy_title color=&#8220;#ffffff&#8220; size=&#8220;33&#8243; font_weight=&#8220;900&#8243; letter_spacing=&#8220;4&#8243; margin_bottom=&#8220;0&#8243; font_family=&#8220;none&#8220; align=&#8220;center&#8220; animation=&#8220;fade-in&#8220;]\u00cdSLENSKRA J\u00d6KLA[\/mk_fancy_title][mk_padding_divider][\/vc_column][\/mk_page_section][mk_page_section first_page=&#8220;false&#8220; last_page=&#8220;false&#8220; sidebar=&#8220;sidebar-1&#8243;][vc_column width=&#8220;1\/2&#8243;][vc_empty_space height=&#8220;44px&#8220;][mk_fancy_title color=&#8220;#1e73be&#8220; size=&#8220;34&#8243; font_weight=&#8220;bold&#8220; margin_bottom=&#8220;18&#8243; font_family=&#8220;none&#8220;]Langar \u00feig a\u00f0 taka skref \u00e1 st\u00e6rsta j\u00f6kul Evr\u00f3pu?[\/mk_fancy_title][vc_column_text css=&#8220;.vc_custom_1647337529504{margin-bottom: [&hellip;]\" \/>\n<meta property=\"og:url\" content=\"https:\/\/glacierjourney.is\/is\/undraverold\/\" \/>\n<meta property=\"og:site_name\" content=\"Glacier Journey\" \/>\n<meta property=\"article:modified_time\" content=\"2022-12-15T11:09:48+00:00\" \/>\n<meta name=\"twitter:card\" content=\"summary_large_image\" \/>\n<meta name=\"twitter:label1\" content=\"Est. reading time\" \/>\n\t<meta name=\"twitter:data1\" content=\"3 minutes\" \/>\n<script type=\"application\/ld+json\" class=\"yoast-schema-graph\">{\"@context\":\"https:\\\/\\\/schema.org\",\"@graph\":[{\"@type\":\"WebPage\",\"@id\":\"https:\\\/\\\/glacierjourney.is\\\/is\\\/undraverold\\\/\",\"url\":\"https:\\\/\\\/glacierjourney.is\\\/is\\\/undraverold\\\/\",\"name\":\"- Glacier Journey\",\"isPartOf\":{\"@id\":\"https:\\\/\\\/glacierjourney.is\\\/#website\"},\"datePublished\":\"2021-11-24T09:19:37+00:00\",\"dateModified\":\"2022-12-15T11:09:48+00:00\",\"inLanguage\":\"is\",\"potentialAction\":[{\"@type\":\"ReadAction\",\"target\":[\"https:\\\/\\\/glacierjourney.is\\\/is\\\/undraverold\\\/\"]}]},{\"@type\":\"WebSite\",\"@id\":\"https:\\\/\\\/glacierjourney.is\\\/#website\",\"url\":\"https:\\\/\\\/glacierjourney.is\\\/\",\"name\":\"Glacier Journey\",\"description\":\"Take a journey with us into the vastness of Vatnaj\u00f6kull\",\"potentialAction\":[{\"@type\":\"SearchAction\",\"target\":{\"@type\":\"EntryPoint\",\"urlTemplate\":\"https:\\\/\\\/glacierjourney.is\\\/?s={search_term_string}\"},\"query-input\":{\"@type\":\"PropertyValueSpecification\",\"valueRequired\":true,\"valueName\":\"search_term_string\"}}],\"inLanguage\":\"is\"}]}<\/script>\n<!-- \/ Yoast SEO plugin. -->","yoast_head_json":{"title":"- Glacier Journey","robots":{"index":"index","follow":"follow","max-snippet":"max-snippet:-1","max-image-preview":"max-image-preview:large","max-video-preview":"max-video-preview:-1"},"canonical":"https:\/\/glacierjourney.is\/is\/undraverold\/","og_locale":"is_IS","og_type":"article","og_title":"- Glacier Journey","og_description":"[mk_page_section bg_image=&#8220;http:\/\/glacierjourney.is\/wp-content\/uploads\/2018\/10\/header-glacier.jpg&#8220; attachment=&#8220;fixed&#8220; bg_position=&#8220;center top&#8220; bg_repeat=&#8220;no-repeat&#8220; bg_stretch=&#8220;true&#8220; enable_3d=&#8220;true&#8220; bg_gradient=&#8220;vertical&#8220; video_color_mask=&#8220;#1e73be&#8220; gr_end=&#8220;#28b7ff&#8220; video_opacity=&#8220;0.5&#8243; min_height=&#8220;300&#8243; full_width=&#8220;true&#8220; padding_top=&#8220;0&#8243; first_page=&#8220;true&#8220; last_page=&#8220;false&#8220; sidebar=&#8220;sidebar-1&#8243;][vc_column][mk_padding_divider size=&#8220;100&#8243;][mk_fancy_title color=&#8220;#ffffff&#8220; size=&#8220;40&#8243; font_weight=&#8220;900&#8243; letter_spacing=&#8220;4&#8243; margin_bottom=&#8220;0&#8243; font_family=&#8220;none&#8220; align=&#8220;center&#8220; animation=&#8220;fade-in&#8220;]UNDRAVER\u00d6LD[\/mk_fancy_title][mk_fancy_title color=&#8220;#ffffff&#8220; size=&#8220;33&#8243; font_weight=&#8220;900&#8243; letter_spacing=&#8220;4&#8243; margin_bottom=&#8220;0&#8243; font_family=&#8220;none&#8220; align=&#8220;center&#8220; animation=&#8220;fade-in&#8220;]\u00cdSLENSKRA J\u00d6KLA[\/mk_fancy_title][mk_padding_divider][\/vc_column][\/mk_page_section][mk_page_section first_page=&#8220;false&#8220; last_page=&#8220;false&#8220; sidebar=&#8220;sidebar-1&#8243;][vc_column width=&#8220;1\/2&#8243;][vc_empty_space height=&#8220;44px&#8220;][mk_fancy_title color=&#8220;#1e73be&#8220; size=&#8220;34&#8243; font_weight=&#8220;bold&#8220; margin_bottom=&#8220;18&#8243; font_family=&#8220;none&#8220;]Langar \u00feig a\u00f0 taka skref \u00e1 st\u00e6rsta j\u00f6kul Evr\u00f3pu?[\/mk_fancy_title][vc_column_text css=&#8220;.vc_custom_1647337529504{margin-bottom: [&hellip;]","og_url":"https:\/\/glacierjourney.is\/is\/undraverold\/","og_site_name":"Glacier Journey","article_modified_time":"2022-12-15T11:09:48+00:00","twitter_card":"summary_large_image","twitter_misc":{"Est. reading time":"3 minutes"},"schema":{"@context":"https:\/\/schema.org","@graph":[{"@type":"WebPage","@id":"https:\/\/glacierjourney.is\/is\/undraverold\/","url":"https:\/\/glacierjourney.is\/is\/undraverold\/","name":"- Glacier Journey","isPartOf":{"@id":"https:\/\/glacierjourney.is\/#website"},"datePublished":"2021-11-24T09:19:37+00:00","dateModified":"2022-12-15T11:09:48+00:00","inLanguage":"is","potentialAction":[{"@type":"ReadAction","target":["https:\/\/glacierjourney.is\/is\/undraverold\/"]}]},{"@type":"WebSite","@id":"https:\/\/glacierjourney.is\/#website","url":"https:\/\/glacierjourney.is\/","name":"Glacier Journey","description":"Take a journey with us into the vastness of Vatnaj\u00f6kull","potentialAction":[{"@type":"SearchAction","target":{"@type":"EntryPoint","urlTemplate":"https:\/\/glacierjourney.is\/?s={search_term_string}"},"query-input":{"@type":"PropertyValueSpecification","valueRequired":true,"valueName":"search_term_string"}}],"inLanguage":"is"}]}},"_links":{"self":[{"href":"https:\/\/glacierjourney.is\/is\/wp-json\/wp\/v2\/pages\/8057","targetHints":{"allow":["GET"]}}],"collection":[{"href":"https:\/\/glacierjourney.is\/is\/wp-json\/wp\/v2\/pages"}],"about":[{"href":"https:\/\/glacierjourney.is\/is\/wp-json\/wp\/v2\/types\/page"}],"author":[{"embeddable":true,"href":"https:\/\/glacierjourney.is\/is\/wp-json\/wp\/v2\/users\/3"}],"replies":[{"embeddable":true,"href":"https:\/\/glacierjourney.is\/is\/wp-json\/wp\/v2\/comments?post=8057"}],"version-history":[{"count":18,"href":"https:\/\/glacierjourney.is\/is\/wp-json\/wp\/v2\/pages\/8057\/revisions"}],"predecessor-version":[{"id":9387,"href":"https:\/\/glacierjourney.is\/is\/wp-json\/wp\/v2\/pages\/8057\/revisions\/9387"}],"wp:attachment":[{"href":"https:\/\/glacierjourney.is\/is\/wp-json\/wp\/v2\/media?parent=8057"}],"curies":[{"name":"wp","href":"https:\/\/api.w.org\/{rel}","templated":true}]}}