{"id":8023,"date":"2021-11-22T11:20:07","date_gmt":"2021-11-22T11:20:07","guid":{"rendered":"https:\/\/glacierjourney.is\/?page_id=8023"},"modified":"2023-12-19T10:04:30","modified_gmt":"2023-12-19T10:04:30","slug":"basecamp","status":"publish","type":"page","link":"https:\/\/glacierjourney.is\/is\/basecamp\/","title":{"rendered":""},"content":{"rendered":"[mk_page_section bg_image=&#8220;http:\/\/glacierjourney.is\/wp-content\/uploads\/2015\/07\/header-glacierjourney.jpg&#8220; attachment=&#8220;fixed&#8220; bg_position=&#8220;center top&#8220; bg_repeat=&#8220;no-repeat&#8220; bg_stretch=&#8220;true&#8220; enable_3d=&#8220;true&#8220; bg_gradient=&#8220;vertical&#8220; video_color_mask=&#8220;#1e73be&#8220; gr_end=&#8220;#28b7ff&#8220; video_opacity=&#8220;0.5&#8243; min_height=&#8220;300&#8243; full_width=&#8220;true&#8220; padding_top=&#8220;0&#8243; first_page=&#8220;true&#8220; last_page=&#8220;false&#8220; sidebar=&#8220;sidebar-1&#8243;][vc_column][mk_padding_divider size=&#8220;100&#8243;][mk_fancy_title color=&#8220;#ffffff&#8220; size=&#8220;40&#8243; font_weight=&#8220;900&#8243; letter_spacing=&#8220;4&#8243; margin_bottom=&#8220;18&#8243; font_family=&#8220;none&#8220; align=&#8220;center&#8220; animation=&#8220;fade-in&#8220;]STA\u00d0SETNING[\/mk_fancy_title][mk_padding_divider][\/vc_column][\/mk_page_section][mk_page_section sidebar=&#8220;sidebar-1&#8243;][vc_column][vc_empty_space][vc_single_image image=&#8220;9428&#8243; img_size=&#8220;full&#8220; alignment=&#8220;center&#8220;][vc_empty_space][vc_column_text css=&#8220;.vc_custom_1702980205509{margin-bottom: 0px !important;}&#8220;]\n<p style=\"text-align: center;\"><strong>\u00deEGAR KOMI\u00d0 ER \u00cd FER\u00d0 ME\u00d0 OKKUR ER GOTT A\u00d0 GISTA \u00cd N\u00c1GRENNINU<\/strong><\/p>\n<p style=\"text-align: center;\">\u00deegar komi\u00f0 er \u00ed morgunfer\u00f0 me\u00f0 okkur \u00fe\u00e1 er gott a\u00f0 gista n\u00f3ttina fyrir einhverssta\u00f0ar n\u00e1l\u00e6gt.<\/p>\n<p style=\"text-align: center;\">\u00deegar komi\u00f0 er \u00ed seinnipartsfer\u00f0 me\u00f0 okkur \u00fe\u00e1 er gott a\u00f0 gista n\u00f3ttina \u00e1 eftir einhverssta\u00f0ar n\u00e1l\u00e6gt.<\/p>\n<p style=\"text-align: center;\"><strong>Fer\u00f0at\u00edminn a\u00f0 m\u00f3tt\u00f6kunni okkar \u00e1 sumrin \u2013 H\u00f3tel Smyrlabj\u00f6rg<\/strong><\/p>\n<p style=\"text-align: center;\">Fr\u00e1 Reykjav\u00edk tekur \u00fea\u00f0 um \u00fea\u00f0 bil 5 klst.<\/p>\n<p style=\"text-align: center;\">Fr\u00e1 V\u00edk tekur \u00fea\u00f0 um \u00fea\u00f0 bil 3 klst.<\/p>\n<p style=\"text-align: center;\">Fr\u00e1 Skaftafelli tekur \u00fea\u00f0 um \u00fea\u00f0 bil 1 klst &amp; 15 m\u00edn\u00fatur.<\/p>\n<p style=\"text-align: center;\">Fr\u00e1 H\u00f6fn tekur \u00fea\u00f0 um \u00fea\u00f0 bil 35 m\u00edn\u00fatur.<\/p>\n<p style=\"text-align: center;\">Taki\u00f0 eftir \u2013 \u00feessir t\u00edmar eru gefnir upp mi\u00f0a\u00f0 vi\u00f0 g\u00f3\u00f0a f\u00e6r\u00f0 og gott ve\u00f0ur.<\/p>\n<p style=\"text-align: center;\">Fyrir f\u00e6r\u00f0 \u00e1 vegum\u00a0<a href=\"http:\/\/www.vegagerdin.is\/\">vegagerdin.is<\/a>\u00a0og ve\u00f0ri\u00f0\u00a0<a href=\"http:\/\/vedur.is\/\">vedur.is<\/a><\/p>\n<p style=\"text-align: center;\"><strong>Fer\u00f0at\u00edminn a\u00f0 m\u00f3tt\u00f6kunni okkar \u00e1 veturnar \u2013 J\u00f6kuls\u00e1rl\u00f3n<\/strong><\/p>\n<p style=\"text-align: center;\">Fr\u00e1 Reykjav\u00edk tekur \u00fea\u00f0 um \u00fea\u00f0 bil 4 klst.<\/p>\n<p style=\"text-align: center;\">Fr\u00e1 V\u00edk tekur \u00fea\u00f0 um \u00fea\u00f0 bil 2 klst.<\/p>\n<p style=\"text-align: center;\">Fr\u00e1 Skaftafelli tekur \u00fea\u00f0 um \u00fea\u00f0 bil 50 m\u00edn\u00fatur.<\/p>\n<p style=\"text-align: center;\">Fr\u00e1 H\u00f6fn tekur \u00fea\u00f0 um \u00fea\u00f0 bil 1 klst &amp; 10 m\u00edn\u00fatur.<\/p>\n<p style=\"text-align: center;\">Taki\u00f0 eftir \u2013 \u00feessir t\u00edmar eru gefnir upp mi\u00f0a\u00f0 vi\u00f0 g\u00f3\u00f0a f\u00e6r\u00f0 og gott ve\u00f0ur.<\/p>\n<p style=\"text-align: center;\">Fyrir f\u00e6r\u00f0 \u00e1 vegum\u00a0<a href=\"http:\/\/www.vegagerdin.is\/\">vegagerdin.is<\/a>\u00a0og ve\u00f0ri\u00f0\u00a0<a href=\"http:\/\/vedur.is\/\">vedur.is\u00a0<\/a><\/p>\n[\/vc_column_text][vc_empty_space][\/vc_column][\/mk_page_section][mk_page_section sidebar=&#8220;sidebar-1&#8243;][vc_column][vc_empty_space][mk_ornamental_title text_color=&#8220;#1e73be&#8220; font_family=&#8220;Permanent+Marker&#8220; font_type=&#8220;google&#8220; font_size=&#8220;30&#8243; ornament_style=&#8220;norman-single&#8220; ornament_color=&#8220;#006794&#8243; ornament_thickness=&#8220;3&#8243;]VETRAR STA\u00d0SETNING | BASE CAMP[\/mk_ornamental_title][mk_fancy_title size=&#8220;20&#8243; font_family=&#8220;Rubik&#8220; font_type=&#8220;google&#8220; align=&#8220;center&#8220;]J\u00f6kuls\u00e1rl\u00f3n | Gps: 64.048096, -16.178778[\/mk_fancy_title][mk_advanced_gmaps custom_markers=&#8220;true&#8220; latitude=&#8220;64.048096&#8243; longitude=&#8220;-16.178778&#8243; address=&#8220;J\u00f6kuls\u00e1rl\u00f3n&#8220; custom_marker_1=&#8220;http:\/\/glacierjourney.is\/wp-content\/uploads\/2018\/07\/logo-map.png&#8220; content_bg_color=&#8220;#ffffff&#8220; content_font_color=&#8220;#ffffff&#8220; height=&#8220;450&#8243; map_zoom=&#8220;10&#8243; modify_coloring=&#8220;true&#8220; hue=&#8220;#25beed&#8220;][vc_empty_space][\/vc_column][\/mk_page_section][mk_page_section sidebar=&#8220;sidebar-1&#8243;][vc_column][vc_empty_space][mk_ornamental_title text_color=&#8220;#1e73be&#8220; font_family=&#8220;Permanent+Marker&#8220; font_type=&#8220;google&#8220; font_size=&#8220;30&#8243; ornament_style=&#8220;norman-single&#8220; ornament_color=&#8220;#006794&#8243; ornament_thickness=&#8220;3&#8243;]SUMAR STA\u00d0SETNING | BASE CAMP[\/mk_ornamental_title][mk_fancy_title size=&#8220;20&#8243; font_family=&#8220;Rubik&#8220; font_type=&#8220;google&#8220; align=&#8220;center&#8220;]H\u00f3tel Smyrlabj\u00f6rg | Gps: 64.2173538, -15.7195644<\/p>\n<p>Heimas\u00ed\u00f0a H\u00f3tel Smyrlabj\u00f6rg:<\/p>\n<p>https:\/\/smyrlabjorg.is\/is\/[\/mk_fancy_title][mk_advanced_gmaps custom_markers=&#8220;true&#8220; latitude=&#8220;64.2173538&#8243; longitude=&#8220;-15.7195644&#8243; address=&#8220;H\u00f3tel Smyrlabj\u00f6rg&#8220; custom_marker_1=&#8220;http:\/\/glacierjourney.is\/wp-content\/uploads\/2018\/07\/logo-map.png&#8220; content_bg_color=&#8220;#ffffff&#8220; content_font_color=&#8220;#ffffff&#8220; height=&#8220;450&#8243; map_zoom=&#8220;10&#8243; modify_coloring=&#8220;true&#8220; hue=&#8220;#25beed&#8220;][vc_empty_space][\/vc_column][\/mk_page_section][mk_page_section sidebar=&#8220;sidebar-1&#8243;][vc_column][vc_empty_space][mk_ornamental_title text_color=&#8220;#1e73be&#8220; font_family=&#8220;Permanent+Marker&#8220; font_type=&#8220;google&#8220; font_size=&#8220;30&#8243; ornament_style=&#8220;norman-single&#8220; ornament_color=&#8220;#006794&#8243; ornament_thickness=&#8220;3&#8243;]SKRIFSTOFA[\/mk_ornamental_title][mk_fancy_title size=&#8220;20&#8243; font_family=&#8220;Rubik&#8220; font_type=&#8220;google&#8220; align=&#8220;center&#8220;]V\u00edkurbraut 4 | Gps: 64.25242,-15.203496[\/mk_fancy_title][mk_advanced_gmaps custom_markers=&#8220;true&#8220; latitude=&#8220;64.25242&#8243; longitude=&#8220;-15.203496&#8243; address=&#8220;Vikurbraut 4&#8243; custom_marker_1=&#8220;http:\/\/glacierjourney.is\/wp-content\/uploads\/2018\/07\/logo-map.png&#8220; content_bg_color=&#8220;#ffffff&#8220; content_font_color=&#8220;#ffffff&#8220; height=&#8220;450&#8243; modify_coloring=&#8220;true&#8220; hue=&#8220;#25beed&#8220;][vc_column_text css=&#8220;.vc_custom_1702979178909{margin-bottom: 0px !important;}&#8220;]\n<p class=\"address\" style=\"text-align: center;\">Vikurbraut 4<br \/>\n780, H\u00f6fn \u00ed Hornafir\u00f0i<br \/>\nOPI\u00d0<br \/>\nm\u00e1n-f\u00f6s: 8:30 \u2013 16:30<br \/>\nlaugardaga og sunnudaga: Loka\u00f0<br \/>\nS\u00edmi: +354 478 1517<br \/>\nFars\u00edmi:\u00a0\u00a0<b><i>+<\/i><\/b>354 867 0493<\/p>\n<p class=\"email\" style=\"text-align: center;\">Netfang:\u00a0<a href=\"mailto:info@glacierjourney.is\">info@glacierjourney.is<\/a><\/p>\n[\/vc_column_text][vc_empty_space][\/vc_column][\/mk_page_section]\n","protected":false},"excerpt":{"rendered":"<p>[mk_page_section bg_image=&#8220;http:\/\/glacierjourney.is\/wp-content\/uploads\/2015\/07\/header-glacierjourney.jpg&#8220; attachment=&#8220;fixed&#8220; bg_position=&#8220;center top&#8220; bg_repeat=&#8220;no-repeat&#8220; bg_stretch=&#8220;true&#8220; enable_3d=&#8220;true&#8220; bg_gradient=&#8220;vertical&#8220; video_color_mask=&#8220;#1e73be&#8220; gr_end=&#8220;#28b7ff&#8220; video_opacity=&#8220;0.5&#8243; min_height=&#8220;300&#8243; full_width=&#8220;true&#8220; padding_top=&#8220;0&#8243; first_page=&#8220;true&#8220; last_page=&#8220;false&#8220; sidebar=&#8220;sidebar-1&#8243;][vc_column][mk_padding_divider size=&#8220;100&#8243;][mk_fancy_title color=&#8220;#ffffff&#8220; size=&#8220;40&#8243; font_weight=&#8220;900&#8243; letter_spacing=&#8220;4&#8243; margin_bottom=&#8220;18&#8243; font_family=&#8220;none&#8220; align=&#8220;center&#8220; animation=&#8220;fade-in&#8220;]STA\u00d0SETNING[\/mk_fancy_title][mk_padding_divider][\/vc_column][\/mk_page_section][mk_page_section sidebar=&#8220;sidebar-1&#8243;][vc_column][vc_empty_space][vc_single_image image=&#8220;9428&#8243; img_size=&#8220;full&#8220; alignment=&#8220;center&#8220;][vc_empty_space][vc_column_text css=&#8220;.vc_custom_1702980205509{margin-bottom: 0px !important;}&#8220;] \u00deEGAR KOMI\u00d0 ER \u00cd FER\u00d0 ME\u00d0 OKKUR ER GOTT A\u00d0 GISTA \u00cd N\u00c1GRENNINU \u00deegar komi\u00f0 er \u00ed morgunfer\u00f0 me\u00f0 okkur \u00fe\u00e1 [&hellip;]<\/p>\n","protected":false},"author":3,"featured_media":0,"parent":0,"menu_order":0,"comment_status":"closed","ping_status":"closed","template":"","meta":{"_exactmetrics_skip_tracking":false,"_exactmetrics_sitenote_active":false,"_exactmetrics_sitenote_note":"","_exactmetrics_sitenote_category":0,"footnotes":""},"class_list":["post-8023","page","type-page","status-publish","hentry"],"yoast_head":"<!-- This site is optimized with the Yoast SEO plugin v26.8 - https:\/\/yoast.com\/product\/yoast-seo-wordpress\/ -->\n<title>- Glacier Journey<\/title>\n<meta name=\"robots\" content=\"index, follow, max-snippet:-1, max-image-preview:large, max-video-preview:-1\" \/>\n<link rel=\"canonical\" href=\"https:\/\/glacierjourney.is\/is\/basecamp\/\" \/>\n<meta property=\"og:locale\" content=\"is_IS\" \/>\n<meta property=\"og:type\" content=\"article\" \/>\n<meta property=\"og:title\" content=\"- Glacier Journey\" \/>\n<meta property=\"og:description\" content=\"[mk_page_section bg_image=&#8220;http:\/\/glacierjourney.is\/wp-content\/uploads\/2015\/07\/header-glacierjourney.jpg&#8220; attachment=&#8220;fixed&#8220; bg_position=&#8220;center top&#8220; bg_repeat=&#8220;no-repeat&#8220; bg_stretch=&#8220;true&#8220; enable_3d=&#8220;true&#8220; bg_gradient=&#8220;vertical&#8220; video_color_mask=&#8220;#1e73be&#8220; gr_end=&#8220;#28b7ff&#8220; video_opacity=&#8220;0.5&#8243; min_height=&#8220;300&#8243; full_width=&#8220;true&#8220; padding_top=&#8220;0&#8243; first_page=&#8220;true&#8220; last_page=&#8220;false&#8220; sidebar=&#8220;sidebar-1&#8243;][vc_column][mk_padding_divider size=&#8220;100&#8243;][mk_fancy_title color=&#8220;#ffffff&#8220; size=&#8220;40&#8243; font_weight=&#8220;900&#8243; letter_spacing=&#8220;4&#8243; margin_bottom=&#8220;18&#8243; font_family=&#8220;none&#8220; align=&#8220;center&#8220; animation=&#8220;fade-in&#8220;]STA\u00d0SETNING[\/mk_fancy_title][mk_padding_divider][\/vc_column][\/mk_page_section][mk_page_section sidebar=&#8220;sidebar-1&#8243;][vc_column][vc_empty_space][vc_single_image image=&#8220;9428&#8243; img_size=&#8220;full&#8220; alignment=&#8220;center&#8220;][vc_empty_space][vc_column_text css=&#8220;.vc_custom_1702980205509{margin-bottom: 0px !important;}&#8220;] \u00deEGAR KOMI\u00d0 ER \u00cd FER\u00d0 ME\u00d0 OKKUR ER GOTT A\u00d0 GISTA \u00cd N\u00c1GRENNINU \u00deegar komi\u00f0 er \u00ed morgunfer\u00f0 me\u00f0 okkur \u00fe\u00e1 [&hellip;]\" \/>\n<meta property=\"og:url\" content=\"https:\/\/glacierjourney.is\/is\/basecamp\/\" \/>\n<meta property=\"og:site_name\" content=\"Glacier Journey\" \/>\n<meta property=\"article:modified_time\" content=\"2023-12-19T10:04:30+00:00\" \/>\n<meta name=\"twitter:card\" content=\"summary_large_image\" \/>\n<meta name=\"twitter:label1\" content=\"Est. reading time\" \/>\n\t<meta name=\"twitter:data1\" content=\"2 minutes\" \/>\n<script type=\"application\/ld+json\" class=\"yoast-schema-graph\">{\"@context\":\"https:\/\/schema.org\",\"@graph\":[{\"@type\":\"WebPage\",\"@id\":\"https:\/\/glacierjourney.is\/is\/basecamp\/\",\"url\":\"https:\/\/glacierjourney.is\/is\/basecamp\/\",\"name\":\"- Glacier Journey\",\"isPartOf\":{\"@id\":\"https:\/\/glacierjourney.is\/#website\"},\"datePublished\":\"2021-11-22T11:20:07+00:00\",\"dateModified\":\"2023-12-19T10:04:30+00:00\",\"inLanguage\":\"is\",\"potentialAction\":[{\"@type\":\"ReadAction\",\"target\":[\"https:\/\/glacierjourney.is\/is\/basecamp\/\"]}]},{\"@type\":\"WebSite\",\"@id\":\"https:\/\/glacierjourney.is\/#website\",\"url\":\"https:\/\/glacierjourney.is\/\",\"name\":\"Glacier Journey\",\"description\":\"Take a journey with us into the vastness of Vatnaj\u00f6kull\",\"potentialAction\":[{\"@type\":\"SearchAction\",\"target\":{\"@type\":\"EntryPoint\",\"urlTemplate\":\"https:\/\/glacierjourney.is\/?s={search_term_string}\"},\"query-input\":{\"@type\":\"PropertyValueSpecification\",\"valueRequired\":true,\"valueName\":\"search_term_string\"}}],\"inLanguage\":\"is\"}]}<\/script>\n<!-- \/ Yoast SEO plugin. -->","yoast_head_json":{"title":"- Glacier Journey","robots":{"index":"index","follow":"follow","max-snippet":"max-snippet:-1","max-image-preview":"max-image-preview:large","max-video-preview":"max-video-preview:-1"},"canonical":"https:\/\/glacierjourney.is\/is\/basecamp\/","og_locale":"is_IS","og_type":"article","og_title":"- Glacier Journey","og_description":"[mk_page_section bg_image=&#8220;http:\/\/glacierjourney.is\/wp-content\/uploads\/2015\/07\/header-glacierjourney.jpg&#8220; attachment=&#8220;fixed&#8220; bg_position=&#8220;center top&#8220; bg_repeat=&#8220;no-repeat&#8220; bg_stretch=&#8220;true&#8220; enable_3d=&#8220;true&#8220; bg_gradient=&#8220;vertical&#8220; video_color_mask=&#8220;#1e73be&#8220; gr_end=&#8220;#28b7ff&#8220; video_opacity=&#8220;0.5&#8243; min_height=&#8220;300&#8243; full_width=&#8220;true&#8220; padding_top=&#8220;0&#8243; first_page=&#8220;true&#8220; last_page=&#8220;false&#8220; sidebar=&#8220;sidebar-1&#8243;][vc_column][mk_padding_divider size=&#8220;100&#8243;][mk_fancy_title color=&#8220;#ffffff&#8220; size=&#8220;40&#8243; font_weight=&#8220;900&#8243; letter_spacing=&#8220;4&#8243; margin_bottom=&#8220;18&#8243; font_family=&#8220;none&#8220; align=&#8220;center&#8220; animation=&#8220;fade-in&#8220;]STA\u00d0SETNING[\/mk_fancy_title][mk_padding_divider][\/vc_column][\/mk_page_section][mk_page_section sidebar=&#8220;sidebar-1&#8243;][vc_column][vc_empty_space][vc_single_image image=&#8220;9428&#8243; img_size=&#8220;full&#8220; alignment=&#8220;center&#8220;][vc_empty_space][vc_column_text css=&#8220;.vc_custom_1702980205509{margin-bottom: 0px !important;}&#8220;] \u00deEGAR KOMI\u00d0 ER \u00cd FER\u00d0 ME\u00d0 OKKUR ER GOTT A\u00d0 GISTA \u00cd N\u00c1GRENNINU \u00deegar komi\u00f0 er \u00ed morgunfer\u00f0 me\u00f0 okkur \u00fe\u00e1 [&hellip;]","og_url":"https:\/\/glacierjourney.is\/is\/basecamp\/","og_site_name":"Glacier Journey","article_modified_time":"2023-12-19T10:04:30+00:00","twitter_card":"summary_large_image","twitter_misc":{"Est. reading time":"2 minutes"},"schema":{"@context":"https:\/\/schema.org","@graph":[{"@type":"WebPage","@id":"https:\/\/glacierjourney.is\/is\/basecamp\/","url":"https:\/\/glacierjourney.is\/is\/basecamp\/","name":"- Glacier Journey","isPartOf":{"@id":"https:\/\/glacierjourney.is\/#website"},"datePublished":"2021-11-22T11:20:07+00:00","dateModified":"2023-12-19T10:04:30+00:00","inLanguage":"is","potentialAction":[{"@type":"ReadAction","target":["https:\/\/glacierjourney.is\/is\/basecamp\/"]}]},{"@type":"WebSite","@id":"https:\/\/glacierjourney.is\/#website","url":"https:\/\/glacierjourney.is\/","name":"Glacier Journey","description":"Take a journey with us into the vastness of Vatnaj\u00f6kull","potentialAction":[{"@type":"SearchAction","target":{"@type":"EntryPoint","urlTemplate":"https:\/\/glacierjourney.is\/?s={search_term_string}"},"query-input":{"@type":"PropertyValueSpecification","valueRequired":true,"valueName":"search_term_string"}}],"inLanguage":"is"}]}},"_links":{"self":[{"href":"https:\/\/glacierjourney.is\/is\/wp-json\/wp\/v2\/pages\/8023","targetHints":{"allow":["GET"]}}],"collection":[{"href":"https:\/\/glacierjourney.is\/is\/wp-json\/wp\/v2\/pages"}],"about":[{"href":"https:\/\/glacierjourney.is\/is\/wp-json\/wp\/v2\/types\/page"}],"author":[{"embeddable":true,"href":"https:\/\/glacierjourney.is\/is\/wp-json\/wp\/v2\/users\/3"}],"replies":[{"embeddable":true,"href":"https:\/\/glacierjourney.is\/is\/wp-json\/wp\/v2\/comments?post=8023"}],"version-history":[{"count":15,"href":"https:\/\/glacierjourney.is\/is\/wp-json\/wp\/v2\/pages\/8023\/revisions"}],"predecessor-version":[{"id":10379,"href":"https:\/\/glacierjourney.is\/is\/wp-json\/wp\/v2\/pages\/8023\/revisions\/10379"}],"wp:attachment":[{"href":"https:\/\/glacierjourney.is\/is\/wp-json\/wp\/v2\/media?parent=8023"}],"curies":[{"name":"wp","href":"https:\/\/api.w.org\/{rel}","templated":true}]}}