{"id":7986,"date":"2021-11-19T14:12:56","date_gmt":"2021-11-19T14:12:56","guid":{"rendered":"https:\/\/glacierjourney.is\/?page_id=7986"},"modified":"2022-11-24T13:18:54","modified_gmt":"2022-11-24T13:18:54","slug":"gjafabref","status":"publish","type":"page","link":"https:\/\/glacierjourney.is\/is\/gjafabref\/","title":{"rendered":""},"content":{"rendered":"<div class=\"wpb-content-wrapper\">[mk_page_section bg_image=&#8220;http:\/\/glacierjourney.is\/wp-content\/uploads\/2015\/07\/header-glacierjourney.jpg&#8220; attachment=&#8220;fixed&#8220; bg_position=&#8220;center top&#8220; bg_repeat=&#8220;no-repeat&#8220; bg_stretch=&#8220;true&#8220; enable_3d=&#8220;true&#8220; bg_gradient=&#8220;vertical&#8220; video_color_mask=&#8220;#1e73be&#8220; gr_end=&#8220;#28b7ff&#8220; video_opacity=&#8220;0.5&#8243; min_height=&#8220;300&#8243; full_width=&#8220;true&#8220; padding_top=&#8220;0&#8243; first_page=&#8220;true&#8220; last_page=&#8220;false&#8220; sidebar=&#8220;sidebar-1&#8243;][vc_column][mk_padding_divider size=&#8220;100&#8243;][mk_fancy_title color=&#8220;#ffffff&#8220; size=&#8220;40&#8243; font_weight=&#8220;900&#8243; letter_spacing=&#8220;4&#8243; margin_bottom=&#8220;18&#8243; font_family=&#8220;none&#8220; align=&#8220;center&#8220; animation=&#8220;fade-in&#8220;]GJAFABR\u00c9F[\/mk_fancy_title][mk_padding_divider][\/vc_column][\/mk_page_section][mk_page_section first_page=&#8220;false&#8220; last_page=&#8220;false&#8220; sidebar=&#8220;sidebar-1&#8243;][vc_column width=&#8220;1\/2&#8243;][vc_empty_space height=&#8220;44px&#8220;][mk_fancy_title color=&#8220;#1e73be&#8220; size=&#8220;34&#8243; font_weight=&#8220;bold&#8220; margin_bottom=&#8220;18&#8243; font_family=&#8220;none&#8220;]GEF\u00d0U EINSTAKA UPPLIFUN \u00cd GJ\u00d6F[\/mk_fancy_title][vc_column_text css=&#8220;.vc_custom_1669295898113{margin-bottom: 0px !important;}&#8220;]Glacier Journey er me\u00f0 miki\u00f0 \u00farval af fer\u00f0um, fr\u00e1 <a href=\"https:\/\/glacierjourney.is\/tours\/\"> snj\u00f3sle\u00f0afer\u00f0um og \u00edshellafer\u00f0um til l\u00faxus jeppafer\u00f0a. <\/a><br \/>\nGjafabr\u00e9fin okkar eru \u00e1n gildist\u00edma og eru afhent \u00ed fallegri m\u00f6ppu me\u00f0 sm\u00e1 auka gj\u00f6f.<br \/>\n\u00d3h\u00e1\u00f0 \u00fev\u00ed hvort \u00fe\u00fa ert a\u00f0 leita a\u00f0 hinni\u00a0 fullkomnu j\u00f3lagj\u00f6f e\u00f0a hvort \u00fe\u00e9r langar a\u00f0 bara gefa \u00f3gleymanlega upplifun \u00e1n \u00e1st\u00e6\u00f0u, \u00fe\u00e1 b\u00ed\u00f0ur \u00e6vint\u00fdri handan vi\u00f0 horni\u00f0 fyrir \u00feann heppna.<\/p>\n<p>Sendu t\u00f6lvup\u00f3st \u00e1 info@glacierjourney.is[\/vc_column_text][vc_empty_space height=&#8220;20px&#8220;][vc_empty_space height=&#8220;20px&#8220;][vc_empty_space height=&#8220;44px&#8220;][\/vc_column][vc_column width=&#8220;1\/2&#8243;][vc_empty_space height=&#8220;44px&#8220;][vc_empty_space height=&#8220;44px&#8220;][\/vc_column][\/mk_page_section][vc_row css=&#8220;.vc_custom_1453845821894{padding-top: 0px !important;padding-right: 0px !important;padding-bottom: 0px !important;padding-left: 0px !important;}&#8220;][vc_column][mk_gallery images=&#8220;7764,7902,7758,7699&#8243; column=&#8220;4&#8243; height=&#8220;300&#8243; hover_scenarios=&#8220;slow_zoom&#8220;][vc_empty_space height=&#8220;44px&#8220;][\/vc_column][\/vc_row]\n<\/div>","protected":false},"excerpt":{"rendered":"<p>[mk_page_section bg_image=&#8220;http:\/\/glacierjourney.is\/wp-content\/uploads\/2015\/07\/header-glacierjourney.jpg&#8220; attachment=&#8220;fixed&#8220; bg_position=&#8220;center top&#8220; bg_repeat=&#8220;no-repeat&#8220; bg_stretch=&#8220;true&#8220; enable_3d=&#8220;true&#8220; bg_gradient=&#8220;vertical&#8220; video_color_mask=&#8220;#1e73be&#8220; gr_end=&#8220;#28b7ff&#8220; video_opacity=&#8220;0.5&#8243; min_height=&#8220;300&#8243; full_width=&#8220;true&#8220; padding_top=&#8220;0&#8243; first_page=&#8220;true&#8220; last_page=&#8220;false&#8220; sidebar=&#8220;sidebar-1&#8243;][vc_column][mk_padding_divider size=&#8220;100&#8243;][mk_fancy_title color=&#8220;#ffffff&#8220; size=&#8220;40&#8243; font_weight=&#8220;900&#8243; letter_spacing=&#8220;4&#8243; margin_bottom=&#8220;18&#8243; font_family=&#8220;none&#8220; align=&#8220;center&#8220; animation=&#8220;fade-in&#8220;]GJAFABR\u00c9F[\/mk_fancy_title][mk_padding_divider][\/vc_column][\/mk_page_section][mk_page_section first_page=&#8220;false&#8220; last_page=&#8220;false&#8220; sidebar=&#8220;sidebar-1&#8243;][vc_column width=&#8220;1\/2&#8243;][vc_empty_space height=&#8220;44px&#8220;][mk_fancy_title color=&#8220;#1e73be&#8220; size=&#8220;34&#8243; font_weight=&#8220;bold&#8220; margin_bottom=&#8220;18&#8243; font_family=&#8220;none&#8220;]GEF\u00d0U EINSTAKA UPPLIFUN \u00cd GJ\u00d6F[\/mk_fancy_title][vc_column_text css=&#8220;.vc_custom_1669295898113{margin-bottom: 0px !important;}&#8220;]Glacier Journey er me\u00f0 miki\u00f0 \u00farval af fer\u00f0um, fr\u00e1 snj\u00f3sle\u00f0afer\u00f0um og \u00edshellafer\u00f0um [&hellip;]<\/p>\n","protected":false},"author":3,"featured_media":0,"parent":0,"menu_order":0,"comment_status":"closed","ping_status":"closed","template":"","meta":{"_exactmetrics_skip_tracking":false,"_exactmetrics_sitenote_active":false,"_exactmetrics_sitenote_note":"","_exactmetrics_sitenote_category":0,"footnotes":""},"class_list":["post-7986","page","type-page","status-publish","hentry"],"yoast_head":"<!-- This site is optimized with the Yoast SEO plugin v27.4 - https:\/\/yoast.com\/product\/yoast-seo-wordpress\/ -->\n<title>- Glacier Journey<\/title>\n<meta name=\"robots\" content=\"index, follow, max-snippet:-1, max-image-preview:large, max-video-preview:-1\" \/>\n<link rel=\"canonical\" href=\"https:\/\/glacierjourney.is\/is\/gjafabref\/\" \/>\n<meta property=\"og:locale\" content=\"is_IS\" \/>\n<meta property=\"og:type\" content=\"article\" \/>\n<meta property=\"og:title\" content=\"- Glacier Journey\" \/>\n<meta property=\"og:description\" content=\"[mk_page_section bg_image=&#8220;http:\/\/glacierjourney.is\/wp-content\/uploads\/2015\/07\/header-glacierjourney.jpg&#8220; attachment=&#8220;fixed&#8220; bg_position=&#8220;center top&#8220; bg_repeat=&#8220;no-repeat&#8220; bg_stretch=&#8220;true&#8220; enable_3d=&#8220;true&#8220; bg_gradient=&#8220;vertical&#8220; video_color_mask=&#8220;#1e73be&#8220; gr_end=&#8220;#28b7ff&#8220; video_opacity=&#8220;0.5&#8243; min_height=&#8220;300&#8243; full_width=&#8220;true&#8220; padding_top=&#8220;0&#8243; first_page=&#8220;true&#8220; last_page=&#8220;false&#8220; sidebar=&#8220;sidebar-1&#8243;][vc_column][mk_padding_divider size=&#8220;100&#8243;][mk_fancy_title color=&#8220;#ffffff&#8220; size=&#8220;40&#8243; font_weight=&#8220;900&#8243; letter_spacing=&#8220;4&#8243; margin_bottom=&#8220;18&#8243; font_family=&#8220;none&#8220; align=&#8220;center&#8220; animation=&#8220;fade-in&#8220;]GJAFABR\u00c9F[\/mk_fancy_title][mk_padding_divider][\/vc_column][\/mk_page_section][mk_page_section first_page=&#8220;false&#8220; last_page=&#8220;false&#8220; sidebar=&#8220;sidebar-1&#8243;][vc_column width=&#8220;1\/2&#8243;][vc_empty_space height=&#8220;44px&#8220;][mk_fancy_title color=&#8220;#1e73be&#8220; size=&#8220;34&#8243; font_weight=&#8220;bold&#8220; margin_bottom=&#8220;18&#8243; font_family=&#8220;none&#8220;]GEF\u00d0U EINSTAKA UPPLIFUN \u00cd GJ\u00d6F[\/mk_fancy_title][vc_column_text css=&#8220;.vc_custom_1669295898113{margin-bottom: 0px !important;}&#8220;]Glacier Journey er me\u00f0 miki\u00f0 \u00farval af fer\u00f0um, fr\u00e1 snj\u00f3sle\u00f0afer\u00f0um og \u00edshellafer\u00f0um [&hellip;]\" \/>\n<meta property=\"og:url\" content=\"https:\/\/glacierjourney.is\/is\/gjafabref\/\" \/>\n<meta property=\"og:site_name\" content=\"Glacier Journey\" \/>\n<meta property=\"article:modified_time\" content=\"2022-11-24T13:18:54+00:00\" \/>\n<meta name=\"twitter:card\" content=\"summary_large_image\" \/>\n<meta name=\"twitter:label1\" content=\"Est. reading time\" \/>\n\t<meta name=\"twitter:data1\" content=\"1 minute\" \/>\n<script type=\"application\/ld+json\" class=\"yoast-schema-graph\">{\"@context\":\"https:\\\/\\\/schema.org\",\"@graph\":[{\"@type\":\"WebPage\",\"@id\":\"https:\\\/\\\/glacierjourney.is\\\/is\\\/gjafabref\\\/\",\"url\":\"https:\\\/\\\/glacierjourney.is\\\/is\\\/gjafabref\\\/\",\"name\":\"- Glacier Journey\",\"isPartOf\":{\"@id\":\"https:\\\/\\\/glacierjourney.is\\\/#website\"},\"datePublished\":\"2021-11-19T14:12:56+00:00\",\"dateModified\":\"2022-11-24T13:18:54+00:00\",\"inLanguage\":\"is\",\"potentialAction\":[{\"@type\":\"ReadAction\",\"target\":[\"https:\\\/\\\/glacierjourney.is\\\/is\\\/gjafabref\\\/\"]}]},{\"@type\":\"WebSite\",\"@id\":\"https:\\\/\\\/glacierjourney.is\\\/#website\",\"url\":\"https:\\\/\\\/glacierjourney.is\\\/\",\"name\":\"Glacier Journey\",\"description\":\"Take a journey with us into the vastness of Vatnaj\u00f6kull\",\"potentialAction\":[{\"@type\":\"SearchAction\",\"target\":{\"@type\":\"EntryPoint\",\"urlTemplate\":\"https:\\\/\\\/glacierjourney.is\\\/?s={search_term_string}\"},\"query-input\":{\"@type\":\"PropertyValueSpecification\",\"valueRequired\":true,\"valueName\":\"search_term_string\"}}],\"inLanguage\":\"is\"}]}<\/script>\n<!-- \/ Yoast SEO plugin. -->","yoast_head_json":{"title":"- Glacier Journey","robots":{"index":"index","follow":"follow","max-snippet":"max-snippet:-1","max-image-preview":"max-image-preview:large","max-video-preview":"max-video-preview:-1"},"canonical":"https:\/\/glacierjourney.is\/is\/gjafabref\/","og_locale":"is_IS","og_type":"article","og_title":"- Glacier Journey","og_description":"[mk_page_section bg_image=&#8220;http:\/\/glacierjourney.is\/wp-content\/uploads\/2015\/07\/header-glacierjourney.jpg&#8220; attachment=&#8220;fixed&#8220; bg_position=&#8220;center top&#8220; bg_repeat=&#8220;no-repeat&#8220; bg_stretch=&#8220;true&#8220; enable_3d=&#8220;true&#8220; bg_gradient=&#8220;vertical&#8220; video_color_mask=&#8220;#1e73be&#8220; gr_end=&#8220;#28b7ff&#8220; video_opacity=&#8220;0.5&#8243; min_height=&#8220;300&#8243; full_width=&#8220;true&#8220; padding_top=&#8220;0&#8243; first_page=&#8220;true&#8220; last_page=&#8220;false&#8220; sidebar=&#8220;sidebar-1&#8243;][vc_column][mk_padding_divider size=&#8220;100&#8243;][mk_fancy_title color=&#8220;#ffffff&#8220; size=&#8220;40&#8243; font_weight=&#8220;900&#8243; letter_spacing=&#8220;4&#8243; margin_bottom=&#8220;18&#8243; font_family=&#8220;none&#8220; align=&#8220;center&#8220; animation=&#8220;fade-in&#8220;]GJAFABR\u00c9F[\/mk_fancy_title][mk_padding_divider][\/vc_column][\/mk_page_section][mk_page_section first_page=&#8220;false&#8220; last_page=&#8220;false&#8220; sidebar=&#8220;sidebar-1&#8243;][vc_column width=&#8220;1\/2&#8243;][vc_empty_space height=&#8220;44px&#8220;][mk_fancy_title color=&#8220;#1e73be&#8220; size=&#8220;34&#8243; font_weight=&#8220;bold&#8220; margin_bottom=&#8220;18&#8243; font_family=&#8220;none&#8220;]GEF\u00d0U EINSTAKA UPPLIFUN \u00cd GJ\u00d6F[\/mk_fancy_title][vc_column_text css=&#8220;.vc_custom_1669295898113{margin-bottom: 0px !important;}&#8220;]Glacier Journey er me\u00f0 miki\u00f0 \u00farval af fer\u00f0um, fr\u00e1 snj\u00f3sle\u00f0afer\u00f0um og \u00edshellafer\u00f0um [&hellip;]","og_url":"https:\/\/glacierjourney.is\/is\/gjafabref\/","og_site_name":"Glacier Journey","article_modified_time":"2022-11-24T13:18:54+00:00","twitter_card":"summary_large_image","twitter_misc":{"Est. reading time":"1 minute"},"schema":{"@context":"https:\/\/schema.org","@graph":[{"@type":"WebPage","@id":"https:\/\/glacierjourney.is\/is\/gjafabref\/","url":"https:\/\/glacierjourney.is\/is\/gjafabref\/","name":"- Glacier Journey","isPartOf":{"@id":"https:\/\/glacierjourney.is\/#website"},"datePublished":"2021-11-19T14:12:56+00:00","dateModified":"2022-11-24T13:18:54+00:00","inLanguage":"is","potentialAction":[{"@type":"ReadAction","target":["https:\/\/glacierjourney.is\/is\/gjafabref\/"]}]},{"@type":"WebSite","@id":"https:\/\/glacierjourney.is\/#website","url":"https:\/\/glacierjourney.is\/","name":"Glacier Journey","description":"Take a journey with us into the vastness of Vatnaj\u00f6kull","potentialAction":[{"@type":"SearchAction","target":{"@type":"EntryPoint","urlTemplate":"https:\/\/glacierjourney.is\/?s={search_term_string}"},"query-input":{"@type":"PropertyValueSpecification","valueRequired":true,"valueName":"search_term_string"}}],"inLanguage":"is"}]}},"_links":{"self":[{"href":"https:\/\/glacierjourney.is\/is\/wp-json\/wp\/v2\/pages\/7986","targetHints":{"allow":["GET"]}}],"collection":[{"href":"https:\/\/glacierjourney.is\/is\/wp-json\/wp\/v2\/pages"}],"about":[{"href":"https:\/\/glacierjourney.is\/is\/wp-json\/wp\/v2\/types\/page"}],"author":[{"embeddable":true,"href":"https:\/\/glacierjourney.is\/is\/wp-json\/wp\/v2\/users\/3"}],"replies":[{"embeddable":true,"href":"https:\/\/glacierjourney.is\/is\/wp-json\/wp\/v2\/comments?post=7986"}],"version-history":[{"count":13,"href":"https:\/\/glacierjourney.is\/is\/wp-json\/wp\/v2\/pages\/7986\/revisions"}],"predecessor-version":[{"id":9289,"href":"https:\/\/glacierjourney.is\/is\/wp-json\/wp\/v2\/pages\/7986\/revisions\/9289"}],"wp:attachment":[{"href":"https:\/\/glacierjourney.is\/is\/wp-json\/wp\/v2\/media?parent=7986"}],"curies":[{"name":"wp","href":"https:\/\/api.w.org\/{rel}","templated":true}]}}