{"id":7692,"date":"2021-03-02T13:32:29","date_gmt":"2021-03-02T13:32:29","guid":{"rendered":"https:\/\/glacierjourney.is\/?page_id=7692"},"modified":"2023-10-11T14:03:39","modified_gmt":"2023-10-11T14:03:39","slug":"illikambur-lonsoraefi","status":"publish","type":"page","link":"https:\/\/glacierjourney.is\/is\/ferdir\/illikambur-lonsoraefi\/","title":{"rendered":"Illikambur L\u00f3ns\u00f6r\u00e6fi"},"content":{"rendered":"<div class=\"wpb-content-wrapper\">[mk_page_section bg_image=&#8220;https:\/\/glacierjourney.is\/wp-content\/uploads\/2021\/03\/illikambur-7.jpg&#8220; attachment=&#8220;fixed&#8220; bg_position=&#8220;center bottom&#8220; bg_repeat=&#8220;no-repeat&#8220; bg_stretch=&#8220;true&#8220; enable_3d=&#8220;true&#8220; bg_gradient=&#8220;vertical&#8220; video_color_mask=&#8220;#1e73be&#8220; gr_end=&#8220;#28b7ff&#8220; video_opacity=&#8220;0.5&#8243; min_height=&#8220;300&#8243; full_width=&#8220;true&#8220; padding_top=&#8220;0&#8243; first_page=&#8220;true&#8220; last_page=&#8220;false&#8220; sidebar=&#8220;sidebar-1&#8243;][vc_column][mk_padding_divider size=&#8220;100&#8243;][mk_fancy_title color=&#8220;#ffffff&#8220; size=&#8220;40&#8243; font_weight=&#8220;900&#8243; letter_spacing=&#8220;4&#8243; margin_bottom=&#8220;18&#8243; font_family=&#8220;none&#8220; align=&#8220;center&#8220; animation=&#8220;fade-in&#8220;]Illikambur L\u00f3ns\u00f6r\u00e6fi[\/mk_fancy_title][mk_padding_divider][\/vc_column][\/mk_page_section][mk_page_section first_page=&#8220;false&#8220; last_page=&#8220;false&#8220; sidebar=&#8220;sidebar-1&#8243;][vc_column width=&#8220;1\/2&#8243;][vc_empty_space height=&#8220;44px&#8220;][vc_column_text css=&#8220;.vc_custom_1647338931171{margin-bottom: 0px !important;}&#8220;]<strong>Leiti\u00f0 tilbo\u00f0a sem henta ykkar h\u00f3pi!<\/strong><\/p>\n<p><strong>Uppl\u00fdsingar og b\u00f3kanir \u00e1 t\u00f6lvup\u00f3st;\u00a0<\/strong><a href=\"mailto:info@glacierjourney.is\"><strong>info@glacierjourney.is<\/strong><\/a>[\/vc_column_text][vc_empty_space height=&#8220;44px&#8220;][\/vc_column][vc_column width=&#8220;1\/2&#8243;][vc_empty_space height=&#8220;44px&#8220;][vc_column_text css=&#8220;.vc_custom_1647338958699{margin-bottom: 0px !important;}&#8220;]<strong>Innifali\u00f0;<\/strong><\/p>\n<p>\u2013 Akstur til og fr\u00e1 Illakambi \u00e1 breyttum b\u00edlum me\u00f0 nokkrum \u00fats\u00fdnisstoppum \u00e1 lei\u00f0inni.<\/p>\n<p>\u2013 M\u00e6ting er 30 m\u00edn\u00fatum fyrir brottf\u00f6r hj\u00e1 Glacier Journey, V\u00edkurbraut 4, H\u00f6fn \u00ed Hornafir\u00f0i, e\u00f0a fyrirfram \u00e1kve\u00f0num sta\u00f0.[\/vc_column_text][vc_empty_space][\/vc_column][\/mk_page_section][mk_page_section sidebar=&#8220;sidebar-1&#8243;][vc_column][vc_empty_space][mk_ornamental_title text_color=&#8220;#1e73be&#8220; font_family=&#8220;Permanent+Marker&#8220; font_type=&#8220;google&#8220; font_size=&#8220;30&#8243; ornament_style=&#8220;norman-single&#8220; ornament_color=&#8220;#006794&#8243; ornament_thickness=&#8220;3&#8243;]Hvar eru L\u00f3ns\u00f6r\u00e6fi[\/mk_ornamental_title][vc_column_text css=&#8220;.vc_custom_1647338973876{margin-bottom: 0px !important;}&#8220;]Upp fr\u00e1 L\u00f3ni, austan Vatnaj\u00f6kuls, gengur fjallahringur, dalir og \u00f6r\u00e6fi er nefnast Stafafellsfj\u00f6ll. \u00deau skarta mikilli fj\u00f6lbreytni \u00ed formum og litum sundurskorin af glj\u00fafrum og giljum.<br \/>\nN\u00e1tt\u00faran \u00fear einstaklega litr\u00edk og miki\u00f0 er um l\u00edpar\u00edt, holufyllingar og fagra steina.<br \/>\nV\u00ed\u00f0a eru gr\u00f3nir balar og ekki \u00f3l\u00edklegt a\u00f0 menn rekist \u00e1 hreind\u00fdr \u00e1 fer\u00f0 sinni um \u00f6r\u00e6fin. Stafafellslandi\u00f0 er st\u00f3rkostlegt g\u00f6nguland fyrir \u00fe\u00e1 sem unna f\u00f6grum jar\u00f0myndunum.[\/vc_column_text][vc_empty_space][mk_ornamental_title text_color=&#8220;#1e73be&#8220; font_family=&#8220;Permanent+Marker&#8220; font_type=&#8220;google&#8220; font_size=&#8220;30&#8243; ornament_style=&#8220;norman-single&#8220; ornament_color=&#8220;#006794&#8243; ornament_thickness=&#8220;3&#8243;]STAFAFELLSFJ\u00d6LL[\/mk_ornamental_title][vc_column_text css=&#8220;.vc_custom_1647338990685{margin-bottom: 0px !important;}&#8220;]Stafafell hefur fr\u00e1 fornu fari veri\u00f0 landmesta j\u00f6r\u00f0 \u00ed L\u00f3ni. \u00dear var h\u00f6fu\u00f0kirkja sveitarinnar \u00ed ka\u00fe\u00f3lskum si\u00f0 og prestur til 1920. Margar hj\u00e1leigur fylgdu j\u00f6r\u00f0inni og upp af einni \u00feeirra bygg\u00f0ist j\u00f6r\u00f0in Brekka. Heimal\u00f6nd og afr\u00e9ttur \u00ed Stafafellsfj\u00f6llum er \u00f3skipt eign \u00feessara jar\u00f0a. Ofan b\u00e6jar \u00e1 Stafafelli heitir landi\u00f0 Heimafjall milli J\u00f6kuls\u00e1r og Hl\u00ed\u00f0ar\u00e1r inn a\u00f0 Hvannagili og Fl\u00e1atindi. Innan vi\u00f0 Hvannagil taka vi\u00f0 austursk\u00f3gar og n\u00e1 a\u00f0 Sviptungnavarpi vi\u00f0 Hnappadalstind. \u00dear loka hrikaleg glj\u00fafur lei\u00f0um fyrir menn og skepnur.<br \/>\n\u00cd heild er \u00feetta sv\u00e6\u00f0i nefnt Framfj\u00f6ll til a\u00f0greiningar fr\u00e1 Innfj\u00f6llum sem eru vestan J\u00f6kuls\u00e1r fr\u00e1 Skyndidals\u00e1 nor\u00f0ur \u00e1 vatnaskil \u00e1 Hraunum Innfj\u00f6llum tilheyrir einnig V\u00ed\u00f0idalur.[\/vc_column_text][vc_empty_space][mk_ornamental_title text_color=&#8220;#1e73be&#8220; font_family=&#8220;Permanent+Marker&#8220; font_type=&#8220;google&#8220; font_size=&#8220;30&#8243; ornament_style=&#8220;norman-single&#8220; ornament_color=&#8220;#006794&#8243; ornament_thickness=&#8220;3&#8243;]JAR\u00d0MYNDANIR OG L\u00cdFR\u00cdKI[\/mk_ornamental_title][vc_column_text css=&#8220;.vc_custom_1647339014262{margin-bottom: 0px !important;}&#8220;]Fj\u00f6lbreyttar og litr\u00edkar jar\u00f0myndanir setja svip sinn \u00e1 sv\u00e6\u00f0i\u00f0.\u00a0 \u00de\u00e6r eru a\u00f0 meginstofni 5-7 millj\u00f3n \u00e1ra gamlar en \u00fe\u00e6r yngstu voru or\u00f0nar til \u00e1 \u00eds\u00f6ld.\u00a0 Innan fri\u00f0landsins og \u00ed n\u00e6sta n\u00e1grenni \u00feess eru leifar margra megineldst\u00f6\u00f0va, svo sem L\u00f3nseldst\u00f6\u00f0var n\u00e6st bygg\u00f0, Kollum\u00falaeldst\u00f6\u00f0var \u00ed hjarta fri\u00f0landsins, Flugusta\u00f0aeldst\u00f6\u00f0var \u00e1 austurm\u00f6rkum og Eyjabakkaeldst\u00f6\u00f0var a\u00f0 nor\u00f0vestan.<br \/>\nAllar segja \u00fe\u00e6r til s\u00edn me\u00f0 s\u00farum gosmyndunum, l\u00edpar\u00edti og innskotum, og auk \u00feess hefur jar\u00f0hiti \u00e1tt \u00fe\u00e1tt \u00ed ummyndun og litau\u00f0gi bergs \u00e1 sv\u00e6\u00f0inu.\u00a0 S\u00ed\u00f0ustu leifar hans er n\u00fa a\u00f0 finna \u00ed \u00f6lkeldum.<br \/>\n\u00cd Kollum\u00falaeldst\u00f6\u00f0 mynda\u00f0ist askja um 35 km\u00b2 a\u00f0 flatarm\u00e1li og er miki\u00f0 magn af brotabergi nor\u00f0an Illakambs vottur um sprengigos innan hennar.<\/p>\n<p>G\u00edfurlegir rofkraftar \u00edsaldar hafa sorfi\u00f0 landi\u00f0 og gefa \u00fev\u00ed \u00fea\u00f0 st\u00f3rfenglega svipm\u00f3t sem n\u00fa blasir vi\u00f0. \u00deannig hafa j\u00f6klar hefla\u00f0 \u00fat J\u00f6kuls\u00e1rdal og V\u00ed\u00f0idal og \u00e1rnar s\u00ed\u00f0an b\u00e6tt um betur me\u00f0 hrikalegum glj\u00fafrum.<br \/>\nNokkrir fossar pr\u00fd\u00f0a sv\u00e6\u00f0i\u00f0. Fossar \u00ed J\u00f6kusl\u00e1 innst \u00ed Vesturdal, fagur og h\u00e1r foss \u00ed \u00e1nni sem fellur su\u00f0ur \u00far Vatnad\u00e6ld, geysih\u00e1r foss af Su\u00f0urfjalli gegnt Tr\u00f6llakr\u00f3kum og \u00ed V\u00ed\u00f0idals\u00e1 fossar eins og Dynjandi og Beljandi.<\/p>\n<p>Birkikjarr er v\u00ed\u00f0a inn me\u00f0 J\u00f6kuls\u00e1, einna v\u00f6xtulegast \u00ed Lei\u00f0artungum og sunnan \u00ed Kollum\u00fala, \u00fear sem einnig vaxa nokkur reynitr\u00e9.\u00a0 Fjallapl\u00f6ntur eins og j\u00f6klas\u00f3ley og melas\u00f3l fylgja skri\u00f0um ni\u00f0ur undir l\u00e1glendi og gullsteinbrj\u00f3tur minnir \u00e1 s\u00e9rkenni austfirskrar fl\u00f3ru.<\/p>\n<p>Heimildir eru um a\u00f0 hreind\u00fdr hafi gengi\u00f0 \u00ed V\u00ed\u00f0idal og grennd \u00e1 19. \u00f6ld og eftir 1964 hefur oft veri\u00f0 \u00fear margt hreind\u00fdra.[\/vc_column_text][vc_empty_space][mk_ornamental_title text_color=&#8220;#1e73be&#8220; font_family=&#8220;Permanent+Marker&#8220; font_type=&#8220;google&#8220; font_size=&#8220;30&#8243; ornament_style=&#8220;norman-single&#8220; ornament_color=&#8220;#006794&#8243; ornament_thickness=&#8220;3&#8243;]BYGG\u00d0 OG B\u00daSKAPAH\u00c6TTIR[\/mk_ornamental_title][vc_column_text css=&#8220;.vc_custom_1647339029752{margin-bottom: 0px !important;}&#8220;]Tv\u00f6 ey\u00f0ib\u00fdli, Eskifell og Grund \u00ed V\u00ed\u00f0idal, tengja fri\u00f0landi\u00f0 vi\u00f0 bygg\u00f0as\u00f6gu og \u00e6vint\u00fdralegt mannl\u00edf \u00e1 19. \u00f6ld.\u00a0 \u00cd Eskifelli var b\u00fai\u00f0 1836 \u2013 1863 og \u00e1 Grund \u00ferisvar \u00e1 t\u00edmabilinu 1835 \u2013 1897, samtals \u00ed um 20 \u00e1r.\u00a0 Um og eftir aldam\u00f3tin 1900 f\u00f3ru Stafafellsb\u00e6ndur a\u00f0 reka f\u00e9, a\u00f0allega sau\u00f0i og fr\u00e1f\u00e6rul\u00f6mb , nor\u00f0ur fyrir Skyndidals\u00e1 og vitna m\u00f6rg Lambatungnan\u00f6fn um b\u00faskparh\u00e6tti fyrri t\u00ed\u00f0ar.[\/vc_column_text][vc_empty_space][mk_ornamental_title text_color=&#8220;#1e73be&#8220; font_family=&#8220;Permanent+Marker&#8220; font_type=&#8220;google&#8220; font_size=&#8220;30&#8243; ornament_style=&#8220;norman-single&#8220; ornament_color=&#8220;#006794&#8243; ornament_thickness=&#8220;3&#8243;]FORN FJALLVEGUR OG FER\u00d0AMENNSKA[\/mk_ornamental_title][vc_column_text css=&#8220;.vc_custom_1647339045522{margin-bottom: 0px !important;}&#8220;]Fyrr \u00e1 \u00f6ldum l\u00e1 fjallvegur um \u00feetta sv\u00e6\u00f0i me\u00f0 austurja\u00f0ri Vatnaj\u00f6kuls og f\u00f3ru menn \u00fear r\u00ed\u00f0andi milli landshluta, m.a. \u00far Nor\u00f0urlandi \u00e1 lei\u00f0 \u00ed verst\u00f6\u00f0var sunnan j\u00f6kuls.\u00a0 Um \u00feetta vitna fornar v\u00f6r\u00f0ur og \u00f6rnefni eins og Nor\u00f0lingava\u00f0 \u00e1 J\u00f6kuls\u00e1 og V\u00ed\u00f0idals\u00e1.\u00a0 Me\u00f0 tilkomu bygg\u00f0ar \u00ed V\u00ed\u00f0idal seint \u00e1 19. \u00f6ld beindust sj\u00f3nir \u00e1 n\u00fd a\u00f0 \u00feessum \u00f6r\u00e6fasl\u00f3\u00f0um og nokkrir l\u00f6g\u00f0u lei\u00f0 s\u00edna um \u00fe\u00e6r milli Flj\u00f3tsdal og L\u00f3ns, \u00fear \u00e1 me\u00f0al \u00deovaldur Thoroddsen fyrstur n\u00e1tt\u00farufr\u00e6\u00f0inga. Lei\u00f0in l\u00e1 \u00fe\u00e1 eins og n\u00fa um Illakamb.\u00a0 V\u00ed\u00f0idalsb\u00e6ndur komu upp dr\u00e6tti \u00e1 J\u00f6kuls\u00e1 og V\u00ed\u00f0idals\u00e1 1892 \u2013 93.\u00a0 \u00c1ri\u00f0 1953 bygg\u00f0u L\u00f3nmenn g\u00f6ngubr\u00fa \u00e1 J\u00f6kuls\u00e1 vi\u00f0 gangnakofann \u00ed Nesi sem V\u00ed\u00f0idalsb\u00e6ndur k\u00f6llu\u00f0u St\u00f3rahnaunsnes.\u00a0 Fr\u00e1 mi\u00f0jum 7. \u00e1ratugnum f\u00f3r fer\u00f0af\u00f3lk a\u00f0 leggja lei\u00f0 s\u00edna um vegsl\u00f3\u00f0a inn \u00e1 Illabamb og tjalda\u00f0i undir kambinum.[\/vc_column_text][\/vc_column][\/mk_page_section][vc_row][vc_column][vc_empty_space height=&#8220;44px&#8220;][mk_gallery images=&#8220;7709,7707,7705,7703,7699,7697&#8243; height=&#8220;300&#8243; hover_scenarios=&#8220;slow_zoom&#8220; orderby=&#8220;rand&#8220;][vc_empty_space height=&#8220;44px&#8220;][\/vc_column][\/vc_row][mk_page_section bg_color=&#8220;#f9f9f9&#8243; sidebar=&#8220;sidebar-1&#8243;][vc_column][vc_empty_space height=&#8220;66px&#8220;][mk_ornamental_title text_color=&#8220;#1e73be&#8220; font_family=&#8220;Permanent+Marker&#8220; font_type=&#8220;google&#8220; font_size=&#8220;30&#8243; ornament_style=&#8220;norman-single&#8220; ornament_color=&#8220;#006794&#8243; ornament_thickness=&#8220;3&#8243;]SKILM\u00c1LAR[\/mk_ornamental_title][vc_empty_space height=&#8220;20px&#8220;][vc_column_text css=&#8220;.vc_custom_1697033005797{margin-bottom: 0px !important;}&#8220;]\n<ul>\n<li>G\u00f3\u00f0ur \u00fativistarfatna\u00f0ur og g\u00f6ngusk\u00f3r er nau\u00f0synlegur.<\/li>\n<li>Nokku\u00f0 g\u00f3\u00f0s l\u00edkamlegs \u00feols er krafist fyrir flestar okkar fer\u00f0ir..<\/li>\n<li>\u00dea\u00f0 er \u00e1 \u00e1byrg\u00f0 vi\u00f0skiptavinar a\u00f0 l\u00e1ta lei\u00f0s\u00f6gumann okkar vita ef vi\u00f0komandi gl\u00edmir vi\u00f0 einhvern heilsubrest.<\/li>\n<li>\u00dea\u00f0 er 48 klst. afb\u00f3kunarreglur; vi\u00f0skiptavinir f\u00e1 90% endurgrei\u00f0slu ef \u00feeir h\u00e6tta vi\u00f0 fer\u00f0 48+ klst fyrir brottf\u00f6r. Ef h\u00e6tt er vi\u00f0 me\u00f0 minna en 48klst fyrirvara \u00fe\u00e1 er engin endurgrei\u00f0sla \u00ed bo\u00f0i.<\/li>\n<li>Ef a\u00f0 fer\u00f0inni er afl\u00fdst af Glacier Journey af einhverri \u00e1st\u00e6\u00f0u, t.d. vegna ve\u00f0urs \u00fe\u00e1 f\u00e1 vi\u00f0skiptavinir fulla endurgrei\u00f0slu.<\/li>\n<li>Glacier Journey tekur ekki \u00e1byrg\u00f0 \u00e1 slysum\/eignaspj\u00f6llum sem vi\u00f0skiptavinir valda e\u00f0a er h\u00e6gt a\u00f0 rekja til \u00f3\u00e1byrgrar heg\u00f0unar.<\/li>\n<li>Vi\u00f0skiptavinir eru \u00e1 eigin \u00e1byrg\u00f0 \u00ed \u00f6llum fer\u00f0um Glacier Journey.<\/li>\n<li>Glacier Journey getur ekki \u00e1byrgst \u00fea\u00f0 a\u00f0 \u00fea\u00f0 s\u00e9 ekki anna\u00f0 f\u00f3lk \u00e1 sama t\u00edma og sama sv\u00e6\u00f0i fr\u00e1 \u00f6\u00f0rum fer\u00f0a\u00fej\u00f3nustufyrirt\u00e6kjum.<\/li>\n<li>L\u00e1gmarksfj\u00f6ldi \u00ed fer\u00f0 eru 4 fullor\u00f0nar manneskjur.<\/li>\n<li>Ef a\u00f0 \u00f6kuma\u00f0ur e\u00f0a far\u00feegi snj\u00f3sle\u00f0a valda eignatj\u00f3ni \u00e1 sle\u00f0anum, \u00fe\u00e1 er \u00f6kuma\u00f0ur sle\u00f0ans \u00e1byrgur og \u00fearf \u00fev\u00ed a\u00f0 grei\u00f0a fyrir vi\u00f0ger\u00f0 \u00e1 sle\u00f0anum.<\/li>\n<\/ul>\n[\/vc_column_text][vc_empty_space height=&#8220;20px&#8220;][\/vc_column][\/mk_page_section][mk_page_section bg_color=&#8220;#1e73be&#8220; first_page=&#8220;false&#8220; last_page=&#8220;false&#8220; sidebar=&#8220;sidebar-1&#8243;][vc_column][vc_empty_space height=&#8220;44px&#8220;][\/vc_column][\/mk_page_section]\n<\/div>","protected":false},"excerpt":{"rendered":"<p>[mk_page_section bg_image=&#8220;https:\/\/glacierjourney.is\/wp-content\/uploads\/2021\/03\/illikambur-7.jpg&#8220; attachment=&#8220;fixed&#8220; bg_position=&#8220;center bottom&#8220; bg_repeat=&#8220;no-repeat&#8220; bg_stretch=&#8220;true&#8220; enable_3d=&#8220;true&#8220; bg_gradient=&#8220;vertical&#8220; video_color_mask=&#8220;#1e73be&#8220; gr_end=&#8220;#28b7ff&#8220; video_opacity=&#8220;0.5&#8243; min_height=&#8220;300&#8243; full_width=&#8220;true&#8220; padding_top=&#8220;0&#8243; first_page=&#8220;true&#8220; last_page=&#8220;false&#8220; sidebar=&#8220;sidebar-1&#8243;][vc_column][mk_padding_divider size=&#8220;100&#8243;][mk_fancy_title color=&#8220;#ffffff&#8220; size=&#8220;40&#8243; font_weight=&#8220;900&#8243; letter_spacing=&#8220;4&#8243; margin_bottom=&#8220;18&#8243; font_family=&#8220;none&#8220; align=&#8220;center&#8220; animation=&#8220;fade-in&#8220;]Illikambur L\u00f3ns\u00f6r\u00e6fi[\/mk_fancy_title][mk_padding_divider][\/vc_column][\/mk_page_section][mk_page_section first_page=&#8220;false&#8220; last_page=&#8220;false&#8220; sidebar=&#8220;sidebar-1&#8243;][vc_column width=&#8220;1\/2&#8243;][vc_empty_space height=&#8220;44px&#8220;][vc_column_text css=&#8220;.vc_custom_1647338931171{margin-bottom: 0px !important;}&#8220;]Leiti\u00f0 tilbo\u00f0a sem henta ykkar h\u00f3pi! Uppl\u00fdsingar og b\u00f3kanir \u00e1 t\u00f6lvup\u00f3st;\u00a0info@glacierjourney.is[\/vc_column_text][vc_empty_space height=&#8220;44px&#8220;][\/vc_column][vc_column width=&#8220;1\/2&#8243;][vc_empty_space height=&#8220;44px&#8220;][vc_column_text css=&#8220;.vc_custom_1647338958699{margin-bottom: 0px !important;}&#8220;]Innifali\u00f0; \u2013 Akstur til [&hellip;]<\/p>\n","protected":false},"author":1,"featured_media":0,"parent":7496,"menu_order":0,"comment_status":"closed","ping_status":"closed","template":"","meta":{"_exactmetrics_skip_tracking":false,"_exactmetrics_sitenote_active":false,"_exactmetrics_sitenote_note":"","_exactmetrics_sitenote_category":0,"footnotes":""},"class_list":["post-7692","page","type-page","status-publish","hentry"],"yoast_head":"<!-- This site is optimized with the Yoast SEO plugin v26.8 - https:\/\/yoast.com\/product\/yoast-seo-wordpress\/ -->\n<title>Illikambur L\u00f3ns\u00f6r\u00e6fi - Glacier Journey<\/title>\n<meta name=\"robots\" content=\"index, follow, max-snippet:-1, max-image-preview:large, max-video-preview:-1\" \/>\n<link rel=\"canonical\" href=\"https:\/\/glacierjourney.is\/is\/ferdir\/illikambur-lonsoraefi\/\" \/>\n<meta property=\"og:locale\" content=\"is_IS\" \/>\n<meta property=\"og:type\" content=\"article\" \/>\n<meta property=\"og:title\" content=\"Illikambur L\u00f3ns\u00f6r\u00e6fi - Glacier Journey\" \/>\n<meta property=\"og:description\" content=\"[mk_page_section bg_image=&#8220;https:\/\/glacierjourney.is\/wp-content\/uploads\/2021\/03\/illikambur-7.jpg&#8220; attachment=&#8220;fixed&#8220; bg_position=&#8220;center bottom&#8220; bg_repeat=&#8220;no-repeat&#8220; bg_stretch=&#8220;true&#8220; enable_3d=&#8220;true&#8220; bg_gradient=&#8220;vertical&#8220; video_color_mask=&#8220;#1e73be&#8220; gr_end=&#8220;#28b7ff&#8220; video_opacity=&#8220;0.5&#8243; min_height=&#8220;300&#8243; full_width=&#8220;true&#8220; padding_top=&#8220;0&#8243; first_page=&#8220;true&#8220; last_page=&#8220;false&#8220; sidebar=&#8220;sidebar-1&#8243;][vc_column][mk_padding_divider size=&#8220;100&#8243;][mk_fancy_title color=&#8220;#ffffff&#8220; size=&#8220;40&#8243; font_weight=&#8220;900&#8243; letter_spacing=&#8220;4&#8243; margin_bottom=&#8220;18&#8243; font_family=&#8220;none&#8220; align=&#8220;center&#8220; animation=&#8220;fade-in&#8220;]Illikambur L\u00f3ns\u00f6r\u00e6fi[\/mk_fancy_title][mk_padding_divider][\/vc_column][\/mk_page_section][mk_page_section first_page=&#8220;false&#8220; last_page=&#8220;false&#8220; sidebar=&#8220;sidebar-1&#8243;][vc_column width=&#8220;1\/2&#8243;][vc_empty_space height=&#8220;44px&#8220;][vc_column_text css=&#8220;.vc_custom_1647338931171{margin-bottom: 0px !important;}&#8220;]Leiti\u00f0 tilbo\u00f0a sem henta ykkar h\u00f3pi! Uppl\u00fdsingar og b\u00f3kanir \u00e1 t\u00f6lvup\u00f3st;\u00a0info@glacierjourney.is[\/vc_column_text][vc_empty_space height=&#8220;44px&#8220;][\/vc_column][vc_column width=&#8220;1\/2&#8243;][vc_empty_space height=&#8220;44px&#8220;][vc_column_text css=&#8220;.vc_custom_1647338958699{margin-bottom: 0px !important;}&#8220;]Innifali\u00f0; \u2013 Akstur til [&hellip;]\" \/>\n<meta property=\"og:url\" content=\"https:\/\/glacierjourney.is\/is\/ferdir\/illikambur-lonsoraefi\/\" \/>\n<meta property=\"og:site_name\" content=\"Glacier Journey\" \/>\n<meta property=\"article:modified_time\" content=\"2023-10-11T14:03:39+00:00\" \/>\n<meta name=\"twitter:card\" content=\"summary_large_image\" \/>\n<meta name=\"twitter:label1\" content=\"Est. reading time\" \/>\n\t<meta name=\"twitter:data1\" content=\"5 minutes\" \/>\n<script type=\"application\/ld+json\" class=\"yoast-schema-graph\">{\"@context\":\"https:\/\/schema.org\",\"@graph\":[{\"@type\":\"WebPage\",\"@id\":\"https:\/\/glacierjourney.is\/is\/ferdir\/illikambur-lonsoraefi\/\",\"url\":\"https:\/\/glacierjourney.is\/is\/ferdir\/illikambur-lonsoraefi\/\",\"name\":\"Illikambur L\u00f3ns\u00f6r\u00e6fi - Glacier Journey\",\"isPartOf\":{\"@id\":\"https:\/\/glacierjourney.is\/#website\"},\"datePublished\":\"2021-03-02T13:32:29+00:00\",\"dateModified\":\"2023-10-11T14:03:39+00:00\",\"breadcrumb\":{\"@id\":\"https:\/\/glacierjourney.is\/is\/ferdir\/illikambur-lonsoraefi\/#breadcrumb\"},\"inLanguage\":\"is\",\"potentialAction\":[{\"@type\":\"ReadAction\",\"target\":[\"https:\/\/glacierjourney.is\/is\/ferdir\/illikambur-lonsoraefi\/\"]}]},{\"@type\":\"BreadcrumbList\",\"@id\":\"https:\/\/glacierjourney.is\/is\/ferdir\/illikambur-lonsoraefi\/#breadcrumb\",\"itemListElement\":[{\"@type\":\"ListItem\",\"position\":1,\"name\":\"Home\",\"item\":\"https:\/\/glacierjourney.is\/is\/\"},{\"@type\":\"ListItem\",\"position\":2,\"name\":\"FER\u00d0IR\",\"item\":\"https:\/\/glacierjourney.is\/is\/ferdir\/\"},{\"@type\":\"ListItem\",\"position\":3,\"name\":\"Illikambur L\u00f3ns\u00f6r\u00e6fi\"}]},{\"@type\":\"WebSite\",\"@id\":\"https:\/\/glacierjourney.is\/#website\",\"url\":\"https:\/\/glacierjourney.is\/\",\"name\":\"Glacier Journey\",\"description\":\"Take a journey with us into the vastness of Vatnaj\u00f6kull\",\"potentialAction\":[{\"@type\":\"SearchAction\",\"target\":{\"@type\":\"EntryPoint\",\"urlTemplate\":\"https:\/\/glacierjourney.is\/?s={search_term_string}\"},\"query-input\":{\"@type\":\"PropertyValueSpecification\",\"valueRequired\":true,\"valueName\":\"search_term_string\"}}],\"inLanguage\":\"is\"}]}<\/script>\n<!-- \/ Yoast SEO plugin. -->","yoast_head_json":{"title":"Illikambur L\u00f3ns\u00f6r\u00e6fi - Glacier Journey","robots":{"index":"index","follow":"follow","max-snippet":"max-snippet:-1","max-image-preview":"max-image-preview:large","max-video-preview":"max-video-preview:-1"},"canonical":"https:\/\/glacierjourney.is\/is\/ferdir\/illikambur-lonsoraefi\/","og_locale":"is_IS","og_type":"article","og_title":"Illikambur L\u00f3ns\u00f6r\u00e6fi - Glacier Journey","og_description":"[mk_page_section bg_image=&#8220;https:\/\/glacierjourney.is\/wp-content\/uploads\/2021\/03\/illikambur-7.jpg&#8220; attachment=&#8220;fixed&#8220; bg_position=&#8220;center bottom&#8220; bg_repeat=&#8220;no-repeat&#8220; bg_stretch=&#8220;true&#8220; enable_3d=&#8220;true&#8220; bg_gradient=&#8220;vertical&#8220; video_color_mask=&#8220;#1e73be&#8220; gr_end=&#8220;#28b7ff&#8220; video_opacity=&#8220;0.5&#8243; min_height=&#8220;300&#8243; full_width=&#8220;true&#8220; padding_top=&#8220;0&#8243; first_page=&#8220;true&#8220; last_page=&#8220;false&#8220; sidebar=&#8220;sidebar-1&#8243;][vc_column][mk_padding_divider size=&#8220;100&#8243;][mk_fancy_title color=&#8220;#ffffff&#8220; size=&#8220;40&#8243; font_weight=&#8220;900&#8243; letter_spacing=&#8220;4&#8243; margin_bottom=&#8220;18&#8243; font_family=&#8220;none&#8220; align=&#8220;center&#8220; animation=&#8220;fade-in&#8220;]Illikambur L\u00f3ns\u00f6r\u00e6fi[\/mk_fancy_title][mk_padding_divider][\/vc_column][\/mk_page_section][mk_page_section first_page=&#8220;false&#8220; last_page=&#8220;false&#8220; sidebar=&#8220;sidebar-1&#8243;][vc_column width=&#8220;1\/2&#8243;][vc_empty_space height=&#8220;44px&#8220;][vc_column_text css=&#8220;.vc_custom_1647338931171{margin-bottom: 0px !important;}&#8220;]Leiti\u00f0 tilbo\u00f0a sem henta ykkar h\u00f3pi! Uppl\u00fdsingar og b\u00f3kanir \u00e1 t\u00f6lvup\u00f3st;\u00a0info@glacierjourney.is[\/vc_column_text][vc_empty_space height=&#8220;44px&#8220;][\/vc_column][vc_column width=&#8220;1\/2&#8243;][vc_empty_space height=&#8220;44px&#8220;][vc_column_text css=&#8220;.vc_custom_1647338958699{margin-bottom: 0px !important;}&#8220;]Innifali\u00f0; \u2013 Akstur til [&hellip;]","og_url":"https:\/\/glacierjourney.is\/is\/ferdir\/illikambur-lonsoraefi\/","og_site_name":"Glacier Journey","article_modified_time":"2023-10-11T14:03:39+00:00","twitter_card":"summary_large_image","twitter_misc":{"Est. reading time":"5 minutes"},"schema":{"@context":"https:\/\/schema.org","@graph":[{"@type":"WebPage","@id":"https:\/\/glacierjourney.is\/is\/ferdir\/illikambur-lonsoraefi\/","url":"https:\/\/glacierjourney.is\/is\/ferdir\/illikambur-lonsoraefi\/","name":"Illikambur L\u00f3ns\u00f6r\u00e6fi - Glacier Journey","isPartOf":{"@id":"https:\/\/glacierjourney.is\/#website"},"datePublished":"2021-03-02T13:32:29+00:00","dateModified":"2023-10-11T14:03:39+00:00","breadcrumb":{"@id":"https:\/\/glacierjourney.is\/is\/ferdir\/illikambur-lonsoraefi\/#breadcrumb"},"inLanguage":"is","potentialAction":[{"@type":"ReadAction","target":["https:\/\/glacierjourney.is\/is\/ferdir\/illikambur-lonsoraefi\/"]}]},{"@type":"BreadcrumbList","@id":"https:\/\/glacierjourney.is\/is\/ferdir\/illikambur-lonsoraefi\/#breadcrumb","itemListElement":[{"@type":"ListItem","position":1,"name":"Home","item":"https:\/\/glacierjourney.is\/is\/"},{"@type":"ListItem","position":2,"name":"FER\u00d0IR","item":"https:\/\/glacierjourney.is\/is\/ferdir\/"},{"@type":"ListItem","position":3,"name":"Illikambur L\u00f3ns\u00f6r\u00e6fi"}]},{"@type":"WebSite","@id":"https:\/\/glacierjourney.is\/#website","url":"https:\/\/glacierjourney.is\/","name":"Glacier Journey","description":"Take a journey with us into the vastness of Vatnaj\u00f6kull","potentialAction":[{"@type":"SearchAction","target":{"@type":"EntryPoint","urlTemplate":"https:\/\/glacierjourney.is\/?s={search_term_string}"},"query-input":{"@type":"PropertyValueSpecification","valueRequired":true,"valueName":"search_term_string"}}],"inLanguage":"is"}]}},"_links":{"self":[{"href":"https:\/\/glacierjourney.is\/is\/wp-json\/wp\/v2\/pages\/7692","targetHints":{"allow":["GET"]}}],"collection":[{"href":"https:\/\/glacierjourney.is\/is\/wp-json\/wp\/v2\/pages"}],"about":[{"href":"https:\/\/glacierjourney.is\/is\/wp-json\/wp\/v2\/types\/page"}],"author":[{"embeddable":true,"href":"https:\/\/glacierjourney.is\/is\/wp-json\/wp\/v2\/users\/1"}],"replies":[{"embeddable":true,"href":"https:\/\/glacierjourney.is\/is\/wp-json\/wp\/v2\/comments?post=7692"}],"version-history":[{"count":9,"href":"https:\/\/glacierjourney.is\/is\/wp-json\/wp\/v2\/pages\/7692\/revisions"}],"predecessor-version":[{"id":9672,"href":"https:\/\/glacierjourney.is\/is\/wp-json\/wp\/v2\/pages\/7692\/revisions\/9672"}],"up":[{"embeddable":true,"href":"https:\/\/glacierjourney.is\/is\/wp-json\/wp\/v2\/pages\/7496"}],"wp:attachment":[{"href":"https:\/\/glacierjourney.is\/is\/wp-json\/wp\/v2\/media?parent=7692"}],"curies":[{"name":"wp","href":"https:\/\/api.w.org\/{rel}","templated":true}]}}