{"id":7566,"date":"2020-04-23T15:56:27","date_gmt":"2020-04-23T15:56:27","guid":{"rendered":"https:\/\/glacierjourney.is\/ferdir\/glacier-journey-skiing-and-snowboarding\/"},"modified":"2020-04-25T15:00:02","modified_gmt":"2020-04-25T15:00:02","slug":"skida-og-brettanamskeid","status":"publish","type":"page","link":"https:\/\/glacierjourney.is\/is\/ferdir\/skida-og-brettanamskeid\/","title":{"rendered":"Sk\u00ed\u00f0a og brettan\u00e1mskei\u00f0"},"content":{"rendered":"<div class=\"wpb-content-wrapper\">[mk_page_section bg_image=&#8220;https:\/\/glacierjourney.is\/wp-content\/uploads\/2020\/04\/header.jpg&#8220; attachment=&#8220;fixed&#8220; bg_position=&#8220;left center&#8220; bg_repeat=&#8220;no-repeat&#8220; bg_stretch=&#8220;true&#8220; enable_3d=&#8220;true&#8220; bg_gradient=&#8220;vertical&#8220; video_color_mask=&#8220;#1e73be&#8220; gr_end=&#8220;#28b7ff&#8220; video_opacity=&#8220;0.5&#8243; min_height=&#8220;300&#8243; full_height=&#8220;true&#8220; padding_top=&#8220;0&#8243; skip_arrow=&#8220;true&#8220; first_page=&#8220;true&#8220; last_page=&#8220;false&#8220; sidebar=&#8220;sidebar-1&#8243;][vc_column][vc_row_inner][vc_column_inner width=&#8220;2\/3&#8243;][mk_fancy_title color=&#8220;#ffffff&#8220; size=&#8220;54&#8243; force_font_size=&#8220;true&#8220; size_smallscreen=&#8220;35&#8243; size_tablet=&#8220;30&#8243; size_phone=&#8220;22&#8243; font_weight=&#8220;900&#8243; txt_transform=&#8220;uppercase&#8220; letter_spacing=&#8220;4&#8243; margin_bottom=&#8220;18&#8243; font_family=&#8220;none&#8220; animation=&#8220;fade-in&#8220;]Sk\u00ed\u00f0a og brettan\u00e1mskei\u00f0[\/mk_fancy_title][mk_divider style=&#8220;thin_solid&#8220; divider_width=&#8220;one_third&#8220; align=&#8220;left&#8220; thin_single_color=&#8220;#ffffff&#8220; thickness=&#8220;6&#8243;][mk_fancy_title color=&#8220;#ffffff&#8220; size=&#8220;20&#8243; force_font_size=&#8220;true&#8220; size_smallscreen=&#8220;35&#8243; size_tablet=&#8220;33&#8243; size_phone=&#8220;22&#8243; font_weight=&#8220;bold&#8220; margin_bottom=&#8220;18&#8243; font_family=&#8220;none&#8220;]Fyrir b\u00f6rn \u00e1 aldrinum 6-10 \u00e1ra og 11- 14 \u00e1ra[\/mk_fancy_title][mk_divider style=&#8220;thin_solid&#8220; divider_width=&#8220;one_third&#8220; align=&#8220;left&#8220; thin_single_color=&#8220;#ffffff&#8220; thickness=&#8220;6&#8243;][mk_fancy_title color=&#8220;#ffffff&#8220; size=&#8220;30&#8243; force_font_size=&#8220;true&#8220; size_smallscreen=&#8220;35&#8243; size_tablet=&#8220;33&#8243; size_phone=&#8220;22&#8243; font_weight=&#8220;300&#8243; margin_bottom=&#8220;18&#8243; font_family=&#8220;none&#8220;]BYRJAR 4. J\u00daN\u00cd 2020<br \/>\nN\u00dd N\u00c1MSKEI\u00d0 BYRJA ALLA FIMMTUDAGA[\/mk_fancy_title][mk_button dimension=&#8220;outline&#8220; corner_style=&#8220;full_rounded&#8220; size=&#8220;x-large&#8220; url=&#8220;mailto:info@glacierjourney.is&#8220; outline_skin=&#8220;light&#8220;]SKR\u00c1NING[\/mk_button][\/vc_column_inner][vc_column_inner width=&#8220;1\/3&#8243;][\/vc_column_inner][\/vc_row_inner][\/vc_column][\/mk_page_section][mk_page_section layout_structure=&#8220;half_right&#8220; bg_image=&#8220;https:\/\/glacierjourney.is\/wp-content\/uploads\/2020\/04\/bg1.jpg&#8220; first_page=&#8220;false&#8220; last_page=&#8220;false&#8220;][vc_column][vc_empty_space height=&#8220;44px&#8220;][vc_column_text css=&#8220;.vc_custom_1587806783268{margin-bottom: 0px !important;}&#8220;]<strong>H\u00e1mark 12 b\u00f6rn \u00e1 hverju n\u00e1mskei\u00f0i sem 4 daga n\u00e1mskei\u00f0, dagskr\u00e1 fr\u00e1 kl.10:00-15:00 alla dagana.<\/strong><\/p>\n<p><strong>Fyrsta n\u00e1mskei\u00f0i\u00f0 hefst fimmtudaginn 4 j\u00fan\u00ed , n\u00fd n\u00e1mskei\u00f0 hefjast alla fimmtudaga \u00fear fr\u00e1.<\/strong><\/p>\n<p>Dagskr\u00e1 n\u00e1mskei\u00f0s:<br \/>\nDaginn fyrir n\u00e1mskei\u00f0 kl 18:00<\/p>\n<p>Vi\u00f0 hittumst \u00ed veitingasta\u00f0num \u00ed Flatey, kynnumst hvert \u00f6\u00f0ru, t\u00f6lum um hvernig kennslunni er h\u00e1tta\u00f0, f\u00f3rum yfir hvernig sk\u00ed\u00f0ab\u00fana\u00f0ur virkar svo allir hafi sinn b\u00fana\u00f0 tilb\u00fainn og hva\u00f0 vi\u00f0 viljum sj\u00e1 nemendur geta eftir n\u00e1mskei\u00f0i\u00f0. \u00deeir nemendur sem koma me\u00f0 sinn eigin b\u00fana\u00f0 fara yfir sinn b\u00fana\u00f0 me\u00f0 kennurum til a\u00f0 vera viss um a\u00f0 allt s\u00e9 r\u00e9tt still og virki vel.<br \/>\n\u00c1 \u00feessum degi l\u00e1ta foreldrar kennara vita ef b\u00f6rnin eru me\u00f0 ofn\u00e6mi e\u00f0a anna\u00f0 sem tengist heilsufari barnanna og nau\u00f0synlegt er fyrir kennara a\u00f0 vera me\u00f0vita\u00f0ir um.<\/p>\n<p><strong>Dagur 1:<\/strong> Fullur kennsludagur.<br \/>\n<strong>Dagur 2:<\/strong> Fullur kennsludagur.<br \/>\n<strong>Dagur 3:<\/strong> Fullur kennsludagur.<br \/>\n<strong>Dagur 4:<\/strong> H\u00e1lfur kennsludagur ,a\u00f0 honum loknum s\u00fdning fyrir foreldra og einnig f\u00e1 foreldrar \u00fatsk\u00fdringar hva\u00f0 b\u00f6rnin l\u00e6r\u00f0u \u00e1 n\u00e1mskei\u00f0inu . Hvar styrkleikinn er og einnig hva\u00f0 \u00feau \u00feyrftu a\u00f0 leggja meiri \u00e1herslu \u00e1 ef \u00fea\u00f0 \u00e1 vi\u00f0.[\/vc_column_text][vc_column_text css=&#8220;.vc_custom_1587811547922{margin-bottom: 0px !important;}&#8220;]<strong>Glacier Journey er \u00ed samstarfi vi\u00f0 H\u00f3tel og Gistista\u00f0i sem veita allt a\u00f0 50% afsl\u00e1tt \u00e1 gistingu til \u00feeirra sem koma lengra a\u00f0 \u00e1 n\u00e1mskei\u00f0in<\/strong>[\/vc_column_text][mk_button dimension=&#8220;outline&#8220; corner_style=&#8220;full_rounded&#8220; size=&#8220;x-large&#8220; url=&#8220;mailto:info@glacierjourney.is&#8220;]SKR\u00c1NING[\/mk_button][vc_empty_space height=&#8220;44px&#8220;][\/vc_column][\/mk_page_section][mk_page_section layout_structure=&#8220;half_left&#8220; bg_image=&#8220;https:\/\/glacierjourney.is\/wp-content\/uploads\/2020\/04\/bg2.jpg&#8220; first_page=&#8220;false&#8220; last_page=&#8220;false&#8220;][vc_column][vc_empty_space height=&#8220;44px&#8220;][mk_fancy_title color=&#8220;#1e73be&#8220; size=&#8220;30&#8243; font_weight=&#8220;300&#8243; margin_bottom=&#8220;18&#8243; font_family=&#8220;none&#8220;]INNIFALI\u00d0[\/mk_fancy_title][vc_column_text css=&#8220;.vc_custom_1587806805340{margin-bottom: 0px !important;}&#8220;]Akstur fr\u00e1 Flatey \u00e1 M\u00fdrum a\u00f0 sk\u00ed\u00f0asv\u00e6\u00f0i og til baka a\u00f0 Flatey, heitur drykkur me\u00f0 h\u00e1degisver\u00f0i (te e\u00f0a kak\u00f3).<\/p>\n<p>Nemendur koma me\u00f0 sitt eigi\u00f0 holla og g\u00f3\u00f0a h\u00e1degisnesti, s\u00e6lg\u00e6ti og gos er ekki leyfilegt.[\/vc_column_text][mk_fancy_title color=&#8220;#1e73be&#8220; size=&#8220;30&#8243; font_weight=&#8220;300&#8243; margin_bottom=&#8220;18&#8243; font_family=&#8220;none&#8220;]VER\u00d0: <strong>40.000 kr.<\/strong>[\/mk_fancy_title][vc_column_text css=&#8220;.vc_custom_1587811678605{margin-bottom: 0px !important;}&#8220;]Akstur fr\u00e1 sundlaug Hafnar a\u00f0 Flatey kl.8:30 stundv\u00edslega. <strong>kr. 500<\/strong>.- fram og til baka.<br \/>\n\u00deeir nemendur sem \u00feurfa sk\u00ed\u00f0a\u00fatb\u00fana\u00f0 leig\u00f0an geta leigt hj\u00e1 okkur <strong>kr. 1.000.- pr. dag<\/strong> og hafa \u00fe\u00e1 \u00feann b\u00fana\u00f0 \u00fat n\u00e1mskei\u00f0i\u00f0.<br \/>\nVi\u00f0 leigjum ekki sk\u00ed\u00f0agalla\/kuldagalla , sk\u00ed\u00f0agleraugu og vettlinga.<br \/>\nKennarar \u00e1 n\u00e1mskei\u00f0unum eru me\u00f0 sk\u00ed\u00f0a og bretta kennarar\u00e9ttindi og mikla reynslu \u00ed a\u00f0 kenna b\u00f6rnum.<br \/>\nHafi\u00f0 \u00ed huga a\u00f0 b\u00f6rnin l\u00e6ra mest ef foreldrar eru \u00ed h\u00e6filegri fjarl\u00e6g\u00f0.<br \/>\nVinsamlega m\u00e6ti\u00f0 t\u00edmanlega.<br \/>\nSkr\u00e1ning \u00e1 n\u00e1mskei\u00f0in er \u00ed gegnum t\u00f6lvup\u00f3st <strong>info@glacierjourney.is<\/strong><\/p>\n<p><strong>A.T.H<\/strong><br \/>\n<strong>T\u00f3mstundastyrkur sveitarf\u00e9lags Hornafjar\u00f0ar n\u00fdtist fyrir \u00feessi n\u00e1mskei\u00f0.<\/strong><\/p>\n<p>Myndir eru \u00far fyrrum n\u00e1mskei\u00f0um kennarana Andrei og Mariu Boghean.[\/vc_column_text][vc_empty_space height=&#8220;22px&#8220;][mk_button dimension=&#8220;outline&#8220; corner_style=&#8220;full_rounded&#8220; size=&#8220;x-large&#8220; url=&#8220;mailto:info@glacierjourney.is&#8220;]SKR\u00c1NING[\/mk_button][vc_empty_space height=&#8220;44px&#8220;][\/vc_column][\/mk_page_section][vc_row fullwidth=&#8220;true&#8220;][vc_column][mk_gallery images=&#8220;7541,7543,7545,7547,7549,7551,7553,7555&#8243; column=&#8220;4&#8243; height=&#8220;250&#8243; hover_scenarios=&#8220;slow_zoom&#8220; item_spacing=&#8220;4&#8243; orderby=&#8220;rand&#8220;][\/vc_column][\/vc_row]\n<\/div>","protected":false},"excerpt":{"rendered":"<p>[mk_page_section bg_image=&#8220;https:\/\/glacierjourney.is\/wp-content\/uploads\/2020\/04\/header.jpg&#8220; attachment=&#8220;fixed&#8220; bg_position=&#8220;left center&#8220; bg_repeat=&#8220;no-repeat&#8220; bg_stretch=&#8220;true&#8220; enable_3d=&#8220;true&#8220; bg_gradient=&#8220;vertical&#8220; video_color_mask=&#8220;#1e73be&#8220; gr_end=&#8220;#28b7ff&#8220; video_opacity=&#8220;0.5&#8243; min_height=&#8220;300&#8243; full_height=&#8220;true&#8220; padding_top=&#8220;0&#8243; skip_arrow=&#8220;true&#8220; first_page=&#8220;true&#8220; last_page=&#8220;false&#8220; sidebar=&#8220;sidebar-1&#8243;][vc_column][vc_row_inner][vc_column_inner width=&#8220;2\/3&#8243;][mk_fancy_title color=&#8220;#ffffff&#8220; size=&#8220;54&#8243; force_font_size=&#8220;true&#8220; size_smallscreen=&#8220;35&#8243; size_tablet=&#8220;30&#8243; size_phone=&#8220;22&#8243; font_weight=&#8220;900&#8243; txt_transform=&#8220;uppercase&#8220; letter_spacing=&#8220;4&#8243; margin_bottom=&#8220;18&#8243; font_family=&#8220;none&#8220; animation=&#8220;fade-in&#8220;]Sk\u00ed\u00f0a og brettan\u00e1mskei\u00f0[\/mk_fancy_title][mk_divider style=&#8220;thin_solid&#8220; divider_width=&#8220;one_third&#8220; align=&#8220;left&#8220; thin_single_color=&#8220;#ffffff&#8220; thickness=&#8220;6&#8243;][mk_fancy_title color=&#8220;#ffffff&#8220; size=&#8220;20&#8243; force_font_size=&#8220;true&#8220; size_smallscreen=&#8220;35&#8243; size_tablet=&#8220;33&#8243; size_phone=&#8220;22&#8243; font_weight=&#8220;bold&#8220; margin_bottom=&#8220;18&#8243; font_family=&#8220;none&#8220;]Fyrir b\u00f6rn \u00e1 aldrinum 6-10 \u00e1ra og 11- [&hellip;]<\/p>\n","protected":false},"author":1,"featured_media":0,"parent":7496,"menu_order":0,"comment_status":"closed","ping_status":"closed","template":"","meta":{"_exactmetrics_skip_tracking":false,"_exactmetrics_sitenote_active":false,"_exactmetrics_sitenote_note":"","_exactmetrics_sitenote_category":0,"footnotes":""},"class_list":["post-7566","page","type-page","status-publish","hentry"],"yoast_head":"<!-- This site is optimized with the Yoast SEO plugin v27.4 - https:\/\/yoast.com\/product\/yoast-seo-wordpress\/ -->\n<title>Sk\u00ed\u00f0a og brettan\u00e1mskei\u00f0 - Glacier Journey<\/title>\n<meta name=\"robots\" content=\"index, follow, max-snippet:-1, max-image-preview:large, max-video-preview:-1\" \/>\n<link rel=\"canonical\" href=\"https:\/\/glacierjourney.is\/is\/ferdir\/skida-og-brettanamskeid\/\" \/>\n<meta property=\"og:locale\" content=\"is_IS\" \/>\n<meta property=\"og:type\" content=\"article\" \/>\n<meta property=\"og:title\" content=\"Sk\u00ed\u00f0a og brettan\u00e1mskei\u00f0 - Glacier Journey\" \/>\n<meta property=\"og:description\" content=\"[mk_page_section bg_image=&#8220;https:\/\/glacierjourney.is\/wp-content\/uploads\/2020\/04\/header.jpg&#8220; attachment=&#8220;fixed&#8220; bg_position=&#8220;left center&#8220; bg_repeat=&#8220;no-repeat&#8220; bg_stretch=&#8220;true&#8220; enable_3d=&#8220;true&#8220; bg_gradient=&#8220;vertical&#8220; video_color_mask=&#8220;#1e73be&#8220; gr_end=&#8220;#28b7ff&#8220; video_opacity=&#8220;0.5&#8243; min_height=&#8220;300&#8243; full_height=&#8220;true&#8220; padding_top=&#8220;0&#8243; skip_arrow=&#8220;true&#8220; first_page=&#8220;true&#8220; last_page=&#8220;false&#8220; sidebar=&#8220;sidebar-1&#8243;][vc_column][vc_row_inner][vc_column_inner width=&#8220;2\/3&#8243;][mk_fancy_title color=&#8220;#ffffff&#8220; size=&#8220;54&#8243; force_font_size=&#8220;true&#8220; size_smallscreen=&#8220;35&#8243; size_tablet=&#8220;30&#8243; size_phone=&#8220;22&#8243; font_weight=&#8220;900&#8243; txt_transform=&#8220;uppercase&#8220; letter_spacing=&#8220;4&#8243; margin_bottom=&#8220;18&#8243; font_family=&#8220;none&#8220; animation=&#8220;fade-in&#8220;]Sk\u00ed\u00f0a og brettan\u00e1mskei\u00f0[\/mk_fancy_title][mk_divider style=&#8220;thin_solid&#8220; divider_width=&#8220;one_third&#8220; align=&#8220;left&#8220; thin_single_color=&#8220;#ffffff&#8220; thickness=&#8220;6&#8243;][mk_fancy_title color=&#8220;#ffffff&#8220; size=&#8220;20&#8243; force_font_size=&#8220;true&#8220; size_smallscreen=&#8220;35&#8243; size_tablet=&#8220;33&#8243; size_phone=&#8220;22&#8243; font_weight=&#8220;bold&#8220; margin_bottom=&#8220;18&#8243; font_family=&#8220;none&#8220;]Fyrir b\u00f6rn \u00e1 aldrinum 6-10 \u00e1ra og 11- [&hellip;]\" \/>\n<meta property=\"og:url\" content=\"https:\/\/glacierjourney.is\/is\/ferdir\/skida-og-brettanamskeid\/\" \/>\n<meta property=\"og:site_name\" content=\"Glacier Journey\" \/>\n<meta property=\"article:modified_time\" content=\"2020-04-25T15:00:02+00:00\" \/>\n<meta property=\"og:image\" content=\"https:\/\/glacierjourney.is\/wp-content\/uploads\/2020\/04\/1200x630.jpg\" \/>\n\t<meta property=\"og:image:width\" content=\"1200\" \/>\n\t<meta property=\"og:image:height\" content=\"630\" \/>\n\t<meta property=\"og:image:type\" content=\"image\/jpeg\" \/>\n<meta name=\"twitter:card\" content=\"summary_large_image\" \/>\n<meta name=\"twitter:label1\" content=\"Est. reading time\" \/>\n\t<meta name=\"twitter:data1\" content=\"4 minutes\" \/>\n<script type=\"application\/ld+json\" class=\"yoast-schema-graph\">{\"@context\":\"https:\\\/\\\/schema.org\",\"@graph\":[{\"@type\":\"WebPage\",\"@id\":\"https:\\\/\\\/glacierjourney.is\\\/is\\\/ferdir\\\/skida-og-brettanamskeid\\\/\",\"url\":\"https:\\\/\\\/glacierjourney.is\\\/is\\\/ferdir\\\/skida-og-brettanamskeid\\\/\",\"name\":\"Sk\u00ed\u00f0a og brettan\u00e1mskei\u00f0 - Glacier Journey\",\"isPartOf\":{\"@id\":\"https:\\\/\\\/glacierjourney.is\\\/#website\"},\"datePublished\":\"2020-04-23T15:56:27+00:00\",\"dateModified\":\"2020-04-25T15:00:02+00:00\",\"breadcrumb\":{\"@id\":\"https:\\\/\\\/glacierjourney.is\\\/is\\\/ferdir\\\/skida-og-brettanamskeid\\\/#breadcrumb\"},\"inLanguage\":\"is\",\"potentialAction\":[{\"@type\":\"ReadAction\",\"target\":[\"https:\\\/\\\/glacierjourney.is\\\/is\\\/ferdir\\\/skida-og-brettanamskeid\\\/\"]}]},{\"@type\":\"BreadcrumbList\",\"@id\":\"https:\\\/\\\/glacierjourney.is\\\/is\\\/ferdir\\\/skida-og-brettanamskeid\\\/#breadcrumb\",\"itemListElement\":[{\"@type\":\"ListItem\",\"position\":1,\"name\":\"Home\",\"item\":\"https:\\\/\\\/glacierjourney.is\\\/is\\\/\"},{\"@type\":\"ListItem\",\"position\":2,\"name\":\"FER\u00d0IR\",\"item\":\"https:\\\/\\\/glacierjourney.is\\\/is\\\/ferdir\\\/\"},{\"@type\":\"ListItem\",\"position\":3,\"name\":\"Sk\u00ed\u00f0a og brettan\u00e1mskei\u00f0\"}]},{\"@type\":\"WebSite\",\"@id\":\"https:\\\/\\\/glacierjourney.is\\\/#website\",\"url\":\"https:\\\/\\\/glacierjourney.is\\\/\",\"name\":\"Glacier Journey\",\"description\":\"Take a journey with us into the vastness of Vatnaj\u00f6kull\",\"potentialAction\":[{\"@type\":\"SearchAction\",\"target\":{\"@type\":\"EntryPoint\",\"urlTemplate\":\"https:\\\/\\\/glacierjourney.is\\\/?s={search_term_string}\"},\"query-input\":{\"@type\":\"PropertyValueSpecification\",\"valueRequired\":true,\"valueName\":\"search_term_string\"}}],\"inLanguage\":\"is\"}]}<\/script>\n<!-- \/ Yoast SEO plugin. -->","yoast_head_json":{"title":"Sk\u00ed\u00f0a og brettan\u00e1mskei\u00f0 - Glacier Journey","robots":{"index":"index","follow":"follow","max-snippet":"max-snippet:-1","max-image-preview":"max-image-preview:large","max-video-preview":"max-video-preview:-1"},"canonical":"https:\/\/glacierjourney.is\/is\/ferdir\/skida-og-brettanamskeid\/","og_locale":"is_IS","og_type":"article","og_title":"Sk\u00ed\u00f0a og brettan\u00e1mskei\u00f0 - Glacier Journey","og_description":"[mk_page_section bg_image=&#8220;https:\/\/glacierjourney.is\/wp-content\/uploads\/2020\/04\/header.jpg&#8220; attachment=&#8220;fixed&#8220; bg_position=&#8220;left center&#8220; bg_repeat=&#8220;no-repeat&#8220; bg_stretch=&#8220;true&#8220; enable_3d=&#8220;true&#8220; bg_gradient=&#8220;vertical&#8220; video_color_mask=&#8220;#1e73be&#8220; gr_end=&#8220;#28b7ff&#8220; video_opacity=&#8220;0.5&#8243; min_height=&#8220;300&#8243; full_height=&#8220;true&#8220; padding_top=&#8220;0&#8243; skip_arrow=&#8220;true&#8220; first_page=&#8220;true&#8220; last_page=&#8220;false&#8220; sidebar=&#8220;sidebar-1&#8243;][vc_column][vc_row_inner][vc_column_inner width=&#8220;2\/3&#8243;][mk_fancy_title color=&#8220;#ffffff&#8220; size=&#8220;54&#8243; force_font_size=&#8220;true&#8220; size_smallscreen=&#8220;35&#8243; size_tablet=&#8220;30&#8243; size_phone=&#8220;22&#8243; font_weight=&#8220;900&#8243; txt_transform=&#8220;uppercase&#8220; letter_spacing=&#8220;4&#8243; margin_bottom=&#8220;18&#8243; font_family=&#8220;none&#8220; animation=&#8220;fade-in&#8220;]Sk\u00ed\u00f0a og brettan\u00e1mskei\u00f0[\/mk_fancy_title][mk_divider style=&#8220;thin_solid&#8220; divider_width=&#8220;one_third&#8220; align=&#8220;left&#8220; thin_single_color=&#8220;#ffffff&#8220; thickness=&#8220;6&#8243;][mk_fancy_title color=&#8220;#ffffff&#8220; size=&#8220;20&#8243; force_font_size=&#8220;true&#8220; size_smallscreen=&#8220;35&#8243; size_tablet=&#8220;33&#8243; size_phone=&#8220;22&#8243; font_weight=&#8220;bold&#8220; margin_bottom=&#8220;18&#8243; font_family=&#8220;none&#8220;]Fyrir b\u00f6rn \u00e1 aldrinum 6-10 \u00e1ra og 11- [&hellip;]","og_url":"https:\/\/glacierjourney.is\/is\/ferdir\/skida-og-brettanamskeid\/","og_site_name":"Glacier Journey","article_modified_time":"2020-04-25T15:00:02+00:00","og_image":[{"width":1200,"height":630,"url":"https:\/\/glacierjourney.is\/wp-content\/uploads\/2020\/04\/1200x630.jpg","type":"image\/jpeg"}],"twitter_card":"summary_large_image","twitter_misc":{"Est. reading time":"4 minutes"},"schema":{"@context":"https:\/\/schema.org","@graph":[{"@type":"WebPage","@id":"https:\/\/glacierjourney.is\/is\/ferdir\/skida-og-brettanamskeid\/","url":"https:\/\/glacierjourney.is\/is\/ferdir\/skida-og-brettanamskeid\/","name":"Sk\u00ed\u00f0a og brettan\u00e1mskei\u00f0 - Glacier Journey","isPartOf":{"@id":"https:\/\/glacierjourney.is\/#website"},"datePublished":"2020-04-23T15:56:27+00:00","dateModified":"2020-04-25T15:00:02+00:00","breadcrumb":{"@id":"https:\/\/glacierjourney.is\/is\/ferdir\/skida-og-brettanamskeid\/#breadcrumb"},"inLanguage":"is","potentialAction":[{"@type":"ReadAction","target":["https:\/\/glacierjourney.is\/is\/ferdir\/skida-og-brettanamskeid\/"]}]},{"@type":"BreadcrumbList","@id":"https:\/\/glacierjourney.is\/is\/ferdir\/skida-og-brettanamskeid\/#breadcrumb","itemListElement":[{"@type":"ListItem","position":1,"name":"Home","item":"https:\/\/glacierjourney.is\/is\/"},{"@type":"ListItem","position":2,"name":"FER\u00d0IR","item":"https:\/\/glacierjourney.is\/is\/ferdir\/"},{"@type":"ListItem","position":3,"name":"Sk\u00ed\u00f0a og brettan\u00e1mskei\u00f0"}]},{"@type":"WebSite","@id":"https:\/\/glacierjourney.is\/#website","url":"https:\/\/glacierjourney.is\/","name":"Glacier Journey","description":"Take a journey with us into the vastness of Vatnaj\u00f6kull","potentialAction":[{"@type":"SearchAction","target":{"@type":"EntryPoint","urlTemplate":"https:\/\/glacierjourney.is\/?s={search_term_string}"},"query-input":{"@type":"PropertyValueSpecification","valueRequired":true,"valueName":"search_term_string"}}],"inLanguage":"is"}]}},"_links":{"self":[{"href":"https:\/\/glacierjourney.is\/is\/wp-json\/wp\/v2\/pages\/7566","targetHints":{"allow":["GET"]}}],"collection":[{"href":"https:\/\/glacierjourney.is\/is\/wp-json\/wp\/v2\/pages"}],"about":[{"href":"https:\/\/glacierjourney.is\/is\/wp-json\/wp\/v2\/types\/page"}],"author":[{"embeddable":true,"href":"https:\/\/glacierjourney.is\/is\/wp-json\/wp\/v2\/users\/1"}],"replies":[{"embeddable":true,"href":"https:\/\/glacierjourney.is\/is\/wp-json\/wp\/v2\/comments?post=7566"}],"version-history":[{"count":5,"href":"https:\/\/glacierjourney.is\/is\/wp-json\/wp\/v2\/pages\/7566\/revisions"}],"predecessor-version":[{"id":7600,"href":"https:\/\/glacierjourney.is\/is\/wp-json\/wp\/v2\/pages\/7566\/revisions\/7600"}],"up":[{"embeddable":true,"href":"https:\/\/glacierjourney.is\/is\/wp-json\/wp\/v2\/pages\/7496"}],"wp:attachment":[{"href":"https:\/\/glacierjourney.is\/is\/wp-json\/wp\/v2\/media?parent=7566"}],"curies":[{"name":"wp","href":"https:\/\/api.w.org\/{rel}","templated":true}]}}