{"id":7508,"date":"2015-07-08T19:08:11","date_gmt":"2015-07-08T19:08:11","guid":{"rendered":"https:\/\/glacierjourney.is\/contact\/"},"modified":"2020-04-23T11:26:46","modified_gmt":"2020-04-23T11:26:46","slug":"hafa-samband","status":"publish","type":"page","link":"https:\/\/glacierjourney.is\/is\/hafa-samband\/","title":{"rendered":"HAFA SAMBAND"},"content":{"rendered":"<div class=\"wpb-content-wrapper\">[mk_page_section min_height=&#8220;500&#8243; full_width=&#8220;true&#8220; padding_top=&#8220;0&#8243; padding_bottom=&#8220;0&#8243; first_page=&#8220;true&#8220; last_page=&#8220;false&#8220; sidebar=&#8220;sidebar-1&#8243;][vc_column][mk_advanced_gmaps custom_markers=&#8220;true&#8220; latitude=&#8220;64.259151&#8243; longitude=&#8220;-15.587038&#8243; address=&#8220;Glacier Journey- summer location&#8220; custom_marker_1=&#8220;http:\/\/glacierjourney.is\/wp-content\/uploads\/2018\/07\/logo-map.png&#8220; pin_icon=&#8220;http:\/\/glacierjourney.is\/wp-content\/uploads\/2015\/07\/glacier-journey-logo-blue.png&#8220; content_font_color=&#8220;#ffffff&#8220; height=&#8220;402&#8243; map_zoom=&#8220;12&#8243; modify_coloring=&#8220;true&#8220; hue=&#8220;#1e73be&#8220; zoom=&#8220;12&#8243;][\/vc_column][\/mk_page_section][mk_page_section bg_color=&#8220;#1e73be&#8220; full_width=&#8220;true&#8220; padding_top=&#8220;0&#8243; padding_bottom=&#8220;0&#8243; sidebar=&#8220;sidebar-1&#8243;][vc_column][vc_empty_space][vc_column_text css=&#8220;.vc_custom_1587641204136{margin-bottom: 0px !important;}&#8220;]\n<h2 style=\"text-align: center;\"><span style=\"color: #ffffff;\">SUMAR STA\u00d0SETNINGIN OKKAR ER VI\u00d0 FLATEY K\u00daAB\u00da<\/span><\/h2>\n[\/vc_column_text][vc_empty_space][\/vc_column][\/mk_page_section][vc_row][vc_column width=&#8220;1\/2&#8243;][vc_single_image image=&#8220;6746&#8243; img_size=&#8220;full&#8220;][mk_padding_divider size=&#8220;30&#8243;][\/vc_column][vc_column width=&#8220;1\/2&#8243;][vc_empty_space][mk_fancy_title style=&#8220;true&#8220; color=&#8220;#393836&#8243; size=&#8220;22&#8243; margin_bottom=&#8220;18&#8243; font_family=&#8220;none&#8220; align=&#8220;center&#8220;]UPPL\u00ddSINGAR[\/mk_fancy_title][vc_column_text css=&#8220;.vc_custom_1587641171163{margin-bottom: 0px !important;}&#8220;]\n<p class=\"address\" style=\"text-align: center;\">Opnunart\u00edmar skrifstofa:<\/p>\n<p style=\"text-align: center;\">M\u00e1n-F\u00f6s: 8:30 am &#8211; 4:30 pm<\/p>\n<p style=\"text-align: center;\">Laugardaga og sunnudaga: Loka\u00f0<\/p>\n<p class=\"phone\" style=\"text-align: center;\">S\u00edmi: +354 478 1517<\/p>\n<p class=\"phone\" style=\"text-align: center;\">Fars\u00edmi: <b><i>+<\/i><\/b>354 833 6690<\/p>\n<p style=\"text-align: center;\"><b><i>+<\/i><\/b>354 867 0493<\/p>\n<p class=\"email\" style=\"text-align: center;\">Netfang: <a href=\"mailto:info@glacierjourney.is\">info@glacierjourney.is<\/a><\/p>\n[\/vc_column_text][mk_padding_divider size=&#8220;30&#8243;][\/vc_column][\/vc_row]\n<\/div>","protected":false},"excerpt":{"rendered":"<p>[mk_page_section min_height=&#8220;500&#8243; full_width=&#8220;true&#8220; padding_top=&#8220;0&#8243; padding_bottom=&#8220;0&#8243; first_page=&#8220;true&#8220; last_page=&#8220;false&#8220; sidebar=&#8220;sidebar-1&#8243;][vc_column][mk_advanced_gmaps custom_markers=&#8220;true&#8220; latitude=&#8220;64.259151&#8243; longitude=&#8220;-15.587038&#8243; address=&#8220;Glacier Journey- summer location&#8220; custom_marker_1=&#8220;http:\/\/glacierjourney.is\/wp-content\/uploads\/2018\/07\/logo-map.png&#8220; pin_icon=&#8220;http:\/\/glacierjourney.is\/wp-content\/uploads\/2015\/07\/glacier-journey-logo-blue.png&#8220; content_font_color=&#8220;#ffffff&#8220; height=&#8220;402&#8243; map_zoom=&#8220;12&#8243; modify_coloring=&#8220;true&#8220; hue=&#8220;#1e73be&#8220; zoom=&#8220;12&#8243;][\/vc_column][\/mk_page_section][mk_page_section bg_color=&#8220;#1e73be&#8220; full_width=&#8220;true&#8220; padding_top=&#8220;0&#8243; padding_bottom=&#8220;0&#8243; sidebar=&#8220;sidebar-1&#8243;][vc_column][vc_empty_space][vc_column_text css=&#8220;.vc_custom_1587641204136{margin-bottom: 0px !important;}&#8220;] SUMAR STA\u00d0SETNINGIN OKKAR ER VI\u00d0 FLATEY K\u00daAB\u00da [\/vc_column_text][vc_empty_space][\/vc_column][\/mk_page_section][vc_row][vc_column width=&#8220;1\/2&#8243;][vc_single_image image=&#8220;6746&#8243; img_size=&#8220;full&#8220;][mk_padding_divider size=&#8220;30&#8243;][\/vc_column][vc_column width=&#8220;1\/2&#8243;][vc_empty_space][mk_fancy_title style=&#8220;true&#8220; color=&#8220;#393836&#8243; size=&#8220;22&#8243; margin_bottom=&#8220;18&#8243; font_family=&#8220;none&#8220; align=&#8220;center&#8220;]UPPL\u00ddSINGAR[\/mk_fancy_title][vc_column_text css=&#8220;.vc_custom_1587641171163{margin-bottom: 0px !important;}&#8220;] Opnunart\u00edmar skrifstofa: [&hellip;]<\/p>\n","protected":false},"author":1,"featured_media":0,"parent":0,"menu_order":0,"comment_status":"closed","ping_status":"closed","template":"","meta":{"_exactmetrics_skip_tracking":false,"_exactmetrics_sitenote_active":false,"_exactmetrics_sitenote_note":"","_exactmetrics_sitenote_category":0,"footnotes":""},"class_list":["post-7508","page","type-page","status-publish","hentry"],"yoast_head":"<!-- This site is optimized with the Yoast SEO plugin v27.4 - https:\/\/yoast.com\/product\/yoast-seo-wordpress\/ -->\n<title>HAFA SAMBAND - Glacier Journey<\/title>\n<meta name=\"description\" content=\"We specialise in tours in the Vatnaj\u00f6kull National Park area, whether it\u2019s a tour in a super jeep, or a snowmobile tour. We also have sightseeing tours on small buses for groups.\" \/>\n<meta name=\"robots\" content=\"index, follow, max-snippet:-1, max-image-preview:large, max-video-preview:-1\" \/>\n<link rel=\"canonical\" href=\"https:\/\/glacierjourney.is\/is\/hafa-samband\/\" \/>\n<meta property=\"og:locale\" content=\"is_IS\" \/>\n<meta property=\"og:type\" content=\"article\" \/>\n<meta property=\"og:title\" content=\"HAFA SAMBAND - Glacier Journey\" \/>\n<meta property=\"og:description\" content=\"We specialise in tours in the Vatnaj\u00f6kull National Park area, whether it\u2019s a tour in a super jeep, or a snowmobile tour. We also have sightseeing tours on small buses for groups.\" \/>\n<meta property=\"og:url\" content=\"https:\/\/glacierjourney.is\/is\/hafa-samband\/\" \/>\n<meta property=\"og:site_name\" content=\"Glacier Journey\" \/>\n<meta property=\"article:modified_time\" content=\"2020-04-23T11:26:46+00:00\" \/>\n<meta name=\"twitter:card\" content=\"summary_large_image\" \/>\n<meta name=\"twitter:label1\" content=\"Est. reading time\" \/>\n\t<meta name=\"twitter:data1\" content=\"1 minute\" \/>\n<script type=\"application\/ld+json\" class=\"yoast-schema-graph\">{\"@context\":\"https:\\\/\\\/schema.org\",\"@graph\":[{\"@type\":\"WebPage\",\"@id\":\"https:\\\/\\\/glacierjourney.is\\\/is\\\/hafa-samband\\\/\",\"url\":\"https:\\\/\\\/glacierjourney.is\\\/is\\\/hafa-samband\\\/\",\"name\":\"HAFA SAMBAND - Glacier Journey\",\"isPartOf\":{\"@id\":\"https:\\\/\\\/glacierjourney.is\\\/#website\"},\"datePublished\":\"2015-07-08T19:08:11+00:00\",\"dateModified\":\"2020-04-23T11:26:46+00:00\",\"description\":\"We specialise in tours in the Vatnaj\u00f6kull National Park area, whether it\u2019s a tour in a super jeep, or a snowmobile tour. We also have sightseeing tours on small buses for groups.\",\"breadcrumb\":{\"@id\":\"https:\\\/\\\/glacierjourney.is\\\/is\\\/hafa-samband\\\/#breadcrumb\"},\"inLanguage\":\"is\",\"potentialAction\":[{\"@type\":\"ReadAction\",\"target\":[\"https:\\\/\\\/glacierjourney.is\\\/is\\\/hafa-samband\\\/\"]}]},{\"@type\":\"BreadcrumbList\",\"@id\":\"https:\\\/\\\/glacierjourney.is\\\/is\\\/hafa-samband\\\/#breadcrumb\",\"itemListElement\":[{\"@type\":\"ListItem\",\"position\":1,\"name\":\"Home\",\"item\":\"https:\\\/\\\/glacierjourney.is\\\/is\\\/\"},{\"@type\":\"ListItem\",\"position\":2,\"name\":\"HAFA SAMBAND\"}]},{\"@type\":\"WebSite\",\"@id\":\"https:\\\/\\\/glacierjourney.is\\\/#website\",\"url\":\"https:\\\/\\\/glacierjourney.is\\\/\",\"name\":\"Glacier Journey\",\"description\":\"Take a journey with us into the vastness of Vatnaj\u00f6kull\",\"potentialAction\":[{\"@type\":\"SearchAction\",\"target\":{\"@type\":\"EntryPoint\",\"urlTemplate\":\"https:\\\/\\\/glacierjourney.is\\\/?s={search_term_string}\"},\"query-input\":{\"@type\":\"PropertyValueSpecification\",\"valueRequired\":true,\"valueName\":\"search_term_string\"}}],\"inLanguage\":\"is\"}]}<\/script>\n<!-- \/ Yoast SEO plugin. -->","yoast_head_json":{"title":"HAFA SAMBAND - Glacier Journey","description":"We specialise in tours in the Vatnaj\u00f6kull National Park area, whether it\u2019s a tour in a super jeep, or a snowmobile tour. We also have sightseeing tours on small buses for groups.","robots":{"index":"index","follow":"follow","max-snippet":"max-snippet:-1","max-image-preview":"max-image-preview:large","max-video-preview":"max-video-preview:-1"},"canonical":"https:\/\/glacierjourney.is\/is\/hafa-samband\/","og_locale":"is_IS","og_type":"article","og_title":"HAFA SAMBAND - Glacier Journey","og_description":"We specialise in tours in the Vatnaj\u00f6kull National Park area, whether it\u2019s a tour in a super jeep, or a snowmobile tour. We also have sightseeing tours on small buses for groups.","og_url":"https:\/\/glacierjourney.is\/is\/hafa-samband\/","og_site_name":"Glacier Journey","article_modified_time":"2020-04-23T11:26:46+00:00","twitter_card":"summary_large_image","twitter_misc":{"Est. reading time":"1 minute"},"schema":{"@context":"https:\/\/schema.org","@graph":[{"@type":"WebPage","@id":"https:\/\/glacierjourney.is\/is\/hafa-samband\/","url":"https:\/\/glacierjourney.is\/is\/hafa-samband\/","name":"HAFA SAMBAND - Glacier Journey","isPartOf":{"@id":"https:\/\/glacierjourney.is\/#website"},"datePublished":"2015-07-08T19:08:11+00:00","dateModified":"2020-04-23T11:26:46+00:00","description":"We specialise in tours in the Vatnaj\u00f6kull National Park area, whether it\u2019s a tour in a super jeep, or a snowmobile tour. We also have sightseeing tours on small buses for groups.","breadcrumb":{"@id":"https:\/\/glacierjourney.is\/is\/hafa-samband\/#breadcrumb"},"inLanguage":"is","potentialAction":[{"@type":"ReadAction","target":["https:\/\/glacierjourney.is\/is\/hafa-samband\/"]}]},{"@type":"BreadcrumbList","@id":"https:\/\/glacierjourney.is\/is\/hafa-samband\/#breadcrumb","itemListElement":[{"@type":"ListItem","position":1,"name":"Home","item":"https:\/\/glacierjourney.is\/is\/"},{"@type":"ListItem","position":2,"name":"HAFA SAMBAND"}]},{"@type":"WebSite","@id":"https:\/\/glacierjourney.is\/#website","url":"https:\/\/glacierjourney.is\/","name":"Glacier Journey","description":"Take a journey with us into the vastness of Vatnaj\u00f6kull","potentialAction":[{"@type":"SearchAction","target":{"@type":"EntryPoint","urlTemplate":"https:\/\/glacierjourney.is\/?s={search_term_string}"},"query-input":{"@type":"PropertyValueSpecification","valueRequired":true,"valueName":"search_term_string"}}],"inLanguage":"is"}]}},"_links":{"self":[{"href":"https:\/\/glacierjourney.is\/is\/wp-json\/wp\/v2\/pages\/7508","targetHints":{"allow":["GET"]}}],"collection":[{"href":"https:\/\/glacierjourney.is\/is\/wp-json\/wp\/v2\/pages"}],"about":[{"href":"https:\/\/glacierjourney.is\/is\/wp-json\/wp\/v2\/types\/page"}],"author":[{"embeddable":true,"href":"https:\/\/glacierjourney.is\/is\/wp-json\/wp\/v2\/users\/1"}],"replies":[{"embeddable":true,"href":"https:\/\/glacierjourney.is\/is\/wp-json\/wp\/v2\/comments?post=7508"}],"version-history":[{"count":3,"href":"https:\/\/glacierjourney.is\/is\/wp-json\/wp\/v2\/pages\/7508\/revisions"}],"predecessor-version":[{"id":9340,"href":"https:\/\/glacierjourney.is\/is\/wp-json\/wp\/v2\/pages\/7508\/revisions\/9340"}],"wp:attachment":[{"href":"https:\/\/glacierjourney.is\/is\/wp-json\/wp\/v2\/media?parent=7508"}],"curies":[{"name":"wp","href":"https:\/\/api.w.org\/{rel}","templated":true}]}}