{"id":7496,"date":"2015-07-08T19:07:40","date_gmt":"2015-07-08T19:07:40","guid":{"rendered":"https:\/\/glacierjourney.is\/tours\/"},"modified":"2024-03-18T12:50:00","modified_gmt":"2024-03-18T12:50:00","slug":"ferdir","status":"publish","type":"page","link":"https:\/\/glacierjourney.is\/is\/ferdir\/","title":{"rendered":"FER\u00d0IR"},"content":{"rendered":"<div class=\"wpb-content-wrapper\">[mk_page_section bg_image=&#8220;http:\/\/glacierjourney.is\/wp-content\/uploads\/2015\/07\/header-glacierjourney.jpg&#8220; attachment=&#8220;fixed&#8220; bg_position=&#8220;center top&#8220; bg_repeat=&#8220;no-repeat&#8220; bg_stretch=&#8220;true&#8220; enable_3d=&#8220;true&#8220; bg_gradient=&#8220;vertical&#8220; video_color_mask=&#8220;#1e73be&#8220; gr_end=&#8220;#28b7ff&#8220; video_opacity=&#8220;0.5&#8243; min_height=&#8220;300&#8243; full_width=&#8220;true&#8220; padding_top=&#8220;0&#8243; first_page=&#8220;true&#8220; last_page=&#8220;false&#8220; sidebar=&#8220;sidebar-1&#8243;][vc_column][mk_padding_divider size=&#8220;100&#8243;][mk_fancy_title color=&#8220;#ffffff&#8220; size=&#8220;40&#8243; font_weight=&#8220;900&#8243; letter_spacing=&#8220;4&#8243; margin_bottom=&#8220;18&#8243; font_family=&#8220;none&#8220; align=&#8220;center&#8220; animation=&#8220;fade-in&#8220;]OKKAR FER\u00d0IR[\/mk_fancy_title][mk_padding_divider][\/vc_column][\/mk_page_section][vc_row padding=&#8220;0&#8243;][vc_column][vc_empty_space height=&#8220;50px&#8220;][mk_divider style=&#8220;thin_solid&#8220;][\/vc_column][\/vc_row][mk_page_section sidebar=&#8220;sidebar-1&#8243; first_page=&#8220;false&#8220; last_page=&#8220;false&#8220;][vc_column width=&#8220;1\/2&#8243;][vc_empty_space height=&#8220;44px&#8220;][vc_single_image image=&#8220;7159&#8243; img_size=&#8220;full&#8220; onclick=&#8220;custom_link&#8220; link=&#8220;https:\/\/glacierjourney.is\/is\/ferdir\/snjosleda\/&#8220;][\/vc_column][vc_column width=&#8220;1\/2&#8243;][vc_empty_space height=&#8220;44px&#8220;][mk_fancy_title color=&#8220;#578fa6&#8243; size=&#8220;34&#8243; font_weight=&#8220;bold&#8220; margin_bottom=&#8220;18&#8243; font_family=&#8220;none&#8220;]<a href=\"https:\/\/glacierjourney.is\/is\/ferdir\/snjosleda\/\">SNJ\u00d3SLE\u00d0AFER\u00d0<\/a>[\/mk_fancy_title][vc_column_text css=&#8220;.vc_custom_1694424274612{margin-bottom: 0px !important;}&#8220;]St\u00f3rkostlegt fer\u00f0alag \u00ed um \u00fea\u00f0 bil 900 metra h\u00e6\u00f0, inn \u00e1 j\u00f6kulinn. Lei\u00f0in liggur a\u00f0 Br\u00f3karbotnstindi sem er \u00ed um 1400 metra h\u00e6\u00f0 og ef ve\u00f0urgu\u00f0irnir eru me\u00f0 okkur \u00fe\u00e1 er \u00fats\u00fdni\u00f0 st\u00f3rfenglegt til allra \u00e1tta.[\/vc_column_text][mk_button dimension=&#8220;outline&#8220; size=&#8220;x-large&#8220; url=&#8220;https:\/\/glacierjourney.is\/is\/ferdir\/snjosleda\/&#8220; outline_skin=&#8220;custom&#8220; outline_active_color=&#8220;#1e73be&#8220; outline_hover_color=&#8220;#ffffff&#8220;]N\u00c1NAR[\/mk_button][vc_empty_space height=&#8220;44px&#8220;][\/vc_column][\/mk_page_section][vc_row][vc_column][mk_divider style=&#8220;thin_solid&#8220;][\/vc_column][\/vc_row][mk_page_section sidebar=&#8220;sidebar-1&#8243; first_page=&#8220;false&#8220; last_page=&#8220;false&#8220;][vc_column width=&#8220;1\/2&#8243;][vc_empty_space height=&#8220;44px&#8220;][vc_single_image image=&#8220;7617&#8243; img_size=&#8220;full&#8220; onclick=&#8220;custom_link&#8220; link=&#8220;https:\/\/glacierjourney.is\/is\/ferdir\/kverkfjoll-snjosledaferd\/&#8220;][\/vc_column][vc_column width=&#8220;1\/2&#8243;][vc_empty_space height=&#8220;44px&#8220;][mk_fancy_title color=&#8220;#578fa6&#8243; size=&#8220;34&#8243; font_weight=&#8220;bold&#8220; margin_bottom=&#8220;18&#8243; font_family=&#8220;none&#8220;]<a href=\"https:\/\/glacierjourney.is\/is\/ferdir\/kverkfjoll-snjosledaferd\/\">SNJ\u00d3SLE\u00d0AFER\u00d0 \u00cd KVERKFJ\u00d6LL<\/a>[\/mk_fancy_title][vc_column_text css=&#8220;.vc_custom_1670320006052{margin-bottom: 0px !important;}&#8220;]8 klukkustunda s\u00e9rp\u00f6ntu\u00f0 fer\u00f0 til nor\u00f0anver\u00f0s Vatnaj\u00f6kuls og \u00ed Kverkfj\u00f6ll fyrir f\u00f3lk sem er vant a\u00f0 keyra snj\u00f3sle\u00f0a.[\/vc_column_text][mk_button dimension=&#8220;outline&#8220; size=&#8220;x-large&#8220; url=&#8220;https:\/\/glacierjourney.is\/is\/ferdir\/kverkfjoll-snjosledaferd\/&#8220; outline_skin=&#8220;custom&#8220; outline_active_color=&#8220;#1e73be&#8220; outline_hover_color=&#8220;#ffffff&#8220;]N\u00c1NAR[\/mk_button][vc_empty_space height=&#8220;44px&#8220;][\/vc_column][\/mk_page_section][vc_row][vc_column][mk_divider style=&#8220;thin_solid&#8220;][\/vc_column][\/vc_row][mk_page_section sidebar=&#8220;sidebar-1&#8243; first_page=&#8220;false&#8220; last_page=&#8220;false&#8220;][vc_column width=&#8220;1\/2&#8243;][vc_empty_space height=&#8220;44px&#8220;][vc_single_image image=&#8220;7612&#8243; img_size=&#8220;full&#8220; onclick=&#8220;custom_link&#8220; link=&#8220;https:\/\/glacierjourney.is\/is\/ferdir\/illikambur-lonsoraefi\/&#8220;][\/vc_column][vc_column width=&#8220;1\/2&#8243;][vc_empty_space height=&#8220;44px&#8220;][mk_fancy_title color=&#8220;#578fa6&#8243; size=&#8220;34&#8243; font_weight=&#8220;bold&#8220; margin_bottom=&#8220;18&#8243; font_family=&#8220;none&#8220;]<a href=\"https:\/\/glacierjourney.is\/is\/ferdir\/illikambur-lonsoraefi\/\">ILLIKAMBUR L\u00d3NS\u00d6R\u00c6FI<\/a>[\/mk_fancy_title][vc_column_text css=&#8220;.vc_custom_1670319965565{margin-bottom: 0px !important;}&#8220;]L\u00f3ns\u00f6r\u00e6fi er tilvali\u00f0 fyrir g\u00f6ngufer\u00f0um og vi\u00f0 bj\u00f3\u00f0um upp \u00e1 akstur til og fr\u00e1 Illakambi \u00e1 breyttum b\u00edlum.<br \/>\nL\u00f3ns\u00f6r\u00e6fi er eitt af st\u00e6rstu verndarsv\u00e6\u00f0um landsins og er fri\u00f0l\u00fdst sv\u00e6\u00f0i. H\u00e6sti tindur er Grendill en hj\u00e1 Illakambi eru fullt af h\u00e1um fjallg\u00f6r\u00f0um.[\/vc_column_text][mk_button dimension=&#8220;outline&#8220; size=&#8220;x-large&#8220; url=&#8220;https:\/\/glacierjourney.is\/is\/ferdir\/illikambur-lonsoraefi\/&#8220; outline_skin=&#8220;custom&#8220; outline_active_color=&#8220;#1e73be&#8220; outline_hover_color=&#8220;#ffffff&#8220;]N\u00c1NAR[\/mk_button][vc_empty_space height=&#8220;44px&#8220;][\/vc_column][\/mk_page_section][vc_row][vc_column][mk_divider style=&#8220;thin_solid&#8220;][\/vc_column][\/vc_row][mk_page_section predefined_bg=&#8220;&#8220; first_page=&#8220;false&#8220; last_page=&#8220;false&#8220; sidebar=&#8220;sidebar-1&#8243;][vc_column width=&#8220;1\/2&#8243;][vc_empty_space height=&#8220;44px&#8220;][vc_single_image image=&#8220;7659&#8243; img_size=&#8220;full&#8220; onclick=&#8220;custom_link&#8220; link=&#8220;https:\/\/glacierjourney.is\/is\/ferdir\/jeppaferd\/&#8220;][\/vc_column][vc_column width=&#8220;1\/2&#8243;][vc_empty_space height=&#8220;44px&#8220;][mk_fancy_title color=&#8220;#578fa6&#8243; size=&#8220;34&#8243; font_weight=&#8220;bold&#8220; margin_bottom=&#8220;18&#8243; font_family=&#8220;none&#8220;]<a href=\"https:\/\/glacierjourney.is\/is\/ferdir\/jeppaferd\/\">JEPPAFER\u00d0<\/a>[\/mk_fancy_title][vc_column_text css=&#8220;.vc_custom_1694424251224{margin-bottom: 0px !important;}&#8220;]Fer\u00f0alag \u00e1 breyttum jeppum \u00e1 Vatnaj\u00f6kli. Fer\u00f0in byrjar \u00ed um \u00fea\u00f0 bil 900 metra h\u00e6\u00f0 inn \u00e1 j\u00f6klinum og lei\u00f0in liggur a\u00f0 Grj\u00f3tbotni sem er \u00ed um 1000 metra h\u00e6\u00f0.[\/vc_column_text][mk_button dimension=&#8220;outline&#8220; size=&#8220;x-large&#8220; url=&#8220;https:\/\/glacierjourney.is\/is\/ferdir\/jeppaferd\/&#8220; outline_skin=&#8220;custom&#8220; outline_active_color=&#8220;#1e73be&#8220; outline_hover_color=&#8220;#ffffff&#8220;]N\u00c1NAR[\/mk_button][vc_empty_space height=&#8220;44px&#8220;][\/vc_column][\/mk_page_section][vc_row][vc_column][mk_divider style=&#8220;thin_solid&#8220;][\/vc_column][\/vc_row][mk_page_section sidebar=&#8220;sidebar-1&#8243; first_page=&#8220;false&#8220; last_page=&#8220;false&#8220;][vc_column width=&#8220;1\/2&#8243;][vc_empty_space height=&#8220;44px&#8220;][vc_single_image image=&#8220;10347&#8243; img_size=&#8220;full&#8220; onclick=&#8220;custom_link&#8220; link=&#8220;https:\/\/glacierjourney.is\/is\/ferdir\/illikambur-lonsoraefi\/&#8220;][\/vc_column][vc_column width=&#8220;1\/2&#8243;][vc_empty_space height=&#8220;44px&#8220;][mk_fancy_title color=&#8220;#578fa6&#8243; size=&#8220;34&#8243; font_weight=&#8220;bold&#8220; margin_bottom=&#8220;18&#8243; font_family=&#8220;none&#8220;]<a href=\"https:\/\/glacierjourney.is\/is\/ferdir\/jeppaferd-svartar-strendur\/\">JEPPAFER\u00d0 SVARTAR STRENDUR<\/a>[\/mk_fancy_title][vc_column_text css=&#8220;.vc_custom_1701776025804{margin-bottom: 0px !important;}&#8220;]\n<p data-offset-key=\"2b9a-0-0\">Komdu me\u00f0 \u00ed jeppafer\u00f0ina okkar um svartar strendur Su\u00f0urfjara. Vi\u00f0 munum sj\u00e1 r\u00fastir fyrsta flugvallar sv\u00e6\u00f0isins og Hvanneyjarvita.<\/p>\n<p data-offset-key=\"2b9a-0-0\">\u00de\u00fa f\u00e6r\u00f0 a\u00f0 sj\u00e1 eina erfi\u00f0ustu innsiglingu \u00cdslands. \u00dear eru forvitnir selir sem fylgjast grannt me\u00f0 okkur \u00e1 me\u00f0an vi\u00f0 nj\u00f3tum \u00fats\u00fdnisins og fjallahringsins.<\/p>\n<p data-offset-key=\"2b9a-0-0\">A\u00f0 lokum keyrum vi\u00f0 svo upp a\u00f0 m\u00f6gnu\u00f0u j\u00f6kull\u00f3ni vi\u00f0 Heinabergsj\u00f6kul e\u00f0a Fl\u00e1aj\u00f6kul. \u00dear eru oft st\u00f3rar hreind\u00fdrahjar\u00f0ir sem vi\u00f0 g\u00e6tum s\u00e9\u00f0 \u00e1 lei\u00f0 okkar upp a\u00f0 l\u00f3ninu.<\/p>\n[\/vc_column_text][mk_button dimension=&#8220;outline&#8220; size=&#8220;x-large&#8220; url=&#8220;https:\/\/glacierjourney.is\/is\/ferdir\/jeppaferd-svartar-strendur\/&#8220; outline_skin=&#8220;custom&#8220; outline_active_color=&#8220;#1e73be&#8220; outline_hover_color=&#8220;#ffffff&#8220;]N\u00c1NAR[\/mk_button][vc_empty_space height=&#8220;44px&#8220;][\/vc_column][\/mk_page_section][vc_row][vc_column][mk_divider style=&#8220;thin_solid&#8220;][\/vc_column][\/vc_row][mk_page_section sidebar=&#8220;sidebar-1&#8243; first_page=&#8220;false&#8220; last_page=&#8220;false&#8220;][vc_column width=&#8220;1\/2&#8243;][vc_empty_space height=&#8220;44px&#8220;][vc_single_image image=&#8220;7615&#8243; img_size=&#8220;full&#8220; onclick=&#8220;custom_link&#8220; link=&#8220;https:\/\/glacierjourney.is\/is\/ishellaferd\/&#8220;][\/vc_column][vc_column width=&#8220;1\/2&#8243;][vc_empty_space height=&#8220;44px&#8220;][mk_fancy_title color=&#8220;#578fa6&#8243; size=&#8220;34&#8243; font_weight=&#8220;bold&#8220; margin_bottom=&#8220;18&#8243; font_family=&#8220;none&#8220;]<a href=\"https:\/\/glacierjourney.is\/is\/ishellaferd\/\">\u00cdSHELLAFER\u00d0<\/a>[\/mk_fancy_title][vc_column_text css=&#8220;.vc_custom_1670319874514{margin-bottom: 0px !important;}&#8220;]St\u00f3rkostleg fer\u00f0 sem byrjar \u00e1 J\u00f6kuls\u00e1rl\u00f3n \u00fear sem fari\u00f0 er \u00e1 breyttum b\u00edlum a\u00f0 \u00edshellinum. \u00deetta er einst\u00f6k fer\u00f0 fyrir alla sem vilja kanna \u00edshella \u00ed einum st\u00e6rsta j\u00f6kli Evr\u00f3pu.[\/vc_column_text][mk_button dimension=&#8220;outline&#8220; size=&#8220;x-large&#8220; url=&#8220;https:\/\/glacierjourney.is\/is\/ishellaferd\/&#8220; outline_skin=&#8220;custom&#8220; outline_active_color=&#8220;#1e73be&#8220; outline_hover_color=&#8220;#ffffff&#8220;]N\u00c1NAR[\/mk_button][vc_empty_space height=&#8220;44px&#8220;][\/vc_column][\/mk_page_section][vc_row][vc_column][mk_divider style=&#8220;thin_solid&#8220;][\/vc_column][\/vc_row][mk_page_section predefined_bg=&#8220;&#8220; first_page=&#8220;false&#8220; last_page=&#8220;false&#8220; sidebar=&#8220;sidebar-1&#8243;][vc_column width=&#8220;1\/2&#8243;][vc_empty_space height=&#8220;44px&#8220;][vc_single_image image=&#8220;7834&#8243; img_size=&#8220;full&#8220; onclick=&#8220;custom_link&#8220; link=&#8220;https:\/\/glacierjourney.is\/is\/ferdir\/luxusjeppaferd\/&#8220;][\/vc_column][vc_column width=&#8220;1\/2&#8243;][vc_empty_space height=&#8220;44px&#8220;][mk_fancy_title color=&#8220;#578fa6&#8243; size=&#8220;34&#8243; font_weight=&#8220;bold&#8220; margin_bottom=&#8220;18&#8243; font_family=&#8220;none&#8220;]<a href=\"https:\/\/glacierjourney.is\/is\/ferdir\/luxusjeppaferd\/\">L\u00daXUS JEPPAFER\u00d0<\/a>[\/mk_fancy_title][vc_column_text css=&#8220;.vc_custom_1670320220731{margin-bottom: 0px !important;}&#8220;]Fer\u00f0alag \u00e1 breyttum jeppa \u00e1 Vatnaj\u00f6kli. Fer\u00f0in ver\u00f0ur s\u00e9rsni\u00f0in eftir ykkar hugmyndum og \u00f3skum \u00ed samr\u00e1\u00f0i vi\u00f0 okkur og okkar reynsla af sv\u00e6\u00f0inu.[\/vc_column_text][mk_button dimension=&#8220;outline&#8220; size=&#8220;x-large&#8220; url=&#8220;https:\/\/glacierjourney.is\/is\/ferdir\/luxusjeppaferd\/&#8220; outline_skin=&#8220;custom&#8220; outline_active_color=&#8220;#1e73be&#8220; outline_hover_color=&#8220;#ffffff&#8220;]N\u00c1NAR[\/mk_button][vc_empty_space height=&#8220;44px&#8220;][\/vc_column][\/mk_page_section][vc_row][vc_column][mk_divider style=&#8220;thin_solid&#8220;][\/vc_column][\/vc_row][vc_row padding=&#8220;0&#8243;][vc_column][vc_empty_space height=&#8220;80px&#8220;][\/vc_column][\/vc_row]\n<\/div>","protected":false},"excerpt":{"rendered":"<p>[mk_page_section bg_image=&#8220;http:\/\/glacierjourney.is\/wp-content\/uploads\/2015\/07\/header-glacierjourney.jpg&#8220; attachment=&#8220;fixed&#8220; bg_position=&#8220;center top&#8220; bg_repeat=&#8220;no-repeat&#8220; bg_stretch=&#8220;true&#8220; enable_3d=&#8220;true&#8220; bg_gradient=&#8220;vertical&#8220; video_color_mask=&#8220;#1e73be&#8220; gr_end=&#8220;#28b7ff&#8220; video_opacity=&#8220;0.5&#8243; min_height=&#8220;300&#8243; full_width=&#8220;true&#8220; padding_top=&#8220;0&#8243; first_page=&#8220;true&#8220; last_page=&#8220;false&#8220; sidebar=&#8220;sidebar-1&#8243;][vc_column][mk_padding_divider size=&#8220;100&#8243;][mk_fancy_title color=&#8220;#ffffff&#8220; size=&#8220;40&#8243; font_weight=&#8220;900&#8243; letter_spacing=&#8220;4&#8243; margin_bottom=&#8220;18&#8243; font_family=&#8220;none&#8220; align=&#8220;center&#8220; animation=&#8220;fade-in&#8220;]OKKAR FER\u00d0IR[\/mk_fancy_title][mk_padding_divider][\/vc_column][\/mk_page_section][vc_row padding=&#8220;0&#8243;][vc_column][vc_empty_space height=&#8220;50px&#8220;][mk_divider style=&#8220;thin_solid&#8220;][\/vc_column][\/vc_row][mk_page_section sidebar=&#8220;sidebar-1&#8243; first_page=&#8220;false&#8220; last_page=&#8220;false&#8220;][vc_column width=&#8220;1\/2&#8243;][vc_empty_space height=&#8220;44px&#8220;][vc_single_image image=&#8220;7159&#8243; img_size=&#8220;full&#8220; onclick=&#8220;custom_link&#8220; link=&#8220;https:\/\/glacierjourney.is\/is\/ferdir\/snjosleda\/&#8220;][\/vc_column][vc_column width=&#8220;1\/2&#8243;][vc_empty_space height=&#8220;44px&#8220;][mk_fancy_title color=&#8220;#578fa6&#8243; size=&#8220;34&#8243; font_weight=&#8220;bold&#8220; margin_bottom=&#8220;18&#8243; font_family=&#8220;none&#8220;]SNJ\u00d3SLE\u00d0AFER\u00d0[\/mk_fancy_title][vc_column_text css=&#8220;.vc_custom_1694424274612{margin-bottom: 0px !important;}&#8220;]St\u00f3rkostlegt fer\u00f0alag \u00ed um \u00fea\u00f0 bil [&hellip;]<\/p>\n","protected":false},"author":1,"featured_media":0,"parent":0,"menu_order":0,"comment_status":"closed","ping_status":"closed","template":"","meta":{"_exactmetrics_skip_tracking":false,"_exactmetrics_sitenote_active":false,"_exactmetrics_sitenote_note":"","_exactmetrics_sitenote_category":0,"footnotes":""},"class_list":["post-7496","page","type-page","status-publish","hentry"],"yoast_head":"<!-- This site is optimized with the Yoast SEO plugin v26.8 - https:\/\/yoast.com\/product\/yoast-seo-wordpress\/ -->\n<title>SNOWMOBILE &amp; SUPER JEEP GLACIER TOURS ICELAND<\/title>\n<meta name=\"description\" content=\"LET US SHOW YOU WHAT THE GEM OF SOUTH EAST HAS TO OFFER\" \/>\n<meta name=\"robots\" content=\"index, follow, max-snippet:-1, max-image-preview:large, max-video-preview:-1\" \/>\n<link rel=\"canonical\" href=\"https:\/\/glacierjourney.is\/is\/ferdir\/\" \/>\n<meta property=\"og:locale\" content=\"is_IS\" \/>\n<meta property=\"og:type\" content=\"article\" \/>\n<meta property=\"og:title\" content=\"SNOWMOBILE &amp; SUPER JEEP GLACIER TOURS ICELAND\" \/>\n<meta property=\"og:description\" content=\"LET US SHOW YOU WHAT THE GEM OF SOUTH EAST HAS TO OFFER\" \/>\n<meta property=\"og:url\" content=\"https:\/\/glacierjourney.is\/is\/ferdir\/\" \/>\n<meta property=\"og:site_name\" content=\"Glacier Journey\" \/>\n<meta property=\"article:modified_time\" content=\"2024-03-18T12:50:00+00:00\" \/>\n<meta name=\"twitter:card\" content=\"summary_large_image\" \/>\n<meta name=\"twitter:label1\" content=\"Est. reading time\" \/>\n\t<meta name=\"twitter:data1\" content=\"4 minutes\" \/>\n<script type=\"application\/ld+json\" class=\"yoast-schema-graph\">{\"@context\":\"https:\/\/schema.org\",\"@graph\":[{\"@type\":\"WebPage\",\"@id\":\"https:\/\/glacierjourney.is\/is\/ferdir\/\",\"url\":\"https:\/\/glacierjourney.is\/is\/ferdir\/\",\"name\":\"SNOWMOBILE & SUPER JEEP GLACIER TOURS ICELAND\",\"isPartOf\":{\"@id\":\"https:\/\/glacierjourney.is\/#website\"},\"datePublished\":\"2015-07-08T19:07:40+00:00\",\"dateModified\":\"2024-03-18T12:50:00+00:00\",\"description\":\"LET US SHOW YOU WHAT THE GEM OF SOUTH EAST HAS TO OFFER\",\"breadcrumb\":{\"@id\":\"https:\/\/glacierjourney.is\/is\/ferdir\/#breadcrumb\"},\"inLanguage\":\"is\",\"potentialAction\":[{\"@type\":\"ReadAction\",\"target\":[\"https:\/\/glacierjourney.is\/is\/ferdir\/\"]}]},{\"@type\":\"BreadcrumbList\",\"@id\":\"https:\/\/glacierjourney.is\/is\/ferdir\/#breadcrumb\",\"itemListElement\":[{\"@type\":\"ListItem\",\"position\":1,\"name\":\"Home\",\"item\":\"https:\/\/glacierjourney.is\/is\/\"},{\"@type\":\"ListItem\",\"position\":2,\"name\":\"FER\u00d0IR\"}]},{\"@type\":\"WebSite\",\"@id\":\"https:\/\/glacierjourney.is\/#website\",\"url\":\"https:\/\/glacierjourney.is\/\",\"name\":\"Glacier Journey\",\"description\":\"Take a journey with us into the vastness of Vatnaj\u00f6kull\",\"potentialAction\":[{\"@type\":\"SearchAction\",\"target\":{\"@type\":\"EntryPoint\",\"urlTemplate\":\"https:\/\/glacierjourney.is\/?s={search_term_string}\"},\"query-input\":{\"@type\":\"PropertyValueSpecification\",\"valueRequired\":true,\"valueName\":\"search_term_string\"}}],\"inLanguage\":\"is\"}]}<\/script>\n<!-- \/ Yoast SEO plugin. -->","yoast_head_json":{"title":"SNOWMOBILE & SUPER JEEP GLACIER TOURS ICELAND","description":"LET US SHOW YOU WHAT THE GEM OF SOUTH EAST HAS TO OFFER","robots":{"index":"index","follow":"follow","max-snippet":"max-snippet:-1","max-image-preview":"max-image-preview:large","max-video-preview":"max-video-preview:-1"},"canonical":"https:\/\/glacierjourney.is\/is\/ferdir\/","og_locale":"is_IS","og_type":"article","og_title":"SNOWMOBILE & SUPER JEEP GLACIER TOURS ICELAND","og_description":"LET US SHOW YOU WHAT THE GEM OF SOUTH EAST HAS TO OFFER","og_url":"https:\/\/glacierjourney.is\/is\/ferdir\/","og_site_name":"Glacier Journey","article_modified_time":"2024-03-18T12:50:00+00:00","twitter_card":"summary_large_image","twitter_misc":{"Est. reading time":"4 minutes"},"schema":{"@context":"https:\/\/schema.org","@graph":[{"@type":"WebPage","@id":"https:\/\/glacierjourney.is\/is\/ferdir\/","url":"https:\/\/glacierjourney.is\/is\/ferdir\/","name":"SNOWMOBILE & SUPER JEEP GLACIER TOURS ICELAND","isPartOf":{"@id":"https:\/\/glacierjourney.is\/#website"},"datePublished":"2015-07-08T19:07:40+00:00","dateModified":"2024-03-18T12:50:00+00:00","description":"LET US SHOW YOU WHAT THE GEM OF SOUTH EAST HAS TO OFFER","breadcrumb":{"@id":"https:\/\/glacierjourney.is\/is\/ferdir\/#breadcrumb"},"inLanguage":"is","potentialAction":[{"@type":"ReadAction","target":["https:\/\/glacierjourney.is\/is\/ferdir\/"]}]},{"@type":"BreadcrumbList","@id":"https:\/\/glacierjourney.is\/is\/ferdir\/#breadcrumb","itemListElement":[{"@type":"ListItem","position":1,"name":"Home","item":"https:\/\/glacierjourney.is\/is\/"},{"@type":"ListItem","position":2,"name":"FER\u00d0IR"}]},{"@type":"WebSite","@id":"https:\/\/glacierjourney.is\/#website","url":"https:\/\/glacierjourney.is\/","name":"Glacier Journey","description":"Take a journey with us into the vastness of Vatnaj\u00f6kull","potentialAction":[{"@type":"SearchAction","target":{"@type":"EntryPoint","urlTemplate":"https:\/\/glacierjourney.is\/?s={search_term_string}"},"query-input":{"@type":"PropertyValueSpecification","valueRequired":true,"valueName":"search_term_string"}}],"inLanguage":"is"}]}},"_links":{"self":[{"href":"https:\/\/glacierjourney.is\/is\/wp-json\/wp\/v2\/pages\/7496","targetHints":{"allow":["GET"]}}],"collection":[{"href":"https:\/\/glacierjourney.is\/is\/wp-json\/wp\/v2\/pages"}],"about":[{"href":"https:\/\/glacierjourney.is\/is\/wp-json\/wp\/v2\/types\/page"}],"author":[{"embeddable":true,"href":"https:\/\/glacierjourney.is\/is\/wp-json\/wp\/v2\/users\/1"}],"replies":[{"embeddable":true,"href":"https:\/\/glacierjourney.is\/is\/wp-json\/wp\/v2\/comments?post=7496"}],"version-history":[{"count":21,"href":"https:\/\/glacierjourney.is\/is\/wp-json\/wp\/v2\/pages\/7496\/revisions"}],"predecessor-version":[{"id":10408,"href":"https:\/\/glacierjourney.is\/is\/wp-json\/wp\/v2\/pages\/7496\/revisions\/10408"}],"wp:attachment":[{"href":"https:\/\/glacierjourney.is\/is\/wp-json\/wp\/v2\/media?parent=7496"}],"curies":[{"name":"wp","href":"https:\/\/api.w.org\/{rel}","templated":true}]}}