{"id":7490,"date":"2014-08-14T17:08:18","date_gmt":"2014-08-14T17:08:18","guid":{"rendered":"https:\/\/glacierjourney.is\/homepage-1\/"},"modified":"2025-01-10T10:00:27","modified_gmt":"2025-01-10T10:00:27","slug":"homepage-1","status":"publish","type":"page","link":"https:\/\/glacierjourney.is\/is\/","title":{"rendered":"FORS\u00cd\u00d0A"},"content":{"rendered":"<div class=\"wpb-content-wrapper\">[mk_page_section bg_repeat=&#8220;no-repeat&#8220; bg_stretch=&#8220;true&#8220; enable_3d=&#8220;true&#8220; bg_video=&#8220;yes&#8220; mp4=&#8220;http:\/\/glacierjourney.is\/wp-content\/uploads\/2017\/10\/glacierjourney-converted-with-clipchamp.mp4&#8243; bg_gradient=&#8220;vertical&#8220; video_color_mask=&#8220;#27e0f4&#8243; gr_end=&#8220;#174d9e&#8220; full_width=&#8220;true&#8220; full_height=&#8220;true&#8220; padding_top=&#8220;0&#8243; skip_arrow=&#8220;true&#8220; sidebar=&#8220;sidebar-1&#8243;][vc_column][vc_single_image image=&#8220;7130&#8243; img_size=&#8220;full&#8220; alignment=&#8220;center&#8220; css_animation=&#8220;fadeIn&#8220;][mk_button dimension=&#8220;outline&#8220; size=&#8220;large&#8220; letter_spacing=&#8220;3&#8243; url=&#8220;https:\/\/glacierjourney.is\/is\/ferdir\/&#8220; align=&#8220;center&#8220; animation=&#8220;fade-in&#8220; outline_skin=&#8220;light&#8220;]SJ\u00c1 ALLAR FER\u00d0IR[\/mk_button][\/vc_column][\/mk_page_section][mk_page_section full_width=&#8220;true&#8220; sidebar=&#8220;sidebar-1&#8243;][vc_column][vc_empty_space][vc_empty_space height=&#8220;40px&#8220;][mk_fancy_title color_style=&#8220;gradient_color&#8220; grandient_color_from=&#8220;#1e73be&#8220; grandient_color_to=&#8220;#28beff&#8220; grandient_color_fallback=&#8220;#1e73be&#8220; size=&#8220;45&#8243; force_font_size=&#8220;true&#8220; size_smallscreen=&#8220;24&#8243; size_tablet=&#8220;18&#8243; size_phone=&#8220;20&#8243; font_weight=&#8220;400&#8243; letter_spacing=&#8220;2&#8243; margin_bottom=&#8220;0&#8243; font_family=&#8220;Oswald&#8220; font_type=&#8220;google&#8220; align=&#8220;center&#8220;]\n<p id=\"fancy-title-56a7be7485c3d\" class=\"mk-shortcode mk-fancy-title fancy-title-align-left simple-style \">FER\u00d0IR<\/p>\n[\/mk_fancy_title][mk_fancy_title color=&#8220;#1e73be&#8220; size=&#8220;30&#8243; force_font_size=&#8220;true&#8220; size_smallscreen=&#8220;24&#8243; size_tablet=&#8220;18&#8243; size_phone=&#8220;20&#8243; font_weight=&#8220;400&#8243; letter_spacing=&#8220;2&#8243; margin_bottom=&#8220;0&#8243; font_family=&#8220;Oswald&#8220; font_type=&#8220;google&#8220; align=&#8220;center&#8220;]N\u00c1TT\u00daRUPERLUR \u00c1 SU\u00d0AUSTURLANDI<\/p>\n<p id=\"fancy-title-56a7be7485c3d\" class=\"mk-shortcode mk-fancy-title fancy-title-align-left simple-style \">[\/mk_fancy_title][vc_empty_space height=&#8220;40px&#8220;][vc_row_inner is_fullwidth_content=&#8220;false&#8220;][vc_column_inner width=&#8220;1\/3&#8243;][vc_single_image image=&#8220;7159&#8243; img_size=&#8220;full&#8220; alignment=&#8220;center&#8220; onclick=&#8220;custom_link&#8220; link=&#8220;https:\/\/glacierjourney.is\/is\/ferdir\/snjosleda\/&#8220;][mk_fancy_title color=&#8220;#1e73be&#8220; size=&#8220;32&#8243; force_font_size=&#8220;true&#8220; size_smallscreen=&#8220;24&#8243; size_tablet=&#8220;18&#8243; size_phone=&#8220;20&#8243; font_weight=&#8220;400&#8243; letter_spacing=&#8220;2&#8243; margin_bottom=&#8220;0&#8243; font_family=&#8220;Oswald&#8220; font_type=&#8220;google&#8220; align=&#8220;center&#8220;]<a href=\"https:\/\/glacierjourney.is\/is\/ferdir\/snjosleda\/\">SNJ\u00d3SLE\u00d0AFER\u00d0<\/a>[\/mk_fancy_title][vc_empty_space height=&#8220;22px&#8220;][\/vc_column_inner][vc_column_inner width=&#8220;1\/3&#8243;][vc_single_image image=&#8220;6914&#8243; img_size=&#8220;full&#8220; alignment=&#8220;center&#8220; onclick=&#8220;custom_link&#8220; link=&#8220;https:\/\/glacierjourney.is\/is\/ishellaferd\/&#8220;][mk_fancy_title color=&#8220;#1e73be&#8220; size=&#8220;32&#8243; force_font_size=&#8220;true&#8220; size_smallscreen=&#8220;24&#8243; size_tablet=&#8220;18&#8243; size_phone=&#8220;20&#8243; font_weight=&#8220;400&#8243; letter_spacing=&#8220;2&#8243; margin_bottom=&#8220;0&#8243; font_family=&#8220;Oswald&#8220; font_type=&#8220;google&#8220; align=&#8220;center&#8220;]<a href=\"https:\/\/glacierjourney.is\/is\/ishellaferd\/\">\u00cdSHELLAFER\u00d0<\/a>[\/mk_fancy_title][vc_empty_space height=&#8220;22px&#8220;][\/vc_column_inner][vc_column_inner width=&#8220;1\/3&#8243;][vc_single_image image=&#8220;7617&#8243; img_size=&#8220;full&#8220; alignment=&#8220;center&#8220; onclick=&#8220;custom_link&#8220; link=&#8220;https:\/\/glacierjourney.is\/is\/ferdir\/kverkfjoll-snjosledaferd\/&#8220;][mk_fancy_title color=&#8220;#1e73be&#8220; size=&#8220;32&#8243; force_font_size=&#8220;true&#8220; size_smallscreen=&#8220;24&#8243; size_tablet=&#8220;18&#8243; size_phone=&#8220;20&#8243; font_weight=&#8220;400&#8243; letter_spacing=&#8220;2&#8243; font_family=&#8220;Oswald&#8220; font_type=&#8220;google&#8220; align=&#8220;center&#8220;]<a href=\"https:\/\/glacierjourney.is\/is\/ferdir\/kverkfjoll-snjosledaferd\/\">KVERKFJ\u00d6LL<\/a>[\/mk_fancy_title][vc_empty_space height=&#8220;22px&#8220;][\/vc_column_inner][\/vc_row_inner][vc_empty_space height=&#8220;40px&#8220;][vc_row_inner is_fullwidth_content=&#8220;false&#8220;][vc_column_inner width=&#8220;1\/3&#8243;][vc_single_image image=&#8220;10347&#8243; img_size=&#8220;full&#8220; alignment=&#8220;center&#8220; onclick=&#8220;custom_link&#8220; link=&#8220;https:\/\/glacierjourney.is\/is\/ferdir\/kverkfjoll-snjosledaferd\/&#8220;][mk_fancy_title color=&#8220;#1e73be&#8220; size=&#8220;32&#8243; force_font_size=&#8220;true&#8220; size_smallscreen=&#8220;24&#8243; size_tablet=&#8220;18&#8243; size_phone=&#8220;20&#8243; font_weight=&#8220;400&#8243; letter_spacing=&#8220;2&#8243; font_family=&#8220;Oswald&#8220; font_type=&#8220;google&#8220; align=&#8220;center&#8220;]<a href=\"https:\/\/glacierjourney.is\/is\/ferdir\/jeppaferd-svartar-strendur\/\">JEPPAFER\u00d0 SVARTAR STRENDUR<\/a>[\/mk_fancy_title][vc_empty_space height=&#8220;22px&#8220;][\/vc_column_inner][vc_column_inner width=&#8220;1\/3&#8243;][vc_single_image image=&#8220;7659&#8243; img_size=&#8220;full&#8220; alignment=&#8220;center&#8220; onclick=&#8220;custom_link&#8220; link=&#8220;https:\/\/glacierjourney.is\/is\/ferdir\/jeppaferd\/&#8220;][mk_fancy_title color=&#8220;#1e73be&#8220; size=&#8220;32&#8243; force_font_size=&#8220;true&#8220; size_smallscreen=&#8220;24&#8243; size_tablet=&#8220;18&#8243; size_phone=&#8220;20&#8243; font_weight=&#8220;400&#8243; letter_spacing=&#8220;2&#8243; margin_bottom=&#8220;0&#8243; font_family=&#8220;Oswald&#8220; font_type=&#8220;google&#8220; align=&#8220;center&#8220;]<a href=\"https:\/\/glacierjourney.is\/is\/ferdir\/jeppaferd\/\">JEPPAFER\u00d0<\/a>[\/mk_fancy_title][vc_empty_space height=&#8220;22px&#8220;][\/vc_column_inner][vc_column_inner width=&#8220;1\/3&#8243;][vc_single_image image=&#8220;7834&#8243; img_size=&#8220;full&#8220; onclick=&#8220;custom_link&#8220; link=&#8220;https:\/\/glacierjourney.is\/is\/ferdir\/luxusjeppaferd&#8220;][mk_fancy_title color=&#8220;#1e73be&#8220; size=&#8220;32&#8243; force_font_size=&#8220;true&#8220; size_smallscreen=&#8220;24&#8243; size_tablet=&#8220;18&#8243; size_phone=&#8220;20&#8243; font_weight=&#8220;400&#8243; letter_spacing=&#8220;2&#8243; margin_bottom=&#8220;0&#8243; font_family=&#8220;Oswald&#8220; font_type=&#8220;google&#8220; align=&#8220;center&#8220;]<a href=\"https:\/\/glacierjourney.is\/is\/ferdir\/luxusjeppaferd\/\">L\u00daXUS JEPPAFER\u00d0<\/a>[\/mk_fancy_title][vc_empty_space][\/vc_column_inner][\/vc_row_inner][vc_row_inner is_fullwidth_content=&#8220;false&#8220;][vc_column_inner width=&#8220;1\/3&#8243;][vc_single_image image=&#8220;7612&#8243; img_size=&#8220;full&#8220; alignment=&#8220;center&#8220; onclick=&#8220;custom_link&#8220; link=&#8220;https:\/\/glacierjourney.is\/is\/ferdir\/illikambur-lonsoraefi\/&#8220;][mk_fancy_title color=&#8220;#1e73be&#8220; size=&#8220;32&#8243; force_font_size=&#8220;true&#8220; size_smallscreen=&#8220;24&#8243; size_tablet=&#8220;18&#8243; size_phone=&#8220;20&#8243; font_weight=&#8220;400&#8243; letter_spacing=&#8220;2&#8243; margin_bottom=&#8220;0&#8243; font_family=&#8220;Oswald&#8220; font_type=&#8220;google&#8220; align=&#8220;center&#8220;]<a href=\"https:\/\/glacierjourney.is\/is\/ferdir\/illikambur-lonsoraefi\/\">ILLIKAMBUR L\u00d3NS\u00d6R\u00c6FI<\/a>[\/mk_fancy_title][vc_empty_space height=&#8220;22px&#8220;][\/vc_column_inner][vc_column_inner width=&#8220;1\/3&#8243;][vc_empty_space height=&#8220;22px&#8220;][\/vc_column_inner][vc_column_inner width=&#8220;1\/3&#8243;][vc_single_image image=&#8220;7509&#8243; img_size=&#8220;medium&#8220; add_caption=&#8220;yes&#8220; alignment=&#8220;center&#8220; onclick=&#8220;custom_link&#8220; css_animation=&#8220;zoomIn&#8220; link=&#8220;http:\/\/glacierjourney.is\/gjafabref&#8220;][mk_fancy_title color=&#8220;#1e73be&#8220; size=&#8220;32&#8243; force_font_size=&#8220;true&#8220; size_smallscreen=&#8220;24&#8243; size_tablet=&#8220;18&#8243; size_phone=&#8220;20&#8243; font_weight=&#8220;400&#8243; letter_spacing=&#8220;2&#8243; margin_bottom=&#8220;0&#8243; font_family=&#8220;Oswald&#8220; font_type=&#8220;google&#8220; align=&#8220;center&#8220;]<a href=\"https:\/\/glacierjourney.is\/is\/gjafabref\/\">GJAFABR\u00c9F<\/a>[\/mk_fancy_title][vc_empty_space][\/vc_column_inner][\/vc_row_inner][\/vc_column][\/mk_page_section][vc_row][vc_column width=&#8220;1\/4&#8243;][vc_column_text align=&#8220;center&#8220; css=&#8220;.vc_custom_1736503028871{margin-bottom: 0px !important;}&#8220;]<a href=\"https:\/\/glacierjourney.is\/wp-content\/uploads\/2025\/01\/wallmans-tripadvisor-2024.jpg\"><img loading=\"lazy\" decoding=\"async\" class=\"alignnone size-medium wp-image-10484\" src=\"https:\/\/glacierjourney.is\/wp-content\/uploads\/2025\/01\/wallmans-tripadvisor-2024-300x300.jpg\" alt=\"\" width=\"300\" height=\"300\" srcset=\"https:\/\/glacierjourney.is\/wp-content\/uploads\/2025\/01\/wallmans-tripadvisor-2024-300x300.jpg 300w, https:\/\/glacierjourney.is\/wp-content\/uploads\/2025\/01\/wallmans-tripadvisor-2024-1024x1024.jpg 1024w, https:\/\/glacierjourney.is\/wp-content\/uploads\/2025\/01\/wallmans-tripadvisor-2024-150x150.jpg 150w, https:\/\/glacierjourney.is\/wp-content\/uploads\/2025\/01\/wallmans-tripadvisor-2024-768x768.jpg 768w, https:\/\/glacierjourney.is\/wp-content\/uploads\/2025\/01\/wallmans-tripadvisor-2024-600x600.jpg 600w, https:\/\/glacierjourney.is\/wp-content\/uploads\/2025\/01\/wallmans-tripadvisor-2024.jpg 1080w\" sizes=\"auto, (max-width: 300px) 100vw, 300px\" \/><\/a>[\/vc_column_text][\/vc_column][vc_column width=&#8220;1\/4&#8243;][vc_column_text css=&#8220;.vc_custom_1701772986025{margin-bottom: 0px !important;}&#8220;]<a href=\"https:\/\/glacierjourney.is\/wp-content\/uploads\/2023\/09\/4rfx4xx8v3wb4hbk5sh5jtw.png\"><img loading=\"lazy\" decoding=\"async\" class=\"size-medium wp-image-9641 aligncenter\" src=\"https:\/\/glacierjourney.is\/wp-content\/uploads\/2023\/09\/4rfx4xx8v3wb4hbk5sh5jtw-300x300.png\" alt=\"\" width=\"300\" height=\"300\" srcset=\"https:\/\/glacierjourney.is\/wp-content\/uploads\/2023\/09\/4rfx4xx8v3wb4hbk5sh5jtw-300x300.png 300w, https:\/\/glacierjourney.is\/wp-content\/uploads\/2023\/09\/4rfx4xx8v3wb4hbk5sh5jtw-150x150.png 150w, https:\/\/glacierjourney.is\/wp-content\/uploads\/2023\/09\/4rfx4xx8v3wb4hbk5sh5jtw-768x768.png 768w, https:\/\/glacierjourney.is\/wp-content\/uploads\/2023\/09\/4rfx4xx8v3wb4hbk5sh5jtw-1024x1024.png 1024w, https:\/\/glacierjourney.is\/wp-content\/uploads\/2023\/09\/4rfx4xx8v3wb4hbk5sh5jtw-600x600.png 600w, https:\/\/glacierjourney.is\/wp-content\/uploads\/2023\/09\/4rfx4xx8v3wb4hbk5sh5jtw.png 800w\" sizes=\"auto, (max-width: 300px) 100vw, 300px\" \/><\/a>[\/vc_column_text][\/vc_column][vc_column width=&#8220;1\/4&#8243;][vc_column_text css=&#8220;.vc_custom_1701773041649{margin-bottom: 0px !important;}&#8220;]<a href=\"https:\/\/glacierjourney.is\/wp-content\/uploads\/2022\/12\/download.png\"><img loading=\"lazy\" decoding=\"async\" class=\"wp-image-9311 aligncenter\" src=\"https:\/\/glacierjourney.is\/wp-content\/uploads\/2022\/12\/download.png\" alt=\"\" width=\"209\" height=\"246\" srcset=\"https:\/\/glacierjourney.is\/wp-content\/uploads\/2022\/12\/download.png 207w, https:\/\/glacierjourney.is\/wp-content\/uploads\/2022\/12\/download-600x707.png 600w\" sizes=\"auto, (max-width: 209px) 100vw, 209px\" \/><\/a>[\/vc_column_text][\/vc_column][vc_column width=&#8220;1\/4&#8243;][vc_column_text css=&#8220;.vc_custom_1701772962968{margin-bottom: 0px !important;}&#8220;]<a href=\"https:\/\/glacierjourney.is\/wp-content\/uploads\/2023\/12\/travelers_choice-1.jpg\"><img loading=\"lazy\" decoding=\"async\" class=\"size-medium wp-image-10313 aligncenter\" src=\"https:\/\/glacierjourney.is\/wp-content\/uploads\/2023\/12\/travelers_choice-1-220x300.jpg\" alt=\"\" width=\"220\" height=\"300\" \/><\/a>[\/vc_column_text][\/vc_column][\/vc_row][vc_row][vc_column width=&#8220;1\/3&#8243;][vc_single_image image=&#8220;7456&#8243; img_size=&#8220;full&#8220; alignment=&#8220;center&#8220; onclick=&#8220;custom_link&#8220; img_link_target=&#8220;_blank&#8220; link=&#8220;https:\/\/www.tripadvisor.com\/Attraction_Review-g189960-d7610644-Reviews-Glacier_Journey-Hofn_East_Region.html&#8220;][\/vc_column][vc_column width=&#8220;1\/3&#8243;][vc_single_image image=&#8220;7460&#8243; img_size=&#8220;full&#8220; alignment=&#8220;center&#8220; onclick=&#8220;custom_link&#8220; img_link_target=&#8220;_blank&#8220; link=&#8220;https:\/\/www.tripadvisor.com\/Attraction_Review-g189960-d7610644-Reviews-Glacier_Journey-Hofn_East_Region.html&#8220;][\/vc_column][vc_column width=&#8220;1\/3&#8243;][vc_single_image image=&#8220;7462&#8243; img_size=&#8220;full&#8220; alignment=&#8220;center&#8220; onclick=&#8220;custom_link&#8220; img_link_target=&#8220;_blank&#8220; link=&#8220;https:\/\/www.tripadvisor.com\/Attraction_Review-g189960-d7610644-Reviews-Glacier_Journey-Hofn_East_Region.html&#8220;][\/vc_column][\/vc_row][vc_row][vc_column width=&#8220;1\/2&#8243;][vc_single_image image=&#8220;10488&#8243; img_size=&#8220;full&#8220; alignment=&#8220;center&#8220; onclick=&#8220;custom_link&#8220; img_link_target=&#8220;_blank&#8220; css=&#8220;&#8220; link=&#8220;https:\/\/www.tripadvisor.com\/Attraction_Review-g189960-d7610644-Reviews-Glacier_Journey-Hofn_East_Region.html&#8220;][\/vc_column][vc_column width=&#8220;1\/2&#8243;][vc_single_image image=&#8220;9650&#8243; img_size=&#8220;full&#8220; alignment=&#8220;center&#8220; onclick=&#8220;custom_link&#8220; img_link_target=&#8220;_blank&#8220; css=&#8220;&#8220; link=&#8220;https:\/\/www.tripadvisor.com\/Attraction_Review-g189960-d7610644-Reviews-Glacier_Journey-Hofn_East_Region.html&#8220;][\/vc_column][\/vc_row][vc_row][vc_column][vc_video max_width=&#8220;100%&#8220; host=&#8220;self_hosted&#8220; mp4=&#8220;https:\/\/glacierjourney.is\/wp-content\/uploads\/2022\/04\/my-movie.mp4&#8243; autoplay=&#8220;true&#8220; loop=&#8220;true&#8220; muted=&#8220;true&#8220;][vc_empty_space height=&#8220;80px&#8220;][\/vc_column][\/vc_row][mk_page_section bg_image=&#8220;http:\/\/glacierjourney.is\/wp-content\/uploads\/2014\/08\/bg-parallax.jpg&#8220; attachment=&#8220;fixed&#8220; bg_repeat=&#8220;no-repeat&#8220; bg_stretch=&#8220;true&#8220; enable_3d=&#8220;true&#8220; min_height=&#8220;450&#8243; full_width=&#8220;true&#8220; visibility=&#8220;visible-dt&#8220; sidebar=&#8220;sidebar-1&#8243;][vc_column][vc_empty_space height=&#8220;80px&#8220;][vc_single_image image=&#8220;4&#8243; img_size=&#8220;full&#8220; alignment=&#8220;center&#8220;][\/vc_column][\/mk_page_section][mk_page_section bg_color=&#8220;#589641&#8243; sidebar=&#8220;sidebar-1&#8243;][vc_column][vc_empty_space height=&#8220;40px&#8220;][mk_testimonials skin=&#8220;light&#8220;][vc_empty_space height=&#8220;40px&#8220;][\/vc_column][\/mk_page_section]\n<\/div>","protected":false},"excerpt":{"rendered":"<p>[mk_page_section bg_repeat=&#8220;no-repeat&#8220; bg_stretch=&#8220;true&#8220; enable_3d=&#8220;true&#8220; bg_video=&#8220;yes&#8220; mp4=&#8220;http:\/\/glacierjourney.is\/wp-content\/uploads\/2017\/10\/glacierjourney-converted-with-clipchamp.mp4&#8243; bg_gradient=&#8220;vertical&#8220; video_color_mask=&#8220;#27e0f4&#8243; gr_end=&#8220;#174d9e&#8220; full_width=&#8220;true&#8220; full_height=&#8220;true&#8220; padding_top=&#8220;0&#8243; skip_arrow=&#8220;true&#8220; sidebar=&#8220;sidebar-1&#8243;][vc_column][vc_single_image image=&#8220;7130&#8243; img_size=&#8220;full&#8220; alignment=&#8220;center&#8220; css_animation=&#8220;fadeIn&#8220;][mk_button dimension=&#8220;outline&#8220; size=&#8220;large&#8220; letter_spacing=&#8220;3&#8243; url=&#8220;https:\/\/glacierjourney.is\/is\/ferdir\/&#8220; align=&#8220;center&#8220; animation=&#8220;fade-in&#8220; outline_skin=&#8220;light&#8220;]SJ\u00c1 ALLAR FER\u00d0IR[\/mk_button][\/vc_column][\/mk_page_section][mk_page_section full_width=&#8220;true&#8220; sidebar=&#8220;sidebar-1&#8243;][vc_column][vc_empty_space][vc_empty_space height=&#8220;40px&#8220;][mk_fancy_title color_style=&#8220;gradient_color&#8220; grandient_color_from=&#8220;#1e73be&#8220; grandient_color_to=&#8220;#28beff&#8220; grandient_color_fallback=&#8220;#1e73be&#8220; size=&#8220;45&#8243; force_font_size=&#8220;true&#8220; size_smallscreen=&#8220;24&#8243; size_tablet=&#8220;18&#8243; size_phone=&#8220;20&#8243; font_weight=&#8220;400&#8243; letter_spacing=&#8220;2&#8243; margin_bottom=&#8220;0&#8243; font_family=&#8220;Oswald&#8220; font_type=&#8220;google&#8220; align=&#8220;center&#8220;] FER\u00d0IR [\/mk_fancy_title][mk_fancy_title color=&#8220;#1e73be&#8220; size=&#8220;30&#8243; force_font_size=&#8220;true&#8220; size_smallscreen=&#8220;24&#8243; size_tablet=&#8220;18&#8243; size_phone=&#8220;20&#8243; font_weight=&#8220;400&#8243; letter_spacing=&#8220;2&#8243; [&hellip;]<\/p>\n","protected":false},"author":1,"featured_media":0,"parent":0,"menu_order":0,"comment_status":"closed","ping_status":"closed","template":"","meta":{"_exactmetrics_skip_tracking":false,"_exactmetrics_sitenote_active":false,"_exactmetrics_sitenote_note":"","_exactmetrics_sitenote_category":0,"footnotes":""},"class_list":["post-7490","page","type-page","status-publish","hentry"],"yoast_head":"<!-- This site is optimized with the Yoast SEO plugin v27.4 - https:\/\/yoast.com\/product\/yoast-seo-wordpress\/ -->\n<title>GLACIER JOURNEY | Snowmobile &amp; Glacier Jeep Tours<\/title>\n<meta name=\"description\" content=\"LET US SHOW YOU WHAT THE GEM OF SOUTH EAST HAS TO OFFER\" \/>\n<meta name=\"robots\" content=\"index, follow, max-snippet:-1, max-image-preview:large, max-video-preview:-1\" \/>\n<link rel=\"canonical\" href=\"https:\/\/glacierjourney.is\/is\/\" \/>\n<meta property=\"og:locale\" content=\"is_IS\" \/>\n<meta property=\"og:type\" content=\"article\" \/>\n<meta property=\"og:title\" content=\"Glacier Journey\" \/>\n<meta property=\"og:description\" content=\"Glacier Journey is a small family business run by the couple Laufey and Gu\u00f0laugur, based in V\u00edkurbraut 4, H\u00f6fn. We specialise in tours in the Vatnaj\u00f6kull National Park area, whether it&#039;s a tour in a super jeep, or a snowmobile tour. We also have sightseeing tours on small buses for groups.\" \/>\n<meta property=\"og:url\" content=\"https:\/\/glacierjourney.is\/is\/\" \/>\n<meta property=\"og:site_name\" content=\"Glacier Journey\" \/>\n<meta property=\"article:modified_time\" content=\"2025-01-10T10:00:27+00:00\" \/>\n<meta name=\"twitter:card\" content=\"summary_large_image\" \/>\n<meta name=\"twitter:image\" content=\"https:\/\/glacierjourney.is\/wp-content\/uploads\/2025\/01\/wallmans-tripadvisor-2024-300x300.jpg\" \/>\n<meta name=\"twitter:label1\" content=\"Est. reading time\" \/>\n\t<meta name=\"twitter:data1\" content=\"6 minutes\" \/>\n<script type=\"application\/ld+json\" class=\"yoast-schema-graph\">{\"@context\":\"https:\\\/\\\/schema.org\",\"@graph\":[{\"@type\":\"WebPage\",\"@id\":\"https:\\\/\\\/glacierjourney.is\\\/is\\\/\",\"url\":\"https:\\\/\\\/glacierjourney.is\\\/is\\\/\",\"name\":\"GLACIER JOURNEY | Snowmobile & Glacier Jeep Tours\",\"isPartOf\":{\"@id\":\"https:\\\/\\\/glacierjourney.is\\\/#website\"},\"primaryImageOfPage\":{\"@id\":\"https:\\\/\\\/glacierjourney.is\\\/is\\\/#primaryimage\"},\"image\":{\"@id\":\"https:\\\/\\\/glacierjourney.is\\\/is\\\/#primaryimage\"},\"thumbnailUrl\":\"https:\\\/\\\/glacierjourney.is\\\/wp-content\\\/uploads\\\/2025\\\/01\\\/wallmans-tripadvisor-2024-300x300.jpg\",\"datePublished\":\"2014-08-14T17:08:18+00:00\",\"dateModified\":\"2025-01-10T10:00:27+00:00\",\"description\":\"LET US SHOW YOU WHAT THE GEM OF SOUTH EAST HAS TO OFFER\",\"breadcrumb\":{\"@id\":\"https:\\\/\\\/glacierjourney.is\\\/is\\\/#breadcrumb\"},\"inLanguage\":\"is\",\"potentialAction\":[{\"@type\":\"ReadAction\",\"target\":[\"https:\\\/\\\/glacierjourney.is\\\/is\\\/\"]}]},{\"@type\":\"ImageObject\",\"inLanguage\":\"is\",\"@id\":\"https:\\\/\\\/glacierjourney.is\\\/is\\\/#primaryimage\",\"url\":\"https:\\\/\\\/glacierjourney.is\\\/wp-content\\\/uploads\\\/2025\\\/01\\\/wallmans-tripadvisor-2024-300x300.jpg\",\"contentUrl\":\"https:\\\/\\\/glacierjourney.is\\\/wp-content\\\/uploads\\\/2025\\\/01\\\/wallmans-tripadvisor-2024-300x300.jpg\"},{\"@type\":\"BreadcrumbList\",\"@id\":\"https:\\\/\\\/glacierjourney.is\\\/is\\\/#breadcrumb\",\"itemListElement\":[{\"@type\":\"ListItem\",\"position\":1,\"name\":\"Home\",\"item\":\"https:\\\/\\\/glacierjourney.is\\\/is\\\/\"},{\"@type\":\"ListItem\",\"position\":2,\"name\":\"FORS\u00cd\u00d0A\"}]},{\"@type\":\"WebSite\",\"@id\":\"https:\\\/\\\/glacierjourney.is\\\/#website\",\"url\":\"https:\\\/\\\/glacierjourney.is\\\/\",\"name\":\"Glacier Journey\",\"description\":\"Take a journey with us into the vastness of Vatnaj\u00f6kull\",\"potentialAction\":[{\"@type\":\"SearchAction\",\"target\":{\"@type\":\"EntryPoint\",\"urlTemplate\":\"https:\\\/\\\/glacierjourney.is\\\/?s={search_term_string}\"},\"query-input\":{\"@type\":\"PropertyValueSpecification\",\"valueRequired\":true,\"valueName\":\"search_term_string\"}}],\"inLanguage\":\"is\"}]}<\/script>\n<!-- \/ Yoast SEO plugin. -->","yoast_head_json":{"title":"GLACIER JOURNEY | Snowmobile & Glacier Jeep Tours","description":"LET US SHOW YOU WHAT THE GEM OF SOUTH EAST HAS TO OFFER","robots":{"index":"index","follow":"follow","max-snippet":"max-snippet:-1","max-image-preview":"max-image-preview:large","max-video-preview":"max-video-preview:-1"},"canonical":"https:\/\/glacierjourney.is\/is\/","og_locale":"is_IS","og_type":"article","og_title":"Glacier Journey","og_description":"Glacier Journey is a small family business run by the couple Laufey and Gu\u00f0laugur, based in V\u00edkurbraut 4, H\u00f6fn. We specialise in tours in the Vatnaj\u00f6kull National Park area, whether it's a tour in a super jeep, or a snowmobile tour. We also have sightseeing tours on small buses for groups.","og_url":"https:\/\/glacierjourney.is\/is\/","og_site_name":"Glacier Journey","article_modified_time":"2025-01-10T10:00:27+00:00","twitter_card":"summary_large_image","twitter_image":"https:\/\/glacierjourney.is\/wp-content\/uploads\/2025\/01\/wallmans-tripadvisor-2024-300x300.jpg","twitter_misc":{"Est. reading time":"6 minutes"},"schema":{"@context":"https:\/\/schema.org","@graph":[{"@type":"WebPage","@id":"https:\/\/glacierjourney.is\/is\/","url":"https:\/\/glacierjourney.is\/is\/","name":"GLACIER JOURNEY | Snowmobile & Glacier Jeep Tours","isPartOf":{"@id":"https:\/\/glacierjourney.is\/#website"},"primaryImageOfPage":{"@id":"https:\/\/glacierjourney.is\/is\/#primaryimage"},"image":{"@id":"https:\/\/glacierjourney.is\/is\/#primaryimage"},"thumbnailUrl":"https:\/\/glacierjourney.is\/wp-content\/uploads\/2025\/01\/wallmans-tripadvisor-2024-300x300.jpg","datePublished":"2014-08-14T17:08:18+00:00","dateModified":"2025-01-10T10:00:27+00:00","description":"LET US SHOW YOU WHAT THE GEM OF SOUTH EAST HAS TO OFFER","breadcrumb":{"@id":"https:\/\/glacierjourney.is\/is\/#breadcrumb"},"inLanguage":"is","potentialAction":[{"@type":"ReadAction","target":["https:\/\/glacierjourney.is\/is\/"]}]},{"@type":"ImageObject","inLanguage":"is","@id":"https:\/\/glacierjourney.is\/is\/#primaryimage","url":"https:\/\/glacierjourney.is\/wp-content\/uploads\/2025\/01\/wallmans-tripadvisor-2024-300x300.jpg","contentUrl":"https:\/\/glacierjourney.is\/wp-content\/uploads\/2025\/01\/wallmans-tripadvisor-2024-300x300.jpg"},{"@type":"BreadcrumbList","@id":"https:\/\/glacierjourney.is\/is\/#breadcrumb","itemListElement":[{"@type":"ListItem","position":1,"name":"Home","item":"https:\/\/glacierjourney.is\/is\/"},{"@type":"ListItem","position":2,"name":"FORS\u00cd\u00d0A"}]},{"@type":"WebSite","@id":"https:\/\/glacierjourney.is\/#website","url":"https:\/\/glacierjourney.is\/","name":"Glacier Journey","description":"Take a journey with us into the vastness of Vatnaj\u00f6kull","potentialAction":[{"@type":"SearchAction","target":{"@type":"EntryPoint","urlTemplate":"https:\/\/glacierjourney.is\/?s={search_term_string}"},"query-input":{"@type":"PropertyValueSpecification","valueRequired":true,"valueName":"search_term_string"}}],"inLanguage":"is"}]}},"_links":{"self":[{"href":"https:\/\/glacierjourney.is\/is\/wp-json\/wp\/v2\/pages\/7490","targetHints":{"allow":["GET"]}}],"collection":[{"href":"https:\/\/glacierjourney.is\/is\/wp-json\/wp\/v2\/pages"}],"about":[{"href":"https:\/\/glacierjourney.is\/is\/wp-json\/wp\/v2\/types\/page"}],"author":[{"embeddable":true,"href":"https:\/\/glacierjourney.is\/is\/wp-json\/wp\/v2\/users\/1"}],"replies":[{"embeddable":true,"href":"https:\/\/glacierjourney.is\/is\/wp-json\/wp\/v2\/comments?post=7490"}],"version-history":[{"count":22,"href":"https:\/\/glacierjourney.is\/is\/wp-json\/wp\/v2\/pages\/7490\/revisions"}],"predecessor-version":[{"id":10497,"href":"https:\/\/glacierjourney.is\/is\/wp-json\/wp\/v2\/pages\/7490\/revisions\/10497"}],"wp:attachment":[{"href":"https:\/\/glacierjourney.is\/is\/wp-json\/wp\/v2\/media?parent=7490"}],"curies":[{"name":"wp","href":"https:\/\/api.w.org\/{rel}","templated":true}]}}