{"id":10323,"date":"2018-11-16T09:00:12","date_gmt":"2018-11-16T09:00:12","guid":{"rendered":"https:\/\/glacierjourney.is\/ferdir\/super-jeep-black-beach\/"},"modified":"2024-05-14T13:38:39","modified_gmt":"2024-05-14T13:38:39","slug":"jeppaferd-svartar-strendur","status":"publish","type":"page","link":"https:\/\/glacierjourney.is\/is\/ferdir\/jeppaferd-svartar-strendur\/","title":{"rendered":"JEPPAFER\u00d0 SVARTAR STRENDUR"},"content":{"rendered":"<div class=\"wpb-content-wrapper\">[mk_page_section bg_image=&#8220;http:\/\/glacierjourney.is\/wp-content\/uploads\/2018\/10\/header-glacier.jpg&#8220; attachment=&#8220;fixed&#8220; bg_position=&#8220;center top&#8220; bg_repeat=&#8220;no-repeat&#8220; bg_stretch=&#8220;true&#8220; enable_3d=&#8220;true&#8220; bg_gradient=&#8220;vertical&#8220; video_color_mask=&#8220;#1e73be&#8220; gr_end=&#8220;#28b7ff&#8220; video_opacity=&#8220;0.5&#8243; min_height=&#8220;300&#8243; full_width=&#8220;true&#8220; padding_top=&#8220;0&#8243; first_page=&#8220;true&#8220; last_page=&#8220;false&#8220; sidebar=&#8220;sidebar-1&#8243;][vc_column][mk_padding_divider size=&#8220;100&#8243;][mk_fancy_title color=&#8220;#ffffff&#8220; size=&#8220;40&#8243; font_weight=&#8220;900&#8243; letter_spacing=&#8220;4&#8243; margin_bottom=&#8220;0&#8243; font_family=&#8220;none&#8220; align=&#8220;center&#8220; animation=&#8220;fade-in&#8220;]JEPPAFER\u00d0[\/mk_fancy_title][mk_fancy_title color=&#8220;#ffffff&#8220; size=&#8220;40&#8243; font_weight=&#8220;900&#8243; letter_spacing=&#8220;4&#8243; margin_bottom=&#8220;0&#8243; font_family=&#8220;none&#8220; align=&#8220;center&#8220; animation=&#8220;fade-in&#8220;]SVARTAR STRENDUR[\/mk_fancy_title][mk_padding_divider][\/vc_column][\/mk_page_section][vc_row][vc_column width=&#8220;1\/2&#8243;][vc_empty_space height=&#8220;44px&#8220;][mk_ornamental_title text_color=&#8220;#1e73be&#8220; font_family=&#8220;Rubik&#8220; font_type=&#8220;google&#8220; font_size=&#8220;24&#8243; ornament_style=&#8220;lemo-single&#8220; nss_align=&#8220;center&#8220; ornament_color=&#8220;#006794&#8243; ornament_thickness=&#8220;3&#8243;]Svartar strendur, j\u00f6kull\u00f3n og magna\u00f0 \u00fats\u00fdni[\/mk_ornamental_title][\/vc_column][vc_column width=&#8220;1\/2&#8243;][vc_empty_space height=&#8220;44px&#8220;][mk_ornamental_title text_color=&#8220;#1e73be&#8220; font_family=&#8220;Rubik&#8220; font_type=&#8220;google&#8220; font_size=&#8220;24&#8243; ornament_style=&#8220;lemo-single&#8220; nss_align=&#8220;center&#8220; ornament_color=&#8220;#006794&#8243; ornament_thickness=&#8220;3&#8243;]Fleiri uppl\u00fdsingar[\/mk_ornamental_title][vc_empty_space height=&#8220;44px&#8220;][\/vc_column][\/vc_row][mk_page_section first_page=&#8220;false&#8220; last_page=&#8220;false&#8220; sidebar=&#8220;sidebar-1&#8243;][vc_column width=&#8220;1\/2&#8243;][vc_column_text css=&#8220;.vc_custom_1701775917186{margin-bottom: 0px !important;}&#8220;]\n<div class=\"\" data-block=\"true\" data-editor=\"3oqqb\" data-offset-key=\"2b9a-0-0\">\n<p class=\"public-DraftStyleDefault-block public-DraftStyleDefault-ltr\" data-offset-key=\"2b9a-0-0\"><em><strong>Upplif\u00f0u \u00cdsland eins og \u00fe\u00fa hefur aldrei gert \u00e1\u00f0ur.<\/strong><\/em><\/p>\n<p data-offset-key=\"2b9a-0-0\">Komdu me\u00f0 \u00ed jeppafer\u00f0ina okkar um svartar strendur Su\u00f0urfjara. Vi\u00f0 munum sj\u00e1 r\u00fastir fyrsta flugvallar sv\u00e6\u00f0isins og Hvanneyjarvita.<\/p>\n<p data-offset-key=\"2b9a-0-0\">\u00de\u00fa f\u00e6r\u00f0 a\u00f0 sj\u00e1 eina erfi\u00f0ustu innsiglingu \u00cdslands. \u00dear eru forvitnir selir sem fylgjast grannt me\u00f0 okkur \u00e1 me\u00f0an vi\u00f0 nj\u00f3tum \u00fats\u00fdnisins og fjallahringsins.<\/p>\n<p data-offset-key=\"2b9a-0-0\">A\u00f0 lokum keyrum vi\u00f0 svo upp a\u00f0 m\u00f6gnu\u00f0u j\u00f6kull\u00f3ni vi\u00f0 Heinabergsj\u00f6kul e\u00f0a Fl\u00e1aj\u00f6kul. \u00dear eru oft st\u00f3rar hreind\u00fdrahjar\u00f0ir sem vi\u00f0 g\u00e6tum s\u00e9\u00f0 \u00e1 lei\u00f0 okkar upp a\u00f0 l\u00f3ninu.<\/p>\n<p data-offset-key=\"2b9a-0-0\">Vanur lei\u00f0s\u00f6guma\u00f0ur deilir me\u00f0 ykkur uppl\u00fdsingum um flugv\u00f6llinn, innsiglinguna, umhverfi\u00f0 og j\u00f6klana og \u00e1hrif \u00feeirra \u00e1 umhverfi\u00f0 okkar.<\/p>\n<div class=\" vc_custom_1694424123627\">\n<div id=\"text-block-10\" class=\"mk-text-block jupiter-donut- \">\n<p>\u00c1 lei\u00f0inni er stoppa\u00f0 eins og \u00feurfa \u00feykir til a\u00f0 segja fr\u00e1 umhverfinu, nj\u00f3ta \u00fats\u00fdnisins og taka myndir.<\/p>\n<p>&nbsp;<\/p>\n<\/div>\n<\/div>\n<div class=\" vc_custom_1671102319981\">\n<div id=\"text-block-11\" class=\"mk-text-block jupiter-donut- \">\n<div>\n<p><a href=\"https:\/\/glacierjourney.is\/is\/ferdir\/luxusjeppaferd\/\">Glacier Journey eru einnig me\u00f0 s\u00e9rsni\u00f0nar jeppafer\u00f0ir.\u00a0<\/a>Teki\u00f0 er vi\u00f0 \u00f6llum b\u00f3kunum og svara\u00f0 spurningum \u00ed t\u00f6lvup\u00f3sti \u00e1 netfangi\u00f0\u00a0<a href=\"mailto:info@glacierjourney.is\">info@glacierjourney.is<\/a><\/p>\n<\/div>\n<\/div>\n<\/div>\n<\/div>\n[\/vc_column_text][vc_empty_space][vc_empty_space height=&#8220;44px&#8220;][\/vc_column][vc_column width=&#8220;1\/2&#8243;][mk_fancy_title color=&#8220;#1e73be&#8220; size=&#8220;24&#8243; font_family=&#8220;Rubik&#8220; font_type=&#8220;google&#8220;]<img loading=\"lazy\" decoding=\"async\" class=\"\" src=\"https:\/\/glacierjourney.is\/wp-content\/uploads\/2022\/02\/logi-1.png\" width=\"43\" height=\"21\" \/>Hven\u00e6r[\/mk_fancy_title][vc_column_text css=&#8220;.vc_custom_1701775315071{margin-bottom: 0px !important;}&#8220;]Opi\u00f0 er fyrir jeppafer\u00f0ir um svartar strendur fr\u00e1 n\u00f3vember &#8211; mars[\/vc_column_text][mk_fancy_title color=&#8220;#1e73be&#8220; size=&#8220;24&#8243; font_family=&#8220;Rubik&#8220; font_type=&#8220;google&#8220;]<img loading=\"lazy\" decoding=\"async\" class=\"\" src=\"https:\/\/glacierjourney.is\/wp-content\/uploads\/2022\/02\/logi-1.png\" width=\"43\" height=\"21\" \/>Lengd fer\u00f0ar[\/mk_fancy_title][vc_column_text css=&#8220;.vc_custom_1701775336392{margin-bottom: 0px !important;}&#8220;]Um \u00fea\u00f0 bil 3 klukkustundir[\/vc_column_text][mk_fancy_title color=&#8220;#1e73be&#8220; size=&#8220;24&#8243; font_family=&#8220;Rubik&#8220; font_type=&#8220;google&#8220;]<img loading=\"lazy\" decoding=\"async\" class=\"\" src=\"https:\/\/glacierjourney.is\/wp-content\/uploads\/2022\/02\/logi-1.png\" width=\"43\" height=\"21\" \/>Hva\u00f0 er innifali\u00f0 ?[\/mk_fancy_title][mk_custom_list]Lei\u00f0s\u00f6g\u00f0 fer\u00f0 \u00e1 breyttum jeppa<\/p>\n<p>Hellings fj\u00f6r[\/mk_custom_list][mk_fancy_title color=&#8220;#1e73be&#8220; size=&#8220;24&#8243; font_family=&#8220;Rubik&#8220; font_type=&#8220;google&#8220;]<img loading=\"lazy\" decoding=\"async\" class=\"\" src=\"https:\/\/glacierjourney.is\/wp-content\/uploads\/2022\/02\/logi-1.png\" width=\"43\" height=\"21\" \/>Upphafssta\u00f0ur[\/mk_fancy_title][vc_column_text css=&#8220;.vc_custom_1701775416409{margin-bottom: 0px !important;}&#8220;]Vi\u00f0 hittumst \u00ed m\u00f3tt\u00f6ku okkar sem er vi\u00f0 H\u00f3tel Smyrlabj\u00f6rg, 46 km vestan vi\u00f0 H\u00f6fn og 34 km austan vi\u00f0 J\u00f6kuls\u00e1rl\u00f3n.<br \/>\nGPS hnit 64.2173538,-15.7195644<\/p>\n<p>M\u00e6ting \u00ed fer\u00f0ir eru 30 m\u00edn fyrir brottf\u00f6r.[\/vc_column_text][\/vc_column][\/mk_page_section][mk_page_section][vc_column][mk_ornamental_title text_color=&#8220;#1e73be&#8220; font_family=&#8220;Permanent+Marker&#8220; font_type=&#8220;google&#8220; font_size=&#8220;30&#8243; ornament_style=&#8220;norman-single&#8220; ornament_color=&#8220;#006794&#8243; ornament_thickness=&#8220;3&#8243;]B\u00d3KA FER\u00d0[\/mk_ornamental_title][vc_empty_space height=&#8220;44px&#8220;][vc_raw_html]JTNDc2NyaXB0JTIwdHlwZSUzRCUyMnRleHQlMkZqYXZhc2NyaXB0JTIyJTIwc3JjJTNEJTIyaHR0cHMlM0ElMkYlMkZ3aWRnZXRzLmJva3VuLmlvJTJGYXNzZXRzJTJGamF2YXNjcmlwdHMlMkZhcHBzJTJGYnVpbGQlMkZCb2t1bldpZGdldHNMb2FkZXIuanMlM0Zib29raW5nQ2hhbm5lbFVVSUQlM0Q1ODQ5ZjAxNy1jYWM2LTQwNDAtODI2OS0wYmI5M2JiZmY2NGMlMjIlMjBhc3luYyUzRSUzQyUyRnNjcmlwdCUzRSUwQSUyMCUyMCUyMCUyMCUyMCUwQSUyMCUyMCUyMCUyMCUzQ2RpdiUyMGNsYXNzJTNEJTIyYm9rdW5XaWRnZXQlMjIlMjBkYXRhLXNyYyUzRCUyMmh0dHBzJTNBJTJGJTJGd2lkZ2V0cy5ib2t1bi5pbyUyRm9ubGluZS1zYWxlcyUyRjU4NDlmMDE3LWNhYzYtNDA0MC04MjY5LTBiYjkzYmJmZjY0YyUyRmV4cGVyaWVuY2UtY2FsZW5kYXIlMkY4MjIwMDAlMjIlM0UlM0MlMkZkaXYlM0UlMEElMjAlMjAlMjAlMjAlM0Nub3NjcmlwdCUzRVBsZWFzZSUyMGVuYWJsZSUyMGphdmFzY3JpcHQlMjBpbiUyMHlvdXIlMjBicm93c2VyJTIwdG8lMjBib29rJTNDJTJGbm9zY3JpcHQlM0UlMEE=[\/vc_raw_html][vc_column_text align=&#8220;center&#8220; css=&#8220;.vc_custom_1715693916658{margin-bottom: 0px !important;}&#8220;]<em><strong><span style=\"color: #1e73be;\"><span class=\"s1\">N\u00fana \u00ed bo\u00f0i me\u00f0 10% afsl\u00e6tti. <\/span><\/span><\/strong><\/em><\/p>\n<p><em><strong><span style=\"color: #1e73be;\"><span class=\"s1\">Afsl\u00e1ttark\u00f3\u00f0inn er &#8222;BLACKBEACH25&#8220; fyrir \u00feessa fer\u00f0.\u00a0<\/span><\/span><\/strong><\/em>[\/vc_column_text][vc_empty_space height=&#8220;44px&#8220;][\/vc_column][\/mk_page_section][mk_page_section sidebar=&#8220;sidebar-1&#8243;][vc_column][vc_empty_space][mk_ornamental_title text_color=&#8220;#1e73be&#8220; font_family=&#8220;Permanent+Marker&#8220; font_type=&#8220;google&#8220; font_size=&#8220;30&#8243; ornament_style=&#8220;norman-single&#8220; ornament_color=&#8220;#006794&#8243; ornament_thickness=&#8220;3&#8243;]SUMAR STA\u00d0SETNING | BASE CAMP[\/mk_ornamental_title][mk_fancy_title size=&#8220;20&#8243; font_family=&#8220;Rubik&#8220; font_type=&#8220;google&#8220; align=&#8220;center&#8220;]Hotel Smyrlabj\u00f6rg | Gps: 64.2173538, -15.7195644[\/mk_fancy_title][mk_advanced_gmaps custom_markers=&#8220;true&#8220; latitude=&#8220;64.2173538&#8243; longitude=&#8220;-15.7195644&#8243; address=&#8220;Hotel Smyrlabjorg&#8220; custom_marker_1=&#8220;http:\/\/glacierjourney.is\/wp-content\/uploads\/2018\/07\/logo-map.png&#8220; content_bg_color=&#8220;#ffffff&#8220; content_font_color=&#8220;#ffffff&#8220; height=&#8220;450&#8243; map_zoom=&#8220;10&#8243; modify_coloring=&#8220;true&#8220; hue=&#8220;#25beed&#8220;][vc_empty_space][\/vc_column][\/mk_page_section][mk_page_section bg_color=&#8220;#f9f9f9&#8243; sidebar=&#8220;sidebar-1&#8243;][vc_column][vc_empty_space height=&#8220;66px&#8220;][mk_ornamental_title text_color=&#8220;#1e73be&#8220; font_family=&#8220;Permanent+Marker&#8220; font_type=&#8220;google&#8220; font_size=&#8220;30&#8243; ornament_style=&#8220;norman-single&#8220; ornament_color=&#8220;#006794&#8243; ornament_thickness=&#8220;3&#8243;]SKILM\u00c1LAR[\/mk_ornamental_title][vc_empty_space height=&#8220;66px&#8220;][vc_column_text css=&#8220;.vc_custom_1701775815972{margin-bottom: 0px !important;}&#8220;]\n<ul>\n<li>G\u00f3\u00f0ur \u00fativistarfatna\u00f0ur og g\u00f6ngusk\u00f3r er nau\u00f0synlegur.<\/li>\n<li>Nokku\u00f0 g\u00f3\u00f0s l\u00edkamlegs \u00feols er krafist fyrir flestar okkar fer\u00f0ir.<\/li>\n<li>\u00dea\u00f0 er \u00e1 \u00e1byrg\u00f0 vi\u00f0skiptavinar a\u00f0 l\u00e1ta lei\u00f0s\u00f6gumann okkar vita ef vi\u00f0komandi gl\u00edmir vi\u00f0 einhvern heilsubrest.<\/li>\n<li>\u00dea\u00f0 er 48 klst. afb\u00f3kunarreglur; vi\u00f0skiptavinir f\u00e1 90% endurgrei\u00f0slu ef \u00feeir h\u00e6tta vi\u00f0 fer\u00f0 48+ klst fyrir brottf\u00f6r. Ef h\u00e6tt er vi\u00f0 me\u00f0 minna en 48klst fyrirvara \u00fe\u00e1 er engin endurgrei\u00f0sla \u00ed bo\u00f0i.<\/li>\n<li>Ef a\u00f0 fer\u00f0inni er afl\u00fdst af Glacier Journey af einhverri \u00e1st\u00e6\u00f0u, t.d. vegna ve\u00f0urs \u00fe\u00e1 f\u00e1 vi\u00f0skiptavinir fulla endurgrei\u00f0slu.<\/li>\n<li>Glacier Journey tekur ekki \u00e1byrg\u00f0 \u00e1 slysum\/eignaspj\u00f6llum sem vi\u00f0skiptavinir valda e\u00f0a er h\u00e6gt a\u00f0 rekja til \u00f3\u00e1byrgrar heg\u00f0unar.<\/li>\n<li>Vi\u00f0skiptavinir eru \u00e1 eigin \u00e1byrg\u00f0 \u00ed \u00f6llum fer\u00f0um Glacier Journey.<\/li>\n<li>Glacier Journey getur ekki \u00e1byrgst \u00fea\u00f0 a\u00f0 \u00fea\u00f0 s\u00e9 ekki anna\u00f0 f\u00f3lk \u00e1 sama t\u00edma og sama sv\u00e6\u00f0i fr\u00e1 \u00f6\u00f0rum fer\u00f0a\u00fej\u00f3nustufyrirt\u00e6kjum.<\/li>\n<li>L\u00e1gmarksfj\u00f6ldi \u00ed fer\u00f0 eru 2 fullor\u00f0nar manneskjur.<\/li>\n<\/ul>\n[\/vc_column_text][vc_empty_space height=&#8220;66px&#8220;][\/vc_column][\/mk_page_section][vc_row][vc_column][vc_empty_space height=&#8220;44px&#8220;][vc_video host=&#8220;self_hosted&#8220; mp4=&#8220;https:\/\/glacierjourney.is\/wp-content\/uploads\/2023\/12\/glacier-journey-super-jeep_720p.mp4&#8243; autoplay=&#8220;true&#8220; loop=&#8220;true&#8220; muted=&#8220;true&#8220;][vc_empty_space height=&#8220;44px&#8220;][mk_gallery images=&#8220;9702,9759,9814,9705,9892,9741,9744,9699,9708,9711,9714,9717,9720,9723,9753,9756,9808,9726,9729,9805,9732,9735,9738,9811,9750,9799,9802,9817,9796,9820,9823,9895,9826,9829,9832,9835,9838,9901,9841,9904,9844,9847,9898,9850,9853,9856,9868,9871,9874,9907,9910,9913,9916,9919,9922,9877,9880,9928,9925,9931,9934,9790,9937,9886,9889,9859,9862,9865&#8243; column=&#8220;4&#8243; height=&#8220;300&#8243; hover_scenarios=&#8220;slow_zoom&#8220; orderby=&#8220;post__in&#8220;][vc_empty_space height=&#8220;44px&#8220;][\/vc_column][\/vc_row][mk_page_section bg_color=&#8220;#1e73be&#8220; first_page=&#8220;false&#8220; last_page=&#8220;false&#8220; sidebar=&#8220;sidebar-1&#8243;][vc_column][vc_empty_space height=&#8220;44px&#8220;][vc_column_text]\n<h2 style=\"text-align: center;\"><span style=\"color: #ffffff;\"><a style=\"color: #ffffff;\" href=\"http:\/\/glacierjourney.is\/tours\/\">BACK TO TOURS<\/a><\/span><\/h2>\n[\/vc_column_text][vc_empty_space height=&#8220;44px&#8220;][\/vc_column][\/mk_page_section]\n<\/div>","protected":false},"excerpt":{"rendered":"<p>[mk_page_section bg_image=&#8220;http:\/\/glacierjourney.is\/wp-content\/uploads\/2018\/10\/header-glacier.jpg&#8220; attachment=&#8220;fixed&#8220; bg_position=&#8220;center top&#8220; bg_repeat=&#8220;no-repeat&#8220; bg_stretch=&#8220;true&#8220; enable_3d=&#8220;true&#8220; bg_gradient=&#8220;vertical&#8220; video_color_mask=&#8220;#1e73be&#8220; gr_end=&#8220;#28b7ff&#8220; video_opacity=&#8220;0.5&#8243; min_height=&#8220;300&#8243; full_width=&#8220;true&#8220; padding_top=&#8220;0&#8243; first_page=&#8220;true&#8220; last_page=&#8220;false&#8220; sidebar=&#8220;sidebar-1&#8243;][vc_column][mk_padding_divider size=&#8220;100&#8243;][mk_fancy_title color=&#8220;#ffffff&#8220; size=&#8220;40&#8243; font_weight=&#8220;900&#8243; letter_spacing=&#8220;4&#8243; margin_bottom=&#8220;0&#8243; font_family=&#8220;none&#8220; align=&#8220;center&#8220; animation=&#8220;fade-in&#8220;]JEPPAFER\u00d0[\/mk_fancy_title][mk_fancy_title color=&#8220;#ffffff&#8220; size=&#8220;40&#8243; font_weight=&#8220;900&#8243; letter_spacing=&#8220;4&#8243; margin_bottom=&#8220;0&#8243; font_family=&#8220;none&#8220; align=&#8220;center&#8220; animation=&#8220;fade-in&#8220;]SVARTAR STRENDUR[\/mk_fancy_title][mk_padding_divider][\/vc_column][\/mk_page_section][vc_row][vc_column width=&#8220;1\/2&#8243;][vc_empty_space height=&#8220;44px&#8220;][mk_ornamental_title text_color=&#8220;#1e73be&#8220; font_family=&#8220;Rubik&#8220; font_type=&#8220;google&#8220; font_size=&#8220;24&#8243; ornament_style=&#8220;lemo-single&#8220; nss_align=&#8220;center&#8220; ornament_color=&#8220;#006794&#8243; ornament_thickness=&#8220;3&#8243;]Svartar strendur, j\u00f6kull\u00f3n og magna\u00f0 \u00fats\u00fdni[\/mk_ornamental_title][\/vc_column][vc_column width=&#8220;1\/2&#8243;][vc_empty_space height=&#8220;44px&#8220;][mk_ornamental_title text_color=&#8220;#1e73be&#8220; font_family=&#8220;Rubik&#8220; [&hellip;]<\/p>\n","protected":false},"author":1,"featured_media":0,"parent":7496,"menu_order":0,"comment_status":"closed","ping_status":"closed","template":"","meta":{"_exactmetrics_skip_tracking":false,"_exactmetrics_sitenote_active":false,"_exactmetrics_sitenote_note":"","_exactmetrics_sitenote_category":0,"footnotes":""},"class_list":["post-10323","page","type-page","status-publish","hentry"],"yoast_head":"<!-- This site is optimized with the Yoast SEO plugin v27.4 - https:\/\/yoast.com\/product\/yoast-seo-wordpress\/ -->\n<title>JEPPAFER\u00d0 SVARTAR STRENDUR - Glacier Journey<\/title>\n<meta name=\"robots\" content=\"index, follow, max-snippet:-1, max-image-preview:large, max-video-preview:-1\" \/>\n<link rel=\"canonical\" href=\"https:\/\/glacierjourney.is\/is\/ferdir\/jeppaferd-svartar-strendur\/\" \/>\n<meta property=\"og:locale\" content=\"is_IS\" \/>\n<meta property=\"og:type\" content=\"article\" \/>\n<meta property=\"og:title\" content=\"JEPPAFER\u00d0 SVARTAR STRENDUR - Glacier Journey\" \/>\n<meta property=\"og:description\" content=\"[mk_page_section bg_image=&#8220;http:\/\/glacierjourney.is\/wp-content\/uploads\/2018\/10\/header-glacier.jpg&#8220; attachment=&#8220;fixed&#8220; bg_position=&#8220;center top&#8220; bg_repeat=&#8220;no-repeat&#8220; bg_stretch=&#8220;true&#8220; enable_3d=&#8220;true&#8220; bg_gradient=&#8220;vertical&#8220; video_color_mask=&#8220;#1e73be&#8220; gr_end=&#8220;#28b7ff&#8220; video_opacity=&#8220;0.5&#8243; min_height=&#8220;300&#8243; full_width=&#8220;true&#8220; padding_top=&#8220;0&#8243; first_page=&#8220;true&#8220; last_page=&#8220;false&#8220; sidebar=&#8220;sidebar-1&#8243;][vc_column][mk_padding_divider size=&#8220;100&#8243;][mk_fancy_title color=&#8220;#ffffff&#8220; size=&#8220;40&#8243; font_weight=&#8220;900&#8243; letter_spacing=&#8220;4&#8243; margin_bottom=&#8220;0&#8243; font_family=&#8220;none&#8220; align=&#8220;center&#8220; animation=&#8220;fade-in&#8220;]JEPPAFER\u00d0[\/mk_fancy_title][mk_fancy_title color=&#8220;#ffffff&#8220; size=&#8220;40&#8243; font_weight=&#8220;900&#8243; letter_spacing=&#8220;4&#8243; margin_bottom=&#8220;0&#8243; font_family=&#8220;none&#8220; align=&#8220;center&#8220; animation=&#8220;fade-in&#8220;]SVARTAR STRENDUR[\/mk_fancy_title][mk_padding_divider][\/vc_column][\/mk_page_section][vc_row][vc_column width=&#8220;1\/2&#8243;][vc_empty_space height=&#8220;44px&#8220;][mk_ornamental_title text_color=&#8220;#1e73be&#8220; font_family=&#8220;Rubik&#8220; font_type=&#8220;google&#8220; font_size=&#8220;24&#8243; ornament_style=&#8220;lemo-single&#8220; nss_align=&#8220;center&#8220; ornament_color=&#8220;#006794&#8243; ornament_thickness=&#8220;3&#8243;]Svartar strendur, j\u00f6kull\u00f3n og magna\u00f0 \u00fats\u00fdni[\/mk_ornamental_title][\/vc_column][vc_column width=&#8220;1\/2&#8243;][vc_empty_space height=&#8220;44px&#8220;][mk_ornamental_title text_color=&#8220;#1e73be&#8220; font_family=&#8220;Rubik&#8220; [&hellip;]\" \/>\n<meta property=\"og:url\" content=\"https:\/\/glacierjourney.is\/is\/ferdir\/jeppaferd-svartar-strendur\/\" \/>\n<meta property=\"og:site_name\" content=\"Glacier Journey\" \/>\n<meta property=\"article:modified_time\" content=\"2024-05-14T13:38:39+00:00\" \/>\n<meta property=\"og:image\" content=\"https:\/\/glacierjourney.is\/wp-content\/uploads\/2022\/02\/logi-1.png\" \/>\n<meta name=\"twitter:card\" content=\"summary_large_image\" \/>\n<meta name=\"twitter:label1\" content=\"Est. reading time\" \/>\n\t<meta name=\"twitter:data1\" content=\"4 minutes\" \/>\n<script type=\"application\/ld+json\" class=\"yoast-schema-graph\">{\"@context\":\"https:\\\/\\\/schema.org\",\"@graph\":[{\"@type\":\"WebPage\",\"@id\":\"https:\\\/\\\/glacierjourney.is\\\/is\\\/ferdir\\\/jeppaferd-svartar-strendur\\\/\",\"url\":\"https:\\\/\\\/glacierjourney.is\\\/is\\\/ferdir\\\/jeppaferd-svartar-strendur\\\/\",\"name\":\"JEPPAFER\u00d0 SVARTAR STRENDUR - Glacier Journey\",\"isPartOf\":{\"@id\":\"https:\\\/\\\/glacierjourney.is\\\/#website\"},\"primaryImageOfPage\":{\"@id\":\"https:\\\/\\\/glacierjourney.is\\\/is\\\/ferdir\\\/jeppaferd-svartar-strendur\\\/#primaryimage\"},\"image\":{\"@id\":\"https:\\\/\\\/glacierjourney.is\\\/is\\\/ferdir\\\/jeppaferd-svartar-strendur\\\/#primaryimage\"},\"thumbnailUrl\":\"https:\\\/\\\/glacierjourney.is\\\/wp-content\\\/uploads\\\/2022\\\/02\\\/logi-1.png\",\"datePublished\":\"2018-11-16T09:00:12+00:00\",\"dateModified\":\"2024-05-14T13:38:39+00:00\",\"breadcrumb\":{\"@id\":\"https:\\\/\\\/glacierjourney.is\\\/is\\\/ferdir\\\/jeppaferd-svartar-strendur\\\/#breadcrumb\"},\"inLanguage\":\"is\",\"potentialAction\":[{\"@type\":\"ReadAction\",\"target\":[\"https:\\\/\\\/glacierjourney.is\\\/is\\\/ferdir\\\/jeppaferd-svartar-strendur\\\/\"]}]},{\"@type\":\"ImageObject\",\"inLanguage\":\"is\",\"@id\":\"https:\\\/\\\/glacierjourney.is\\\/is\\\/ferdir\\\/jeppaferd-svartar-strendur\\\/#primaryimage\",\"url\":\"https:\\\/\\\/glacierjourney.is\\\/wp-content\\\/uploads\\\/2022\\\/02\\\/logi-1.png\",\"contentUrl\":\"https:\\\/\\\/glacierjourney.is\\\/wp-content\\\/uploads\\\/2022\\\/02\\\/logi-1.png\"},{\"@type\":\"BreadcrumbList\",\"@id\":\"https:\\\/\\\/glacierjourney.is\\\/is\\\/ferdir\\\/jeppaferd-svartar-strendur\\\/#breadcrumb\",\"itemListElement\":[{\"@type\":\"ListItem\",\"position\":1,\"name\":\"Home\",\"item\":\"https:\\\/\\\/glacierjourney.is\\\/is\\\/\"},{\"@type\":\"ListItem\",\"position\":2,\"name\":\"FER\u00d0IR\",\"item\":\"https:\\\/\\\/glacierjourney.is\\\/is\\\/ferdir\\\/\"},{\"@type\":\"ListItem\",\"position\":3,\"name\":\"JEPPAFER\u00d0 SVARTAR STRENDUR\"}]},{\"@type\":\"WebSite\",\"@id\":\"https:\\\/\\\/glacierjourney.is\\\/#website\",\"url\":\"https:\\\/\\\/glacierjourney.is\\\/\",\"name\":\"Glacier Journey\",\"description\":\"Take a journey with us into the vastness of Vatnaj\u00f6kull\",\"potentialAction\":[{\"@type\":\"SearchAction\",\"target\":{\"@type\":\"EntryPoint\",\"urlTemplate\":\"https:\\\/\\\/glacierjourney.is\\\/?s={search_term_string}\"},\"query-input\":{\"@type\":\"PropertyValueSpecification\",\"valueRequired\":true,\"valueName\":\"search_term_string\"}}],\"inLanguage\":\"is\"}]}<\/script>\n<!-- \/ Yoast SEO plugin. -->","yoast_head_json":{"title":"JEPPAFER\u00d0 SVARTAR STRENDUR - Glacier Journey","robots":{"index":"index","follow":"follow","max-snippet":"max-snippet:-1","max-image-preview":"max-image-preview:large","max-video-preview":"max-video-preview:-1"},"canonical":"https:\/\/glacierjourney.is\/is\/ferdir\/jeppaferd-svartar-strendur\/","og_locale":"is_IS","og_type":"article","og_title":"JEPPAFER\u00d0 SVARTAR STRENDUR - Glacier Journey","og_description":"[mk_page_section bg_image=&#8220;http:\/\/glacierjourney.is\/wp-content\/uploads\/2018\/10\/header-glacier.jpg&#8220; attachment=&#8220;fixed&#8220; bg_position=&#8220;center top&#8220; bg_repeat=&#8220;no-repeat&#8220; bg_stretch=&#8220;true&#8220; enable_3d=&#8220;true&#8220; bg_gradient=&#8220;vertical&#8220; video_color_mask=&#8220;#1e73be&#8220; gr_end=&#8220;#28b7ff&#8220; video_opacity=&#8220;0.5&#8243; min_height=&#8220;300&#8243; full_width=&#8220;true&#8220; padding_top=&#8220;0&#8243; first_page=&#8220;true&#8220; last_page=&#8220;false&#8220; sidebar=&#8220;sidebar-1&#8243;][vc_column][mk_padding_divider size=&#8220;100&#8243;][mk_fancy_title color=&#8220;#ffffff&#8220; size=&#8220;40&#8243; font_weight=&#8220;900&#8243; letter_spacing=&#8220;4&#8243; margin_bottom=&#8220;0&#8243; font_family=&#8220;none&#8220; align=&#8220;center&#8220; animation=&#8220;fade-in&#8220;]JEPPAFER\u00d0[\/mk_fancy_title][mk_fancy_title color=&#8220;#ffffff&#8220; size=&#8220;40&#8243; font_weight=&#8220;900&#8243; letter_spacing=&#8220;4&#8243; margin_bottom=&#8220;0&#8243; font_family=&#8220;none&#8220; align=&#8220;center&#8220; animation=&#8220;fade-in&#8220;]SVARTAR STRENDUR[\/mk_fancy_title][mk_padding_divider][\/vc_column][\/mk_page_section][vc_row][vc_column width=&#8220;1\/2&#8243;][vc_empty_space height=&#8220;44px&#8220;][mk_ornamental_title text_color=&#8220;#1e73be&#8220; font_family=&#8220;Rubik&#8220; font_type=&#8220;google&#8220; font_size=&#8220;24&#8243; ornament_style=&#8220;lemo-single&#8220; nss_align=&#8220;center&#8220; ornament_color=&#8220;#006794&#8243; ornament_thickness=&#8220;3&#8243;]Svartar strendur, j\u00f6kull\u00f3n og magna\u00f0 \u00fats\u00fdni[\/mk_ornamental_title][\/vc_column][vc_column width=&#8220;1\/2&#8243;][vc_empty_space height=&#8220;44px&#8220;][mk_ornamental_title text_color=&#8220;#1e73be&#8220; font_family=&#8220;Rubik&#8220; [&hellip;]","og_url":"https:\/\/glacierjourney.is\/is\/ferdir\/jeppaferd-svartar-strendur\/","og_site_name":"Glacier Journey","article_modified_time":"2024-05-14T13:38:39+00:00","og_image":[{"url":"https:\/\/glacierjourney.is\/wp-content\/uploads\/2022\/02\/logi-1.png","type":"","width":"","height":""}],"twitter_card":"summary_large_image","twitter_misc":{"Est. reading time":"4 minutes"},"schema":{"@context":"https:\/\/schema.org","@graph":[{"@type":"WebPage","@id":"https:\/\/glacierjourney.is\/is\/ferdir\/jeppaferd-svartar-strendur\/","url":"https:\/\/glacierjourney.is\/is\/ferdir\/jeppaferd-svartar-strendur\/","name":"JEPPAFER\u00d0 SVARTAR STRENDUR - Glacier Journey","isPartOf":{"@id":"https:\/\/glacierjourney.is\/#website"},"primaryImageOfPage":{"@id":"https:\/\/glacierjourney.is\/is\/ferdir\/jeppaferd-svartar-strendur\/#primaryimage"},"image":{"@id":"https:\/\/glacierjourney.is\/is\/ferdir\/jeppaferd-svartar-strendur\/#primaryimage"},"thumbnailUrl":"https:\/\/glacierjourney.is\/wp-content\/uploads\/2022\/02\/logi-1.png","datePublished":"2018-11-16T09:00:12+00:00","dateModified":"2024-05-14T13:38:39+00:00","breadcrumb":{"@id":"https:\/\/glacierjourney.is\/is\/ferdir\/jeppaferd-svartar-strendur\/#breadcrumb"},"inLanguage":"is","potentialAction":[{"@type":"ReadAction","target":["https:\/\/glacierjourney.is\/is\/ferdir\/jeppaferd-svartar-strendur\/"]}]},{"@type":"ImageObject","inLanguage":"is","@id":"https:\/\/glacierjourney.is\/is\/ferdir\/jeppaferd-svartar-strendur\/#primaryimage","url":"https:\/\/glacierjourney.is\/wp-content\/uploads\/2022\/02\/logi-1.png","contentUrl":"https:\/\/glacierjourney.is\/wp-content\/uploads\/2022\/02\/logi-1.png"},{"@type":"BreadcrumbList","@id":"https:\/\/glacierjourney.is\/is\/ferdir\/jeppaferd-svartar-strendur\/#breadcrumb","itemListElement":[{"@type":"ListItem","position":1,"name":"Home","item":"https:\/\/glacierjourney.is\/is\/"},{"@type":"ListItem","position":2,"name":"FER\u00d0IR","item":"https:\/\/glacierjourney.is\/is\/ferdir\/"},{"@type":"ListItem","position":3,"name":"JEPPAFER\u00d0 SVARTAR STRENDUR"}]},{"@type":"WebSite","@id":"https:\/\/glacierjourney.is\/#website","url":"https:\/\/glacierjourney.is\/","name":"Glacier Journey","description":"Take a journey with us into the vastness of Vatnaj\u00f6kull","potentialAction":[{"@type":"SearchAction","target":{"@type":"EntryPoint","urlTemplate":"https:\/\/glacierjourney.is\/?s={search_term_string}"},"query-input":{"@type":"PropertyValueSpecification","valueRequired":true,"valueName":"search_term_string"}}],"inLanguage":"is"}]}},"_links":{"self":[{"href":"https:\/\/glacierjourney.is\/is\/wp-json\/wp\/v2\/pages\/10323","targetHints":{"allow":["GET"]}}],"collection":[{"href":"https:\/\/glacierjourney.is\/is\/wp-json\/wp\/v2\/pages"}],"about":[{"href":"https:\/\/glacierjourney.is\/is\/wp-json\/wp\/v2\/types\/page"}],"author":[{"embeddable":true,"href":"https:\/\/glacierjourney.is\/is\/wp-json\/wp\/v2\/users\/1"}],"replies":[{"embeddable":true,"href":"https:\/\/glacierjourney.is\/is\/wp-json\/wp\/v2\/comments?post=10323"}],"version-history":[{"count":8,"href":"https:\/\/glacierjourney.is\/is\/wp-json\/wp\/v2\/pages\/10323\/revisions"}],"predecessor-version":[{"id":10458,"href":"https:\/\/glacierjourney.is\/is\/wp-json\/wp\/v2\/pages\/10323\/revisions\/10458"}],"up":[{"embeddable":true,"href":"https:\/\/glacierjourney.is\/is\/wp-json\/wp\/v2\/pages\/7496"}],"wp:attachment":[{"href":"https:\/\/glacierjourney.is\/is\/wp-json\/wp\/v2\/media?parent=10323"}],"curies":[{"name":"wp","href":"https:\/\/api.w.org\/{rel}","templated":true}]}}